{"id":18702,"date":"2024-04-08T15:03:33","date_gmt":"2024-04-08T20:03:33","guid":{"rendered":"https:\/\/mundoanimalito.com\/?page_id=18702"},"modified":"2024-09-03T18:53:24","modified_gmt":"2024-09-03T23:53:24","slug":"cesar-comida-humeda-para-perros","status":"publish","type":"page","link":"https:\/\/mundoanimalito.com\/index.php\/cesar-comida-humeda-para-perros\/","title":{"rendered":"Cesar Comida H\u00fameda para Perros"},"content":{"rendered":"\t\t<div data-elementor-type=\"wp-page\" data-elementor-id=\"18702\" class=\"elementor elementor-18702\" data-elementor-post-type=\"page\">\n\t\t\t\t<div class=\"elementor-element elementor-element-5a88f23 e-flex e-con-boxed e-con e-parent\" data-id=\"5a88f23\" data-element_type=\"container\" data-e-type=\"container\">\n\t\t\t\t\t<div class=\"e-con-inner\">\n\t\t\t\t<div class=\"elementor-element elementor-element-42f8817 elementor-invisible elementor-widget elementor-widget-heading\" data-id=\"42f8817\" data-element_type=\"widget\" data-e-type=\"widget\" data-settings=\"{&quot;_animation&quot;:&quot;fadeInDown&quot;}\" data-widget_type=\"heading.default\">\n\t\t\t\t<div class=\"elementor-widget-container\">\n\t\t\t\t\t<h2 class=\"elementor-heading-title elementor-size-default\">\u00a1Haz que cada comida sea un momento especial para tu querido perro con el multipack de Cesar Selecci\u00f3n de Cl\u00e1sicos en Pat\u00e9! Dise\u00f1ado para mimar a tu mascota <\/h2>\t\t\t\t<\/div>\n\t\t\t\t<\/div>\n\t\t\t\t\t<\/div>\n\t\t\t\t<\/div>\n\t\t<div class=\"elementor-element elementor-element-015698e e-flex e-con-boxed e-con e-parent\" data-id=\"015698e\" data-element_type=\"container\" data-e-type=\"container\">\n\t\t\t\t\t<div class=\"e-con-inner\">\n\t\t<div class=\"elementor-element elementor-element-a06ca14 e-con-full e-flex e-con e-child\" data-id=\"a06ca14\" data-element_type=\"container\" data-e-type=\"container\">\n\t\t\t\t<div class=\"elementor-element elementor-element-1f42028 elementor-widget elementor-widget-image\" data-id=\"1f42028\" data-element_type=\"widget\" data-e-type=\"widget\" data-widget_type=\"image.default\">\n\t\t\t\t<div class=\"elementor-widget-container\">\n\t\t\t\t\t\t\t\t\t\t\t\t\t\t\t\t<a href=\"https:\/\/amzn.to\/3Jdjeym\" target=\"_blank\">\n\t\t\t\t\t\t\t<img fetchpriority=\"high\" decoding=\"async\" width=\"897\" height=\"819\" src=\"https:\/\/mundoanimalito.com\/wp-content\/uploads\/2024\/04\/61JJMJUL9L._AC_SL1000_.jpg\" class=\"attachment-large size-large wp-image-18682\" alt=\"Cesar Comida H\u00fameda para Perros, Selecci\u00f3n de Cl\u00e1sicos en Pat\u00e9, Multipack (Pack de 3 x 8 Tarrinas x 150g)\" srcset=\"https:\/\/mundoanimalito.com\/wp-content\/uploads\/2024\/04\/61JJMJUL9L._AC_SL1000_.jpg 897w, https:\/\/mundoanimalito.com\/wp-content\/uploads\/2024\/04\/61JJMJUL9L._AC_SL1000_-300x274.jpg 300w, https:\/\/mundoanimalito.com\/wp-content\/uploads\/2024\/04\/61JJMJUL9L._AC_SL1000_-768x701.jpg 768w\" sizes=\"(max-width: 897px) 100vw, 897px\" \/>\t\t\t\t\t\t\t\t<\/a>\n\t\t\t\t\t\t\t\t\t\t\t\t\t\t\t<\/div>\n\t\t\t\t<\/div>\n\t\t\t\t<\/div>\n\t\t<div class=\"elementor-element elementor-element-3ca46f3 e-con-full e-flex e-con e-child\" data-id=\"3ca46f3\" data-element_type=\"container\" data-e-type=\"container\">\n\t\t\t\t<div class=\"elementor-element elementor-element-c586a00 elementor-widget elementor-widget-text-editor\" data-id=\"c586a00\" data-element_type=\"widget\" data-e-type=\"widget\" data-widget_type=\"text-editor.default\">\n\t\t\t\t<div class=\"elementor-widget-container\">\n\t\t\t\t\t\t\t\t\t<p>\ud83e\udd69 <strong>Sabores Irresistibles:<\/strong> Con una selecci\u00f3n de sabores deliciosos, incluyendo Pollo y Buey, Pollo y Pavo, Buey e H\u00edgado, y Ternera y Aves, tu perro nunca se aburrir\u00e1 de su comida. Cada tarrina est\u00e1 repleta de ingredientes naturales y de alta calidad que satisfar\u00e1n hasta al paladar m\u00e1s exigente.<\/p><p>\u00a0<\/p><p>\ud83c\udf3f <strong>Ingredientes Naturales:<\/strong> El compromiso de Cesar con la calidad se refleja en su selecci\u00f3n de ingredientes naturales y saludables, sin az\u00facares a\u00f1adidos ni colorantes o sabores artificiales. Solo sabores naturales que deleitar\u00e1n a tu perro y le proporcionar\u00e1n la nutrici\u00f3n que necesita para mantenerse saludable y feliz.<\/p><p>\u00a0<\/p><p>\ud83c\udf0d <strong>Packaging Reciclable:<\/strong> Cesar se preocupa por el medio ambiente, por eso su packaging es reciclable, ayudando a cuidar nuestro planeta mientras cuidas de tu mascota.<\/p><p>\u00a0<\/p><p>\ud83d\udd04 <strong>Frescura Garantizada:<\/strong> Las tarrinas individuales mantienen toda la frescura de las recetas naturales de Cesar, asegurando que tu perro disfrute de su comida con todo su sabor en cada bocado.<\/p><p>\u00a0<\/p><p>\ud83d\udc36 <strong>Energ\u00eda para la Diversi\u00f3n:<\/strong> Reforzado con vitaminas y minerales, Cesar proporciona a tu perro la energ\u00eda necesaria para disfrutar de sus actividades diarias y hacer lo que m\u00e1s le gusta.<\/p>\t\t\t\t\t\t\t\t<\/div>\n\t\t\t\t<\/div>\n\t\t\t\t<\/div>\n\t\t\t\t\t<\/div>\n\t\t\t\t<\/div>\n\t\t<div class=\"elementor-element elementor-element-7cbba61 e-flex e-con-boxed e-con e-parent\" data-id=\"7cbba61\" data-element_type=\"container\" data-e-type=\"container\">\n\t\t\t\t\t<div class=\"e-con-inner\">\n\t\t\t\t<div class=\"elementor-element elementor-element-dd2220f elementor-widget elementor-widget-text-editor\" data-id=\"dd2220f\" data-element_type=\"widget\" data-e-type=\"widget\" data-widget_type=\"text-editor.default\">\n\t\t\t\t<div class=\"elementor-widget-container\">\n\t\t\t\t\t\t\t\t\t<p>Con Cesar, no solo est\u00e1s alimentando a tu perro, \u00a1sino que tambi\u00e9n est\u00e1s brind\u00e1ndole una experiencia gastron\u00f3mica de primera clase! Haz clic en el enlace y sorprende a tu mascota con los deliciosos sabores de Cesar Selecci\u00f3n de Cl\u00e1sicos en Pat\u00e9.<\/p>\t\t\t\t\t\t\t\t<\/div>\n\t\t\t\t<\/div>\n\t\t\t\t<div class=\"elementor-element elementor-element-b8afe0d elementor-align-right elementor-widget elementor-widget-button\" data-id=\"b8afe0d\" data-element_type=\"widget\" data-e-type=\"widget\" data-widget_type=\"button.default\">\n\t\t\t\t<div class=\"elementor-widget-container\">\n\t\t\t\t\t\t\t\t\t<div class=\"elementor-button-wrapper\">\n\t\t\t\t\t<a class=\"elementor-button elementor-button-link elementor-size-sm\" href=\"https:\/\/amzn.to\/3Jdjeym\" target=\"_blank\">\n\t\t\t\t\t\t<span class=\"elementor-button-content-wrapper\">\n\t\t\t\t\t\t\t\t\t<span class=\"elementor-button-text\">Compra ahora en Amazon<\/span>\n\t\t\t\t\t<\/span>\n\t\t\t\t\t<\/a>\n\t\t\t\t<\/div>\n\t\t\t\t\t\t\t\t<\/div>\n\t\t\t\t<\/div>\n\t\t\t\t\t<\/div>\n\t\t\t\t<\/div>\n\t\t<div class=\"elementor-element elementor-element-6918cf1 e-flex e-con-boxed e-con e-parent\" data-id=\"6918cf1\" data-element_type=\"container\" data-e-type=\"container\">\n\t\t\t\t\t<div class=\"e-con-inner\">\n\t\t\t\t<div class=\"elementor-element elementor-element-709222d elementor-arrows-position-inside elementor-pagination-position-outside elementor-widget elementor-widget-image-carousel\" data-id=\"709222d\" data-element_type=\"widget\" data-e-type=\"widget\" data-settings=\"{&quot;slides_to_show&quot;:&quot;1&quot;,&quot;navigation&quot;:&quot;both&quot;,&quot;autoplay&quot;:&quot;yes&quot;,&quot;pause_on_hover&quot;:&quot;yes&quot;,&quot;pause_on_interaction&quot;:&quot;yes&quot;,&quot;autoplay_speed&quot;:5000,&quot;infinite&quot;:&quot;yes&quot;,&quot;effect&quot;:&quot;slide&quot;,&quot;speed&quot;:500}\" data-widget_type=\"image-carousel.default\">\n\t\t\t\t<div class=\"elementor-widget-container\">\n\t\t\t\t\t\t\t<div class=\"elementor-image-carousel-wrapper swiper\" role=\"region\" aria-roledescription=\"carousel\" aria-label=\"Carrusel de im\u00e1genes\" dir=\"ltr\">\n\t\t\t<div class=\"elementor-image-carousel swiper-wrapper\" aria-live=\"off\">\n\t\t\t\t\t\t\t\t<div class=\"swiper-slide\" role=\"group\" aria-roledescription=\"slide\" aria-label=\"1 de 6\"><figure class=\"swiper-slide-inner\"><img decoding=\"async\" class=\"swiper-slide-image\" src=\"https:\/\/mundoanimalito.com\/wp-content\/uploads\/2024\/04\/61bzOqLZdOL._AC_SL1000_.jpg\" alt=\"Cesar Comida H\u00fameda para Perros, Selecci\u00f3n de Cl\u00e1sicos en Pat\u00e9, Multipack (Pack de 3 x 8 Tarrinas x 150g)\" \/><\/figure><\/div><div class=\"swiper-slide\" role=\"group\" aria-roledescription=\"slide\" aria-label=\"2 de 6\"><figure class=\"swiper-slide-inner\"><img decoding=\"async\" class=\"swiper-slide-image\" src=\"https:\/\/mundoanimalito.com\/wp-content\/uploads\/2024\/04\/61Jm0N21RbL._AC_SL1000_.jpg\" alt=\"Cesar Comida H\u00fameda para Perros, Selecci\u00f3n de Cl\u00e1sicos en Pat\u00e9, Multipack (Pack de 3 x 8 Tarrinas x 150g)\" \/><\/figure><\/div><div class=\"swiper-slide\" role=\"group\" aria-roledescription=\"slide\" aria-label=\"3 de 6\"><figure class=\"swiper-slide-inner\"><img decoding=\"async\" class=\"swiper-slide-image\" src=\"https:\/\/mundoanimalito.com\/wp-content\/uploads\/2024\/04\/51jAqjFlwvL._AC_SL1000_.jpg\" alt=\"Cesar Comida H\u00fameda para Perros, Selecci\u00f3n de Cl\u00e1sicos en Pat\u00e9, Multipack (Pack de 3 x 8 Tarrinas x 150g)\" \/><\/figure><\/div><div class=\"swiper-slide\" role=\"group\" aria-roledescription=\"slide\" aria-label=\"4 de 6\"><figure class=\"swiper-slide-inner\"><img decoding=\"async\" class=\"swiper-slide-image\" src=\"https:\/\/mundoanimalito.com\/wp-content\/uploads\/2024\/04\/61sB6jd-bCL._AC_SL1000_.jpg\" alt=\"Cesar Comida H\u00fameda para Perros, Selecci\u00f3n de Cl\u00e1sicos en Pat\u00e9, Multipack (Pack de 3 x 8 Tarrinas x 150g)\" \/><\/figure><\/div><div class=\"swiper-slide\" role=\"group\" aria-roledescription=\"slide\" aria-label=\"5 de 6\"><figure class=\"swiper-slide-inner\"><img decoding=\"async\" class=\"swiper-slide-image\" src=\"https:\/\/mundoanimalito.com\/wp-content\/uploads\/2024\/04\/615Dv1WjQyL._AC_SL1000_.jpg\" alt=\"Cesar Comida H\u00fameda para Perros, Selecci\u00f3n de Cl\u00e1sicos en Pat\u00e9, Multipack (Pack de 3 x 8 Tarrinas x 150g)\" \/><\/figure><\/div><div class=\"swiper-slide\" role=\"group\" aria-roledescription=\"slide\" aria-label=\"6 de 6\"><figure class=\"swiper-slide-inner\"><img decoding=\"async\" class=\"swiper-slide-image\" src=\"https:\/\/mundoanimalito.com\/wp-content\/uploads\/2024\/04\/61sGQFX0LhL._AC_SL1000_.jpg\" alt=\"Cesar Comida H\u00fameda para Perros, Selecci\u00f3n de Cl\u00e1sicos en Pat\u00e9, Multipack (Pack de 3 x 8 Tarrinas x 150g)\" \/><\/figure><\/div>\t\t\t<\/div>\n\t\t\t\t\t\t\t\t\t\t\t\t<div class=\"elementor-swiper-button elementor-swiper-button-prev\" role=\"button\" tabindex=\"0\">\n\t\t\t\t\t\t<i aria-hidden=\"true\" class=\"eicon-chevron-left\"><\/i>\t\t\t\t\t<\/div>\n\t\t\t\t\t<div class=\"elementor-swiper-button elementor-swiper-button-next\" role=\"button\" tabindex=\"0\">\n\t\t\t\t\t\t<i aria-hidden=\"true\" class=\"eicon-chevron-right\"><\/i>\t\t\t\t\t<\/div>\n\t\t\t\t\n\t\t\t\t\t\t\t\t\t<div class=\"swiper-pagination\"><\/div>\n\t\t\t\t\t\t\t\t\t<\/div>\n\t\t\t\t\t\t<\/div>\n\t\t\t\t<\/div>\n\t\t\t\t\t<\/div>\n\t\t\t\t<\/div>\n\t\t<div class=\"elementor-element elementor-element-27fdabb e-flex e-con-boxed e-con e-parent\" data-id=\"27fdabb\" data-element_type=\"container\" data-e-type=\"container\">\n\t\t\t\t\t<div class=\"e-con-inner\">\n\t\t\t\t<div class=\"elementor-element elementor-element-c167dc2 elementor-align-right elementor-widget elementor-widget-button\" data-id=\"c167dc2\" data-element_type=\"widget\" data-e-type=\"widget\" data-widget_type=\"button.default\">\n\t\t\t\t<div class=\"elementor-widget-container\">\n\t\t\t\t\t\t\t\t\t<div class=\"elementor-button-wrapper\">\n\t\t\t\t\t<a class=\"elementor-button elementor-button-link elementor-size-sm\" href=\"https:\/\/amzn.to\/3Jdjeym\" target=\"_blank\">\n\t\t\t\t\t\t<span class=\"elementor-button-content-wrapper\">\n\t\t\t\t\t\t\t\t\t<span class=\"elementor-button-text\">Compra ahora en Amazon<\/span>\n\t\t\t\t\t<\/span>\n\t\t\t\t\t<\/a>\n\t\t\t\t<\/div>\n\t\t\t\t\t\t\t\t<\/div>\n\t\t\t\t<\/div>\n\t\t\t\t\t<\/div>\n\t\t\t\t<\/div>\n\t\t\t\t<\/div>\n\t\t","protected":false},"excerpt":{"rendered":"<p>\u00a1Haz que cada comida sea un momento especial para tu querido perro con el multipack de Cesar Selecci\u00f3n de Cl\u00e1sicos en Pat\u00e9! Dise\u00f1ado para mimar a tu mascota \ud83e\udd69 Sabores Irresistibles: Con una selecci\u00f3n de sabores deliciosos, incluyendo Pollo y Buey, Pollo y Pavo, Buey e H\u00edgado, y Ternera y Aves, tu perro nunca se [&hellip;]<\/p>\n","protected":false},"author":1,"featured_media":0,"parent":0,"menu_order":0,"comment_status":"closed","ping_status":"closed","template":"","meta":{"site-sidebar-layout":"no-sidebar","site-content-layout":"page-builder","ast-site-content-layout":"full-width-container","site-content-style":"default","site-sidebar-style":"default","ast-global-header-display":"","ast-banner-title-visibility":"","ast-main-header-display":"","ast-hfb-above-header-display":"","ast-hfb-below-header-display":"","ast-hfb-mobile-header-display":"","site-post-title":"disabled","ast-breadcrumbs-content":"","ast-featured-img":"disabled","footer-sml-layout":"","ast-disable-related-posts":"","theme-transparent-header-meta":"","adv-header-id-meta":"","stick-header-meta":"","header-above-stick-meta":"","header-main-stick-meta":"","header-below-stick-meta":"","astra-migrate-meta-layouts":"set","ast-page-background-enabled":"default","ast-page-background-meta":{"desktop":{"background-color":"var(--ast-global-color-4)","background-image":"","background-repeat":"repeat","background-position":"center center","background-size":"auto","background-attachment":"scroll","background-type":"","background-media":"","overlay-type":"","overlay-color":"","overlay-opacity":"","overlay-gradient":""},"tablet":{"background-color":"","background-image":"","background-repeat":"repeat","background-position":"center center","background-size":"auto","background-attachment":"scroll","background-type":"","background-media":"","overlay-type":"","overlay-color":"","overlay-opacity":"","overlay-gradient":""},"mobile":{"background-color":"","background-image":"","background-repeat":"repeat","background-position":"center center","background-size":"auto","background-attachment":"scroll","background-type":"","background-media":"","overlay-type":"","overlay-color":"","overlay-opacity":"","overlay-gradient":""}},"ast-content-background-meta":{"desktop":{"background-color":"var(--ast-global-color-5)","background-image":"","background-repeat":"repeat","background-position":"center center","background-size":"auto","background-attachment":"scroll","background-type":"","background-media":"","overlay-type":"","overlay-color":"","overlay-opacity":"","overlay-gradient":""},"tablet":{"background-color":"var(--ast-global-color-5)","background-image":"","background-repeat":"repeat","background-position":"center center","background-size":"auto","background-attachment":"scroll","background-type":"","background-media":"","overlay-type":"","overlay-color":"","overlay-opacity":"","overlay-gradient":""},"mobile":{"background-color":"var(--ast-global-color-5)","background-image":"","background-repeat":"repeat","background-position":"center center","background-size":"auto","background-attachment":"scroll","background-type":"","background-media":"","overlay-type":"","overlay-color":"","overlay-opacity":"","overlay-gradient":""}},"footnotes":""},"class_list":["post-18702","page","type-page","status-publish","hentry"],"yoast_head":"<!-- This site is optimized with the Yoast SEO plugin v27.5 - https:\/\/yoast.com\/product\/yoast-seo-wordpress\/ -->\n<title>Cesar Comida H\u00fameda para Perros | Mundo Animalito<\/title>\n<meta name=\"description\" content=\"\u00a1Haz que cada comida sea un momento especial para tu querido perro con el multipack de Cesar Selecci\u00f3n de Cl\u00e1sicos en Pat\u00e9! Dise\u00f1ado para mimar a tu mascota\" \/>\n<meta name=\"robots\" content=\"index, follow, max-snippet:-1, max-image-preview:large, max-video-preview:-1\" \/>\n<link rel=\"canonical\" href=\"https:\/\/mundoanimalito.com\/index.php\/cesar-comida-humeda-para-perros\/\" \/>\n<meta property=\"og:locale\" content=\"es_ES\" \/>\n<meta property=\"og:type\" content=\"article\" \/>\n<meta property=\"og:title\" content=\"Cesar Comida H\u00fameda para Perros | Mundo Animalito\" \/>\n<meta property=\"og:description\" content=\"\u00a1Haz que cada comida sea un momento especial para tu querido perro con el multipack de Cesar Selecci\u00f3n de Cl\u00e1sicos en Pat\u00e9! Dise\u00f1ado para mimar a tu mascota\" \/>\n<meta property=\"og:url\" content=\"https:\/\/mundoanimalito.com\/index.php\/cesar-comida-humeda-para-perros\/\" \/>\n<meta property=\"og:site_name\" content=\"Mundo Animalito\" \/>\n<meta property=\"article:publisher\" content=\"https:\/\/www.facebook.com\/mundoanimalito77\" \/>\n<meta property=\"article:modified_time\" content=\"2024-09-03T23:53:24+00:00\" \/>\n<meta property=\"og:image\" content=\"https:\/\/mundoanimalito.com\/wp-content\/uploads\/2024\/04\/61JJMJUL9L._AC_SL1000_.jpg\" \/>\n<meta name=\"twitter:card\" content=\"summary_large_image\" \/>\n<meta name=\"twitter:label1\" content=\"Tiempo de lectura\" \/>\n\t<meta name=\"twitter:data1\" content=\"3 minutos\" \/>\n<script type=\"application\/ld+json\" class=\"yoast-schema-graph\">{\"@context\":\"https:\\\/\\\/schema.org\",\"@graph\":[{\"@type\":\"WebPage\",\"@id\":\"https:\\\/\\\/mundoanimalito.com\\\/index.php\\\/cesar-comida-humeda-para-perros\\\/\",\"url\":\"https:\\\/\\\/mundoanimalito.com\\\/index.php\\\/cesar-comida-humeda-para-perros\\\/\",\"name\":\"Cesar Comida H\u00fameda para Perros | Mundo Animalito\",\"isPartOf\":{\"@id\":\"https:\\\/\\\/mundoanimalito.com\\\/#website\"},\"primaryImageOfPage\":{\"@id\":\"https:\\\/\\\/mundoanimalito.com\\\/index.php\\\/cesar-comida-humeda-para-perros\\\/#primaryimage\"},\"image\":{\"@id\":\"https:\\\/\\\/mundoanimalito.com\\\/index.php\\\/cesar-comida-humeda-para-perros\\\/#primaryimage\"},\"thumbnailUrl\":\"https:\\\/\\\/mundoanimalito.com\\\/wp-content\\\/uploads\\\/2024\\\/04\\\/61JJMJUL9L._AC_SL1000_.jpg\",\"datePublished\":\"2024-04-08T20:03:33+00:00\",\"dateModified\":\"2024-09-03T23:53:24+00:00\",\"description\":\"\u00a1Haz que cada comida sea un momento especial para tu querido perro con el multipack de Cesar Selecci\u00f3n de Cl\u00e1sicos en Pat\u00e9! Dise\u00f1ado para mimar a tu mascota\",\"breadcrumb\":{\"@id\":\"https:\\\/\\\/mundoanimalito.com\\\/index.php\\\/cesar-comida-humeda-para-perros\\\/#breadcrumb\"},\"inLanguage\":\"es\",\"potentialAction\":[{\"@type\":\"ReadAction\",\"target\":[\"https:\\\/\\\/mundoanimalito.com\\\/index.php\\\/cesar-comida-humeda-para-perros\\\/\"]}]},{\"@type\":\"ImageObject\",\"inLanguage\":\"es\",\"@id\":\"https:\\\/\\\/mundoanimalito.com\\\/index.php\\\/cesar-comida-humeda-para-perros\\\/#primaryimage\",\"url\":\"https:\\\/\\\/mundoanimalito.com\\\/wp-content\\\/uploads\\\/2024\\\/04\\\/61JJMJUL9L._AC_SL1000_.jpg\",\"contentUrl\":\"https:\\\/\\\/mundoanimalito.com\\\/wp-content\\\/uploads\\\/2024\\\/04\\\/61JJMJUL9L._AC_SL1000_.jpg\",\"width\":897,\"height\":819,\"caption\":\"Cesar Comida H\u00fameda para Perros, Selecci\u00f3n de Cl\u00e1sicos en Pat\u00e9, Multipack (Pack de 3 x 8 Tarrinas x 150g)\"},{\"@type\":\"BreadcrumbList\",\"@id\":\"https:\\\/\\\/mundoanimalito.com\\\/index.php\\\/cesar-comida-humeda-para-perros\\\/#breadcrumb\",\"itemListElement\":[{\"@type\":\"ListItem\",\"position\":1,\"name\":\"Portada\",\"item\":\"https:\\\/\\\/mundoanimalito.com\\\/\"},{\"@type\":\"ListItem\",\"position\":2,\"name\":\"Cesar Comida H\u00fameda para Perros\"}]},{\"@type\":\"WebSite\",\"@id\":\"https:\\\/\\\/mundoanimalito.com\\\/#website\",\"url\":\"https:\\\/\\\/mundoanimalito.com\\\/\",\"name\":\"Mundo Animalito\",\"description\":\"Datos y curiosidades de los animales, encuentra ac\u00e1 todo para tu mascota\",\"publisher\":{\"@id\":\"https:\\\/\\\/mundoanimalito.com\\\/#organization\"},\"potentialAction\":[{\"@type\":\"SearchAction\",\"target\":{\"@type\":\"EntryPoint\",\"urlTemplate\":\"https:\\\/\\\/mundoanimalito.com\\\/?s={search_term_string}\"},\"query-input\":{\"@type\":\"PropertyValueSpecification\",\"valueRequired\":true,\"valueName\":\"search_term_string\"}}],\"inLanguage\":\"es\"},{\"@type\":\"Organization\",\"@id\":\"https:\\\/\\\/mundoanimalito.com\\\/#organization\",\"name\":\"Mundo Animalito\",\"url\":\"https:\\\/\\\/mundoanimalito.com\\\/\",\"logo\":{\"@type\":\"ImageObject\",\"inLanguage\":\"es\",\"@id\":\"https:\\\/\\\/mundoanimalito.com\\\/#\\\/schema\\\/logo\\\/image\\\/\",\"url\":\"https:\\\/\\\/mundoanimalito.com\\\/wp-content\\\/uploads\\\/2023\\\/10\\\/cropped-cropped-LOGO-OFICIAL-ULTIMA-VERSION-1.jpg\",\"contentUrl\":\"https:\\\/\\\/mundoanimalito.com\\\/wp-content\\\/uploads\\\/2023\\\/10\\\/cropped-cropped-LOGO-OFICIAL-ULTIMA-VERSION-1.jpg\",\"width\":374,\"height\":425,\"caption\":\"Mundo Animalito\"},\"image\":{\"@id\":\"https:\\\/\\\/mundoanimalito.com\\\/#\\\/schema\\\/logo\\\/image\\\/\"},\"sameAs\":[\"https:\\\/\\\/www.facebook.com\\\/mundoanimalito77\",\"https:\\\/\\\/www.instagram.com\\\/mundoanimalito77\\\/\",\"https:\\\/\\\/www.tiktok.com\\\/@mundoanimalito77\",\"https:\\\/\\\/www.youtube.com\\\/channel\\\/UCLo2JhNUNtHVraDt5aHadew\"]}]}<\/script>\n<!-- \/ Yoast SEO plugin. -->","yoast_head_json":{"title":"Cesar Comida H\u00fameda para Perros | Mundo Animalito","description":"\u00a1Haz que cada comida sea un momento especial para tu querido perro con el multipack de Cesar Selecci\u00f3n de Cl\u00e1sicos en Pat\u00e9! Dise\u00f1ado para mimar a tu mascota","robots":{"index":"index","follow":"follow","max-snippet":"max-snippet:-1","max-image-preview":"max-image-preview:large","max-video-preview":"max-video-preview:-1"},"canonical":"https:\/\/mundoanimalito.com\/index.php\/cesar-comida-humeda-para-perros\/","og_locale":"es_ES","og_type":"article","og_title":"Cesar Comida H\u00fameda para Perros | Mundo Animalito","og_description":"\u00a1Haz que cada comida sea un momento especial para tu querido perro con el multipack de Cesar Selecci\u00f3n de Cl\u00e1sicos en Pat\u00e9! Dise\u00f1ado para mimar a tu mascota","og_url":"https:\/\/mundoanimalito.com\/index.php\/cesar-comida-humeda-para-perros\/","og_site_name":"Mundo Animalito","article_publisher":"https:\/\/www.facebook.com\/mundoanimalito77","article_modified_time":"2024-09-03T23:53:24+00:00","og_image":[{"url":"https:\/\/mundoanimalito.com\/wp-content\/uploads\/2024\/04\/61JJMJUL9L._AC_SL1000_.jpg","type":"","width":"","height":""}],"twitter_card":"summary_large_image","twitter_misc":{"Tiempo de lectura":"3 minutos"},"schema":{"@context":"https:\/\/schema.org","@graph":[{"@type":"WebPage","@id":"https:\/\/mundoanimalito.com\/index.php\/cesar-comida-humeda-para-perros\/","url":"https:\/\/mundoanimalito.com\/index.php\/cesar-comida-humeda-para-perros\/","name":"Cesar Comida H\u00fameda para Perros | Mundo Animalito","isPartOf":{"@id":"https:\/\/mundoanimalito.com\/#website"},"primaryImageOfPage":{"@id":"https:\/\/mundoanimalito.com\/index.php\/cesar-comida-humeda-para-perros\/#primaryimage"},"image":{"@id":"https:\/\/mundoanimalito.com\/index.php\/cesar-comida-humeda-para-perros\/#primaryimage"},"thumbnailUrl":"https:\/\/mundoanimalito.com\/wp-content\/uploads\/2024\/04\/61JJMJUL9L._AC_SL1000_.jpg","datePublished":"2024-04-08T20:03:33+00:00","dateModified":"2024-09-03T23:53:24+00:00","description":"\u00a1Haz que cada comida sea un momento especial para tu querido perro con el multipack de Cesar Selecci\u00f3n de Cl\u00e1sicos en Pat\u00e9! Dise\u00f1ado para mimar a tu mascota","breadcrumb":{"@id":"https:\/\/mundoanimalito.com\/index.php\/cesar-comida-humeda-para-perros\/#breadcrumb"},"inLanguage":"es","potentialAction":[{"@type":"ReadAction","target":["https:\/\/mundoanimalito.com\/index.php\/cesar-comida-humeda-para-perros\/"]}]},{"@type":"ImageObject","inLanguage":"es","@id":"https:\/\/mundoanimalito.com\/index.php\/cesar-comida-humeda-para-perros\/#primaryimage","url":"https:\/\/mundoanimalito.com\/wp-content\/uploads\/2024\/04\/61JJMJUL9L._AC_SL1000_.jpg","contentUrl":"https:\/\/mundoanimalito.com\/wp-content\/uploads\/2024\/04\/61JJMJUL9L._AC_SL1000_.jpg","width":897,"height":819,"caption":"Cesar Comida H\u00fameda para Perros, Selecci\u00f3n de Cl\u00e1sicos en Pat\u00e9, Multipack (Pack de 3 x 8 Tarrinas x 150g)"},{"@type":"BreadcrumbList","@id":"https:\/\/mundoanimalito.com\/index.php\/cesar-comida-humeda-para-perros\/#breadcrumb","itemListElement":[{"@type":"ListItem","position":1,"name":"Portada","item":"https:\/\/mundoanimalito.com\/"},{"@type":"ListItem","position":2,"name":"Cesar Comida H\u00fameda para Perros"}]},{"@type":"WebSite","@id":"https:\/\/mundoanimalito.com\/#website","url":"https:\/\/mundoanimalito.com\/","name":"Mundo Animalito","description":"Datos y curiosidades de los animales, encuentra ac\u00e1 todo para tu mascota","publisher":{"@id":"https:\/\/mundoanimalito.com\/#organization"},"potentialAction":[{"@type":"SearchAction","target":{"@type":"EntryPoint","urlTemplate":"https:\/\/mundoanimalito.com\/?s={search_term_string}"},"query-input":{"@type":"PropertyValueSpecification","valueRequired":true,"valueName":"search_term_string"}}],"inLanguage":"es"},{"@type":"Organization","@id":"https:\/\/mundoanimalito.com\/#organization","name":"Mundo Animalito","url":"https:\/\/mundoanimalito.com\/","logo":{"@type":"ImageObject","inLanguage":"es","@id":"https:\/\/mundoanimalito.com\/#\/schema\/logo\/image\/","url":"https:\/\/mundoanimalito.com\/wp-content\/uploads\/2023\/10\/cropped-cropped-LOGO-OFICIAL-ULTIMA-VERSION-1.jpg","contentUrl":"https:\/\/mundoanimalito.com\/wp-content\/uploads\/2023\/10\/cropped-cropped-LOGO-OFICIAL-ULTIMA-VERSION-1.jpg","width":374,"height":425,"caption":"Mundo Animalito"},"image":{"@id":"https:\/\/mundoanimalito.com\/#\/schema\/logo\/image\/"},"sameAs":["https:\/\/www.facebook.com\/mundoanimalito77","https:\/\/www.instagram.com\/mundoanimalito77\/","https:\/\/www.tiktok.com\/@mundoanimalito77","https:\/\/www.youtube.com\/channel\/UCLo2JhNUNtHVraDt5aHadew"]}]}},"_links":{"self":[{"href":"https:\/\/mundoanimalito.com\/index.php\/wp-json\/wp\/v2\/pages\/18702","targetHints":{"allow":["GET"]}}],"collection":[{"href":"https:\/\/mundoanimalito.com\/index.php\/wp-json\/wp\/v2\/pages"}],"about":[{"href":"https:\/\/mundoanimalito.com\/index.php\/wp-json\/wp\/v2\/types\/page"}],"author":[{"embeddable":true,"href":"https:\/\/mundoanimalito.com\/index.php\/wp-json\/wp\/v2\/users\/1"}],"replies":[{"embeddable":true,"href":"https:\/\/mundoanimalito.com\/index.php\/wp-json\/wp\/v2\/comments?post=18702"}],"version-history":[{"count":0,"href":"https:\/\/mundoanimalito.com\/index.php\/wp-json\/wp\/v2\/pages\/18702\/revisions"}],"wp:attachment":[{"href":"https:\/\/mundoanimalito.com\/index.php\/wp-json\/wp\/v2\/media?parent=18702"}],"curies":[{"name":"wp","href":"https:\/\/api.w.org\/{rel}","templated":true}]}}