{"id":18392,"date":"2024-04-08T13:43:57","date_gmt":"2024-04-08T18:43:57","guid":{"rendered":"https:\/\/mundoanimalito.com\/?page_id=18392"},"modified":"2024-09-09T12:17:54","modified_gmt":"2024-09-09T17:17:54","slug":"lilys-kitchen-completo-pienso-seco-para-perros-senior","status":"publish","type":"page","link":"https:\/\/mundoanimalito.com\/index.php\/lilys-kitchen-completo-pienso-seco-para-perros-senior\/","title":{"rendered":"Lily&#8217;s Kitchen Completo Pienso Seco para Perros Senior\u00a0"},"content":{"rendered":"\t\t<div data-elementor-type=\"wp-page\" data-elementor-id=\"18392\" class=\"elementor elementor-18392\" data-elementor-post-type=\"page\">\n\t\t\t\t<div class=\"elementor-element elementor-element-a8ba2c5 e-flex e-con-boxed e-con e-parent\" data-id=\"a8ba2c5\" data-element_type=\"container\" data-e-type=\"container\">\n\t\t\t\t\t<div class=\"e-con-inner\">\n\t\t\t\t<div class=\"elementor-element elementor-element-43d2dd9 elementor-invisible elementor-widget elementor-widget-heading\" data-id=\"43d2dd9\" data-element_type=\"widget\" data-e-type=\"widget\" data-settings=\"{&quot;_animation&quot;:&quot;fadeInDown&quot;}\" data-widget_type=\"heading.default\">\n\t\t\t\t<div class=\"elementor-widget-container\">\n\t\t\t\t\t<h2 class=\"elementor-heading-title elementor-size-default\">Cuando tu leal compa\u00f1ero canino alcanza la edad dorada de m\u00e1s de 8 a\u00f1os, merece un cuidado y una nutrici\u00f3n que lo mantengan vital y saludable.<\/h2>\t\t\t\t<\/div>\n\t\t\t\t<\/div>\n\t\t\t\t\t<\/div>\n\t\t\t\t<\/div>\n\t\t<div class=\"elementor-element elementor-element-84ed986 e-flex e-con-boxed e-con e-parent\" data-id=\"84ed986\" data-element_type=\"container\" data-e-type=\"container\">\n\t\t\t\t\t<div class=\"e-con-inner\">\n\t\t<div class=\"elementor-element elementor-element-953876a e-con-full e-flex e-con e-child\" data-id=\"953876a\" data-element_type=\"container\" data-e-type=\"container\">\n\t\t\t\t<div class=\"elementor-element elementor-element-89aae1b elementor-widget elementor-widget-image\" data-id=\"89aae1b\" data-element_type=\"widget\" data-e-type=\"widget\" data-widget_type=\"image.default\">\n\t\t\t\t<div class=\"elementor-widget-container\">\n\t\t\t\t\t\t\t\t\t\t\t\t\t\t\t\t<a href=\"https:\/\/amzn.to\/4anttMg\" target=\"_blank\">\n\t\t\t\t\t\t\t<img fetchpriority=\"high\" decoding=\"async\" width=\"735\" height=\"1024\" src=\"https:\/\/mundoanimalito.com\/wp-content\/uploads\/2024\/04\/81SDzY0g8dL._AC_SL1500_-735x1024.jpg\" class=\"attachment-large size-large wp-image-18367\" alt=\"Lily&#039;s Kitchen Completo Pienso Seco para Perros Senior mayores de 8+, con Pavo y Trucha, 7 kg\" srcset=\"https:\/\/mundoanimalito.com\/wp-content\/uploads\/2024\/04\/81SDzY0g8dL._AC_SL1500_-735x1024.jpg 735w, https:\/\/mundoanimalito.com\/wp-content\/uploads\/2024\/04\/81SDzY0g8dL._AC_SL1500_-215x300.jpg 215w, https:\/\/mundoanimalito.com\/wp-content\/uploads\/2024\/04\/81SDzY0g8dL._AC_SL1500_-768x1070.jpg 768w, https:\/\/mundoanimalito.com\/wp-content\/uploads\/2024\/04\/81SDzY0g8dL._AC_SL1500_.jpg 1077w\" sizes=\"(max-width: 735px) 100vw, 735px\" \/>\t\t\t\t\t\t\t\t<\/a>\n\t\t\t\t\t\t\t\t\t\t\t\t\t\t\t<\/div>\n\t\t\t\t<\/div>\n\t\t\t\t<\/div>\n\t\t<div class=\"elementor-element elementor-element-5287028 e-con-full e-flex e-con e-child\" data-id=\"5287028\" data-element_type=\"container\" data-e-type=\"container\">\n\t\t\t\t<div class=\"elementor-element elementor-element-dc4a0b6 elementor-widget elementor-widget-text-editor\" data-id=\"dc4a0b6\" data-element_type=\"widget\" data-e-type=\"widget\" data-widget_type=\"text-editor.default\">\n\t\t\t\t<div class=\"elementor-widget-container\">\n\t\t\t\t\t\t\t\t\t<p>\ud83c\udf57 <strong>Ingredientes de Calidad:<\/strong> Nuestra f\u00f3rmula \u00fanica est\u00e1 elaborada con un 13 % de trucha, un 13 % de pescado blanco de temporada y un 17 % de pavo, proporcionando a tu perro una fuente de prote\u00ednas magras y de alta calidad para mantener la masa muscular y la vitalidad en sus a\u00f1os mayores.<\/p><p>\u00a0<\/p><p>\ud83e\uddb4 <strong>Apoyo para las Articulaciones:<\/strong> Reconociendo las necesidades espec\u00edficas de los perros senior, nuestro pienso contiene el mayor contenido en suplementos para las articulaciones, ayudando a mantener la salud y la movilidad de las articulaciones para que tu perro pueda seguir disfrutando de sus paseos diarios y de su calidad de vida.<\/p><p>\u00a0<\/p><p>\ud83c\udf3e <strong>Sin Cereales:<\/strong> Libre de cereales y productos derivados, nuestro pienso seco para perros senior de Lily&#8217;s Kitchen es una opci\u00f3n ideal para aquellos perros que puedan tener sensibilidades alimentarias o intolerancias, garantizando una digesti\u00f3n \u00f3ptima y un bienestar general.<\/p><p>\u00a0<\/p><p>\ud83c\udf43 <strong>Ingredientes Naturales:<\/strong> Comprometidos con la calidad y la naturalidad, nuestra receta no contiene conservantes ni ingredientes de relleno, solo ingredientes de calidad sana y natural que tu perro merece en esta etapa de su vida.<\/p><p>\u00a0<\/p><p>Con Lily&#8217;s Kitchen Completo Pienso Seco para Perros Senior, est\u00e1s invirtiendo en la salud y el bienestar duraderos de tu querido compa\u00f1ero. \u00a1Haz clic en el enlace y br\u00edndale a tu perro senior el amor y cuidado que se merece en esta etapa especial de su vida!<\/p>\t\t\t\t\t\t\t\t<\/div>\n\t\t\t\t<\/div>\n\t\t\t\t<div class=\"elementor-element elementor-element-93a84af elementor-align-right elementor-widget elementor-widget-button\" data-id=\"93a84af\" data-element_type=\"widget\" data-e-type=\"widget\" data-widget_type=\"button.default\">\n\t\t\t\t<div class=\"elementor-widget-container\">\n\t\t\t\t\t\t\t\t\t<div class=\"elementor-button-wrapper\">\n\t\t\t\t\t<a class=\"elementor-button elementor-button-link elementor-size-sm\" href=\"https:\/\/amzn.to\/4anttMg\" target=\"_blank\">\n\t\t\t\t\t\t<span class=\"elementor-button-content-wrapper\">\n\t\t\t\t\t\t\t\t\t<span class=\"elementor-button-text\">Compra ahora en Amazon<\/span>\n\t\t\t\t\t<\/span>\n\t\t\t\t\t<\/a>\n\t\t\t\t<\/div>\n\t\t\t\t\t\t\t\t<\/div>\n\t\t\t\t<\/div>\n\t\t\t\t<\/div>\n\t\t\t\t\t<\/div>\n\t\t\t\t<\/div>\n\t\t<div class=\"elementor-element elementor-element-6c67183 e-flex e-con-boxed e-con e-parent\" data-id=\"6c67183\" data-element_type=\"container\" data-e-type=\"container\">\n\t\t\t\t\t<div class=\"e-con-inner\">\n\t\t\t\t<div class=\"elementor-element elementor-element-25606ce elementor-arrows-position-inside elementor-pagination-position-outside elementor-widget elementor-widget-image-carousel\" data-id=\"25606ce\" data-element_type=\"widget\" data-e-type=\"widget\" data-settings=\"{&quot;slides_to_show&quot;:&quot;1&quot;,&quot;navigation&quot;:&quot;both&quot;,&quot;autoplay&quot;:&quot;yes&quot;,&quot;pause_on_hover&quot;:&quot;yes&quot;,&quot;pause_on_interaction&quot;:&quot;yes&quot;,&quot;autoplay_speed&quot;:5000,&quot;infinite&quot;:&quot;yes&quot;,&quot;effect&quot;:&quot;slide&quot;,&quot;speed&quot;:500}\" data-widget_type=\"image-carousel.default\">\n\t\t\t\t<div class=\"elementor-widget-container\">\n\t\t\t\t\t\t\t<div class=\"elementor-image-carousel-wrapper swiper\" role=\"region\" aria-roledescription=\"carousel\" aria-label=\"Carrusel de im\u00e1genes\" dir=\"ltr\">\n\t\t\t<div class=\"elementor-image-carousel swiper-wrapper\" aria-live=\"off\">\n\t\t\t\t\t\t\t\t<div class=\"swiper-slide\" role=\"group\" aria-roledescription=\"slide\" aria-label=\"1 de 4\"><figure class=\"swiper-slide-inner\"><img decoding=\"async\" class=\"swiper-slide-image\" src=\"https:\/\/mundoanimalito.com\/wp-content\/uploads\/2024\/04\/81F1hXDLtRL._AC_SL1500_-1024x1024.jpg\" alt=\"Lily&#039;s Kitchen Completo Pienso Seco para Perros Senior mayores de 8+, con Pavo y Trucha, 7 kg\" \/><\/figure><\/div><div class=\"swiper-slide\" role=\"group\" aria-roledescription=\"slide\" aria-label=\"2 de 4\"><figure class=\"swiper-slide-inner\"><img decoding=\"async\" class=\"swiper-slide-image\" src=\"https:\/\/mundoanimalito.com\/wp-content\/uploads\/2024\/04\/81fFw6rikaL._AC_SL1500_-1024x1024.jpg\" alt=\"Lily&#039;s Kitchen Completo Pienso Seco para Perros Senior mayores de 8+, con Pavo y Trucha, 7 kg\" \/><\/figure><\/div><div class=\"swiper-slide\" role=\"group\" aria-roledescription=\"slide\" aria-label=\"3 de 4\"><figure class=\"swiper-slide-inner\"><img decoding=\"async\" class=\"swiper-slide-image\" src=\"https:\/\/mundoanimalito.com\/wp-content\/uploads\/2024\/04\/81y3qSECSkL._AC_SL1500_-1024x1024.jpg\" alt=\"Lily&#039;s Kitchen Completo Pienso Seco para Perros Senior mayores de 8+, con Pavo y Trucha, 7 kg\" \/><\/figure><\/div><div class=\"swiper-slide\" role=\"group\" aria-roledescription=\"slide\" aria-label=\"4 de 4\"><figure class=\"swiper-slide-inner\"><img decoding=\"async\" class=\"swiper-slide-image\" src=\"https:\/\/mundoanimalito.com\/wp-content\/uploads\/2024\/04\/81Sk3gLxlPL._AC_SL1500_-1024x968.jpg\" alt=\"81Sk3gLxlPL._AC_SL1500_\" \/><\/figure><\/div>\t\t\t<\/div>\n\t\t\t\t\t\t\t\t\t\t\t\t<div class=\"elementor-swiper-button elementor-swiper-button-prev\" role=\"button\" tabindex=\"0\">\n\t\t\t\t\t\t<i aria-hidden=\"true\" class=\"eicon-chevron-left\"><\/i>\t\t\t\t\t<\/div>\n\t\t\t\t\t<div class=\"elementor-swiper-button elementor-swiper-button-next\" role=\"button\" tabindex=\"0\">\n\t\t\t\t\t\t<i aria-hidden=\"true\" class=\"eicon-chevron-right\"><\/i>\t\t\t\t\t<\/div>\n\t\t\t\t\n\t\t\t\t\t\t\t\t\t<div class=\"swiper-pagination\"><\/div>\n\t\t\t\t\t\t\t\t\t<\/div>\n\t\t\t\t\t\t<\/div>\n\t\t\t\t<\/div>\n\t\t\t\t\t<\/div>\n\t\t\t\t<\/div>\n\t\t<div class=\"elementor-element elementor-element-950d448 e-flex e-con-boxed e-con e-parent\" data-id=\"950d448\" data-element_type=\"container\" data-e-type=\"container\">\n\t\t\t\t\t<div class=\"e-con-inner\">\n\t\t\t\t<div class=\"elementor-element elementor-element-58da27c elementor-align-right elementor-widget elementor-widget-button\" data-id=\"58da27c\" data-element_type=\"widget\" data-e-type=\"widget\" data-widget_type=\"button.default\">\n\t\t\t\t<div class=\"elementor-widget-container\">\n\t\t\t\t\t\t\t\t\t<div class=\"elementor-button-wrapper\">\n\t\t\t\t\t<a class=\"elementor-button elementor-button-link elementor-size-sm\" href=\"https:\/\/amzn.to\/4anttMg\" target=\"_blank\">\n\t\t\t\t\t\t<span class=\"elementor-button-content-wrapper\">\n\t\t\t\t\t\t\t\t\t<span class=\"elementor-button-text\">Compra ahora en Amazon<\/span>\n\t\t\t\t\t<\/span>\n\t\t\t\t\t<\/a>\n\t\t\t\t<\/div>\n\t\t\t\t\t\t\t\t<\/div>\n\t\t\t\t<\/div>\n\t\t\t\t\t<\/div>\n\t\t\t\t<\/div>\n\t\t\t\t<\/div>\n\t\t","protected":false},"excerpt":{"rendered":"<p>Cuando tu leal compa\u00f1ero canino alcanza la edad dorada de m\u00e1s de 8 a\u00f1os, merece un cuidado y una nutrici\u00f3n que lo mantengan vital y saludable. \ud83c\udf57 Ingredientes de Calidad: Nuestra f\u00f3rmula \u00fanica est\u00e1 elaborada con un 13 % de trucha, un 13 % de pescado blanco de temporada y un 17 % de pavo, [&hellip;]<\/p>\n","protected":false},"author":1,"featured_media":0,"parent":0,"menu_order":0,"comment_status":"closed","ping_status":"closed","template":"","meta":{"site-sidebar-layout":"no-sidebar","site-content-layout":"page-builder","ast-site-content-layout":"full-width-container","site-content-style":"default","site-sidebar-style":"default","ast-global-header-display":"","ast-banner-title-visibility":"","ast-main-header-display":"","ast-hfb-above-header-display":"","ast-hfb-below-header-display":"","ast-hfb-mobile-header-display":"","site-post-title":"disabled","ast-breadcrumbs-content":"","ast-featured-img":"disabled","footer-sml-layout":"","ast-disable-related-posts":"","theme-transparent-header-meta":"","adv-header-id-meta":"","stick-header-meta":"","header-above-stick-meta":"","header-main-stick-meta":"","header-below-stick-meta":"","astra-migrate-meta-layouts":"set","ast-page-background-enabled":"default","ast-page-background-meta":{"desktop":{"background-color":"var(--ast-global-color-4)","background-image":"","background-repeat":"repeat","background-position":"center center","background-size":"auto","background-attachment":"scroll","background-type":"","background-media":"","overlay-type":"","overlay-color":"","overlay-opacity":"","overlay-gradient":""},"tablet":{"background-color":"","background-image":"","background-repeat":"repeat","background-position":"center center","background-size":"auto","background-attachment":"scroll","background-type":"","background-media":"","overlay-type":"","overlay-color":"","overlay-opacity":"","overlay-gradient":""},"mobile":{"background-color":"","background-image":"","background-repeat":"repeat","background-position":"center center","background-size":"auto","background-attachment":"scroll","background-type":"","background-media":"","overlay-type":"","overlay-color":"","overlay-opacity":"","overlay-gradient":""}},"ast-content-background-meta":{"desktop":{"background-color":"var(--ast-global-color-5)","background-image":"","background-repeat":"repeat","background-position":"center center","background-size":"auto","background-attachment":"scroll","background-type":"","background-media":"","overlay-type":"","overlay-color":"","overlay-opacity":"","overlay-gradient":""},"tablet":{"background-color":"var(--ast-global-color-5)","background-image":"","background-repeat":"repeat","background-position":"center center","background-size":"auto","background-attachment":"scroll","background-type":"","background-media":"","overlay-type":"","overlay-color":"","overlay-opacity":"","overlay-gradient":""},"mobile":{"background-color":"var(--ast-global-color-5)","background-image":"","background-repeat":"repeat","background-position":"center center","background-size":"auto","background-attachment":"scroll","background-type":"","background-media":"","overlay-type":"","overlay-color":"","overlay-opacity":"","overlay-gradient":""}},"footnotes":""},"class_list":["post-18392","page","type-page","status-publish","hentry"],"yoast_head":"<!-- This site is optimized with the Yoast SEO plugin v27.5 - https:\/\/yoast.com\/product\/yoast-seo-wordpress\/ -->\n<title>Lily&#039;s Kitchen Completo Pienso Seco para Perros Senior | Mundo Animalito<\/title>\n<meta name=\"description\" content=\"Lily&#039;s Kitchen Completo Pienso Seco para Perros Senior mayores de 8+, con Pavo y Trucha, 7 kg. merece un cuidado y una nutrici\u00f3n\" \/>\n<meta name=\"robots\" content=\"index, follow, max-snippet:-1, max-image-preview:large, max-video-preview:-1\" \/>\n<link rel=\"canonical\" href=\"https:\/\/mundoanimalito.com\/index.php\/lilys-kitchen-completo-pienso-seco-para-perros-senior\/\" \/>\n<meta property=\"og:locale\" content=\"es_ES\" \/>\n<meta property=\"og:type\" content=\"article\" \/>\n<meta property=\"og:title\" content=\"Lily&#039;s Kitchen Completo Pienso Seco para Perros Senior | Mundo Animalito\" \/>\n<meta property=\"og:description\" content=\"Lily&#039;s Kitchen Completo Pienso Seco para Perros Senior mayores de 8+, con Pavo y Trucha, 7 kg. merece un cuidado y una nutrici\u00f3n\" \/>\n<meta property=\"og:url\" content=\"https:\/\/mundoanimalito.com\/index.php\/lilys-kitchen-completo-pienso-seco-para-perros-senior\/\" \/>\n<meta property=\"og:site_name\" content=\"Mundo Animalito\" \/>\n<meta property=\"article:publisher\" content=\"https:\/\/www.facebook.com\/mundoanimalito77\" \/>\n<meta property=\"article:modified_time\" content=\"2024-09-09T17:17:54+00:00\" \/>\n<meta property=\"og:image\" content=\"https:\/\/mundoanimalito.com\/wp-content\/uploads\/2024\/04\/81SDzY0g8dL._AC_SL1500_-735x1024.jpg\" \/>\n<meta name=\"twitter:card\" content=\"summary_large_image\" \/>\n<meta name=\"twitter:label1\" content=\"Tiempo de lectura\" \/>\n\t<meta name=\"twitter:data1\" content=\"3 minutos\" \/>\n<script type=\"application\/ld+json\" class=\"yoast-schema-graph\">{\"@context\":\"https:\\\/\\\/schema.org\",\"@graph\":[{\"@type\":\"WebPage\",\"@id\":\"https:\\\/\\\/mundoanimalito.com\\\/index.php\\\/lilys-kitchen-completo-pienso-seco-para-perros-senior\\\/\",\"url\":\"https:\\\/\\\/mundoanimalito.com\\\/index.php\\\/lilys-kitchen-completo-pienso-seco-para-perros-senior\\\/\",\"name\":\"Lily's Kitchen Completo Pienso Seco para Perros Senior | Mundo Animalito\",\"isPartOf\":{\"@id\":\"https:\\\/\\\/mundoanimalito.com\\\/#website\"},\"primaryImageOfPage\":{\"@id\":\"https:\\\/\\\/mundoanimalito.com\\\/index.php\\\/lilys-kitchen-completo-pienso-seco-para-perros-senior\\\/#primaryimage\"},\"image\":{\"@id\":\"https:\\\/\\\/mundoanimalito.com\\\/index.php\\\/lilys-kitchen-completo-pienso-seco-para-perros-senior\\\/#primaryimage\"},\"thumbnailUrl\":\"https:\\\/\\\/mundoanimalito.com\\\/wp-content\\\/uploads\\\/2024\\\/04\\\/81SDzY0g8dL._AC_SL1500_-735x1024.jpg\",\"datePublished\":\"2024-04-08T18:43:57+00:00\",\"dateModified\":\"2024-09-09T17:17:54+00:00\",\"description\":\"Lily's Kitchen Completo Pienso Seco para Perros Senior mayores de 8+, con Pavo y Trucha, 7 kg. merece un cuidado y una nutrici\u00f3n\",\"breadcrumb\":{\"@id\":\"https:\\\/\\\/mundoanimalito.com\\\/index.php\\\/lilys-kitchen-completo-pienso-seco-para-perros-senior\\\/#breadcrumb\"},\"inLanguage\":\"es\",\"potentialAction\":[{\"@type\":\"ReadAction\",\"target\":[\"https:\\\/\\\/mundoanimalito.com\\\/index.php\\\/lilys-kitchen-completo-pienso-seco-para-perros-senior\\\/\"]}]},{\"@type\":\"ImageObject\",\"inLanguage\":\"es\",\"@id\":\"https:\\\/\\\/mundoanimalito.com\\\/index.php\\\/lilys-kitchen-completo-pienso-seco-para-perros-senior\\\/#primaryimage\",\"url\":\"https:\\\/\\\/mundoanimalito.com\\\/wp-content\\\/uploads\\\/2024\\\/04\\\/81SDzY0g8dL._AC_SL1500_.jpg\",\"contentUrl\":\"https:\\\/\\\/mundoanimalito.com\\\/wp-content\\\/uploads\\\/2024\\\/04\\\/81SDzY0g8dL._AC_SL1500_.jpg\",\"width\":1077,\"height\":1500,\"caption\":\"Lily's Kitchen Completo Pienso Seco para Perros Senior mayores de 8+, con Pavo y Trucha, 7 kg\"},{\"@type\":\"BreadcrumbList\",\"@id\":\"https:\\\/\\\/mundoanimalito.com\\\/index.php\\\/lilys-kitchen-completo-pienso-seco-para-perros-senior\\\/#breadcrumb\",\"itemListElement\":[{\"@type\":\"ListItem\",\"position\":1,\"name\":\"Portada\",\"item\":\"https:\\\/\\\/mundoanimalito.com\\\/\"},{\"@type\":\"ListItem\",\"position\":2,\"name\":\"Lily&#8217;s Kitchen Completo Pienso Seco para Perros Senior\u00a0\"}]},{\"@type\":\"WebSite\",\"@id\":\"https:\\\/\\\/mundoanimalito.com\\\/#website\",\"url\":\"https:\\\/\\\/mundoanimalito.com\\\/\",\"name\":\"Mundo Animalito\",\"description\":\"Datos y curiosidades de los animales, encuentra ac\u00e1 todo para tu mascota\",\"publisher\":{\"@id\":\"https:\\\/\\\/mundoanimalito.com\\\/#organization\"},\"potentialAction\":[{\"@type\":\"SearchAction\",\"target\":{\"@type\":\"EntryPoint\",\"urlTemplate\":\"https:\\\/\\\/mundoanimalito.com\\\/?s={search_term_string}\"},\"query-input\":{\"@type\":\"PropertyValueSpecification\",\"valueRequired\":true,\"valueName\":\"search_term_string\"}}],\"inLanguage\":\"es\"},{\"@type\":\"Organization\",\"@id\":\"https:\\\/\\\/mundoanimalito.com\\\/#organization\",\"name\":\"Mundo Animalito\",\"url\":\"https:\\\/\\\/mundoanimalito.com\\\/\",\"logo\":{\"@type\":\"ImageObject\",\"inLanguage\":\"es\",\"@id\":\"https:\\\/\\\/mundoanimalito.com\\\/#\\\/schema\\\/logo\\\/image\\\/\",\"url\":\"https:\\\/\\\/mundoanimalito.com\\\/wp-content\\\/uploads\\\/2023\\\/10\\\/cropped-cropped-LOGO-OFICIAL-ULTIMA-VERSION-1.jpg\",\"contentUrl\":\"https:\\\/\\\/mundoanimalito.com\\\/wp-content\\\/uploads\\\/2023\\\/10\\\/cropped-cropped-LOGO-OFICIAL-ULTIMA-VERSION-1.jpg\",\"width\":374,\"height\":425,\"caption\":\"Mundo Animalito\"},\"image\":{\"@id\":\"https:\\\/\\\/mundoanimalito.com\\\/#\\\/schema\\\/logo\\\/image\\\/\"},\"sameAs\":[\"https:\\\/\\\/www.facebook.com\\\/mundoanimalito77\",\"https:\\\/\\\/www.instagram.com\\\/mundoanimalito77\\\/\",\"https:\\\/\\\/www.tiktok.com\\\/@mundoanimalito77\",\"https:\\\/\\\/www.youtube.com\\\/channel\\\/UCLo2JhNUNtHVraDt5aHadew\"]}]}<\/script>\n<!-- \/ Yoast SEO plugin. -->","yoast_head_json":{"title":"Lily's Kitchen Completo Pienso Seco para Perros Senior | Mundo Animalito","description":"Lily's Kitchen Completo Pienso Seco para Perros Senior mayores de 8+, con Pavo y Trucha, 7 kg. merece un cuidado y una nutrici\u00f3n","robots":{"index":"index","follow":"follow","max-snippet":"max-snippet:-1","max-image-preview":"max-image-preview:large","max-video-preview":"max-video-preview:-1"},"canonical":"https:\/\/mundoanimalito.com\/index.php\/lilys-kitchen-completo-pienso-seco-para-perros-senior\/","og_locale":"es_ES","og_type":"article","og_title":"Lily's Kitchen Completo Pienso Seco para Perros Senior | Mundo Animalito","og_description":"Lily's Kitchen Completo Pienso Seco para Perros Senior mayores de 8+, con Pavo y Trucha, 7 kg. merece un cuidado y una nutrici\u00f3n","og_url":"https:\/\/mundoanimalito.com\/index.php\/lilys-kitchen-completo-pienso-seco-para-perros-senior\/","og_site_name":"Mundo Animalito","article_publisher":"https:\/\/www.facebook.com\/mundoanimalito77","article_modified_time":"2024-09-09T17:17:54+00:00","og_image":[{"url":"https:\/\/mundoanimalito.com\/wp-content\/uploads\/2024\/04\/81SDzY0g8dL._AC_SL1500_-735x1024.jpg","type":"","width":"","height":""}],"twitter_card":"summary_large_image","twitter_misc":{"Tiempo de lectura":"3 minutos"},"schema":{"@context":"https:\/\/schema.org","@graph":[{"@type":"WebPage","@id":"https:\/\/mundoanimalito.com\/index.php\/lilys-kitchen-completo-pienso-seco-para-perros-senior\/","url":"https:\/\/mundoanimalito.com\/index.php\/lilys-kitchen-completo-pienso-seco-para-perros-senior\/","name":"Lily's Kitchen Completo Pienso Seco para Perros Senior | Mundo Animalito","isPartOf":{"@id":"https:\/\/mundoanimalito.com\/#website"},"primaryImageOfPage":{"@id":"https:\/\/mundoanimalito.com\/index.php\/lilys-kitchen-completo-pienso-seco-para-perros-senior\/#primaryimage"},"image":{"@id":"https:\/\/mundoanimalito.com\/index.php\/lilys-kitchen-completo-pienso-seco-para-perros-senior\/#primaryimage"},"thumbnailUrl":"https:\/\/mundoanimalito.com\/wp-content\/uploads\/2024\/04\/81SDzY0g8dL._AC_SL1500_-735x1024.jpg","datePublished":"2024-04-08T18:43:57+00:00","dateModified":"2024-09-09T17:17:54+00:00","description":"Lily's Kitchen Completo Pienso Seco para Perros Senior mayores de 8+, con Pavo y Trucha, 7 kg. merece un cuidado y una nutrici\u00f3n","breadcrumb":{"@id":"https:\/\/mundoanimalito.com\/index.php\/lilys-kitchen-completo-pienso-seco-para-perros-senior\/#breadcrumb"},"inLanguage":"es","potentialAction":[{"@type":"ReadAction","target":["https:\/\/mundoanimalito.com\/index.php\/lilys-kitchen-completo-pienso-seco-para-perros-senior\/"]}]},{"@type":"ImageObject","inLanguage":"es","@id":"https:\/\/mundoanimalito.com\/index.php\/lilys-kitchen-completo-pienso-seco-para-perros-senior\/#primaryimage","url":"https:\/\/mundoanimalito.com\/wp-content\/uploads\/2024\/04\/81SDzY0g8dL._AC_SL1500_.jpg","contentUrl":"https:\/\/mundoanimalito.com\/wp-content\/uploads\/2024\/04\/81SDzY0g8dL._AC_SL1500_.jpg","width":1077,"height":1500,"caption":"Lily's Kitchen Completo Pienso Seco para Perros Senior mayores de 8+, con Pavo y Trucha, 7 kg"},{"@type":"BreadcrumbList","@id":"https:\/\/mundoanimalito.com\/index.php\/lilys-kitchen-completo-pienso-seco-para-perros-senior\/#breadcrumb","itemListElement":[{"@type":"ListItem","position":1,"name":"Portada","item":"https:\/\/mundoanimalito.com\/"},{"@type":"ListItem","position":2,"name":"Lily&#8217;s Kitchen Completo Pienso Seco para Perros Senior\u00a0"}]},{"@type":"WebSite","@id":"https:\/\/mundoanimalito.com\/#website","url":"https:\/\/mundoanimalito.com\/","name":"Mundo Animalito","description":"Datos y curiosidades de los animales, encuentra ac\u00e1 todo para tu mascota","publisher":{"@id":"https:\/\/mundoanimalito.com\/#organization"},"potentialAction":[{"@type":"SearchAction","target":{"@type":"EntryPoint","urlTemplate":"https:\/\/mundoanimalito.com\/?s={search_term_string}"},"query-input":{"@type":"PropertyValueSpecification","valueRequired":true,"valueName":"search_term_string"}}],"inLanguage":"es"},{"@type":"Organization","@id":"https:\/\/mundoanimalito.com\/#organization","name":"Mundo Animalito","url":"https:\/\/mundoanimalito.com\/","logo":{"@type":"ImageObject","inLanguage":"es","@id":"https:\/\/mundoanimalito.com\/#\/schema\/logo\/image\/","url":"https:\/\/mundoanimalito.com\/wp-content\/uploads\/2023\/10\/cropped-cropped-LOGO-OFICIAL-ULTIMA-VERSION-1.jpg","contentUrl":"https:\/\/mundoanimalito.com\/wp-content\/uploads\/2023\/10\/cropped-cropped-LOGO-OFICIAL-ULTIMA-VERSION-1.jpg","width":374,"height":425,"caption":"Mundo Animalito"},"image":{"@id":"https:\/\/mundoanimalito.com\/#\/schema\/logo\/image\/"},"sameAs":["https:\/\/www.facebook.com\/mundoanimalito77","https:\/\/www.instagram.com\/mundoanimalito77\/","https:\/\/www.tiktok.com\/@mundoanimalito77","https:\/\/www.youtube.com\/channel\/UCLo2JhNUNtHVraDt5aHadew"]}]}},"_links":{"self":[{"href":"https:\/\/mundoanimalito.com\/index.php\/wp-json\/wp\/v2\/pages\/18392","targetHints":{"allow":["GET"]}}],"collection":[{"href":"https:\/\/mundoanimalito.com\/index.php\/wp-json\/wp\/v2\/pages"}],"about":[{"href":"https:\/\/mundoanimalito.com\/index.php\/wp-json\/wp\/v2\/types\/page"}],"author":[{"embeddable":true,"href":"https:\/\/mundoanimalito.com\/index.php\/wp-json\/wp\/v2\/users\/1"}],"replies":[{"embeddable":true,"href":"https:\/\/mundoanimalito.com\/index.php\/wp-json\/wp\/v2\/comments?post=18392"}],"version-history":[{"count":0,"href":"https:\/\/mundoanimalito.com\/index.php\/wp-json\/wp\/v2\/pages\/18392\/revisions"}],"wp:attachment":[{"href":"https:\/\/mundoanimalito.com\/index.php\/wp-json\/wp\/v2\/media?parent=18392"}],"curies":[{"name":"wp","href":"https:\/\/api.w.org\/{rel}","templated":true}]}}