{"id":18147,"date":"2024-04-08T10:56:11","date_gmt":"2024-04-08T15:56:11","guid":{"rendered":"https:\/\/mundoanimalito.com\/?page_id=18147"},"modified":"2024-09-22T18:54:35","modified_gmt":"2024-09-22T23:54:35","slug":"taste-of-the-wild-pienso-para-cachorros","status":"publish","type":"page","link":"https:\/\/mundoanimalito.com\/index.php\/taste-of-the-wild-pienso-para-cachorros\/","title":{"rendered":"Taste Of The Wild pienso para cachorros"},"content":{"rendered":"\t\t<div data-elementor-type=\"wp-page\" data-elementor-id=\"18147\" class=\"elementor elementor-18147\" data-elementor-post-type=\"page\">\n\t\t\t\t<div class=\"elementor-element elementor-element-ee24a8d e-flex e-con-boxed e-con e-parent\" data-id=\"ee24a8d\" data-element_type=\"container\" data-e-type=\"container\">\n\t\t\t\t\t<div class=\"e-con-inner\">\n\t\t\t\t<div class=\"elementor-element elementor-element-075a2ab elementor-invisible elementor-widget elementor-widget-heading\" data-id=\"075a2ab\" data-element_type=\"widget\" data-e-type=\"widget\" data-settings=\"{&quot;_animation&quot;:&quot;fadeInDown&quot;}\" data-widget_type=\"heading.default\">\n\t\t\t\t<div class=\"elementor-widget-container\">\n\t\t\t\t\t<h2 class=\"elementor-heading-title elementor-size-default\">\u00a1Cuida a tu cachorro con lo mejor de la naturaleza con Taste Of The Wild High Prairie Puppy! Nuestro pienso premium est\u00e1 dise\u00f1ado para brindarle a tu cachorro una nutrici\u00f3n \u00f3ptima y deliciosa.<\/h2>\t\t\t\t<\/div>\n\t\t\t\t<\/div>\n\t\t\t\t\t<\/div>\n\t\t\t\t<\/div>\n\t\t<div class=\"elementor-element elementor-element-37757dd e-flex e-con-boxed e-con e-parent\" data-id=\"37757dd\" data-element_type=\"container\" data-e-type=\"container\">\n\t\t\t\t\t<div class=\"e-con-inner\">\n\t\t<div class=\"elementor-element elementor-element-125455d e-con-full e-flex e-con e-child\" data-id=\"125455d\" data-element_type=\"container\" data-e-type=\"container\">\n\t\t\t\t<div class=\"elementor-element elementor-element-3b69103 elementor-widget elementor-widget-image\" data-id=\"3b69103\" data-element_type=\"widget\" data-e-type=\"widget\" data-widget_type=\"image.default\">\n\t\t\t\t<div class=\"elementor-widget-container\">\n\t\t\t\t\t\t\t\t\t\t\t\t\t\t\t\t<a href=\"https:\/\/amzn.to\/3TTb2rE\" target=\"_blank\">\n\t\t\t\t\t\t\t<img fetchpriority=\"high\" decoding=\"async\" width=\"868\" height=\"1024\" src=\"https:\/\/mundoanimalito.com\/wp-content\/uploads\/2024\/04\/71JRSjdudNL._AC_SL1500_-868x1024.jpg\" class=\"attachment-large size-large wp-image-18137\" alt=\"Taste Of The Wild pienso para cachorros con Bisonte y Venado asados 2kg High prairie puppy\" srcset=\"https:\/\/mundoanimalito.com\/wp-content\/uploads\/2024\/04\/71JRSjdudNL._AC_SL1500_-868x1024.jpg 868w, https:\/\/mundoanimalito.com\/wp-content\/uploads\/2024\/04\/71JRSjdudNL._AC_SL1500_-254x300.jpg 254w, https:\/\/mundoanimalito.com\/wp-content\/uploads\/2024\/04\/71JRSjdudNL._AC_SL1500_-768x906.jpg 768w, https:\/\/mundoanimalito.com\/wp-content\/uploads\/2024\/04\/71JRSjdudNL._AC_SL1500_.jpg 1271w\" sizes=\"(max-width: 868px) 100vw, 868px\" \/>\t\t\t\t\t\t\t\t<\/a>\n\t\t\t\t\t\t\t\t\t\t\t\t\t\t\t<\/div>\n\t\t\t\t<\/div>\n\t\t\t\t<\/div>\n\t\t<div class=\"elementor-element elementor-element-bea915d e-con-full e-flex e-con e-child\" data-id=\"bea915d\" data-element_type=\"container\" data-e-type=\"container\">\n\t\t\t\t<div class=\"elementor-element elementor-element-dcdc23c elementor-widget elementor-widget-text-editor\" data-id=\"dcdc23c\" data-element_type=\"widget\" data-e-type=\"widget\" data-widget_type=\"text-editor.default\">\n\t\t\t\t<div class=\"elementor-widget-container\">\n\t\t\t\t\t\t\t\t\t<p>\ud83e\udd8c <strong>Ingredientes de Calidad Premium:<\/strong> Elaborado con carne de bisonte y venado asados, nuestro pienso ofrece una fuente de prote\u00ednas de alta calidad para promover el crecimiento muscular y la energ\u00eda vital de tu cachorro. Con ingredientes naturales y sin cereales ni gluten, garantizamos una alimentaci\u00f3n libre de alergias y llena de sabor irresistible.<\/p><p>\u00a0<\/p><p>\ud83c\udf3f <strong>Beneficios Naturales:<\/strong> Enriquecido con aceite de salm\u00f3n, nuestro pienso proporciona \u00e1cidos grasos omega 3 y 6 para promover una piel sana, un pelaje brillante y un sistema inmunol\u00f3gico fuerte en tu cachorro. Adem\u00e1s, los ingredientes naturales como la ra\u00edz de achicoria y los ar\u00e1ndanos contribuyen a una digesti\u00f3n saludable y unas defensas naturales mejoradas.<\/p><p>\u00a0<\/p><p>\ud83d\udcaa <strong>Cachorros Sanos y Fuertes:<\/strong> Taste Of The Wild High Prairie Puppy est\u00e1 dise\u00f1ado para satisfacer las necesidades nutricionales espec\u00edficas de los cachorros en crecimiento. Con una combinaci\u00f3n equilibrada de prote\u00ednas, grasas, vitaminas y minerales, garantizamos que tu cachorro crezca sano, fuerte y lleno de vitalidad desde el principio.<\/p><p>\u00a0<\/p><p>\ud83c\udf7d\ufe0f <strong>F\u00e1cil de Usar:<\/strong> Nuestro pienso viene en forma de croquetas de tama\u00f1o est\u00e1ndar, perfectas para cachorros de todas las razas. Puedes servirlo seco o con un poco de agua, y se recomienda dividir la dosis en varias comidas al d\u00eda para una mejor digesti\u00f3n. Siempre aseg\u00farate de dejar agua fresca a disposici\u00f3n de tu cachorro.<\/p>\t\t\t\t\t\t\t\t<\/div>\n\t\t\t\t<\/div>\n\t\t\t\t<\/div>\n\t\t\t\t\t<\/div>\n\t\t\t\t<\/div>\n\t\t<div class=\"elementor-element elementor-element-35959cb e-flex e-con-boxed e-con e-parent\" data-id=\"35959cb\" data-element_type=\"container\" data-e-type=\"container\">\n\t\t\t\t\t<div class=\"e-con-inner\">\n\t\t\t\t<div class=\"elementor-element elementor-element-c0a11de elementor-widget elementor-widget-text-editor\" data-id=\"c0a11de\" data-element_type=\"widget\" data-e-type=\"widget\" data-widget_type=\"text-editor.default\">\n\t\t\t\t<div class=\"elementor-widget-container\">\n\t\t\t\t\t\t\t\t\t<p>Con Taste Of The Wild High Prairie Puppy, est\u00e1s invirtiendo en la salud y el bienestar duraderos de tu cachorro. \u00a1Haz clic en el enlace y dale a tu peque\u00f1o amigo peludo la nutrici\u00f3n natural que se merece para un futuro lleno de vitalidad y felicidad!<\/p>\t\t\t\t\t\t\t\t<\/div>\n\t\t\t\t<\/div>\n\t\t\t\t<div class=\"elementor-element elementor-element-8193f49 elementor-align-right elementor-widget elementor-widget-button\" data-id=\"8193f49\" data-element_type=\"widget\" data-e-type=\"widget\" data-widget_type=\"button.default\">\n\t\t\t\t<div class=\"elementor-widget-container\">\n\t\t\t\t\t\t\t\t\t<div class=\"elementor-button-wrapper\">\n\t\t\t\t\t<a class=\"elementor-button elementor-button-link elementor-size-sm\" href=\"https:\/\/amzn.to\/3TTb2rE\" target=\"_blank\">\n\t\t\t\t\t\t<span class=\"elementor-button-content-wrapper\">\n\t\t\t\t\t\t\t\t\t<span class=\"elementor-button-text\">Compra ahora en Amazon<\/span>\n\t\t\t\t\t<\/span>\n\t\t\t\t\t<\/a>\n\t\t\t\t<\/div>\n\t\t\t\t\t\t\t\t<\/div>\n\t\t\t\t<\/div>\n\t\t\t\t\t<\/div>\n\t\t\t\t<\/div>\n\t\t<div class=\"elementor-element elementor-element-a8ffab5 e-flex e-con-boxed e-con e-parent\" data-id=\"a8ffab5\" data-element_type=\"container\" data-e-type=\"container\">\n\t\t\t\t\t<div class=\"e-con-inner\">\n\t\t\t\t<div class=\"elementor-element elementor-element-4023d72 elementor-arrows-position-inside elementor-pagination-position-outside elementor-widget elementor-widget-image-carousel\" data-id=\"4023d72\" data-element_type=\"widget\" data-e-type=\"widget\" data-settings=\"{&quot;slides_to_show&quot;:&quot;1&quot;,&quot;navigation&quot;:&quot;both&quot;,&quot;autoplay&quot;:&quot;yes&quot;,&quot;pause_on_hover&quot;:&quot;yes&quot;,&quot;pause_on_interaction&quot;:&quot;yes&quot;,&quot;autoplay_speed&quot;:5000,&quot;infinite&quot;:&quot;yes&quot;,&quot;effect&quot;:&quot;slide&quot;,&quot;speed&quot;:500}\" data-widget_type=\"image-carousel.default\">\n\t\t\t\t<div class=\"elementor-widget-container\">\n\t\t\t\t\t\t\t<div class=\"elementor-image-carousel-wrapper swiper\" role=\"region\" aria-roledescription=\"carousel\" aria-label=\"Carrusel de im\u00e1genes\" dir=\"ltr\">\n\t\t\t<div class=\"elementor-image-carousel swiper-wrapper\" aria-live=\"off\">\n\t\t\t\t\t\t\t\t<div class=\"swiper-slide\" role=\"group\" aria-roledescription=\"slide\" aria-label=\"1 de 5\"><figure class=\"swiper-slide-inner\"><img decoding=\"async\" class=\"swiper-slide-image\" src=\"https:\/\/mundoanimalito.com\/wp-content\/uploads\/2024\/04\/91bGnGFFSiL._AC_SL1500_-1024x1024.jpg\" alt=\"Taste Of The Wild pienso para cachorros con Bisonte y Venado asados 2kg High prairie puppy\" \/><\/figure><\/div><div class=\"swiper-slide\" role=\"group\" aria-roledescription=\"slide\" aria-label=\"2 de 5\"><figure class=\"swiper-slide-inner\"><img decoding=\"async\" class=\"swiper-slide-image\" src=\"https:\/\/mundoanimalito.com\/wp-content\/uploads\/2024\/04\/818YLQwzL1L._AC_SL1500_-1024x1024.jpg\" alt=\"Taste Of The Wild pienso para cachorros con Bisonte y Venado asados 2kg High prairie puppy\" \/><\/figure><\/div><div class=\"swiper-slide\" role=\"group\" aria-roledescription=\"slide\" aria-label=\"3 de 5\"><figure class=\"swiper-slide-inner\"><img decoding=\"async\" class=\"swiper-slide-image\" src=\"https:\/\/mundoanimalito.com\/wp-content\/uploads\/2024\/04\/811cyFvDqXL._AC_SL1500_-1024x1024.jpg\" alt=\"Taste Of The Wild pienso para cachorros con Bisonte y Venado asados 2kg High prairie puppy\" \/><\/figure><\/div><div class=\"swiper-slide\" role=\"group\" aria-roledescription=\"slide\" aria-label=\"4 de 5\"><figure class=\"swiper-slide-inner\"><img decoding=\"async\" class=\"swiper-slide-image\" src=\"https:\/\/mundoanimalito.com\/wp-content\/uploads\/2024\/04\/61YXzq3ISGL._AC_SL1500_-677x1024.jpg\" alt=\"\" \/><\/figure><\/div><div class=\"swiper-slide\" role=\"group\" aria-roledescription=\"slide\" aria-label=\"5 de 5\"><figure class=\"swiper-slide-inner\"><img decoding=\"async\" class=\"swiper-slide-image\" src=\"https:\/\/mundoanimalito.com\/wp-content\/uploads\/2024\/04\/51Qk4mmfZL._AC_SL1500_-1024x191.jpg\" alt=\"\" \/><\/figure><\/div>\t\t\t<\/div>\n\t\t\t\t\t\t\t\t\t\t\t\t<div class=\"elementor-swiper-button elementor-swiper-button-prev\" role=\"button\" tabindex=\"0\">\n\t\t\t\t\t\t<i aria-hidden=\"true\" class=\"eicon-chevron-left\"><\/i>\t\t\t\t\t<\/div>\n\t\t\t\t\t<div class=\"elementor-swiper-button elementor-swiper-button-next\" role=\"button\" tabindex=\"0\">\n\t\t\t\t\t\t<i aria-hidden=\"true\" class=\"eicon-chevron-right\"><\/i>\t\t\t\t\t<\/div>\n\t\t\t\t\n\t\t\t\t\t\t\t\t\t<div class=\"swiper-pagination\"><\/div>\n\t\t\t\t\t\t\t\t\t<\/div>\n\t\t\t\t\t\t<\/div>\n\t\t\t\t<\/div>\n\t\t\t\t\t<\/div>\n\t\t\t\t<\/div>\n\t\t<div class=\"elementor-element elementor-element-c95bc5b e-flex e-con-boxed e-con e-parent\" data-id=\"c95bc5b\" data-element_type=\"container\" data-e-type=\"container\">\n\t\t\t\t\t<div class=\"e-con-inner\">\n\t\t\t\t<div class=\"elementor-element elementor-element-b5a079b elementor-align-right elementor-widget elementor-widget-button\" data-id=\"b5a079b\" data-element_type=\"widget\" data-e-type=\"widget\" data-widget_type=\"button.default\">\n\t\t\t\t<div class=\"elementor-widget-container\">\n\t\t\t\t\t\t\t\t\t<div class=\"elementor-button-wrapper\">\n\t\t\t\t\t<a class=\"elementor-button elementor-button-link elementor-size-sm\" href=\"https:\/\/amzn.to\/3TTb2rE\" target=\"_blank\">\n\t\t\t\t\t\t<span class=\"elementor-button-content-wrapper\">\n\t\t\t\t\t\t\t\t\t<span class=\"elementor-button-text\">Compra ahora en Amazon<\/span>\n\t\t\t\t\t<\/span>\n\t\t\t\t\t<\/a>\n\t\t\t\t<\/div>\n\t\t\t\t\t\t\t\t<\/div>\n\t\t\t\t<\/div>\n\t\t\t\t\t<\/div>\n\t\t\t\t<\/div>\n\t\t\t\t<\/div>\n\t\t","protected":false},"excerpt":{"rendered":"<p>\u00a1Cuida a tu cachorro con lo mejor de la naturaleza con Taste Of The Wild High Prairie Puppy! Nuestro pienso premium est\u00e1 dise\u00f1ado para brindarle a tu cachorro una nutrici\u00f3n \u00f3ptima y deliciosa. \ud83e\udd8c Ingredientes de Calidad Premium: Elaborado con carne de bisonte y venado asados, nuestro pienso ofrece una fuente de prote\u00ednas de alta [&hellip;]<\/p>\n","protected":false},"author":1,"featured_media":0,"parent":0,"menu_order":0,"comment_status":"closed","ping_status":"closed","template":"","meta":{"site-sidebar-layout":"no-sidebar","site-content-layout":"page-builder","ast-site-content-layout":"full-width-container","site-content-style":"default","site-sidebar-style":"default","ast-global-header-display":"","ast-banner-title-visibility":"","ast-main-header-display":"","ast-hfb-above-header-display":"","ast-hfb-below-header-display":"","ast-hfb-mobile-header-display":"","site-post-title":"disabled","ast-breadcrumbs-content":"","ast-featured-img":"disabled","footer-sml-layout":"","ast-disable-related-posts":"","theme-transparent-header-meta":"","adv-header-id-meta":"","stick-header-meta":"","header-above-stick-meta":"","header-main-stick-meta":"","header-below-stick-meta":"","astra-migrate-meta-layouts":"set","ast-page-background-enabled":"default","ast-page-background-meta":{"desktop":{"background-color":"var(--ast-global-color-4)","background-image":"","background-repeat":"repeat","background-position":"center center","background-size":"auto","background-attachment":"scroll","background-type":"","background-media":"","overlay-type":"","overlay-color":"","overlay-opacity":"","overlay-gradient":""},"tablet":{"background-color":"","background-image":"","background-repeat":"repeat","background-position":"center center","background-size":"auto","background-attachment":"scroll","background-type":"","background-media":"","overlay-type":"","overlay-color":"","overlay-opacity":"","overlay-gradient":""},"mobile":{"background-color":"","background-image":"","background-repeat":"repeat","background-position":"center center","background-size":"auto","background-attachment":"scroll","background-type":"","background-media":"","overlay-type":"","overlay-color":"","overlay-opacity":"","overlay-gradient":""}},"ast-content-background-meta":{"desktop":{"background-color":"var(--ast-global-color-5)","background-image":"","background-repeat":"repeat","background-position":"center center","background-size":"auto","background-attachment":"scroll","background-type":"","background-media":"","overlay-type":"","overlay-color":"","overlay-opacity":"","overlay-gradient":""},"tablet":{"background-color":"var(--ast-global-color-5)","background-image":"","background-repeat":"repeat","background-position":"center center","background-size":"auto","background-attachment":"scroll","background-type":"","background-media":"","overlay-type":"","overlay-color":"","overlay-opacity":"","overlay-gradient":""},"mobile":{"background-color":"var(--ast-global-color-5)","background-image":"","background-repeat":"repeat","background-position":"center center","background-size":"auto","background-attachment":"scroll","background-type":"","background-media":"","overlay-type":"","overlay-color":"","overlay-opacity":"","overlay-gradient":""}},"footnotes":""},"class_list":["post-18147","page","type-page","status-publish","hentry"],"yoast_head":"<!-- This site is optimized with the Yoast SEO plugin v27.4 - https:\/\/yoast.com\/product\/yoast-seo-wordpress\/ -->\n<title>Taste Of The Wild pienso para cachorros con Bisonte y Venado | Mundo Animalito<\/title>\n<meta name=\"description\" content=\"Taste Of The Wild pienso para cachorros con Bisonte y Venado asados 2kg High prairie puppy. Nutrici\u00f3n \u00f3ptima y deliciosa\" \/>\n<meta name=\"robots\" content=\"index, follow, max-snippet:-1, max-image-preview:large, max-video-preview:-1\" \/>\n<link rel=\"canonical\" href=\"https:\/\/mundoanimalito.com\/index.php\/taste-of-the-wild-pienso-para-cachorros\/\" \/>\n<meta property=\"og:locale\" content=\"es_ES\" \/>\n<meta property=\"og:type\" content=\"article\" \/>\n<meta property=\"og:title\" content=\"Taste Of The Wild pienso para cachorros con Bisonte y Venado | Mundo Animalito\" \/>\n<meta property=\"og:description\" content=\"Taste Of The Wild pienso para cachorros con Bisonte y Venado asados 2kg High prairie puppy. Nutrici\u00f3n \u00f3ptima y deliciosa\" \/>\n<meta property=\"og:url\" content=\"https:\/\/mundoanimalito.com\/index.php\/taste-of-the-wild-pienso-para-cachorros\/\" \/>\n<meta property=\"og:site_name\" content=\"Mundo Animalito\" \/>\n<meta property=\"article:publisher\" content=\"https:\/\/www.facebook.com\/mundoanimalito77\" \/>\n<meta property=\"article:modified_time\" content=\"2024-09-22T23:54:35+00:00\" \/>\n<meta property=\"og:image\" content=\"https:\/\/mundoanimalito.com\/wp-content\/uploads\/2024\/04\/71JRSjdudNL._AC_SL1500_-868x1024.jpg\" \/>\n<meta name=\"twitter:card\" content=\"summary_large_image\" \/>\n<meta name=\"twitter:label1\" content=\"Tiempo de lectura\" \/>\n\t<meta name=\"twitter:data1\" content=\"3 minutos\" \/>\n<script type=\"application\/ld+json\" class=\"yoast-schema-graph\">{\"@context\":\"https:\\\/\\\/schema.org\",\"@graph\":[{\"@type\":\"WebPage\",\"@id\":\"https:\\\/\\\/mundoanimalito.com\\\/index.php\\\/taste-of-the-wild-pienso-para-cachorros\\\/\",\"url\":\"https:\\\/\\\/mundoanimalito.com\\\/index.php\\\/taste-of-the-wild-pienso-para-cachorros\\\/\",\"name\":\"Taste Of The Wild pienso para cachorros con Bisonte y Venado | Mundo Animalito\",\"isPartOf\":{\"@id\":\"https:\\\/\\\/mundoanimalito.com\\\/#website\"},\"primaryImageOfPage\":{\"@id\":\"https:\\\/\\\/mundoanimalito.com\\\/index.php\\\/taste-of-the-wild-pienso-para-cachorros\\\/#primaryimage\"},\"image\":{\"@id\":\"https:\\\/\\\/mundoanimalito.com\\\/index.php\\\/taste-of-the-wild-pienso-para-cachorros\\\/#primaryimage\"},\"thumbnailUrl\":\"https:\\\/\\\/mundoanimalito.com\\\/wp-content\\\/uploads\\\/2024\\\/04\\\/71JRSjdudNL._AC_SL1500_-868x1024.jpg\",\"datePublished\":\"2024-04-08T15:56:11+00:00\",\"dateModified\":\"2024-09-22T23:54:35+00:00\",\"description\":\"Taste Of The Wild pienso para cachorros con Bisonte y Venado asados 2kg High prairie puppy. Nutrici\u00f3n \u00f3ptima y deliciosa\",\"breadcrumb\":{\"@id\":\"https:\\\/\\\/mundoanimalito.com\\\/index.php\\\/taste-of-the-wild-pienso-para-cachorros\\\/#breadcrumb\"},\"inLanguage\":\"es\",\"potentialAction\":[{\"@type\":\"ReadAction\",\"target\":[\"https:\\\/\\\/mundoanimalito.com\\\/index.php\\\/taste-of-the-wild-pienso-para-cachorros\\\/\"]}]},{\"@type\":\"ImageObject\",\"inLanguage\":\"es\",\"@id\":\"https:\\\/\\\/mundoanimalito.com\\\/index.php\\\/taste-of-the-wild-pienso-para-cachorros\\\/#primaryimage\",\"url\":\"https:\\\/\\\/mundoanimalito.com\\\/wp-content\\\/uploads\\\/2024\\\/04\\\/71JRSjdudNL._AC_SL1500_.jpg\",\"contentUrl\":\"https:\\\/\\\/mundoanimalito.com\\\/wp-content\\\/uploads\\\/2024\\\/04\\\/71JRSjdudNL._AC_SL1500_.jpg\",\"width\":1271,\"height\":1500,\"caption\":\"Taste Of The Wild pienso para cachorros con Bisonte y Venado asados 2kg High prairie puppy\"},{\"@type\":\"BreadcrumbList\",\"@id\":\"https:\\\/\\\/mundoanimalito.com\\\/index.php\\\/taste-of-the-wild-pienso-para-cachorros\\\/#breadcrumb\",\"itemListElement\":[{\"@type\":\"ListItem\",\"position\":1,\"name\":\"Portada\",\"item\":\"https:\\\/\\\/mundoanimalito.com\\\/\"},{\"@type\":\"ListItem\",\"position\":2,\"name\":\"Taste Of The Wild pienso para cachorros\"}]},{\"@type\":\"WebSite\",\"@id\":\"https:\\\/\\\/mundoanimalito.com\\\/#website\",\"url\":\"https:\\\/\\\/mundoanimalito.com\\\/\",\"name\":\"Mundo Animalito\",\"description\":\"Datos y curiosidades de los animales, encuentra ac\u00e1 todo para tu mascota\",\"publisher\":{\"@id\":\"https:\\\/\\\/mundoanimalito.com\\\/#organization\"},\"potentialAction\":[{\"@type\":\"SearchAction\",\"target\":{\"@type\":\"EntryPoint\",\"urlTemplate\":\"https:\\\/\\\/mundoanimalito.com\\\/?s={search_term_string}\"},\"query-input\":{\"@type\":\"PropertyValueSpecification\",\"valueRequired\":true,\"valueName\":\"search_term_string\"}}],\"inLanguage\":\"es\"},{\"@type\":\"Organization\",\"@id\":\"https:\\\/\\\/mundoanimalito.com\\\/#organization\",\"name\":\"Mundo Animalito\",\"url\":\"https:\\\/\\\/mundoanimalito.com\\\/\",\"logo\":{\"@type\":\"ImageObject\",\"inLanguage\":\"es\",\"@id\":\"https:\\\/\\\/mundoanimalito.com\\\/#\\\/schema\\\/logo\\\/image\\\/\",\"url\":\"https:\\\/\\\/mundoanimalito.com\\\/wp-content\\\/uploads\\\/2023\\\/10\\\/cropped-cropped-LOGO-OFICIAL-ULTIMA-VERSION-1.jpg\",\"contentUrl\":\"https:\\\/\\\/mundoanimalito.com\\\/wp-content\\\/uploads\\\/2023\\\/10\\\/cropped-cropped-LOGO-OFICIAL-ULTIMA-VERSION-1.jpg\",\"width\":374,\"height\":425,\"caption\":\"Mundo Animalito\"},\"image\":{\"@id\":\"https:\\\/\\\/mundoanimalito.com\\\/#\\\/schema\\\/logo\\\/image\\\/\"},\"sameAs\":[\"https:\\\/\\\/www.facebook.com\\\/mundoanimalito77\",\"https:\\\/\\\/www.instagram.com\\\/mundoanimalito77\\\/\",\"https:\\\/\\\/www.tiktok.com\\\/@mundoanimalito77\",\"https:\\\/\\\/www.youtube.com\\\/channel\\\/UCLo2JhNUNtHVraDt5aHadew\"]}]}<\/script>\n<!-- \/ Yoast SEO plugin. -->","yoast_head_json":{"title":"Taste Of The Wild pienso para cachorros con Bisonte y Venado | Mundo Animalito","description":"Taste Of The Wild pienso para cachorros con Bisonte y Venado asados 2kg High prairie puppy. Nutrici\u00f3n \u00f3ptima y deliciosa","robots":{"index":"index","follow":"follow","max-snippet":"max-snippet:-1","max-image-preview":"max-image-preview:large","max-video-preview":"max-video-preview:-1"},"canonical":"https:\/\/mundoanimalito.com\/index.php\/taste-of-the-wild-pienso-para-cachorros\/","og_locale":"es_ES","og_type":"article","og_title":"Taste Of The Wild pienso para cachorros con Bisonte y Venado | Mundo Animalito","og_description":"Taste Of The Wild pienso para cachorros con Bisonte y Venado asados 2kg High prairie puppy. Nutrici\u00f3n \u00f3ptima y deliciosa","og_url":"https:\/\/mundoanimalito.com\/index.php\/taste-of-the-wild-pienso-para-cachorros\/","og_site_name":"Mundo Animalito","article_publisher":"https:\/\/www.facebook.com\/mundoanimalito77","article_modified_time":"2024-09-22T23:54:35+00:00","og_image":[{"url":"https:\/\/mundoanimalito.com\/wp-content\/uploads\/2024\/04\/71JRSjdudNL._AC_SL1500_-868x1024.jpg","type":"","width":"","height":""}],"twitter_card":"summary_large_image","twitter_misc":{"Tiempo de lectura":"3 minutos"},"schema":{"@context":"https:\/\/schema.org","@graph":[{"@type":"WebPage","@id":"https:\/\/mundoanimalito.com\/index.php\/taste-of-the-wild-pienso-para-cachorros\/","url":"https:\/\/mundoanimalito.com\/index.php\/taste-of-the-wild-pienso-para-cachorros\/","name":"Taste Of The Wild pienso para cachorros con Bisonte y Venado | Mundo Animalito","isPartOf":{"@id":"https:\/\/mundoanimalito.com\/#website"},"primaryImageOfPage":{"@id":"https:\/\/mundoanimalito.com\/index.php\/taste-of-the-wild-pienso-para-cachorros\/#primaryimage"},"image":{"@id":"https:\/\/mundoanimalito.com\/index.php\/taste-of-the-wild-pienso-para-cachorros\/#primaryimage"},"thumbnailUrl":"https:\/\/mundoanimalito.com\/wp-content\/uploads\/2024\/04\/71JRSjdudNL._AC_SL1500_-868x1024.jpg","datePublished":"2024-04-08T15:56:11+00:00","dateModified":"2024-09-22T23:54:35+00:00","description":"Taste Of The Wild pienso para cachorros con Bisonte y Venado asados 2kg High prairie puppy. Nutrici\u00f3n \u00f3ptima y deliciosa","breadcrumb":{"@id":"https:\/\/mundoanimalito.com\/index.php\/taste-of-the-wild-pienso-para-cachorros\/#breadcrumb"},"inLanguage":"es","potentialAction":[{"@type":"ReadAction","target":["https:\/\/mundoanimalito.com\/index.php\/taste-of-the-wild-pienso-para-cachorros\/"]}]},{"@type":"ImageObject","inLanguage":"es","@id":"https:\/\/mundoanimalito.com\/index.php\/taste-of-the-wild-pienso-para-cachorros\/#primaryimage","url":"https:\/\/mundoanimalito.com\/wp-content\/uploads\/2024\/04\/71JRSjdudNL._AC_SL1500_.jpg","contentUrl":"https:\/\/mundoanimalito.com\/wp-content\/uploads\/2024\/04\/71JRSjdudNL._AC_SL1500_.jpg","width":1271,"height":1500,"caption":"Taste Of The Wild pienso para cachorros con Bisonte y Venado asados 2kg High prairie puppy"},{"@type":"BreadcrumbList","@id":"https:\/\/mundoanimalito.com\/index.php\/taste-of-the-wild-pienso-para-cachorros\/#breadcrumb","itemListElement":[{"@type":"ListItem","position":1,"name":"Portada","item":"https:\/\/mundoanimalito.com\/"},{"@type":"ListItem","position":2,"name":"Taste Of The Wild pienso para cachorros"}]},{"@type":"WebSite","@id":"https:\/\/mundoanimalito.com\/#website","url":"https:\/\/mundoanimalito.com\/","name":"Mundo Animalito","description":"Datos y curiosidades de los animales, encuentra ac\u00e1 todo para tu mascota","publisher":{"@id":"https:\/\/mundoanimalito.com\/#organization"},"potentialAction":[{"@type":"SearchAction","target":{"@type":"EntryPoint","urlTemplate":"https:\/\/mundoanimalito.com\/?s={search_term_string}"},"query-input":{"@type":"PropertyValueSpecification","valueRequired":true,"valueName":"search_term_string"}}],"inLanguage":"es"},{"@type":"Organization","@id":"https:\/\/mundoanimalito.com\/#organization","name":"Mundo Animalito","url":"https:\/\/mundoanimalito.com\/","logo":{"@type":"ImageObject","inLanguage":"es","@id":"https:\/\/mundoanimalito.com\/#\/schema\/logo\/image\/","url":"https:\/\/mundoanimalito.com\/wp-content\/uploads\/2023\/10\/cropped-cropped-LOGO-OFICIAL-ULTIMA-VERSION-1.jpg","contentUrl":"https:\/\/mundoanimalito.com\/wp-content\/uploads\/2023\/10\/cropped-cropped-LOGO-OFICIAL-ULTIMA-VERSION-1.jpg","width":374,"height":425,"caption":"Mundo Animalito"},"image":{"@id":"https:\/\/mundoanimalito.com\/#\/schema\/logo\/image\/"},"sameAs":["https:\/\/www.facebook.com\/mundoanimalito77","https:\/\/www.instagram.com\/mundoanimalito77\/","https:\/\/www.tiktok.com\/@mundoanimalito77","https:\/\/www.youtube.com\/channel\/UCLo2JhNUNtHVraDt5aHadew"]}]}},"_links":{"self":[{"href":"https:\/\/mundoanimalito.com\/index.php\/wp-json\/wp\/v2\/pages\/18147","targetHints":{"allow":["GET"]}}],"collection":[{"href":"https:\/\/mundoanimalito.com\/index.php\/wp-json\/wp\/v2\/pages"}],"about":[{"href":"https:\/\/mundoanimalito.com\/index.php\/wp-json\/wp\/v2\/types\/page"}],"author":[{"embeddable":true,"href":"https:\/\/mundoanimalito.com\/index.php\/wp-json\/wp\/v2\/users\/1"}],"replies":[{"embeddable":true,"href":"https:\/\/mundoanimalito.com\/index.php\/wp-json\/wp\/v2\/comments?post=18147"}],"version-history":[{"count":0,"href":"https:\/\/mundoanimalito.com\/index.php\/wp-json\/wp\/v2\/pages\/18147\/revisions"}],"wp:attachment":[{"href":"https:\/\/mundoanimalito.com\/index.php\/wp-json\/wp\/v2\/media?parent=18147"}],"curies":[{"name":"wp","href":"https:\/\/api.w.org\/{rel}","templated":true}]}}