{"id":18058,"date":"2024-04-08T10:36:10","date_gmt":"2024-04-08T15:36:10","guid":{"rendered":"https:\/\/mundoanimalito.com\/?page_id=18058"},"modified":"2024-09-09T18:00:10","modified_gmt":"2024-09-09T23:00:10","slug":"natural-dog-food-cachorros","status":"publish","type":"page","link":"https:\/\/mundoanimalito.com\/index.php\/natural-dog-food-cachorros\/","title":{"rendered":"Natural Dog Food Cachorros"},"content":{"rendered":"\t\t<div data-elementor-type=\"wp-page\" data-elementor-id=\"18058\" class=\"elementor elementor-18058\" data-elementor-post-type=\"page\">\n\t\t\t\t<div class=\"elementor-element elementor-element-deeb64a e-flex e-con-boxed e-con e-parent\" data-id=\"deeb64a\" data-element_type=\"container\" data-e-type=\"container\">\n\t\t\t\t\t<div class=\"e-con-inner\">\n\t\t\t\t<div class=\"elementor-element elementor-element-829a2b9 elementor-invisible elementor-widget elementor-widget-heading\" data-id=\"829a2b9\" data-element_type=\"widget\" data-e-type=\"widget\" data-settings=\"{&quot;_animation&quot;:&quot;fadeInDown&quot;}\" data-widget_type=\"heading.default\">\n\t\t\t\t<div class=\"elementor-widget-container\">\n\t\t\t\t\t<h2 class=\"elementor-heading-title elementor-size-default\">\u00a1Cuida a tu cachorro desde el principio con Natural Dog Food Cachorros! Nuestro pienso premium est\u00e1 dise\u00f1ado con ingredientes de primera calidad para garantizar una salud \u00f3ptima desde una edad temprana. <\/h2>\t\t\t\t<\/div>\n\t\t\t\t<\/div>\n\t\t\t\t\t<\/div>\n\t\t\t\t<\/div>\n\t\t<div class=\"elementor-element elementor-element-168b769 e-flex e-con-boxed e-con e-parent\" data-id=\"168b769\" data-element_type=\"container\" data-e-type=\"container\">\n\t\t\t\t\t<div class=\"e-con-inner\">\n\t\t<div class=\"elementor-element elementor-element-c26ba2a e-con-full e-flex e-con e-child\" data-id=\"c26ba2a\" data-element_type=\"container\" data-e-type=\"container\">\n\t\t\t\t<div class=\"elementor-element elementor-element-fab3cdd elementor-widget elementor-widget-image\" data-id=\"fab3cdd\" data-element_type=\"widget\" data-e-type=\"widget\" data-widget_type=\"image.default\">\n\t\t\t\t<div class=\"elementor-widget-container\">\n\t\t\t\t\t\t\t\t\t\t\t\t\t\t\t\t<a href=\"https:\/\/amzn.to\/49sNmQM\" target=\"_blank\">\n\t\t\t\t\t\t\t<img fetchpriority=\"high\" decoding=\"async\" width=\"444\" height=\"1024\" src=\"https:\/\/mundoanimalito.com\/wp-content\/uploads\/2024\/04\/61TDtFcYevL._AC_SL1500_-444x1024.jpg\" class=\"attachment-large size-large wp-image-18045\" alt=\"Natural Dog Food Cachorros, Pienso para Cachorros, Salm\u00f3n Pollo Arroz para Cachorros, pienso Premium Cachorros, Alimento seco para Cachorros y Madres, Puppy (15 KG.)\" srcset=\"https:\/\/mundoanimalito.com\/wp-content\/uploads\/2024\/04\/61TDtFcYevL._AC_SL1500_-444x1024.jpg 444w, https:\/\/mundoanimalito.com\/wp-content\/uploads\/2024\/04\/61TDtFcYevL._AC_SL1500_-130x300.jpg 130w, https:\/\/mundoanimalito.com\/wp-content\/uploads\/2024\/04\/61TDtFcYevL._AC_SL1500_.jpg 616w\" sizes=\"(max-width: 444px) 100vw, 444px\" \/>\t\t\t\t\t\t\t\t<\/a>\n\t\t\t\t\t\t\t\t\t\t\t\t\t\t\t<\/div>\n\t\t\t\t<\/div>\n\t\t\t\t<\/div>\n\t\t<div class=\"elementor-element elementor-element-f496364 e-con-full e-flex e-con e-child\" data-id=\"f496364\" data-element_type=\"container\" data-e-type=\"container\">\n\t\t\t\t<div class=\"elementor-element elementor-element-351b76b elementor-widget elementor-widget-text-editor\" data-id=\"351b76b\" data-element_type=\"widget\" data-e-type=\"widget\" data-widget_type=\"text-editor.default\">\n\t\t\t\t<div class=\"elementor-widget-container\">\n\t\t\t\t\t\t\t\t\t<p>\ud83e\udd69 <strong>Ingredientes de Primera Calidad:<\/strong> Fabricado con salm\u00f3n, pollo y arroz, nuestro pienso ofrece una combinaci\u00f3n de prote\u00ednas, carbohidratos y grasas de alta calidad para favorecer el crecimiento y la salud de tu cachorro. Respaldado por una f\u00f3rmula avalada por veterinarios, garantizamos la mejor nutrici\u00f3n para tu amigo peludo.<\/p><p>\u00a0<\/p><p>\ud83d\udee1\ufe0f <strong>Funciones Protectoras:<\/strong> Enriquecido con Omega 3, Omega 6, vitaminas y minerales, Natural Dog Food Cachorros proporciona funciones protectoras que mantienen un estado de salud perfecto en tu cachorro. Desde el fortalecimiento del sistema inmunol\u00f3gico hasta el cuidado de la piel y el pelaje, nuestro pienso ofrece beneficios integrales para la salud de tu mascota.<\/p><p>\u00a0<\/p><p>\ud83d\udc36 <strong>Crecimiento \u00d3ptimo:<\/strong> Dise\u00f1ado para todas las razas y tama\u00f1os, nuestro pienso ofrece el tama\u00f1o adecuado de croquetas para cachorros, favoreciendo un crecimiento \u00f3ptimo y una apetecibilidad irresistible. Con ingredientes de alta calidad y un equilibrio nutricional perfecto, garantizamos que tu cachorro reciba todo lo que necesita para crecer fuerte y saludable.<\/p><p>\u00a0<\/p><p>\ud83c\udf3f <strong>Ingredientes Naturales:<\/strong> Utilizamos materias primas de la m\u00e1s alta calidad, incluyendo salm\u00f3n deshidratado, carne de pollo deshidratada, arroz integral y manteca de cerdo ib\u00e9rico. Nuestro pienso no contiene aditivos artificiales, colorantes ni conservantes, asegurando una alimentaci\u00f3n natural y saludable para tu cachorro.<\/p><p>\u00a0<\/p><p>Con Natural Dog Food Cachorros, est\u00e1s invirtiendo en la salud y el bienestar de tu cachorro desde el principio. \u00a1Haz clic en el enlace y br\u00edndale a tu peque\u00f1o amigo peludo la mejor nutrici\u00f3n para un futuro lleno de vitalidad y felicidad!<\/p>\t\t\t\t\t\t\t\t<\/div>\n\t\t\t\t<\/div>\n\t\t\t\t<div class=\"elementor-element elementor-element-ce4c458 elementor-align-right elementor-widget elementor-widget-button\" data-id=\"ce4c458\" data-element_type=\"widget\" data-e-type=\"widget\" data-widget_type=\"button.default\">\n\t\t\t\t<div class=\"elementor-widget-container\">\n\t\t\t\t\t\t\t\t\t<div class=\"elementor-button-wrapper\">\n\t\t\t\t\t<a class=\"elementor-button elementor-button-link elementor-size-sm\" href=\"https:\/\/amzn.to\/49sNmQM\" target=\"_blank\">\n\t\t\t\t\t\t<span class=\"elementor-button-content-wrapper\">\n\t\t\t\t\t\t\t\t\t<span class=\"elementor-button-text\">Compra ahora en Amazon<\/span>\n\t\t\t\t\t<\/span>\n\t\t\t\t\t<\/a>\n\t\t\t\t<\/div>\n\t\t\t\t\t\t\t\t<\/div>\n\t\t\t\t<\/div>\n\t\t\t\t<\/div>\n\t\t\t\t\t<\/div>\n\t\t\t\t<\/div>\n\t\t<div class=\"elementor-element elementor-element-5d96ed6 e-flex e-con-boxed e-con e-parent\" data-id=\"5d96ed6\" data-element_type=\"container\" data-e-type=\"container\">\n\t\t\t\t\t<div class=\"e-con-inner\">\n\t\t\t\t<div class=\"elementor-element elementor-element-7ebeda2 elementor-arrows-position-inside elementor-pagination-position-outside elementor-widget elementor-widget-image-carousel\" data-id=\"7ebeda2\" data-element_type=\"widget\" data-e-type=\"widget\" data-settings=\"{&quot;slides_to_show&quot;:&quot;1&quot;,&quot;navigation&quot;:&quot;both&quot;,&quot;autoplay&quot;:&quot;yes&quot;,&quot;pause_on_hover&quot;:&quot;yes&quot;,&quot;pause_on_interaction&quot;:&quot;yes&quot;,&quot;autoplay_speed&quot;:5000,&quot;infinite&quot;:&quot;yes&quot;,&quot;effect&quot;:&quot;slide&quot;,&quot;speed&quot;:500}\" data-widget_type=\"image-carousel.default\">\n\t\t\t\t<div class=\"elementor-widget-container\">\n\t\t\t\t\t\t\t<div class=\"elementor-image-carousel-wrapper swiper\" role=\"region\" aria-roledescription=\"carousel\" aria-label=\"Carrusel de im\u00e1genes\" dir=\"ltr\">\n\t\t\t<div class=\"elementor-image-carousel swiper-wrapper\" aria-live=\"off\">\n\t\t\t\t\t\t\t\t<div class=\"swiper-slide\" role=\"group\" aria-roledescription=\"slide\" aria-label=\"1 de 5\"><figure class=\"swiper-slide-inner\"><img decoding=\"async\" class=\"swiper-slide-image\" src=\"https:\/\/mundoanimalito.com\/wp-content\/uploads\/2024\/04\/811pZP5nCJL._AC_SL1500_-1024x1024.jpg\" alt=\"Natural Dog Food Cachorros, Pienso para Cachorros, Salm\u00f3n Pollo Arroz para Cachorros, pienso Premium Cachorros, Alimento seco para Cachorros y Madres, Puppy (15 KG.)\" \/><\/figure><\/div><div class=\"swiper-slide\" role=\"group\" aria-roledescription=\"slide\" aria-label=\"2 de 5\"><figure class=\"swiper-slide-inner\"><img decoding=\"async\" class=\"swiper-slide-image\" src=\"https:\/\/mundoanimalito.com\/wp-content\/uploads\/2024\/04\/71jdZ5iRLcL._AC_SL1500_-852x1024.jpg\" alt=\"Natural Dog Food Cachorros, Pienso para Cachorros, Salm\u00f3n Pollo Arroz para Cachorros, pienso Premium Cachorros, Alimento seco para Cachorros y Madres, Puppy (15 KG.)\" \/><\/figure><\/div><div class=\"swiper-slide\" role=\"group\" aria-roledescription=\"slide\" aria-label=\"3 de 5\"><figure class=\"swiper-slide-inner\"><img decoding=\"async\" class=\"swiper-slide-image\" src=\"https:\/\/mundoanimalito.com\/wp-content\/uploads\/2024\/04\/81KMsHZVmQL._AC_SL1500_-1024x1024.jpg\" alt=\"Natural Dog Food Cachorros, Pienso para Cachorros, Salm\u00f3n Pollo Arroz para Cachorros, pienso Premium Cachorros, Alimento seco para Cachorros y Madres, Puppy (15 KG.)\" \/><\/figure><\/div><div class=\"swiper-slide\" role=\"group\" aria-roledescription=\"slide\" aria-label=\"4 de 5\"><figure class=\"swiper-slide-inner\"><img decoding=\"async\" class=\"swiper-slide-image\" src=\"https:\/\/mundoanimalito.com\/wp-content\/uploads\/2024\/04\/61-vHYUAcL._AC_SL1500_-1024x1024.jpg\" alt=\"Natural Dog Food Cachorros, Pienso para Cachorros, Salm\u00f3n Pollo Arroz para Cachorros, pienso Premium Cachorros, Alimento seco para Cachorros y Madres, Puppy (15 KG.)\" \/><\/figure><\/div><div class=\"swiper-slide\" role=\"group\" aria-roledescription=\"slide\" aria-label=\"5 de 5\"><figure class=\"swiper-slide-inner\"><img decoding=\"async\" class=\"swiper-slide-image\" src=\"https:\/\/mundoanimalito.com\/wp-content\/uploads\/2024\/04\/71ZZE3WfP-L._AC_SL1500_-1024x1024.jpg\" alt=\"Natural Dog Food Cachorros, Pienso para Cachorros, Salm\u00f3n Pollo Arroz para Cachorros, pienso Premium Cachorros, Alimento seco para Cachorros y Madres, Puppy (15 KG.)\" \/><\/figure><\/div>\t\t\t<\/div>\n\t\t\t\t\t\t\t\t\t\t\t\t<div class=\"elementor-swiper-button elementor-swiper-button-prev\" role=\"button\" tabindex=\"0\">\n\t\t\t\t\t\t<i aria-hidden=\"true\" class=\"eicon-chevron-left\"><\/i>\t\t\t\t\t<\/div>\n\t\t\t\t\t<div class=\"elementor-swiper-button elementor-swiper-button-next\" role=\"button\" tabindex=\"0\">\n\t\t\t\t\t\t<i aria-hidden=\"true\" class=\"eicon-chevron-right\"><\/i>\t\t\t\t\t<\/div>\n\t\t\t\t\n\t\t\t\t\t\t\t\t\t<div class=\"swiper-pagination\"><\/div>\n\t\t\t\t\t\t\t\t\t<\/div>\n\t\t\t\t\t\t<\/div>\n\t\t\t\t<\/div>\n\t\t\t\t\t<\/div>\n\t\t\t\t<\/div>\n\t\t<div class=\"elementor-element elementor-element-2a61222 e-flex e-con-boxed e-con e-parent\" data-id=\"2a61222\" data-element_type=\"container\" data-e-type=\"container\">\n\t\t\t\t\t<div class=\"e-con-inner\">\n\t\t\t\t<div class=\"elementor-element elementor-element-d8f5e2e elementor-align-right elementor-widget elementor-widget-button\" data-id=\"d8f5e2e\" data-element_type=\"widget\" data-e-type=\"widget\" data-widget_type=\"button.default\">\n\t\t\t\t<div class=\"elementor-widget-container\">\n\t\t\t\t\t\t\t\t\t<div class=\"elementor-button-wrapper\">\n\t\t\t\t\t<a class=\"elementor-button elementor-button-link elementor-size-sm\" href=\"https:\/\/amzn.to\/49sNmQM\" target=\"_blank\">\n\t\t\t\t\t\t<span class=\"elementor-button-content-wrapper\">\n\t\t\t\t\t\t\t\t\t<span class=\"elementor-button-text\">Compra ahora en Amazon<\/span>\n\t\t\t\t\t<\/span>\n\t\t\t\t\t<\/a>\n\t\t\t\t<\/div>\n\t\t\t\t\t\t\t\t<\/div>\n\t\t\t\t<\/div>\n\t\t\t\t\t<\/div>\n\t\t\t\t<\/div>\n\t\t\t\t<\/div>\n\t\t","protected":false},"excerpt":{"rendered":"<p>\u00a1Cuida a tu cachorro desde el principio con Natural Dog Food Cachorros! Nuestro pienso premium est\u00e1 dise\u00f1ado con ingredientes de primera calidad para garantizar una salud \u00f3ptima desde una edad temprana. \ud83e\udd69 Ingredientes de Primera Calidad: Fabricado con salm\u00f3n, pollo y arroz, nuestro pienso ofrece una combinaci\u00f3n de prote\u00ednas, carbohidratos y grasas de alta calidad [&hellip;]<\/p>\n","protected":false},"author":1,"featured_media":0,"parent":0,"menu_order":0,"comment_status":"closed","ping_status":"closed","template":"","meta":{"site-sidebar-layout":"no-sidebar","site-content-layout":"page-builder","ast-site-content-layout":"full-width-container","site-content-style":"default","site-sidebar-style":"default","ast-global-header-display":"","ast-banner-title-visibility":"","ast-main-header-display":"","ast-hfb-above-header-display":"","ast-hfb-below-header-display":"","ast-hfb-mobile-header-display":"","site-post-title":"disabled","ast-breadcrumbs-content":"","ast-featured-img":"disabled","footer-sml-layout":"","ast-disable-related-posts":"","theme-transparent-header-meta":"","adv-header-id-meta":"","stick-header-meta":"","header-above-stick-meta":"","header-main-stick-meta":"","header-below-stick-meta":"","astra-migrate-meta-layouts":"set","ast-page-background-enabled":"default","ast-page-background-meta":{"desktop":{"background-color":"var(--ast-global-color-4)","background-image":"","background-repeat":"repeat","background-position":"center center","background-size":"auto","background-attachment":"scroll","background-type":"","background-media":"","overlay-type":"","overlay-color":"","overlay-opacity":"","overlay-gradient":""},"tablet":{"background-color":"","background-image":"","background-repeat":"repeat","background-position":"center center","background-size":"auto","background-attachment":"scroll","background-type":"","background-media":"","overlay-type":"","overlay-color":"","overlay-opacity":"","overlay-gradient":""},"mobile":{"background-color":"","background-image":"","background-repeat":"repeat","background-position":"center center","background-size":"auto","background-attachment":"scroll","background-type":"","background-media":"","overlay-type":"","overlay-color":"","overlay-opacity":"","overlay-gradient":""}},"ast-content-background-meta":{"desktop":{"background-color":"var(--ast-global-color-5)","background-image":"","background-repeat":"repeat","background-position":"center center","background-size":"auto","background-attachment":"scroll","background-type":"","background-media":"","overlay-type":"","overlay-color":"","overlay-opacity":"","overlay-gradient":""},"tablet":{"background-color":"var(--ast-global-color-5)","background-image":"","background-repeat":"repeat","background-position":"center center","background-size":"auto","background-attachment":"scroll","background-type":"","background-media":"","overlay-type":"","overlay-color":"","overlay-opacity":"","overlay-gradient":""},"mobile":{"background-color":"var(--ast-global-color-5)","background-image":"","background-repeat":"repeat","background-position":"center center","background-size":"auto","background-attachment":"scroll","background-type":"","background-media":"","overlay-type":"","overlay-color":"","overlay-opacity":"","overlay-gradient":""}},"footnotes":""},"class_list":["post-18058","page","type-page","status-publish","hentry"],"yoast_head":"<!-- This site is optimized with the Yoast SEO plugin v27.4 - https:\/\/yoast.com\/product\/yoast-seo-wordpress\/ -->\n<title>Natural Dog Food Cachorros, Pienso para Cachorros | Mundo Animalito<\/title>\n<meta name=\"description\" content=\"Natural Dog Food Cachorros, Pienso para Cachorros, Salm\u00f3n Pollo Arroz para Cachorros, pienso Premium Cachorros, Alimento seco para Cachorros y Madres, Puppy (15 KG.)\" \/>\n<meta name=\"robots\" content=\"index, follow, max-snippet:-1, max-image-preview:large, max-video-preview:-1\" \/>\n<link rel=\"canonical\" href=\"https:\/\/mundoanimalito.com\/index.php\/natural-dog-food-cachorros\/\" \/>\n<meta property=\"og:locale\" content=\"es_ES\" \/>\n<meta property=\"og:type\" content=\"article\" \/>\n<meta property=\"og:title\" content=\"Natural Dog Food Cachorros, Pienso para Cachorros | Mundo Animalito\" \/>\n<meta property=\"og:description\" content=\"Natural Dog Food Cachorros, Pienso para Cachorros, Salm\u00f3n Pollo Arroz para Cachorros, pienso Premium Cachorros, Alimento seco para Cachorros y Madres, Puppy (15 KG.)\" \/>\n<meta property=\"og:url\" content=\"https:\/\/mundoanimalito.com\/index.php\/natural-dog-food-cachorros\/\" \/>\n<meta property=\"og:site_name\" content=\"Mundo Animalito\" \/>\n<meta property=\"article:publisher\" content=\"https:\/\/www.facebook.com\/mundoanimalito77\" \/>\n<meta property=\"article:modified_time\" content=\"2024-09-09T23:00:10+00:00\" \/>\n<meta property=\"og:image\" content=\"https:\/\/mundoanimalito.com\/wp-content\/uploads\/2024\/04\/61TDtFcYevL._AC_SL1500_-444x1024.jpg\" \/>\n<meta name=\"twitter:card\" content=\"summary_large_image\" \/>\n<meta name=\"twitter:label1\" content=\"Tiempo de lectura\" \/>\n\t<meta name=\"twitter:data1\" content=\"3 minutos\" \/>\n<script type=\"application\/ld+json\" class=\"yoast-schema-graph\">{\"@context\":\"https:\\\/\\\/schema.org\",\"@graph\":[{\"@type\":\"WebPage\",\"@id\":\"https:\\\/\\\/mundoanimalito.com\\\/index.php\\\/natural-dog-food-cachorros\\\/\",\"url\":\"https:\\\/\\\/mundoanimalito.com\\\/index.php\\\/natural-dog-food-cachorros\\\/\",\"name\":\"Natural Dog Food Cachorros, Pienso para Cachorros | Mundo Animalito\",\"isPartOf\":{\"@id\":\"https:\\\/\\\/mundoanimalito.com\\\/#website\"},\"primaryImageOfPage\":{\"@id\":\"https:\\\/\\\/mundoanimalito.com\\\/index.php\\\/natural-dog-food-cachorros\\\/#primaryimage\"},\"image\":{\"@id\":\"https:\\\/\\\/mundoanimalito.com\\\/index.php\\\/natural-dog-food-cachorros\\\/#primaryimage\"},\"thumbnailUrl\":\"https:\\\/\\\/mundoanimalito.com\\\/wp-content\\\/uploads\\\/2024\\\/04\\\/61TDtFcYevL._AC_SL1500_-444x1024.jpg\",\"datePublished\":\"2024-04-08T15:36:10+00:00\",\"dateModified\":\"2024-09-09T23:00:10+00:00\",\"description\":\"Natural Dog Food Cachorros, Pienso para Cachorros, Salm\u00f3n Pollo Arroz para Cachorros, pienso Premium Cachorros, Alimento seco para Cachorros y Madres, Puppy (15 KG.)\",\"breadcrumb\":{\"@id\":\"https:\\\/\\\/mundoanimalito.com\\\/index.php\\\/natural-dog-food-cachorros\\\/#breadcrumb\"},\"inLanguage\":\"es\",\"potentialAction\":[{\"@type\":\"ReadAction\",\"target\":[\"https:\\\/\\\/mundoanimalito.com\\\/index.php\\\/natural-dog-food-cachorros\\\/\"]}]},{\"@type\":\"ImageObject\",\"inLanguage\":\"es\",\"@id\":\"https:\\\/\\\/mundoanimalito.com\\\/index.php\\\/natural-dog-food-cachorros\\\/#primaryimage\",\"url\":\"https:\\\/\\\/mundoanimalito.com\\\/wp-content\\\/uploads\\\/2024\\\/04\\\/61TDtFcYevL._AC_SL1500_.jpg\",\"contentUrl\":\"https:\\\/\\\/mundoanimalito.com\\\/wp-content\\\/uploads\\\/2024\\\/04\\\/61TDtFcYevL._AC_SL1500_.jpg\",\"width\":616,\"height\":1421,\"caption\":\"Natural Dog Food Cachorros, Pienso para Cachorros, Salm\u00f3n Pollo Arroz para Cachorros, pienso Premium Cachorros, Alimento seco para Cachorros y Madres, Puppy (15 KG.)\"},{\"@type\":\"BreadcrumbList\",\"@id\":\"https:\\\/\\\/mundoanimalito.com\\\/index.php\\\/natural-dog-food-cachorros\\\/#breadcrumb\",\"itemListElement\":[{\"@type\":\"ListItem\",\"position\":1,\"name\":\"Portada\",\"item\":\"https:\\\/\\\/mundoanimalito.com\\\/\"},{\"@type\":\"ListItem\",\"position\":2,\"name\":\"Natural Dog Food Cachorros\"}]},{\"@type\":\"WebSite\",\"@id\":\"https:\\\/\\\/mundoanimalito.com\\\/#website\",\"url\":\"https:\\\/\\\/mundoanimalito.com\\\/\",\"name\":\"Mundo Animalito\",\"description\":\"Datos y curiosidades de los animales, encuentra ac\u00e1 todo para tu mascota\",\"publisher\":{\"@id\":\"https:\\\/\\\/mundoanimalito.com\\\/#organization\"},\"potentialAction\":[{\"@type\":\"SearchAction\",\"target\":{\"@type\":\"EntryPoint\",\"urlTemplate\":\"https:\\\/\\\/mundoanimalito.com\\\/?s={search_term_string}\"},\"query-input\":{\"@type\":\"PropertyValueSpecification\",\"valueRequired\":true,\"valueName\":\"search_term_string\"}}],\"inLanguage\":\"es\"},{\"@type\":\"Organization\",\"@id\":\"https:\\\/\\\/mundoanimalito.com\\\/#organization\",\"name\":\"Mundo Animalito\",\"url\":\"https:\\\/\\\/mundoanimalito.com\\\/\",\"logo\":{\"@type\":\"ImageObject\",\"inLanguage\":\"es\",\"@id\":\"https:\\\/\\\/mundoanimalito.com\\\/#\\\/schema\\\/logo\\\/image\\\/\",\"url\":\"https:\\\/\\\/mundoanimalito.com\\\/wp-content\\\/uploads\\\/2023\\\/10\\\/cropped-cropped-LOGO-OFICIAL-ULTIMA-VERSION-1.jpg\",\"contentUrl\":\"https:\\\/\\\/mundoanimalito.com\\\/wp-content\\\/uploads\\\/2023\\\/10\\\/cropped-cropped-LOGO-OFICIAL-ULTIMA-VERSION-1.jpg\",\"width\":374,\"height\":425,\"caption\":\"Mundo Animalito\"},\"image\":{\"@id\":\"https:\\\/\\\/mundoanimalito.com\\\/#\\\/schema\\\/logo\\\/image\\\/\"},\"sameAs\":[\"https:\\\/\\\/www.facebook.com\\\/mundoanimalito77\",\"https:\\\/\\\/www.instagram.com\\\/mundoanimalito77\\\/\",\"https:\\\/\\\/www.tiktok.com\\\/@mundoanimalito77\",\"https:\\\/\\\/www.youtube.com\\\/channel\\\/UCLo2JhNUNtHVraDt5aHadew\"]}]}<\/script>\n<!-- \/ Yoast SEO plugin. -->","yoast_head_json":{"title":"Natural Dog Food Cachorros, Pienso para Cachorros | Mundo Animalito","description":"Natural Dog Food Cachorros, Pienso para Cachorros, Salm\u00f3n Pollo Arroz para Cachorros, pienso Premium Cachorros, Alimento seco para Cachorros y Madres, Puppy (15 KG.)","robots":{"index":"index","follow":"follow","max-snippet":"max-snippet:-1","max-image-preview":"max-image-preview:large","max-video-preview":"max-video-preview:-1"},"canonical":"https:\/\/mundoanimalito.com\/index.php\/natural-dog-food-cachorros\/","og_locale":"es_ES","og_type":"article","og_title":"Natural Dog Food Cachorros, Pienso para Cachorros | Mundo Animalito","og_description":"Natural Dog Food Cachorros, Pienso para Cachorros, Salm\u00f3n Pollo Arroz para Cachorros, pienso Premium Cachorros, Alimento seco para Cachorros y Madres, Puppy (15 KG.)","og_url":"https:\/\/mundoanimalito.com\/index.php\/natural-dog-food-cachorros\/","og_site_name":"Mundo Animalito","article_publisher":"https:\/\/www.facebook.com\/mundoanimalito77","article_modified_time":"2024-09-09T23:00:10+00:00","og_image":[{"url":"https:\/\/mundoanimalito.com\/wp-content\/uploads\/2024\/04\/61TDtFcYevL._AC_SL1500_-444x1024.jpg","type":"","width":"","height":""}],"twitter_card":"summary_large_image","twitter_misc":{"Tiempo de lectura":"3 minutos"},"schema":{"@context":"https:\/\/schema.org","@graph":[{"@type":"WebPage","@id":"https:\/\/mundoanimalito.com\/index.php\/natural-dog-food-cachorros\/","url":"https:\/\/mundoanimalito.com\/index.php\/natural-dog-food-cachorros\/","name":"Natural Dog Food Cachorros, Pienso para Cachorros | Mundo Animalito","isPartOf":{"@id":"https:\/\/mundoanimalito.com\/#website"},"primaryImageOfPage":{"@id":"https:\/\/mundoanimalito.com\/index.php\/natural-dog-food-cachorros\/#primaryimage"},"image":{"@id":"https:\/\/mundoanimalito.com\/index.php\/natural-dog-food-cachorros\/#primaryimage"},"thumbnailUrl":"https:\/\/mundoanimalito.com\/wp-content\/uploads\/2024\/04\/61TDtFcYevL._AC_SL1500_-444x1024.jpg","datePublished":"2024-04-08T15:36:10+00:00","dateModified":"2024-09-09T23:00:10+00:00","description":"Natural Dog Food Cachorros, Pienso para Cachorros, Salm\u00f3n Pollo Arroz para Cachorros, pienso Premium Cachorros, Alimento seco para Cachorros y Madres, Puppy (15 KG.)","breadcrumb":{"@id":"https:\/\/mundoanimalito.com\/index.php\/natural-dog-food-cachorros\/#breadcrumb"},"inLanguage":"es","potentialAction":[{"@type":"ReadAction","target":["https:\/\/mundoanimalito.com\/index.php\/natural-dog-food-cachorros\/"]}]},{"@type":"ImageObject","inLanguage":"es","@id":"https:\/\/mundoanimalito.com\/index.php\/natural-dog-food-cachorros\/#primaryimage","url":"https:\/\/mundoanimalito.com\/wp-content\/uploads\/2024\/04\/61TDtFcYevL._AC_SL1500_.jpg","contentUrl":"https:\/\/mundoanimalito.com\/wp-content\/uploads\/2024\/04\/61TDtFcYevL._AC_SL1500_.jpg","width":616,"height":1421,"caption":"Natural Dog Food Cachorros, Pienso para Cachorros, Salm\u00f3n Pollo Arroz para Cachorros, pienso Premium Cachorros, Alimento seco para Cachorros y Madres, Puppy (15 KG.)"},{"@type":"BreadcrumbList","@id":"https:\/\/mundoanimalito.com\/index.php\/natural-dog-food-cachorros\/#breadcrumb","itemListElement":[{"@type":"ListItem","position":1,"name":"Portada","item":"https:\/\/mundoanimalito.com\/"},{"@type":"ListItem","position":2,"name":"Natural Dog Food Cachorros"}]},{"@type":"WebSite","@id":"https:\/\/mundoanimalito.com\/#website","url":"https:\/\/mundoanimalito.com\/","name":"Mundo Animalito","description":"Datos y curiosidades de los animales, encuentra ac\u00e1 todo para tu mascota","publisher":{"@id":"https:\/\/mundoanimalito.com\/#organization"},"potentialAction":[{"@type":"SearchAction","target":{"@type":"EntryPoint","urlTemplate":"https:\/\/mundoanimalito.com\/?s={search_term_string}"},"query-input":{"@type":"PropertyValueSpecification","valueRequired":true,"valueName":"search_term_string"}}],"inLanguage":"es"},{"@type":"Organization","@id":"https:\/\/mundoanimalito.com\/#organization","name":"Mundo Animalito","url":"https:\/\/mundoanimalito.com\/","logo":{"@type":"ImageObject","inLanguage":"es","@id":"https:\/\/mundoanimalito.com\/#\/schema\/logo\/image\/","url":"https:\/\/mundoanimalito.com\/wp-content\/uploads\/2023\/10\/cropped-cropped-LOGO-OFICIAL-ULTIMA-VERSION-1.jpg","contentUrl":"https:\/\/mundoanimalito.com\/wp-content\/uploads\/2023\/10\/cropped-cropped-LOGO-OFICIAL-ULTIMA-VERSION-1.jpg","width":374,"height":425,"caption":"Mundo Animalito"},"image":{"@id":"https:\/\/mundoanimalito.com\/#\/schema\/logo\/image\/"},"sameAs":["https:\/\/www.facebook.com\/mundoanimalito77","https:\/\/www.instagram.com\/mundoanimalito77\/","https:\/\/www.tiktok.com\/@mundoanimalito77","https:\/\/www.youtube.com\/channel\/UCLo2JhNUNtHVraDt5aHadew"]}]}},"_links":{"self":[{"href":"https:\/\/mundoanimalito.com\/index.php\/wp-json\/wp\/v2\/pages\/18058","targetHints":{"allow":["GET"]}}],"collection":[{"href":"https:\/\/mundoanimalito.com\/index.php\/wp-json\/wp\/v2\/pages"}],"about":[{"href":"https:\/\/mundoanimalito.com\/index.php\/wp-json\/wp\/v2\/types\/page"}],"author":[{"embeddable":true,"href":"https:\/\/mundoanimalito.com\/index.php\/wp-json\/wp\/v2\/users\/1"}],"replies":[{"embeddable":true,"href":"https:\/\/mundoanimalito.com\/index.php\/wp-json\/wp\/v2\/comments?post=18058"}],"version-history":[{"count":0,"href":"https:\/\/mundoanimalito.com\/index.php\/wp-json\/wp\/v2\/pages\/18058\/revisions"}],"wp:attachment":[{"href":"https:\/\/mundoanimalito.com\/index.php\/wp-json\/wp\/v2\/media?parent=18058"}],"curies":[{"name":"wp","href":"https:\/\/api.w.org\/{rel}","templated":true}]}}