{"id":17952,"date":"2024-04-08T07:55:22","date_gmt":"2024-04-08T12:55:22","guid":{"rendered":"https:\/\/mundoanimalito.com\/?page_id=17952"},"modified":"2024-09-05T09:13:14","modified_gmt":"2024-09-05T14:13:14","slug":"josera-minijunior","status":"publish","type":"page","link":"https:\/\/mundoanimalito.com\/index.php\/josera-minijunior\/","title":{"rendered":"JOSERA MiniJunior"},"content":{"rendered":"\t\t<div data-elementor-type=\"wp-page\" data-elementor-id=\"17952\" class=\"elementor elementor-17952\" data-elementor-post-type=\"page\">\n\t\t\t\t<div class=\"elementor-element elementor-element-d5b668a e-flex e-con-boxed e-con e-parent\" data-id=\"d5b668a\" data-element_type=\"container\" data-e-type=\"container\">\n\t\t\t\t\t<div class=\"e-con-inner\">\n\t\t\t\t<div class=\"elementor-element elementor-element-6dcb01c elementor-invisible elementor-widget elementor-widget-heading\" data-id=\"6dcb01c\" data-element_type=\"widget\" data-e-type=\"widget\" data-settings=\"{&quot;_animation&quot;:&quot;fadeInDown&quot;}\" data-widget_type=\"heading.default\">\n\t\t\t\t<div class=\"elementor-widget-container\">\n\t\t\t\t\t<h2 class=\"elementor-heading-title elementor-size-default\">\u00a1Dale a tu cachorro el mejor comienzo con Josera MiniJunior! Nuestro alimento especial para cachorros de razas peque\u00f1as est\u00e1 dise\u00f1ado para ofrecer beneficios excepcionales que promueven su salud y bienestar<\/h2>\t\t\t\t<\/div>\n\t\t\t\t<\/div>\n\t\t\t\t\t<\/div>\n\t\t\t\t<\/div>\n\t\t<div class=\"elementor-element elementor-element-faeb008 e-flex e-con-boxed e-con e-parent\" data-id=\"faeb008\" data-element_type=\"container\" data-e-type=\"container\">\n\t\t\t\t\t<div class=\"e-con-inner\">\n\t\t<div class=\"elementor-element elementor-element-0f8dfd3 e-con-full e-flex e-con e-child\" data-id=\"0f8dfd3\" data-element_type=\"container\" data-e-type=\"container\">\n\t\t\t\t<div class=\"elementor-element elementor-element-8ed08d3 elementor-widget elementor-widget-image\" data-id=\"8ed08d3\" data-element_type=\"widget\" data-e-type=\"widget\" data-widget_type=\"image.default\">\n\t\t\t\t<div class=\"elementor-widget-container\">\n\t\t\t\t\t\t\t\t\t\t\t\t\t\t\t\t<a href=\"https:\/\/amzn.to\/3xpchHz\" target=\"_blank\">\n\t\t\t\t\t\t\t<img fetchpriority=\"high\" decoding=\"async\" width=\"502\" height=\"808\" src=\"https:\/\/mundoanimalito.com\/wp-content\/uploads\/2024\/04\/612OjODvNKL._AC_SL1200_.jpg\" class=\"attachment-large size-large wp-image-17936\" alt=\"JOSERA MiniJunior (1 x 10 kg) | Comida para Cachorros para Razas peque\u00f1as | para un Desarrollo \u00f3ptimo | Alimento seco s\u00faper Premium para Perros en Crecimiento | 1 Unidad\" srcset=\"https:\/\/mundoanimalito.com\/wp-content\/uploads\/2024\/04\/612OjODvNKL._AC_SL1200_.jpg 502w, https:\/\/mundoanimalito.com\/wp-content\/uploads\/2024\/04\/612OjODvNKL._AC_SL1200_-186x300.jpg 186w\" sizes=\"(max-width: 502px) 100vw, 502px\" \/>\t\t\t\t\t\t\t\t<\/a>\n\t\t\t\t\t\t\t\t\t\t\t\t\t\t\t<\/div>\n\t\t\t\t<\/div>\n\t\t\t\t<\/div>\n\t\t<div class=\"elementor-element elementor-element-3788bb8 e-con-full e-flex e-con e-child\" data-id=\"3788bb8\" data-element_type=\"container\" data-e-type=\"container\">\n\t\t\t\t<div class=\"elementor-element elementor-element-5c38539 elementor-widget elementor-widget-text-editor\" data-id=\"5c38539\" data-element_type=\"widget\" data-e-type=\"widget\" data-widget_type=\"text-editor.default\">\n\t\t\t\t<div class=\"elementor-widget-container\">\n\t\t\t\t\t\t\t\t\t<p>\ud83e\udd86 <strong>Delicioso Sabor:<\/strong> MiniJunior cuenta con la deliciosa prote\u00edna de pato y salm\u00f3n, lo que lo convierte en una opci\u00f3n irresistible para tu peque\u00f1o gourmet. Con cada bocado, tu cachorro disfrutar\u00e1 de una experiencia culinaria \u00fanica que satisfar\u00e1 incluso a los paladares m\u00e1s exigentes.<\/p><p>\u00a0<\/p><p>\ud83c\udf3f <strong>Ingredientes de Calidad:<\/strong> Nuestra f\u00f3rmula est\u00e1 elaborada con ingredientes controlados y de alta calidad, sin la adici\u00f3n de trigo, soja, az\u00facar, colorantes ni sabores artificiales. Esto garantiza que tu cachorro reciba una alimentaci\u00f3n sana y equilibrada que contribuya a su crecimiento y desarrollo \u00f3ptimos.<\/p><p>\u00a0<\/p><p>\ud83d\udc15 <strong>Desarrollo Saludable:<\/strong> MiniJunior proporciona los nutrientes necesarios para un desarrollo saludable, incluidos los valiosos \u00e1cidos grasos que promueven una piel sana y un pelaje hermoso. Con nuestra comida, tu cachorro estar\u00e1 preparado para enfrentar el mundo con vitalidad y energ\u00eda.<\/p><p>\u00a0<\/p><p>\ud83e\uddb7 <strong>Profilaxis Dental:<\/strong> Nuestra f\u00f3rmula incluye la profilaxis dental, que ayuda a reducir el riesgo de formaci\u00f3n de sarro, una preocupaci\u00f3n com\u00fan en las razas de perros peque\u00f1as. Con MiniJunior, puedes estar seguro de que est\u00e1s cuidando la salud dental de tu cachorro desde una edad temprana.<\/p><p>\u00a0<\/p><p>\ud83c\udde9\ud83c\uddea <strong>Fabricado en Alemania:<\/strong> MiniJunior es fabricado en Alemania por una empresa familiar mediana, comprometida con la calidad y el bienestar animal. Adem\u00e1s, nuestro producto no es testeado en animales, demostrando nuestro compromiso con el respeto y cuidado de los animales.<\/p><p>\u00a0<\/p><p>Con Josera MiniJunior, est\u00e1s invirtiendo en el futuro de tu cachorro,\u00a0<\/p>\t\t\t\t\t\t\t\t<\/div>\n\t\t\t\t<\/div>\n\t\t\t\t<\/div>\n\t\t\t\t\t<\/div>\n\t\t\t\t<\/div>\n\t\t<div class=\"elementor-element elementor-element-586fa33 e-flex e-con-boxed e-con e-parent\" data-id=\"586fa33\" data-element_type=\"container\" data-e-type=\"container\">\n\t\t\t\t\t<div class=\"e-con-inner\">\n\t\t\t\t<div class=\"elementor-element elementor-element-6ddb870 elementor-widget elementor-widget-text-editor\" data-id=\"6ddb870\" data-element_type=\"widget\" data-e-type=\"widget\" data-widget_type=\"text-editor.default\">\n\t\t\t\t<div class=\"elementor-widget-container\">\n\t\t\t\t\t\t\t\t\t<p>proporcion\u00e1ndole una alimentaci\u00f3n de calidad que lo acompa\u00f1ar\u00e1 en todas sus aventuras. Haz clic en el bot\u00f3n y br\u00edndale a tu cachorro el cuidado y la nutrici\u00f3n que se merece.<\/p>\t\t\t\t\t\t\t\t<\/div>\n\t\t\t\t<\/div>\n\t\t\t\t<div class=\"elementor-element elementor-element-853ec04 elementor-align-right elementor-widget elementor-widget-button\" data-id=\"853ec04\" data-element_type=\"widget\" data-e-type=\"widget\" data-widget_type=\"button.default\">\n\t\t\t\t<div class=\"elementor-widget-container\">\n\t\t\t\t\t\t\t\t\t<div class=\"elementor-button-wrapper\">\n\t\t\t\t\t<a class=\"elementor-button elementor-button-link elementor-size-sm\" href=\"https:\/\/amzn.to\/3xpchHz\" target=\"_blank\">\n\t\t\t\t\t\t<span class=\"elementor-button-content-wrapper\">\n\t\t\t\t\t\t\t\t\t<span class=\"elementor-button-text\">Compra ahora en Amazon<\/span>\n\t\t\t\t\t<\/span>\n\t\t\t\t\t<\/a>\n\t\t\t\t<\/div>\n\t\t\t\t\t\t\t\t<\/div>\n\t\t\t\t<\/div>\n\t\t\t\t\t<\/div>\n\t\t\t\t<\/div>\n\t\t<div class=\"elementor-element elementor-element-7ece677 e-flex e-con-boxed e-con e-parent\" data-id=\"7ece677\" data-element_type=\"container\" data-e-type=\"container\">\n\t\t\t\t\t<div class=\"e-con-inner\">\n\t\t\t\t<div class=\"elementor-element elementor-element-1b4d143 elementor-arrows-position-inside elementor-pagination-position-outside elementor-widget elementor-widget-image-carousel\" data-id=\"1b4d143\" data-element_type=\"widget\" data-e-type=\"widget\" data-settings=\"{&quot;slides_to_show&quot;:&quot;1&quot;,&quot;navigation&quot;:&quot;both&quot;,&quot;autoplay&quot;:&quot;yes&quot;,&quot;pause_on_hover&quot;:&quot;yes&quot;,&quot;pause_on_interaction&quot;:&quot;yes&quot;,&quot;autoplay_speed&quot;:5000,&quot;infinite&quot;:&quot;yes&quot;,&quot;effect&quot;:&quot;slide&quot;,&quot;speed&quot;:500}\" data-widget_type=\"image-carousel.default\">\n\t\t\t\t<div class=\"elementor-widget-container\">\n\t\t\t\t\t\t\t<div class=\"elementor-image-carousel-wrapper swiper\" role=\"region\" aria-roledescription=\"carousel\" aria-label=\"Carrusel de im\u00e1genes\" dir=\"ltr\">\n\t\t\t<div class=\"elementor-image-carousel swiper-wrapper\" aria-live=\"off\">\n\t\t\t\t\t\t\t\t<div class=\"swiper-slide\" role=\"group\" aria-roledescription=\"slide\" aria-label=\"1 de 4\"><figure class=\"swiper-slide-inner\"><img decoding=\"async\" class=\"swiper-slide-image\" src=\"https:\/\/mundoanimalito.com\/wp-content\/uploads\/2024\/04\/61Uxy6x8fGL._AC_SL1200_-1024x853.jpg\" alt=\"JOSERA MiniJunior (1 x 10 kg) | Comida para Cachorros para Razas peque\u00f1as | para un Desarrollo \u00f3ptimo | Alimento seco s\u00faper Premium para Perros en Crecimiento | 1 Unidad\" \/><\/figure><\/div><div class=\"swiper-slide\" role=\"group\" aria-roledescription=\"slide\" aria-label=\"2 de 4\"><figure class=\"swiper-slide-inner\"><img decoding=\"async\" class=\"swiper-slide-image\" src=\"https:\/\/mundoanimalito.com\/wp-content\/uploads\/2024\/04\/61Ta4XoTCSL._AC_SL1200_-1024x853.jpg\" alt=\"JOSERA MiniJunior (1 x 10 kg) | Comida para Cachorros para Razas peque\u00f1as | para un Desarrollo \u00f3ptimo | Alimento seco s\u00faper Premium para Perros en Crecimiento | 1 Unidad\" \/><\/figure><\/div><div class=\"swiper-slide\" role=\"group\" aria-roledescription=\"slide\" aria-label=\"3 de 4\"><figure class=\"swiper-slide-inner\"><img decoding=\"async\" class=\"swiper-slide-image\" src=\"https:\/\/mundoanimalito.com\/wp-content\/uploads\/2024\/04\/61vgOORWESL._AC_SL1200_-1024x853.jpg\" alt=\"JOSERA MiniJunior (1 x 10 kg) | Comida para Cachorros para Razas peque\u00f1as | para un Desarrollo \u00f3ptimo | Alimento seco s\u00faper Premium para Perros en Crecimiento | 1 Unidad\" \/><\/figure><\/div><div class=\"swiper-slide\" role=\"group\" aria-roledescription=\"slide\" aria-label=\"4 de 4\"><figure class=\"swiper-slide-inner\"><img decoding=\"async\" class=\"swiper-slide-image\" src=\"https:\/\/mundoanimalito.com\/wp-content\/uploads\/2024\/04\/61QP5jngc7L._AC_SL1200_-1024x853.jpg\" alt=\"JOSERA MiniJunior (1 x 10 kg) | Comida para Cachorros para Razas peque\u00f1as | para un Desarrollo \u00f3ptimo | Alimento seco s\u00faper Premium para Perros en Crecimiento | 1 Unidad\" \/><\/figure><\/div>\t\t\t<\/div>\n\t\t\t\t\t\t\t\t\t\t\t\t<div class=\"elementor-swiper-button elementor-swiper-button-prev\" role=\"button\" tabindex=\"0\">\n\t\t\t\t\t\t<i aria-hidden=\"true\" class=\"eicon-chevron-left\"><\/i>\t\t\t\t\t<\/div>\n\t\t\t\t\t<div class=\"elementor-swiper-button elementor-swiper-button-next\" role=\"button\" tabindex=\"0\">\n\t\t\t\t\t\t<i aria-hidden=\"true\" class=\"eicon-chevron-right\"><\/i>\t\t\t\t\t<\/div>\n\t\t\t\t\n\t\t\t\t\t\t\t\t\t<div class=\"swiper-pagination\"><\/div>\n\t\t\t\t\t\t\t\t\t<\/div>\n\t\t\t\t\t\t<\/div>\n\t\t\t\t<\/div>\n\t\t\t\t\t<\/div>\n\t\t\t\t<\/div>\n\t\t<div class=\"elementor-element elementor-element-0a9045f e-flex e-con-boxed e-con e-parent\" data-id=\"0a9045f\" data-element_type=\"container\" data-e-type=\"container\">\n\t\t\t\t\t<div class=\"e-con-inner\">\n\t\t\t\t<div class=\"elementor-element elementor-element-7b39950 elementor-align-right elementor-widget elementor-widget-button\" data-id=\"7b39950\" data-element_type=\"widget\" data-e-type=\"widget\" data-widget_type=\"button.default\">\n\t\t\t\t<div class=\"elementor-widget-container\">\n\t\t\t\t\t\t\t\t\t<div class=\"elementor-button-wrapper\">\n\t\t\t\t\t<a class=\"elementor-button elementor-button-link elementor-size-sm\" href=\"https:\/\/amzn.to\/3xpchHz\" target=\"_blank\">\n\t\t\t\t\t\t<span class=\"elementor-button-content-wrapper\">\n\t\t\t\t\t\t\t\t\t<span class=\"elementor-button-text\">Compra ahora en Amazon<\/span>\n\t\t\t\t\t<\/span>\n\t\t\t\t\t<\/a>\n\t\t\t\t<\/div>\n\t\t\t\t\t\t\t\t<\/div>\n\t\t\t\t<\/div>\n\t\t\t\t\t<\/div>\n\t\t\t\t<\/div>\n\t\t\t\t<\/div>\n\t\t","protected":false},"excerpt":{"rendered":"<p>\u00a1Dale a tu cachorro el mejor comienzo con Josera MiniJunior! Nuestro alimento especial para cachorros de razas peque\u00f1as est\u00e1 dise\u00f1ado para ofrecer beneficios excepcionales que promueven su salud y bienestar \ud83e\udd86 Delicioso Sabor: MiniJunior cuenta con la deliciosa prote\u00edna de pato y salm\u00f3n, lo que lo convierte en una opci\u00f3n irresistible para tu peque\u00f1o gourmet. [&hellip;]<\/p>\n","protected":false},"author":1,"featured_media":0,"parent":0,"menu_order":0,"comment_status":"closed","ping_status":"closed","template":"","meta":{"site-sidebar-layout":"no-sidebar","site-content-layout":"page-builder","ast-site-content-layout":"full-width-container","site-content-style":"default","site-sidebar-style":"default","ast-global-header-display":"","ast-banner-title-visibility":"","ast-main-header-display":"","ast-hfb-above-header-display":"","ast-hfb-below-header-display":"","ast-hfb-mobile-header-display":"","site-post-title":"disabled","ast-breadcrumbs-content":"","ast-featured-img":"disabled","footer-sml-layout":"","ast-disable-related-posts":"","theme-transparent-header-meta":"","adv-header-id-meta":"","stick-header-meta":"","header-above-stick-meta":"","header-main-stick-meta":"","header-below-stick-meta":"","astra-migrate-meta-layouts":"set","ast-page-background-enabled":"default","ast-page-background-meta":{"desktop":{"background-color":"var(--ast-global-color-4)","background-image":"","background-repeat":"repeat","background-position":"center center","background-size":"auto","background-attachment":"scroll","background-type":"","background-media":"","overlay-type":"","overlay-color":"","overlay-opacity":"","overlay-gradient":""},"tablet":{"background-color":"","background-image":"","background-repeat":"repeat","background-position":"center center","background-size":"auto","background-attachment":"scroll","background-type":"","background-media":"","overlay-type":"","overlay-color":"","overlay-opacity":"","overlay-gradient":""},"mobile":{"background-color":"","background-image":"","background-repeat":"repeat","background-position":"center center","background-size":"auto","background-attachment":"scroll","background-type":"","background-media":"","overlay-type":"","overlay-color":"","overlay-opacity":"","overlay-gradient":""}},"ast-content-background-meta":{"desktop":{"background-color":"var(--ast-global-color-5)","background-image":"","background-repeat":"repeat","background-position":"center center","background-size":"auto","background-attachment":"scroll","background-type":"","background-media":"","overlay-type":"","overlay-color":"","overlay-opacity":"","overlay-gradient":""},"tablet":{"background-color":"var(--ast-global-color-5)","background-image":"","background-repeat":"repeat","background-position":"center center","background-size":"auto","background-attachment":"scroll","background-type":"","background-media":"","overlay-type":"","overlay-color":"","overlay-opacity":"","overlay-gradient":""},"mobile":{"background-color":"var(--ast-global-color-5)","background-image":"","background-repeat":"repeat","background-position":"center center","background-size":"auto","background-attachment":"scroll","background-type":"","background-media":"","overlay-type":"","overlay-color":"","overlay-opacity":"","overlay-gradient":""}},"footnotes":""},"class_list":["post-17952","page","type-page","status-publish","hentry"],"yoast_head":"<!-- This site is optimized with the Yoast SEO plugin v27.5 - https:\/\/yoast.com\/product\/yoast-seo-wordpress\/ -->\n<title>JOSERA MiniJunior | Comida para Cachorros Razas peque\u00f1as | Mundo Animalito<\/title>\n<meta name=\"description\" content=\"JOSERA MiniJunior (1 x 10 kg) | Comida para Cachorros para Razas peque\u00f1as | para un Desarrollo \u00f3ptimo | Alimento seco s\u00faper Premium para Perros en Crecimiento | 1 Unidad\" \/>\n<meta name=\"robots\" content=\"index, follow, max-snippet:-1, max-image-preview:large, max-video-preview:-1\" \/>\n<link rel=\"canonical\" href=\"https:\/\/mundoanimalito.com\/index.php\/josera-minijunior\/\" \/>\n<meta property=\"og:locale\" content=\"es_ES\" \/>\n<meta property=\"og:type\" content=\"article\" \/>\n<meta property=\"og:title\" content=\"JOSERA MiniJunior | Comida para Cachorros Razas peque\u00f1as | Mundo Animalito\" \/>\n<meta property=\"og:description\" content=\"JOSERA MiniJunior (1 x 10 kg) | Comida para Cachorros para Razas peque\u00f1as | para un Desarrollo \u00f3ptimo | Alimento seco s\u00faper Premium para Perros en Crecimiento | 1 Unidad\" \/>\n<meta property=\"og:url\" content=\"https:\/\/mundoanimalito.com\/index.php\/josera-minijunior\/\" \/>\n<meta property=\"og:site_name\" content=\"Mundo Animalito\" \/>\n<meta property=\"article:publisher\" content=\"https:\/\/www.facebook.com\/mundoanimalito77\" \/>\n<meta property=\"article:modified_time\" content=\"2024-09-05T14:13:14+00:00\" \/>\n<meta property=\"og:image\" content=\"https:\/\/mundoanimalito.com\/wp-content\/uploads\/2024\/04\/612OjODvNKL._AC_SL1200_.jpg\" \/>\n<meta name=\"twitter:card\" content=\"summary_large_image\" \/>\n<meta name=\"twitter:label1\" content=\"Tiempo de lectura\" \/>\n\t<meta name=\"twitter:data1\" content=\"3 minutos\" \/>\n<script type=\"application\/ld+json\" class=\"yoast-schema-graph\">{\"@context\":\"https:\\\/\\\/schema.org\",\"@graph\":[{\"@type\":\"WebPage\",\"@id\":\"https:\\\/\\\/mundoanimalito.com\\\/index.php\\\/josera-minijunior\\\/\",\"url\":\"https:\\\/\\\/mundoanimalito.com\\\/index.php\\\/josera-minijunior\\\/\",\"name\":\"JOSERA MiniJunior | Comida para Cachorros Razas peque\u00f1as | Mundo Animalito\",\"isPartOf\":{\"@id\":\"https:\\\/\\\/mundoanimalito.com\\\/#website\"},\"primaryImageOfPage\":{\"@id\":\"https:\\\/\\\/mundoanimalito.com\\\/index.php\\\/josera-minijunior\\\/#primaryimage\"},\"image\":{\"@id\":\"https:\\\/\\\/mundoanimalito.com\\\/index.php\\\/josera-minijunior\\\/#primaryimage\"},\"thumbnailUrl\":\"https:\\\/\\\/mundoanimalito.com\\\/wp-content\\\/uploads\\\/2024\\\/04\\\/612OjODvNKL._AC_SL1200_.jpg\",\"datePublished\":\"2024-04-08T12:55:22+00:00\",\"dateModified\":\"2024-09-05T14:13:14+00:00\",\"description\":\"JOSERA MiniJunior (1 x 10 kg) | Comida para Cachorros para Razas peque\u00f1as | para un Desarrollo \u00f3ptimo | Alimento seco s\u00faper Premium para Perros en Crecimiento | 1 Unidad\",\"breadcrumb\":{\"@id\":\"https:\\\/\\\/mundoanimalito.com\\\/index.php\\\/josera-minijunior\\\/#breadcrumb\"},\"inLanguage\":\"es\",\"potentialAction\":[{\"@type\":\"ReadAction\",\"target\":[\"https:\\\/\\\/mundoanimalito.com\\\/index.php\\\/josera-minijunior\\\/\"]}]},{\"@type\":\"ImageObject\",\"inLanguage\":\"es\",\"@id\":\"https:\\\/\\\/mundoanimalito.com\\\/index.php\\\/josera-minijunior\\\/#primaryimage\",\"url\":\"https:\\\/\\\/mundoanimalito.com\\\/wp-content\\\/uploads\\\/2024\\\/04\\\/612OjODvNKL._AC_SL1200_.jpg\",\"contentUrl\":\"https:\\\/\\\/mundoanimalito.com\\\/wp-content\\\/uploads\\\/2024\\\/04\\\/612OjODvNKL._AC_SL1200_.jpg\",\"width\":502,\"height\":808,\"caption\":\"JOSERA MiniJunior (1 x 10 kg) | Comida para Cachorros para Razas peque\u00f1as | para un Desarrollo \u00f3ptimo | Alimento seco s\u00faper Premium para Perros en Crecimiento | 1 Unidad\"},{\"@type\":\"BreadcrumbList\",\"@id\":\"https:\\\/\\\/mundoanimalito.com\\\/index.php\\\/josera-minijunior\\\/#breadcrumb\",\"itemListElement\":[{\"@type\":\"ListItem\",\"position\":1,\"name\":\"Portada\",\"item\":\"https:\\\/\\\/mundoanimalito.com\\\/\"},{\"@type\":\"ListItem\",\"position\":2,\"name\":\"JOSERA MiniJunior\"}]},{\"@type\":\"WebSite\",\"@id\":\"https:\\\/\\\/mundoanimalito.com\\\/#website\",\"url\":\"https:\\\/\\\/mundoanimalito.com\\\/\",\"name\":\"Mundo Animalito\",\"description\":\"Datos y curiosidades de los animales, encuentra ac\u00e1 todo para tu mascota\",\"publisher\":{\"@id\":\"https:\\\/\\\/mundoanimalito.com\\\/#organization\"},\"potentialAction\":[{\"@type\":\"SearchAction\",\"target\":{\"@type\":\"EntryPoint\",\"urlTemplate\":\"https:\\\/\\\/mundoanimalito.com\\\/?s={search_term_string}\"},\"query-input\":{\"@type\":\"PropertyValueSpecification\",\"valueRequired\":true,\"valueName\":\"search_term_string\"}}],\"inLanguage\":\"es\"},{\"@type\":\"Organization\",\"@id\":\"https:\\\/\\\/mundoanimalito.com\\\/#organization\",\"name\":\"Mundo Animalito\",\"url\":\"https:\\\/\\\/mundoanimalito.com\\\/\",\"logo\":{\"@type\":\"ImageObject\",\"inLanguage\":\"es\",\"@id\":\"https:\\\/\\\/mundoanimalito.com\\\/#\\\/schema\\\/logo\\\/image\\\/\",\"url\":\"https:\\\/\\\/mundoanimalito.com\\\/wp-content\\\/uploads\\\/2023\\\/10\\\/cropped-cropped-LOGO-OFICIAL-ULTIMA-VERSION-1.jpg\",\"contentUrl\":\"https:\\\/\\\/mundoanimalito.com\\\/wp-content\\\/uploads\\\/2023\\\/10\\\/cropped-cropped-LOGO-OFICIAL-ULTIMA-VERSION-1.jpg\",\"width\":374,\"height\":425,\"caption\":\"Mundo Animalito\"},\"image\":{\"@id\":\"https:\\\/\\\/mundoanimalito.com\\\/#\\\/schema\\\/logo\\\/image\\\/\"},\"sameAs\":[\"https:\\\/\\\/www.facebook.com\\\/mundoanimalito77\",\"https:\\\/\\\/www.instagram.com\\\/mundoanimalito77\\\/\",\"https:\\\/\\\/www.tiktok.com\\\/@mundoanimalito77\",\"https:\\\/\\\/www.youtube.com\\\/channel\\\/UCLo2JhNUNtHVraDt5aHadew\"]}]}<\/script>\n<!-- \/ Yoast SEO plugin. -->","yoast_head_json":{"title":"JOSERA MiniJunior | Comida para Cachorros Razas peque\u00f1as | Mundo Animalito","description":"JOSERA MiniJunior (1 x 10 kg) | Comida para Cachorros para Razas peque\u00f1as | para un Desarrollo \u00f3ptimo | Alimento seco s\u00faper Premium para Perros en Crecimiento | 1 Unidad","robots":{"index":"index","follow":"follow","max-snippet":"max-snippet:-1","max-image-preview":"max-image-preview:large","max-video-preview":"max-video-preview:-1"},"canonical":"https:\/\/mundoanimalito.com\/index.php\/josera-minijunior\/","og_locale":"es_ES","og_type":"article","og_title":"JOSERA MiniJunior | Comida para Cachorros Razas peque\u00f1as | Mundo Animalito","og_description":"JOSERA MiniJunior (1 x 10 kg) | Comida para Cachorros para Razas peque\u00f1as | para un Desarrollo \u00f3ptimo | Alimento seco s\u00faper Premium para Perros en Crecimiento | 1 Unidad","og_url":"https:\/\/mundoanimalito.com\/index.php\/josera-minijunior\/","og_site_name":"Mundo Animalito","article_publisher":"https:\/\/www.facebook.com\/mundoanimalito77","article_modified_time":"2024-09-05T14:13:14+00:00","og_image":[{"url":"https:\/\/mundoanimalito.com\/wp-content\/uploads\/2024\/04\/612OjODvNKL._AC_SL1200_.jpg","type":"","width":"","height":""}],"twitter_card":"summary_large_image","twitter_misc":{"Tiempo de lectura":"3 minutos"},"schema":{"@context":"https:\/\/schema.org","@graph":[{"@type":"WebPage","@id":"https:\/\/mundoanimalito.com\/index.php\/josera-minijunior\/","url":"https:\/\/mundoanimalito.com\/index.php\/josera-minijunior\/","name":"JOSERA MiniJunior | Comida para Cachorros Razas peque\u00f1as | Mundo Animalito","isPartOf":{"@id":"https:\/\/mundoanimalito.com\/#website"},"primaryImageOfPage":{"@id":"https:\/\/mundoanimalito.com\/index.php\/josera-minijunior\/#primaryimage"},"image":{"@id":"https:\/\/mundoanimalito.com\/index.php\/josera-minijunior\/#primaryimage"},"thumbnailUrl":"https:\/\/mundoanimalito.com\/wp-content\/uploads\/2024\/04\/612OjODvNKL._AC_SL1200_.jpg","datePublished":"2024-04-08T12:55:22+00:00","dateModified":"2024-09-05T14:13:14+00:00","description":"JOSERA MiniJunior (1 x 10 kg) | Comida para Cachorros para Razas peque\u00f1as | para un Desarrollo \u00f3ptimo | Alimento seco s\u00faper Premium para Perros en Crecimiento | 1 Unidad","breadcrumb":{"@id":"https:\/\/mundoanimalito.com\/index.php\/josera-minijunior\/#breadcrumb"},"inLanguage":"es","potentialAction":[{"@type":"ReadAction","target":["https:\/\/mundoanimalito.com\/index.php\/josera-minijunior\/"]}]},{"@type":"ImageObject","inLanguage":"es","@id":"https:\/\/mundoanimalito.com\/index.php\/josera-minijunior\/#primaryimage","url":"https:\/\/mundoanimalito.com\/wp-content\/uploads\/2024\/04\/612OjODvNKL._AC_SL1200_.jpg","contentUrl":"https:\/\/mundoanimalito.com\/wp-content\/uploads\/2024\/04\/612OjODvNKL._AC_SL1200_.jpg","width":502,"height":808,"caption":"JOSERA MiniJunior (1 x 10 kg) | Comida para Cachorros para Razas peque\u00f1as | para un Desarrollo \u00f3ptimo | Alimento seco s\u00faper Premium para Perros en Crecimiento | 1 Unidad"},{"@type":"BreadcrumbList","@id":"https:\/\/mundoanimalito.com\/index.php\/josera-minijunior\/#breadcrumb","itemListElement":[{"@type":"ListItem","position":1,"name":"Portada","item":"https:\/\/mundoanimalito.com\/"},{"@type":"ListItem","position":2,"name":"JOSERA MiniJunior"}]},{"@type":"WebSite","@id":"https:\/\/mundoanimalito.com\/#website","url":"https:\/\/mundoanimalito.com\/","name":"Mundo Animalito","description":"Datos y curiosidades de los animales, encuentra ac\u00e1 todo para tu mascota","publisher":{"@id":"https:\/\/mundoanimalito.com\/#organization"},"potentialAction":[{"@type":"SearchAction","target":{"@type":"EntryPoint","urlTemplate":"https:\/\/mundoanimalito.com\/?s={search_term_string}"},"query-input":{"@type":"PropertyValueSpecification","valueRequired":true,"valueName":"search_term_string"}}],"inLanguage":"es"},{"@type":"Organization","@id":"https:\/\/mundoanimalito.com\/#organization","name":"Mundo Animalito","url":"https:\/\/mundoanimalito.com\/","logo":{"@type":"ImageObject","inLanguage":"es","@id":"https:\/\/mundoanimalito.com\/#\/schema\/logo\/image\/","url":"https:\/\/mundoanimalito.com\/wp-content\/uploads\/2023\/10\/cropped-cropped-LOGO-OFICIAL-ULTIMA-VERSION-1.jpg","contentUrl":"https:\/\/mundoanimalito.com\/wp-content\/uploads\/2023\/10\/cropped-cropped-LOGO-OFICIAL-ULTIMA-VERSION-1.jpg","width":374,"height":425,"caption":"Mundo Animalito"},"image":{"@id":"https:\/\/mundoanimalito.com\/#\/schema\/logo\/image\/"},"sameAs":["https:\/\/www.facebook.com\/mundoanimalito77","https:\/\/www.instagram.com\/mundoanimalito77\/","https:\/\/www.tiktok.com\/@mundoanimalito77","https:\/\/www.youtube.com\/channel\/UCLo2JhNUNtHVraDt5aHadew"]}]}},"_links":{"self":[{"href":"https:\/\/mundoanimalito.com\/index.php\/wp-json\/wp\/v2\/pages\/17952","targetHints":{"allow":["GET"]}}],"collection":[{"href":"https:\/\/mundoanimalito.com\/index.php\/wp-json\/wp\/v2\/pages"}],"about":[{"href":"https:\/\/mundoanimalito.com\/index.php\/wp-json\/wp\/v2\/types\/page"}],"author":[{"embeddable":true,"href":"https:\/\/mundoanimalito.com\/index.php\/wp-json\/wp\/v2\/users\/1"}],"replies":[{"embeddable":true,"href":"https:\/\/mundoanimalito.com\/index.php\/wp-json\/wp\/v2\/comments?post=17952"}],"version-history":[{"count":0,"href":"https:\/\/mundoanimalito.com\/index.php\/wp-json\/wp\/v2\/pages\/17952\/revisions"}],"wp:attachment":[{"href":"https:\/\/mundoanimalito.com\/index.php\/wp-json\/wp\/v2\/media?parent=17952"}],"curies":[{"name":"wp","href":"https:\/\/api.w.org\/{rel}","templated":true}]}}