{"id":17845,"date":"2024-04-05T18:36:39","date_gmt":"2024-04-05T23:36:39","guid":{"rendered":"https:\/\/mundoanimalito.com\/?page_id=17845"},"modified":"2024-09-19T18:20:37","modified_gmt":"2024-09-19T23:20:37","slug":"purina-pro-plan-medium-puppy-start-pienso-para-perro-mediano","status":"publish","type":"page","link":"https:\/\/mundoanimalito.com\/index.php\/purina-pro-plan-medium-puppy-start-pienso-para-perro-mediano\/","title":{"rendered":"Purina Pro Plan Medium Puppy Start Pienso para Perro Mediano"},"content":{"rendered":"\t\t<div data-elementor-type=\"wp-page\" data-elementor-id=\"17845\" class=\"elementor elementor-17845\" data-elementor-post-type=\"page\">\n\t\t\t\t<div class=\"elementor-element elementor-element-045b45f e-flex e-con-boxed e-con e-parent\" data-id=\"045b45f\" data-element_type=\"container\" data-e-type=\"container\">\n\t\t\t\t\t<div class=\"e-con-inner\">\n\t\t\t\t<div class=\"elementor-element elementor-element-31e9aba elementor-widget elementor-widget-heading\" data-id=\"31e9aba\" data-element_type=\"widget\" data-e-type=\"widget\" data-settings=\"{&quot;_animation_mobile&quot;:&quot;fadeInDown&quot;}\" data-widget_type=\"heading.default\">\n\t\t\t\t<div class=\"elementor-widget-container\">\n\t\t\t\t\t<h2 class=\"elementor-heading-title elementor-size-default\">\u00a1Dale a tu cachorro el mejor comienzo con Purina Pro Plan Medium Puppy! Nuestro pienso est\u00e1 especialmente formulado para satisfacer las necesidades \u00fanicas de tu cachorro mediano en crecimiento<\/h2>\t\t\t\t<\/div>\n\t\t\t\t<\/div>\n\t\t\t\t\t<\/div>\n\t\t\t\t<\/div>\n\t\t<div class=\"elementor-element elementor-element-9caba83 e-flex e-con-boxed e-con e-parent\" data-id=\"9caba83\" data-element_type=\"container\" data-e-type=\"container\">\n\t\t\t\t\t<div class=\"e-con-inner\">\n\t\t<div class=\"elementor-element elementor-element-4efa1cc e-con-full e-flex e-con e-child\" data-id=\"4efa1cc\" data-element_type=\"container\" data-e-type=\"container\">\n\t\t\t\t<div class=\"elementor-element elementor-element-46ac1f7 elementor-widget elementor-widget-image\" data-id=\"46ac1f7\" data-element_type=\"widget\" data-e-type=\"widget\" data-widget_type=\"image.default\">\n\t\t\t\t<div class=\"elementor-widget-container\">\n\t\t\t\t\t\t\t\t\t\t\t\t\t\t\t\t<a href=\"https:\/\/amzn.to\/3TLmNAr\" target=\"_blank\">\n\t\t\t\t\t\t\t<img fetchpriority=\"high\" decoding=\"async\" width=\"765\" height=\"1024\" src=\"https:\/\/mundoanimalito.com\/wp-content\/uploads\/2024\/04\/71NknKeO1ML._AC_SL1500_-765x1024.jpg\" class=\"attachment-large size-large wp-image-17835\" alt=\"Purina Pro Plan Medium Puppy Start Pienso para Perro Mediano, Cachorro, Junior, Beb\u00e9 con Pollo, saco de 12kg\" srcset=\"https:\/\/mundoanimalito.com\/wp-content\/uploads\/2024\/04\/71NknKeO1ML._AC_SL1500_-765x1024.jpg 765w, https:\/\/mundoanimalito.com\/wp-content\/uploads\/2024\/04\/71NknKeO1ML._AC_SL1500_-224x300.jpg 224w, https:\/\/mundoanimalito.com\/wp-content\/uploads\/2024\/04\/71NknKeO1ML._AC_SL1500_-768x1029.jpg 768w, https:\/\/mundoanimalito.com\/wp-content\/uploads\/2024\/04\/71NknKeO1ML._AC_SL1500_.jpg 1120w\" sizes=\"(max-width: 765px) 100vw, 765px\" \/>\t\t\t\t\t\t\t\t<\/a>\n\t\t\t\t\t\t\t\t\t\t\t\t\t\t\t<\/div>\n\t\t\t\t<\/div>\n\t\t\t\t<\/div>\n\t\t<div class=\"elementor-element elementor-element-ce9e6e3 e-con-full e-flex e-con e-child\" data-id=\"ce9e6e3\" data-element_type=\"container\" data-e-type=\"container\">\n\t\t\t\t<div class=\"elementor-element elementor-element-18590ac elementor-widget elementor-widget-text-editor\" data-id=\"18590ac\" data-element_type=\"widget\" data-e-type=\"widget\" data-widget_type=\"text-editor.default\">\n\t\t\t\t<div class=\"elementor-widget-container\">\n\t\t\t\t\t\t\t\t\t<p>\ud83e\uddb7 <strong>Cuidado Dental Avanzado:<\/strong> Nuestra f\u00f3rmula est\u00e1 especialmente dise\u00f1ada para promover la salud dental de tu cachorro, ayudando a prevenir la acumulaci\u00f3n de placa y el mal aliento, para que pueda disfrutar de una sonrisa brillante y saludable durante toda su vida.<\/p><p>\u00a0<\/p><p>\ud83c\udf31 <strong>Crecimiento Saludable a Largo Plazo:<\/strong> Con una combinaci\u00f3n de nutrientes clave, nuestro pienso proporciona todo lo que tu cachorro necesita para un crecimiento saludable y sostenido a lo largo del tiempo, garantizando que se convierta en un perro fuerte y activo.<\/p><p>\u00a0<\/p><p>\ud83d\udee1\ufe0f <strong>Apoyo al Sistema Inmunitario:<\/strong> Gracias a nuestra exclusiva mezcla de nutrientes esenciales, incluido el calostro que se encuentra en la primera leche materna, ayudamos a fortalecer las defensas naturales de tu cachorro, permiti\u00e9ndole enfrentarse eficientemente a los desaf\u00edos de salud.<\/p><p>\u00a0<\/p><p>\ud83d\udc14 <strong>Pollo de Alta Calidad:<\/strong> Nuestro pienso contiene pollo de alta calidad, cocinado cuidadosamente para conservar al m\u00e1ximo sus propiedades y nutrientes, asegurando que tu cachorro reciba la prote\u00edna de calidad que necesita para desarrollar m\u00fasculos fuertes y magros.<\/p><p>\u00a0<\/p><p>\ud83d\udcaa <strong>Articulaciones Saludables:<\/strong> Con una combinaci\u00f3n de nutrientes clave, nuestro pienso ayuda a mantener unas articulaciones saludables, preparando a tu cachorro para un estilo de vida activo y lleno de aventuras.<\/p><p>\u00a0<\/p><p>Con Purina Pro Plan Medium Puppy, no solo est\u00e1s alimentando a tu cachorro, \u00a1est\u00e1s invirtiendo en su futuro! Haz clic en el enlace y ll\u00e9vate a casa el pienso preferido por los profesionales veterinarios y nutricionistas. Tu cachorro merece lo mejor, y nosotros estamos aqu\u00ed para proporcion\u00e1rselo.<\/p>\t\t\t\t\t\t\t\t<\/div>\n\t\t\t\t<\/div>\n\t\t\t\t<div class=\"elementor-element elementor-element-fbc1314 elementor-align-right elementor-widget elementor-widget-button\" data-id=\"fbc1314\" data-element_type=\"widget\" data-e-type=\"widget\" data-widget_type=\"button.default\">\n\t\t\t\t<div class=\"elementor-widget-container\">\n\t\t\t\t\t\t\t\t\t<div class=\"elementor-button-wrapper\">\n\t\t\t\t\t<a class=\"elementor-button elementor-button-link elementor-size-sm\" href=\"https:\/\/amzn.to\/3TLmNAr\" target=\"_blank\">\n\t\t\t\t\t\t<span class=\"elementor-button-content-wrapper\">\n\t\t\t\t\t\t\t\t\t<span class=\"elementor-button-text\">Compra ahora en Amazon<\/span>\n\t\t\t\t\t<\/span>\n\t\t\t\t\t<\/a>\n\t\t\t\t<\/div>\n\t\t\t\t\t\t\t\t<\/div>\n\t\t\t\t<\/div>\n\t\t\t\t<\/div>\n\t\t\t\t\t<\/div>\n\t\t\t\t<\/div>\n\t\t<div class=\"elementor-element elementor-element-3b4fa56 e-flex e-con-boxed e-con e-parent\" data-id=\"3b4fa56\" data-element_type=\"container\" data-e-type=\"container\">\n\t\t\t\t\t<div class=\"e-con-inner\">\n\t\t\t\t<div class=\"elementor-element elementor-element-17654c7 elementor-arrows-position-inside elementor-pagination-position-outside elementor-widget elementor-widget-image-carousel\" data-id=\"17654c7\" data-element_type=\"widget\" data-e-type=\"widget\" data-settings=\"{&quot;slides_to_show&quot;:&quot;1&quot;,&quot;navigation&quot;:&quot;both&quot;,&quot;autoplay&quot;:&quot;yes&quot;,&quot;pause_on_hover&quot;:&quot;yes&quot;,&quot;pause_on_interaction&quot;:&quot;yes&quot;,&quot;autoplay_speed&quot;:5000,&quot;infinite&quot;:&quot;yes&quot;,&quot;effect&quot;:&quot;slide&quot;,&quot;speed&quot;:500}\" data-widget_type=\"image-carousel.default\">\n\t\t\t\t<div class=\"elementor-widget-container\">\n\t\t\t\t\t\t\t<div class=\"elementor-image-carousel-wrapper swiper\" role=\"region\" aria-roledescription=\"carousel\" aria-label=\"Carrusel de im\u00e1genes\" dir=\"ltr\">\n\t\t\t<div class=\"elementor-image-carousel swiper-wrapper\" aria-live=\"off\">\n\t\t\t\t\t\t\t\t<div class=\"swiper-slide\" role=\"group\" aria-roledescription=\"slide\" aria-label=\"1 de 5\"><figure class=\"swiper-slide-inner\"><img decoding=\"async\" class=\"swiper-slide-image\" src=\"https:\/\/mundoanimalito.com\/wp-content\/uploads\/2024\/04\/71kIoH1UdL._AC_SL1500_-1024x1024.jpg\" alt=\"Purina Pro Plan Medium Puppy Start Pienso para Perro Mediano, Cachorro, Junior, Beb\u00e9 con Pollo, saco de 12kg\" \/><\/figure><\/div><div class=\"swiper-slide\" role=\"group\" aria-roledescription=\"slide\" aria-label=\"2 de 5\"><figure class=\"swiper-slide-inner\"><img decoding=\"async\" class=\"swiper-slide-image\" src=\"https:\/\/mundoanimalito.com\/wp-content\/uploads\/2024\/04\/812cPhGxpYL._AC_SL1500_-1024x1024.jpg\" alt=\"Purina Pro Plan Medium Puppy Start Pienso para Perro Mediano, Cachorro, Junior, Beb\u00e9 con Pollo, saco de 12kg\" \/><\/figure><\/div><div class=\"swiper-slide\" role=\"group\" aria-roledescription=\"slide\" aria-label=\"3 de 5\"><figure class=\"swiper-slide-inner\"><img decoding=\"async\" class=\"swiper-slide-image\" src=\"https:\/\/mundoanimalito.com\/wp-content\/uploads\/2024\/04\/81tlKboLf3L._AC_SL1500_-1024x1024.jpg\" alt=\"Purina Pro Plan Medium Puppy Start Pienso para Perro Mediano, Cachorro, Junior, Beb\u00e9 con Pollo, saco de 12kg\" \/><\/figure><\/div><div class=\"swiper-slide\" role=\"group\" aria-roledescription=\"slide\" aria-label=\"4 de 5\"><figure class=\"swiper-slide-inner\"><img decoding=\"async\" class=\"swiper-slide-image\" src=\"https:\/\/mundoanimalito.com\/wp-content\/uploads\/2024\/04\/81QtlgsgfhL._AC_SL1500_-1024x1024.jpg\" alt=\"Purina Pro Plan Medium Puppy Start Pienso para Perro Mediano, Cachorro, Junior, Beb\u00e9 con Pollo, saco de 12kg\" \/><\/figure><\/div><div class=\"swiper-slide\" role=\"group\" aria-roledescription=\"slide\" aria-label=\"5 de 5\"><figure class=\"swiper-slide-inner\"><img decoding=\"async\" class=\"swiper-slide-image\" src=\"https:\/\/mundoanimalito.com\/wp-content\/uploads\/2024\/04\/81mKlJ69NaL._AC_SL1500_-1024x1024.jpg\" alt=\"Purina Pro Plan Medium Puppy Start Pienso para Perro Mediano, Cachorro, Junior, Beb\u00e9 con Pollo, saco de 12kg\" \/><\/figure><\/div>\t\t\t<\/div>\n\t\t\t\t\t\t\t\t\t\t\t\t<div class=\"elementor-swiper-button elementor-swiper-button-prev\" role=\"button\" tabindex=\"0\">\n\t\t\t\t\t\t<i aria-hidden=\"true\" class=\"eicon-chevron-left\"><\/i>\t\t\t\t\t<\/div>\n\t\t\t\t\t<div class=\"elementor-swiper-button elementor-swiper-button-next\" role=\"button\" tabindex=\"0\">\n\t\t\t\t\t\t<i aria-hidden=\"true\" class=\"eicon-chevron-right\"><\/i>\t\t\t\t\t<\/div>\n\t\t\t\t\n\t\t\t\t\t\t\t\t\t<div class=\"swiper-pagination\"><\/div>\n\t\t\t\t\t\t\t\t\t<\/div>\n\t\t\t\t\t\t<\/div>\n\t\t\t\t<\/div>\n\t\t\t\t\t<\/div>\n\t\t\t\t<\/div>\n\t\t<div class=\"elementor-element elementor-element-08014f6 e-flex e-con-boxed e-con e-parent\" data-id=\"08014f6\" data-element_type=\"container\" data-e-type=\"container\">\n\t\t\t\t\t<div class=\"e-con-inner\">\n\t\t\t\t<div class=\"elementor-element elementor-element-943dc89 elementor-align-right elementor-widget elementor-widget-button\" data-id=\"943dc89\" data-element_type=\"widget\" data-e-type=\"widget\" data-widget_type=\"button.default\">\n\t\t\t\t<div class=\"elementor-widget-container\">\n\t\t\t\t\t\t\t\t\t<div class=\"elementor-button-wrapper\">\n\t\t\t\t\t<a class=\"elementor-button elementor-button-link elementor-size-sm\" href=\"https:\/\/amzn.to\/3TLmNAr\" target=\"_blank\">\n\t\t\t\t\t\t<span class=\"elementor-button-content-wrapper\">\n\t\t\t\t\t\t\t\t\t<span class=\"elementor-button-text\">Compra ahora en Amazon<\/span>\n\t\t\t\t\t<\/span>\n\t\t\t\t\t<\/a>\n\t\t\t\t<\/div>\n\t\t\t\t\t\t\t\t<\/div>\n\t\t\t\t<\/div>\n\t\t\t\t\t<\/div>\n\t\t\t\t<\/div>\n\t\t\t\t<\/div>\n\t\t","protected":false},"excerpt":{"rendered":"<p>\u00a1Dale a tu cachorro el mejor comienzo con Purina Pro Plan Medium Puppy! Nuestro pienso est\u00e1 especialmente formulado para satisfacer las necesidades \u00fanicas de tu cachorro mediano en crecimiento \ud83e\uddb7 Cuidado Dental Avanzado: Nuestra f\u00f3rmula est\u00e1 especialmente dise\u00f1ada para promover la salud dental de tu cachorro, ayudando a prevenir la acumulaci\u00f3n de placa y el [&hellip;]<\/p>\n","protected":false},"author":1,"featured_media":0,"parent":0,"menu_order":0,"comment_status":"closed","ping_status":"closed","template":"","meta":{"site-sidebar-layout":"no-sidebar","site-content-layout":"page-builder","ast-site-content-layout":"full-width-container","site-content-style":"default","site-sidebar-style":"default","ast-global-header-display":"","ast-banner-title-visibility":"","ast-main-header-display":"","ast-hfb-above-header-display":"","ast-hfb-below-header-display":"","ast-hfb-mobile-header-display":"","site-post-title":"disabled","ast-breadcrumbs-content":"","ast-featured-img":"disabled","footer-sml-layout":"","ast-disable-related-posts":"","theme-transparent-header-meta":"","adv-header-id-meta":"","stick-header-meta":"","header-above-stick-meta":"","header-main-stick-meta":"","header-below-stick-meta":"","astra-migrate-meta-layouts":"set","ast-page-background-enabled":"default","ast-page-background-meta":{"desktop":{"background-color":"var(--ast-global-color-4)","background-image":"","background-repeat":"repeat","background-position":"center center","background-size":"auto","background-attachment":"scroll","background-type":"","background-media":"","overlay-type":"","overlay-color":"","overlay-opacity":"","overlay-gradient":""},"tablet":{"background-color":"","background-image":"","background-repeat":"repeat","background-position":"center center","background-size":"auto","background-attachment":"scroll","background-type":"","background-media":"","overlay-type":"","overlay-color":"","overlay-opacity":"","overlay-gradient":""},"mobile":{"background-color":"","background-image":"","background-repeat":"repeat","background-position":"center center","background-size":"auto","background-attachment":"scroll","background-type":"","background-media":"","overlay-type":"","overlay-color":"","overlay-opacity":"","overlay-gradient":""}},"ast-content-background-meta":{"desktop":{"background-color":"var(--ast-global-color-5)","background-image":"","background-repeat":"repeat","background-position":"center center","background-size":"auto","background-attachment":"scroll","background-type":"","background-media":"","overlay-type":"","overlay-color":"","overlay-opacity":"","overlay-gradient":""},"tablet":{"background-color":"var(--ast-global-color-5)","background-image":"","background-repeat":"repeat","background-position":"center center","background-size":"auto","background-attachment":"scroll","background-type":"","background-media":"","overlay-type":"","overlay-color":"","overlay-opacity":"","overlay-gradient":""},"mobile":{"background-color":"var(--ast-global-color-5)","background-image":"","background-repeat":"repeat","background-position":"center center","background-size":"auto","background-attachment":"scroll","background-type":"","background-media":"","overlay-type":"","overlay-color":"","overlay-opacity":"","overlay-gradient":""}},"footnotes":""},"class_list":["post-17845","page","type-page","status-publish","hentry"],"yoast_head":"<!-- This site is optimized with the Yoast SEO plugin v27.5 - https:\/\/yoast.com\/product\/yoast-seo-wordpress\/ -->\n<title>PURINA PRO PLAN Cachorro Mediano | Mundo Animalito<\/title>\n<meta name=\"description\" content=\"\u00a1Dale a tu cachorro el mejor comienzo con Purina Pro Plan Medium Puppy! Nuestro pienso est\u00e1 especialmente formulado para satisfacer las necesidades \u00fanicas de tu cachorro mediano en crecimiento\" \/>\n<meta name=\"robots\" content=\"index, follow, max-snippet:-1, max-image-preview:large, max-video-preview:-1\" \/>\n<link rel=\"canonical\" href=\"https:\/\/mundoanimalito.com\/index.php\/purina-pro-plan-medium-puppy-start-pienso-para-perro-mediano\/\" \/>\n<meta property=\"og:locale\" content=\"es_ES\" \/>\n<meta property=\"og:type\" content=\"article\" \/>\n<meta property=\"og:title\" content=\"PURINA PRO PLAN Cachorro Mediano | Mundo Animalito\" \/>\n<meta property=\"og:description\" content=\"\u00a1Dale a tu cachorro el mejor comienzo con Purina Pro Plan Medium Puppy! Nuestro pienso est\u00e1 especialmente formulado para satisfacer las necesidades \u00fanicas de tu cachorro mediano en crecimiento\" \/>\n<meta property=\"og:url\" content=\"https:\/\/mundoanimalito.com\/index.php\/purina-pro-plan-medium-puppy-start-pienso-para-perro-mediano\/\" \/>\n<meta property=\"og:site_name\" content=\"Mundo Animalito\" \/>\n<meta property=\"article:publisher\" content=\"https:\/\/www.facebook.com\/mundoanimalito77\" \/>\n<meta property=\"article:modified_time\" content=\"2024-09-19T23:20:37+00:00\" \/>\n<meta property=\"og:image\" content=\"https:\/\/mundoanimalito.com\/wp-content\/uploads\/2024\/04\/71NknKeO1ML._AC_SL1500_-765x1024.jpg\" \/>\n<meta name=\"twitter:card\" content=\"summary_large_image\" \/>\n<meta name=\"twitter:label1\" content=\"Tiempo de lectura\" \/>\n\t<meta name=\"twitter:data1\" content=\"3 minutos\" \/>\n<script type=\"application\/ld+json\" class=\"yoast-schema-graph\">{\"@context\":\"https:\\\/\\\/schema.org\",\"@graph\":[{\"@type\":\"WebPage\",\"@id\":\"https:\\\/\\\/mundoanimalito.com\\\/index.php\\\/purina-pro-plan-medium-puppy-start-pienso-para-perro-mediano\\\/\",\"url\":\"https:\\\/\\\/mundoanimalito.com\\\/index.php\\\/purina-pro-plan-medium-puppy-start-pienso-para-perro-mediano\\\/\",\"name\":\"PURINA PRO PLAN Cachorro Mediano | Mundo Animalito\",\"isPartOf\":{\"@id\":\"https:\\\/\\\/mundoanimalito.com\\\/#website\"},\"primaryImageOfPage\":{\"@id\":\"https:\\\/\\\/mundoanimalito.com\\\/index.php\\\/purina-pro-plan-medium-puppy-start-pienso-para-perro-mediano\\\/#primaryimage\"},\"image\":{\"@id\":\"https:\\\/\\\/mundoanimalito.com\\\/index.php\\\/purina-pro-plan-medium-puppy-start-pienso-para-perro-mediano\\\/#primaryimage\"},\"thumbnailUrl\":\"https:\\\/\\\/mundoanimalito.com\\\/wp-content\\\/uploads\\\/2024\\\/04\\\/71NknKeO1ML._AC_SL1500_-765x1024.jpg\",\"datePublished\":\"2024-04-05T23:36:39+00:00\",\"dateModified\":\"2024-09-19T23:20:37+00:00\",\"description\":\"\u00a1Dale a tu cachorro el mejor comienzo con Purina Pro Plan Medium Puppy! Nuestro pienso est\u00e1 especialmente formulado para satisfacer las necesidades \u00fanicas de tu cachorro mediano en crecimiento\",\"breadcrumb\":{\"@id\":\"https:\\\/\\\/mundoanimalito.com\\\/index.php\\\/purina-pro-plan-medium-puppy-start-pienso-para-perro-mediano\\\/#breadcrumb\"},\"inLanguage\":\"es\",\"potentialAction\":[{\"@type\":\"ReadAction\",\"target\":[\"https:\\\/\\\/mundoanimalito.com\\\/index.php\\\/purina-pro-plan-medium-puppy-start-pienso-para-perro-mediano\\\/\"]}]},{\"@type\":\"ImageObject\",\"inLanguage\":\"es\",\"@id\":\"https:\\\/\\\/mundoanimalito.com\\\/index.php\\\/purina-pro-plan-medium-puppy-start-pienso-para-perro-mediano\\\/#primaryimage\",\"url\":\"https:\\\/\\\/mundoanimalito.com\\\/wp-content\\\/uploads\\\/2024\\\/04\\\/71NknKeO1ML._AC_SL1500_.jpg\",\"contentUrl\":\"https:\\\/\\\/mundoanimalito.com\\\/wp-content\\\/uploads\\\/2024\\\/04\\\/71NknKeO1ML._AC_SL1500_.jpg\",\"width\":1120,\"height\":1500,\"caption\":\"Purina Pro Plan Medium Puppy Start Pienso para Perro Mediano, Cachorro, Junior, Beb\u00e9 con Pollo, saco de 12kg\"},{\"@type\":\"BreadcrumbList\",\"@id\":\"https:\\\/\\\/mundoanimalito.com\\\/index.php\\\/purina-pro-plan-medium-puppy-start-pienso-para-perro-mediano\\\/#breadcrumb\",\"itemListElement\":[{\"@type\":\"ListItem\",\"position\":1,\"name\":\"Portada\",\"item\":\"https:\\\/\\\/mundoanimalito.com\\\/\"},{\"@type\":\"ListItem\",\"position\":2,\"name\":\"Purina Pro Plan Medium Puppy Start Pienso para Perro Mediano\"}]},{\"@type\":\"WebSite\",\"@id\":\"https:\\\/\\\/mundoanimalito.com\\\/#website\",\"url\":\"https:\\\/\\\/mundoanimalito.com\\\/\",\"name\":\"Mundo Animalito\",\"description\":\"Datos y curiosidades de los animales, encuentra ac\u00e1 todo para tu mascota\",\"publisher\":{\"@id\":\"https:\\\/\\\/mundoanimalito.com\\\/#organization\"},\"potentialAction\":[{\"@type\":\"SearchAction\",\"target\":{\"@type\":\"EntryPoint\",\"urlTemplate\":\"https:\\\/\\\/mundoanimalito.com\\\/?s={search_term_string}\"},\"query-input\":{\"@type\":\"PropertyValueSpecification\",\"valueRequired\":true,\"valueName\":\"search_term_string\"}}],\"inLanguage\":\"es\"},{\"@type\":\"Organization\",\"@id\":\"https:\\\/\\\/mundoanimalito.com\\\/#organization\",\"name\":\"Mundo Animalito\",\"url\":\"https:\\\/\\\/mundoanimalito.com\\\/\",\"logo\":{\"@type\":\"ImageObject\",\"inLanguage\":\"es\",\"@id\":\"https:\\\/\\\/mundoanimalito.com\\\/#\\\/schema\\\/logo\\\/image\\\/\",\"url\":\"https:\\\/\\\/mundoanimalito.com\\\/wp-content\\\/uploads\\\/2023\\\/10\\\/cropped-cropped-LOGO-OFICIAL-ULTIMA-VERSION-1.jpg\",\"contentUrl\":\"https:\\\/\\\/mundoanimalito.com\\\/wp-content\\\/uploads\\\/2023\\\/10\\\/cropped-cropped-LOGO-OFICIAL-ULTIMA-VERSION-1.jpg\",\"width\":374,\"height\":425,\"caption\":\"Mundo Animalito\"},\"image\":{\"@id\":\"https:\\\/\\\/mundoanimalito.com\\\/#\\\/schema\\\/logo\\\/image\\\/\"},\"sameAs\":[\"https:\\\/\\\/www.facebook.com\\\/mundoanimalito77\",\"https:\\\/\\\/www.instagram.com\\\/mundoanimalito77\\\/\",\"https:\\\/\\\/www.tiktok.com\\\/@mundoanimalito77\",\"https:\\\/\\\/www.youtube.com\\\/channel\\\/UCLo2JhNUNtHVraDt5aHadew\"]}]}<\/script>\n<!-- \/ Yoast SEO plugin. -->","yoast_head_json":{"title":"PURINA PRO PLAN Cachorro Mediano | Mundo Animalito","description":"\u00a1Dale a tu cachorro el mejor comienzo con Purina Pro Plan Medium Puppy! Nuestro pienso est\u00e1 especialmente formulado para satisfacer las necesidades \u00fanicas de tu cachorro mediano en crecimiento","robots":{"index":"index","follow":"follow","max-snippet":"max-snippet:-1","max-image-preview":"max-image-preview:large","max-video-preview":"max-video-preview:-1"},"canonical":"https:\/\/mundoanimalito.com\/index.php\/purina-pro-plan-medium-puppy-start-pienso-para-perro-mediano\/","og_locale":"es_ES","og_type":"article","og_title":"PURINA PRO PLAN Cachorro Mediano | Mundo Animalito","og_description":"\u00a1Dale a tu cachorro el mejor comienzo con Purina Pro Plan Medium Puppy! Nuestro pienso est\u00e1 especialmente formulado para satisfacer las necesidades \u00fanicas de tu cachorro mediano en crecimiento","og_url":"https:\/\/mundoanimalito.com\/index.php\/purina-pro-plan-medium-puppy-start-pienso-para-perro-mediano\/","og_site_name":"Mundo Animalito","article_publisher":"https:\/\/www.facebook.com\/mundoanimalito77","article_modified_time":"2024-09-19T23:20:37+00:00","og_image":[{"url":"https:\/\/mundoanimalito.com\/wp-content\/uploads\/2024\/04\/71NknKeO1ML._AC_SL1500_-765x1024.jpg","type":"","width":"","height":""}],"twitter_card":"summary_large_image","twitter_misc":{"Tiempo de lectura":"3 minutos"},"schema":{"@context":"https:\/\/schema.org","@graph":[{"@type":"WebPage","@id":"https:\/\/mundoanimalito.com\/index.php\/purina-pro-plan-medium-puppy-start-pienso-para-perro-mediano\/","url":"https:\/\/mundoanimalito.com\/index.php\/purina-pro-plan-medium-puppy-start-pienso-para-perro-mediano\/","name":"PURINA PRO PLAN Cachorro Mediano | Mundo Animalito","isPartOf":{"@id":"https:\/\/mundoanimalito.com\/#website"},"primaryImageOfPage":{"@id":"https:\/\/mundoanimalito.com\/index.php\/purina-pro-plan-medium-puppy-start-pienso-para-perro-mediano\/#primaryimage"},"image":{"@id":"https:\/\/mundoanimalito.com\/index.php\/purina-pro-plan-medium-puppy-start-pienso-para-perro-mediano\/#primaryimage"},"thumbnailUrl":"https:\/\/mundoanimalito.com\/wp-content\/uploads\/2024\/04\/71NknKeO1ML._AC_SL1500_-765x1024.jpg","datePublished":"2024-04-05T23:36:39+00:00","dateModified":"2024-09-19T23:20:37+00:00","description":"\u00a1Dale a tu cachorro el mejor comienzo con Purina Pro Plan Medium Puppy! Nuestro pienso est\u00e1 especialmente formulado para satisfacer las necesidades \u00fanicas de tu cachorro mediano en crecimiento","breadcrumb":{"@id":"https:\/\/mundoanimalito.com\/index.php\/purina-pro-plan-medium-puppy-start-pienso-para-perro-mediano\/#breadcrumb"},"inLanguage":"es","potentialAction":[{"@type":"ReadAction","target":["https:\/\/mundoanimalito.com\/index.php\/purina-pro-plan-medium-puppy-start-pienso-para-perro-mediano\/"]}]},{"@type":"ImageObject","inLanguage":"es","@id":"https:\/\/mundoanimalito.com\/index.php\/purina-pro-plan-medium-puppy-start-pienso-para-perro-mediano\/#primaryimage","url":"https:\/\/mundoanimalito.com\/wp-content\/uploads\/2024\/04\/71NknKeO1ML._AC_SL1500_.jpg","contentUrl":"https:\/\/mundoanimalito.com\/wp-content\/uploads\/2024\/04\/71NknKeO1ML._AC_SL1500_.jpg","width":1120,"height":1500,"caption":"Purina Pro Plan Medium Puppy Start Pienso para Perro Mediano, Cachorro, Junior, Beb\u00e9 con Pollo, saco de 12kg"},{"@type":"BreadcrumbList","@id":"https:\/\/mundoanimalito.com\/index.php\/purina-pro-plan-medium-puppy-start-pienso-para-perro-mediano\/#breadcrumb","itemListElement":[{"@type":"ListItem","position":1,"name":"Portada","item":"https:\/\/mundoanimalito.com\/"},{"@type":"ListItem","position":2,"name":"Purina Pro Plan Medium Puppy Start Pienso para Perro Mediano"}]},{"@type":"WebSite","@id":"https:\/\/mundoanimalito.com\/#website","url":"https:\/\/mundoanimalito.com\/","name":"Mundo Animalito","description":"Datos y curiosidades de los animales, encuentra ac\u00e1 todo para tu mascota","publisher":{"@id":"https:\/\/mundoanimalito.com\/#organization"},"potentialAction":[{"@type":"SearchAction","target":{"@type":"EntryPoint","urlTemplate":"https:\/\/mundoanimalito.com\/?s={search_term_string}"},"query-input":{"@type":"PropertyValueSpecification","valueRequired":true,"valueName":"search_term_string"}}],"inLanguage":"es"},{"@type":"Organization","@id":"https:\/\/mundoanimalito.com\/#organization","name":"Mundo Animalito","url":"https:\/\/mundoanimalito.com\/","logo":{"@type":"ImageObject","inLanguage":"es","@id":"https:\/\/mundoanimalito.com\/#\/schema\/logo\/image\/","url":"https:\/\/mundoanimalito.com\/wp-content\/uploads\/2023\/10\/cropped-cropped-LOGO-OFICIAL-ULTIMA-VERSION-1.jpg","contentUrl":"https:\/\/mundoanimalito.com\/wp-content\/uploads\/2023\/10\/cropped-cropped-LOGO-OFICIAL-ULTIMA-VERSION-1.jpg","width":374,"height":425,"caption":"Mundo Animalito"},"image":{"@id":"https:\/\/mundoanimalito.com\/#\/schema\/logo\/image\/"},"sameAs":["https:\/\/www.facebook.com\/mundoanimalito77","https:\/\/www.instagram.com\/mundoanimalito77\/","https:\/\/www.tiktok.com\/@mundoanimalito77","https:\/\/www.youtube.com\/channel\/UCLo2JhNUNtHVraDt5aHadew"]}]}},"_links":{"self":[{"href":"https:\/\/mundoanimalito.com\/index.php\/wp-json\/wp\/v2\/pages\/17845","targetHints":{"allow":["GET"]}}],"collection":[{"href":"https:\/\/mundoanimalito.com\/index.php\/wp-json\/wp\/v2\/pages"}],"about":[{"href":"https:\/\/mundoanimalito.com\/index.php\/wp-json\/wp\/v2\/types\/page"}],"author":[{"embeddable":true,"href":"https:\/\/mundoanimalito.com\/index.php\/wp-json\/wp\/v2\/users\/1"}],"replies":[{"embeddable":true,"href":"https:\/\/mundoanimalito.com\/index.php\/wp-json\/wp\/v2\/comments?post=17845"}],"version-history":[{"count":0,"href":"https:\/\/mundoanimalito.com\/index.php\/wp-json\/wp\/v2\/pages\/17845\/revisions"}],"wp:attachment":[{"href":"https:\/\/mundoanimalito.com\/index.php\/wp-json\/wp\/v2\/media?parent=17845"}],"curies":[{"name":"wp","href":"https:\/\/api.w.org\/{rel}","templated":true}]}}