{"id":17667,"date":"2024-04-05T15:06:36","date_gmt":"2024-04-05T20:06:36","guid":{"rendered":"https:\/\/mundoanimalito.com\/?page_id=17667"},"modified":"2024-09-19T18:21:11","modified_gmt":"2024-09-19T23:21:11","slug":"purina-pro-plan-small-mini-puppy","status":"publish","type":"page","link":"https:\/\/mundoanimalito.com\/index.php\/purina-pro-plan-small-mini-puppy\/","title":{"rendered":"Purina Pro Plan Small &amp; Mini Puppy"},"content":{"rendered":"\t\t<div data-elementor-type=\"wp-page\" data-elementor-id=\"17667\" class=\"elementor elementor-17667\" data-elementor-post-type=\"page\">\n\t\t\t\t<div class=\"elementor-element elementor-element-66e4968 e-flex e-con-boxed e-con e-parent\" data-id=\"66e4968\" data-element_type=\"container\" data-e-type=\"container\">\n\t\t\t\t\t<div class=\"e-con-inner\">\n\t\t\t\t<div class=\"elementor-element elementor-element-f8ac480 elementor-invisible elementor-widget elementor-widget-heading\" data-id=\"f8ac480\" data-element_type=\"widget\" data-e-type=\"widget\" data-settings=\"{&quot;_animation&quot;:&quot;fadeInDown&quot;}\" data-widget_type=\"heading.default\">\n\t\t\t\t<div class=\"elementor-widget-container\">\n\t\t\t\t\t<h2 class=\"elementor-heading-title elementor-size-default\">\u00a1Cuida la piel sensible de tu cachorro con Purina Pro Plan Small &amp; Mini Puppy! Nuestro alimento completo est\u00e1 dise\u00f1ado cient\u00edficamente para ofrecer una soluci\u00f3n nutricionalmente equilibrada y delicada.<\/h2>\t\t\t\t<\/div>\n\t\t\t\t<\/div>\n\t\t\t\t\t<\/div>\n\t\t\t\t<\/div>\n\t\t<div class=\"elementor-element elementor-element-cdb182a e-flex e-con-boxed e-con e-parent\" data-id=\"cdb182a\" data-element_type=\"container\" data-e-type=\"container\">\n\t\t\t\t\t<div class=\"e-con-inner\">\n\t\t<div class=\"elementor-element elementor-element-78ea209 e-con-full e-flex e-con e-child\" data-id=\"78ea209\" data-element_type=\"container\" data-e-type=\"container\">\n\t\t\t\t<div class=\"elementor-element elementor-element-e33f69e elementor-widget elementor-widget-image\" data-id=\"e33f69e\" data-element_type=\"widget\" data-e-type=\"widget\" data-widget_type=\"image.default\">\n\t\t\t\t<div class=\"elementor-widget-container\">\n\t\t\t\t\t\t\t\t\t\t\t\t\t\t\t\t<a href=\"https:\/\/amzn.to\/3xxGq7z\" target=\"_blank\">\n\t\t\t\t\t\t\t<img fetchpriority=\"high\" decoding=\"async\" width=\"765\" height=\"1024\" src=\"https:\/\/mundoanimalito.com\/wp-content\/uploads\/2024\/04\/71ihqVwrhaL._AC_SL1500_-765x1024.jpg\" class=\"attachment-large size-large wp-image-17636\" alt=\"Purina Pro Plan Small &amp; Mini Puppy, Salm\u00f3n para cachorros de piel sensible, Pack de 4 x 3 Kg - Total 12 Kg\" srcset=\"https:\/\/mundoanimalito.com\/wp-content\/uploads\/2024\/04\/71ihqVwrhaL._AC_SL1500_-765x1024.jpg 765w, https:\/\/mundoanimalito.com\/wp-content\/uploads\/2024\/04\/71ihqVwrhaL._AC_SL1500_-224x300.jpg 224w, https:\/\/mundoanimalito.com\/wp-content\/uploads\/2024\/04\/71ihqVwrhaL._AC_SL1500_-768x1029.jpg 768w, https:\/\/mundoanimalito.com\/wp-content\/uploads\/2024\/04\/71ihqVwrhaL._AC_SL1500_.jpg 1120w\" sizes=\"(max-width: 765px) 100vw, 765px\" \/>\t\t\t\t\t\t\t\t<\/a>\n\t\t\t\t\t\t\t\t\t\t\t\t\t\t\t<\/div>\n\t\t\t\t<\/div>\n\t\t\t\t<\/div>\n\t\t<div class=\"elementor-element elementor-element-dce33cd e-con-full e-flex e-con e-child\" data-id=\"dce33cd\" data-element_type=\"container\" data-e-type=\"container\">\n\t\t\t\t<div class=\"elementor-element elementor-element-2d79aeb elementor-widget elementor-widget-text-editor\" data-id=\"2d79aeb\" data-element_type=\"widget\" data-e-type=\"widget\" data-widget_type=\"text-editor.default\">\n\t\t\t\t<div class=\"elementor-widget-container\">\n\t\t\t\t\t\t\t\t\t<p>\ud83d\udc36 <strong>Piel Sensible, Soluci\u00f3n Definitiva:<\/strong> Formulado espec\u00edficamente para cachorros con piel sensible, nuestro alimento utiliza una cuidadosa combinaci\u00f3n de ingredientes, incluyendo salm\u00f3n y arroz, para mantener una piel sana y un pelaje brillante desde adentro hacia afuera.<\/p><p>\u00a0<\/p><p>\ud83d\udcaa <strong>Mantiene las Articulaciones Sanas:<\/strong> Con una mezcla especial de nutrientes, nuestras croquetas ayudan a mantener las articulaciones de tu cachorro fuertes y saludables, asegurando que est\u00e9 listo para cualquier aventura que se le presente.<\/p><p>\u00a0<\/p><p>\ud83e\udd69 <strong>Prote\u00ednas de Calidad:<\/strong> El salm\u00f3n fresco y las prote\u00ednas seleccionadas ofrecen a tu cachorro una fuente de prote\u00edna de alta calidad, esencial para el desarrollo de m\u00fasculos fuertes y magros.<\/p><p>\u00a0<\/p><p>\ud83e\uddb7 <strong>Dientes Limpios y Sanos:<\/strong> Nuestras croquetas, dise\u00f1adas con la tecnolog\u00eda DentaDefense, promueven la salud dental al tiempo que satisfacen el instinto de masticaci\u00f3n de tu cachorro, manteniendo sus dientes limpios y fuertes.<\/p><p>\u00a0<\/p><p>\ud83d\udc76 <strong>Apto para Cachorros Gestantes\/Lactantes:<\/strong> No solo es ideal para cachorros en crecimiento, sino que tambi\u00e9n es adecuado para madres gestantes y lactantes, asegurando que tanto las mam\u00e1s como sus cr\u00edas reciban la nutrici\u00f3n necesaria durante este per\u00edodo crucial.<\/p><p>\u00a0<\/p><p>Con Purina Pro Plan, est\u00e1s brindando a tu cachorro mucho m\u00e1s que una simple comida. Est\u00e1s invirtiendo en su salud, bienestar y felicidad a largo plazo. Haz clic en el bot\u00f3n y ll\u00e9vate el Pack de 4 x 3 Kg hoy mismo. Tu cachorro te lo agradecer\u00e1 con amor, vitalidad y un pelaje resplandeciente.<\/p>\t\t\t\t\t\t\t\t<\/div>\n\t\t\t\t<\/div>\n\t\t\t\t<div class=\"elementor-element elementor-element-e8b75ff elementor-align-right elementor-widget elementor-widget-button\" data-id=\"e8b75ff\" data-element_type=\"widget\" data-e-type=\"widget\" data-widget_type=\"button.default\">\n\t\t\t\t<div class=\"elementor-widget-container\">\n\t\t\t\t\t\t\t\t\t<div class=\"elementor-button-wrapper\">\n\t\t\t\t\t<a class=\"elementor-button elementor-button-link elementor-size-sm\" href=\"https:\/\/amzn.to\/3xxGq7z\" target=\"_blank\">\n\t\t\t\t\t\t<span class=\"elementor-button-content-wrapper\">\n\t\t\t\t\t\t\t\t\t<span class=\"elementor-button-text\">Compra ahora en Amazon<\/span>\n\t\t\t\t\t<\/span>\n\t\t\t\t\t<\/a>\n\t\t\t\t<\/div>\n\t\t\t\t\t\t\t\t<\/div>\n\t\t\t\t<\/div>\n\t\t\t\t<\/div>\n\t\t\t\t\t<\/div>\n\t\t\t\t<\/div>\n\t\t<div class=\"elementor-element elementor-element-7a7aaf8 e-flex e-con-boxed e-con e-parent\" data-id=\"7a7aaf8\" data-element_type=\"container\" data-e-type=\"container\">\n\t\t\t\t\t<div class=\"e-con-inner\">\n\t\t\t\t<div class=\"elementor-element elementor-element-a9d44f4 elementor-arrows-position-inside elementor-pagination-position-outside elementor-widget elementor-widget-image-carousel\" data-id=\"a9d44f4\" data-element_type=\"widget\" data-e-type=\"widget\" data-settings=\"{&quot;slides_to_show&quot;:&quot;1&quot;,&quot;navigation&quot;:&quot;both&quot;,&quot;autoplay&quot;:&quot;yes&quot;,&quot;pause_on_hover&quot;:&quot;yes&quot;,&quot;pause_on_interaction&quot;:&quot;yes&quot;,&quot;autoplay_speed&quot;:5000,&quot;infinite&quot;:&quot;yes&quot;,&quot;effect&quot;:&quot;slide&quot;,&quot;speed&quot;:500}\" data-widget_type=\"image-carousel.default\">\n\t\t\t\t<div class=\"elementor-widget-container\">\n\t\t\t\t\t\t\t<div class=\"elementor-image-carousel-wrapper swiper\" role=\"region\" aria-roledescription=\"carousel\" aria-label=\"Carrusel de im\u00e1genes\" dir=\"ltr\">\n\t\t\t<div class=\"elementor-image-carousel swiper-wrapper\" aria-live=\"off\">\n\t\t\t\t\t\t\t\t<div class=\"swiper-slide\" role=\"group\" aria-roledescription=\"slide\" aria-label=\"1 de 5\"><figure class=\"swiper-slide-inner\"><img decoding=\"async\" class=\"swiper-slide-image\" src=\"https:\/\/mundoanimalito.com\/wp-content\/uploads\/2024\/04\/71GGDZ60BWL._AC_SL1500_-1024x1024.jpg\" alt=\"Purina Pro Plan Small &amp; Mini Puppy, Salm\u00f3n para cachorros de piel sensible, Pack de 4 x 3 Kg - Total 12 Kg\" \/><\/figure><\/div><div class=\"swiper-slide\" role=\"group\" aria-roledescription=\"slide\" aria-label=\"2 de 5\"><figure class=\"swiper-slide-inner\"><img decoding=\"async\" class=\"swiper-slide-image\" src=\"https:\/\/mundoanimalito.com\/wp-content\/uploads\/2024\/04\/71Ac8nZ-4L._AC_SL1500_-1024x1024.jpg\" alt=\"Purina Pro Plan Small &amp; Mini Puppy, Salm\u00f3n para cachorros de piel sensible, Pack de 4 x 3 Kg - Total 12 Kg\" \/><\/figure><\/div><div class=\"swiper-slide\" role=\"group\" aria-roledescription=\"slide\" aria-label=\"3 de 5\"><figure class=\"swiper-slide-inner\"><img decoding=\"async\" class=\"swiper-slide-image\" src=\"https:\/\/mundoanimalito.com\/wp-content\/uploads\/2024\/04\/71BllBdQBcL._AC_SL1500_-1024x1024.jpg\" alt=\"Purina Pro Plan Small &amp; Mini Puppy, Salm\u00f3n para cachorros de piel sensible, Pack de 4 x 3 Kg - Total 12 Kg\" \/><\/figure><\/div><div class=\"swiper-slide\" role=\"group\" aria-roledescription=\"slide\" aria-label=\"4 de 5\"><figure class=\"swiper-slide-inner\"><img decoding=\"async\" class=\"swiper-slide-image\" src=\"https:\/\/mundoanimalito.com\/wp-content\/uploads\/2024\/04\/71osEgpFwlL._AC_SL1500_-1024x1024.jpg\" alt=\"Purina Pro Plan Small &amp; Mini Puppy, Salm\u00f3n para cachorros de piel sensible, Pack de 4 x 3 Kg - Total 12 Kg\" \/><\/figure><\/div><div class=\"swiper-slide\" role=\"group\" aria-roledescription=\"slide\" aria-label=\"5 de 5\"><figure class=\"swiper-slide-inner\"><img decoding=\"async\" class=\"swiper-slide-image\" src=\"https:\/\/mundoanimalito.com\/wp-content\/uploads\/2024\/04\/811xgs9ztSL._AC_SL1500_-1024x1024.jpg\" alt=\"Purina Pro Plan Small &amp; Mini Puppy, Salm\u00f3n para cachorros de piel sensible, Pack de 4 x 3 Kg - Total 12 Kg\" \/><\/figure><\/div>\t\t\t<\/div>\n\t\t\t\t\t\t\t\t\t\t\t\t<div class=\"elementor-swiper-button elementor-swiper-button-prev\" role=\"button\" tabindex=\"0\">\n\t\t\t\t\t\t<i aria-hidden=\"true\" class=\"eicon-chevron-left\"><\/i>\t\t\t\t\t<\/div>\n\t\t\t\t\t<div class=\"elementor-swiper-button elementor-swiper-button-next\" role=\"button\" tabindex=\"0\">\n\t\t\t\t\t\t<i aria-hidden=\"true\" class=\"eicon-chevron-right\"><\/i>\t\t\t\t\t<\/div>\n\t\t\t\t\n\t\t\t\t\t\t\t\t\t<div class=\"swiper-pagination\"><\/div>\n\t\t\t\t\t\t\t\t\t<\/div>\n\t\t\t\t\t\t<\/div>\n\t\t\t\t<\/div>\n\t\t\t\t\t<\/div>\n\t\t\t\t<\/div>\n\t\t<div class=\"elementor-element elementor-element-553033e e-flex e-con-boxed e-con e-parent\" data-id=\"553033e\" data-element_type=\"container\" data-e-type=\"container\">\n\t\t\t\t\t<div class=\"e-con-inner\">\n\t\t\t\t<div class=\"elementor-element elementor-element-f8ef948 elementor-align-right elementor-widget elementor-widget-button\" data-id=\"f8ef948\" data-element_type=\"widget\" data-e-type=\"widget\" data-widget_type=\"button.default\">\n\t\t\t\t<div class=\"elementor-widget-container\">\n\t\t\t\t\t\t\t\t\t<div class=\"elementor-button-wrapper\">\n\t\t\t\t\t<a class=\"elementor-button elementor-button-link elementor-size-sm\" href=\"https:\/\/amzn.to\/3xxGq7z\" target=\"_blank\">\n\t\t\t\t\t\t<span class=\"elementor-button-content-wrapper\">\n\t\t\t\t\t\t\t\t\t<span class=\"elementor-button-text\">Compra ahora en Amazon<\/span>\n\t\t\t\t\t<\/span>\n\t\t\t\t\t<\/a>\n\t\t\t\t<\/div>\n\t\t\t\t\t\t\t\t<\/div>\n\t\t\t\t<\/div>\n\t\t\t\t\t<\/div>\n\t\t\t\t<\/div>\n\t\t\t\t<\/div>\n\t\t","protected":false},"excerpt":{"rendered":"<p>\u00a1Cuida la piel sensible de tu cachorro con Purina Pro Plan Small &#038; Mini Puppy! Nuestro alimento completo est\u00e1 dise\u00f1ado cient\u00edficamente para ofrecer una soluci\u00f3n nutricionalmente equilibrada y delicada. \ud83d\udc36 Piel Sensible, Soluci\u00f3n Definitiva: Formulado espec\u00edficamente para cachorros con piel sensible, nuestro alimento utiliza una cuidadosa combinaci\u00f3n de ingredientes, incluyendo salm\u00f3n y arroz, para mantener [&hellip;]<\/p>\n","protected":false},"author":1,"featured_media":0,"parent":0,"menu_order":0,"comment_status":"closed","ping_status":"closed","template":"","meta":{"site-sidebar-layout":"no-sidebar","site-content-layout":"page-builder","ast-site-content-layout":"full-width-container","site-content-style":"default","site-sidebar-style":"default","ast-global-header-display":"","ast-banner-title-visibility":"","ast-main-header-display":"","ast-hfb-above-header-display":"","ast-hfb-below-header-display":"","ast-hfb-mobile-header-display":"","site-post-title":"disabled","ast-breadcrumbs-content":"","ast-featured-img":"disabled","footer-sml-layout":"","ast-disable-related-posts":"","theme-transparent-header-meta":"","adv-header-id-meta":"","stick-header-meta":"","header-above-stick-meta":"","header-main-stick-meta":"","header-below-stick-meta":"","astra-migrate-meta-layouts":"set","ast-page-background-enabled":"default","ast-page-background-meta":{"desktop":{"background-color":"var(--ast-global-color-4)","background-image":"","background-repeat":"repeat","background-position":"center center","background-size":"auto","background-attachment":"scroll","background-type":"","background-media":"","overlay-type":"","overlay-color":"","overlay-opacity":"","overlay-gradient":""},"tablet":{"background-color":"","background-image":"","background-repeat":"repeat","background-position":"center center","background-size":"auto","background-attachment":"scroll","background-type":"","background-media":"","overlay-type":"","overlay-color":"","overlay-opacity":"","overlay-gradient":""},"mobile":{"background-color":"","background-image":"","background-repeat":"repeat","background-position":"center center","background-size":"auto","background-attachment":"scroll","background-type":"","background-media":"","overlay-type":"","overlay-color":"","overlay-opacity":"","overlay-gradient":""}},"ast-content-background-meta":{"desktop":{"background-color":"var(--ast-global-color-5)","background-image":"","background-repeat":"repeat","background-position":"center center","background-size":"auto","background-attachment":"scroll","background-type":"","background-media":"","overlay-type":"","overlay-color":"","overlay-opacity":"","overlay-gradient":""},"tablet":{"background-color":"var(--ast-global-color-5)","background-image":"","background-repeat":"repeat","background-position":"center center","background-size":"auto","background-attachment":"scroll","background-type":"","background-media":"","overlay-type":"","overlay-color":"","overlay-opacity":"","overlay-gradient":""},"mobile":{"background-color":"var(--ast-global-color-5)","background-image":"","background-repeat":"repeat","background-position":"center center","background-size":"auto","background-attachment":"scroll","background-type":"","background-media":"","overlay-type":"","overlay-color":"","overlay-opacity":"","overlay-gradient":""}},"footnotes":""},"class_list":["post-17667","page","type-page","status-publish","hentry"],"yoast_head":"<!-- This site is optimized with the Yoast SEO plugin v27.5 - https:\/\/yoast.com\/product\/yoast-seo-wordpress\/ -->\n<title>Purina Pro Plan Small &amp; Mini Puppy | Mundo Animalito<\/title>\n<meta name=\"description\" content=\"\u00a1Cuida la piel sensible de tu cachorro con Purina Pro Plan Small &amp; Mini Puppy! Nuestro alimento completo est\u00e1 dise\u00f1ado cient\u00edficamente para ofrecer una soluci\u00f3n nutricionalmente equilibrada y delicada.\" \/>\n<meta name=\"robots\" content=\"index, follow, max-snippet:-1, max-image-preview:large, max-video-preview:-1\" \/>\n<link rel=\"canonical\" href=\"https:\/\/mundoanimalito.com\/index.php\/purina-pro-plan-small-mini-puppy\/\" \/>\n<meta property=\"og:locale\" content=\"es_ES\" \/>\n<meta property=\"og:type\" content=\"article\" \/>\n<meta property=\"og:title\" content=\"Purina Pro Plan Small &amp; Mini Puppy | Mundo Animalito\" \/>\n<meta property=\"og:description\" content=\"\u00a1Cuida la piel sensible de tu cachorro con Purina Pro Plan Small &amp; Mini Puppy! Nuestro alimento completo est\u00e1 dise\u00f1ado cient\u00edficamente para ofrecer una soluci\u00f3n nutricionalmente equilibrada y delicada.\" \/>\n<meta property=\"og:url\" content=\"https:\/\/mundoanimalito.com\/index.php\/purina-pro-plan-small-mini-puppy\/\" \/>\n<meta property=\"og:site_name\" content=\"Mundo Animalito\" \/>\n<meta property=\"article:publisher\" content=\"https:\/\/www.facebook.com\/mundoanimalito77\" \/>\n<meta property=\"article:modified_time\" content=\"2024-09-19T23:21:11+00:00\" \/>\n<meta property=\"og:image\" content=\"https:\/\/mundoanimalito.com\/wp-content\/uploads\/2024\/04\/71ihqVwrhaL._AC_SL1500_-765x1024.jpg\" \/>\n<meta name=\"twitter:card\" content=\"summary_large_image\" \/>\n<meta name=\"twitter:label1\" content=\"Tiempo de lectura\" \/>\n\t<meta name=\"twitter:data1\" content=\"3 minutos\" \/>\n<script type=\"application\/ld+json\" class=\"yoast-schema-graph\">{\"@context\":\"https:\\\/\\\/schema.org\",\"@graph\":[{\"@type\":\"WebPage\",\"@id\":\"https:\\\/\\\/mundoanimalito.com\\\/index.php\\\/purina-pro-plan-small-mini-puppy\\\/\",\"url\":\"https:\\\/\\\/mundoanimalito.com\\\/index.php\\\/purina-pro-plan-small-mini-puppy\\\/\",\"name\":\"Purina Pro Plan Small & Mini Puppy | Mundo Animalito\",\"isPartOf\":{\"@id\":\"https:\\\/\\\/mundoanimalito.com\\\/#website\"},\"primaryImageOfPage\":{\"@id\":\"https:\\\/\\\/mundoanimalito.com\\\/index.php\\\/purina-pro-plan-small-mini-puppy\\\/#primaryimage\"},\"image\":{\"@id\":\"https:\\\/\\\/mundoanimalito.com\\\/index.php\\\/purina-pro-plan-small-mini-puppy\\\/#primaryimage\"},\"thumbnailUrl\":\"https:\\\/\\\/mundoanimalito.com\\\/wp-content\\\/uploads\\\/2024\\\/04\\\/71ihqVwrhaL._AC_SL1500_-765x1024.jpg\",\"datePublished\":\"2024-04-05T20:06:36+00:00\",\"dateModified\":\"2024-09-19T23:21:11+00:00\",\"description\":\"\u00a1Cuida la piel sensible de tu cachorro con Purina Pro Plan Small & Mini Puppy! Nuestro alimento completo est\u00e1 dise\u00f1ado cient\u00edficamente para ofrecer una soluci\u00f3n nutricionalmente equilibrada y delicada.\",\"breadcrumb\":{\"@id\":\"https:\\\/\\\/mundoanimalito.com\\\/index.php\\\/purina-pro-plan-small-mini-puppy\\\/#breadcrumb\"},\"inLanguage\":\"es\",\"potentialAction\":[{\"@type\":\"ReadAction\",\"target\":[\"https:\\\/\\\/mundoanimalito.com\\\/index.php\\\/purina-pro-plan-small-mini-puppy\\\/\"]}]},{\"@type\":\"ImageObject\",\"inLanguage\":\"es\",\"@id\":\"https:\\\/\\\/mundoanimalito.com\\\/index.php\\\/purina-pro-plan-small-mini-puppy\\\/#primaryimage\",\"url\":\"https:\\\/\\\/mundoanimalito.com\\\/wp-content\\\/uploads\\\/2024\\\/04\\\/71ihqVwrhaL._AC_SL1500_.jpg\",\"contentUrl\":\"https:\\\/\\\/mundoanimalito.com\\\/wp-content\\\/uploads\\\/2024\\\/04\\\/71ihqVwrhaL._AC_SL1500_.jpg\",\"width\":1120,\"height\":1500,\"caption\":\"Purina Pro Plan Small & Mini Puppy, Salm\u00f3n para cachorros de piel sensible, Pack de 4 x 3 Kg - Total 12 Kg\"},{\"@type\":\"BreadcrumbList\",\"@id\":\"https:\\\/\\\/mundoanimalito.com\\\/index.php\\\/purina-pro-plan-small-mini-puppy\\\/#breadcrumb\",\"itemListElement\":[{\"@type\":\"ListItem\",\"position\":1,\"name\":\"Portada\",\"item\":\"https:\\\/\\\/mundoanimalito.com\\\/\"},{\"@type\":\"ListItem\",\"position\":2,\"name\":\"Purina Pro Plan Small &amp; Mini Puppy\"}]},{\"@type\":\"WebSite\",\"@id\":\"https:\\\/\\\/mundoanimalito.com\\\/#website\",\"url\":\"https:\\\/\\\/mundoanimalito.com\\\/\",\"name\":\"Mundo Animalito\",\"description\":\"Datos y curiosidades de los animales, encuentra ac\u00e1 todo para tu mascota\",\"publisher\":{\"@id\":\"https:\\\/\\\/mundoanimalito.com\\\/#organization\"},\"potentialAction\":[{\"@type\":\"SearchAction\",\"target\":{\"@type\":\"EntryPoint\",\"urlTemplate\":\"https:\\\/\\\/mundoanimalito.com\\\/?s={search_term_string}\"},\"query-input\":{\"@type\":\"PropertyValueSpecification\",\"valueRequired\":true,\"valueName\":\"search_term_string\"}}],\"inLanguage\":\"es\"},{\"@type\":\"Organization\",\"@id\":\"https:\\\/\\\/mundoanimalito.com\\\/#organization\",\"name\":\"Mundo Animalito\",\"url\":\"https:\\\/\\\/mundoanimalito.com\\\/\",\"logo\":{\"@type\":\"ImageObject\",\"inLanguage\":\"es\",\"@id\":\"https:\\\/\\\/mundoanimalito.com\\\/#\\\/schema\\\/logo\\\/image\\\/\",\"url\":\"https:\\\/\\\/mundoanimalito.com\\\/wp-content\\\/uploads\\\/2023\\\/10\\\/cropped-cropped-LOGO-OFICIAL-ULTIMA-VERSION-1.jpg\",\"contentUrl\":\"https:\\\/\\\/mundoanimalito.com\\\/wp-content\\\/uploads\\\/2023\\\/10\\\/cropped-cropped-LOGO-OFICIAL-ULTIMA-VERSION-1.jpg\",\"width\":374,\"height\":425,\"caption\":\"Mundo Animalito\"},\"image\":{\"@id\":\"https:\\\/\\\/mundoanimalito.com\\\/#\\\/schema\\\/logo\\\/image\\\/\"},\"sameAs\":[\"https:\\\/\\\/www.facebook.com\\\/mundoanimalito77\",\"https:\\\/\\\/www.instagram.com\\\/mundoanimalito77\\\/\",\"https:\\\/\\\/www.tiktok.com\\\/@mundoanimalito77\",\"https:\\\/\\\/www.youtube.com\\\/channel\\\/UCLo2JhNUNtHVraDt5aHadew\"]}]}<\/script>\n<!-- \/ Yoast SEO plugin. -->","yoast_head_json":{"title":"Purina Pro Plan Small & Mini Puppy | Mundo Animalito","description":"\u00a1Cuida la piel sensible de tu cachorro con Purina Pro Plan Small & Mini Puppy! Nuestro alimento completo est\u00e1 dise\u00f1ado cient\u00edficamente para ofrecer una soluci\u00f3n nutricionalmente equilibrada y delicada.","robots":{"index":"index","follow":"follow","max-snippet":"max-snippet:-1","max-image-preview":"max-image-preview:large","max-video-preview":"max-video-preview:-1"},"canonical":"https:\/\/mundoanimalito.com\/index.php\/purina-pro-plan-small-mini-puppy\/","og_locale":"es_ES","og_type":"article","og_title":"Purina Pro Plan Small & Mini Puppy | Mundo Animalito","og_description":"\u00a1Cuida la piel sensible de tu cachorro con Purina Pro Plan Small & Mini Puppy! Nuestro alimento completo est\u00e1 dise\u00f1ado cient\u00edficamente para ofrecer una soluci\u00f3n nutricionalmente equilibrada y delicada.","og_url":"https:\/\/mundoanimalito.com\/index.php\/purina-pro-plan-small-mini-puppy\/","og_site_name":"Mundo Animalito","article_publisher":"https:\/\/www.facebook.com\/mundoanimalito77","article_modified_time":"2024-09-19T23:21:11+00:00","og_image":[{"url":"https:\/\/mundoanimalito.com\/wp-content\/uploads\/2024\/04\/71ihqVwrhaL._AC_SL1500_-765x1024.jpg","type":"","width":"","height":""}],"twitter_card":"summary_large_image","twitter_misc":{"Tiempo de lectura":"3 minutos"},"schema":{"@context":"https:\/\/schema.org","@graph":[{"@type":"WebPage","@id":"https:\/\/mundoanimalito.com\/index.php\/purina-pro-plan-small-mini-puppy\/","url":"https:\/\/mundoanimalito.com\/index.php\/purina-pro-plan-small-mini-puppy\/","name":"Purina Pro Plan Small & Mini Puppy | Mundo Animalito","isPartOf":{"@id":"https:\/\/mundoanimalito.com\/#website"},"primaryImageOfPage":{"@id":"https:\/\/mundoanimalito.com\/index.php\/purina-pro-plan-small-mini-puppy\/#primaryimage"},"image":{"@id":"https:\/\/mundoanimalito.com\/index.php\/purina-pro-plan-small-mini-puppy\/#primaryimage"},"thumbnailUrl":"https:\/\/mundoanimalito.com\/wp-content\/uploads\/2024\/04\/71ihqVwrhaL._AC_SL1500_-765x1024.jpg","datePublished":"2024-04-05T20:06:36+00:00","dateModified":"2024-09-19T23:21:11+00:00","description":"\u00a1Cuida la piel sensible de tu cachorro con Purina Pro Plan Small & Mini Puppy! Nuestro alimento completo est\u00e1 dise\u00f1ado cient\u00edficamente para ofrecer una soluci\u00f3n nutricionalmente equilibrada y delicada.","breadcrumb":{"@id":"https:\/\/mundoanimalito.com\/index.php\/purina-pro-plan-small-mini-puppy\/#breadcrumb"},"inLanguage":"es","potentialAction":[{"@type":"ReadAction","target":["https:\/\/mundoanimalito.com\/index.php\/purina-pro-plan-small-mini-puppy\/"]}]},{"@type":"ImageObject","inLanguage":"es","@id":"https:\/\/mundoanimalito.com\/index.php\/purina-pro-plan-small-mini-puppy\/#primaryimage","url":"https:\/\/mundoanimalito.com\/wp-content\/uploads\/2024\/04\/71ihqVwrhaL._AC_SL1500_.jpg","contentUrl":"https:\/\/mundoanimalito.com\/wp-content\/uploads\/2024\/04\/71ihqVwrhaL._AC_SL1500_.jpg","width":1120,"height":1500,"caption":"Purina Pro Plan Small & Mini Puppy, Salm\u00f3n para cachorros de piel sensible, Pack de 4 x 3 Kg - Total 12 Kg"},{"@type":"BreadcrumbList","@id":"https:\/\/mundoanimalito.com\/index.php\/purina-pro-plan-small-mini-puppy\/#breadcrumb","itemListElement":[{"@type":"ListItem","position":1,"name":"Portada","item":"https:\/\/mundoanimalito.com\/"},{"@type":"ListItem","position":2,"name":"Purina Pro Plan Small &amp; Mini Puppy"}]},{"@type":"WebSite","@id":"https:\/\/mundoanimalito.com\/#website","url":"https:\/\/mundoanimalito.com\/","name":"Mundo Animalito","description":"Datos y curiosidades de los animales, encuentra ac\u00e1 todo para tu mascota","publisher":{"@id":"https:\/\/mundoanimalito.com\/#organization"},"potentialAction":[{"@type":"SearchAction","target":{"@type":"EntryPoint","urlTemplate":"https:\/\/mundoanimalito.com\/?s={search_term_string}"},"query-input":{"@type":"PropertyValueSpecification","valueRequired":true,"valueName":"search_term_string"}}],"inLanguage":"es"},{"@type":"Organization","@id":"https:\/\/mundoanimalito.com\/#organization","name":"Mundo Animalito","url":"https:\/\/mundoanimalito.com\/","logo":{"@type":"ImageObject","inLanguage":"es","@id":"https:\/\/mundoanimalito.com\/#\/schema\/logo\/image\/","url":"https:\/\/mundoanimalito.com\/wp-content\/uploads\/2023\/10\/cropped-cropped-LOGO-OFICIAL-ULTIMA-VERSION-1.jpg","contentUrl":"https:\/\/mundoanimalito.com\/wp-content\/uploads\/2023\/10\/cropped-cropped-LOGO-OFICIAL-ULTIMA-VERSION-1.jpg","width":374,"height":425,"caption":"Mundo Animalito"},"image":{"@id":"https:\/\/mundoanimalito.com\/#\/schema\/logo\/image\/"},"sameAs":["https:\/\/www.facebook.com\/mundoanimalito77","https:\/\/www.instagram.com\/mundoanimalito77\/","https:\/\/www.tiktok.com\/@mundoanimalito77","https:\/\/www.youtube.com\/channel\/UCLo2JhNUNtHVraDt5aHadew"]}]}},"_links":{"self":[{"href":"https:\/\/mundoanimalito.com\/index.php\/wp-json\/wp\/v2\/pages\/17667","targetHints":{"allow":["GET"]}}],"collection":[{"href":"https:\/\/mundoanimalito.com\/index.php\/wp-json\/wp\/v2\/pages"}],"about":[{"href":"https:\/\/mundoanimalito.com\/index.php\/wp-json\/wp\/v2\/types\/page"}],"author":[{"embeddable":true,"href":"https:\/\/mundoanimalito.com\/index.php\/wp-json\/wp\/v2\/users\/1"}],"replies":[{"embeddable":true,"href":"https:\/\/mundoanimalito.com\/index.php\/wp-json\/wp\/v2\/comments?post=17667"}],"version-history":[{"count":0,"href":"https:\/\/mundoanimalito.com\/index.php\/wp-json\/wp\/v2\/pages\/17667\/revisions"}],"wp:attachment":[{"href":"https:\/\/mundoanimalito.com\/index.php\/wp-json\/wp\/v2\/media?parent=17667"}],"curies":[{"name":"wp","href":"https:\/\/api.w.org\/{rel}","templated":true}]}}