{"id":17313,"date":"2024-04-03T16:39:34","date_gmt":"2024-04-03T21:39:34","guid":{"rendered":"https:\/\/mundoanimalito.com\/?page_id=17313"},"modified":"2024-09-03T15:55:06","modified_gmt":"2024-09-03T20:55:06","slug":"arquivet-pienso-premium-adult-maxi-pollo-y-arroz-12-kg","status":"publish","type":"page","link":"https:\/\/mundoanimalito.com\/index.php\/arquivet-pienso-premium-adult-maxi-pollo-y-arroz-12-kg\/","title":{"rendered":"ARQUIVET Pienso Premium Adult Maxi Pollo y Arroz 12 kg\u00a0"},"content":{"rendered":"\t\t<div data-elementor-type=\"wp-page\" data-elementor-id=\"17313\" class=\"elementor elementor-17313\" data-elementor-post-type=\"page\">\n\t\t\t\t<div class=\"elementor-element elementor-element-91bc47b e-flex e-con-boxed e-con e-parent\" data-id=\"91bc47b\" data-element_type=\"container\" data-e-type=\"container\">\n\t\t\t\t\t<div class=\"e-con-inner\">\n\t\t\t\t<div class=\"elementor-element elementor-element-34237d7 elementor-invisible elementor-widget elementor-widget-heading\" data-id=\"34237d7\" data-element_type=\"widget\" data-e-type=\"widget\" data-settings=\"{&quot;_animation&quot;:&quot;fadeInDown&quot;}\" data-widget_type=\"heading.default\">\n\t\t\t\t<div class=\"elementor-widget-container\">\n\t\t\t\t\t<h2 class=\"elementor-heading-title elementor-size-default\">\u00a1Dale a tu perro el cuidado que se merece con ARQUIVET Pienso Premium! Este alimento seco para perros adultos de razas grandes <\/h2>\t\t\t\t<\/div>\n\t\t\t\t<\/div>\n\t\t\t\t\t<\/div>\n\t\t\t\t<\/div>\n\t\t<div class=\"elementor-element elementor-element-49e0307 e-flex e-con-boxed e-con e-parent\" data-id=\"49e0307\" data-element_type=\"container\" data-e-type=\"container\">\n\t\t\t\t\t<div class=\"e-con-inner\">\n\t\t<div class=\"elementor-element elementor-element-53df3fe e-con-full e-flex e-con e-child\" data-id=\"53df3fe\" data-element_type=\"container\" data-e-type=\"container\">\n\t\t\t\t<div class=\"elementor-element elementor-element-02b4685 elementor-widget elementor-widget-image\" data-id=\"02b4685\" data-element_type=\"widget\" data-e-type=\"widget\" data-widget_type=\"image.default\">\n\t\t\t\t<div class=\"elementor-widget-container\">\n\t\t\t\t\t\t\t\t\t\t\t\t\t\t\t\t<a href=\"https:\/\/amzn.to\/4cLqPS4\" target=\"_blank\">\n\t\t\t\t\t\t\t<img fetchpriority=\"high\" decoding=\"async\" width=\"489\" height=\"1024\" src=\"https:\/\/mundoanimalito.com\/wp-content\/uploads\/2024\/04\/71gbGO3qvdL._AC_SL1500_-489x1024.jpg\" class=\"attachment-large size-large wp-image-17306\" alt=\"ARQUIVET Pienso Premium Adult Maxi Pollo y Arroz 12 kg - Pienso Natural para Perros Adultos de Razas Grandes - Alimento seco para Perros - Alta digestibilidad, gastrointestinal\" srcset=\"https:\/\/mundoanimalito.com\/wp-content\/uploads\/2024\/04\/71gbGO3qvdL._AC_SL1500_-489x1024.jpg 489w, https:\/\/mundoanimalito.com\/wp-content\/uploads\/2024\/04\/71gbGO3qvdL._AC_SL1500_-143x300.jpg 143w, https:\/\/mundoanimalito.com\/wp-content\/uploads\/2024\/04\/71gbGO3qvdL._AC_SL1500_.jpg 675w\" sizes=\"(max-width: 489px) 100vw, 489px\" \/>\t\t\t\t\t\t\t\t<\/a>\n\t\t\t\t\t\t\t\t\t\t\t\t\t\t\t<\/div>\n\t\t\t\t<\/div>\n\t\t\t\t<\/div>\n\t\t<div class=\"elementor-element elementor-element-94e7071 e-con-full e-flex e-con e-child\" data-id=\"94e7071\" data-element_type=\"container\" data-e-type=\"container\">\n\t\t\t\t<div class=\"elementor-element elementor-element-bfde16c elementor-widget elementor-widget-text-editor\" data-id=\"bfde16c\" data-element_type=\"widget\" data-e-type=\"widget\" data-widget_type=\"text-editor.default\">\n\t\t\t\t<div class=\"elementor-widget-container\">\n\t\t\t\t\t\t\t\t\t<p>\ud83c\udf57 <strong>Alta Apetencia y Digestibilidad:<\/strong> Formulado con pollo fresco y arroz, este pienso es irresistible para tu perro y f\u00e1cil de digerir, asegurando que obtenga todos los nutrientes necesarios para mantenerse en \u00f3ptimas condiciones.\u00a0<\/p><p>\u00a0<\/p><p>\ud83d\udc4c <strong>Salud de Pelo, Piel, Huesos y Articulaciones:<\/strong> Con una cuidadosa selecci\u00f3n de ingredientes de alta calidad, incluyendo omega 3 y 6, zinc, cobre, biotina, vitaminas A y E, este pienso promueve un crecimiento saludable del pelo y la piel, mientras fortalece los huesos y las articulaciones de tu perro.<\/p><p>\u00a0<\/p><p>\ud83e\uddb7 <strong>Salud Dental:<\/strong> La f\u00f3rmula de ARQUIVET ayuda a reducir la formaci\u00f3n de sarro dental, protegiendo as\u00ed la salud dental de tu mascota y previniendo la caries.<\/p><p>\u00a0<\/p><p>\ud83d\udee1\ufe0f <strong>Protecci\u00f3n Inmunitaria y Reducci\u00f3n de Grasa Corporal:<\/strong> Con ingredientes como FOS, MOS y L-carnitina, este pienso fortalece el sistema inmunol\u00f3gico de tu perro y ayuda a transformar las grasas en energ\u00eda, promoviendo as\u00ed un peso saludable y una mayor vitalidad.<\/p><p>\u00a0<\/p><p>\ud83c\udf3f <strong>Compromiso con la Nutrici\u00f3n Natural:<\/strong> ARQUIVET se fund\u00f3 con la convicci\u00f3n de que una alimentaci\u00f3n natural y equilibrada es esencial para la salud de nuestras mascotas. Utilizan ingredientes naturales y tecnolog\u00eda de vanguardia para ofrecer una alimentaci\u00f3n sabrosa, natural y saludable.<\/p><p>\u00a0<\/p><p>Con ARQUIVET Pienso Premium, puedes estar seguro de que est\u00e1s proporcionando a tu perro la mejor nutrici\u00f3n posible, respaldada por a\u00f1os de experiencia y compromiso con la salud y el bienestar animal.<\/p>\t\t\t\t\t\t\t\t<\/div>\n\t\t\t\t<\/div>\n\t\t\t\t<div class=\"elementor-element elementor-element-defda59 elementor-align-right elementor-widget elementor-widget-button\" data-id=\"defda59\" data-element_type=\"widget\" data-e-type=\"widget\" data-widget_type=\"button.default\">\n\t\t\t\t<div class=\"elementor-widget-container\">\n\t\t\t\t\t\t\t\t\t<div class=\"elementor-button-wrapper\">\n\t\t\t\t\t<a class=\"elementor-button elementor-button-link elementor-size-sm\" href=\"https:\/\/amzn.to\/4cLqPS4\" target=\"_blank\">\n\t\t\t\t\t\t<span class=\"elementor-button-content-wrapper\">\n\t\t\t\t\t\t\t\t\t<span class=\"elementor-button-text\">Compra ahora en Amazon<\/span>\n\t\t\t\t\t<\/span>\n\t\t\t\t\t<\/a>\n\t\t\t\t<\/div>\n\t\t\t\t\t\t\t\t<\/div>\n\t\t\t\t<\/div>\n\t\t\t\t<\/div>\n\t\t\t\t\t<\/div>\n\t\t\t\t<\/div>\n\t\t<div class=\"elementor-element elementor-element-b6c0434 e-flex e-con-boxed e-con e-parent\" data-id=\"b6c0434\" data-element_type=\"container\" data-e-type=\"container\">\n\t\t\t\t\t<div class=\"e-con-inner\">\n\t\t\t\t<div class=\"elementor-element elementor-element-d9af75d elementor-arrows-position-inside elementor-pagination-position-outside elementor-widget elementor-widget-image-carousel\" data-id=\"d9af75d\" data-element_type=\"widget\" data-e-type=\"widget\" data-settings=\"{&quot;slides_to_show&quot;:&quot;1&quot;,&quot;navigation&quot;:&quot;both&quot;,&quot;autoplay&quot;:&quot;yes&quot;,&quot;pause_on_hover&quot;:&quot;yes&quot;,&quot;pause_on_interaction&quot;:&quot;yes&quot;,&quot;autoplay_speed&quot;:5000,&quot;infinite&quot;:&quot;yes&quot;,&quot;effect&quot;:&quot;slide&quot;,&quot;speed&quot;:500}\" data-widget_type=\"image-carousel.default\">\n\t\t\t\t<div class=\"elementor-widget-container\">\n\t\t\t\t\t\t\t<div class=\"elementor-image-carousel-wrapper swiper\" role=\"region\" aria-roledescription=\"carousel\" aria-label=\"Carrusel de im\u00e1genes\" dir=\"ltr\">\n\t\t\t<div class=\"elementor-image-carousel swiper-wrapper\" aria-live=\"off\">\n\t\t\t\t\t\t\t\t<div class=\"swiper-slide\" role=\"group\" aria-roledescription=\"slide\" aria-label=\"1 de 5\"><figure class=\"swiper-slide-inner\"><img decoding=\"async\" class=\"swiper-slide-image\" src=\"https:\/\/mundoanimalito.com\/wp-content\/uploads\/2024\/04\/71iKAkbymtL._AC_SL1500_-1024x577.jpg\" alt=\"ARQUIVET Pienso Premium Adult Maxi Pollo y Arroz 12 kg - Pienso Natural para Perros Adultos de Razas Grandes - Alimento seco para Perros - Alta digestibilidad, gastrointestinal\" \/><\/figure><\/div><div class=\"swiper-slide\" role=\"group\" aria-roledescription=\"slide\" aria-label=\"2 de 5\"><figure class=\"swiper-slide-inner\"><img decoding=\"async\" class=\"swiper-slide-image\" src=\"https:\/\/mundoanimalito.com\/wp-content\/uploads\/2024\/04\/613p1I7DJKL._AC_SL1500_-489x1024.jpg\" alt=\"ARQUIVET Pienso Premium Adult Maxi Pollo y Arroz 12 kg - Pienso Natural para Perros Adultos de Razas Grandes - Alimento seco para Perros - Alta digestibilidad, gastrointestinal\" \/><\/figure><\/div><div class=\"swiper-slide\" role=\"group\" aria-roledescription=\"slide\" aria-label=\"3 de 5\"><figure class=\"swiper-slide-inner\"><img decoding=\"async\" class=\"swiper-slide-image\" src=\"https:\/\/mundoanimalito.com\/wp-content\/uploads\/2024\/04\/71TuwfBBqL._AC_SL1500_-1024x1024.jpg\" alt=\"ARQUIVET Pienso Premium Adult Maxi Pollo y Arroz 12 kg - Pienso Natural para Perros Adultos de Razas Grandes - Alimento seco para Perros - Alta digestibilidad, gastrointestinal\" \/><\/figure><\/div><div class=\"swiper-slide\" role=\"group\" aria-roledescription=\"slide\" aria-label=\"4 de 5\"><figure class=\"swiper-slide-inner\"><img decoding=\"async\" class=\"swiper-slide-image\" src=\"https:\/\/mundoanimalito.com\/wp-content\/uploads\/2024\/04\/81Y7tJd9deL._AC_SL1500_-1024x1024.jpg\" alt=\"ARQUIVET Pienso Premium Adult Maxi Pollo y Arroz 12 kg - Pienso Natural para Perros Adultos de Razas Grandes - Alimento seco para Perros - Alta digestibilidad, gastrointestinal\" \/><\/figure><\/div><div class=\"swiper-slide\" role=\"group\" aria-roledescription=\"slide\" aria-label=\"5 de 5\"><figure class=\"swiper-slide-inner\"><img decoding=\"async\" class=\"swiper-slide-image\" src=\"https:\/\/mundoanimalito.com\/wp-content\/uploads\/2024\/04\/71IUOBsfE6L._AC_SL1500_-490x1024.jpg\" alt=\"ARQUIVET Pienso Premium Adult Maxi Pollo y Arroz 12 kg - Pienso Natural para Perros Adultos de Razas Grandes - Alimento seco para Perros - Alta digestibilidad, gastrointestinal\" \/><\/figure><\/div>\t\t\t<\/div>\n\t\t\t\t\t\t\t\t\t\t\t\t<div class=\"elementor-swiper-button elementor-swiper-button-prev\" role=\"button\" tabindex=\"0\">\n\t\t\t\t\t\t<i aria-hidden=\"true\" class=\"eicon-chevron-left\"><\/i>\t\t\t\t\t<\/div>\n\t\t\t\t\t<div class=\"elementor-swiper-button elementor-swiper-button-next\" role=\"button\" tabindex=\"0\">\n\t\t\t\t\t\t<i aria-hidden=\"true\" class=\"eicon-chevron-right\"><\/i>\t\t\t\t\t<\/div>\n\t\t\t\t\n\t\t\t\t\t\t\t\t\t<div class=\"swiper-pagination\"><\/div>\n\t\t\t\t\t\t\t\t\t<\/div>\n\t\t\t\t\t\t<\/div>\n\t\t\t\t<\/div>\n\t\t\t\t\t<\/div>\n\t\t\t\t<\/div>\n\t\t<div class=\"elementor-element elementor-element-f04e361 e-flex e-con-boxed e-con e-parent\" data-id=\"f04e361\" data-element_type=\"container\" data-e-type=\"container\">\n\t\t\t\t\t<div class=\"e-con-inner\">\n\t\t\t\t<div class=\"elementor-element elementor-element-b3226ed elementor-align-right elementor-widget elementor-widget-button\" data-id=\"b3226ed\" data-element_type=\"widget\" data-e-type=\"widget\" data-widget_type=\"button.default\">\n\t\t\t\t<div class=\"elementor-widget-container\">\n\t\t\t\t\t\t\t\t\t<div class=\"elementor-button-wrapper\">\n\t\t\t\t\t<a class=\"elementor-button elementor-button-link elementor-size-sm\" href=\"https:\/\/amzn.to\/4cLqPS4\" target=\"_blank\">\n\t\t\t\t\t\t<span class=\"elementor-button-content-wrapper\">\n\t\t\t\t\t\t\t\t\t<span class=\"elementor-button-text\">Compra ahora en Amazon<\/span>\n\t\t\t\t\t<\/span>\n\t\t\t\t\t<\/a>\n\t\t\t\t<\/div>\n\t\t\t\t\t\t\t\t<\/div>\n\t\t\t\t<\/div>\n\t\t\t\t\t<\/div>\n\t\t\t\t<\/div>\n\t\t\t\t<\/div>\n\t\t","protected":false},"excerpt":{"rendered":"<p>\u00a1Dale a tu perro el cuidado que se merece con ARQUIVET Pienso Premium! Este alimento seco para perros adultos de razas grandes \ud83c\udf57 Alta Apetencia y Digestibilidad: Formulado con pollo fresco y arroz, este pienso es irresistible para tu perro y f\u00e1cil de digerir, asegurando que obtenga todos los nutrientes necesarios para mantenerse en \u00f3ptimas [&hellip;]<\/p>\n","protected":false},"author":1,"featured_media":0,"parent":0,"menu_order":0,"comment_status":"closed","ping_status":"closed","template":"","meta":{"site-sidebar-layout":"no-sidebar","site-content-layout":"page-builder","ast-site-content-layout":"full-width-container","site-content-style":"default","site-sidebar-style":"default","ast-global-header-display":"","ast-banner-title-visibility":"","ast-main-header-display":"","ast-hfb-above-header-display":"","ast-hfb-below-header-display":"","ast-hfb-mobile-header-display":"","site-post-title":"disabled","ast-breadcrumbs-content":"","ast-featured-img":"disabled","footer-sml-layout":"","ast-disable-related-posts":"","theme-transparent-header-meta":"","adv-header-id-meta":"","stick-header-meta":"","header-above-stick-meta":"","header-main-stick-meta":"","header-below-stick-meta":"","astra-migrate-meta-layouts":"set","ast-page-background-enabled":"default","ast-page-background-meta":{"desktop":{"background-color":"var(--ast-global-color-4)","background-image":"","background-repeat":"repeat","background-position":"center center","background-size":"auto","background-attachment":"scroll","background-type":"","background-media":"","overlay-type":"","overlay-color":"","overlay-opacity":"","overlay-gradient":""},"tablet":{"background-color":"","background-image":"","background-repeat":"repeat","background-position":"center center","background-size":"auto","background-attachment":"scroll","background-type":"","background-media":"","overlay-type":"","overlay-color":"","overlay-opacity":"","overlay-gradient":""},"mobile":{"background-color":"","background-image":"","background-repeat":"repeat","background-position":"center center","background-size":"auto","background-attachment":"scroll","background-type":"","background-media":"","overlay-type":"","overlay-color":"","overlay-opacity":"","overlay-gradient":""}},"ast-content-background-meta":{"desktop":{"background-color":"var(--ast-global-color-5)","background-image":"","background-repeat":"repeat","background-position":"center center","background-size":"auto","background-attachment":"scroll","background-type":"","background-media":"","overlay-type":"","overlay-color":"","overlay-opacity":"","overlay-gradient":""},"tablet":{"background-color":"var(--ast-global-color-5)","background-image":"","background-repeat":"repeat","background-position":"center center","background-size":"auto","background-attachment":"scroll","background-type":"","background-media":"","overlay-type":"","overlay-color":"","overlay-opacity":"","overlay-gradient":""},"mobile":{"background-color":"var(--ast-global-color-5)","background-image":"","background-repeat":"repeat","background-position":"center center","background-size":"auto","background-attachment":"scroll","background-type":"","background-media":"","overlay-type":"","overlay-color":"","overlay-opacity":"","overlay-gradient":""}},"footnotes":""},"class_list":["post-17313","page","type-page","status-publish","hentry"],"yoast_head":"<!-- This site is optimized with the Yoast SEO plugin v27.4 - https:\/\/yoast.com\/product\/yoast-seo-wordpress\/ -->\n<title>ARQUIVET Pienso Premium Adult Maxi Pollo y Arroz 12 kg | Mundo Animalito<\/title>\n<meta name=\"description\" content=\"\u00a1Dale a tu perro el cuidado que se merece con ARQUIVET Pienso Premium! Este alimento seco para perros adultos de razas grandes\" \/>\n<meta name=\"robots\" content=\"index, follow, max-snippet:-1, max-image-preview:large, max-video-preview:-1\" \/>\n<link rel=\"canonical\" href=\"https:\/\/mundoanimalito.com\/index.php\/arquivet-pienso-premium-adult-maxi-pollo-y-arroz-12-kg\/\" \/>\n<meta property=\"og:locale\" content=\"es_ES\" \/>\n<meta property=\"og:type\" content=\"article\" \/>\n<meta property=\"og:title\" content=\"ARQUIVET Pienso Premium Adult Maxi Pollo y Arroz 12 kg | Mundo Animalito\" \/>\n<meta property=\"og:description\" content=\"\u00a1Dale a tu perro el cuidado que se merece con ARQUIVET Pienso Premium! Este alimento seco para perros adultos de razas grandes\" \/>\n<meta property=\"og:url\" content=\"https:\/\/mundoanimalito.com\/index.php\/arquivet-pienso-premium-adult-maxi-pollo-y-arroz-12-kg\/\" \/>\n<meta property=\"og:site_name\" content=\"Mundo Animalito\" \/>\n<meta property=\"article:publisher\" content=\"https:\/\/www.facebook.com\/mundoanimalito77\" \/>\n<meta property=\"article:modified_time\" content=\"2024-09-03T20:55:06+00:00\" \/>\n<meta property=\"og:image\" content=\"https:\/\/mundoanimalito.com\/wp-content\/uploads\/2024\/04\/71gbGO3qvdL._AC_SL1500_-489x1024.jpg\" \/>\n<meta name=\"twitter:card\" content=\"summary_large_image\" \/>\n<meta name=\"twitter:label1\" content=\"Tiempo de lectura\" \/>\n\t<meta name=\"twitter:data1\" content=\"3 minutos\" \/>\n<script type=\"application\/ld+json\" class=\"yoast-schema-graph\">{\"@context\":\"https:\\\/\\\/schema.org\",\"@graph\":[{\"@type\":\"WebPage\",\"@id\":\"https:\\\/\\\/mundoanimalito.com\\\/index.php\\\/arquivet-pienso-premium-adult-maxi-pollo-y-arroz-12-kg\\\/\",\"url\":\"https:\\\/\\\/mundoanimalito.com\\\/index.php\\\/arquivet-pienso-premium-adult-maxi-pollo-y-arroz-12-kg\\\/\",\"name\":\"ARQUIVET Pienso Premium Adult Maxi Pollo y Arroz 12 kg | Mundo Animalito\",\"isPartOf\":{\"@id\":\"https:\\\/\\\/mundoanimalito.com\\\/#website\"},\"primaryImageOfPage\":{\"@id\":\"https:\\\/\\\/mundoanimalito.com\\\/index.php\\\/arquivet-pienso-premium-adult-maxi-pollo-y-arroz-12-kg\\\/#primaryimage\"},\"image\":{\"@id\":\"https:\\\/\\\/mundoanimalito.com\\\/index.php\\\/arquivet-pienso-premium-adult-maxi-pollo-y-arroz-12-kg\\\/#primaryimage\"},\"thumbnailUrl\":\"https:\\\/\\\/mundoanimalito.com\\\/wp-content\\\/uploads\\\/2024\\\/04\\\/71gbGO3qvdL._AC_SL1500_-489x1024.jpg\",\"datePublished\":\"2024-04-03T21:39:34+00:00\",\"dateModified\":\"2024-09-03T20:55:06+00:00\",\"description\":\"\u00a1Dale a tu perro el cuidado que se merece con ARQUIVET Pienso Premium! Este alimento seco para perros adultos de razas grandes\",\"breadcrumb\":{\"@id\":\"https:\\\/\\\/mundoanimalito.com\\\/index.php\\\/arquivet-pienso-premium-adult-maxi-pollo-y-arroz-12-kg\\\/#breadcrumb\"},\"inLanguage\":\"es\",\"potentialAction\":[{\"@type\":\"ReadAction\",\"target\":[\"https:\\\/\\\/mundoanimalito.com\\\/index.php\\\/arquivet-pienso-premium-adult-maxi-pollo-y-arroz-12-kg\\\/\"]}]},{\"@type\":\"ImageObject\",\"inLanguage\":\"es\",\"@id\":\"https:\\\/\\\/mundoanimalito.com\\\/index.php\\\/arquivet-pienso-premium-adult-maxi-pollo-y-arroz-12-kg\\\/#primaryimage\",\"url\":\"https:\\\/\\\/mundoanimalito.com\\\/wp-content\\\/uploads\\\/2024\\\/04\\\/71gbGO3qvdL._AC_SL1500_.jpg\",\"contentUrl\":\"https:\\\/\\\/mundoanimalito.com\\\/wp-content\\\/uploads\\\/2024\\\/04\\\/71gbGO3qvdL._AC_SL1500_.jpg\",\"width\":675,\"height\":1414,\"caption\":\"ARQUIVET Pienso Premium Adult Maxi Pollo y Arroz 12 kg - Pienso Natural para Perros Adultos de Razas Grandes - Alimento seco para Perros - Alta digestibilidad, gastrointestinal\"},{\"@type\":\"BreadcrumbList\",\"@id\":\"https:\\\/\\\/mundoanimalito.com\\\/index.php\\\/arquivet-pienso-premium-adult-maxi-pollo-y-arroz-12-kg\\\/#breadcrumb\",\"itemListElement\":[{\"@type\":\"ListItem\",\"position\":1,\"name\":\"Portada\",\"item\":\"https:\\\/\\\/mundoanimalito.com\\\/\"},{\"@type\":\"ListItem\",\"position\":2,\"name\":\"ARQUIVET Pienso Premium Adult Maxi Pollo y Arroz 12 kg\u00a0\"}]},{\"@type\":\"WebSite\",\"@id\":\"https:\\\/\\\/mundoanimalito.com\\\/#website\",\"url\":\"https:\\\/\\\/mundoanimalito.com\\\/\",\"name\":\"Mundo Animalito\",\"description\":\"Datos y curiosidades de los animales, encuentra ac\u00e1 todo para tu mascota\",\"publisher\":{\"@id\":\"https:\\\/\\\/mundoanimalito.com\\\/#organization\"},\"potentialAction\":[{\"@type\":\"SearchAction\",\"target\":{\"@type\":\"EntryPoint\",\"urlTemplate\":\"https:\\\/\\\/mundoanimalito.com\\\/?s={search_term_string}\"},\"query-input\":{\"@type\":\"PropertyValueSpecification\",\"valueRequired\":true,\"valueName\":\"search_term_string\"}}],\"inLanguage\":\"es\"},{\"@type\":\"Organization\",\"@id\":\"https:\\\/\\\/mundoanimalito.com\\\/#organization\",\"name\":\"Mundo Animalito\",\"url\":\"https:\\\/\\\/mundoanimalito.com\\\/\",\"logo\":{\"@type\":\"ImageObject\",\"inLanguage\":\"es\",\"@id\":\"https:\\\/\\\/mundoanimalito.com\\\/#\\\/schema\\\/logo\\\/image\\\/\",\"url\":\"https:\\\/\\\/mundoanimalito.com\\\/wp-content\\\/uploads\\\/2023\\\/10\\\/cropped-cropped-LOGO-OFICIAL-ULTIMA-VERSION-1.jpg\",\"contentUrl\":\"https:\\\/\\\/mundoanimalito.com\\\/wp-content\\\/uploads\\\/2023\\\/10\\\/cropped-cropped-LOGO-OFICIAL-ULTIMA-VERSION-1.jpg\",\"width\":374,\"height\":425,\"caption\":\"Mundo Animalito\"},\"image\":{\"@id\":\"https:\\\/\\\/mundoanimalito.com\\\/#\\\/schema\\\/logo\\\/image\\\/\"},\"sameAs\":[\"https:\\\/\\\/www.facebook.com\\\/mundoanimalito77\",\"https:\\\/\\\/www.instagram.com\\\/mundoanimalito77\\\/\",\"https:\\\/\\\/www.tiktok.com\\\/@mundoanimalito77\",\"https:\\\/\\\/www.youtube.com\\\/channel\\\/UCLo2JhNUNtHVraDt5aHadew\"]}]}<\/script>\n<!-- \/ Yoast SEO plugin. -->","yoast_head_json":{"title":"ARQUIVET Pienso Premium Adult Maxi Pollo y Arroz 12 kg | Mundo Animalito","description":"\u00a1Dale a tu perro el cuidado que se merece con ARQUIVET Pienso Premium! Este alimento seco para perros adultos de razas grandes","robots":{"index":"index","follow":"follow","max-snippet":"max-snippet:-1","max-image-preview":"max-image-preview:large","max-video-preview":"max-video-preview:-1"},"canonical":"https:\/\/mundoanimalito.com\/index.php\/arquivet-pienso-premium-adult-maxi-pollo-y-arroz-12-kg\/","og_locale":"es_ES","og_type":"article","og_title":"ARQUIVET Pienso Premium Adult Maxi Pollo y Arroz 12 kg | Mundo Animalito","og_description":"\u00a1Dale a tu perro el cuidado que se merece con ARQUIVET Pienso Premium! Este alimento seco para perros adultos de razas grandes","og_url":"https:\/\/mundoanimalito.com\/index.php\/arquivet-pienso-premium-adult-maxi-pollo-y-arroz-12-kg\/","og_site_name":"Mundo Animalito","article_publisher":"https:\/\/www.facebook.com\/mundoanimalito77","article_modified_time":"2024-09-03T20:55:06+00:00","og_image":[{"url":"https:\/\/mundoanimalito.com\/wp-content\/uploads\/2024\/04\/71gbGO3qvdL._AC_SL1500_-489x1024.jpg","type":"","width":"","height":""}],"twitter_card":"summary_large_image","twitter_misc":{"Tiempo de lectura":"3 minutos"},"schema":{"@context":"https:\/\/schema.org","@graph":[{"@type":"WebPage","@id":"https:\/\/mundoanimalito.com\/index.php\/arquivet-pienso-premium-adult-maxi-pollo-y-arroz-12-kg\/","url":"https:\/\/mundoanimalito.com\/index.php\/arquivet-pienso-premium-adult-maxi-pollo-y-arroz-12-kg\/","name":"ARQUIVET Pienso Premium Adult Maxi Pollo y Arroz 12 kg | Mundo Animalito","isPartOf":{"@id":"https:\/\/mundoanimalito.com\/#website"},"primaryImageOfPage":{"@id":"https:\/\/mundoanimalito.com\/index.php\/arquivet-pienso-premium-adult-maxi-pollo-y-arroz-12-kg\/#primaryimage"},"image":{"@id":"https:\/\/mundoanimalito.com\/index.php\/arquivet-pienso-premium-adult-maxi-pollo-y-arroz-12-kg\/#primaryimage"},"thumbnailUrl":"https:\/\/mundoanimalito.com\/wp-content\/uploads\/2024\/04\/71gbGO3qvdL._AC_SL1500_-489x1024.jpg","datePublished":"2024-04-03T21:39:34+00:00","dateModified":"2024-09-03T20:55:06+00:00","description":"\u00a1Dale a tu perro el cuidado que se merece con ARQUIVET Pienso Premium! Este alimento seco para perros adultos de razas grandes","breadcrumb":{"@id":"https:\/\/mundoanimalito.com\/index.php\/arquivet-pienso-premium-adult-maxi-pollo-y-arroz-12-kg\/#breadcrumb"},"inLanguage":"es","potentialAction":[{"@type":"ReadAction","target":["https:\/\/mundoanimalito.com\/index.php\/arquivet-pienso-premium-adult-maxi-pollo-y-arroz-12-kg\/"]}]},{"@type":"ImageObject","inLanguage":"es","@id":"https:\/\/mundoanimalito.com\/index.php\/arquivet-pienso-premium-adult-maxi-pollo-y-arroz-12-kg\/#primaryimage","url":"https:\/\/mundoanimalito.com\/wp-content\/uploads\/2024\/04\/71gbGO3qvdL._AC_SL1500_.jpg","contentUrl":"https:\/\/mundoanimalito.com\/wp-content\/uploads\/2024\/04\/71gbGO3qvdL._AC_SL1500_.jpg","width":675,"height":1414,"caption":"ARQUIVET Pienso Premium Adult Maxi Pollo y Arroz 12 kg - Pienso Natural para Perros Adultos de Razas Grandes - Alimento seco para Perros - Alta digestibilidad, gastrointestinal"},{"@type":"BreadcrumbList","@id":"https:\/\/mundoanimalito.com\/index.php\/arquivet-pienso-premium-adult-maxi-pollo-y-arroz-12-kg\/#breadcrumb","itemListElement":[{"@type":"ListItem","position":1,"name":"Portada","item":"https:\/\/mundoanimalito.com\/"},{"@type":"ListItem","position":2,"name":"ARQUIVET Pienso Premium Adult Maxi Pollo y Arroz 12 kg\u00a0"}]},{"@type":"WebSite","@id":"https:\/\/mundoanimalito.com\/#website","url":"https:\/\/mundoanimalito.com\/","name":"Mundo Animalito","description":"Datos y curiosidades de los animales, encuentra ac\u00e1 todo para tu mascota","publisher":{"@id":"https:\/\/mundoanimalito.com\/#organization"},"potentialAction":[{"@type":"SearchAction","target":{"@type":"EntryPoint","urlTemplate":"https:\/\/mundoanimalito.com\/?s={search_term_string}"},"query-input":{"@type":"PropertyValueSpecification","valueRequired":true,"valueName":"search_term_string"}}],"inLanguage":"es"},{"@type":"Organization","@id":"https:\/\/mundoanimalito.com\/#organization","name":"Mundo Animalito","url":"https:\/\/mundoanimalito.com\/","logo":{"@type":"ImageObject","inLanguage":"es","@id":"https:\/\/mundoanimalito.com\/#\/schema\/logo\/image\/","url":"https:\/\/mundoanimalito.com\/wp-content\/uploads\/2023\/10\/cropped-cropped-LOGO-OFICIAL-ULTIMA-VERSION-1.jpg","contentUrl":"https:\/\/mundoanimalito.com\/wp-content\/uploads\/2023\/10\/cropped-cropped-LOGO-OFICIAL-ULTIMA-VERSION-1.jpg","width":374,"height":425,"caption":"Mundo Animalito"},"image":{"@id":"https:\/\/mundoanimalito.com\/#\/schema\/logo\/image\/"},"sameAs":["https:\/\/www.facebook.com\/mundoanimalito77","https:\/\/www.instagram.com\/mundoanimalito77\/","https:\/\/www.tiktok.com\/@mundoanimalito77","https:\/\/www.youtube.com\/channel\/UCLo2JhNUNtHVraDt5aHadew"]}]}},"_links":{"self":[{"href":"https:\/\/mundoanimalito.com\/index.php\/wp-json\/wp\/v2\/pages\/17313","targetHints":{"allow":["GET"]}}],"collection":[{"href":"https:\/\/mundoanimalito.com\/index.php\/wp-json\/wp\/v2\/pages"}],"about":[{"href":"https:\/\/mundoanimalito.com\/index.php\/wp-json\/wp\/v2\/types\/page"}],"author":[{"embeddable":true,"href":"https:\/\/mundoanimalito.com\/index.php\/wp-json\/wp\/v2\/users\/1"}],"replies":[{"embeddable":true,"href":"https:\/\/mundoanimalito.com\/index.php\/wp-json\/wp\/v2\/comments?post=17313"}],"version-history":[{"count":0,"href":"https:\/\/mundoanimalito.com\/index.php\/wp-json\/wp\/v2\/pages\/17313\/revisions"}],"wp:attachment":[{"href":"https:\/\/mundoanimalito.com\/index.php\/wp-json\/wp\/v2\/media?parent=17313"}],"curies":[{"name":"wp","href":"https:\/\/api.w.org\/{rel}","templated":true}]}}