{"id":17223,"date":"2024-04-03T15:17:04","date_gmt":"2024-04-03T20:17:04","guid":{"rendered":"https:\/\/mundoanimalito.com\/?page_id=17223"},"modified":"2024-09-04T18:37:18","modified_gmt":"2024-09-04T23:37:18","slug":"iams-for-vitality-alimento-seco-para-perros-adultos","status":"publish","type":"page","link":"https:\/\/mundoanimalito.com\/index.php\/iams-for-vitality-alimento-seco-para-perros-adultos\/","title":{"rendered":"IAMS for Vitality Alimento seco para perros adultos"},"content":{"rendered":"\t\t<div data-elementor-type=\"wp-page\" data-elementor-id=\"17223\" class=\"elementor elementor-17223\" data-elementor-post-type=\"page\">\n\t\t\t\t<div class=\"elementor-element elementor-element-65ef5bf e-flex e-con-boxed e-con e-parent\" data-id=\"65ef5bf\" data-element_type=\"container\" data-e-type=\"container\">\n\t\t\t\t\t<div class=\"e-con-inner\">\n\t\t\t\t<div class=\"elementor-element elementor-element-6029e2b elementor-invisible elementor-widget elementor-widget-heading\" data-id=\"6029e2b\" data-element_type=\"widget\" data-e-type=\"widget\" data-settings=\"{&quot;_animation&quot;:&quot;fadeInDown&quot;}\" data-widget_type=\"heading.default\">\n\t\t\t\t<div class=\"elementor-widget-container\">\n\t\t\t\t\t<h2 class=\"elementor-heading-title elementor-size-default\">\u00a1Dale a tu compa\u00f1ero peludo la vitalidad que se merece con IAMS for Vitality! Este alimento seco completo y equilibrado est\u00e1 dise\u00f1ado espec\u00edficamente para perros adultos de razas grandes<\/h2>\t\t\t\t<\/div>\n\t\t\t\t<\/div>\n\t\t\t\t\t<\/div>\n\t\t\t\t<\/div>\n\t\t<div class=\"elementor-element elementor-element-338c486 e-flex e-con-boxed e-con e-parent\" data-id=\"338c486\" data-element_type=\"container\" data-e-type=\"container\">\n\t\t\t\t\t<div class=\"e-con-inner\">\n\t\t<div class=\"elementor-element elementor-element-bcbd77d e-con-full e-flex e-con e-child\" data-id=\"bcbd77d\" data-element_type=\"container\" data-e-type=\"container\">\n\t\t\t\t<div class=\"elementor-element elementor-element-19ff2e3 elementor-invisible elementor-widget elementor-widget-image\" data-id=\"19ff2e3\" data-element_type=\"widget\" data-e-type=\"widget\" data-settings=\"{&quot;_animation&quot;:&quot;fadeInDown&quot;}\" data-widget_type=\"image.default\">\n\t\t\t\t<div class=\"elementor-widget-container\">\n\t\t\t\t\t\t\t\t\t\t\t\t\t\t\t\t<a href=\"https:\/\/amzn.to\/3vDrx36\" target=\"_blank\">\n\t\t\t\t\t\t\t<img fetchpriority=\"high\" decoding=\"async\" width=\"613\" height=\"1024\" src=\"https:\/\/mundoanimalito.com\/wp-content\/uploads\/2024\/04\/715Lpq0ATBL._AC_SL1500_-613x1024.jpg\" class=\"attachment-large size-large wp-image-17207\" alt=\"IAMS for Vitality Alimento seco para perros adultos (1-6 a\u00f1os) de raza grande con pollo fresco, 12 kg\" srcset=\"https:\/\/mundoanimalito.com\/wp-content\/uploads\/2024\/04\/715Lpq0ATBL._AC_SL1500_-613x1024.jpg 613w, https:\/\/mundoanimalito.com\/wp-content\/uploads\/2024\/04\/715Lpq0ATBL._AC_SL1500_-180x300.jpg 180w, https:\/\/mundoanimalito.com\/wp-content\/uploads\/2024\/04\/715Lpq0ATBL._AC_SL1500_-768x1283.jpg 768w, https:\/\/mundoanimalito.com\/wp-content\/uploads\/2024\/04\/715Lpq0ATBL._AC_SL1500_.jpg 898w\" sizes=\"(max-width: 613px) 100vw, 613px\" \/>\t\t\t\t\t\t\t\t<\/a>\n\t\t\t\t\t\t\t\t\t\t\t\t\t\t\t<\/div>\n\t\t\t\t<\/div>\n\t\t\t\t<\/div>\n\t\t<div class=\"elementor-element elementor-element-d20650b e-con-full e-flex e-con e-child\" data-id=\"d20650b\" data-element_type=\"container\" data-e-type=\"container\">\n\t\t\t\t<div class=\"elementor-element elementor-element-e497757 elementor-widget elementor-widget-text-editor\" data-id=\"e497757\" data-element_type=\"widget\" data-e-type=\"widget\" data-widget_type=\"text-editor.default\">\n\t\t\t\t<div class=\"elementor-widget-container\">\n\t\t\t\t\t\t\t\t\t<p>\ud83e\uddb4 <strong>Huesos y M\u00fasculos Fuertes:<\/strong> Con una combinaci\u00f3n cuidadosamente seleccionada de prote\u00ednas de alta calidad y minerales esenciales, IAMS for Vitality ayuda a mantener huesos y m\u00fasculos fuertes, para que tu perro pueda disfrutar de una vida activa y saludable.<\/p><p>\u00a0<\/p><p>\ud83c\udf3f <strong>Digesti\u00f3n Sana:<\/strong> La mezcla de fibras adaptada, los prebi\u00f3ticos y la pulpa de remolacha en esta f\u00f3rmula promueven una digesti\u00f3n sana, asegurando que tu perro absorba todos los nutrientes necesarios para mantenerse en su mejor estado.<\/p><p>\u00a0<\/p><p>\ud83e\uddb7 <strong>Dientes Sanos:<\/strong> Las croquetas crujientes y los niveles adaptados de minerales ayudan a reducir la acumulaci\u00f3n de sarro, promoviendo as\u00ed una salud dental \u00f3ptima y un aliento fresco para tu mascota.<\/p><p>\u00a0<\/p><p>\ud83d\udc3e <strong>Piel y Pelo Brillantes:<\/strong> Con \u00e1cidos grasos omega-3 y omega-6, IAMS for Vitality contribuye a mantener una piel sana y un pelaje brillante, para que tu perro luzca tan bien por fuera como se siente por dentro.<\/p><p>\u00a0<\/p><p>\ud83d\udee1\ufe0f <strong>Sistema Inmunitario Resistente:<\/strong> Enriquecido con una mezcla antioxidante que incluye vitaminas C y E, este alimento ayuda a fortalecer el sistema inmunol\u00f3gico de tu perro, protegi\u00e9ndolo de enfermedades y manteni\u00e9ndolo feliz y saludable.<\/p><p>\u00a0<\/p><p>Con IAMS for Vitality, puedes estar seguro de que est\u00e1s brindando a tu perro la mejor nutrici\u00f3n posible, sin compromisos. Sin saborizantes artificiales, colorantes ni ingredientes de relleno, solo ingredientes de alta calidad que ayudan a tu perro a prosperar y disfrutar de la vida al m\u00e1ximo.<\/p>\t\t\t\t\t\t\t\t<\/div>\n\t\t\t\t<\/div>\n\t\t\t\t<div class=\"elementor-element elementor-element-946392e elementor-align-right elementor-widget elementor-widget-button\" data-id=\"946392e\" data-element_type=\"widget\" data-e-type=\"widget\" data-widget_type=\"button.default\">\n\t\t\t\t<div class=\"elementor-widget-container\">\n\t\t\t\t\t\t\t\t\t<div class=\"elementor-button-wrapper\">\n\t\t\t\t\t<a class=\"elementor-button elementor-button-link elementor-size-sm\" href=\"https:\/\/amzn.to\/3vDrx36\" target=\"_blank\">\n\t\t\t\t\t\t<span class=\"elementor-button-content-wrapper\">\n\t\t\t\t\t\t\t\t\t<span class=\"elementor-button-text\">Compra ahora en Amazon<\/span>\n\t\t\t\t\t<\/span>\n\t\t\t\t\t<\/a>\n\t\t\t\t<\/div>\n\t\t\t\t\t\t\t\t<\/div>\n\t\t\t\t<\/div>\n\t\t\t\t<\/div>\n\t\t\t\t\t<\/div>\n\t\t\t\t<\/div>\n\t\t<div class=\"elementor-element elementor-element-d16d46c e-flex e-con-boxed e-con e-parent\" data-id=\"d16d46c\" data-element_type=\"container\" data-e-type=\"container\">\n\t\t\t\t\t<div class=\"e-con-inner\">\n\t\t\t\t<div class=\"elementor-element elementor-element-55365ad elementor-arrows-position-inside elementor-pagination-position-outside elementor-widget elementor-widget-image-carousel\" data-id=\"55365ad\" data-element_type=\"widget\" data-e-type=\"widget\" data-settings=\"{&quot;slides_to_show&quot;:&quot;1&quot;,&quot;navigation&quot;:&quot;both&quot;,&quot;autoplay&quot;:&quot;yes&quot;,&quot;pause_on_hover&quot;:&quot;yes&quot;,&quot;pause_on_interaction&quot;:&quot;yes&quot;,&quot;autoplay_speed&quot;:5000,&quot;infinite&quot;:&quot;yes&quot;,&quot;effect&quot;:&quot;slide&quot;,&quot;speed&quot;:500}\" data-widget_type=\"image-carousel.default\">\n\t\t\t\t<div class=\"elementor-widget-container\">\n\t\t\t\t\t\t\t<div class=\"elementor-image-carousel-wrapper swiper\" role=\"region\" aria-roledescription=\"carousel\" aria-label=\"Carrusel de im\u00e1genes\" dir=\"ltr\">\n\t\t\t<div class=\"elementor-image-carousel swiper-wrapper\" aria-live=\"off\">\n\t\t\t\t\t\t\t\t<div class=\"swiper-slide\" role=\"group\" aria-roledescription=\"slide\" aria-label=\"1 de 6\"><figure class=\"swiper-slide-inner\"><img decoding=\"async\" class=\"swiper-slide-image\" src=\"https:\/\/mundoanimalito.com\/wp-content\/uploads\/2024\/04\/71B3ndIR5uL._AC_SL1500_-480x1024.jpg\" alt=\"IAMS for Vitality Alimento seco para perros adultos (1-6 a\u00f1os) de raza grande con pollo fresco, 12 kg\" \/><\/figure><\/div><div class=\"swiper-slide\" role=\"group\" aria-roledescription=\"slide\" aria-label=\"2 de 6\"><figure class=\"swiper-slide-inner\"><img decoding=\"async\" class=\"swiper-slide-image\" src=\"https:\/\/mundoanimalito.com\/wp-content\/uploads\/2024\/04\/81YfDl3CksL._AC_SL1500_-1024x1001.jpg\" alt=\"IAMS for Vitality Alimento seco para perros adultos (1-6 a\u00f1os) de raza grande con pollo fresco, 12 kg\" \/><\/figure><\/div><div class=\"swiper-slide\" role=\"group\" aria-roledescription=\"slide\" aria-label=\"3 de 6\"><figure class=\"swiper-slide-inner\"><img decoding=\"async\" class=\"swiper-slide-image\" src=\"https:\/\/mundoanimalito.com\/wp-content\/uploads\/2024\/04\/71PBio5sobL._AC_SL1500_-1024x1024.jpg\" alt=\"IAMS for Vitality Alimento seco para perros adultos (1-6 a\u00f1os) de raza grande con pollo fresco, 12 kg\" \/><\/figure><\/div><div class=\"swiper-slide\" role=\"group\" aria-roledescription=\"slide\" aria-label=\"4 de 6\"><figure class=\"swiper-slide-inner\"><img decoding=\"async\" class=\"swiper-slide-image\" src=\"https:\/\/mundoanimalito.com\/wp-content\/uploads\/2024\/04\/71iqFqAO6GL._AC_SL1500_-1024x1005.jpg\" alt=\"IAMS for Vitality Alimento seco para perros adultos (1-6 a\u00f1os) de raza grande con pollo fresco, 12 kg\" \/><\/figure><\/div><div class=\"swiper-slide\" role=\"group\" aria-roledescription=\"slide\" aria-label=\"5 de 6\"><figure class=\"swiper-slide-inner\"><img decoding=\"async\" class=\"swiper-slide-image\" src=\"https:\/\/mundoanimalito.com\/wp-content\/uploads\/2024\/04\/71DAXlJnb9L._AC_SL1500_-1024x1001.jpg\" alt=\"IAMS for Vitality Alimento seco para perros adultos (1-6 a\u00f1os) de raza grande con pollo fresco, 12 kg\" \/><\/figure><\/div><div class=\"swiper-slide\" role=\"group\" aria-roledescription=\"slide\" aria-label=\"6 de 6\"><figure class=\"swiper-slide-inner\"><img decoding=\"async\" class=\"swiper-slide-image\" src=\"https:\/\/mundoanimalito.com\/wp-content\/uploads\/2024\/04\/71Bj4UMHH5L._AC_SL1500_-1024x999.jpg\" alt=\"IAMS for Vitality Alimento seco para perros adultos (1-6 a\u00f1os) de raza grande con pollo fresco, 12 kg\" \/><\/figure><\/div>\t\t\t<\/div>\n\t\t\t\t\t\t\t\t\t\t\t\t<div class=\"elementor-swiper-button elementor-swiper-button-prev\" role=\"button\" tabindex=\"0\">\n\t\t\t\t\t\t<i aria-hidden=\"true\" class=\"eicon-chevron-left\"><\/i>\t\t\t\t\t<\/div>\n\t\t\t\t\t<div class=\"elementor-swiper-button elementor-swiper-button-next\" role=\"button\" tabindex=\"0\">\n\t\t\t\t\t\t<i aria-hidden=\"true\" class=\"eicon-chevron-right\"><\/i>\t\t\t\t\t<\/div>\n\t\t\t\t\n\t\t\t\t\t\t\t\t\t<div class=\"swiper-pagination\"><\/div>\n\t\t\t\t\t\t\t\t\t<\/div>\n\t\t\t\t\t\t<\/div>\n\t\t\t\t<\/div>\n\t\t\t\t\t<\/div>\n\t\t\t\t<\/div>\n\t\t<div class=\"elementor-element elementor-element-76f25a4 e-flex e-con-boxed e-con e-parent\" data-id=\"76f25a4\" data-element_type=\"container\" data-e-type=\"container\">\n\t\t\t\t\t<div class=\"e-con-inner\">\n\t\t\t\t<div class=\"elementor-element elementor-element-128b15f elementor-align-right elementor-widget elementor-widget-button\" data-id=\"128b15f\" data-element_type=\"widget\" data-e-type=\"widget\" data-widget_type=\"button.default\">\n\t\t\t\t<div class=\"elementor-widget-container\">\n\t\t\t\t\t\t\t\t\t<div class=\"elementor-button-wrapper\">\n\t\t\t\t\t<a class=\"elementor-button elementor-button-link elementor-size-sm\" href=\"https:\/\/amzn.to\/3vDrx36\" target=\"_blank\">\n\t\t\t\t\t\t<span class=\"elementor-button-content-wrapper\">\n\t\t\t\t\t\t\t\t\t<span class=\"elementor-button-text\">Compra ahora en Amazon<\/span>\n\t\t\t\t\t<\/span>\n\t\t\t\t\t<\/a>\n\t\t\t\t<\/div>\n\t\t\t\t\t\t\t\t<\/div>\n\t\t\t\t<\/div>\n\t\t\t\t\t<\/div>\n\t\t\t\t<\/div>\n\t\t\t\t<\/div>\n\t\t","protected":false},"excerpt":{"rendered":"<p>\u00a1Dale a tu compa\u00f1ero peludo la vitalidad que se merece con IAMS for Vitality! Este alimento seco completo y equilibrado est\u00e1 dise\u00f1ado espec\u00edficamente para perros adultos de razas grandes \ud83e\uddb4 Huesos y M\u00fasculos Fuertes: Con una combinaci\u00f3n cuidadosamente seleccionada de prote\u00ednas de alta calidad y minerales esenciales, IAMS for Vitality ayuda a mantener huesos y [&hellip;]<\/p>\n","protected":false},"author":1,"featured_media":0,"parent":0,"menu_order":0,"comment_status":"closed","ping_status":"closed","template":"","meta":{"site-sidebar-layout":"no-sidebar","site-content-layout":"page-builder","ast-site-content-layout":"full-width-container","site-content-style":"default","site-sidebar-style":"default","ast-global-header-display":"","ast-banner-title-visibility":"","ast-main-header-display":"","ast-hfb-above-header-display":"","ast-hfb-below-header-display":"","ast-hfb-mobile-header-display":"","site-post-title":"disabled","ast-breadcrumbs-content":"","ast-featured-img":"disabled","footer-sml-layout":"","ast-disable-related-posts":"","theme-transparent-header-meta":"","adv-header-id-meta":"","stick-header-meta":"","header-above-stick-meta":"","header-main-stick-meta":"","header-below-stick-meta":"","astra-migrate-meta-layouts":"set","ast-page-background-enabled":"default","ast-page-background-meta":{"desktop":{"background-color":"var(--ast-global-color-4)","background-image":"","background-repeat":"repeat","background-position":"center center","background-size":"auto","background-attachment":"scroll","background-type":"","background-media":"","overlay-type":"","overlay-color":"","overlay-opacity":"","overlay-gradient":""},"tablet":{"background-color":"","background-image":"","background-repeat":"repeat","background-position":"center center","background-size":"auto","background-attachment":"scroll","background-type":"","background-media":"","overlay-type":"","overlay-color":"","overlay-opacity":"","overlay-gradient":""},"mobile":{"background-color":"","background-image":"","background-repeat":"repeat","background-position":"center center","background-size":"auto","background-attachment":"scroll","background-type":"","background-media":"","overlay-type":"","overlay-color":"","overlay-opacity":"","overlay-gradient":""}},"ast-content-background-meta":{"desktop":{"background-color":"var(--ast-global-color-5)","background-image":"","background-repeat":"repeat","background-position":"center center","background-size":"auto","background-attachment":"scroll","background-type":"","background-media":"","overlay-type":"","overlay-color":"","overlay-opacity":"","overlay-gradient":""},"tablet":{"background-color":"var(--ast-global-color-5)","background-image":"","background-repeat":"repeat","background-position":"center center","background-size":"auto","background-attachment":"scroll","background-type":"","background-media":"","overlay-type":"","overlay-color":"","overlay-opacity":"","overlay-gradient":""},"mobile":{"background-color":"var(--ast-global-color-5)","background-image":"","background-repeat":"repeat","background-position":"center center","background-size":"auto","background-attachment":"scroll","background-type":"","background-media":"","overlay-type":"","overlay-color":"","overlay-opacity":"","overlay-gradient":""}},"footnotes":""},"class_list":["post-17223","page","type-page","status-publish","hentry"],"yoast_head":"<!-- This site is optimized with the Yoast SEO plugin v27.4 - https:\/\/yoast.com\/product\/yoast-seo-wordpress\/ -->\n<title>IAMS Alimento seco para perros de razas grandes con pollo fresco | Mundo Animalito<\/title>\n<meta name=\"description\" content=\"\u00a1Dale a tu compa\u00f1ero peludo la vitalidad que se merece con IAMS for Vitality! Este alimento seco completo y equilibrado est\u00e1 dise\u00f1ado espec\u00edficamente para perros adultos de razas grandes\" \/>\n<meta name=\"robots\" content=\"index, follow, max-snippet:-1, max-image-preview:large, max-video-preview:-1\" \/>\n<link rel=\"canonical\" href=\"https:\/\/mundoanimalito.com\/index.php\/iams-for-vitality-alimento-seco-para-perros-adultos\/\" \/>\n<meta property=\"og:locale\" content=\"es_ES\" \/>\n<meta property=\"og:type\" content=\"article\" \/>\n<meta property=\"og:title\" content=\"IAMS Alimento seco para perros de razas grandes con pollo fresco | Mundo Animalito\" \/>\n<meta property=\"og:description\" content=\"\u00a1Dale a tu compa\u00f1ero peludo la vitalidad que se merece con IAMS for Vitality! Este alimento seco completo y equilibrado est\u00e1 dise\u00f1ado espec\u00edficamente para perros adultos de razas grandes\" \/>\n<meta property=\"og:url\" content=\"https:\/\/mundoanimalito.com\/index.php\/iams-for-vitality-alimento-seco-para-perros-adultos\/\" \/>\n<meta property=\"og:site_name\" content=\"Mundo Animalito\" \/>\n<meta property=\"article:publisher\" content=\"https:\/\/www.facebook.com\/mundoanimalito77\" \/>\n<meta property=\"article:modified_time\" content=\"2024-09-04T23:37:18+00:00\" \/>\n<meta property=\"og:image\" content=\"https:\/\/mundoanimalito.com\/wp-content\/uploads\/2024\/04\/715Lpq0ATBL._AC_SL1500_-613x1024.jpg\" \/>\n<meta name=\"twitter:card\" content=\"summary_large_image\" \/>\n<meta name=\"twitter:label1\" content=\"Tiempo de lectura\" \/>\n\t<meta name=\"twitter:data1\" content=\"3 minutos\" \/>\n<script type=\"application\/ld+json\" class=\"yoast-schema-graph\">{\"@context\":\"https:\\\/\\\/schema.org\",\"@graph\":[{\"@type\":\"WebPage\",\"@id\":\"https:\\\/\\\/mundoanimalito.com\\\/index.php\\\/iams-for-vitality-alimento-seco-para-perros-adultos\\\/\",\"url\":\"https:\\\/\\\/mundoanimalito.com\\\/index.php\\\/iams-for-vitality-alimento-seco-para-perros-adultos\\\/\",\"name\":\"IAMS Alimento seco para perros de razas grandes con pollo fresco | Mundo Animalito\",\"isPartOf\":{\"@id\":\"https:\\\/\\\/mundoanimalito.com\\\/#website\"},\"primaryImageOfPage\":{\"@id\":\"https:\\\/\\\/mundoanimalito.com\\\/index.php\\\/iams-for-vitality-alimento-seco-para-perros-adultos\\\/#primaryimage\"},\"image\":{\"@id\":\"https:\\\/\\\/mundoanimalito.com\\\/index.php\\\/iams-for-vitality-alimento-seco-para-perros-adultos\\\/#primaryimage\"},\"thumbnailUrl\":\"https:\\\/\\\/mundoanimalito.com\\\/wp-content\\\/uploads\\\/2024\\\/04\\\/715Lpq0ATBL._AC_SL1500_-613x1024.jpg\",\"datePublished\":\"2024-04-03T20:17:04+00:00\",\"dateModified\":\"2024-09-04T23:37:18+00:00\",\"description\":\"\u00a1Dale a tu compa\u00f1ero peludo la vitalidad que se merece con IAMS for Vitality! Este alimento seco completo y equilibrado est\u00e1 dise\u00f1ado espec\u00edficamente para perros adultos de razas grandes\",\"breadcrumb\":{\"@id\":\"https:\\\/\\\/mundoanimalito.com\\\/index.php\\\/iams-for-vitality-alimento-seco-para-perros-adultos\\\/#breadcrumb\"},\"inLanguage\":\"es\",\"potentialAction\":[{\"@type\":\"ReadAction\",\"target\":[\"https:\\\/\\\/mundoanimalito.com\\\/index.php\\\/iams-for-vitality-alimento-seco-para-perros-adultos\\\/\"]}]},{\"@type\":\"ImageObject\",\"inLanguage\":\"es\",\"@id\":\"https:\\\/\\\/mundoanimalito.com\\\/index.php\\\/iams-for-vitality-alimento-seco-para-perros-adultos\\\/#primaryimage\",\"url\":\"https:\\\/\\\/mundoanimalito.com\\\/wp-content\\\/uploads\\\/2024\\\/04\\\/715Lpq0ATBL._AC_SL1500_.jpg\",\"contentUrl\":\"https:\\\/\\\/mundoanimalito.com\\\/wp-content\\\/uploads\\\/2024\\\/04\\\/715Lpq0ATBL._AC_SL1500_.jpg\",\"width\":898,\"height\":1500,\"caption\":\"IAMS for Vitality Alimento seco para perros adultos (1-6 a\u00f1os) de raza grande con pollo fresco, 12 kg\"},{\"@type\":\"BreadcrumbList\",\"@id\":\"https:\\\/\\\/mundoanimalito.com\\\/index.php\\\/iams-for-vitality-alimento-seco-para-perros-adultos\\\/#breadcrumb\",\"itemListElement\":[{\"@type\":\"ListItem\",\"position\":1,\"name\":\"Portada\",\"item\":\"https:\\\/\\\/mundoanimalito.com\\\/\"},{\"@type\":\"ListItem\",\"position\":2,\"name\":\"IAMS for Vitality Alimento seco para perros adultos\"}]},{\"@type\":\"WebSite\",\"@id\":\"https:\\\/\\\/mundoanimalito.com\\\/#website\",\"url\":\"https:\\\/\\\/mundoanimalito.com\\\/\",\"name\":\"Mundo Animalito\",\"description\":\"Datos y curiosidades de los animales, encuentra ac\u00e1 todo para tu mascota\",\"publisher\":{\"@id\":\"https:\\\/\\\/mundoanimalito.com\\\/#organization\"},\"potentialAction\":[{\"@type\":\"SearchAction\",\"target\":{\"@type\":\"EntryPoint\",\"urlTemplate\":\"https:\\\/\\\/mundoanimalito.com\\\/?s={search_term_string}\"},\"query-input\":{\"@type\":\"PropertyValueSpecification\",\"valueRequired\":true,\"valueName\":\"search_term_string\"}}],\"inLanguage\":\"es\"},{\"@type\":\"Organization\",\"@id\":\"https:\\\/\\\/mundoanimalito.com\\\/#organization\",\"name\":\"Mundo Animalito\",\"url\":\"https:\\\/\\\/mundoanimalito.com\\\/\",\"logo\":{\"@type\":\"ImageObject\",\"inLanguage\":\"es\",\"@id\":\"https:\\\/\\\/mundoanimalito.com\\\/#\\\/schema\\\/logo\\\/image\\\/\",\"url\":\"https:\\\/\\\/mundoanimalito.com\\\/wp-content\\\/uploads\\\/2023\\\/10\\\/cropped-cropped-LOGO-OFICIAL-ULTIMA-VERSION-1.jpg\",\"contentUrl\":\"https:\\\/\\\/mundoanimalito.com\\\/wp-content\\\/uploads\\\/2023\\\/10\\\/cropped-cropped-LOGO-OFICIAL-ULTIMA-VERSION-1.jpg\",\"width\":374,\"height\":425,\"caption\":\"Mundo Animalito\"},\"image\":{\"@id\":\"https:\\\/\\\/mundoanimalito.com\\\/#\\\/schema\\\/logo\\\/image\\\/\"},\"sameAs\":[\"https:\\\/\\\/www.facebook.com\\\/mundoanimalito77\",\"https:\\\/\\\/www.instagram.com\\\/mundoanimalito77\\\/\",\"https:\\\/\\\/www.tiktok.com\\\/@mundoanimalito77\",\"https:\\\/\\\/www.youtube.com\\\/channel\\\/UCLo2JhNUNtHVraDt5aHadew\"]}]}<\/script>\n<!-- \/ Yoast SEO plugin. -->","yoast_head_json":{"title":"IAMS Alimento seco para perros de razas grandes con pollo fresco | Mundo Animalito","description":"\u00a1Dale a tu compa\u00f1ero peludo la vitalidad que se merece con IAMS for Vitality! Este alimento seco completo y equilibrado est\u00e1 dise\u00f1ado espec\u00edficamente para perros adultos de razas grandes","robots":{"index":"index","follow":"follow","max-snippet":"max-snippet:-1","max-image-preview":"max-image-preview:large","max-video-preview":"max-video-preview:-1"},"canonical":"https:\/\/mundoanimalito.com\/index.php\/iams-for-vitality-alimento-seco-para-perros-adultos\/","og_locale":"es_ES","og_type":"article","og_title":"IAMS Alimento seco para perros de razas grandes con pollo fresco | Mundo Animalito","og_description":"\u00a1Dale a tu compa\u00f1ero peludo la vitalidad que se merece con IAMS for Vitality! Este alimento seco completo y equilibrado est\u00e1 dise\u00f1ado espec\u00edficamente para perros adultos de razas grandes","og_url":"https:\/\/mundoanimalito.com\/index.php\/iams-for-vitality-alimento-seco-para-perros-adultos\/","og_site_name":"Mundo Animalito","article_publisher":"https:\/\/www.facebook.com\/mundoanimalito77","article_modified_time":"2024-09-04T23:37:18+00:00","og_image":[{"url":"https:\/\/mundoanimalito.com\/wp-content\/uploads\/2024\/04\/715Lpq0ATBL._AC_SL1500_-613x1024.jpg","type":"","width":"","height":""}],"twitter_card":"summary_large_image","twitter_misc":{"Tiempo de lectura":"3 minutos"},"schema":{"@context":"https:\/\/schema.org","@graph":[{"@type":"WebPage","@id":"https:\/\/mundoanimalito.com\/index.php\/iams-for-vitality-alimento-seco-para-perros-adultos\/","url":"https:\/\/mundoanimalito.com\/index.php\/iams-for-vitality-alimento-seco-para-perros-adultos\/","name":"IAMS Alimento seco para perros de razas grandes con pollo fresco | Mundo Animalito","isPartOf":{"@id":"https:\/\/mundoanimalito.com\/#website"},"primaryImageOfPage":{"@id":"https:\/\/mundoanimalito.com\/index.php\/iams-for-vitality-alimento-seco-para-perros-adultos\/#primaryimage"},"image":{"@id":"https:\/\/mundoanimalito.com\/index.php\/iams-for-vitality-alimento-seco-para-perros-adultos\/#primaryimage"},"thumbnailUrl":"https:\/\/mundoanimalito.com\/wp-content\/uploads\/2024\/04\/715Lpq0ATBL._AC_SL1500_-613x1024.jpg","datePublished":"2024-04-03T20:17:04+00:00","dateModified":"2024-09-04T23:37:18+00:00","description":"\u00a1Dale a tu compa\u00f1ero peludo la vitalidad que se merece con IAMS for Vitality! Este alimento seco completo y equilibrado est\u00e1 dise\u00f1ado espec\u00edficamente para perros adultos de razas grandes","breadcrumb":{"@id":"https:\/\/mundoanimalito.com\/index.php\/iams-for-vitality-alimento-seco-para-perros-adultos\/#breadcrumb"},"inLanguage":"es","potentialAction":[{"@type":"ReadAction","target":["https:\/\/mundoanimalito.com\/index.php\/iams-for-vitality-alimento-seco-para-perros-adultos\/"]}]},{"@type":"ImageObject","inLanguage":"es","@id":"https:\/\/mundoanimalito.com\/index.php\/iams-for-vitality-alimento-seco-para-perros-adultos\/#primaryimage","url":"https:\/\/mundoanimalito.com\/wp-content\/uploads\/2024\/04\/715Lpq0ATBL._AC_SL1500_.jpg","contentUrl":"https:\/\/mundoanimalito.com\/wp-content\/uploads\/2024\/04\/715Lpq0ATBL._AC_SL1500_.jpg","width":898,"height":1500,"caption":"IAMS for Vitality Alimento seco para perros adultos (1-6 a\u00f1os) de raza grande con pollo fresco, 12 kg"},{"@type":"BreadcrumbList","@id":"https:\/\/mundoanimalito.com\/index.php\/iams-for-vitality-alimento-seco-para-perros-adultos\/#breadcrumb","itemListElement":[{"@type":"ListItem","position":1,"name":"Portada","item":"https:\/\/mundoanimalito.com\/"},{"@type":"ListItem","position":2,"name":"IAMS for Vitality Alimento seco para perros adultos"}]},{"@type":"WebSite","@id":"https:\/\/mundoanimalito.com\/#website","url":"https:\/\/mundoanimalito.com\/","name":"Mundo Animalito","description":"Datos y curiosidades de los animales, encuentra ac\u00e1 todo para tu mascota","publisher":{"@id":"https:\/\/mundoanimalito.com\/#organization"},"potentialAction":[{"@type":"SearchAction","target":{"@type":"EntryPoint","urlTemplate":"https:\/\/mundoanimalito.com\/?s={search_term_string}"},"query-input":{"@type":"PropertyValueSpecification","valueRequired":true,"valueName":"search_term_string"}}],"inLanguage":"es"},{"@type":"Organization","@id":"https:\/\/mundoanimalito.com\/#organization","name":"Mundo Animalito","url":"https:\/\/mundoanimalito.com\/","logo":{"@type":"ImageObject","inLanguage":"es","@id":"https:\/\/mundoanimalito.com\/#\/schema\/logo\/image\/","url":"https:\/\/mundoanimalito.com\/wp-content\/uploads\/2023\/10\/cropped-cropped-LOGO-OFICIAL-ULTIMA-VERSION-1.jpg","contentUrl":"https:\/\/mundoanimalito.com\/wp-content\/uploads\/2023\/10\/cropped-cropped-LOGO-OFICIAL-ULTIMA-VERSION-1.jpg","width":374,"height":425,"caption":"Mundo Animalito"},"image":{"@id":"https:\/\/mundoanimalito.com\/#\/schema\/logo\/image\/"},"sameAs":["https:\/\/www.facebook.com\/mundoanimalito77","https:\/\/www.instagram.com\/mundoanimalito77\/","https:\/\/www.tiktok.com\/@mundoanimalito77","https:\/\/www.youtube.com\/channel\/UCLo2JhNUNtHVraDt5aHadew"]}]}},"_links":{"self":[{"href":"https:\/\/mundoanimalito.com\/index.php\/wp-json\/wp\/v2\/pages\/17223","targetHints":{"allow":["GET"]}}],"collection":[{"href":"https:\/\/mundoanimalito.com\/index.php\/wp-json\/wp\/v2\/pages"}],"about":[{"href":"https:\/\/mundoanimalito.com\/index.php\/wp-json\/wp\/v2\/types\/page"}],"author":[{"embeddable":true,"href":"https:\/\/mundoanimalito.com\/index.php\/wp-json\/wp\/v2\/users\/1"}],"replies":[{"embeddable":true,"href":"https:\/\/mundoanimalito.com\/index.php\/wp-json\/wp\/v2\/comments?post=17223"}],"version-history":[{"count":0,"href":"https:\/\/mundoanimalito.com\/index.php\/wp-json\/wp\/v2\/pages\/17223\/revisions"}],"wp:attachment":[{"href":"https:\/\/mundoanimalito.com\/index.php\/wp-json\/wp\/v2\/media?parent=17223"}],"curies":[{"name":"wp","href":"https:\/\/api.w.org\/{rel}","templated":true}]}}