{"id":17112,"date":"2024-04-03T14:58:14","date_gmt":"2024-04-03T19:58:14","guid":{"rendered":"https:\/\/mundoanimalito.com\/?page_id=17112"},"modified":"2024-09-22T18:58:47","modified_gmt":"2024-09-22T23:58:47","slug":"the-hunger-of-the-wolf-alimento-seco-para-perros-de-razas-grandes-y-gigantes","status":"publish","type":"page","link":"https:\/\/mundoanimalito.com\/index.php\/the-hunger-of-the-wolf-alimento-seco-para-perros-de-razas-grandes-y-gigantes\/","title":{"rendered":"The Hunger of the Wolf Alimento seco para perros de razas grandes y gigantes"},"content":{"rendered":"\t\t<div data-elementor-type=\"wp-page\" data-elementor-id=\"17112\" class=\"elementor elementor-17112\" data-elementor-post-type=\"page\">\n\t\t\t\t<div class=\"elementor-element elementor-element-d393d86 e-flex e-con-boxed e-con e-parent\" data-id=\"d393d86\" data-element_type=\"container\" data-e-type=\"container\">\n\t\t\t\t\t<div class=\"e-con-inner\">\n\t\t\t\t<div class=\"elementor-element elementor-element-a76f080 elementor-invisible elementor-widget elementor-widget-heading\" data-id=\"a76f080\" data-element_type=\"widget\" data-e-type=\"widget\" data-settings=\"{&quot;_animation&quot;:&quot;fadeInDown&quot;}\" data-widget_type=\"heading.default\">\n\t\t\t\t<div class=\"elementor-widget-container\">\n\t\t\t\t\t<h2 class=\"elementor-heading-title elementor-size-default\">\u00a1Tu perro merece lo mejor, y The Hunger of the Wolf est\u00e1 aqu\u00ed para ofrecerle exactamente eso! Este alimento seco completo, especialmente dise\u00f1ado para perros adultos de razas grandes y gigantes<\/h2>\t\t\t\t<\/div>\n\t\t\t\t<\/div>\n\t\t\t\t\t<\/div>\n\t\t\t\t<\/div>\n\t\t<div class=\"elementor-element elementor-element-8ee1444 e-flex e-con-boxed e-con e-parent\" data-id=\"8ee1444\" data-element_type=\"container\" data-e-type=\"container\">\n\t\t\t\t\t<div class=\"e-con-inner\">\n\t\t<div class=\"elementor-element elementor-element-bf31232 e-con-full e-flex e-con e-child\" data-id=\"bf31232\" data-element_type=\"container\" data-e-type=\"container\">\n\t\t\t\t<div class=\"elementor-element elementor-element-adc1621 elementor-widget elementor-widget-image\" data-id=\"adc1621\" data-element_type=\"widget\" data-e-type=\"widget\" data-widget_type=\"image.default\">\n\t\t\t\t<div class=\"elementor-widget-container\">\n\t\t\t\t\t\t\t\t\t\t\t\t\t\t\t\t<a href=\"https:\/\/amzn.to\/43IjAGo\" target=\"_blank\">\n\t\t\t\t\t\t\t<img fetchpriority=\"high\" decoding=\"async\" width=\"526\" height=\"1024\" src=\"https:\/\/mundoanimalito.com\/wp-content\/uploads\/2024\/04\/71Ny1wDb6iL._AC_SL1500_-526x1024.jpg\" class=\"attachment-large size-large wp-image-17102\" alt=\"The Hunger of the Wolf Alimento seco para perros de razas grandes y gigantes, f\u00f3rmula con pollo indicada para la salud de las articulaciones - 14 kg\" srcset=\"https:\/\/mundoanimalito.com\/wp-content\/uploads\/2024\/04\/71Ny1wDb6iL._AC_SL1500_-526x1024.jpg 526w, https:\/\/mundoanimalito.com\/wp-content\/uploads\/2024\/04\/71Ny1wDb6iL._AC_SL1500_-154x300.jpg 154w, https:\/\/mundoanimalito.com\/wp-content\/uploads\/2024\/04\/71Ny1wDb6iL._AC_SL1500_-768x1496.jpg 768w, https:\/\/mundoanimalito.com\/wp-content\/uploads\/2024\/04\/71Ny1wDb6iL._AC_SL1500_.jpg 770w\" sizes=\"(max-width: 526px) 100vw, 526px\" \/>\t\t\t\t\t\t\t\t<\/a>\n\t\t\t\t\t\t\t\t\t\t\t\t\t\t\t<\/div>\n\t\t\t\t<\/div>\n\t\t\t\t<\/div>\n\t\t<div class=\"elementor-element elementor-element-91b4bd4 e-con-full e-flex e-con e-child\" data-id=\"91b4bd4\" data-element_type=\"container\" data-e-type=\"container\">\n\t\t\t\t<div class=\"elementor-element elementor-element-e72e99d elementor-widget elementor-widget-text-editor\" data-id=\"e72e99d\" data-element_type=\"widget\" data-e-type=\"widget\" data-widget_type=\"text-editor.default\">\n\t\t\t\t<div class=\"elementor-widget-container\">\n\t\t\t\t\t\t\t\t\t<p>\ud83e\uddb4 <strong>Refuerzo Muscular y \u00d3seo:<\/strong> Nuestra f\u00f3rmula \u00fanica contiene condroitina, glucosamina y \u00e1cidos grasos omega-3 y omega-6, que trabajan juntos para fortalecer los m\u00fasculos, huesos y articulaciones de tu perro, asegurando que pueda moverse con facilidad y sin molestias.<\/p><p>\u00a0<\/p><p>\ud83c\udf57 <strong>Prote\u00ednas de Alta Calidad:<\/strong> Utilizamos solo prote\u00ednas animales de la m\u00e1s alta calidad en nuestro alimento, lo que garantiza el desarrollo de m\u00fasculos fuertes y saludables en tu querida mascota.<\/p><p>\u00a0<\/p><p>\ud83d\udcaa <strong>Inmunidad Reforzada:<\/strong> Nuestra f\u00f3rmula est\u00e1 enriquecida con poderosos antioxidantes provenientes de extractos de plantas como el romero, la uva y la c\u00farcuma, que fortalecen el sistema inmunol\u00f3gico de tu perro y lo protegen de enfermedades.<\/p><p>\u00a0<\/p><p>\ud83c\udf3f <strong>Probi\u00f3ticos y Prebi\u00f3ticos:<\/strong> Los probi\u00f3ticos y prebi\u00f3ticos presentes en nuestro alimento apoyan la salud digestiva de tu perro, mejoran la absorci\u00f3n de nutrientes y ayudan a mantener un pelaje y piel brillantes y saludables.<\/p><p>\u00a0<\/p><p>\ud83d\udeab <strong>Sin Gluten A\u00f1adido:<\/strong> Nuestra f\u00f3rmula est\u00e1 libre de gluten a\u00f1adido, lo que la hace adecuada incluso para perros con sensibilidades alimentarias o intolerancias.<\/p><p>\u00a0<\/p><p>Tu perro es parte de tu familia, y queremos ayudarte a asegurarte de que reciba el mejor cuidado posible. Con The Hunger of the Wolf, puedes tener la tranquilidad de saber que est\u00e1s brindando a tu amigo peludo una alimentaci\u00f3n de alta calidad que lo mantendr\u00e1 feliz y saludable durante muchos a\u00f1os. \u00a1No esperes m\u00e1s para darle a tu perro el alimento que se merece!<\/p>\t\t\t\t\t\t\t\t<\/div>\n\t\t\t\t<\/div>\n\t\t\t\t<div class=\"elementor-element elementor-element-400baf1 elementor-align-right elementor-widget elementor-widget-button\" data-id=\"400baf1\" data-element_type=\"widget\" data-e-type=\"widget\" data-widget_type=\"button.default\">\n\t\t\t\t<div class=\"elementor-widget-container\">\n\t\t\t\t\t\t\t\t\t<div class=\"elementor-button-wrapper\">\n\t\t\t\t\t<a class=\"elementor-button elementor-button-link elementor-size-sm\" href=\"https:\/\/amzn.to\/43IjAGo\" target=\"_blank\">\n\t\t\t\t\t\t<span class=\"elementor-button-content-wrapper\">\n\t\t\t\t\t\t\t\t\t<span class=\"elementor-button-text\">Compra ahora en Amazon<\/span>\n\t\t\t\t\t<\/span>\n\t\t\t\t\t<\/a>\n\t\t\t\t<\/div>\n\t\t\t\t\t\t\t\t<\/div>\n\t\t\t\t<\/div>\n\t\t\t\t<\/div>\n\t\t\t\t\t<\/div>\n\t\t\t\t<\/div>\n\t\t<div class=\"elementor-element elementor-element-cc12ea1 e-flex e-con-boxed e-con e-parent\" data-id=\"cc12ea1\" data-element_type=\"container\" data-e-type=\"container\">\n\t\t\t\t\t<div class=\"e-con-inner\">\n\t\t\t\t<div class=\"elementor-element elementor-element-4dea632 elementor-arrows-position-inside elementor-pagination-position-outside elementor-widget elementor-widget-image-carousel\" data-id=\"4dea632\" data-element_type=\"widget\" data-e-type=\"widget\" data-settings=\"{&quot;slides_to_show&quot;:&quot;1&quot;,&quot;navigation&quot;:&quot;both&quot;,&quot;autoplay&quot;:&quot;yes&quot;,&quot;pause_on_hover&quot;:&quot;yes&quot;,&quot;pause_on_interaction&quot;:&quot;yes&quot;,&quot;autoplay_speed&quot;:5000,&quot;infinite&quot;:&quot;yes&quot;,&quot;effect&quot;:&quot;slide&quot;,&quot;speed&quot;:500}\" data-widget_type=\"image-carousel.default\">\n\t\t\t\t<div class=\"elementor-widget-container\">\n\t\t\t\t\t\t\t<div class=\"elementor-image-carousel-wrapper swiper\" role=\"region\" aria-roledescription=\"carousel\" aria-label=\"Carrusel de im\u00e1genes\" dir=\"ltr\">\n\t\t\t<div class=\"elementor-image-carousel swiper-wrapper\" aria-live=\"off\">\n\t\t\t\t\t\t\t\t<div class=\"swiper-slide\" role=\"group\" aria-roledescription=\"slide\" aria-label=\"1 de 3\"><figure class=\"swiper-slide-inner\"><img decoding=\"async\" class=\"swiper-slide-image\" src=\"https:\/\/mundoanimalito.com\/wp-content\/uploads\/2024\/04\/91ZQrPbYQsL._AC_SL1500_-1024x1024.jpg\" alt=\"The Hunger of the Wolf Alimento seco para perros de razas grandes y gigantes, f\u00f3rmula con pollo indicada para la salud de las articulaciones - 14 kg\" \/><\/figure><\/div><div class=\"swiper-slide\" role=\"group\" aria-roledescription=\"slide\" aria-label=\"2 de 3\"><figure class=\"swiper-slide-inner\"><img decoding=\"async\" class=\"swiper-slide-image\" src=\"https:\/\/mundoanimalito.com\/wp-content\/uploads\/2024\/04\/61OVf19XQFL._AC_SL1500_-1024x302.jpg\" alt=\"The Hunger of the Wolf Alimento seco para perros de razas grandes y gigantes, f\u00f3rmula con pollo indicada para la salud de las articulaciones - 14 kg\" \/><\/figure><\/div><div class=\"swiper-slide\" role=\"group\" aria-roledescription=\"slide\" aria-label=\"3 de 3\"><figure class=\"swiper-slide-inner\"><img decoding=\"async\" class=\"swiper-slide-image\" src=\"https:\/\/mundoanimalito.com\/wp-content\/uploads\/2024\/04\/917TmKFV7BL._AC_SL1500_-1024x843.jpg\" alt=\"The Hunger of the Wolf Alimento seco para perros de razas grandes y gigantes, f\u00f3rmula con pollo indicada para la salud de las articulaciones - 14 kg\" \/><\/figure><\/div>\t\t\t<\/div>\n\t\t\t\t\t\t\t\t\t\t\t\t<div class=\"elementor-swiper-button elementor-swiper-button-prev\" role=\"button\" tabindex=\"0\">\n\t\t\t\t\t\t<i aria-hidden=\"true\" class=\"eicon-chevron-left\"><\/i>\t\t\t\t\t<\/div>\n\t\t\t\t\t<div class=\"elementor-swiper-button elementor-swiper-button-next\" role=\"button\" tabindex=\"0\">\n\t\t\t\t\t\t<i aria-hidden=\"true\" class=\"eicon-chevron-right\"><\/i>\t\t\t\t\t<\/div>\n\t\t\t\t\n\t\t\t\t\t\t\t\t\t<div class=\"swiper-pagination\"><\/div>\n\t\t\t\t\t\t\t\t\t<\/div>\n\t\t\t\t\t\t<\/div>\n\t\t\t\t<\/div>\n\t\t\t\t\t<\/div>\n\t\t\t\t<\/div>\n\t\t<div class=\"elementor-element elementor-element-5a1affa e-flex e-con-boxed e-con e-parent\" data-id=\"5a1affa\" data-element_type=\"container\" data-e-type=\"container\">\n\t\t\t\t\t<div class=\"e-con-inner\">\n\t\t\t\t<div class=\"elementor-element elementor-element-599bba8 elementor-widget elementor-widget-button\" data-id=\"599bba8\" data-element_type=\"widget\" data-e-type=\"widget\" data-widget_type=\"button.default\">\n\t\t\t\t<div class=\"elementor-widget-container\">\n\t\t\t\t\t\t\t\t\t<div class=\"elementor-button-wrapper\">\n\t\t\t\t\t<a class=\"elementor-button elementor-button-link elementor-size-sm\" href=\"https:\/\/amzn.to\/43IjAGo\" target=\"_blank\">\n\t\t\t\t\t\t<span class=\"elementor-button-content-wrapper\">\n\t\t\t\t\t\t\t\t\t<span class=\"elementor-button-text\">Compra ahora en Amazon<\/span>\n\t\t\t\t\t<\/span>\n\t\t\t\t\t<\/a>\n\t\t\t\t<\/div>\n\t\t\t\t\t\t\t\t<\/div>\n\t\t\t\t<\/div>\n\t\t\t\t\t<\/div>\n\t\t\t\t<\/div>\n\t\t\t\t<\/div>\n\t\t","protected":false},"excerpt":{"rendered":"<p>\u00a1Tu perro merece lo mejor, y The Hunger of the Wolf est\u00e1 aqu\u00ed para ofrecerle exactamente eso! Este alimento seco completo, especialmente dise\u00f1ado para perros adultos de razas grandes y gigantes \ud83e\uddb4 Refuerzo Muscular y \u00d3seo: Nuestra f\u00f3rmula \u00fanica contiene condroitina, glucosamina y \u00e1cidos grasos omega-3 y omega-6, que trabajan juntos para fortalecer los m\u00fasculos, [&hellip;]<\/p>\n","protected":false},"author":1,"featured_media":0,"parent":0,"menu_order":0,"comment_status":"closed","ping_status":"closed","template":"","meta":{"site-sidebar-layout":"no-sidebar","site-content-layout":"page-builder","ast-site-content-layout":"full-width-container","site-content-style":"default","site-sidebar-style":"default","ast-global-header-display":"","ast-banner-title-visibility":"","ast-main-header-display":"","ast-hfb-above-header-display":"","ast-hfb-below-header-display":"","ast-hfb-mobile-header-display":"","site-post-title":"disabled","ast-breadcrumbs-content":"","ast-featured-img":"disabled","footer-sml-layout":"","ast-disable-related-posts":"","theme-transparent-header-meta":"","adv-header-id-meta":"","stick-header-meta":"","header-above-stick-meta":"","header-main-stick-meta":"","header-below-stick-meta":"","astra-migrate-meta-layouts":"set","ast-page-background-enabled":"default","ast-page-background-meta":{"desktop":{"background-color":"var(--ast-global-color-4)","background-image":"","background-repeat":"repeat","background-position":"center center","background-size":"auto","background-attachment":"scroll","background-type":"","background-media":"","overlay-type":"","overlay-color":"","overlay-opacity":"","overlay-gradient":""},"tablet":{"background-color":"","background-image":"","background-repeat":"repeat","background-position":"center center","background-size":"auto","background-attachment":"scroll","background-type":"","background-media":"","overlay-type":"","overlay-color":"","overlay-opacity":"","overlay-gradient":""},"mobile":{"background-color":"","background-image":"","background-repeat":"repeat","background-position":"center center","background-size":"auto","background-attachment":"scroll","background-type":"","background-media":"","overlay-type":"","overlay-color":"","overlay-opacity":"","overlay-gradient":""}},"ast-content-background-meta":{"desktop":{"background-color":"var(--ast-global-color-5)","background-image":"","background-repeat":"repeat","background-position":"center center","background-size":"auto","background-attachment":"scroll","background-type":"","background-media":"","overlay-type":"","overlay-color":"","overlay-opacity":"","overlay-gradient":""},"tablet":{"background-color":"var(--ast-global-color-5)","background-image":"","background-repeat":"repeat","background-position":"center center","background-size":"auto","background-attachment":"scroll","background-type":"","background-media":"","overlay-type":"","overlay-color":"","overlay-opacity":"","overlay-gradient":""},"mobile":{"background-color":"var(--ast-global-color-5)","background-image":"","background-repeat":"repeat","background-position":"center center","background-size":"auto","background-attachment":"scroll","background-type":"","background-media":"","overlay-type":"","overlay-color":"","overlay-opacity":"","overlay-gradient":""}},"footnotes":""},"class_list":["post-17112","page","type-page","status-publish","hentry"],"yoast_head":"<!-- This site is optimized with the Yoast SEO plugin v27.4 - https:\/\/yoast.com\/product\/yoast-seo-wordpress\/ -->\n<title>The Hunger of the Wolf Alimento Seco para Perros | Mundo Animalito<\/title>\n<meta name=\"description\" content=\"The Hunger of the Wolf Alimento seco para perros de razas grandes y gigantes, f\u00f3rmula con pollo indicada para la salud de las articulaciones - 14 kg\" \/>\n<meta name=\"robots\" content=\"index, follow, max-snippet:-1, max-image-preview:large, max-video-preview:-1\" \/>\n<link rel=\"canonical\" href=\"https:\/\/mundoanimalito.com\/index.php\/the-hunger-of-the-wolf-alimento-seco-para-perros-de-razas-grandes-y-gigantes\/\" \/>\n<meta property=\"og:locale\" content=\"es_ES\" \/>\n<meta property=\"og:type\" content=\"article\" \/>\n<meta property=\"og:title\" content=\"The Hunger of the Wolf Alimento Seco para Perros | Mundo Animalito\" \/>\n<meta property=\"og:description\" content=\"The Hunger of the Wolf Alimento seco para perros de razas grandes y gigantes, f\u00f3rmula con pollo indicada para la salud de las articulaciones - 14 kg\" \/>\n<meta property=\"og:url\" content=\"https:\/\/mundoanimalito.com\/index.php\/the-hunger-of-the-wolf-alimento-seco-para-perros-de-razas-grandes-y-gigantes\/\" \/>\n<meta property=\"og:site_name\" content=\"Mundo Animalito\" \/>\n<meta property=\"article:publisher\" content=\"https:\/\/www.facebook.com\/mundoanimalito77\" \/>\n<meta property=\"article:modified_time\" content=\"2024-09-22T23:58:47+00:00\" \/>\n<meta property=\"og:image\" content=\"https:\/\/mundoanimalito.com\/wp-content\/uploads\/2024\/04\/71Ny1wDb6iL._AC_SL1500_-526x1024.jpg\" \/>\n<meta name=\"twitter:card\" content=\"summary_large_image\" \/>\n<meta name=\"twitter:label1\" content=\"Tiempo de lectura\" \/>\n\t<meta name=\"twitter:data1\" content=\"3 minutos\" \/>\n<script type=\"application\/ld+json\" class=\"yoast-schema-graph\">{\"@context\":\"https:\\\/\\\/schema.org\",\"@graph\":[{\"@type\":\"WebPage\",\"@id\":\"https:\\\/\\\/mundoanimalito.com\\\/index.php\\\/the-hunger-of-the-wolf-alimento-seco-para-perros-de-razas-grandes-y-gigantes\\\/\",\"url\":\"https:\\\/\\\/mundoanimalito.com\\\/index.php\\\/the-hunger-of-the-wolf-alimento-seco-para-perros-de-razas-grandes-y-gigantes\\\/\",\"name\":\"The Hunger of the Wolf Alimento Seco para Perros | Mundo Animalito\",\"isPartOf\":{\"@id\":\"https:\\\/\\\/mundoanimalito.com\\\/#website\"},\"primaryImageOfPage\":{\"@id\":\"https:\\\/\\\/mundoanimalito.com\\\/index.php\\\/the-hunger-of-the-wolf-alimento-seco-para-perros-de-razas-grandes-y-gigantes\\\/#primaryimage\"},\"image\":{\"@id\":\"https:\\\/\\\/mundoanimalito.com\\\/index.php\\\/the-hunger-of-the-wolf-alimento-seco-para-perros-de-razas-grandes-y-gigantes\\\/#primaryimage\"},\"thumbnailUrl\":\"https:\\\/\\\/mundoanimalito.com\\\/wp-content\\\/uploads\\\/2024\\\/04\\\/71Ny1wDb6iL._AC_SL1500_-526x1024.jpg\",\"datePublished\":\"2024-04-03T19:58:14+00:00\",\"dateModified\":\"2024-09-22T23:58:47+00:00\",\"description\":\"The Hunger of the Wolf Alimento seco para perros de razas grandes y gigantes, f\u00f3rmula con pollo indicada para la salud de las articulaciones - 14 kg\",\"breadcrumb\":{\"@id\":\"https:\\\/\\\/mundoanimalito.com\\\/index.php\\\/the-hunger-of-the-wolf-alimento-seco-para-perros-de-razas-grandes-y-gigantes\\\/#breadcrumb\"},\"inLanguage\":\"es\",\"potentialAction\":[{\"@type\":\"ReadAction\",\"target\":[\"https:\\\/\\\/mundoanimalito.com\\\/index.php\\\/the-hunger-of-the-wolf-alimento-seco-para-perros-de-razas-grandes-y-gigantes\\\/\"]}]},{\"@type\":\"ImageObject\",\"inLanguage\":\"es\",\"@id\":\"https:\\\/\\\/mundoanimalito.com\\\/index.php\\\/the-hunger-of-the-wolf-alimento-seco-para-perros-de-razas-grandes-y-gigantes\\\/#primaryimage\",\"url\":\"https:\\\/\\\/mundoanimalito.com\\\/wp-content\\\/uploads\\\/2024\\\/04\\\/71Ny1wDb6iL._AC_SL1500_.jpg\",\"contentUrl\":\"https:\\\/\\\/mundoanimalito.com\\\/wp-content\\\/uploads\\\/2024\\\/04\\\/71Ny1wDb6iL._AC_SL1500_.jpg\",\"width\":770,\"height\":1500,\"caption\":\"The Hunger of the Wolf Alimento seco para perros de razas grandes y gigantes, f\u00f3rmula con pollo indicada para la salud de las articulaciones - 14 kg\"},{\"@type\":\"BreadcrumbList\",\"@id\":\"https:\\\/\\\/mundoanimalito.com\\\/index.php\\\/the-hunger-of-the-wolf-alimento-seco-para-perros-de-razas-grandes-y-gigantes\\\/#breadcrumb\",\"itemListElement\":[{\"@type\":\"ListItem\",\"position\":1,\"name\":\"Portada\",\"item\":\"https:\\\/\\\/mundoanimalito.com\\\/\"},{\"@type\":\"ListItem\",\"position\":2,\"name\":\"The Hunger of the Wolf Alimento seco para perros de razas grandes y gigantes\"}]},{\"@type\":\"WebSite\",\"@id\":\"https:\\\/\\\/mundoanimalito.com\\\/#website\",\"url\":\"https:\\\/\\\/mundoanimalito.com\\\/\",\"name\":\"Mundo Animalito\",\"description\":\"Datos y curiosidades de los animales, encuentra ac\u00e1 todo para tu mascota\",\"publisher\":{\"@id\":\"https:\\\/\\\/mundoanimalito.com\\\/#organization\"},\"potentialAction\":[{\"@type\":\"SearchAction\",\"target\":{\"@type\":\"EntryPoint\",\"urlTemplate\":\"https:\\\/\\\/mundoanimalito.com\\\/?s={search_term_string}\"},\"query-input\":{\"@type\":\"PropertyValueSpecification\",\"valueRequired\":true,\"valueName\":\"search_term_string\"}}],\"inLanguage\":\"es\"},{\"@type\":\"Organization\",\"@id\":\"https:\\\/\\\/mundoanimalito.com\\\/#organization\",\"name\":\"Mundo Animalito\",\"url\":\"https:\\\/\\\/mundoanimalito.com\\\/\",\"logo\":{\"@type\":\"ImageObject\",\"inLanguage\":\"es\",\"@id\":\"https:\\\/\\\/mundoanimalito.com\\\/#\\\/schema\\\/logo\\\/image\\\/\",\"url\":\"https:\\\/\\\/mundoanimalito.com\\\/wp-content\\\/uploads\\\/2023\\\/10\\\/cropped-cropped-LOGO-OFICIAL-ULTIMA-VERSION-1.jpg\",\"contentUrl\":\"https:\\\/\\\/mundoanimalito.com\\\/wp-content\\\/uploads\\\/2023\\\/10\\\/cropped-cropped-LOGO-OFICIAL-ULTIMA-VERSION-1.jpg\",\"width\":374,\"height\":425,\"caption\":\"Mundo Animalito\"},\"image\":{\"@id\":\"https:\\\/\\\/mundoanimalito.com\\\/#\\\/schema\\\/logo\\\/image\\\/\"},\"sameAs\":[\"https:\\\/\\\/www.facebook.com\\\/mundoanimalito77\",\"https:\\\/\\\/www.instagram.com\\\/mundoanimalito77\\\/\",\"https:\\\/\\\/www.tiktok.com\\\/@mundoanimalito77\",\"https:\\\/\\\/www.youtube.com\\\/channel\\\/UCLo2JhNUNtHVraDt5aHadew\"]}]}<\/script>\n<!-- \/ Yoast SEO plugin. -->","yoast_head_json":{"title":"The Hunger of the Wolf Alimento Seco para Perros | Mundo Animalito","description":"The Hunger of the Wolf Alimento seco para perros de razas grandes y gigantes, f\u00f3rmula con pollo indicada para la salud de las articulaciones - 14 kg","robots":{"index":"index","follow":"follow","max-snippet":"max-snippet:-1","max-image-preview":"max-image-preview:large","max-video-preview":"max-video-preview:-1"},"canonical":"https:\/\/mundoanimalito.com\/index.php\/the-hunger-of-the-wolf-alimento-seco-para-perros-de-razas-grandes-y-gigantes\/","og_locale":"es_ES","og_type":"article","og_title":"The Hunger of the Wolf Alimento Seco para Perros | Mundo Animalito","og_description":"The Hunger of the Wolf Alimento seco para perros de razas grandes y gigantes, f\u00f3rmula con pollo indicada para la salud de las articulaciones - 14 kg","og_url":"https:\/\/mundoanimalito.com\/index.php\/the-hunger-of-the-wolf-alimento-seco-para-perros-de-razas-grandes-y-gigantes\/","og_site_name":"Mundo Animalito","article_publisher":"https:\/\/www.facebook.com\/mundoanimalito77","article_modified_time":"2024-09-22T23:58:47+00:00","og_image":[{"url":"https:\/\/mundoanimalito.com\/wp-content\/uploads\/2024\/04\/71Ny1wDb6iL._AC_SL1500_-526x1024.jpg","type":"","width":"","height":""}],"twitter_card":"summary_large_image","twitter_misc":{"Tiempo de lectura":"3 minutos"},"schema":{"@context":"https:\/\/schema.org","@graph":[{"@type":"WebPage","@id":"https:\/\/mundoanimalito.com\/index.php\/the-hunger-of-the-wolf-alimento-seco-para-perros-de-razas-grandes-y-gigantes\/","url":"https:\/\/mundoanimalito.com\/index.php\/the-hunger-of-the-wolf-alimento-seco-para-perros-de-razas-grandes-y-gigantes\/","name":"The Hunger of the Wolf Alimento Seco para Perros | Mundo Animalito","isPartOf":{"@id":"https:\/\/mundoanimalito.com\/#website"},"primaryImageOfPage":{"@id":"https:\/\/mundoanimalito.com\/index.php\/the-hunger-of-the-wolf-alimento-seco-para-perros-de-razas-grandes-y-gigantes\/#primaryimage"},"image":{"@id":"https:\/\/mundoanimalito.com\/index.php\/the-hunger-of-the-wolf-alimento-seco-para-perros-de-razas-grandes-y-gigantes\/#primaryimage"},"thumbnailUrl":"https:\/\/mundoanimalito.com\/wp-content\/uploads\/2024\/04\/71Ny1wDb6iL._AC_SL1500_-526x1024.jpg","datePublished":"2024-04-03T19:58:14+00:00","dateModified":"2024-09-22T23:58:47+00:00","description":"The Hunger of the Wolf Alimento seco para perros de razas grandes y gigantes, f\u00f3rmula con pollo indicada para la salud de las articulaciones - 14 kg","breadcrumb":{"@id":"https:\/\/mundoanimalito.com\/index.php\/the-hunger-of-the-wolf-alimento-seco-para-perros-de-razas-grandes-y-gigantes\/#breadcrumb"},"inLanguage":"es","potentialAction":[{"@type":"ReadAction","target":["https:\/\/mundoanimalito.com\/index.php\/the-hunger-of-the-wolf-alimento-seco-para-perros-de-razas-grandes-y-gigantes\/"]}]},{"@type":"ImageObject","inLanguage":"es","@id":"https:\/\/mundoanimalito.com\/index.php\/the-hunger-of-the-wolf-alimento-seco-para-perros-de-razas-grandes-y-gigantes\/#primaryimage","url":"https:\/\/mundoanimalito.com\/wp-content\/uploads\/2024\/04\/71Ny1wDb6iL._AC_SL1500_.jpg","contentUrl":"https:\/\/mundoanimalito.com\/wp-content\/uploads\/2024\/04\/71Ny1wDb6iL._AC_SL1500_.jpg","width":770,"height":1500,"caption":"The Hunger of the Wolf Alimento seco para perros de razas grandes y gigantes, f\u00f3rmula con pollo indicada para la salud de las articulaciones - 14 kg"},{"@type":"BreadcrumbList","@id":"https:\/\/mundoanimalito.com\/index.php\/the-hunger-of-the-wolf-alimento-seco-para-perros-de-razas-grandes-y-gigantes\/#breadcrumb","itemListElement":[{"@type":"ListItem","position":1,"name":"Portada","item":"https:\/\/mundoanimalito.com\/"},{"@type":"ListItem","position":2,"name":"The Hunger of the Wolf Alimento seco para perros de razas grandes y gigantes"}]},{"@type":"WebSite","@id":"https:\/\/mundoanimalito.com\/#website","url":"https:\/\/mundoanimalito.com\/","name":"Mundo Animalito","description":"Datos y curiosidades de los animales, encuentra ac\u00e1 todo para tu mascota","publisher":{"@id":"https:\/\/mundoanimalito.com\/#organization"},"potentialAction":[{"@type":"SearchAction","target":{"@type":"EntryPoint","urlTemplate":"https:\/\/mundoanimalito.com\/?s={search_term_string}"},"query-input":{"@type":"PropertyValueSpecification","valueRequired":true,"valueName":"search_term_string"}}],"inLanguage":"es"},{"@type":"Organization","@id":"https:\/\/mundoanimalito.com\/#organization","name":"Mundo Animalito","url":"https:\/\/mundoanimalito.com\/","logo":{"@type":"ImageObject","inLanguage":"es","@id":"https:\/\/mundoanimalito.com\/#\/schema\/logo\/image\/","url":"https:\/\/mundoanimalito.com\/wp-content\/uploads\/2023\/10\/cropped-cropped-LOGO-OFICIAL-ULTIMA-VERSION-1.jpg","contentUrl":"https:\/\/mundoanimalito.com\/wp-content\/uploads\/2023\/10\/cropped-cropped-LOGO-OFICIAL-ULTIMA-VERSION-1.jpg","width":374,"height":425,"caption":"Mundo Animalito"},"image":{"@id":"https:\/\/mundoanimalito.com\/#\/schema\/logo\/image\/"},"sameAs":["https:\/\/www.facebook.com\/mundoanimalito77","https:\/\/www.instagram.com\/mundoanimalito77\/","https:\/\/www.tiktok.com\/@mundoanimalito77","https:\/\/www.youtube.com\/channel\/UCLo2JhNUNtHVraDt5aHadew"]}]}},"_links":{"self":[{"href":"https:\/\/mundoanimalito.com\/index.php\/wp-json\/wp\/v2\/pages\/17112","targetHints":{"allow":["GET"]}}],"collection":[{"href":"https:\/\/mundoanimalito.com\/index.php\/wp-json\/wp\/v2\/pages"}],"about":[{"href":"https:\/\/mundoanimalito.com\/index.php\/wp-json\/wp\/v2\/types\/page"}],"author":[{"embeddable":true,"href":"https:\/\/mundoanimalito.com\/index.php\/wp-json\/wp\/v2\/users\/1"}],"replies":[{"embeddable":true,"href":"https:\/\/mundoanimalito.com\/index.php\/wp-json\/wp\/v2\/comments?post=17112"}],"version-history":[{"count":0,"href":"https:\/\/mundoanimalito.com\/index.php\/wp-json\/wp\/v2\/pages\/17112\/revisions"}],"wp:attachment":[{"href":"https:\/\/mundoanimalito.com\/index.php\/wp-json\/wp\/v2\/media?parent=17112"}],"curies":[{"name":"wp","href":"https:\/\/api.w.org\/{rel}","templated":true}]}}