{"id":16799,"date":"2024-03-21T08:50:56","date_gmt":"2024-03-21T13:50:56","guid":{"rendered":"https:\/\/mundoanimalito.com\/?page_id=16799"},"modified":"2024-09-03T11:41:40","modified_gmt":"2024-09-03T16:41:40","slug":"advance-medium-adult-chicken-medianos","status":"publish","type":"page","link":"https:\/\/mundoanimalito.com\/index.php\/advance-medium-adult-chicken-medianos\/","title":{"rendered":"Advance Medium Adult Chicken, medianos"},"content":{"rendered":"\t\t<div data-elementor-type=\"wp-page\" data-elementor-id=\"16799\" class=\"elementor elementor-16799\" data-elementor-post-type=\"page\">\n\t\t\t\t<div class=\"elementor-element elementor-element-f141c2d e-flex e-con-boxed e-con e-parent\" data-id=\"f141c2d\" data-element_type=\"container\" data-e-type=\"container\">\n\t\t\t\t\t<div class=\"e-con-inner\">\n\t\t\t\t<div class=\"elementor-element elementor-element-e2132a4 elementor-invisible elementor-widget elementor-widget-heading\" data-id=\"e2132a4\" data-element_type=\"widget\" data-e-type=\"widget\" data-settings=\"{&quot;_animation&quot;:&quot;fadeInDown&quot;}\" data-widget_type=\"heading.default\">\n\t\t\t\t<div class=\"elementor-widget-container\">\n\t\t\t\t\t<h2 class=\"elementor-heading-title elementor-size-default\">\u00a1Dale a tu perro la nutrici\u00f3n que se merece con Advance Medium Adult Chicken! Este pienso completo y equilibrado est\u00e1 dise\u00f1ado espec\u00edficamente para perros adultos de razas medianas<\/h2>\t\t\t\t<\/div>\n\t\t\t\t<\/div>\n\t\t\t\t\t<\/div>\n\t\t\t\t<\/div>\n\t\t<div class=\"elementor-element elementor-element-0ecafa3 e-flex e-con-boxed e-con e-parent\" data-id=\"0ecafa3\" data-element_type=\"container\" data-e-type=\"container\">\n\t\t\t\t\t<div class=\"e-con-inner\">\n\t\t<div class=\"elementor-element elementor-element-50a1b97 e-con-full e-flex e-con e-child\" data-id=\"50a1b97\" data-element_type=\"container\" data-e-type=\"container\">\n\t\t\t\t<div class=\"elementor-element elementor-element-1eb307f elementor-widget elementor-widget-image\" data-id=\"1eb307f\" data-element_type=\"widget\" data-e-type=\"widget\" data-widget_type=\"image.default\">\n\t\t\t\t<div class=\"elementor-widget-container\">\n\t\t\t\t\t\t\t\t\t\t\t\t\t\t\t\t<a href=\"https:\/\/amzn.to\/43rnV0A\" target=\"_blank\">\n\t\t\t\t\t\t\t<img fetchpriority=\"high\" decoding=\"async\" width=\"633\" height=\"1024\" src=\"https:\/\/mundoanimalito.com\/wp-content\/uploads\/2024\/03\/71dTJuufZ1L._AC_SL1500_-633x1024.jpg\" class=\"attachment-large size-large wp-image-16788\" alt=\"Advance Medium Adult Chicken, Pienso para Perros Adultos de Razas Medianas con Pollo, 14kg\" srcset=\"https:\/\/mundoanimalito.com\/wp-content\/uploads\/2024\/03\/71dTJuufZ1L._AC_SL1500_-633x1024.jpg 633w, https:\/\/mundoanimalito.com\/wp-content\/uploads\/2024\/03\/71dTJuufZ1L._AC_SL1500_-185x300.jpg 185w, https:\/\/mundoanimalito.com\/wp-content\/uploads\/2024\/03\/71dTJuufZ1L._AC_SL1500_-768x1243.jpg 768w, https:\/\/mundoanimalito.com\/wp-content\/uploads\/2024\/03\/71dTJuufZ1L._AC_SL1500_.jpg 927w\" sizes=\"(max-width: 633px) 100vw, 633px\" \/>\t\t\t\t\t\t\t\t<\/a>\n\t\t\t\t\t\t\t\t\t\t\t\t\t\t\t<\/div>\n\t\t\t\t<\/div>\n\t\t\t\t<\/div>\n\t\t<div class=\"elementor-element elementor-element-992e878 e-con-full e-flex e-con e-child\" data-id=\"992e878\" data-element_type=\"container\" data-e-type=\"container\">\n\t\t\t\t<div class=\"elementor-element elementor-element-1e9b698 elementor-widget elementor-widget-text-editor\" data-id=\"1e9b698\" data-element_type=\"widget\" data-e-type=\"widget\" data-widget_type=\"text-editor.default\">\n\t\t\t\t<div class=\"elementor-widget-container\">\n\t\t\t\t\t\t\t\t\t<p>\ud83c\udf57 <strong>Alto Contenido en Prote\u00edna de Calidad:<\/strong> El pollo y el arroz son los ingredientes principales de este pienso, asegurando un alto contenido en prote\u00ednas y carbohidratos de f\u00e1cil digesti\u00f3n. Esto ayuda a mantener una masa muscular ideal y proporciona la energ\u00eda necesaria para mantener a tu perro activo y en\u00e9rgico durante todo el d\u00eda.<\/p><p>\u00a0<\/p><p>\ud83c\udf3f <strong>F\u00e1cil Digesti\u00f3n:<\/strong> Los ingredientes altamente digestibles de Advance Medium Adult Chicken aseguran una digesti\u00f3n suave y eficiente, evitando problemas estomacales y maximizando la absorci\u00f3n de nutrientes esenciales para la salud general de tu perro.<\/p><p>\u00a0<\/p><p>\ud83d\udcaa <strong>Mantiene la Masa Muscular:<\/strong> Con un nivel \u00f3ptimo de prote\u00ednas de calidad, este pienso ayuda a mantener la masa muscular de tu perro en su mejor forma, promoviendo una estructura corporal fuerte y sana.<\/p><p>\u00a0<\/p><p>\u2728 <strong>Cuida la Piel y el Pelo:<\/strong> Enriquecido con \u00e1cidos grasos omega 3 y 6, as\u00ed como zinc, Advance Medium Adult Chicken contribuye a mantener la piel sana y el pelaje brillante de tu perro, proporcion\u00e1ndole una apariencia radiante y saludable.<\/p><p>\u00a0<\/p><p>\ud83d\udee1\ufe0f <strong>Antioxidantes para la Salud:<\/strong> Con vitaminas E y C, este pienso ayuda a neutralizar los radicales libres, protegiendo a tu perro contra el estr\u00e9s oxidativo y fortaleciendo su sistema inmunol\u00f3gico para una salud \u00f3ptima a largo plazo.<\/p><p>\u00a0<\/p><p>\ud83e\uddb7 <strong>Cuidado Dental Avanzado:<\/strong> La part\u00edcula crujiente con efecto cepillado y pirofosfatos ayuda a prevenir la acumulaci\u00f3n de sarro y favorece el aliento fresco, manteniendo la salud dental de tu perro en \u00f3ptimas condiciones.<\/p><p>\u00a0<\/p><p>Proporciona a tu perro la mejor alimentaci\u00f3n con Advance Medium Adult Chicken y observa c\u00f3mo prospera con vitalidad y felicidad. \u00a1Hazte con \u00e9l ahora y asegura la salud y el bienestar de tu fiel amigo de cuatro patas!<\/p>\t\t\t\t\t\t\t\t<\/div>\n\t\t\t\t<\/div>\n\t\t\t\t<div class=\"elementor-element elementor-element-2e5fbaf elementor-align-right elementor-widget elementor-widget-button\" data-id=\"2e5fbaf\" data-element_type=\"widget\" data-e-type=\"widget\" data-widget_type=\"button.default\">\n\t\t\t\t<div class=\"elementor-widget-container\">\n\t\t\t\t\t\t\t\t\t<div class=\"elementor-button-wrapper\">\n\t\t\t\t\t<a class=\"elementor-button elementor-button-link elementor-size-sm\" href=\"https:\/\/amzn.to\/43rnV0A\" target=\"_blank\">\n\t\t\t\t\t\t<span class=\"elementor-button-content-wrapper\">\n\t\t\t\t\t\t\t\t\t<span class=\"elementor-button-text\">Compra ahora en Amazon<\/span>\n\t\t\t\t\t<\/span>\n\t\t\t\t\t<\/a>\n\t\t\t\t<\/div>\n\t\t\t\t\t\t\t\t<\/div>\n\t\t\t\t<\/div>\n\t\t\t\t<\/div>\n\t\t\t\t\t<\/div>\n\t\t\t\t<\/div>\n\t\t<div class=\"elementor-element elementor-element-c054f22 e-flex e-con-boxed e-con e-parent\" data-id=\"c054f22\" data-element_type=\"container\" data-e-type=\"container\">\n\t\t\t\t\t<div class=\"e-con-inner\">\n\t\t\t\t<div class=\"elementor-element elementor-element-047d5e6 elementor-arrows-position-inside elementor-pagination-position-outside elementor-widget elementor-widget-image-carousel\" data-id=\"047d5e6\" data-element_type=\"widget\" data-e-type=\"widget\" data-settings=\"{&quot;slides_to_show&quot;:&quot;1&quot;,&quot;navigation&quot;:&quot;both&quot;,&quot;autoplay&quot;:&quot;yes&quot;,&quot;pause_on_hover&quot;:&quot;yes&quot;,&quot;pause_on_interaction&quot;:&quot;yes&quot;,&quot;autoplay_speed&quot;:5000,&quot;infinite&quot;:&quot;yes&quot;,&quot;effect&quot;:&quot;slide&quot;,&quot;speed&quot;:500}\" data-widget_type=\"image-carousel.default\">\n\t\t\t\t<div class=\"elementor-widget-container\">\n\t\t\t\t\t\t\t<div class=\"elementor-image-carousel-wrapper swiper\" role=\"region\" aria-roledescription=\"carousel\" aria-label=\"Carrusel de im\u00e1genes\" dir=\"ltr\">\n\t\t\t<div class=\"elementor-image-carousel swiper-wrapper\" aria-live=\"off\">\n\t\t\t\t\t\t\t\t<div class=\"swiper-slide\" role=\"group\" aria-roledescription=\"slide\" aria-label=\"1 de 5\"><figure class=\"swiper-slide-inner\"><img decoding=\"async\" class=\"swiper-slide-image\" src=\"https:\/\/mundoanimalito.com\/wp-content\/uploads\/2024\/03\/71zOS4byVL._AC_SL1500_-768x803.jpg\" alt=\"Advance Medium Adult Chicken, Pienso para Perros Adultos de Razas Medianas con Pollo, 14kg\" \/><\/figure><\/div><div class=\"swiper-slide\" role=\"group\" aria-roledescription=\"slide\" aria-label=\"2 de 5\"><figure class=\"swiper-slide-inner\"><img decoding=\"async\" class=\"swiper-slide-image\" src=\"https:\/\/mundoanimalito.com\/wp-content\/uploads\/2024\/03\/81SXDbIHIhL._AC_SL1500_.jpg\" alt=\"Advance Medium Adult Chicken, Pienso para Perros Adultos de Razas Medianas con Pollo, 14kg\" \/><\/figure><\/div><div class=\"swiper-slide\" role=\"group\" aria-roledescription=\"slide\" aria-label=\"3 de 5\"><figure class=\"swiper-slide-inner\"><img decoding=\"async\" class=\"swiper-slide-image\" src=\"https:\/\/mundoanimalito.com\/wp-content\/uploads\/2024\/03\/71JMSpA4KOL._AC_SL1500_-768x713.jpg\" alt=\"Advance Medium Adult Chicken, Pienso para Perros Adultos de Razas Medianas con Pollo, 14kg\" \/><\/figure><\/div><div class=\"swiper-slide\" role=\"group\" aria-roledescription=\"slide\" aria-label=\"4 de 5\"><figure class=\"swiper-slide-inner\"><img decoding=\"async\" class=\"swiper-slide-image\" src=\"https:\/\/mundoanimalito.com\/wp-content\/uploads\/2024\/03\/717Rw64CKxL._AC_SL1500_-768x768.jpg\" alt=\"Advance Medium Adult Chicken, Pienso para Perros Adultos de Razas Medianas con Pollo, 14kg\" \/><\/figure><\/div><div class=\"swiper-slide\" role=\"group\" aria-roledescription=\"slide\" aria-label=\"5 de 5\"><figure class=\"swiper-slide-inner\"><img decoding=\"async\" class=\"swiper-slide-image\" src=\"https:\/\/mundoanimalito.com\/wp-content\/uploads\/2024\/03\/713kiD3VVuL._AC_SL1146_-768x507.jpg\" alt=\"Advance Medium Adult Chicken, Pienso para Perros Adultos de Razas Medianas con Pollo, 14kg\" \/><\/figure><\/div>\t\t\t<\/div>\n\t\t\t\t\t\t\t\t\t\t\t\t<div class=\"elementor-swiper-button elementor-swiper-button-prev\" role=\"button\" tabindex=\"0\">\n\t\t\t\t\t\t<i aria-hidden=\"true\" class=\"eicon-chevron-left\"><\/i>\t\t\t\t\t<\/div>\n\t\t\t\t\t<div class=\"elementor-swiper-button elementor-swiper-button-next\" role=\"button\" tabindex=\"0\">\n\t\t\t\t\t\t<i aria-hidden=\"true\" class=\"eicon-chevron-right\"><\/i>\t\t\t\t\t<\/div>\n\t\t\t\t\n\t\t\t\t\t\t\t\t\t<div class=\"swiper-pagination\"><\/div>\n\t\t\t\t\t\t\t\t\t<\/div>\n\t\t\t\t\t\t<\/div>\n\t\t\t\t<\/div>\n\t\t\t\t\t<\/div>\n\t\t\t\t<\/div>\n\t\t<div class=\"elementor-element elementor-element-4cb92eb e-flex e-con-boxed e-con e-parent\" data-id=\"4cb92eb\" data-element_type=\"container\" data-e-type=\"container\">\n\t\t\t\t\t<div class=\"e-con-inner\">\n\t\t\t\t<div class=\"elementor-element elementor-element-2486112 elementor-align-right elementor-widget elementor-widget-button\" data-id=\"2486112\" data-element_type=\"widget\" data-e-type=\"widget\" data-widget_type=\"button.default\">\n\t\t\t\t<div class=\"elementor-widget-container\">\n\t\t\t\t\t\t\t\t\t<div class=\"elementor-button-wrapper\">\n\t\t\t\t\t<a class=\"elementor-button elementor-button-link elementor-size-sm\" href=\"https:\/\/amzn.to\/43rnV0A\" target=\"_blank\">\n\t\t\t\t\t\t<span class=\"elementor-button-content-wrapper\">\n\t\t\t\t\t\t\t\t\t<span class=\"elementor-button-text\">Compra ahora en Amazon<\/span>\n\t\t\t\t\t<\/span>\n\t\t\t\t\t<\/a>\n\t\t\t\t<\/div>\n\t\t\t\t\t\t\t\t<\/div>\n\t\t\t\t<\/div>\n\t\t\t\t\t<\/div>\n\t\t\t\t<\/div>\n\t\t\t\t<\/div>\n\t\t","protected":false},"excerpt":{"rendered":"<p>\u00a1Dale a tu perro la nutrici\u00f3n que se merece con Advance Medium Adult Chicken! Este pienso completo y equilibrado est\u00e1 dise\u00f1ado espec\u00edficamente para perros adultos de razas medianas \ud83c\udf57 Alto Contenido en Prote\u00edna de Calidad: El pollo y el arroz son los ingredientes principales de este pienso, asegurando un alto contenido en prote\u00ednas y carbohidratos [&hellip;]<\/p>\n","protected":false},"author":1,"featured_media":0,"parent":0,"menu_order":0,"comment_status":"closed","ping_status":"closed","template":"","meta":{"site-sidebar-layout":"no-sidebar","site-content-layout":"page-builder","ast-site-content-layout":"full-width-container","site-content-style":"default","site-sidebar-style":"default","ast-global-header-display":"","ast-banner-title-visibility":"","ast-main-header-display":"","ast-hfb-above-header-display":"","ast-hfb-below-header-display":"","ast-hfb-mobile-header-display":"","site-post-title":"disabled","ast-breadcrumbs-content":"","ast-featured-img":"disabled","footer-sml-layout":"","ast-disable-related-posts":"","theme-transparent-header-meta":"","adv-header-id-meta":"","stick-header-meta":"","header-above-stick-meta":"","header-main-stick-meta":"","header-below-stick-meta":"","astra-migrate-meta-layouts":"set","ast-page-background-enabled":"default","ast-page-background-meta":{"desktop":{"background-color":"var(--ast-global-color-4)","background-image":"","background-repeat":"repeat","background-position":"center center","background-size":"auto","background-attachment":"scroll","background-type":"","background-media":"","overlay-type":"","overlay-color":"","overlay-opacity":"","overlay-gradient":""},"tablet":{"background-color":"","background-image":"","background-repeat":"repeat","background-position":"center center","background-size":"auto","background-attachment":"scroll","background-type":"","background-media":"","overlay-type":"","overlay-color":"","overlay-opacity":"","overlay-gradient":""},"mobile":{"background-color":"","background-image":"","background-repeat":"repeat","background-position":"center center","background-size":"auto","background-attachment":"scroll","background-type":"","background-media":"","overlay-type":"","overlay-color":"","overlay-opacity":"","overlay-gradient":""}},"ast-content-background-meta":{"desktop":{"background-color":"var(--ast-global-color-5)","background-image":"","background-repeat":"repeat","background-position":"center center","background-size":"auto","background-attachment":"scroll","background-type":"","background-media":"","overlay-type":"","overlay-color":"","overlay-opacity":"","overlay-gradient":""},"tablet":{"background-color":"var(--ast-global-color-5)","background-image":"","background-repeat":"repeat","background-position":"center center","background-size":"auto","background-attachment":"scroll","background-type":"","background-media":"","overlay-type":"","overlay-color":"","overlay-opacity":"","overlay-gradient":""},"mobile":{"background-color":"var(--ast-global-color-5)","background-image":"","background-repeat":"repeat","background-position":"center center","background-size":"auto","background-attachment":"scroll","background-type":"","background-media":"","overlay-type":"","overlay-color":"","overlay-opacity":"","overlay-gradient":""}},"footnotes":""},"class_list":["post-16799","page","type-page","status-publish","hentry"],"yoast_head":"<!-- This site is optimized with the Yoast SEO plugin v27.4 - https:\/\/yoast.com\/product\/yoast-seo-wordpress\/ -->\n<title>Pienso para Perro Mediano | Mundo Animalito<\/title>\n<meta name=\"description\" content=\"Advance Medium Adult Chicken, Pienso para Perros Adultos de Razas Medianas con Pollo, 14kg, Compra ac\u00e1\" \/>\n<meta name=\"robots\" content=\"index, follow, max-snippet:-1, max-image-preview:large, max-video-preview:-1\" \/>\n<link rel=\"canonical\" href=\"https:\/\/mundoanimalito.com\/index.php\/advance-medium-adult-chicken-medianos\/\" \/>\n<meta property=\"og:locale\" content=\"es_ES\" \/>\n<meta property=\"og:type\" content=\"article\" \/>\n<meta property=\"og:title\" content=\"Pienso para Perro Mediano | Mundo Animalito\" \/>\n<meta property=\"og:description\" content=\"Advance Medium Adult Chicken, Pienso para Perros Adultos de Razas Medianas con Pollo, 14kg, Compra ac\u00e1\" \/>\n<meta property=\"og:url\" content=\"https:\/\/mundoanimalito.com\/index.php\/advance-medium-adult-chicken-medianos\/\" \/>\n<meta property=\"og:site_name\" content=\"Mundo Animalito\" \/>\n<meta property=\"article:publisher\" content=\"https:\/\/www.facebook.com\/mundoanimalito77\" \/>\n<meta property=\"article:modified_time\" content=\"2024-09-03T16:41:40+00:00\" \/>\n<meta property=\"og:image\" content=\"https:\/\/mundoanimalito.com\/wp-content\/uploads\/2024\/03\/71dTJuufZ1L._AC_SL1500_-633x1024.jpg\" \/>\n<meta name=\"twitter:card\" content=\"summary_large_image\" \/>\n<meta name=\"twitter:label1\" content=\"Tiempo de lectura\" \/>\n\t<meta name=\"twitter:data1\" content=\"3 minutos\" \/>\n<script type=\"application\/ld+json\" class=\"yoast-schema-graph\">{\"@context\":\"https:\\\/\\\/schema.org\",\"@graph\":[{\"@type\":\"WebPage\",\"@id\":\"https:\\\/\\\/mundoanimalito.com\\\/index.php\\\/advance-medium-adult-chicken-medianos\\\/\",\"url\":\"https:\\\/\\\/mundoanimalito.com\\\/index.php\\\/advance-medium-adult-chicken-medianos\\\/\",\"name\":\"Pienso para Perro Mediano | Mundo Animalito\",\"isPartOf\":{\"@id\":\"https:\\\/\\\/mundoanimalito.com\\\/#website\"},\"primaryImageOfPage\":{\"@id\":\"https:\\\/\\\/mundoanimalito.com\\\/index.php\\\/advance-medium-adult-chicken-medianos\\\/#primaryimage\"},\"image\":{\"@id\":\"https:\\\/\\\/mundoanimalito.com\\\/index.php\\\/advance-medium-adult-chicken-medianos\\\/#primaryimage\"},\"thumbnailUrl\":\"https:\\\/\\\/mundoanimalito.com\\\/wp-content\\\/uploads\\\/2024\\\/03\\\/71dTJuufZ1L._AC_SL1500_-633x1024.jpg\",\"datePublished\":\"2024-03-21T13:50:56+00:00\",\"dateModified\":\"2024-09-03T16:41:40+00:00\",\"description\":\"Advance Medium Adult Chicken, Pienso para Perros Adultos de Razas Medianas con Pollo, 14kg, Compra ac\u00e1\",\"breadcrumb\":{\"@id\":\"https:\\\/\\\/mundoanimalito.com\\\/index.php\\\/advance-medium-adult-chicken-medianos\\\/#breadcrumb\"},\"inLanguage\":\"es\",\"potentialAction\":[{\"@type\":\"ReadAction\",\"target\":[\"https:\\\/\\\/mundoanimalito.com\\\/index.php\\\/advance-medium-adult-chicken-medianos\\\/\"]}]},{\"@type\":\"ImageObject\",\"inLanguage\":\"es\",\"@id\":\"https:\\\/\\\/mundoanimalito.com\\\/index.php\\\/advance-medium-adult-chicken-medianos\\\/#primaryimage\",\"url\":\"https:\\\/\\\/mundoanimalito.com\\\/wp-content\\\/uploads\\\/2024\\\/03\\\/71dTJuufZ1L._AC_SL1500_.jpg\",\"contentUrl\":\"https:\\\/\\\/mundoanimalito.com\\\/wp-content\\\/uploads\\\/2024\\\/03\\\/71dTJuufZ1L._AC_SL1500_.jpg\",\"width\":927,\"height\":1500,\"caption\":\"Advance Medium Adult Chicken, Pienso para Perros Adultos de Razas Medianas con Pollo, 14kg\"},{\"@type\":\"BreadcrumbList\",\"@id\":\"https:\\\/\\\/mundoanimalito.com\\\/index.php\\\/advance-medium-adult-chicken-medianos\\\/#breadcrumb\",\"itemListElement\":[{\"@type\":\"ListItem\",\"position\":1,\"name\":\"Portada\",\"item\":\"https:\\\/\\\/mundoanimalito.com\\\/\"},{\"@type\":\"ListItem\",\"position\":2,\"name\":\"Advance Medium Adult Chicken, medianos\"}]},{\"@type\":\"WebSite\",\"@id\":\"https:\\\/\\\/mundoanimalito.com\\\/#website\",\"url\":\"https:\\\/\\\/mundoanimalito.com\\\/\",\"name\":\"Mundo Animalito\",\"description\":\"Datos y curiosidades de los animales, encuentra ac\u00e1 todo para tu mascota\",\"publisher\":{\"@id\":\"https:\\\/\\\/mundoanimalito.com\\\/#organization\"},\"potentialAction\":[{\"@type\":\"SearchAction\",\"target\":{\"@type\":\"EntryPoint\",\"urlTemplate\":\"https:\\\/\\\/mundoanimalito.com\\\/?s={search_term_string}\"},\"query-input\":{\"@type\":\"PropertyValueSpecification\",\"valueRequired\":true,\"valueName\":\"search_term_string\"}}],\"inLanguage\":\"es\"},{\"@type\":\"Organization\",\"@id\":\"https:\\\/\\\/mundoanimalito.com\\\/#organization\",\"name\":\"Mundo Animalito\",\"url\":\"https:\\\/\\\/mundoanimalito.com\\\/\",\"logo\":{\"@type\":\"ImageObject\",\"inLanguage\":\"es\",\"@id\":\"https:\\\/\\\/mundoanimalito.com\\\/#\\\/schema\\\/logo\\\/image\\\/\",\"url\":\"https:\\\/\\\/mundoanimalito.com\\\/wp-content\\\/uploads\\\/2023\\\/10\\\/cropped-cropped-LOGO-OFICIAL-ULTIMA-VERSION-1.jpg\",\"contentUrl\":\"https:\\\/\\\/mundoanimalito.com\\\/wp-content\\\/uploads\\\/2023\\\/10\\\/cropped-cropped-LOGO-OFICIAL-ULTIMA-VERSION-1.jpg\",\"width\":374,\"height\":425,\"caption\":\"Mundo Animalito\"},\"image\":{\"@id\":\"https:\\\/\\\/mundoanimalito.com\\\/#\\\/schema\\\/logo\\\/image\\\/\"},\"sameAs\":[\"https:\\\/\\\/www.facebook.com\\\/mundoanimalito77\",\"https:\\\/\\\/www.instagram.com\\\/mundoanimalito77\\\/\",\"https:\\\/\\\/www.tiktok.com\\\/@mundoanimalito77\",\"https:\\\/\\\/www.youtube.com\\\/channel\\\/UCLo2JhNUNtHVraDt5aHadew\"]}]}<\/script>\n<!-- \/ Yoast SEO plugin. -->","yoast_head_json":{"title":"Pienso para Perro Mediano | Mundo Animalito","description":"Advance Medium Adult Chicken, Pienso para Perros Adultos de Razas Medianas con Pollo, 14kg, Compra ac\u00e1","robots":{"index":"index","follow":"follow","max-snippet":"max-snippet:-1","max-image-preview":"max-image-preview:large","max-video-preview":"max-video-preview:-1"},"canonical":"https:\/\/mundoanimalito.com\/index.php\/advance-medium-adult-chicken-medianos\/","og_locale":"es_ES","og_type":"article","og_title":"Pienso para Perro Mediano | Mundo Animalito","og_description":"Advance Medium Adult Chicken, Pienso para Perros Adultos de Razas Medianas con Pollo, 14kg, Compra ac\u00e1","og_url":"https:\/\/mundoanimalito.com\/index.php\/advance-medium-adult-chicken-medianos\/","og_site_name":"Mundo Animalito","article_publisher":"https:\/\/www.facebook.com\/mundoanimalito77","article_modified_time":"2024-09-03T16:41:40+00:00","og_image":[{"url":"https:\/\/mundoanimalito.com\/wp-content\/uploads\/2024\/03\/71dTJuufZ1L._AC_SL1500_-633x1024.jpg","type":"","width":"","height":""}],"twitter_card":"summary_large_image","twitter_misc":{"Tiempo de lectura":"3 minutos"},"schema":{"@context":"https:\/\/schema.org","@graph":[{"@type":"WebPage","@id":"https:\/\/mundoanimalito.com\/index.php\/advance-medium-adult-chicken-medianos\/","url":"https:\/\/mundoanimalito.com\/index.php\/advance-medium-adult-chicken-medianos\/","name":"Pienso para Perro Mediano | Mundo Animalito","isPartOf":{"@id":"https:\/\/mundoanimalito.com\/#website"},"primaryImageOfPage":{"@id":"https:\/\/mundoanimalito.com\/index.php\/advance-medium-adult-chicken-medianos\/#primaryimage"},"image":{"@id":"https:\/\/mundoanimalito.com\/index.php\/advance-medium-adult-chicken-medianos\/#primaryimage"},"thumbnailUrl":"https:\/\/mundoanimalito.com\/wp-content\/uploads\/2024\/03\/71dTJuufZ1L._AC_SL1500_-633x1024.jpg","datePublished":"2024-03-21T13:50:56+00:00","dateModified":"2024-09-03T16:41:40+00:00","description":"Advance Medium Adult Chicken, Pienso para Perros Adultos de Razas Medianas con Pollo, 14kg, Compra ac\u00e1","breadcrumb":{"@id":"https:\/\/mundoanimalito.com\/index.php\/advance-medium-adult-chicken-medianos\/#breadcrumb"},"inLanguage":"es","potentialAction":[{"@type":"ReadAction","target":["https:\/\/mundoanimalito.com\/index.php\/advance-medium-adult-chicken-medianos\/"]}]},{"@type":"ImageObject","inLanguage":"es","@id":"https:\/\/mundoanimalito.com\/index.php\/advance-medium-adult-chicken-medianos\/#primaryimage","url":"https:\/\/mundoanimalito.com\/wp-content\/uploads\/2024\/03\/71dTJuufZ1L._AC_SL1500_.jpg","contentUrl":"https:\/\/mundoanimalito.com\/wp-content\/uploads\/2024\/03\/71dTJuufZ1L._AC_SL1500_.jpg","width":927,"height":1500,"caption":"Advance Medium Adult Chicken, Pienso para Perros Adultos de Razas Medianas con Pollo, 14kg"},{"@type":"BreadcrumbList","@id":"https:\/\/mundoanimalito.com\/index.php\/advance-medium-adult-chicken-medianos\/#breadcrumb","itemListElement":[{"@type":"ListItem","position":1,"name":"Portada","item":"https:\/\/mundoanimalito.com\/"},{"@type":"ListItem","position":2,"name":"Advance Medium Adult Chicken, medianos"}]},{"@type":"WebSite","@id":"https:\/\/mundoanimalito.com\/#website","url":"https:\/\/mundoanimalito.com\/","name":"Mundo Animalito","description":"Datos y curiosidades de los animales, encuentra ac\u00e1 todo para tu mascota","publisher":{"@id":"https:\/\/mundoanimalito.com\/#organization"},"potentialAction":[{"@type":"SearchAction","target":{"@type":"EntryPoint","urlTemplate":"https:\/\/mundoanimalito.com\/?s={search_term_string}"},"query-input":{"@type":"PropertyValueSpecification","valueRequired":true,"valueName":"search_term_string"}}],"inLanguage":"es"},{"@type":"Organization","@id":"https:\/\/mundoanimalito.com\/#organization","name":"Mundo Animalito","url":"https:\/\/mundoanimalito.com\/","logo":{"@type":"ImageObject","inLanguage":"es","@id":"https:\/\/mundoanimalito.com\/#\/schema\/logo\/image\/","url":"https:\/\/mundoanimalito.com\/wp-content\/uploads\/2023\/10\/cropped-cropped-LOGO-OFICIAL-ULTIMA-VERSION-1.jpg","contentUrl":"https:\/\/mundoanimalito.com\/wp-content\/uploads\/2023\/10\/cropped-cropped-LOGO-OFICIAL-ULTIMA-VERSION-1.jpg","width":374,"height":425,"caption":"Mundo Animalito"},"image":{"@id":"https:\/\/mundoanimalito.com\/#\/schema\/logo\/image\/"},"sameAs":["https:\/\/www.facebook.com\/mundoanimalito77","https:\/\/www.instagram.com\/mundoanimalito77\/","https:\/\/www.tiktok.com\/@mundoanimalito77","https:\/\/www.youtube.com\/channel\/UCLo2JhNUNtHVraDt5aHadew"]}]}},"_links":{"self":[{"href":"https:\/\/mundoanimalito.com\/index.php\/wp-json\/wp\/v2\/pages\/16799","targetHints":{"allow":["GET"]}}],"collection":[{"href":"https:\/\/mundoanimalito.com\/index.php\/wp-json\/wp\/v2\/pages"}],"about":[{"href":"https:\/\/mundoanimalito.com\/index.php\/wp-json\/wp\/v2\/types\/page"}],"author":[{"embeddable":true,"href":"https:\/\/mundoanimalito.com\/index.php\/wp-json\/wp\/v2\/users\/1"}],"replies":[{"embeddable":true,"href":"https:\/\/mundoanimalito.com\/index.php\/wp-json\/wp\/v2\/comments?post=16799"}],"version-history":[{"count":0,"href":"https:\/\/mundoanimalito.com\/index.php\/wp-json\/wp\/v2\/pages\/16799\/revisions"}],"wp:attachment":[{"href":"https:\/\/mundoanimalito.com\/index.php\/wp-json\/wp\/v2\/media?parent=16799"}],"curies":[{"name":"wp","href":"https:\/\/api.w.org\/{rel}","templated":true}]}}