{"id":16730,"date":"2024-03-21T08:35:27","date_gmt":"2024-03-21T13:35:27","guid":{"rendered":"https:\/\/mundoanimalito.com\/?page_id=16730"},"modified":"2024-09-09T18:04:11","modified_gmt":"2024-09-09T23:04:11","slug":"natures-variety-original-no-grain","status":"publish","type":"page","link":"https:\/\/mundoanimalito.com\/index.php\/natures-variety-original-no-grain\/","title":{"rendered":"Nature&#8217;s Variety Original No Grain"},"content":{"rendered":"\t\t<div data-elementor-type=\"wp-page\" data-elementor-id=\"16730\" class=\"elementor elementor-16730\" data-elementor-post-type=\"page\">\n\t\t\t\t<div class=\"elementor-element elementor-element-8808b15 e-flex e-con-boxed e-con e-parent\" data-id=\"8808b15\" data-element_type=\"container\" data-e-type=\"container\">\n\t\t\t\t\t<div class=\"e-con-inner\">\n\t\t\t\t<div class=\"elementor-element elementor-element-2428d92 elementor-invisible elementor-widget elementor-widget-heading\" data-id=\"2428d92\" data-element_type=\"widget\" data-e-type=\"widget\" data-settings=\"{&quot;_animation&quot;:&quot;fadeInDown&quot;}\" data-widget_type=\"heading.default\">\n\t\t\t\t<div class=\"elementor-widget-container\">\n\t\t\t\t\t<h2 class=\"elementor-heading-title elementor-size-default\">\u00a1Dale a tu perro el regalo de una vida sana y feliz con Nature's Variety Original No Grain! Dise\u00f1ado espec\u00edficamente para perros adultos medianos y grandes<\/h2>\t\t\t\t<\/div>\n\t\t\t\t<\/div>\n\t\t\t\t\t<\/div>\n\t\t\t\t<\/div>\n\t\t<div class=\"elementor-element elementor-element-2413a31 e-flex e-con-boxed e-con e-parent\" data-id=\"2413a31\" data-element_type=\"container\" data-e-type=\"container\">\n\t\t\t\t\t<div class=\"e-con-inner\">\n\t\t<div class=\"elementor-element elementor-element-3b58467 e-con-full e-flex e-con e-child\" data-id=\"3b58467\" data-element_type=\"container\" data-e-type=\"container\">\n\t\t\t\t<div class=\"elementor-element elementor-element-e7eb291 elementor-widget elementor-widget-image\" data-id=\"e7eb291\" data-element_type=\"widget\" data-e-type=\"widget\" data-widget_type=\"image.default\">\n\t\t\t\t<div class=\"elementor-widget-container\">\n\t\t\t\t\t\t\t\t\t\t\t\t\t\t\t\t<a href=\"https:\/\/amzn.to\/3vd7F6W\">\n\t\t\t\t\t\t\t<img fetchpriority=\"high\" decoding=\"async\" width=\"591\" height=\"1024\" src=\"https:\/\/mundoanimalito.com\/wp-content\/uploads\/2024\/03\/71Mm3CEJ7L._AC_SL1500_-591x1024.jpg\" class=\"attachment-large size-large wp-image-16717\" alt=\"Nature&#039;s Variety Original No Grain, Pienso para Perros Adultos Medianos y grandes, Sin cereales, con Salm\u00f3n sin espinas, 12kg\" srcset=\"https:\/\/mundoanimalito.com\/wp-content\/uploads\/2024\/03\/71Mm3CEJ7L._AC_SL1500_-591x1024.jpg 591w, https:\/\/mundoanimalito.com\/wp-content\/uploads\/2024\/03\/71Mm3CEJ7L._AC_SL1500_-173x300.jpg 173w, https:\/\/mundoanimalito.com\/wp-content\/uploads\/2024\/03\/71Mm3CEJ7L._AC_SL1500_-768x1332.jpg 768w, https:\/\/mundoanimalito.com\/wp-content\/uploads\/2024\/03\/71Mm3CEJ7L._AC_SL1500_.jpg 865w\" sizes=\"(max-width: 591px) 100vw, 591px\" \/>\t\t\t\t\t\t\t\t<\/a>\n\t\t\t\t\t\t\t\t\t\t\t\t\t\t\t<\/div>\n\t\t\t\t<\/div>\n\t\t\t\t<\/div>\n\t\t<div class=\"elementor-element elementor-element-3bbe704 e-con-full e-flex e-con e-child\" data-id=\"3bbe704\" data-element_type=\"container\" data-e-type=\"container\">\n\t\t\t\t<div class=\"elementor-element elementor-element-1954bc7 elementor-widget elementor-widget-text-editor\" data-id=\"1954bc7\" data-element_type=\"widget\" data-e-type=\"widget\" data-widget_type=\"text-editor.default\">\n\t\t\t\t<div class=\"elementor-widget-container\">\n\t\t\t\t\t\t\t\t\t<p>\ud83c\udf7d\ufe0f <strong>Comida Completa y Equilibrada:<\/strong> Este pienso proporciona a tu perro todo lo que necesita para mantenerse en su mejor forma f\u00edsica y mental. Con ingredientes de alta calidad, garantiza una dieta equilibrada que satisface todas las necesidades nutricionales de tu mascota.<\/p><p>\u00a0<\/p><p>\ud83d\udeab <strong>Sin Cereales:<\/strong> Al eliminar los cereales de la f\u00f3rmula, este pienso ofrece una alternativa saludable para perros con sensibilidades alimentarias o que requieren una dieta libre de granos. Con carbohidratos alternativos como la patata, los guisantes y los garbanzos, asegura una digesti\u00f3n \u00f3ptima y una mayor tolerancia.<\/p><p>\u00a0<\/p><p>\ud83d\udc1f <strong>Salm\u00f3n Sin Espinas:<\/strong> El salm\u00f3n, una excelente fuente de prote\u00edna de alta calidad, es el ingrediente principal de este pienso. Rico en \u00e1cidos grasos omega 3 y 6, contribuye a un pelaje brillante y una piel saludable, mientras que su textura sin espinas lo hace seguro y f\u00e1cil de consumir para tu perro.<\/p><p>\u00a0<\/p><p>\ud83d\udcaa <strong>\u00d3ptima Condici\u00f3n F\u00edsica:<\/strong> Con un nivel equilibrado de prote\u00ednas de alta calidad y calor\u00edas, este pienso ayuda a mantener la masa muscular y el nivel de actividad de tu perro, asegurando que est\u00e9 siempre en su mejor forma f\u00edsica para disfrutar de la vida al m\u00e1ximo.<\/p><p>\u00a0<\/p><p>\ud83c\udf3f <strong>Ingredientes Naturales y Saludables:<\/strong> Libre de colorantes, conservantes y aromas artificiales, este pienso garantiza la calidad y la frescura de sus ingredientes. Con trazabilidad garantizada desde el origen, puedes estar seguro de que est\u00e1s alimentando a tu perro con lo mejor de la naturaleza.<\/p><p>\u00a0<\/p><p>\ud83d\udd04 <strong>Instrucciones de Uso:<\/strong> Con una transici\u00f3n gradual de alimentos, puedes cambiar a este pienso sin problemas. Incrementa la proporci\u00f3n del nuevo alimento y reduce la del alimento anterior durante un periodo de 7 d\u00edas para una transici\u00f3n suave. \u00a1Y no olvides dejar siempre agua limpia y fresca al alcance de tu mascota!<\/p><p>\u00a0<\/p><p>Proporciona a tu perro la nutrici\u00f3n que se merece con Nature&#8217;s Variety Original No Grain. \u00a1Hazte con \u00e9l ahora y dale a tu perro una vida llena de vitalidad y felicidad!<\/p>\t\t\t\t\t\t\t\t<\/div>\n\t\t\t\t<\/div>\n\t\t\t\t<div class=\"elementor-element elementor-element-60f4d89 elementor-align-right elementor-widget elementor-widget-button\" data-id=\"60f4d89\" data-element_type=\"widget\" data-e-type=\"widget\" data-widget_type=\"button.default\">\n\t\t\t\t<div class=\"elementor-widget-container\">\n\t\t\t\t\t\t\t\t\t<div class=\"elementor-button-wrapper\">\n\t\t\t\t\t<a class=\"elementor-button elementor-button-link elementor-size-sm\" href=\"https:\/\/amzn.to\/3vd7F6W\">\n\t\t\t\t\t\t<span class=\"elementor-button-content-wrapper\">\n\t\t\t\t\t\t\t\t\t<span class=\"elementor-button-text\">Compra ahora en Amazon<\/span>\n\t\t\t\t\t<\/span>\n\t\t\t\t\t<\/a>\n\t\t\t\t<\/div>\n\t\t\t\t\t\t\t\t<\/div>\n\t\t\t\t<\/div>\n\t\t\t\t<\/div>\n\t\t\t\t\t<\/div>\n\t\t\t\t<\/div>\n\t\t<div class=\"elementor-element elementor-element-88e3fb7 e-flex e-con-boxed e-con e-parent\" data-id=\"88e3fb7\" data-element_type=\"container\" data-e-type=\"container\">\n\t\t\t\t\t<div class=\"e-con-inner\">\n\t\t\t\t<div class=\"elementor-element elementor-element-1b812bd elementor-arrows-position-inside elementor-pagination-position-outside elementor-widget elementor-widget-image-carousel\" data-id=\"1b812bd\" data-element_type=\"widget\" data-e-type=\"widget\" data-settings=\"{&quot;slides_to_show&quot;:&quot;1&quot;,&quot;navigation&quot;:&quot;both&quot;,&quot;autoplay&quot;:&quot;yes&quot;,&quot;pause_on_hover&quot;:&quot;yes&quot;,&quot;pause_on_interaction&quot;:&quot;yes&quot;,&quot;autoplay_speed&quot;:5000,&quot;infinite&quot;:&quot;yes&quot;,&quot;effect&quot;:&quot;slide&quot;,&quot;speed&quot;:500}\" data-widget_type=\"image-carousel.default\">\n\t\t\t\t<div class=\"elementor-widget-container\">\n\t\t\t\t\t\t\t<div class=\"elementor-image-carousel-wrapper swiper\" role=\"region\" aria-roledescription=\"carousel\" aria-label=\"Carrusel de im\u00e1genes\" dir=\"ltr\">\n\t\t\t<div class=\"elementor-image-carousel swiper-wrapper\" aria-live=\"off\">\n\t\t\t\t\t\t\t\t<div class=\"swiper-slide\" role=\"group\" aria-roledescription=\"slide\" aria-label=\"1 de 4\"><figure class=\"swiper-slide-inner\"><img decoding=\"async\" class=\"swiper-slide-image\" src=\"https:\/\/mundoanimalito.com\/wp-content\/uploads\/2024\/03\/71BevT07LXL._AC_SL1500_-768x814.jpg\" alt=\"Nature&#039;s Variety Original No Grain, Pienso para Perros Adultos Medianos y grandes, Sin cereales, con Salm\u00f3n sin espinas, 12kg\" \/><\/figure><\/div><div class=\"swiper-slide\" role=\"group\" aria-roledescription=\"slide\" aria-label=\"2 de 4\"><figure class=\"swiper-slide-inner\"><img decoding=\"async\" class=\"swiper-slide-image\" src=\"https:\/\/mundoanimalito.com\/wp-content\/uploads\/2024\/03\/71Q8msP8fUL._AC_SL1500_-768x837.jpg\" alt=\"Nature&#039;s Variety Original No Grain, Pienso para Perros Adultos Medianos y grandes, Sin cereales, con Salm\u00f3n sin espinas, 12kg\" \/><\/figure><\/div><div class=\"swiper-slide\" role=\"group\" aria-roledescription=\"slide\" aria-label=\"3 de 4\"><figure class=\"swiper-slide-inner\"><img decoding=\"async\" class=\"swiper-slide-image\" src=\"https:\/\/mundoanimalito.com\/wp-content\/uploads\/2024\/03\/61TaiSr557L._AC_SL1500_-768x767.jpg\" alt=\"Nature&#039;s Variety Original No Grain, Pienso para Perros Adultos Medianos y grandes, Sin cereales, con Salm\u00f3n sin espinas, 12kg\" \/><\/figure><\/div><div class=\"swiper-slide\" role=\"group\" aria-roledescription=\"slide\" aria-label=\"4 de 4\"><figure class=\"swiper-slide-inner\"><img decoding=\"async\" class=\"swiper-slide-image\" src=\"https:\/\/mundoanimalito.com\/wp-content\/uploads\/2024\/03\/7129s4kURL._AC_SL1500_-768x767.jpg\" alt=\"Nature&#039;s Variety Original No Grain, Pienso para Perros Adultos Medianos y grandes, Sin cereales, con Salm\u00f3n sin espinas, 12kg\" \/><\/figure><\/div>\t\t\t<\/div>\n\t\t\t\t\t\t\t\t\t\t\t\t<div class=\"elementor-swiper-button elementor-swiper-button-prev\" role=\"button\" tabindex=\"0\">\n\t\t\t\t\t\t<i aria-hidden=\"true\" class=\"eicon-chevron-left\"><\/i>\t\t\t\t\t<\/div>\n\t\t\t\t\t<div class=\"elementor-swiper-button elementor-swiper-button-next\" role=\"button\" tabindex=\"0\">\n\t\t\t\t\t\t<i aria-hidden=\"true\" class=\"eicon-chevron-right\"><\/i>\t\t\t\t\t<\/div>\n\t\t\t\t\n\t\t\t\t\t\t\t\t\t<div class=\"swiper-pagination\"><\/div>\n\t\t\t\t\t\t\t\t\t<\/div>\n\t\t\t\t\t\t<\/div>\n\t\t\t\t<\/div>\n\t\t\t\t\t<\/div>\n\t\t\t\t<\/div>\n\t\t<div class=\"elementor-element elementor-element-d7472d3 e-flex e-con-boxed e-con e-parent\" data-id=\"d7472d3\" data-element_type=\"container\" data-e-type=\"container\">\n\t\t\t\t\t<div class=\"e-con-inner\">\n\t\t\t\t<div class=\"elementor-element elementor-element-524756d elementor-align-right elementor-widget elementor-widget-button\" data-id=\"524756d\" data-element_type=\"widget\" data-e-type=\"widget\" data-widget_type=\"button.default\">\n\t\t\t\t<div class=\"elementor-widget-container\">\n\t\t\t\t\t\t\t\t\t<div class=\"elementor-button-wrapper\">\n\t\t\t\t\t<a class=\"elementor-button elementor-button-link elementor-size-sm\" href=\"https:\/\/amzn.to\/3vd7F6W\">\n\t\t\t\t\t\t<span class=\"elementor-button-content-wrapper\">\n\t\t\t\t\t\t\t\t\t<span class=\"elementor-button-text\">Compra ahora en Amazon<\/span>\n\t\t\t\t\t<\/span>\n\t\t\t\t\t<\/a>\n\t\t\t\t<\/div>\n\t\t\t\t\t\t\t\t<\/div>\n\t\t\t\t<\/div>\n\t\t\t\t\t<\/div>\n\t\t\t\t<\/div>\n\t\t\t\t<\/div>\n\t\t","protected":false},"excerpt":{"rendered":"<p>\u00a1Dale a tu perro el regalo de una vida sana y feliz con Nature&#8217;s Variety Original No Grain! Dise\u00f1ado espec\u00edficamente para perros adultos medianos y grandes \ud83c\udf7d\ufe0f Comida Completa y Equilibrada: Este pienso proporciona a tu perro todo lo que necesita para mantenerse en su mejor forma f\u00edsica y mental. Con ingredientes de alta calidad, [&hellip;]<\/p>\n","protected":false},"author":1,"featured_media":0,"parent":0,"menu_order":0,"comment_status":"closed","ping_status":"closed","template":"","meta":{"site-sidebar-layout":"no-sidebar","site-content-layout":"page-builder","ast-site-content-layout":"full-width-container","site-content-style":"default","site-sidebar-style":"default","ast-global-header-display":"","ast-banner-title-visibility":"","ast-main-header-display":"","ast-hfb-above-header-display":"","ast-hfb-below-header-display":"","ast-hfb-mobile-header-display":"","site-post-title":"disabled","ast-breadcrumbs-content":"","ast-featured-img":"disabled","footer-sml-layout":"","ast-disable-related-posts":"","theme-transparent-header-meta":"","adv-header-id-meta":"","stick-header-meta":"","header-above-stick-meta":"","header-main-stick-meta":"","header-below-stick-meta":"","astra-migrate-meta-layouts":"set","ast-page-background-enabled":"default","ast-page-background-meta":{"desktop":{"background-color":"var(--ast-global-color-4)","background-image":"","background-repeat":"repeat","background-position":"center center","background-size":"auto","background-attachment":"scroll","background-type":"","background-media":"","overlay-type":"","overlay-color":"","overlay-opacity":"","overlay-gradient":""},"tablet":{"background-color":"","background-image":"","background-repeat":"repeat","background-position":"center center","background-size":"auto","background-attachment":"scroll","background-type":"","background-media":"","overlay-type":"","overlay-color":"","overlay-opacity":"","overlay-gradient":""},"mobile":{"background-color":"","background-image":"","background-repeat":"repeat","background-position":"center center","background-size":"auto","background-attachment":"scroll","background-type":"","background-media":"","overlay-type":"","overlay-color":"","overlay-opacity":"","overlay-gradient":""}},"ast-content-background-meta":{"desktop":{"background-color":"var(--ast-global-color-5)","background-image":"","background-repeat":"repeat","background-position":"center center","background-size":"auto","background-attachment":"scroll","background-type":"","background-media":"","overlay-type":"","overlay-color":"","overlay-opacity":"","overlay-gradient":""},"tablet":{"background-color":"var(--ast-global-color-5)","background-image":"","background-repeat":"repeat","background-position":"center center","background-size":"auto","background-attachment":"scroll","background-type":"","background-media":"","overlay-type":"","overlay-color":"","overlay-opacity":"","overlay-gradient":""},"mobile":{"background-color":"var(--ast-global-color-5)","background-image":"","background-repeat":"repeat","background-position":"center center","background-size":"auto","background-attachment":"scroll","background-type":"","background-media":"","overlay-type":"","overlay-color":"","overlay-opacity":"","overlay-gradient":""}},"footnotes":""},"class_list":["post-16730","page","type-page","status-publish","hentry"],"yoast_head":"<!-- This site is optimized with the Yoast SEO plugin v27.5 - https:\/\/yoast.com\/product\/yoast-seo-wordpress\/ -->\n<title>Nature&#039;s Variety Original No Grain, Pienso para Perros Adultos | Mundo Animalito<\/title>\n<meta name=\"description\" content=\"Nature&#039;s Variety Original No Grain, Pienso para Perros Adultos Medianos y grandes, Sin cereales, con Salm\u00f3n sin espinas, 12kg\" \/>\n<meta name=\"robots\" content=\"index, follow, max-snippet:-1, max-image-preview:large, max-video-preview:-1\" \/>\n<link rel=\"canonical\" href=\"https:\/\/mundoanimalito.com\/index.php\/natures-variety-original-no-grain\/\" \/>\n<meta property=\"og:locale\" content=\"es_ES\" \/>\n<meta property=\"og:type\" content=\"article\" \/>\n<meta property=\"og:title\" content=\"Nature&#039;s Variety Original No Grain, Pienso para Perros Adultos | Mundo Animalito\" \/>\n<meta property=\"og:description\" content=\"Nature&#039;s Variety Original No Grain, Pienso para Perros Adultos Medianos y grandes, Sin cereales, con Salm\u00f3n sin espinas, 12kg\" \/>\n<meta property=\"og:url\" content=\"https:\/\/mundoanimalito.com\/index.php\/natures-variety-original-no-grain\/\" \/>\n<meta property=\"og:site_name\" content=\"Mundo Animalito\" \/>\n<meta property=\"article:publisher\" content=\"https:\/\/www.facebook.com\/mundoanimalito77\" \/>\n<meta property=\"article:modified_time\" content=\"2024-09-09T23:04:11+00:00\" \/>\n<meta property=\"og:image\" content=\"https:\/\/mundoanimalito.com\/wp-content\/uploads\/2024\/03\/71Mm3CEJ7L._AC_SL1500_-591x1024.jpg\" \/>\n<meta name=\"twitter:card\" content=\"summary_large_image\" \/>\n<meta name=\"twitter:label1\" content=\"Tiempo de lectura\" \/>\n\t<meta name=\"twitter:data1\" content=\"3 minutos\" \/>\n<script type=\"application\/ld+json\" class=\"yoast-schema-graph\">{\"@context\":\"https:\\\/\\\/schema.org\",\"@graph\":[{\"@type\":\"WebPage\",\"@id\":\"https:\\\/\\\/mundoanimalito.com\\\/index.php\\\/natures-variety-original-no-grain\\\/\",\"url\":\"https:\\\/\\\/mundoanimalito.com\\\/index.php\\\/natures-variety-original-no-grain\\\/\",\"name\":\"Nature's Variety Original No Grain, Pienso para Perros Adultos | Mundo Animalito\",\"isPartOf\":{\"@id\":\"https:\\\/\\\/mundoanimalito.com\\\/#website\"},\"primaryImageOfPage\":{\"@id\":\"https:\\\/\\\/mundoanimalito.com\\\/index.php\\\/natures-variety-original-no-grain\\\/#primaryimage\"},\"image\":{\"@id\":\"https:\\\/\\\/mundoanimalito.com\\\/index.php\\\/natures-variety-original-no-grain\\\/#primaryimage\"},\"thumbnailUrl\":\"https:\\\/\\\/mundoanimalito.com\\\/wp-content\\\/uploads\\\/2024\\\/03\\\/71Mm3CEJ7L._AC_SL1500_-591x1024.jpg\",\"datePublished\":\"2024-03-21T13:35:27+00:00\",\"dateModified\":\"2024-09-09T23:04:11+00:00\",\"description\":\"Nature's Variety Original No Grain, Pienso para Perros Adultos Medianos y grandes, Sin cereales, con Salm\u00f3n sin espinas, 12kg\",\"breadcrumb\":{\"@id\":\"https:\\\/\\\/mundoanimalito.com\\\/index.php\\\/natures-variety-original-no-grain\\\/#breadcrumb\"},\"inLanguage\":\"es\",\"potentialAction\":[{\"@type\":\"ReadAction\",\"target\":[\"https:\\\/\\\/mundoanimalito.com\\\/index.php\\\/natures-variety-original-no-grain\\\/\"]}]},{\"@type\":\"ImageObject\",\"inLanguage\":\"es\",\"@id\":\"https:\\\/\\\/mundoanimalito.com\\\/index.php\\\/natures-variety-original-no-grain\\\/#primaryimage\",\"url\":\"https:\\\/\\\/mundoanimalito.com\\\/wp-content\\\/uploads\\\/2024\\\/03\\\/71Mm3CEJ7L._AC_SL1500_.jpg\",\"contentUrl\":\"https:\\\/\\\/mundoanimalito.com\\\/wp-content\\\/uploads\\\/2024\\\/03\\\/71Mm3CEJ7L._AC_SL1500_.jpg\",\"width\":865,\"height\":1500,\"caption\":\"Nature's Variety Original No Grain, Pienso para Perros Adultos Medianos y grandes, Sin cereales, con Salm\u00f3n sin espinas, 12kg\"},{\"@type\":\"BreadcrumbList\",\"@id\":\"https:\\\/\\\/mundoanimalito.com\\\/index.php\\\/natures-variety-original-no-grain\\\/#breadcrumb\",\"itemListElement\":[{\"@type\":\"ListItem\",\"position\":1,\"name\":\"Portada\",\"item\":\"https:\\\/\\\/mundoanimalito.com\\\/\"},{\"@type\":\"ListItem\",\"position\":2,\"name\":\"Nature&#8217;s Variety Original No Grain\"}]},{\"@type\":\"WebSite\",\"@id\":\"https:\\\/\\\/mundoanimalito.com\\\/#website\",\"url\":\"https:\\\/\\\/mundoanimalito.com\\\/\",\"name\":\"Mundo Animalito\",\"description\":\"Datos y curiosidades de los animales, encuentra ac\u00e1 todo para tu mascota\",\"publisher\":{\"@id\":\"https:\\\/\\\/mundoanimalito.com\\\/#organization\"},\"potentialAction\":[{\"@type\":\"SearchAction\",\"target\":{\"@type\":\"EntryPoint\",\"urlTemplate\":\"https:\\\/\\\/mundoanimalito.com\\\/?s={search_term_string}\"},\"query-input\":{\"@type\":\"PropertyValueSpecification\",\"valueRequired\":true,\"valueName\":\"search_term_string\"}}],\"inLanguage\":\"es\"},{\"@type\":\"Organization\",\"@id\":\"https:\\\/\\\/mundoanimalito.com\\\/#organization\",\"name\":\"Mundo Animalito\",\"url\":\"https:\\\/\\\/mundoanimalito.com\\\/\",\"logo\":{\"@type\":\"ImageObject\",\"inLanguage\":\"es\",\"@id\":\"https:\\\/\\\/mundoanimalito.com\\\/#\\\/schema\\\/logo\\\/image\\\/\",\"url\":\"https:\\\/\\\/mundoanimalito.com\\\/wp-content\\\/uploads\\\/2023\\\/10\\\/cropped-cropped-LOGO-OFICIAL-ULTIMA-VERSION-1.jpg\",\"contentUrl\":\"https:\\\/\\\/mundoanimalito.com\\\/wp-content\\\/uploads\\\/2023\\\/10\\\/cropped-cropped-LOGO-OFICIAL-ULTIMA-VERSION-1.jpg\",\"width\":374,\"height\":425,\"caption\":\"Mundo Animalito\"},\"image\":{\"@id\":\"https:\\\/\\\/mundoanimalito.com\\\/#\\\/schema\\\/logo\\\/image\\\/\"},\"sameAs\":[\"https:\\\/\\\/www.facebook.com\\\/mundoanimalito77\",\"https:\\\/\\\/www.instagram.com\\\/mundoanimalito77\\\/\",\"https:\\\/\\\/www.tiktok.com\\\/@mundoanimalito77\",\"https:\\\/\\\/www.youtube.com\\\/channel\\\/UCLo2JhNUNtHVraDt5aHadew\"]}]}<\/script>\n<!-- \/ Yoast SEO plugin. -->","yoast_head_json":{"title":"Nature's Variety Original No Grain, Pienso para Perros Adultos | Mundo Animalito","description":"Nature's Variety Original No Grain, Pienso para Perros Adultos Medianos y grandes, Sin cereales, con Salm\u00f3n sin espinas, 12kg","robots":{"index":"index","follow":"follow","max-snippet":"max-snippet:-1","max-image-preview":"max-image-preview:large","max-video-preview":"max-video-preview:-1"},"canonical":"https:\/\/mundoanimalito.com\/index.php\/natures-variety-original-no-grain\/","og_locale":"es_ES","og_type":"article","og_title":"Nature's Variety Original No Grain, Pienso para Perros Adultos | Mundo Animalito","og_description":"Nature's Variety Original No Grain, Pienso para Perros Adultos Medianos y grandes, Sin cereales, con Salm\u00f3n sin espinas, 12kg","og_url":"https:\/\/mundoanimalito.com\/index.php\/natures-variety-original-no-grain\/","og_site_name":"Mundo Animalito","article_publisher":"https:\/\/www.facebook.com\/mundoanimalito77","article_modified_time":"2024-09-09T23:04:11+00:00","og_image":[{"url":"https:\/\/mundoanimalito.com\/wp-content\/uploads\/2024\/03\/71Mm3CEJ7L._AC_SL1500_-591x1024.jpg","type":"","width":"","height":""}],"twitter_card":"summary_large_image","twitter_misc":{"Tiempo de lectura":"3 minutos"},"schema":{"@context":"https:\/\/schema.org","@graph":[{"@type":"WebPage","@id":"https:\/\/mundoanimalito.com\/index.php\/natures-variety-original-no-grain\/","url":"https:\/\/mundoanimalito.com\/index.php\/natures-variety-original-no-grain\/","name":"Nature's Variety Original No Grain, Pienso para Perros Adultos | Mundo Animalito","isPartOf":{"@id":"https:\/\/mundoanimalito.com\/#website"},"primaryImageOfPage":{"@id":"https:\/\/mundoanimalito.com\/index.php\/natures-variety-original-no-grain\/#primaryimage"},"image":{"@id":"https:\/\/mundoanimalito.com\/index.php\/natures-variety-original-no-grain\/#primaryimage"},"thumbnailUrl":"https:\/\/mundoanimalito.com\/wp-content\/uploads\/2024\/03\/71Mm3CEJ7L._AC_SL1500_-591x1024.jpg","datePublished":"2024-03-21T13:35:27+00:00","dateModified":"2024-09-09T23:04:11+00:00","description":"Nature's Variety Original No Grain, Pienso para Perros Adultos Medianos y grandes, Sin cereales, con Salm\u00f3n sin espinas, 12kg","breadcrumb":{"@id":"https:\/\/mundoanimalito.com\/index.php\/natures-variety-original-no-grain\/#breadcrumb"},"inLanguage":"es","potentialAction":[{"@type":"ReadAction","target":["https:\/\/mundoanimalito.com\/index.php\/natures-variety-original-no-grain\/"]}]},{"@type":"ImageObject","inLanguage":"es","@id":"https:\/\/mundoanimalito.com\/index.php\/natures-variety-original-no-grain\/#primaryimage","url":"https:\/\/mundoanimalito.com\/wp-content\/uploads\/2024\/03\/71Mm3CEJ7L._AC_SL1500_.jpg","contentUrl":"https:\/\/mundoanimalito.com\/wp-content\/uploads\/2024\/03\/71Mm3CEJ7L._AC_SL1500_.jpg","width":865,"height":1500,"caption":"Nature's Variety Original No Grain, Pienso para Perros Adultos Medianos y grandes, Sin cereales, con Salm\u00f3n sin espinas, 12kg"},{"@type":"BreadcrumbList","@id":"https:\/\/mundoanimalito.com\/index.php\/natures-variety-original-no-grain\/#breadcrumb","itemListElement":[{"@type":"ListItem","position":1,"name":"Portada","item":"https:\/\/mundoanimalito.com\/"},{"@type":"ListItem","position":2,"name":"Nature&#8217;s Variety Original No Grain"}]},{"@type":"WebSite","@id":"https:\/\/mundoanimalito.com\/#website","url":"https:\/\/mundoanimalito.com\/","name":"Mundo Animalito","description":"Datos y curiosidades de los animales, encuentra ac\u00e1 todo para tu mascota","publisher":{"@id":"https:\/\/mundoanimalito.com\/#organization"},"potentialAction":[{"@type":"SearchAction","target":{"@type":"EntryPoint","urlTemplate":"https:\/\/mundoanimalito.com\/?s={search_term_string}"},"query-input":{"@type":"PropertyValueSpecification","valueRequired":true,"valueName":"search_term_string"}}],"inLanguage":"es"},{"@type":"Organization","@id":"https:\/\/mundoanimalito.com\/#organization","name":"Mundo Animalito","url":"https:\/\/mundoanimalito.com\/","logo":{"@type":"ImageObject","inLanguage":"es","@id":"https:\/\/mundoanimalito.com\/#\/schema\/logo\/image\/","url":"https:\/\/mundoanimalito.com\/wp-content\/uploads\/2023\/10\/cropped-cropped-LOGO-OFICIAL-ULTIMA-VERSION-1.jpg","contentUrl":"https:\/\/mundoanimalito.com\/wp-content\/uploads\/2023\/10\/cropped-cropped-LOGO-OFICIAL-ULTIMA-VERSION-1.jpg","width":374,"height":425,"caption":"Mundo Animalito"},"image":{"@id":"https:\/\/mundoanimalito.com\/#\/schema\/logo\/image\/"},"sameAs":["https:\/\/www.facebook.com\/mundoanimalito77","https:\/\/www.instagram.com\/mundoanimalito77\/","https:\/\/www.tiktok.com\/@mundoanimalito77","https:\/\/www.youtube.com\/channel\/UCLo2JhNUNtHVraDt5aHadew"]}]}},"_links":{"self":[{"href":"https:\/\/mundoanimalito.com\/index.php\/wp-json\/wp\/v2\/pages\/16730","targetHints":{"allow":["GET"]}}],"collection":[{"href":"https:\/\/mundoanimalito.com\/index.php\/wp-json\/wp\/v2\/pages"}],"about":[{"href":"https:\/\/mundoanimalito.com\/index.php\/wp-json\/wp\/v2\/types\/page"}],"author":[{"embeddable":true,"href":"https:\/\/mundoanimalito.com\/index.php\/wp-json\/wp\/v2\/users\/1"}],"replies":[{"embeddable":true,"href":"https:\/\/mundoanimalito.com\/index.php\/wp-json\/wp\/v2\/comments?post=16730"}],"version-history":[{"count":0,"href":"https:\/\/mundoanimalito.com\/index.php\/wp-json\/wp\/v2\/pages\/16730\/revisions"}],"wp:attachment":[{"href":"https:\/\/mundoanimalito.com\/index.php\/wp-json\/wp\/v2\/media?parent=16730"}],"curies":[{"name":"wp","href":"https:\/\/api.w.org\/{rel}","templated":true}]}}