{"id":16570,"date":"2024-03-20T16:33:29","date_gmt":"2024-03-20T21:33:29","guid":{"rendered":"https:\/\/mundoanimalito.com\/?page_id=16570"},"modified":"2024-09-04T17:29:05","modified_gmt":"2024-09-04T22:29:05","slug":"eukanuba-alimento-seco-para-perros-maduros-de-raza-grande","status":"publish","type":"page","link":"https:\/\/mundoanimalito.com\/index.php\/eukanuba-alimento-seco-para-perros-maduros-de-raza-grande\/","title":{"rendered":"EUKANUBA Alimento seco para perros maduros de raza grande"},"content":{"rendered":"\t\t<div data-elementor-type=\"wp-page\" data-elementor-id=\"16570\" class=\"elementor elementor-16570\" data-elementor-post-type=\"page\">\n\t\t\t\t<div class=\"elementor-element elementor-element-9cd4ec3 e-flex e-con-boxed e-con e-parent\" data-id=\"9cd4ec3\" data-element_type=\"container\" data-e-type=\"container\">\n\t\t\t\t\t<div class=\"e-con-inner\">\n\t\t\t\t<div class=\"elementor-element elementor-element-1158b47 elementor-widget elementor-widget-heading\" data-id=\"1158b47\" data-element_type=\"widget\" data-e-type=\"widget\" data-widget_type=\"heading.default\">\n\t\t\t\t<div class=\"elementor-widget-container\">\n\t\t\t\t\t<h2 class=\"elementor-heading-title elementor-size-default\">\u00a1Dale a tu perro maduro de raza grande el cuidado que se merece con EUKANUBA! Este alimento seco est\u00e1 especialmente formulado <\/h2>\t\t\t\t<\/div>\n\t\t\t\t<\/div>\n\t\t\t\t\t<\/div>\n\t\t\t\t<\/div>\n\t\t<div class=\"elementor-element elementor-element-489549f e-flex e-con-boxed e-con e-parent\" data-id=\"489549f\" data-element_type=\"container\" data-e-type=\"container\">\n\t\t\t\t\t<div class=\"e-con-inner\">\n\t\t<div class=\"elementor-element elementor-element-c14307d e-con-full e-flex e-con e-child\" data-id=\"c14307d\" data-element_type=\"container\" data-e-type=\"container\">\n\t\t\t\t<div class=\"elementor-element elementor-element-e9de210 elementor-widget elementor-widget-image\" data-id=\"e9de210\" data-element_type=\"widget\" data-e-type=\"widget\" data-widget_type=\"image.default\">\n\t\t\t\t<div class=\"elementor-widget-container\">\n\t\t\t\t\t\t\t\t\t\t\t\t\t\t\t\t<a href=\"https:\/\/amzn.to\/4a6uiJh\">\n\t\t\t\t\t\t\t<img fetchpriority=\"high\" decoding=\"async\" width=\"616\" height=\"1024\" src=\"https:\/\/mundoanimalito.com\/wp-content\/uploads\/2024\/03\/81PHWVFEplL._AC_SL1500_-616x1024.jpg\" class=\"attachment-large size-large wp-image-16547\" alt=\"EUKANUBA Alimento seco para perros maduros de raza grande, rico en pollo fresco 15 kg\" srcset=\"https:\/\/mundoanimalito.com\/wp-content\/uploads\/2024\/03\/81PHWVFEplL._AC_SL1500_-616x1024.jpg 616w, https:\/\/mundoanimalito.com\/wp-content\/uploads\/2024\/03\/81PHWVFEplL._AC_SL1500_-180x300.jpg 180w, https:\/\/mundoanimalito.com\/wp-content\/uploads\/2024\/03\/81PHWVFEplL._AC_SL1500_-768x1277.jpg 768w, https:\/\/mundoanimalito.com\/wp-content\/uploads\/2024\/03\/81PHWVFEplL._AC_SL1500_.jpg 902w\" sizes=\"(max-width: 616px) 100vw, 616px\" \/>\t\t\t\t\t\t\t\t<\/a>\n\t\t\t\t\t\t\t\t\t\t\t\t\t\t\t<\/div>\n\t\t\t\t<\/div>\n\t\t\t\t<\/div>\n\t\t<div class=\"elementor-element elementor-element-c9b7908 e-con-full e-flex e-con e-child\" data-id=\"c9b7908\" data-element_type=\"container\" data-e-type=\"container\">\n\t\t\t\t<div class=\"elementor-element elementor-element-305ca25 elementor-widget elementor-widget-text-editor\" data-id=\"305ca25\" data-element_type=\"widget\" data-e-type=\"widget\" data-widget_type=\"text-editor.default\">\n\t\t\t\t<div class=\"elementor-widget-container\">\n\t\t\t\t\t\t\t\t\t<p>\ud83c\udf57 <strong>Rico en pollo fresco:<\/strong> El 15% de pollo fresco proporciona prote\u00ednas de alta calidad y f\u00e1cil digesti\u00f3n, ayudando a mantener la masa muscular magra y la vitalidad de tu perro.<\/p><p>\u00a0<\/p><p>\ud83e\uddb4 <strong>Articulaciones y huesos fuertes:<\/strong> Con glucosamina, sulfato de condroitina y calcio, esta f\u00f3rmula ayuda a mantener las articulaciones saludables y los huesos fuertes, proporcionando a tu perro la movilidad que necesita para disfrutar de cada momento.<\/p><p>\u00a0<\/p><p>\ud83e\uddb7 <strong>Dientes limpios y sanos:<\/strong> La forma especial de croqueta con DentaDefense estimula la salud dental, ayudando a prevenir la acumulaci\u00f3n de placa y el desarrollo de problemas dentales.<\/p><p>\u00a0<\/p><p>\ud83e\udd66 <strong>Digesti\u00f3n saludable:<\/strong> Los prebi\u00f3ticos FOS y la pulpa de remolacha favorecen una digesti\u00f3n sana, asegurando que tu perro absorba todos los nutrientes necesarios para mantenerse en \u00f3ptimas condiciones.<\/p><p>\u00a0<\/p><p>\u2696\ufe0f <strong>Control de peso:<\/strong> Con L-carnitina, este alimento contribuye al metabolismo de las grasas, ayudando a tu perro a mantener un peso corporal saludable y una condici\u00f3n f\u00edsica \u00f3ptima.<\/p><p>\u00a0<\/p><p>\ud83d\udcaa <strong>Refuerzo inmunol\u00f3gico:<\/strong> Las vitaminas E y C, junto con antioxidantes naturales, fortalecen el sistema inmunol\u00f3gico de tu perro, protegi\u00e9ndolo contra enfermedades y manteni\u00e9ndolo activo y saludable.<\/p><p>\u00a0<\/p><p>Brinda a tu perro maduro de raza grande el cuidado completo que necesita con EUKANUBA. \u00a1Hazte con \u00e9l hoy y asegura una vida larga y feliz para tu fiel amigo peludo!<\/p>\t\t\t\t\t\t\t\t<\/div>\n\t\t\t\t<\/div>\n\t\t\t\t<div class=\"elementor-element elementor-element-6ab3d7f elementor-align-right elementor-widget elementor-widget-button\" data-id=\"6ab3d7f\" data-element_type=\"widget\" data-e-type=\"widget\" data-widget_type=\"button.default\">\n\t\t\t\t<div class=\"elementor-widget-container\">\n\t\t\t\t\t\t\t\t\t<div class=\"elementor-button-wrapper\">\n\t\t\t\t\t<a class=\"elementor-button elementor-button-link elementor-size-sm\" href=\"https:\/\/amzn.to\/4a6uiJh\">\n\t\t\t\t\t\t<span class=\"elementor-button-content-wrapper\">\n\t\t\t\t\t\t\t\t\t<span class=\"elementor-button-text\">Compra ahora en Amazon<\/span>\n\t\t\t\t\t<\/span>\n\t\t\t\t\t<\/a>\n\t\t\t\t<\/div>\n\t\t\t\t\t\t\t\t<\/div>\n\t\t\t\t<\/div>\n\t\t\t\t<\/div>\n\t\t\t\t\t<\/div>\n\t\t\t\t<\/div>\n\t\t<div class=\"elementor-element elementor-element-36a2719 e-flex e-con-boxed e-con e-parent\" data-id=\"36a2719\" data-element_type=\"container\" data-e-type=\"container\">\n\t\t\t\t\t<div class=\"e-con-inner\">\n\t\t\t\t<div class=\"elementor-element elementor-element-76a7590 elementor-arrows-position-inside elementor-pagination-position-outside elementor-widget elementor-widget-image-carousel\" data-id=\"76a7590\" data-element_type=\"widget\" data-e-type=\"widget\" data-settings=\"{&quot;slides_to_show&quot;:&quot;1&quot;,&quot;navigation&quot;:&quot;both&quot;,&quot;autoplay&quot;:&quot;yes&quot;,&quot;pause_on_hover&quot;:&quot;yes&quot;,&quot;pause_on_interaction&quot;:&quot;yes&quot;,&quot;autoplay_speed&quot;:5000,&quot;infinite&quot;:&quot;yes&quot;,&quot;effect&quot;:&quot;slide&quot;,&quot;speed&quot;:500}\" data-widget_type=\"image-carousel.default\">\n\t\t\t\t<div class=\"elementor-widget-container\">\n\t\t\t\t\t\t\t<div class=\"elementor-image-carousel-wrapper swiper\" role=\"region\" aria-roledescription=\"carousel\" aria-label=\"Carrusel de im\u00e1genes\" dir=\"ltr\">\n\t\t\t<div class=\"elementor-image-carousel swiper-wrapper\" aria-live=\"off\">\n\t\t\t\t\t\t\t\t<div class=\"swiper-slide\" role=\"group\" aria-roledescription=\"slide\" aria-label=\"1 de 5\"><figure class=\"swiper-slide-inner\"><img decoding=\"async\" class=\"swiper-slide-image\" src=\"https:\/\/mundoanimalito.com\/wp-content\/uploads\/2024\/03\/71MxuOblQnL._AC_SL1500_.jpg\" alt=\"EUKANUBA Alimento seco para perros maduros de raza grande, rico en pollo fresco 15 kg\" \/><\/figure><\/div><div class=\"swiper-slide\" role=\"group\" aria-roledescription=\"slide\" aria-label=\"2 de 5\"><figure class=\"swiper-slide-inner\"><img decoding=\"async\" class=\"swiper-slide-image\" src=\"https:\/\/mundoanimalito.com\/wp-content\/uploads\/2024\/03\/818vMUa4ZL._AC_SL1500_.jpg\" alt=\"EUKANUBA Alimento seco para perros maduros de raza grande, rico en pollo fresco 15 kg\" \/><\/figure><\/div><div class=\"swiper-slide\" role=\"group\" aria-roledescription=\"slide\" aria-label=\"3 de 5\"><figure class=\"swiper-slide-inner\"><img decoding=\"async\" class=\"swiper-slide-image\" src=\"https:\/\/mundoanimalito.com\/wp-content\/uploads\/2024\/03\/81rGzp7MCFS._AC_SL1500_-768x768.jpg\" alt=\"EUKANUBA Alimento seco para perros maduros de raza grande, rico en pollo fresco 15 kg\" \/><\/figure><\/div><div class=\"swiper-slide\" role=\"group\" aria-roledescription=\"slide\" aria-label=\"4 de 5\"><figure class=\"swiper-slide-inner\"><img decoding=\"async\" class=\"swiper-slide-image\" src=\"https:\/\/mundoanimalito.com\/wp-content\/uploads\/2024\/03\/81M65f4xszL._AC_SL1500_-768x868.jpg\" alt=\"EUKANUBA Alimento seco para perros maduros de raza grande, rico en pollo fresco 15 kg\" \/><\/figure><\/div><div class=\"swiper-slide\" role=\"group\" aria-roledescription=\"slide\" aria-label=\"5 de 5\"><figure class=\"swiper-slide-inner\"><img decoding=\"async\" class=\"swiper-slide-image\" src=\"https:\/\/mundoanimalito.com\/wp-content\/uploads\/2024\/03\/91w25crQ7JL._AC_SL1500_-768x768.jpg\" alt=\"EUKANUBA Alimento seco para perros maduros de raza grande, rico en pollo fresco 15 kg\" \/><\/figure><\/div>\t\t\t<\/div>\n\t\t\t\t\t\t\t\t\t\t\t\t<div class=\"elementor-swiper-button elementor-swiper-button-prev\" role=\"button\" tabindex=\"0\">\n\t\t\t\t\t\t<i aria-hidden=\"true\" class=\"eicon-chevron-left\"><\/i>\t\t\t\t\t<\/div>\n\t\t\t\t\t<div class=\"elementor-swiper-button elementor-swiper-button-next\" role=\"button\" tabindex=\"0\">\n\t\t\t\t\t\t<i aria-hidden=\"true\" class=\"eicon-chevron-right\"><\/i>\t\t\t\t\t<\/div>\n\t\t\t\t\n\t\t\t\t\t\t\t\t\t<div class=\"swiper-pagination\"><\/div>\n\t\t\t\t\t\t\t\t\t<\/div>\n\t\t\t\t\t\t<\/div>\n\t\t\t\t<\/div>\n\t\t\t\t\t<\/div>\n\t\t\t\t<\/div>\n\t\t<div class=\"elementor-element elementor-element-7badd11 e-flex e-con-boxed e-con e-parent\" data-id=\"7badd11\" data-element_type=\"container\" data-e-type=\"container\">\n\t\t\t\t\t<div class=\"e-con-inner\">\n\t\t\t\t<div class=\"elementor-element elementor-element-cf1f9d9 elementor-align-right elementor-widget elementor-widget-button\" data-id=\"cf1f9d9\" data-element_type=\"widget\" data-e-type=\"widget\" data-widget_type=\"button.default\">\n\t\t\t\t<div class=\"elementor-widget-container\">\n\t\t\t\t\t\t\t\t\t<div class=\"elementor-button-wrapper\">\n\t\t\t\t\t<a class=\"elementor-button elementor-button-link elementor-size-sm\" href=\"https:\/\/amzn.to\/4a6uiJh\">\n\t\t\t\t\t\t<span class=\"elementor-button-content-wrapper\">\n\t\t\t\t\t\t\t\t\t<span class=\"elementor-button-text\">Compra ahora en Amazon<\/span>\n\t\t\t\t\t<\/span>\n\t\t\t\t\t<\/a>\n\t\t\t\t<\/div>\n\t\t\t\t\t\t\t\t<\/div>\n\t\t\t\t<\/div>\n\t\t\t\t\t<\/div>\n\t\t\t\t<\/div>\n\t\t\t\t<\/div>\n\t\t","protected":false},"excerpt":{"rendered":"<p>\u00a1Dale a tu perro maduro de raza grande el cuidado que se merece con EUKANUBA! Este alimento seco est\u00e1 especialmente formulado \ud83c\udf57 Rico en pollo fresco: El 15% de pollo fresco proporciona prote\u00ednas de alta calidad y f\u00e1cil digesti\u00f3n, ayudando a mantener la masa muscular magra y la vitalidad de tu perro. \u00a0 \ud83e\uddb4 Articulaciones [&hellip;]<\/p>\n","protected":false},"author":1,"featured_media":0,"parent":0,"menu_order":0,"comment_status":"closed","ping_status":"closed","template":"","meta":{"site-sidebar-layout":"no-sidebar","site-content-layout":"page-builder","ast-site-content-layout":"full-width-container","site-content-style":"default","site-sidebar-style":"default","ast-global-header-display":"","ast-banner-title-visibility":"","ast-main-header-display":"","ast-hfb-above-header-display":"","ast-hfb-below-header-display":"","ast-hfb-mobile-header-display":"","site-post-title":"disabled","ast-breadcrumbs-content":"","ast-featured-img":"disabled","footer-sml-layout":"","ast-disable-related-posts":"","theme-transparent-header-meta":"","adv-header-id-meta":"","stick-header-meta":"","header-above-stick-meta":"","header-main-stick-meta":"","header-below-stick-meta":"","astra-migrate-meta-layouts":"set","ast-page-background-enabled":"default","ast-page-background-meta":{"desktop":{"background-color":"var(--ast-global-color-4)","background-image":"","background-repeat":"repeat","background-position":"center center","background-size":"auto","background-attachment":"scroll","background-type":"","background-media":"","overlay-type":"","overlay-color":"","overlay-opacity":"","overlay-gradient":""},"tablet":{"background-color":"","background-image":"","background-repeat":"repeat","background-position":"center center","background-size":"auto","background-attachment":"scroll","background-type":"","background-media":"","overlay-type":"","overlay-color":"","overlay-opacity":"","overlay-gradient":""},"mobile":{"background-color":"","background-image":"","background-repeat":"repeat","background-position":"center center","background-size":"auto","background-attachment":"scroll","background-type":"","background-media":"","overlay-type":"","overlay-color":"","overlay-opacity":"","overlay-gradient":""}},"ast-content-background-meta":{"desktop":{"background-color":"var(--ast-global-color-5)","background-image":"","background-repeat":"repeat","background-position":"center center","background-size":"auto","background-attachment":"scroll","background-type":"","background-media":"","overlay-type":"","overlay-color":"","overlay-opacity":"","overlay-gradient":""},"tablet":{"background-color":"var(--ast-global-color-5)","background-image":"","background-repeat":"repeat","background-position":"center center","background-size":"auto","background-attachment":"scroll","background-type":"","background-media":"","overlay-type":"","overlay-color":"","overlay-opacity":"","overlay-gradient":""},"mobile":{"background-color":"var(--ast-global-color-5)","background-image":"","background-repeat":"repeat","background-position":"center center","background-size":"auto","background-attachment":"scroll","background-type":"","background-media":"","overlay-type":"","overlay-color":"","overlay-opacity":"","overlay-gradient":""}},"footnotes":""},"class_list":["post-16570","page","type-page","status-publish","hentry"],"yoast_head":"<!-- This site is optimized with the Yoast SEO plugin v27.4 - https:\/\/yoast.com\/product\/yoast-seo-wordpress\/ -->\n<title>EUKANUBA Alimento Seco para Perros Maduros de Raza Grande | Mundo Animalito<\/title>\n<meta name=\"description\" content=\"\u00a1Dale a tu perro maduro de raza grande el cuidado que se merece con EUKANUBA! Este alimento seco est\u00e1 especialmente formulado\" \/>\n<meta name=\"robots\" content=\"index, follow, max-snippet:-1, max-image-preview:large, max-video-preview:-1\" \/>\n<link rel=\"canonical\" href=\"https:\/\/mundoanimalito.com\/index.php\/eukanuba-alimento-seco-para-perros-maduros-de-raza-grande\/\" \/>\n<meta property=\"og:locale\" content=\"es_ES\" \/>\n<meta property=\"og:type\" content=\"article\" \/>\n<meta property=\"og:title\" content=\"EUKANUBA Alimento Seco para Perros Maduros de Raza Grande | Mundo Animalito\" \/>\n<meta property=\"og:description\" content=\"\u00a1Dale a tu perro maduro de raza grande el cuidado que se merece con EUKANUBA! Este alimento seco est\u00e1 especialmente formulado\" \/>\n<meta property=\"og:url\" content=\"https:\/\/mundoanimalito.com\/index.php\/eukanuba-alimento-seco-para-perros-maduros-de-raza-grande\/\" \/>\n<meta property=\"og:site_name\" content=\"Mundo Animalito\" \/>\n<meta property=\"article:publisher\" content=\"https:\/\/www.facebook.com\/mundoanimalito77\" \/>\n<meta property=\"article:modified_time\" content=\"2024-09-04T22:29:05+00:00\" \/>\n<meta property=\"og:image\" content=\"https:\/\/mundoanimalito.com\/wp-content\/uploads\/2024\/03\/81PHWVFEplL._AC_SL1500_-616x1024.jpg\" \/>\n<meta name=\"twitter:card\" content=\"summary_large_image\" \/>\n<meta name=\"twitter:label1\" content=\"Tiempo de lectura\" \/>\n\t<meta name=\"twitter:data1\" content=\"3 minutos\" \/>\n<script type=\"application\/ld+json\" class=\"yoast-schema-graph\">{\"@context\":\"https:\\\/\\\/schema.org\",\"@graph\":[{\"@type\":\"WebPage\",\"@id\":\"https:\\\/\\\/mundoanimalito.com\\\/index.php\\\/eukanuba-alimento-seco-para-perros-maduros-de-raza-grande\\\/\",\"url\":\"https:\\\/\\\/mundoanimalito.com\\\/index.php\\\/eukanuba-alimento-seco-para-perros-maduros-de-raza-grande\\\/\",\"name\":\"EUKANUBA Alimento Seco para Perros Maduros de Raza Grande | Mundo Animalito\",\"isPartOf\":{\"@id\":\"https:\\\/\\\/mundoanimalito.com\\\/#website\"},\"primaryImageOfPage\":{\"@id\":\"https:\\\/\\\/mundoanimalito.com\\\/index.php\\\/eukanuba-alimento-seco-para-perros-maduros-de-raza-grande\\\/#primaryimage\"},\"image\":{\"@id\":\"https:\\\/\\\/mundoanimalito.com\\\/index.php\\\/eukanuba-alimento-seco-para-perros-maduros-de-raza-grande\\\/#primaryimage\"},\"thumbnailUrl\":\"https:\\\/\\\/mundoanimalito.com\\\/wp-content\\\/uploads\\\/2024\\\/03\\\/81PHWVFEplL._AC_SL1500_-616x1024.jpg\",\"datePublished\":\"2024-03-20T21:33:29+00:00\",\"dateModified\":\"2024-09-04T22:29:05+00:00\",\"description\":\"\u00a1Dale a tu perro maduro de raza grande el cuidado que se merece con EUKANUBA! Este alimento seco est\u00e1 especialmente formulado\",\"breadcrumb\":{\"@id\":\"https:\\\/\\\/mundoanimalito.com\\\/index.php\\\/eukanuba-alimento-seco-para-perros-maduros-de-raza-grande\\\/#breadcrumb\"},\"inLanguage\":\"es\",\"potentialAction\":[{\"@type\":\"ReadAction\",\"target\":[\"https:\\\/\\\/mundoanimalito.com\\\/index.php\\\/eukanuba-alimento-seco-para-perros-maduros-de-raza-grande\\\/\"]}]},{\"@type\":\"ImageObject\",\"inLanguage\":\"es\",\"@id\":\"https:\\\/\\\/mundoanimalito.com\\\/index.php\\\/eukanuba-alimento-seco-para-perros-maduros-de-raza-grande\\\/#primaryimage\",\"url\":\"https:\\\/\\\/mundoanimalito.com\\\/wp-content\\\/uploads\\\/2024\\\/03\\\/81PHWVFEplL._AC_SL1500_.jpg\",\"contentUrl\":\"https:\\\/\\\/mundoanimalito.com\\\/wp-content\\\/uploads\\\/2024\\\/03\\\/81PHWVFEplL._AC_SL1500_.jpg\",\"width\":902,\"height\":1500,\"caption\":\"EUKANUBA Alimento seco para perros maduros de raza grande, rico en pollo fresco 15 kg\"},{\"@type\":\"BreadcrumbList\",\"@id\":\"https:\\\/\\\/mundoanimalito.com\\\/index.php\\\/eukanuba-alimento-seco-para-perros-maduros-de-raza-grande\\\/#breadcrumb\",\"itemListElement\":[{\"@type\":\"ListItem\",\"position\":1,\"name\":\"Portada\",\"item\":\"https:\\\/\\\/mundoanimalito.com\\\/\"},{\"@type\":\"ListItem\",\"position\":2,\"name\":\"EUKANUBA Alimento seco para perros maduros de raza grande\"}]},{\"@type\":\"WebSite\",\"@id\":\"https:\\\/\\\/mundoanimalito.com\\\/#website\",\"url\":\"https:\\\/\\\/mundoanimalito.com\\\/\",\"name\":\"Mundo Animalito\",\"description\":\"Datos y curiosidades de los animales, encuentra ac\u00e1 todo para tu mascota\",\"publisher\":{\"@id\":\"https:\\\/\\\/mundoanimalito.com\\\/#organization\"},\"potentialAction\":[{\"@type\":\"SearchAction\",\"target\":{\"@type\":\"EntryPoint\",\"urlTemplate\":\"https:\\\/\\\/mundoanimalito.com\\\/?s={search_term_string}\"},\"query-input\":{\"@type\":\"PropertyValueSpecification\",\"valueRequired\":true,\"valueName\":\"search_term_string\"}}],\"inLanguage\":\"es\"},{\"@type\":\"Organization\",\"@id\":\"https:\\\/\\\/mundoanimalito.com\\\/#organization\",\"name\":\"Mundo Animalito\",\"url\":\"https:\\\/\\\/mundoanimalito.com\\\/\",\"logo\":{\"@type\":\"ImageObject\",\"inLanguage\":\"es\",\"@id\":\"https:\\\/\\\/mundoanimalito.com\\\/#\\\/schema\\\/logo\\\/image\\\/\",\"url\":\"https:\\\/\\\/mundoanimalito.com\\\/wp-content\\\/uploads\\\/2023\\\/10\\\/cropped-cropped-LOGO-OFICIAL-ULTIMA-VERSION-1.jpg\",\"contentUrl\":\"https:\\\/\\\/mundoanimalito.com\\\/wp-content\\\/uploads\\\/2023\\\/10\\\/cropped-cropped-LOGO-OFICIAL-ULTIMA-VERSION-1.jpg\",\"width\":374,\"height\":425,\"caption\":\"Mundo Animalito\"},\"image\":{\"@id\":\"https:\\\/\\\/mundoanimalito.com\\\/#\\\/schema\\\/logo\\\/image\\\/\"},\"sameAs\":[\"https:\\\/\\\/www.facebook.com\\\/mundoanimalito77\",\"https:\\\/\\\/www.instagram.com\\\/mundoanimalito77\\\/\",\"https:\\\/\\\/www.tiktok.com\\\/@mundoanimalito77\",\"https:\\\/\\\/www.youtube.com\\\/channel\\\/UCLo2JhNUNtHVraDt5aHadew\"]}]}<\/script>\n<!-- \/ Yoast SEO plugin. -->","yoast_head_json":{"title":"EUKANUBA Alimento Seco para Perros Maduros de Raza Grande | Mundo Animalito","description":"\u00a1Dale a tu perro maduro de raza grande el cuidado que se merece con EUKANUBA! Este alimento seco est\u00e1 especialmente formulado","robots":{"index":"index","follow":"follow","max-snippet":"max-snippet:-1","max-image-preview":"max-image-preview:large","max-video-preview":"max-video-preview:-1"},"canonical":"https:\/\/mundoanimalito.com\/index.php\/eukanuba-alimento-seco-para-perros-maduros-de-raza-grande\/","og_locale":"es_ES","og_type":"article","og_title":"EUKANUBA Alimento Seco para Perros Maduros de Raza Grande | Mundo Animalito","og_description":"\u00a1Dale a tu perro maduro de raza grande el cuidado que se merece con EUKANUBA! Este alimento seco est\u00e1 especialmente formulado","og_url":"https:\/\/mundoanimalito.com\/index.php\/eukanuba-alimento-seco-para-perros-maduros-de-raza-grande\/","og_site_name":"Mundo Animalito","article_publisher":"https:\/\/www.facebook.com\/mundoanimalito77","article_modified_time":"2024-09-04T22:29:05+00:00","og_image":[{"url":"https:\/\/mundoanimalito.com\/wp-content\/uploads\/2024\/03\/81PHWVFEplL._AC_SL1500_-616x1024.jpg","type":"","width":"","height":""}],"twitter_card":"summary_large_image","twitter_misc":{"Tiempo de lectura":"3 minutos"},"schema":{"@context":"https:\/\/schema.org","@graph":[{"@type":"WebPage","@id":"https:\/\/mundoanimalito.com\/index.php\/eukanuba-alimento-seco-para-perros-maduros-de-raza-grande\/","url":"https:\/\/mundoanimalito.com\/index.php\/eukanuba-alimento-seco-para-perros-maduros-de-raza-grande\/","name":"EUKANUBA Alimento Seco para Perros Maduros de Raza Grande | Mundo Animalito","isPartOf":{"@id":"https:\/\/mundoanimalito.com\/#website"},"primaryImageOfPage":{"@id":"https:\/\/mundoanimalito.com\/index.php\/eukanuba-alimento-seco-para-perros-maduros-de-raza-grande\/#primaryimage"},"image":{"@id":"https:\/\/mundoanimalito.com\/index.php\/eukanuba-alimento-seco-para-perros-maduros-de-raza-grande\/#primaryimage"},"thumbnailUrl":"https:\/\/mundoanimalito.com\/wp-content\/uploads\/2024\/03\/81PHWVFEplL._AC_SL1500_-616x1024.jpg","datePublished":"2024-03-20T21:33:29+00:00","dateModified":"2024-09-04T22:29:05+00:00","description":"\u00a1Dale a tu perro maduro de raza grande el cuidado que se merece con EUKANUBA! Este alimento seco est\u00e1 especialmente formulado","breadcrumb":{"@id":"https:\/\/mundoanimalito.com\/index.php\/eukanuba-alimento-seco-para-perros-maduros-de-raza-grande\/#breadcrumb"},"inLanguage":"es","potentialAction":[{"@type":"ReadAction","target":["https:\/\/mundoanimalito.com\/index.php\/eukanuba-alimento-seco-para-perros-maduros-de-raza-grande\/"]}]},{"@type":"ImageObject","inLanguage":"es","@id":"https:\/\/mundoanimalito.com\/index.php\/eukanuba-alimento-seco-para-perros-maduros-de-raza-grande\/#primaryimage","url":"https:\/\/mundoanimalito.com\/wp-content\/uploads\/2024\/03\/81PHWVFEplL._AC_SL1500_.jpg","contentUrl":"https:\/\/mundoanimalito.com\/wp-content\/uploads\/2024\/03\/81PHWVFEplL._AC_SL1500_.jpg","width":902,"height":1500,"caption":"EUKANUBA Alimento seco para perros maduros de raza grande, rico en pollo fresco 15 kg"},{"@type":"BreadcrumbList","@id":"https:\/\/mundoanimalito.com\/index.php\/eukanuba-alimento-seco-para-perros-maduros-de-raza-grande\/#breadcrumb","itemListElement":[{"@type":"ListItem","position":1,"name":"Portada","item":"https:\/\/mundoanimalito.com\/"},{"@type":"ListItem","position":2,"name":"EUKANUBA Alimento seco para perros maduros de raza grande"}]},{"@type":"WebSite","@id":"https:\/\/mundoanimalito.com\/#website","url":"https:\/\/mundoanimalito.com\/","name":"Mundo Animalito","description":"Datos y curiosidades de los animales, encuentra ac\u00e1 todo para tu mascota","publisher":{"@id":"https:\/\/mundoanimalito.com\/#organization"},"potentialAction":[{"@type":"SearchAction","target":{"@type":"EntryPoint","urlTemplate":"https:\/\/mundoanimalito.com\/?s={search_term_string}"},"query-input":{"@type":"PropertyValueSpecification","valueRequired":true,"valueName":"search_term_string"}}],"inLanguage":"es"},{"@type":"Organization","@id":"https:\/\/mundoanimalito.com\/#organization","name":"Mundo Animalito","url":"https:\/\/mundoanimalito.com\/","logo":{"@type":"ImageObject","inLanguage":"es","@id":"https:\/\/mundoanimalito.com\/#\/schema\/logo\/image\/","url":"https:\/\/mundoanimalito.com\/wp-content\/uploads\/2023\/10\/cropped-cropped-LOGO-OFICIAL-ULTIMA-VERSION-1.jpg","contentUrl":"https:\/\/mundoanimalito.com\/wp-content\/uploads\/2023\/10\/cropped-cropped-LOGO-OFICIAL-ULTIMA-VERSION-1.jpg","width":374,"height":425,"caption":"Mundo Animalito"},"image":{"@id":"https:\/\/mundoanimalito.com\/#\/schema\/logo\/image\/"},"sameAs":["https:\/\/www.facebook.com\/mundoanimalito77","https:\/\/www.instagram.com\/mundoanimalito77\/","https:\/\/www.tiktok.com\/@mundoanimalito77","https:\/\/www.youtube.com\/channel\/UCLo2JhNUNtHVraDt5aHadew"]}]}},"_links":{"self":[{"href":"https:\/\/mundoanimalito.com\/index.php\/wp-json\/wp\/v2\/pages\/16570","targetHints":{"allow":["GET"]}}],"collection":[{"href":"https:\/\/mundoanimalito.com\/index.php\/wp-json\/wp\/v2\/pages"}],"about":[{"href":"https:\/\/mundoanimalito.com\/index.php\/wp-json\/wp\/v2\/types\/page"}],"author":[{"embeddable":true,"href":"https:\/\/mundoanimalito.com\/index.php\/wp-json\/wp\/v2\/users\/1"}],"replies":[{"embeddable":true,"href":"https:\/\/mundoanimalito.com\/index.php\/wp-json\/wp\/v2\/comments?post=16570"}],"version-history":[{"count":0,"href":"https:\/\/mundoanimalito.com\/index.php\/wp-json\/wp\/v2\/pages\/16570\/revisions"}],"wp:attachment":[{"href":"https:\/\/mundoanimalito.com\/index.php\/wp-json\/wp\/v2\/media?parent=16570"}],"curies":[{"name":"wp","href":"https:\/\/api.w.org\/{rel}","templated":true}]}}