{"id":16364,"date":"2024-03-20T09:28:47","date_gmt":"2024-03-20T14:28:47","guid":{"rendered":"https:\/\/mundoanimalito.com\/?page_id=16364"},"modified":"2024-09-04T17:31:14","modified_gmt":"2024-09-04T22:31:14","slug":"eukanuba-breed-specific","status":"publish","type":"page","link":"https:\/\/mundoanimalito.com\/index.php\/eukanuba-breed-specific\/","title":{"rendered":"EUKANUBA Breed Specific"},"content":{"rendered":"\t\t<div data-elementor-type=\"wp-page\" data-elementor-id=\"16364\" class=\"elementor elementor-16364\" data-elementor-post-type=\"page\">\n\t\t\t\t<div class=\"elementor-element elementor-element-7071ead e-flex e-con-boxed e-con e-parent\" data-id=\"7071ead\" data-element_type=\"container\" data-e-type=\"container\">\n\t\t\t\t\t<div class=\"e-con-inner\">\n\t\t\t\t<div class=\"elementor-element elementor-element-83823f1 elementor-invisible elementor-widget elementor-widget-heading\" data-id=\"83823f1\" data-element_type=\"widget\" data-e-type=\"widget\" data-settings=\"{&quot;_animation&quot;:&quot;fadeInDown&quot;}\" data-widget_type=\"heading.default\">\n\t\t\t\t<div class=\"elementor-widget-container\">\n\t\t\t\t\t<h2 class=\"elementor-heading-title elementor-size-default\">EUKANUBA Breed Specific! Este alimento seco est\u00e1 dise\u00f1ado espec\u00edficamente para abordar las necesidades nutricionales \u00fanicas de los perros teckel adultos,<\/h2>\t\t\t\t<\/div>\n\t\t\t\t<\/div>\n\t\t\t\t\t<\/div>\n\t\t\t\t<\/div>\n\t\t<div class=\"elementor-element elementor-element-05c8833 e-flex e-con-boxed e-con e-parent\" data-id=\"05c8833\" data-element_type=\"container\" data-e-type=\"container\">\n\t\t\t\t\t<div class=\"e-con-inner\">\n\t\t<div class=\"elementor-element elementor-element-7932eb8 e-con-full e-flex e-con e-child\" data-id=\"7932eb8\" data-element_type=\"container\" data-e-type=\"container\">\n\t\t\t\t<div class=\"elementor-element elementor-element-6bf7109 elementor-invisible elementor-widget elementor-widget-image\" data-id=\"6bf7109\" data-element_type=\"widget\" data-e-type=\"widget\" data-settings=\"{&quot;_animation&quot;:&quot;fadeInDown&quot;}\" data-widget_type=\"image.default\">\n\t\t\t\t<div class=\"elementor-widget-container\">\n\t\t\t\t\t\t\t\t\t\t\t\t\t\t\t\t<a href=\"https:\/\/amzn.to\/3Pt4LSe\">\n\t\t\t\t\t\t\t<img fetchpriority=\"high\" decoding=\"async\" width=\"606\" height=\"1024\" src=\"https:\/\/mundoanimalito.com\/wp-content\/uploads\/2024\/03\/81dXpUKaxwL._AC_SL1500_-606x1024.jpg\" class=\"attachment-large size-large wp-image-16353\" alt=\"EUKANUBA Breed Specific Alimento seco para perros teckel adultos, alimento para perros \u00f3ptimamente adaptado a la raza 2.5 kg\" srcset=\"https:\/\/mundoanimalito.com\/wp-content\/uploads\/2024\/03\/81dXpUKaxwL._AC_SL1500_-606x1024.jpg 606w, https:\/\/mundoanimalito.com\/wp-content\/uploads\/2024\/03\/81dXpUKaxwL._AC_SL1500_-177x300.jpg 177w, https:\/\/mundoanimalito.com\/wp-content\/uploads\/2024\/03\/81dXpUKaxwL._AC_SL1500_-768x1299.jpg 768w, https:\/\/mundoanimalito.com\/wp-content\/uploads\/2024\/03\/81dXpUKaxwL._AC_SL1500_.jpg 887w\" sizes=\"(max-width: 606px) 100vw, 606px\" \/>\t\t\t\t\t\t\t\t<\/a>\n\t\t\t\t\t\t\t\t\t\t\t\t\t\t\t<\/div>\n\t\t\t\t<\/div>\n\t\t\t\t<\/div>\n\t\t<div class=\"elementor-element elementor-element-6791683 e-con-full e-flex e-con e-child\" data-id=\"6791683\" data-element_type=\"container\" data-e-type=\"container\">\n\t\t\t\t<div class=\"elementor-element elementor-element-9dfd86b elementor-widget elementor-widget-text-editor\" data-id=\"9dfd86b\" data-element_type=\"widget\" data-e-type=\"widget\" data-widget_type=\"text-editor.default\">\n\t\t\t\t<div class=\"elementor-widget-container\">\n\t\t\t\t\t\t\t\t\t<p>\ud83e\uddb4 <strong>Articulaciones sanas y movilidad activa:<\/strong> Con glucosamina y condroitina, este alimento ayuda a mantener las articulaciones de tu teckel en \u00f3ptimas condiciones, asegurando que pueda disfrutar de una movilidad activa y sin molestias.<\/p><p>\u00a0<\/p><p>\u2696\ufe0f <strong>Control del peso:<\/strong> Gracias a la L-carnitina, este alimento ayuda a tu teckel a quemar grasa y mantener una musculatura compacta, evitando el sobrepeso y reduciendo la tensi\u00f3n en sus articulaciones sensibles.<\/p><p>\u00a0<\/p><p>\ud83e\uddb7 <strong>Higiene dental:<\/strong> La forma especial de croqueta con DentaDefense estimula el tejido dental y promueve una buena higiene bucal, ayudando a mantener los dientes de tu teckel limpios y sanos.<\/p><p>\u00a0<\/p><p>\ud83e\udd58 <strong>Digesti\u00f3n<\/strong><strong> saludable:<\/strong> Con prebi\u00f3ticos FOS y pulpa de remolacha, este alimento favorece una digesti\u00f3n saludable en tu teckel, garantizando una absorci\u00f3n \u00f3ptima de los nutrientes y evitando problemas estomacales.<\/p><p>\u00a0<\/p><p>\ud83c\udf57 <strong>Deliciosamente sabroso:<\/strong> Formulado con pollo fresco, este alimento no solo es altamente nutritivo, sino tambi\u00e9n irresistiblemente sabroso para tu teckel. Con ingredientes de alta calidad y prote\u00ednas animales, tu perro disfrutar\u00e1 cada bocado.<\/p><p>\u00a0<\/p><p>Brinda a tu teckel el cuidado integral que necesita con EUKANUBA Breed Specific. \u00a1Hazte con \u00e9l hoy y asegura una vida larga y saludable para tu mejor amigo peludo! \ud83c\udf1f<\/p>\t\t\t\t\t\t\t\t<\/div>\n\t\t\t\t<\/div>\n\t\t\t\t<div class=\"elementor-element elementor-element-b544206 elementor-align-right elementor-widget elementor-widget-button\" data-id=\"b544206\" data-element_type=\"widget\" data-e-type=\"widget\" data-widget_type=\"button.default\">\n\t\t\t\t<div class=\"elementor-widget-container\">\n\t\t\t\t\t\t\t\t\t<div class=\"elementor-button-wrapper\">\n\t\t\t\t\t<a class=\"elementor-button elementor-button-link elementor-size-sm\" href=\"https:\/\/amzn.to\/3Pt4LSe\">\n\t\t\t\t\t\t<span class=\"elementor-button-content-wrapper\">\n\t\t\t\t\t\t\t\t\t<span class=\"elementor-button-text\">Compra ahora en Amazon<\/span>\n\t\t\t\t\t<\/span>\n\t\t\t\t\t<\/a>\n\t\t\t\t<\/div>\n\t\t\t\t\t\t\t\t<\/div>\n\t\t\t\t<\/div>\n\t\t\t\t<\/div>\n\t\t\t\t\t<\/div>\n\t\t\t\t<\/div>\n\t\t<div class=\"elementor-element elementor-element-058e052 e-flex e-con-boxed e-con e-parent\" data-id=\"058e052\" data-element_type=\"container\" data-e-type=\"container\">\n\t\t\t\t\t<div class=\"e-con-inner\">\n\t\t\t\t<div class=\"elementor-element elementor-element-9b70de4 elementor-arrows-position-inside elementor-pagination-position-outside elementor-widget elementor-widget-image-carousel\" data-id=\"9b70de4\" data-element_type=\"widget\" data-e-type=\"widget\" data-settings=\"{&quot;slides_to_show&quot;:&quot;1&quot;,&quot;navigation&quot;:&quot;both&quot;,&quot;autoplay&quot;:&quot;yes&quot;,&quot;pause_on_hover&quot;:&quot;yes&quot;,&quot;pause_on_interaction&quot;:&quot;yes&quot;,&quot;autoplay_speed&quot;:5000,&quot;infinite&quot;:&quot;yes&quot;,&quot;effect&quot;:&quot;slide&quot;,&quot;speed&quot;:500}\" data-widget_type=\"image-carousel.default\">\n\t\t\t\t<div class=\"elementor-widget-container\">\n\t\t\t\t\t\t\t<div class=\"elementor-image-carousel-wrapper swiper\" role=\"region\" aria-roledescription=\"carousel\" aria-label=\"Carrusel de im\u00e1genes\" dir=\"ltr\">\n\t\t\t<div class=\"elementor-image-carousel swiper-wrapper\" aria-live=\"off\">\n\t\t\t\t\t\t\t\t<div class=\"swiper-slide\" role=\"group\" aria-roledescription=\"slide\" aria-label=\"1 de 5\"><figure class=\"swiper-slide-inner\"><img decoding=\"async\" class=\"swiper-slide-image\" src=\"https:\/\/mundoanimalito.com\/wp-content\/uploads\/2024\/03\/81y3-ntCYuL._AC_SL1500_-768x768.jpg\" alt=\"EUKANUBA Breed Specific Alimento seco para perros teckel adultos, alimento para perros \u00f3ptimamente adaptado a la raza 2.5 kg\" \/><\/figure><\/div><div class=\"swiper-slide\" role=\"group\" aria-roledescription=\"slide\" aria-label=\"2 de 5\"><figure class=\"swiper-slide-inner\"><img decoding=\"async\" class=\"swiper-slide-image\" src=\"https:\/\/mundoanimalito.com\/wp-content\/uploads\/2024\/03\/81muTEGgAhL._AC_SL1500_-768x1373.jpg\" alt=\"EUKANUBA Breed Specific Alimento seco para perros teckel adultos, alimento para perros \u00f3ptimamente adaptado a la raza 2.5 kg\" \/><\/figure><\/div><div class=\"swiper-slide\" role=\"group\" aria-roledescription=\"slide\" aria-label=\"3 de 5\"><figure class=\"swiper-slide-inner\"><img decoding=\"async\" class=\"swiper-slide-image\" src=\"https:\/\/mundoanimalito.com\/wp-content\/uploads\/2024\/03\/613XJ1JkPYL._AC_SL1500_-768x828.jpg\" alt=\"EUKANUBA Breed Specific Alimento seco para perros teckel adultos, alimento para perros \u00f3ptimamente adaptado a la raza 2.5 kg\" \/><\/figure><\/div><div class=\"swiper-slide\" role=\"group\" aria-roledescription=\"slide\" aria-label=\"4 de 5\"><figure class=\"swiper-slide-inner\"><img decoding=\"async\" class=\"swiper-slide-image\" src=\"https:\/\/mundoanimalito.com\/wp-content\/uploads\/2024\/03\/91r3qxCENfL._AC_SL1500_-768x1371.jpg\" alt=\"EUKANUBA Breed Specific Alimento seco para perros teckel adultos, alimento para perros \u00f3ptimamente adaptado a la raza 2.5 kg\" \/><\/figure><\/div><div class=\"swiper-slide\" role=\"group\" aria-roledescription=\"slide\" aria-label=\"5 de 5\"><figure class=\"swiper-slide-inner\"><img decoding=\"async\" class=\"swiper-slide-image\" src=\"https:\/\/mundoanimalito.com\/wp-content\/uploads\/2024\/03\/81O2bo8dW7L._AC_SL1500_-768x768.jpg\" alt=\"EUKANUBA Breed Specific Alimento seco para perros teckel adultos, alimento para perros \u00f3ptimamente adaptado a la raza 2.5 kg\" \/><\/figure><\/div>\t\t\t<\/div>\n\t\t\t\t\t\t\t\t\t\t\t\t<div class=\"elementor-swiper-button elementor-swiper-button-prev\" role=\"button\" tabindex=\"0\">\n\t\t\t\t\t\t<i aria-hidden=\"true\" class=\"eicon-chevron-left\"><\/i>\t\t\t\t\t<\/div>\n\t\t\t\t\t<div class=\"elementor-swiper-button elementor-swiper-button-next\" role=\"button\" tabindex=\"0\">\n\t\t\t\t\t\t<i aria-hidden=\"true\" class=\"eicon-chevron-right\"><\/i>\t\t\t\t\t<\/div>\n\t\t\t\t\n\t\t\t\t\t\t\t\t\t<div class=\"swiper-pagination\"><\/div>\n\t\t\t\t\t\t\t\t\t<\/div>\n\t\t\t\t\t\t<\/div>\n\t\t\t\t<\/div>\n\t\t\t\t\t<\/div>\n\t\t\t\t<\/div>\n\t\t<div class=\"elementor-element elementor-element-944b137 e-flex e-con-boxed e-con e-parent\" data-id=\"944b137\" data-element_type=\"container\" data-e-type=\"container\">\n\t\t\t\t\t<div class=\"e-con-inner\">\n\t\t\t\t<div class=\"elementor-element elementor-element-a4c5ace elementor-align-right elementor-widget elementor-widget-button\" data-id=\"a4c5ace\" data-element_type=\"widget\" data-e-type=\"widget\" data-widget_type=\"button.default\">\n\t\t\t\t<div class=\"elementor-widget-container\">\n\t\t\t\t\t\t\t\t\t<div class=\"elementor-button-wrapper\">\n\t\t\t\t\t<a class=\"elementor-button elementor-button-link elementor-size-sm\" href=\"https:\/\/amzn.to\/3Pt4LSe\">\n\t\t\t\t\t\t<span class=\"elementor-button-content-wrapper\">\n\t\t\t\t\t\t\t\t\t<span class=\"elementor-button-text\">Compra ahora en Amazon<\/span>\n\t\t\t\t\t<\/span>\n\t\t\t\t\t<\/a>\n\t\t\t\t<\/div>\n\t\t\t\t\t\t\t\t<\/div>\n\t\t\t\t<\/div>\n\t\t\t\t\t<\/div>\n\t\t\t\t<\/div>\n\t\t\t\t<\/div>\n\t\t","protected":false},"excerpt":{"rendered":"<p>EUKANUBA Breed Specific! Este alimento seco est\u00e1 dise\u00f1ado espec\u00edficamente para abordar las necesidades nutricionales \u00fanicas de los perros teckel adultos, \ud83e\uddb4 Articulaciones sanas y movilidad activa: Con glucosamina y condroitina, este alimento ayuda a mantener las articulaciones de tu teckel en \u00f3ptimas condiciones, asegurando que pueda disfrutar de una movilidad activa y sin molestias. \u00a0 [&hellip;]<\/p>\n","protected":false},"author":1,"featured_media":0,"parent":0,"menu_order":0,"comment_status":"closed","ping_status":"closed","template":"","meta":{"site-sidebar-layout":"no-sidebar","site-content-layout":"page-builder","ast-site-content-layout":"full-width-container","site-content-style":"default","site-sidebar-style":"default","ast-global-header-display":"","ast-banner-title-visibility":"","ast-main-header-display":"","ast-hfb-above-header-display":"","ast-hfb-below-header-display":"","ast-hfb-mobile-header-display":"","site-post-title":"disabled","ast-breadcrumbs-content":"","ast-featured-img":"disabled","footer-sml-layout":"","ast-disable-related-posts":"","theme-transparent-header-meta":"","adv-header-id-meta":"","stick-header-meta":"","header-above-stick-meta":"","header-main-stick-meta":"","header-below-stick-meta":"","astra-migrate-meta-layouts":"set","ast-page-background-enabled":"default","ast-page-background-meta":{"desktop":{"background-color":"var(--ast-global-color-4)","background-image":"","background-repeat":"repeat","background-position":"center center","background-size":"auto","background-attachment":"scroll","background-type":"","background-media":"","overlay-type":"","overlay-color":"","overlay-opacity":"","overlay-gradient":""},"tablet":{"background-color":"","background-image":"","background-repeat":"repeat","background-position":"center center","background-size":"auto","background-attachment":"scroll","background-type":"","background-media":"","overlay-type":"","overlay-color":"","overlay-opacity":"","overlay-gradient":""},"mobile":{"background-color":"","background-image":"","background-repeat":"repeat","background-position":"center center","background-size":"auto","background-attachment":"scroll","background-type":"","background-media":"","overlay-type":"","overlay-color":"","overlay-opacity":"","overlay-gradient":""}},"ast-content-background-meta":{"desktop":{"background-color":"var(--ast-global-color-5)","background-image":"","background-repeat":"repeat","background-position":"center center","background-size":"auto","background-attachment":"scroll","background-type":"","background-media":"","overlay-type":"","overlay-color":"","overlay-opacity":"","overlay-gradient":""},"tablet":{"background-color":"var(--ast-global-color-5)","background-image":"","background-repeat":"repeat","background-position":"center center","background-size":"auto","background-attachment":"scroll","background-type":"","background-media":"","overlay-type":"","overlay-color":"","overlay-opacity":"","overlay-gradient":""},"mobile":{"background-color":"var(--ast-global-color-5)","background-image":"","background-repeat":"repeat","background-position":"center center","background-size":"auto","background-attachment":"scroll","background-type":"","background-media":"","overlay-type":"","overlay-color":"","overlay-opacity":"","overlay-gradient":""}},"footnotes":""},"class_list":["post-16364","page","type-page","status-publish","hentry"],"yoast_head":"<!-- This site is optimized with the Yoast SEO plugin v27.4 - https:\/\/yoast.com\/product\/yoast-seo-wordpress\/ -->\n<title>EUKANUBA Breed Specific Alimento seco para perros teckel | Mundo Animalito<\/title>\n<meta name=\"description\" content=\"EUKANUBA Breed Specific! Este alimento seco est\u00e1 dise\u00f1ado espec\u00edficamente para abordar las necesidades nutricionales \u00fanicas de los perros teckel adultos\" \/>\n<meta name=\"robots\" content=\"index, follow, max-snippet:-1, max-image-preview:large, max-video-preview:-1\" \/>\n<link rel=\"canonical\" href=\"https:\/\/mundoanimalito.com\/index.php\/eukanuba-breed-specific\/\" \/>\n<meta property=\"og:locale\" content=\"es_ES\" \/>\n<meta property=\"og:type\" content=\"article\" \/>\n<meta property=\"og:title\" content=\"EUKANUBA Breed Specific Alimento seco para perros teckel | Mundo Animalito\" \/>\n<meta property=\"og:description\" content=\"EUKANUBA Breed Specific! Este alimento seco est\u00e1 dise\u00f1ado espec\u00edficamente para abordar las necesidades nutricionales \u00fanicas de los perros teckel adultos\" \/>\n<meta property=\"og:url\" content=\"https:\/\/mundoanimalito.com\/index.php\/eukanuba-breed-specific\/\" \/>\n<meta property=\"og:site_name\" content=\"Mundo Animalito\" \/>\n<meta property=\"article:publisher\" content=\"https:\/\/www.facebook.com\/mundoanimalito77\" \/>\n<meta property=\"article:modified_time\" content=\"2024-09-04T22:31:14+00:00\" \/>\n<meta property=\"og:image\" content=\"https:\/\/mundoanimalito.com\/wp-content\/uploads\/2024\/03\/81dXpUKaxwL._AC_SL1500_-606x1024.jpg\" \/>\n<meta name=\"twitter:card\" content=\"summary_large_image\" \/>\n<meta name=\"twitter:label1\" content=\"Tiempo de lectura\" \/>\n\t<meta name=\"twitter:data1\" content=\"3 minutos\" \/>\n<script type=\"application\/ld+json\" class=\"yoast-schema-graph\">{\"@context\":\"https:\\\/\\\/schema.org\",\"@graph\":[{\"@type\":\"WebPage\",\"@id\":\"https:\\\/\\\/mundoanimalito.com\\\/index.php\\\/eukanuba-breed-specific\\\/\",\"url\":\"https:\\\/\\\/mundoanimalito.com\\\/index.php\\\/eukanuba-breed-specific\\\/\",\"name\":\"EUKANUBA Breed Specific Alimento seco para perros teckel | Mundo Animalito\",\"isPartOf\":{\"@id\":\"https:\\\/\\\/mundoanimalito.com\\\/#website\"},\"primaryImageOfPage\":{\"@id\":\"https:\\\/\\\/mundoanimalito.com\\\/index.php\\\/eukanuba-breed-specific\\\/#primaryimage\"},\"image\":{\"@id\":\"https:\\\/\\\/mundoanimalito.com\\\/index.php\\\/eukanuba-breed-specific\\\/#primaryimage\"},\"thumbnailUrl\":\"https:\\\/\\\/mundoanimalito.com\\\/wp-content\\\/uploads\\\/2024\\\/03\\\/81dXpUKaxwL._AC_SL1500_-606x1024.jpg\",\"datePublished\":\"2024-03-20T14:28:47+00:00\",\"dateModified\":\"2024-09-04T22:31:14+00:00\",\"description\":\"EUKANUBA Breed Specific! Este alimento seco est\u00e1 dise\u00f1ado espec\u00edficamente para abordar las necesidades nutricionales \u00fanicas de los perros teckel adultos\",\"breadcrumb\":{\"@id\":\"https:\\\/\\\/mundoanimalito.com\\\/index.php\\\/eukanuba-breed-specific\\\/#breadcrumb\"},\"inLanguage\":\"es\",\"potentialAction\":[{\"@type\":\"ReadAction\",\"target\":[\"https:\\\/\\\/mundoanimalito.com\\\/index.php\\\/eukanuba-breed-specific\\\/\"]}]},{\"@type\":\"ImageObject\",\"inLanguage\":\"es\",\"@id\":\"https:\\\/\\\/mundoanimalito.com\\\/index.php\\\/eukanuba-breed-specific\\\/#primaryimage\",\"url\":\"https:\\\/\\\/mundoanimalito.com\\\/wp-content\\\/uploads\\\/2024\\\/03\\\/81dXpUKaxwL._AC_SL1500_.jpg\",\"contentUrl\":\"https:\\\/\\\/mundoanimalito.com\\\/wp-content\\\/uploads\\\/2024\\\/03\\\/81dXpUKaxwL._AC_SL1500_.jpg\",\"width\":887,\"height\":1500,\"caption\":\"EUKANUBA Breed Specific Alimento seco para perros teckel adultos, alimento para perros \u00f3ptimamente adaptado a la raza 2.5 kg\"},{\"@type\":\"BreadcrumbList\",\"@id\":\"https:\\\/\\\/mundoanimalito.com\\\/index.php\\\/eukanuba-breed-specific\\\/#breadcrumb\",\"itemListElement\":[{\"@type\":\"ListItem\",\"position\":1,\"name\":\"Portada\",\"item\":\"https:\\\/\\\/mundoanimalito.com\\\/\"},{\"@type\":\"ListItem\",\"position\":2,\"name\":\"EUKANUBA Breed Specific\"}]},{\"@type\":\"WebSite\",\"@id\":\"https:\\\/\\\/mundoanimalito.com\\\/#website\",\"url\":\"https:\\\/\\\/mundoanimalito.com\\\/\",\"name\":\"Mundo Animalito\",\"description\":\"Datos y curiosidades de los animales, encuentra ac\u00e1 todo para tu mascota\",\"publisher\":{\"@id\":\"https:\\\/\\\/mundoanimalito.com\\\/#organization\"},\"potentialAction\":[{\"@type\":\"SearchAction\",\"target\":{\"@type\":\"EntryPoint\",\"urlTemplate\":\"https:\\\/\\\/mundoanimalito.com\\\/?s={search_term_string}\"},\"query-input\":{\"@type\":\"PropertyValueSpecification\",\"valueRequired\":true,\"valueName\":\"search_term_string\"}}],\"inLanguage\":\"es\"},{\"@type\":\"Organization\",\"@id\":\"https:\\\/\\\/mundoanimalito.com\\\/#organization\",\"name\":\"Mundo Animalito\",\"url\":\"https:\\\/\\\/mundoanimalito.com\\\/\",\"logo\":{\"@type\":\"ImageObject\",\"inLanguage\":\"es\",\"@id\":\"https:\\\/\\\/mundoanimalito.com\\\/#\\\/schema\\\/logo\\\/image\\\/\",\"url\":\"https:\\\/\\\/mundoanimalito.com\\\/wp-content\\\/uploads\\\/2023\\\/10\\\/cropped-cropped-LOGO-OFICIAL-ULTIMA-VERSION-1.jpg\",\"contentUrl\":\"https:\\\/\\\/mundoanimalito.com\\\/wp-content\\\/uploads\\\/2023\\\/10\\\/cropped-cropped-LOGO-OFICIAL-ULTIMA-VERSION-1.jpg\",\"width\":374,\"height\":425,\"caption\":\"Mundo Animalito\"},\"image\":{\"@id\":\"https:\\\/\\\/mundoanimalito.com\\\/#\\\/schema\\\/logo\\\/image\\\/\"},\"sameAs\":[\"https:\\\/\\\/www.facebook.com\\\/mundoanimalito77\",\"https:\\\/\\\/www.instagram.com\\\/mundoanimalito77\\\/\",\"https:\\\/\\\/www.tiktok.com\\\/@mundoanimalito77\",\"https:\\\/\\\/www.youtube.com\\\/channel\\\/UCLo2JhNUNtHVraDt5aHadew\"]}]}<\/script>\n<!-- \/ Yoast SEO plugin. -->","yoast_head_json":{"title":"EUKANUBA Breed Specific Alimento seco para perros teckel | Mundo Animalito","description":"EUKANUBA Breed Specific! Este alimento seco est\u00e1 dise\u00f1ado espec\u00edficamente para abordar las necesidades nutricionales \u00fanicas de los perros teckel adultos","robots":{"index":"index","follow":"follow","max-snippet":"max-snippet:-1","max-image-preview":"max-image-preview:large","max-video-preview":"max-video-preview:-1"},"canonical":"https:\/\/mundoanimalito.com\/index.php\/eukanuba-breed-specific\/","og_locale":"es_ES","og_type":"article","og_title":"EUKANUBA Breed Specific Alimento seco para perros teckel | Mundo Animalito","og_description":"EUKANUBA Breed Specific! Este alimento seco est\u00e1 dise\u00f1ado espec\u00edficamente para abordar las necesidades nutricionales \u00fanicas de los perros teckel adultos","og_url":"https:\/\/mundoanimalito.com\/index.php\/eukanuba-breed-specific\/","og_site_name":"Mundo Animalito","article_publisher":"https:\/\/www.facebook.com\/mundoanimalito77","article_modified_time":"2024-09-04T22:31:14+00:00","og_image":[{"url":"https:\/\/mundoanimalito.com\/wp-content\/uploads\/2024\/03\/81dXpUKaxwL._AC_SL1500_-606x1024.jpg","type":"","width":"","height":""}],"twitter_card":"summary_large_image","twitter_misc":{"Tiempo de lectura":"3 minutos"},"schema":{"@context":"https:\/\/schema.org","@graph":[{"@type":"WebPage","@id":"https:\/\/mundoanimalito.com\/index.php\/eukanuba-breed-specific\/","url":"https:\/\/mundoanimalito.com\/index.php\/eukanuba-breed-specific\/","name":"EUKANUBA Breed Specific Alimento seco para perros teckel | Mundo Animalito","isPartOf":{"@id":"https:\/\/mundoanimalito.com\/#website"},"primaryImageOfPage":{"@id":"https:\/\/mundoanimalito.com\/index.php\/eukanuba-breed-specific\/#primaryimage"},"image":{"@id":"https:\/\/mundoanimalito.com\/index.php\/eukanuba-breed-specific\/#primaryimage"},"thumbnailUrl":"https:\/\/mundoanimalito.com\/wp-content\/uploads\/2024\/03\/81dXpUKaxwL._AC_SL1500_-606x1024.jpg","datePublished":"2024-03-20T14:28:47+00:00","dateModified":"2024-09-04T22:31:14+00:00","description":"EUKANUBA Breed Specific! Este alimento seco est\u00e1 dise\u00f1ado espec\u00edficamente para abordar las necesidades nutricionales \u00fanicas de los perros teckel adultos","breadcrumb":{"@id":"https:\/\/mundoanimalito.com\/index.php\/eukanuba-breed-specific\/#breadcrumb"},"inLanguage":"es","potentialAction":[{"@type":"ReadAction","target":["https:\/\/mundoanimalito.com\/index.php\/eukanuba-breed-specific\/"]}]},{"@type":"ImageObject","inLanguage":"es","@id":"https:\/\/mundoanimalito.com\/index.php\/eukanuba-breed-specific\/#primaryimage","url":"https:\/\/mundoanimalito.com\/wp-content\/uploads\/2024\/03\/81dXpUKaxwL._AC_SL1500_.jpg","contentUrl":"https:\/\/mundoanimalito.com\/wp-content\/uploads\/2024\/03\/81dXpUKaxwL._AC_SL1500_.jpg","width":887,"height":1500,"caption":"EUKANUBA Breed Specific Alimento seco para perros teckel adultos, alimento para perros \u00f3ptimamente adaptado a la raza 2.5 kg"},{"@type":"BreadcrumbList","@id":"https:\/\/mundoanimalito.com\/index.php\/eukanuba-breed-specific\/#breadcrumb","itemListElement":[{"@type":"ListItem","position":1,"name":"Portada","item":"https:\/\/mundoanimalito.com\/"},{"@type":"ListItem","position":2,"name":"EUKANUBA Breed Specific"}]},{"@type":"WebSite","@id":"https:\/\/mundoanimalito.com\/#website","url":"https:\/\/mundoanimalito.com\/","name":"Mundo Animalito","description":"Datos y curiosidades de los animales, encuentra ac\u00e1 todo para tu mascota","publisher":{"@id":"https:\/\/mundoanimalito.com\/#organization"},"potentialAction":[{"@type":"SearchAction","target":{"@type":"EntryPoint","urlTemplate":"https:\/\/mundoanimalito.com\/?s={search_term_string}"},"query-input":{"@type":"PropertyValueSpecification","valueRequired":true,"valueName":"search_term_string"}}],"inLanguage":"es"},{"@type":"Organization","@id":"https:\/\/mundoanimalito.com\/#organization","name":"Mundo Animalito","url":"https:\/\/mundoanimalito.com\/","logo":{"@type":"ImageObject","inLanguage":"es","@id":"https:\/\/mundoanimalito.com\/#\/schema\/logo\/image\/","url":"https:\/\/mundoanimalito.com\/wp-content\/uploads\/2023\/10\/cropped-cropped-LOGO-OFICIAL-ULTIMA-VERSION-1.jpg","contentUrl":"https:\/\/mundoanimalito.com\/wp-content\/uploads\/2023\/10\/cropped-cropped-LOGO-OFICIAL-ULTIMA-VERSION-1.jpg","width":374,"height":425,"caption":"Mundo Animalito"},"image":{"@id":"https:\/\/mundoanimalito.com\/#\/schema\/logo\/image\/"},"sameAs":["https:\/\/www.facebook.com\/mundoanimalito77","https:\/\/www.instagram.com\/mundoanimalito77\/","https:\/\/www.tiktok.com\/@mundoanimalito77","https:\/\/www.youtube.com\/channel\/UCLo2JhNUNtHVraDt5aHadew"]}]}},"_links":{"self":[{"href":"https:\/\/mundoanimalito.com\/index.php\/wp-json\/wp\/v2\/pages\/16364","targetHints":{"allow":["GET"]}}],"collection":[{"href":"https:\/\/mundoanimalito.com\/index.php\/wp-json\/wp\/v2\/pages"}],"about":[{"href":"https:\/\/mundoanimalito.com\/index.php\/wp-json\/wp\/v2\/types\/page"}],"author":[{"embeddable":true,"href":"https:\/\/mundoanimalito.com\/index.php\/wp-json\/wp\/v2\/users\/1"}],"replies":[{"embeddable":true,"href":"https:\/\/mundoanimalito.com\/index.php\/wp-json\/wp\/v2\/comments?post=16364"}],"version-history":[{"count":0,"href":"https:\/\/mundoanimalito.com\/index.php\/wp-json\/wp\/v2\/pages\/16364\/revisions"}],"wp:attachment":[{"href":"https:\/\/mundoanimalito.com\/index.php\/wp-json\/wp\/v2\/media?parent=16364"}],"curies":[{"name":"wp","href":"https:\/\/api.w.org\/{rel}","templated":true}]}}