{"id":16286,"date":"2024-03-19T16:58:05","date_gmt":"2024-03-19T21:58:05","guid":{"rendered":"https:\/\/mundoanimalito.com\/?page_id=16286"},"modified":"2024-09-03T17:23:43","modified_gmt":"2024-09-03T22:23:43","slug":"avantis-pet-mini","status":"publish","type":"page","link":"https:\/\/mundoanimalito.com\/index.php\/avantis-pet-mini\/","title":{"rendered":"Avantis Pet Mini"},"content":{"rendered":"\t\t<div data-elementor-type=\"wp-page\" data-elementor-id=\"16286\" class=\"elementor elementor-16286\" data-elementor-post-type=\"page\">\n\t\t\t\t<div class=\"elementor-element elementor-element-ed8be8f e-flex e-con-boxed e-con e-parent\" data-id=\"ed8be8f\" data-element_type=\"container\" data-e-type=\"container\">\n\t\t\t\t\t<div class=\"e-con-inner\">\n\t\t\t\t<div class=\"elementor-element elementor-element-e740651 elementor-invisible elementor-widget elementor-widget-heading\" data-id=\"e740651\" data-element_type=\"widget\" data-e-type=\"widget\" data-settings=\"{&quot;_animation&quot;:&quot;fadeInDown&quot;}\" data-widget_type=\"heading.default\">\n\t\t\t\t<div class=\"elementor-widget-container\">\n\t\t\t\t\t<h2 class=\"elementor-heading-title elementor-size-default\">\u00a1Cuida a tu peque\u00f1o amigo de cuatro patas con Avantis Pet Mini! Este pienso especializado est\u00e1 dise\u00f1ado pensando en las necesidades \u00fanicas de los perros de razas peque\u00f1as<\/h2>\t\t\t\t<\/div>\n\t\t\t\t<\/div>\n\t\t\t\t\t<\/div>\n\t\t\t\t<\/div>\n\t\t<div class=\"elementor-element elementor-element-49487ae e-flex e-con-boxed e-con e-parent\" data-id=\"49487ae\" data-element_type=\"container\" data-e-type=\"container\">\n\t\t\t\t\t<div class=\"e-con-inner\">\n\t\t<div class=\"elementor-element elementor-element-ad928d6 e-con-full e-flex e-con e-child\" data-id=\"ad928d6\" data-element_type=\"container\" data-e-type=\"container\">\n\t\t\t\t<div class=\"elementor-element elementor-element-03ce0a2 elementor-widget elementor-widget-image\" data-id=\"03ce0a2\" data-element_type=\"widget\" data-e-type=\"widget\" data-widget_type=\"image.default\">\n\t\t\t\t<div class=\"elementor-widget-container\">\n\t\t\t\t\t\t\t\t\t\t\t\t\t\t\t<img fetchpriority=\"high\" decoding=\"async\" width=\"905\" height=\"1024\" src=\"https:\/\/mundoanimalito.com\/wp-content\/uploads\/2024\/03\/516Wbux9HAL._AC_SL1200_-905x1024.jpg\" class=\"attachment-large size-large wp-image-16264\" alt=\"Avantis Pet Mini\" srcset=\"https:\/\/mundoanimalito.com\/wp-content\/uploads\/2024\/03\/516Wbux9HAL._AC_SL1200_-905x1024.jpg 905w, https:\/\/mundoanimalito.com\/wp-content\/uploads\/2024\/03\/516Wbux9HAL._AC_SL1200_-265x300.jpg 265w, https:\/\/mundoanimalito.com\/wp-content\/uploads\/2024\/03\/516Wbux9HAL._AC_SL1200_-768x869.jpg 768w, https:\/\/mundoanimalito.com\/wp-content\/uploads\/2024\/03\/516Wbux9HAL._AC_SL1200_.jpg 944w\" sizes=\"(max-width: 905px) 100vw, 905px\" \/>\t\t\t\t\t\t\t\t\t\t\t\t\t\t\t<\/div>\n\t\t\t\t<\/div>\n\t\t\t\t<\/div>\n\t\t<div class=\"elementor-element elementor-element-580ae37 e-con-full e-flex e-con e-child\" data-id=\"580ae37\" data-element_type=\"container\" data-e-type=\"container\">\n\t\t\t\t<div class=\"elementor-element elementor-element-4004472 elementor-widget elementor-widget-text-editor\" data-id=\"4004472\" data-element_type=\"widget\" data-e-type=\"widget\" data-widget_type=\"text-editor.default\">\n\t\t\t\t<div class=\"elementor-widget-container\">\n\t\t\t\t\t\t\t\t\t<p>\ud83e\udd58 <strong>Ingredientes de calidad:<\/strong> Elaborado por veterinarios profesionales, Avantis Pet Mini contiene una sabia combinaci\u00f3n de pollo, verduras y cereales, asegurando una alimentaci\u00f3n rica en nutrientes esenciales para la salud y vitalidad de tu perro.<\/p><p>\u00a0<\/p><p>\ud83c\udf57 <strong>Altamente digerible:<\/strong> Con su f\u00f3rmula altamente digerible, este pienso garantiza una f\u00e1cil digesti\u00f3n para tu mascota, evitando molestias estomacales y promoviendo una absorci\u00f3n \u00f3ptima de los nutrientes.<\/p><p>\u00a0<\/p><p>\ud83d\udee1\ufe0f <strong>Triple acci\u00f3n beneficiosa:<\/strong> Avantis Pet Mini ofrece una triple acci\u00f3n que fortalece el sistema inmunitario de tu perro, facilita sus digestiones y proporciona antioxidantes esenciales para su correcto desarrollo, brind\u00e1ndole una protecci\u00f3n integral para una vida saludable.<\/p><p>\u00a0<\/p><p>\ud83d\udc68\u200d\u2695\ufe0f <strong>Dise\u00f1ado para razas peque\u00f1as:<\/strong> Con expertos veterinarios detr\u00e1s de su elaboraci\u00f3n, este pienso est\u00e1 espec\u00edficamente formulado para satisfacer las necesidades nutricionales de perros de razas peque\u00f1as, asegurando que tu peludo amigo reciba la atenci\u00f3n y cuidado que se merece.<\/p><p>\u00a0<\/p><p>\ud83c\udf1f <strong>Completo y equilibrado:<\/strong> Adem\u00e1s de su deliciosa combinaci\u00f3n de pollo, verdura y cereales, Avantis Pet Mini est\u00e1 enriquecido con vitaminas A, E y D3, as\u00ed como hierro y magnesio, para mantener la salud \u00f3ptima de tu perro, desde sus dientes hasta su pelaje y huesos.<\/p>\t\t\t\t\t\t\t\t<\/div>\n\t\t\t\t<\/div>\n\t\t\t\t<\/div>\n\t\t\t\t\t<\/div>\n\t\t\t\t<\/div>\n\t\t<div class=\"elementor-element elementor-element-d397087 e-flex e-con-boxed e-con e-parent\" data-id=\"d397087\" data-element_type=\"container\" data-e-type=\"container\">\n\t\t\t\t\t<div class=\"e-con-inner\">\n\t\t\t\t<div class=\"elementor-element elementor-element-136556d elementor-widget elementor-widget-text-editor\" data-id=\"136556d\" data-element_type=\"widget\" data-e-type=\"widget\" data-widget_type=\"text-editor.default\">\n\t\t\t\t<div class=\"elementor-widget-container\">\n\t\t\t\t\t\t\t\t\t<p>Brinda a tu perro el cuidado y la nutrici\u00f3n que necesita con Avantis Pet Mini. \u00a1Hazte con \u00e9l hoy y asegura una vida feliz y saludable para tu mejor amigo peludo! \ud83d\udc3e<\/p>\t\t\t\t\t\t\t\t<\/div>\n\t\t\t\t<\/div>\n\t\t\t\t\t<\/div>\n\t\t\t\t<\/div>\n\t\t<div class=\"elementor-element elementor-element-2e2323a e-flex e-con-boxed e-con e-parent\" data-id=\"2e2323a\" data-element_type=\"container\" data-e-type=\"container\">\n\t\t\t\t\t<div class=\"e-con-inner\">\n\t\t\t\t<div class=\"elementor-element elementor-element-7f422e5 elementor-align-right elementor-widget elementor-widget-button\" data-id=\"7f422e5\" data-element_type=\"widget\" data-e-type=\"widget\" data-widget_type=\"button.default\">\n\t\t\t\t<div class=\"elementor-widget-container\">\n\t\t\t\t\t\t\t\t\t<div class=\"elementor-button-wrapper\">\n\t\t\t\t\t<a class=\"elementor-button elementor-button-link elementor-size-sm\" href=\"https:\/\/amzn.to\/3IHCGmD\">\n\t\t\t\t\t\t<span class=\"elementor-button-content-wrapper\">\n\t\t\t\t\t\t\t\t\t<span class=\"elementor-button-text\">Compra ahora en Amazon<\/span>\n\t\t\t\t\t<\/span>\n\t\t\t\t\t<\/a>\n\t\t\t\t<\/div>\n\t\t\t\t\t\t\t\t<\/div>\n\t\t\t\t<\/div>\n\t\t\t\t\t<\/div>\n\t\t\t\t<\/div>\n\t\t<div class=\"elementor-element elementor-element-f2b6c62 e-flex e-con-boxed e-con e-parent\" data-id=\"f2b6c62\" data-element_type=\"container\" data-e-type=\"container\">\n\t\t\t\t\t<div class=\"e-con-inner\">\n\t\t\t\t<div class=\"elementor-element elementor-element-c1f3512 elementor-arrows-position-inside elementor-pagination-position-outside elementor-widget elementor-widget-image-carousel\" data-id=\"c1f3512\" data-element_type=\"widget\" data-e-type=\"widget\" data-settings=\"{&quot;slides_to_show&quot;:&quot;1&quot;,&quot;navigation&quot;:&quot;both&quot;,&quot;autoplay&quot;:&quot;yes&quot;,&quot;pause_on_hover&quot;:&quot;yes&quot;,&quot;pause_on_interaction&quot;:&quot;yes&quot;,&quot;autoplay_speed&quot;:5000,&quot;infinite&quot;:&quot;yes&quot;,&quot;effect&quot;:&quot;slide&quot;,&quot;speed&quot;:500}\" data-widget_type=\"image-carousel.default\">\n\t\t\t\t<div class=\"elementor-widget-container\">\n\t\t\t\t\t\t\t<div class=\"elementor-image-carousel-wrapper swiper\" role=\"region\" aria-roledescription=\"carousel\" aria-label=\"Carrusel de im\u00e1genes\" dir=\"ltr\">\n\t\t\t<div class=\"elementor-image-carousel swiper-wrapper\" aria-live=\"off\">\n\t\t\t\t\t\t\t\t<div class=\"swiper-slide\" role=\"group\" aria-roledescription=\"slide\" aria-label=\"1 de 5\"><figure class=\"swiper-slide-inner\"><img decoding=\"async\" class=\"swiper-slide-image\" src=\"https:\/\/mundoanimalito.com\/wp-content\/uploads\/2024\/03\/61J9p9MKyzL._AC_SL1200_-768x768.jpg\" alt=\"Avantis Pet Mini - Pienso para Perros Adultos de Razas Peque\u00f1as - 2 kg - Comida con Triple Acci\u00f3n Favorece el Sistema Inmune y Digesti\u00f3n - Altamente Digestiva con Pollo, Verduras y Arroz\" \/><\/figure><\/div><div class=\"swiper-slide\" role=\"group\" aria-roledescription=\"slide\" aria-label=\"2 de 5\"><figure class=\"swiper-slide-inner\"><img decoding=\"async\" class=\"swiper-slide-image\" src=\"https:\/\/mundoanimalito.com\/wp-content\/uploads\/2024\/03\/61sXMsov3L._AC_SL1200_-768x768.jpg\" alt=\"Avantis Pet Mini - Pienso para Perros Adultos de Razas Peque\u00f1as - 2 kg - Comida con Triple Acci\u00f3n Favorece el Sistema Inmune y Digesti\u00f3n - Altamente Digestiva con Pollo, Verduras y Arroz\" \/><\/figure><\/div><div class=\"swiper-slide\" role=\"group\" aria-roledescription=\"slide\" aria-label=\"3 de 5\"><figure class=\"swiper-slide-inner\"><img decoding=\"async\" class=\"swiper-slide-image\" src=\"https:\/\/mundoanimalito.com\/wp-content\/uploads\/2024\/03\/611hpPz2rhL._AC_SL1200_-768x719.jpg\" alt=\"Avantis Pet Mini - Pienso para Perros Adultos de Razas Peque\u00f1as - 2 kg - Comida con Triple Acci\u00f3n Favorece el Sistema Inmune y Digesti\u00f3n - Altamente Digestiva con Pollo, Verduras y Arroz\" \/><\/figure><\/div><div class=\"swiper-slide\" role=\"group\" aria-roledescription=\"slide\" aria-label=\"4 de 5\"><figure class=\"swiper-slide-inner\"><img decoding=\"async\" class=\"swiper-slide-image\" src=\"https:\/\/mundoanimalito.com\/wp-content\/uploads\/2024\/03\/61eMUMs8vL._AC_SL1200_-768x768.jpg\" alt=\"Avantis Pet Mini - Pienso para Perros Adultos de Razas Peque\u00f1as - 2 kg - Comida con Triple Acci\u00f3n Favorece el Sistema Inmune y Digesti\u00f3n - Altamente Digestiva con Pollo, Verduras y Arroz\" \/><\/figure><\/div><div class=\"swiper-slide\" role=\"group\" aria-roledescription=\"slide\" aria-label=\"5 de 5\"><figure class=\"swiper-slide-inner\"><img decoding=\"async\" class=\"swiper-slide-image\" src=\"https:\/\/mundoanimalito.com\/wp-content\/uploads\/2024\/03\/613uaCXPs3L._AC_SL1200_-768x768.jpg\" alt=\"Avantis Pet Mini - Pienso para Perros Adultos de Razas Peque\u00f1as - 2 kg - Comida con Triple Acci\u00f3n Favorece el Sistema Inmune y Digesti\u00f3n - Altamente Digestiva con Pollo, Verduras y Arroz\" \/><\/figure><\/div>\t\t\t<\/div>\n\t\t\t\t\t\t\t\t\t\t\t\t<div class=\"elementor-swiper-button elementor-swiper-button-prev\" role=\"button\" tabindex=\"0\">\n\t\t\t\t\t\t<i aria-hidden=\"true\" class=\"eicon-chevron-left\"><\/i>\t\t\t\t\t<\/div>\n\t\t\t\t\t<div class=\"elementor-swiper-button elementor-swiper-button-next\" role=\"button\" tabindex=\"0\">\n\t\t\t\t\t\t<i aria-hidden=\"true\" class=\"eicon-chevron-right\"><\/i>\t\t\t\t\t<\/div>\n\t\t\t\t\n\t\t\t\t\t\t\t\t\t<div class=\"swiper-pagination\"><\/div>\n\t\t\t\t\t\t\t\t\t<\/div>\n\t\t\t\t\t\t<\/div>\n\t\t\t\t<\/div>\n\t\t\t\t\t<\/div>\n\t\t\t\t<\/div>\n\t\t<div class=\"elementor-element elementor-element-11171ca e-flex e-con-boxed e-con e-parent\" data-id=\"11171ca\" data-element_type=\"container\" data-e-type=\"container\">\n\t\t\t\t\t<div class=\"e-con-inner\">\n\t\t\t\t<div class=\"elementor-element elementor-element-318edee elementor-align-right elementor-widget elementor-widget-button\" data-id=\"318edee\" data-element_type=\"widget\" data-e-type=\"widget\" data-widget_type=\"button.default\">\n\t\t\t\t<div class=\"elementor-widget-container\">\n\t\t\t\t\t\t\t\t\t<div class=\"elementor-button-wrapper\">\n\t\t\t\t\t<a class=\"elementor-button elementor-button-link elementor-size-sm\" href=\"https:\/\/amzn.to\/3IHCGmD\">\n\t\t\t\t\t\t<span class=\"elementor-button-content-wrapper\">\n\t\t\t\t\t\t\t\t\t<span class=\"elementor-button-text\">Compra ahora en Amazon<\/span>\n\t\t\t\t\t<\/span>\n\t\t\t\t\t<\/a>\n\t\t\t\t<\/div>\n\t\t\t\t\t\t\t\t<\/div>\n\t\t\t\t<\/div>\n\t\t\t\t\t<\/div>\n\t\t\t\t<\/div>\n\t\t\t\t<\/div>\n\t\t","protected":false},"excerpt":{"rendered":"<p>\u00a1Cuida a tu peque\u00f1o amigo de cuatro patas con Avantis Pet Mini! Este pienso especializado est\u00e1 dise\u00f1ado pensando en las necesidades \u00fanicas de los perros de razas peque\u00f1as \ud83e\udd58 Ingredientes de calidad: Elaborado por veterinarios profesionales, Avantis Pet Mini contiene una sabia combinaci\u00f3n de pollo, verduras y cereales, asegurando una alimentaci\u00f3n rica en nutrientes esenciales [&hellip;]<\/p>\n","protected":false},"author":1,"featured_media":0,"parent":0,"menu_order":0,"comment_status":"closed","ping_status":"closed","template":"","meta":{"site-sidebar-layout":"no-sidebar","site-content-layout":"page-builder","ast-site-content-layout":"full-width-container","site-content-style":"default","site-sidebar-style":"default","ast-global-header-display":"","ast-banner-title-visibility":"","ast-main-header-display":"","ast-hfb-above-header-display":"","ast-hfb-below-header-display":"","ast-hfb-mobile-header-display":"","site-post-title":"disabled","ast-breadcrumbs-content":"","ast-featured-img":"disabled","footer-sml-layout":"","ast-disable-related-posts":"","theme-transparent-header-meta":"","adv-header-id-meta":"","stick-header-meta":"","header-above-stick-meta":"","header-main-stick-meta":"","header-below-stick-meta":"","astra-migrate-meta-layouts":"set","ast-page-background-enabled":"default","ast-page-background-meta":{"desktop":{"background-color":"var(--ast-global-color-4)","background-image":"","background-repeat":"repeat","background-position":"center center","background-size":"auto","background-attachment":"scroll","background-type":"","background-media":"","overlay-type":"","overlay-color":"","overlay-opacity":"","overlay-gradient":""},"tablet":{"background-color":"","background-image":"","background-repeat":"repeat","background-position":"center center","background-size":"auto","background-attachment":"scroll","background-type":"","background-media":"","overlay-type":"","overlay-color":"","overlay-opacity":"","overlay-gradient":""},"mobile":{"background-color":"","background-image":"","background-repeat":"repeat","background-position":"center center","background-size":"auto","background-attachment":"scroll","background-type":"","background-media":"","overlay-type":"","overlay-color":"","overlay-opacity":"","overlay-gradient":""}},"ast-content-background-meta":{"desktop":{"background-color":"var(--ast-global-color-5)","background-image":"","background-repeat":"repeat","background-position":"center center","background-size":"auto","background-attachment":"scroll","background-type":"","background-media":"","overlay-type":"","overlay-color":"","overlay-opacity":"","overlay-gradient":""},"tablet":{"background-color":"var(--ast-global-color-5)","background-image":"","background-repeat":"repeat","background-position":"center center","background-size":"auto","background-attachment":"scroll","background-type":"","background-media":"","overlay-type":"","overlay-color":"","overlay-opacity":"","overlay-gradient":""},"mobile":{"background-color":"var(--ast-global-color-5)","background-image":"","background-repeat":"repeat","background-position":"center center","background-size":"auto","background-attachment":"scroll","background-type":"","background-media":"","overlay-type":"","overlay-color":"","overlay-opacity":"","overlay-gradient":""}},"footnotes":""},"class_list":["post-16286","page","type-page","status-publish","hentry"],"yoast_head":"<!-- This site is optimized with the Yoast SEO plugin v27.4 - https:\/\/yoast.com\/product\/yoast-seo-wordpress\/ -->\n<title>Avantis Pet Mini - Pienso para Perros Adultos de Razas Peque\u00f1as | Mundo Animalito<\/title>\n<meta name=\"description\" content=\"Avantis Pet Mini - Pienso para Perros Adultos de Razas Peque\u00f1as - 2 kg - Comida con Triple Acci\u00f3n Favorece el Sistema Inmune y Digesti\u00f3n - Altamente Digestiva con Pollo, Verduras y Arroz\" \/>\n<meta name=\"robots\" content=\"index, follow, max-snippet:-1, max-image-preview:large, max-video-preview:-1\" \/>\n<link rel=\"canonical\" href=\"https:\/\/mundoanimalito.com\/index.php\/avantis-pet-mini\/\" \/>\n<meta property=\"og:locale\" content=\"es_ES\" \/>\n<meta property=\"og:type\" content=\"article\" \/>\n<meta property=\"og:title\" content=\"Avantis Pet Mini - Pienso para Perros Adultos de Razas Peque\u00f1as | Mundo Animalito\" \/>\n<meta property=\"og:description\" content=\"Avantis Pet Mini - Pienso para Perros Adultos de Razas Peque\u00f1as - 2 kg - Comida con Triple Acci\u00f3n Favorece el Sistema Inmune y Digesti\u00f3n - Altamente Digestiva con Pollo, Verduras y Arroz\" \/>\n<meta property=\"og:url\" content=\"https:\/\/mundoanimalito.com\/index.php\/avantis-pet-mini\/\" \/>\n<meta property=\"og:site_name\" content=\"Mundo Animalito\" \/>\n<meta property=\"article:publisher\" content=\"https:\/\/www.facebook.com\/mundoanimalito77\" \/>\n<meta property=\"article:modified_time\" content=\"2024-09-03T22:23:43+00:00\" \/>\n<meta property=\"og:image\" content=\"https:\/\/mundoanimalito.com\/wp-content\/uploads\/2024\/03\/516Wbux9HAL._AC_SL1200_-905x1024.jpg\" \/>\n<meta name=\"twitter:card\" content=\"summary_large_image\" \/>\n<meta name=\"twitter:label1\" content=\"Tiempo de lectura\" \/>\n\t<meta name=\"twitter:data1\" content=\"3 minutos\" \/>\n<script type=\"application\/ld+json\" class=\"yoast-schema-graph\">{\"@context\":\"https:\\\/\\\/schema.org\",\"@graph\":[{\"@type\":\"WebPage\",\"@id\":\"https:\\\/\\\/mundoanimalito.com\\\/index.php\\\/avantis-pet-mini\\\/\",\"url\":\"https:\\\/\\\/mundoanimalito.com\\\/index.php\\\/avantis-pet-mini\\\/\",\"name\":\"Avantis Pet Mini - Pienso para Perros Adultos de Razas Peque\u00f1as | Mundo Animalito\",\"isPartOf\":{\"@id\":\"https:\\\/\\\/mundoanimalito.com\\\/#website\"},\"primaryImageOfPage\":{\"@id\":\"https:\\\/\\\/mundoanimalito.com\\\/index.php\\\/avantis-pet-mini\\\/#primaryimage\"},\"image\":{\"@id\":\"https:\\\/\\\/mundoanimalito.com\\\/index.php\\\/avantis-pet-mini\\\/#primaryimage\"},\"thumbnailUrl\":\"https:\\\/\\\/mundoanimalito.com\\\/wp-content\\\/uploads\\\/2024\\\/03\\\/516Wbux9HAL._AC_SL1200_-905x1024.jpg\",\"datePublished\":\"2024-03-19T21:58:05+00:00\",\"dateModified\":\"2024-09-03T22:23:43+00:00\",\"description\":\"Avantis Pet Mini - Pienso para Perros Adultos de Razas Peque\u00f1as - 2 kg - Comida con Triple Acci\u00f3n Favorece el Sistema Inmune y Digesti\u00f3n - Altamente Digestiva con Pollo, Verduras y Arroz\",\"breadcrumb\":{\"@id\":\"https:\\\/\\\/mundoanimalito.com\\\/index.php\\\/avantis-pet-mini\\\/#breadcrumb\"},\"inLanguage\":\"es\",\"potentialAction\":[{\"@type\":\"ReadAction\",\"target\":[\"https:\\\/\\\/mundoanimalito.com\\\/index.php\\\/avantis-pet-mini\\\/\"]}]},{\"@type\":\"ImageObject\",\"inLanguage\":\"es\",\"@id\":\"https:\\\/\\\/mundoanimalito.com\\\/index.php\\\/avantis-pet-mini\\\/#primaryimage\",\"url\":\"https:\\\/\\\/mundoanimalito.com\\\/wp-content\\\/uploads\\\/2024\\\/03\\\/516Wbux9HAL._AC_SL1200_.jpg\",\"contentUrl\":\"https:\\\/\\\/mundoanimalito.com\\\/wp-content\\\/uploads\\\/2024\\\/03\\\/516Wbux9HAL._AC_SL1200_.jpg\",\"width\":944,\"height\":1068,\"caption\":\"Avantis Pet Mini\"},{\"@type\":\"BreadcrumbList\",\"@id\":\"https:\\\/\\\/mundoanimalito.com\\\/index.php\\\/avantis-pet-mini\\\/#breadcrumb\",\"itemListElement\":[{\"@type\":\"ListItem\",\"position\":1,\"name\":\"Portada\",\"item\":\"https:\\\/\\\/mundoanimalito.com\\\/\"},{\"@type\":\"ListItem\",\"position\":2,\"name\":\"Avantis Pet Mini\"}]},{\"@type\":\"WebSite\",\"@id\":\"https:\\\/\\\/mundoanimalito.com\\\/#website\",\"url\":\"https:\\\/\\\/mundoanimalito.com\\\/\",\"name\":\"Mundo Animalito\",\"description\":\"Datos y curiosidades de los animales, encuentra ac\u00e1 todo para tu mascota\",\"publisher\":{\"@id\":\"https:\\\/\\\/mundoanimalito.com\\\/#organization\"},\"potentialAction\":[{\"@type\":\"SearchAction\",\"target\":{\"@type\":\"EntryPoint\",\"urlTemplate\":\"https:\\\/\\\/mundoanimalito.com\\\/?s={search_term_string}\"},\"query-input\":{\"@type\":\"PropertyValueSpecification\",\"valueRequired\":true,\"valueName\":\"search_term_string\"}}],\"inLanguage\":\"es\"},{\"@type\":\"Organization\",\"@id\":\"https:\\\/\\\/mundoanimalito.com\\\/#organization\",\"name\":\"Mundo Animalito\",\"url\":\"https:\\\/\\\/mundoanimalito.com\\\/\",\"logo\":{\"@type\":\"ImageObject\",\"inLanguage\":\"es\",\"@id\":\"https:\\\/\\\/mundoanimalito.com\\\/#\\\/schema\\\/logo\\\/image\\\/\",\"url\":\"https:\\\/\\\/mundoanimalito.com\\\/wp-content\\\/uploads\\\/2023\\\/10\\\/cropped-cropped-LOGO-OFICIAL-ULTIMA-VERSION-1.jpg\",\"contentUrl\":\"https:\\\/\\\/mundoanimalito.com\\\/wp-content\\\/uploads\\\/2023\\\/10\\\/cropped-cropped-LOGO-OFICIAL-ULTIMA-VERSION-1.jpg\",\"width\":374,\"height\":425,\"caption\":\"Mundo Animalito\"},\"image\":{\"@id\":\"https:\\\/\\\/mundoanimalito.com\\\/#\\\/schema\\\/logo\\\/image\\\/\"},\"sameAs\":[\"https:\\\/\\\/www.facebook.com\\\/mundoanimalito77\",\"https:\\\/\\\/www.instagram.com\\\/mundoanimalito77\\\/\",\"https:\\\/\\\/www.tiktok.com\\\/@mundoanimalito77\",\"https:\\\/\\\/www.youtube.com\\\/channel\\\/UCLo2JhNUNtHVraDt5aHadew\"]}]}<\/script>\n<!-- \/ Yoast SEO plugin. -->","yoast_head_json":{"title":"Avantis Pet Mini - Pienso para Perros Adultos de Razas Peque\u00f1as | Mundo Animalito","description":"Avantis Pet Mini - Pienso para Perros Adultos de Razas Peque\u00f1as - 2 kg - Comida con Triple Acci\u00f3n Favorece el Sistema Inmune y Digesti\u00f3n - Altamente Digestiva con Pollo, Verduras y Arroz","robots":{"index":"index","follow":"follow","max-snippet":"max-snippet:-1","max-image-preview":"max-image-preview:large","max-video-preview":"max-video-preview:-1"},"canonical":"https:\/\/mundoanimalito.com\/index.php\/avantis-pet-mini\/","og_locale":"es_ES","og_type":"article","og_title":"Avantis Pet Mini - Pienso para Perros Adultos de Razas Peque\u00f1as | Mundo Animalito","og_description":"Avantis Pet Mini - Pienso para Perros Adultos de Razas Peque\u00f1as - 2 kg - Comida con Triple Acci\u00f3n Favorece el Sistema Inmune y Digesti\u00f3n - Altamente Digestiva con Pollo, Verduras y Arroz","og_url":"https:\/\/mundoanimalito.com\/index.php\/avantis-pet-mini\/","og_site_name":"Mundo Animalito","article_publisher":"https:\/\/www.facebook.com\/mundoanimalito77","article_modified_time":"2024-09-03T22:23:43+00:00","og_image":[{"url":"https:\/\/mundoanimalito.com\/wp-content\/uploads\/2024\/03\/516Wbux9HAL._AC_SL1200_-905x1024.jpg","type":"","width":"","height":""}],"twitter_card":"summary_large_image","twitter_misc":{"Tiempo de lectura":"3 minutos"},"schema":{"@context":"https:\/\/schema.org","@graph":[{"@type":"WebPage","@id":"https:\/\/mundoanimalito.com\/index.php\/avantis-pet-mini\/","url":"https:\/\/mundoanimalito.com\/index.php\/avantis-pet-mini\/","name":"Avantis Pet Mini - Pienso para Perros Adultos de Razas Peque\u00f1as | Mundo Animalito","isPartOf":{"@id":"https:\/\/mundoanimalito.com\/#website"},"primaryImageOfPage":{"@id":"https:\/\/mundoanimalito.com\/index.php\/avantis-pet-mini\/#primaryimage"},"image":{"@id":"https:\/\/mundoanimalito.com\/index.php\/avantis-pet-mini\/#primaryimage"},"thumbnailUrl":"https:\/\/mundoanimalito.com\/wp-content\/uploads\/2024\/03\/516Wbux9HAL._AC_SL1200_-905x1024.jpg","datePublished":"2024-03-19T21:58:05+00:00","dateModified":"2024-09-03T22:23:43+00:00","description":"Avantis Pet Mini - Pienso para Perros Adultos de Razas Peque\u00f1as - 2 kg - Comida con Triple Acci\u00f3n Favorece el Sistema Inmune y Digesti\u00f3n - Altamente Digestiva con Pollo, Verduras y Arroz","breadcrumb":{"@id":"https:\/\/mundoanimalito.com\/index.php\/avantis-pet-mini\/#breadcrumb"},"inLanguage":"es","potentialAction":[{"@type":"ReadAction","target":["https:\/\/mundoanimalito.com\/index.php\/avantis-pet-mini\/"]}]},{"@type":"ImageObject","inLanguage":"es","@id":"https:\/\/mundoanimalito.com\/index.php\/avantis-pet-mini\/#primaryimage","url":"https:\/\/mundoanimalito.com\/wp-content\/uploads\/2024\/03\/516Wbux9HAL._AC_SL1200_.jpg","contentUrl":"https:\/\/mundoanimalito.com\/wp-content\/uploads\/2024\/03\/516Wbux9HAL._AC_SL1200_.jpg","width":944,"height":1068,"caption":"Avantis Pet Mini"},{"@type":"BreadcrumbList","@id":"https:\/\/mundoanimalito.com\/index.php\/avantis-pet-mini\/#breadcrumb","itemListElement":[{"@type":"ListItem","position":1,"name":"Portada","item":"https:\/\/mundoanimalito.com\/"},{"@type":"ListItem","position":2,"name":"Avantis Pet Mini"}]},{"@type":"WebSite","@id":"https:\/\/mundoanimalito.com\/#website","url":"https:\/\/mundoanimalito.com\/","name":"Mundo Animalito","description":"Datos y curiosidades de los animales, encuentra ac\u00e1 todo para tu mascota","publisher":{"@id":"https:\/\/mundoanimalito.com\/#organization"},"potentialAction":[{"@type":"SearchAction","target":{"@type":"EntryPoint","urlTemplate":"https:\/\/mundoanimalito.com\/?s={search_term_string}"},"query-input":{"@type":"PropertyValueSpecification","valueRequired":true,"valueName":"search_term_string"}}],"inLanguage":"es"},{"@type":"Organization","@id":"https:\/\/mundoanimalito.com\/#organization","name":"Mundo Animalito","url":"https:\/\/mundoanimalito.com\/","logo":{"@type":"ImageObject","inLanguage":"es","@id":"https:\/\/mundoanimalito.com\/#\/schema\/logo\/image\/","url":"https:\/\/mundoanimalito.com\/wp-content\/uploads\/2023\/10\/cropped-cropped-LOGO-OFICIAL-ULTIMA-VERSION-1.jpg","contentUrl":"https:\/\/mundoanimalito.com\/wp-content\/uploads\/2023\/10\/cropped-cropped-LOGO-OFICIAL-ULTIMA-VERSION-1.jpg","width":374,"height":425,"caption":"Mundo Animalito"},"image":{"@id":"https:\/\/mundoanimalito.com\/#\/schema\/logo\/image\/"},"sameAs":["https:\/\/www.facebook.com\/mundoanimalito77","https:\/\/www.instagram.com\/mundoanimalito77\/","https:\/\/www.tiktok.com\/@mundoanimalito77","https:\/\/www.youtube.com\/channel\/UCLo2JhNUNtHVraDt5aHadew"]}]}},"_links":{"self":[{"href":"https:\/\/mundoanimalito.com\/index.php\/wp-json\/wp\/v2\/pages\/16286","targetHints":{"allow":["GET"]}}],"collection":[{"href":"https:\/\/mundoanimalito.com\/index.php\/wp-json\/wp\/v2\/pages"}],"about":[{"href":"https:\/\/mundoanimalito.com\/index.php\/wp-json\/wp\/v2\/types\/page"}],"author":[{"embeddable":true,"href":"https:\/\/mundoanimalito.com\/index.php\/wp-json\/wp\/v2\/users\/1"}],"replies":[{"embeddable":true,"href":"https:\/\/mundoanimalito.com\/index.php\/wp-json\/wp\/v2\/comments?post=16286"}],"version-history":[{"count":0,"href":"https:\/\/mundoanimalito.com\/index.php\/wp-json\/wp\/v2\/pages\/16286\/revisions"}],"wp:attachment":[{"href":"https:\/\/mundoanimalito.com\/index.php\/wp-json\/wp\/v2\/media?parent=16286"}],"curies":[{"name":"wp","href":"https:\/\/api.w.org\/{rel}","templated":true}]}}