{"id":16122,"date":"2024-03-19T08:38:37","date_gmt":"2024-03-19T13:38:37","guid":{"rendered":"https:\/\/mundoanimalito.com\/?page_id=16122"},"modified":"2024-09-04T17:24:53","modified_gmt":"2024-09-04T22:24:53","slug":"eukanuba-alimento-fresco-para-perros-con-pollo-para-razas-pequenas","status":"publish","type":"page","link":"https:\/\/mundoanimalito.com\/index.php\/eukanuba-alimento-fresco-para-perros-con-pollo-para-razas-pequenas\/","title":{"rendered":"Eukanuba Alimento fresco para perros con pollo para razas peque\u00f1as"},"content":{"rendered":"\t\t<div data-elementor-type=\"wp-page\" data-elementor-id=\"16122\" class=\"elementor elementor-16122\" data-elementor-post-type=\"page\">\n\t\t\t\t<div class=\"elementor-element elementor-element-595085e e-flex e-con-boxed e-con e-parent\" data-id=\"595085e\" data-element_type=\"container\" data-e-type=\"container\">\n\t\t\t\t\t<div class=\"e-con-inner\">\n\t\t\t\t<div class=\"elementor-element elementor-element-00246ec elementor-invisible elementor-widget elementor-widget-heading\" data-id=\"00246ec\" data-element_type=\"widget\" data-e-type=\"widget\" data-settings=\"{&quot;_animation&quot;:&quot;fadeInDown&quot;}\" data-widget_type=\"heading.default\">\n\t\t\t\t<div class=\"elementor-widget-container\">\n\t\t\t\t\t<h2 class=\"elementor-heading-title elementor-size-default\">\u00a1Cuida a tu mejor amigo con lo mejor que la naturaleza tiene para ofrecer! Presentamos Eukanuba, un alimento de primera calidad dise\u00f1ado especialmente para perros adultos de razas peque\u00f1as, <\/h2>\t\t\t\t<\/div>\n\t\t\t\t<\/div>\n\t\t\t\t\t<\/div>\n\t\t\t\t<\/div>\n\t\t<div class=\"elementor-element elementor-element-a6c171c e-flex e-con-boxed e-con e-parent\" data-id=\"a6c171c\" data-element_type=\"container\" data-e-type=\"container\">\n\t\t\t\t\t<div class=\"e-con-inner\">\n\t\t<div class=\"elementor-element elementor-element-5ef4e9f e-con-full e-flex e-con e-child\" data-id=\"5ef4e9f\" data-element_type=\"container\" data-e-type=\"container\">\n\t\t\t\t<div class=\"elementor-element elementor-element-d6c6776 elementor-widget elementor-widget-image\" data-id=\"d6c6776\" data-element_type=\"widget\" data-e-type=\"widget\" data-widget_type=\"image.default\">\n\t\t\t\t<div class=\"elementor-widget-container\">\n\t\t\t\t\t\t\t\t\t\t\t\t\t\t\t\t<a href=\"https:\/\/amzn.to\/3Voholu\">\n\t\t\t\t\t\t\t<img fetchpriority=\"high\" decoding=\"async\" width=\"615\" height=\"1024\" src=\"https:\/\/mundoanimalito.com\/wp-content\/uploads\/2024\/03\/81X2UsQBhL._AC_SL1500_-615x1024.jpg\" class=\"attachment-large size-large wp-image-16094\" alt=\"Eukanuba Alimento fresco para perros con pollo para razas peque\u00f1as\" srcset=\"https:\/\/mundoanimalito.com\/wp-content\/uploads\/2024\/03\/81X2UsQBhL._AC_SL1500_-615x1024.jpg 615w, https:\/\/mundoanimalito.com\/wp-content\/uploads\/2024\/03\/81X2UsQBhL._AC_SL1500_-180x300.jpg 180w, https:\/\/mundoanimalito.com\/wp-content\/uploads\/2024\/03\/81X2UsQBhL._AC_SL1500_-768x1279.jpg 768w, https:\/\/mundoanimalito.com\/wp-content\/uploads\/2024\/03\/81X2UsQBhL._AC_SL1500_.jpg 901w\" sizes=\"(max-width: 615px) 100vw, 615px\" \/>\t\t\t\t\t\t\t\t<\/a>\n\t\t\t\t\t\t\t\t\t\t\t\t\t\t\t<\/div>\n\t\t\t\t<\/div>\n\t\t\t\t<\/div>\n\t\t<div class=\"elementor-element elementor-element-49e4056 e-con-full e-flex e-con e-child\" data-id=\"49e4056\" data-element_type=\"container\" data-e-type=\"container\">\n\t\t\t\t<div class=\"elementor-element elementor-element-a7e92a3 elementor-widget elementor-widget-text-editor\" data-id=\"a7e92a3\" data-element_type=\"widget\" data-e-type=\"widget\" data-widget_type=\"text-editor.default\">\n\t\t\t\t<div class=\"elementor-widget-container\">\n\t\t\t\t\t\t\t\t\t<p>\ud83c\udf57 <strong>Pollo fresco de calidad:<\/strong> El pollo fresco es la estrella de esta f\u00f3rmula, proporcionando prote\u00ednas de f\u00e1cil digesti\u00f3n para mantener m\u00fasculos fuertes y magros, adem\u00e1s de ser altamente palatable para tu perro.<\/p><p>\u00a0<\/p><p>\ud83e\udd66 <strong>Digesti\u00f3n saludable:<\/strong> Con prebi\u00f3ticos FOS y pulpa de remolacha, este alimento favorece una digesti\u00f3n saludable, asegurando que tu perro pueda absorber todos los nutrientes de manera eficiente.<\/p><p>\u00a0<\/p><p>\ud83c\udfcb\ufe0f <strong>Control de peso:<\/strong> La f\u00f3rmula con L-carnitina promueve el metabolismo de los l\u00edpidos, ayudando a mantener un peso ideal y reduciendo el estr\u00e9s en las articulaciones, garantizando as\u00ed una vida activa y c\u00f3moda para tu mascota.<\/p><p>\u00a0<\/p><p>\ud83e\uddb7 <strong>Cuidado dental:<\/strong> Las croquetas con forma hexagonal no solo son deliciosas, sino que tambi\u00e9n favorecen la higiene dental al estimular el tejido y adaptarse a las diferentes posiciones de los dientes, manteni\u00e9ndolos limpios y saludables.<\/p><p>\u00a0<\/p><p>\ud83c\udf1f <strong>Piel y pelaje saludables:<\/strong> Enriquecido con omega 6 y omega 3, junto con vitaminas E y C, este alimento promueve una piel sana y un pelaje brillante, asegurando que tu perro luzca su mejor aspecto en todo momento.<\/p><p>\u00a0<\/p><p>Con Eukanuba, est\u00e1s brindando a tu perro no solo una comida deliciosa, sino tambi\u00e9n una nutrici\u00f3n completa y equilibrada que promueve su bienestar general y le permite disfrutar de una vida plena y activa. \u00a1Dale a tu mascota el cuidado que se merece con Eukanuba! \ud83d\udc3e<\/p>\t\t\t\t\t\t\t\t<\/div>\n\t\t\t\t<\/div>\n\t\t\t\t<div class=\"elementor-element elementor-element-1d40e65 elementor-align-right elementor-widget elementor-widget-button\" data-id=\"1d40e65\" data-element_type=\"widget\" data-e-type=\"widget\" data-widget_type=\"button.default\">\n\t\t\t\t<div class=\"elementor-widget-container\">\n\t\t\t\t\t\t\t\t\t<div class=\"elementor-button-wrapper\">\n\t\t\t\t\t<a class=\"elementor-button elementor-button-link elementor-size-sm\" href=\"https:\/\/amzn.to\/3Voholu\">\n\t\t\t\t\t\t<span class=\"elementor-button-content-wrapper\">\n\t\t\t\t\t\t\t\t\t<span class=\"elementor-button-text\">Compra ahora en Amazon<\/span>\n\t\t\t\t\t<\/span>\n\t\t\t\t\t<\/a>\n\t\t\t\t<\/div>\n\t\t\t\t\t\t\t\t<\/div>\n\t\t\t\t<\/div>\n\t\t\t\t<\/div>\n\t\t\t\t\t<\/div>\n\t\t\t\t<\/div>\n\t\t<div class=\"elementor-element elementor-element-601be07 e-flex e-con-boxed e-con e-parent\" data-id=\"601be07\" data-element_type=\"container\" data-e-type=\"container\">\n\t\t\t\t\t<div class=\"e-con-inner\">\n\t\t\t\t<div class=\"elementor-element elementor-element-5e2d369 elementor-arrows-position-inside elementor-pagination-position-outside elementor-widget elementor-widget-image-carousel\" data-id=\"5e2d369\" data-element_type=\"widget\" data-e-type=\"widget\" data-settings=\"{&quot;slides_to_show&quot;:&quot;1&quot;,&quot;navigation&quot;:&quot;both&quot;,&quot;autoplay&quot;:&quot;yes&quot;,&quot;pause_on_hover&quot;:&quot;yes&quot;,&quot;pause_on_interaction&quot;:&quot;yes&quot;,&quot;autoplay_speed&quot;:5000,&quot;infinite&quot;:&quot;yes&quot;,&quot;effect&quot;:&quot;slide&quot;,&quot;speed&quot;:500}\" data-widget_type=\"image-carousel.default\">\n\t\t\t\t<div class=\"elementor-widget-container\">\n\t\t\t\t\t\t\t<div class=\"elementor-image-carousel-wrapper swiper\" role=\"region\" aria-roledescription=\"carousel\" aria-label=\"Carrusel de im\u00e1genes\" dir=\"ltr\">\n\t\t\t<div class=\"elementor-image-carousel swiper-wrapper\" aria-live=\"off\">\n\t\t\t\t\t\t\t\t<div class=\"swiper-slide\" role=\"group\" aria-roledescription=\"slide\" aria-label=\"1 de 6\"><figure class=\"swiper-slide-inner\"><img decoding=\"async\" class=\"swiper-slide-image\" src=\"https:\/\/mundoanimalito.com\/wp-content\/uploads\/2024\/03\/81ylJT2sa3L._AC_SL1500_-768x1375.jpg\" alt=\"Eukanuba Alimento fresco para perros con pollo para razas peque\u00f1as, alimento seco de primera calidad para perros adultos, 3 kg\" \/><\/figure><\/div><div class=\"swiper-slide\" role=\"group\" aria-roledescription=\"slide\" aria-label=\"2 de 6\"><figure class=\"swiper-slide-inner\"><img decoding=\"async\" class=\"swiper-slide-image\" src=\"https:\/\/mundoanimalito.com\/wp-content\/uploads\/2024\/03\/81g5U5otaEL._AC_SL1500_-768x768.jpg\" alt=\"Eukanuba Alimento fresco para perros con pollo para razas peque\u00f1as, alimento seco de primera calidad para perros adultos, 3 kg\" \/><\/figure><\/div><div class=\"swiper-slide\" role=\"group\" aria-roledescription=\"slide\" aria-label=\"3 de 6\"><figure class=\"swiper-slide-inner\"><img decoding=\"async\" class=\"swiper-slide-image\" src=\"https:\/\/mundoanimalito.com\/wp-content\/uploads\/2024\/03\/81d25rxbvL._AC_SL1500_-768x868.jpg\" alt=\"Eukanuba Alimento fresco para perros con pollo para razas peque\u00f1as, alimento seco de primera calidad para perros adultos, 3 kg\" \/><\/figure><\/div><div class=\"swiper-slide\" role=\"group\" aria-roledescription=\"slide\" aria-label=\"4 de 6\"><figure class=\"swiper-slide-inner\"><img decoding=\"async\" class=\"swiper-slide-image\" src=\"https:\/\/mundoanimalito.com\/wp-content\/uploads\/2024\/03\/815noAIPoS._AC_SL1500_-768x768.jpg\" alt=\"Eukanuba Alimento fresco para perros con pollo para razas peque\u00f1as, alimento seco de primera calidad para perros adultos, 3 kg\" \/><\/figure><\/div><div class=\"swiper-slide\" role=\"group\" aria-roledescription=\"slide\" aria-label=\"5 de 6\"><figure class=\"swiper-slide-inner\"><img decoding=\"async\" class=\"swiper-slide-image\" src=\"https:\/\/mundoanimalito.com\/wp-content\/uploads\/2024\/03\/91pBi5BVo8L._AC_SL1500_-768x1371.jpg\" alt=\"Eukanuba Alimento fresco para perros con pollo para razas peque\u00f1as, alimento seco de primera calidad para perros adultos, 3 kg\" \/><\/figure><\/div><div class=\"swiper-slide\" role=\"group\" aria-roledescription=\"slide\" aria-label=\"6 de 6\"><figure class=\"swiper-slide-inner\"><img decoding=\"async\" class=\"swiper-slide-image\" src=\"https:\/\/mundoanimalito.com\/wp-content\/uploads\/2024\/03\/91qkxFnTg5L._AC_SL1500_-768x768.jpg\" alt=\"Eukanuba Alimento fresco para perros con pollo para razas peque\u00f1as, alimento seco de primera calidad para perros adultos, 3 kg\" \/><\/figure><\/div>\t\t\t<\/div>\n\t\t\t\t\t\t\t\t\t\t\t\t<div class=\"elementor-swiper-button elementor-swiper-button-prev\" role=\"button\" tabindex=\"0\">\n\t\t\t\t\t\t<i aria-hidden=\"true\" class=\"eicon-chevron-left\"><\/i>\t\t\t\t\t<\/div>\n\t\t\t\t\t<div class=\"elementor-swiper-button elementor-swiper-button-next\" role=\"button\" tabindex=\"0\">\n\t\t\t\t\t\t<i aria-hidden=\"true\" class=\"eicon-chevron-right\"><\/i>\t\t\t\t\t<\/div>\n\t\t\t\t\n\t\t\t\t\t\t\t\t\t<div class=\"swiper-pagination\"><\/div>\n\t\t\t\t\t\t\t\t\t<\/div>\n\t\t\t\t\t\t<\/div>\n\t\t\t\t<\/div>\n\t\t\t\t\t<\/div>\n\t\t\t\t<\/div>\n\t\t<div class=\"elementor-element elementor-element-6e1cca5 e-flex e-con-boxed e-con e-parent\" data-id=\"6e1cca5\" data-element_type=\"container\" data-e-type=\"container\">\n\t\t\t\t\t<div class=\"e-con-inner\">\n\t\t\t\t<div class=\"elementor-element elementor-element-97b47a4 elementor-align-right elementor-widget elementor-widget-button\" data-id=\"97b47a4\" data-element_type=\"widget\" data-e-type=\"widget\" data-widget_type=\"button.default\">\n\t\t\t\t<div class=\"elementor-widget-container\">\n\t\t\t\t\t\t\t\t\t<div class=\"elementor-button-wrapper\">\n\t\t\t\t\t<a class=\"elementor-button elementor-button-link elementor-size-sm\" href=\"https:\/\/amzn.to\/3Voholu\">\n\t\t\t\t\t\t<span class=\"elementor-button-content-wrapper\">\n\t\t\t\t\t\t\t\t\t<span class=\"elementor-button-text\">Compra ahora en Amazon<\/span>\n\t\t\t\t\t<\/span>\n\t\t\t\t\t<\/a>\n\t\t\t\t<\/div>\n\t\t\t\t\t\t\t\t<\/div>\n\t\t\t\t<\/div>\n\t\t\t\t\t<\/div>\n\t\t\t\t<\/div>\n\t\t\t\t<\/div>\n\t\t","protected":false},"excerpt":{"rendered":"<p>\u00a1Cuida a tu mejor amigo con lo mejor que la naturaleza tiene para ofrecer! Presentamos Eukanuba, un alimento de primera calidad dise\u00f1ado especialmente para perros adultos de razas peque\u00f1as, \ud83c\udf57 Pollo fresco de calidad: El pollo fresco es la estrella de esta f\u00f3rmula, proporcionando prote\u00ednas de f\u00e1cil digesti\u00f3n para mantener m\u00fasculos fuertes y magros, adem\u00e1s [&hellip;]<\/p>\n","protected":false},"author":1,"featured_media":0,"parent":0,"menu_order":0,"comment_status":"closed","ping_status":"closed","template":"","meta":{"site-sidebar-layout":"no-sidebar","site-content-layout":"page-builder","ast-site-content-layout":"full-width-container","site-content-style":"default","site-sidebar-style":"default","ast-global-header-display":"","ast-banner-title-visibility":"","ast-main-header-display":"","ast-hfb-above-header-display":"","ast-hfb-below-header-display":"","ast-hfb-mobile-header-display":"","site-post-title":"disabled","ast-breadcrumbs-content":"","ast-featured-img":"disabled","footer-sml-layout":"","ast-disable-related-posts":"","theme-transparent-header-meta":"","adv-header-id-meta":"","stick-header-meta":"","header-above-stick-meta":"","header-main-stick-meta":"","header-below-stick-meta":"","astra-migrate-meta-layouts":"set","ast-page-background-enabled":"default","ast-page-background-meta":{"desktop":{"background-color":"var(--ast-global-color-4)","background-image":"","background-repeat":"repeat","background-position":"center center","background-size":"auto","background-attachment":"scroll","background-type":"","background-media":"","overlay-type":"","overlay-color":"","overlay-opacity":"","overlay-gradient":""},"tablet":{"background-color":"","background-image":"","background-repeat":"repeat","background-position":"center center","background-size":"auto","background-attachment":"scroll","background-type":"","background-media":"","overlay-type":"","overlay-color":"","overlay-opacity":"","overlay-gradient":""},"mobile":{"background-color":"","background-image":"","background-repeat":"repeat","background-position":"center center","background-size":"auto","background-attachment":"scroll","background-type":"","background-media":"","overlay-type":"","overlay-color":"","overlay-opacity":"","overlay-gradient":""}},"ast-content-background-meta":{"desktop":{"background-color":"var(--ast-global-color-5)","background-image":"","background-repeat":"repeat","background-position":"center center","background-size":"auto","background-attachment":"scroll","background-type":"","background-media":"","overlay-type":"","overlay-color":"","overlay-opacity":"","overlay-gradient":""},"tablet":{"background-color":"var(--ast-global-color-5)","background-image":"","background-repeat":"repeat","background-position":"center center","background-size":"auto","background-attachment":"scroll","background-type":"","background-media":"","overlay-type":"","overlay-color":"","overlay-opacity":"","overlay-gradient":""},"mobile":{"background-color":"var(--ast-global-color-5)","background-image":"","background-repeat":"repeat","background-position":"center center","background-size":"auto","background-attachment":"scroll","background-type":"","background-media":"","overlay-type":"","overlay-color":"","overlay-opacity":"","overlay-gradient":""}},"footnotes":""},"class_list":["post-16122","page","type-page","status-publish","hentry"],"yoast_head":"<!-- This site is optimized with the Yoast SEO plugin v27.5 - https:\/\/yoast.com\/product\/yoast-seo-wordpress\/ -->\n<title>Eukanuba Alimento fresco para perros con pollo para razas peque\u00f1as | Mundo Animalito<\/title>\n<meta name=\"description\" content=\"Eukanuba Alimento fresco para perros con pollo para razas peque\u00f1as, alimento seco de primera calidad para perros adultos, 3 kg\" \/>\n<meta name=\"robots\" content=\"index, follow, max-snippet:-1, max-image-preview:large, max-video-preview:-1\" \/>\n<link rel=\"canonical\" href=\"https:\/\/mundoanimalito.com\/index.php\/eukanuba-alimento-fresco-para-perros-con-pollo-para-razas-pequenas\/\" \/>\n<meta property=\"og:locale\" content=\"es_ES\" \/>\n<meta property=\"og:type\" content=\"article\" \/>\n<meta property=\"og:title\" content=\"Eukanuba Alimento fresco para perros con pollo para razas peque\u00f1as | Mundo Animalito\" \/>\n<meta property=\"og:description\" content=\"Eukanuba Alimento fresco para perros con pollo para razas peque\u00f1as, alimento seco de primera calidad para perros adultos, 3 kg\" \/>\n<meta property=\"og:url\" content=\"https:\/\/mundoanimalito.com\/index.php\/eukanuba-alimento-fresco-para-perros-con-pollo-para-razas-pequenas\/\" \/>\n<meta property=\"og:site_name\" content=\"Mundo Animalito\" \/>\n<meta property=\"article:publisher\" content=\"https:\/\/www.facebook.com\/mundoanimalito77\" \/>\n<meta property=\"article:modified_time\" content=\"2024-09-04T22:24:53+00:00\" \/>\n<meta property=\"og:image\" content=\"https:\/\/mundoanimalito.com\/wp-content\/uploads\/2024\/03\/81X2UsQBhL._AC_SL1500_-615x1024.jpg\" \/>\n<meta name=\"twitter:card\" content=\"summary_large_image\" \/>\n<meta name=\"twitter:label1\" content=\"Tiempo de lectura\" \/>\n\t<meta name=\"twitter:data1\" content=\"3 minutos\" \/>\n<script type=\"application\/ld+json\" class=\"yoast-schema-graph\">{\"@context\":\"https:\\\/\\\/schema.org\",\"@graph\":[{\"@type\":\"WebPage\",\"@id\":\"https:\\\/\\\/mundoanimalito.com\\\/index.php\\\/eukanuba-alimento-fresco-para-perros-con-pollo-para-razas-pequenas\\\/\",\"url\":\"https:\\\/\\\/mundoanimalito.com\\\/index.php\\\/eukanuba-alimento-fresco-para-perros-con-pollo-para-razas-pequenas\\\/\",\"name\":\"Eukanuba Alimento fresco para perros con pollo para razas peque\u00f1as | Mundo Animalito\",\"isPartOf\":{\"@id\":\"https:\\\/\\\/mundoanimalito.com\\\/#website\"},\"primaryImageOfPage\":{\"@id\":\"https:\\\/\\\/mundoanimalito.com\\\/index.php\\\/eukanuba-alimento-fresco-para-perros-con-pollo-para-razas-pequenas\\\/#primaryimage\"},\"image\":{\"@id\":\"https:\\\/\\\/mundoanimalito.com\\\/index.php\\\/eukanuba-alimento-fresco-para-perros-con-pollo-para-razas-pequenas\\\/#primaryimage\"},\"thumbnailUrl\":\"https:\\\/\\\/mundoanimalito.com\\\/wp-content\\\/uploads\\\/2024\\\/03\\\/81X2UsQBhL._AC_SL1500_-615x1024.jpg\",\"datePublished\":\"2024-03-19T13:38:37+00:00\",\"dateModified\":\"2024-09-04T22:24:53+00:00\",\"description\":\"Eukanuba Alimento fresco para perros con pollo para razas peque\u00f1as, alimento seco de primera calidad para perros adultos, 3 kg\",\"breadcrumb\":{\"@id\":\"https:\\\/\\\/mundoanimalito.com\\\/index.php\\\/eukanuba-alimento-fresco-para-perros-con-pollo-para-razas-pequenas\\\/#breadcrumb\"},\"inLanguage\":\"es\",\"potentialAction\":[{\"@type\":\"ReadAction\",\"target\":[\"https:\\\/\\\/mundoanimalito.com\\\/index.php\\\/eukanuba-alimento-fresco-para-perros-con-pollo-para-razas-pequenas\\\/\"]}]},{\"@type\":\"ImageObject\",\"inLanguage\":\"es\",\"@id\":\"https:\\\/\\\/mundoanimalito.com\\\/index.php\\\/eukanuba-alimento-fresco-para-perros-con-pollo-para-razas-pequenas\\\/#primaryimage\",\"url\":\"https:\\\/\\\/mundoanimalito.com\\\/wp-content\\\/uploads\\\/2024\\\/03\\\/81X2UsQBhL._AC_SL1500_.jpg\",\"contentUrl\":\"https:\\\/\\\/mundoanimalito.com\\\/wp-content\\\/uploads\\\/2024\\\/03\\\/81X2UsQBhL._AC_SL1500_.jpg\",\"width\":901,\"height\":1500,\"caption\":\"Eukanuba Alimento fresco para perros con pollo para razas peque\u00f1as\"},{\"@type\":\"BreadcrumbList\",\"@id\":\"https:\\\/\\\/mundoanimalito.com\\\/index.php\\\/eukanuba-alimento-fresco-para-perros-con-pollo-para-razas-pequenas\\\/#breadcrumb\",\"itemListElement\":[{\"@type\":\"ListItem\",\"position\":1,\"name\":\"Portada\",\"item\":\"https:\\\/\\\/mundoanimalito.com\\\/\"},{\"@type\":\"ListItem\",\"position\":2,\"name\":\"Eukanuba Alimento fresco para perros con pollo para razas peque\u00f1as\"}]},{\"@type\":\"WebSite\",\"@id\":\"https:\\\/\\\/mundoanimalito.com\\\/#website\",\"url\":\"https:\\\/\\\/mundoanimalito.com\\\/\",\"name\":\"Mundo Animalito\",\"description\":\"Datos y curiosidades de los animales, encuentra ac\u00e1 todo para tu mascota\",\"publisher\":{\"@id\":\"https:\\\/\\\/mundoanimalito.com\\\/#organization\"},\"potentialAction\":[{\"@type\":\"SearchAction\",\"target\":{\"@type\":\"EntryPoint\",\"urlTemplate\":\"https:\\\/\\\/mundoanimalito.com\\\/?s={search_term_string}\"},\"query-input\":{\"@type\":\"PropertyValueSpecification\",\"valueRequired\":true,\"valueName\":\"search_term_string\"}}],\"inLanguage\":\"es\"},{\"@type\":\"Organization\",\"@id\":\"https:\\\/\\\/mundoanimalito.com\\\/#organization\",\"name\":\"Mundo Animalito\",\"url\":\"https:\\\/\\\/mundoanimalito.com\\\/\",\"logo\":{\"@type\":\"ImageObject\",\"inLanguage\":\"es\",\"@id\":\"https:\\\/\\\/mundoanimalito.com\\\/#\\\/schema\\\/logo\\\/image\\\/\",\"url\":\"https:\\\/\\\/mundoanimalito.com\\\/wp-content\\\/uploads\\\/2023\\\/10\\\/cropped-cropped-LOGO-OFICIAL-ULTIMA-VERSION-1.jpg\",\"contentUrl\":\"https:\\\/\\\/mundoanimalito.com\\\/wp-content\\\/uploads\\\/2023\\\/10\\\/cropped-cropped-LOGO-OFICIAL-ULTIMA-VERSION-1.jpg\",\"width\":374,\"height\":425,\"caption\":\"Mundo Animalito\"},\"image\":{\"@id\":\"https:\\\/\\\/mundoanimalito.com\\\/#\\\/schema\\\/logo\\\/image\\\/\"},\"sameAs\":[\"https:\\\/\\\/www.facebook.com\\\/mundoanimalito77\",\"https:\\\/\\\/www.instagram.com\\\/mundoanimalito77\\\/\",\"https:\\\/\\\/www.tiktok.com\\\/@mundoanimalito77\",\"https:\\\/\\\/www.youtube.com\\\/channel\\\/UCLo2JhNUNtHVraDt5aHadew\"]}]}<\/script>\n<!-- \/ Yoast SEO plugin. -->","yoast_head_json":{"title":"Eukanuba Alimento fresco para perros con pollo para razas peque\u00f1as | Mundo Animalito","description":"Eukanuba Alimento fresco para perros con pollo para razas peque\u00f1as, alimento seco de primera calidad para perros adultos, 3 kg","robots":{"index":"index","follow":"follow","max-snippet":"max-snippet:-1","max-image-preview":"max-image-preview:large","max-video-preview":"max-video-preview:-1"},"canonical":"https:\/\/mundoanimalito.com\/index.php\/eukanuba-alimento-fresco-para-perros-con-pollo-para-razas-pequenas\/","og_locale":"es_ES","og_type":"article","og_title":"Eukanuba Alimento fresco para perros con pollo para razas peque\u00f1as | Mundo Animalito","og_description":"Eukanuba Alimento fresco para perros con pollo para razas peque\u00f1as, alimento seco de primera calidad para perros adultos, 3 kg","og_url":"https:\/\/mundoanimalito.com\/index.php\/eukanuba-alimento-fresco-para-perros-con-pollo-para-razas-pequenas\/","og_site_name":"Mundo Animalito","article_publisher":"https:\/\/www.facebook.com\/mundoanimalito77","article_modified_time":"2024-09-04T22:24:53+00:00","og_image":[{"url":"https:\/\/mundoanimalito.com\/wp-content\/uploads\/2024\/03\/81X2UsQBhL._AC_SL1500_-615x1024.jpg","type":"","width":"","height":""}],"twitter_card":"summary_large_image","twitter_misc":{"Tiempo de lectura":"3 minutos"},"schema":{"@context":"https:\/\/schema.org","@graph":[{"@type":"WebPage","@id":"https:\/\/mundoanimalito.com\/index.php\/eukanuba-alimento-fresco-para-perros-con-pollo-para-razas-pequenas\/","url":"https:\/\/mundoanimalito.com\/index.php\/eukanuba-alimento-fresco-para-perros-con-pollo-para-razas-pequenas\/","name":"Eukanuba Alimento fresco para perros con pollo para razas peque\u00f1as | Mundo Animalito","isPartOf":{"@id":"https:\/\/mundoanimalito.com\/#website"},"primaryImageOfPage":{"@id":"https:\/\/mundoanimalito.com\/index.php\/eukanuba-alimento-fresco-para-perros-con-pollo-para-razas-pequenas\/#primaryimage"},"image":{"@id":"https:\/\/mundoanimalito.com\/index.php\/eukanuba-alimento-fresco-para-perros-con-pollo-para-razas-pequenas\/#primaryimage"},"thumbnailUrl":"https:\/\/mundoanimalito.com\/wp-content\/uploads\/2024\/03\/81X2UsQBhL._AC_SL1500_-615x1024.jpg","datePublished":"2024-03-19T13:38:37+00:00","dateModified":"2024-09-04T22:24:53+00:00","description":"Eukanuba Alimento fresco para perros con pollo para razas peque\u00f1as, alimento seco de primera calidad para perros adultos, 3 kg","breadcrumb":{"@id":"https:\/\/mundoanimalito.com\/index.php\/eukanuba-alimento-fresco-para-perros-con-pollo-para-razas-pequenas\/#breadcrumb"},"inLanguage":"es","potentialAction":[{"@type":"ReadAction","target":["https:\/\/mundoanimalito.com\/index.php\/eukanuba-alimento-fresco-para-perros-con-pollo-para-razas-pequenas\/"]}]},{"@type":"ImageObject","inLanguage":"es","@id":"https:\/\/mundoanimalito.com\/index.php\/eukanuba-alimento-fresco-para-perros-con-pollo-para-razas-pequenas\/#primaryimage","url":"https:\/\/mundoanimalito.com\/wp-content\/uploads\/2024\/03\/81X2UsQBhL._AC_SL1500_.jpg","contentUrl":"https:\/\/mundoanimalito.com\/wp-content\/uploads\/2024\/03\/81X2UsQBhL._AC_SL1500_.jpg","width":901,"height":1500,"caption":"Eukanuba Alimento fresco para perros con pollo para razas peque\u00f1as"},{"@type":"BreadcrumbList","@id":"https:\/\/mundoanimalito.com\/index.php\/eukanuba-alimento-fresco-para-perros-con-pollo-para-razas-pequenas\/#breadcrumb","itemListElement":[{"@type":"ListItem","position":1,"name":"Portada","item":"https:\/\/mundoanimalito.com\/"},{"@type":"ListItem","position":2,"name":"Eukanuba Alimento fresco para perros con pollo para razas peque\u00f1as"}]},{"@type":"WebSite","@id":"https:\/\/mundoanimalito.com\/#website","url":"https:\/\/mundoanimalito.com\/","name":"Mundo Animalito","description":"Datos y curiosidades de los animales, encuentra ac\u00e1 todo para tu mascota","publisher":{"@id":"https:\/\/mundoanimalito.com\/#organization"},"potentialAction":[{"@type":"SearchAction","target":{"@type":"EntryPoint","urlTemplate":"https:\/\/mundoanimalito.com\/?s={search_term_string}"},"query-input":{"@type":"PropertyValueSpecification","valueRequired":true,"valueName":"search_term_string"}}],"inLanguage":"es"},{"@type":"Organization","@id":"https:\/\/mundoanimalito.com\/#organization","name":"Mundo Animalito","url":"https:\/\/mundoanimalito.com\/","logo":{"@type":"ImageObject","inLanguage":"es","@id":"https:\/\/mundoanimalito.com\/#\/schema\/logo\/image\/","url":"https:\/\/mundoanimalito.com\/wp-content\/uploads\/2023\/10\/cropped-cropped-LOGO-OFICIAL-ULTIMA-VERSION-1.jpg","contentUrl":"https:\/\/mundoanimalito.com\/wp-content\/uploads\/2023\/10\/cropped-cropped-LOGO-OFICIAL-ULTIMA-VERSION-1.jpg","width":374,"height":425,"caption":"Mundo Animalito"},"image":{"@id":"https:\/\/mundoanimalito.com\/#\/schema\/logo\/image\/"},"sameAs":["https:\/\/www.facebook.com\/mundoanimalito77","https:\/\/www.instagram.com\/mundoanimalito77\/","https:\/\/www.tiktok.com\/@mundoanimalito77","https:\/\/www.youtube.com\/channel\/UCLo2JhNUNtHVraDt5aHadew"]}]}},"_links":{"self":[{"href":"https:\/\/mundoanimalito.com\/index.php\/wp-json\/wp\/v2\/pages\/16122","targetHints":{"allow":["GET"]}}],"collection":[{"href":"https:\/\/mundoanimalito.com\/index.php\/wp-json\/wp\/v2\/pages"}],"about":[{"href":"https:\/\/mundoanimalito.com\/index.php\/wp-json\/wp\/v2\/types\/page"}],"author":[{"embeddable":true,"href":"https:\/\/mundoanimalito.com\/index.php\/wp-json\/wp\/v2\/users\/1"}],"replies":[{"embeddable":true,"href":"https:\/\/mundoanimalito.com\/index.php\/wp-json\/wp\/v2\/comments?post=16122"}],"version-history":[{"count":0,"href":"https:\/\/mundoanimalito.com\/index.php\/wp-json\/wp\/v2\/pages\/16122\/revisions"}],"wp:attachment":[{"href":"https:\/\/mundoanimalito.com\/index.php\/wp-json\/wp\/v2\/media?parent=16122"}],"curies":[{"name":"wp","href":"https:\/\/api.w.org\/{rel}","templated":true}]}}