{"id":16021,"date":"2024-03-18T18:50:14","date_gmt":"2024-03-18T23:50:14","guid":{"rendered":"https:\/\/mundoanimalito.com\/?page_id=16021"},"modified":"2024-09-03T11:47:11","modified_gmt":"2024-09-03T16:47:11","slug":"advance-pienso-para-perros-mini-adult-con-pollo","status":"publish","type":"page","link":"https:\/\/mundoanimalito.com\/index.php\/advance-pienso-para-perros-mini-adult-con-pollo\/","title":{"rendered":"Advance Pienso para Perros Mini Adult con Pollo"},"content":{"rendered":"\t\t<div data-elementor-type=\"wp-page\" data-elementor-id=\"16021\" class=\"elementor elementor-16021\" data-elementor-post-type=\"page\">\n\t\t\t\t<div class=\"elementor-element elementor-element-3b4595c e-flex e-con-boxed e-con e-parent\" data-id=\"3b4595c\" data-element_type=\"container\" data-e-type=\"container\">\n\t\t\t\t\t<div class=\"e-con-inner\">\n\t\t\t\t<div class=\"elementor-element elementor-element-f2399ca elementor-invisible elementor-widget elementor-widget-heading\" data-id=\"f2399ca\" data-element_type=\"widget\" data-e-type=\"widget\" data-settings=\"{&quot;_animation&quot;:&quot;fadeInDown&quot;}\" data-widget_type=\"heading.default\">\n\t\t\t\t<div class=\"elementor-widget-container\">\n\t\t\t\t\t<h2 class=\"elementor-heading-title elementor-size-default\">\u00a1Tu compa\u00f1ero peludo merece lo mejor! Presentamos Advance, un alimento completo y equilibrado dise\u00f1ado espec\u00edficamente para perros adultos peque\u00f1os de hasta 10 kg.<\/h2>\t\t\t\t<\/div>\n\t\t\t\t<\/div>\n\t\t\t\t\t<\/div>\n\t\t\t\t<\/div>\n\t\t<div class=\"elementor-element elementor-element-b52a9a9 e-flex e-con-boxed e-con e-parent\" data-id=\"b52a9a9\" data-element_type=\"container\" data-e-type=\"container\">\n\t\t\t\t\t<div class=\"e-con-inner\">\n\t\t<div class=\"elementor-element elementor-element-a6662f5 e-con-full e-flex e-con e-child\" data-id=\"a6662f5\" data-element_type=\"container\" data-e-type=\"container\">\n\t\t\t\t<div class=\"elementor-element elementor-element-743a261 elementor-widget elementor-widget-image\" data-id=\"743a261\" data-element_type=\"widget\" data-e-type=\"widget\" data-widget_type=\"image.default\">\n\t\t\t\t<div class=\"elementor-widget-container\">\n\t\t\t\t\t\t\t\t\t\t\t\t\t\t\t\t<a href=\"https:\/\/amzn.to\/3IFt7o2\">\n\t\t\t\t\t\t\t<img fetchpriority=\"high\" decoding=\"async\" width=\"751\" height=\"1024\" src=\"https:\/\/mundoanimalito.com\/wp-content\/uploads\/2024\/03\/711dBq1abBL._AC_SL1500_-751x1024.jpg\" class=\"attachment-large size-large wp-image-16008\" alt=\"Advance Pienso para Perros Mini Adult con Pollo, 3 Kg\" srcset=\"https:\/\/mundoanimalito.com\/wp-content\/uploads\/2024\/03\/711dBq1abBL._AC_SL1500_-751x1024.jpg 751w, https:\/\/mundoanimalito.com\/wp-content\/uploads\/2024\/03\/711dBq1abBL._AC_SL1500_-220x300.jpg 220w, https:\/\/mundoanimalito.com\/wp-content\/uploads\/2024\/03\/711dBq1abBL._AC_SL1500_-768x1047.jpg 768w, https:\/\/mundoanimalito.com\/wp-content\/uploads\/2024\/03\/711dBq1abBL._AC_SL1500_.jpg 1100w\" sizes=\"(max-width: 751px) 100vw, 751px\" \/>\t\t\t\t\t\t\t\t<\/a>\n\t\t\t\t\t\t\t\t\t\t\t\t\t\t\t<\/div>\n\t\t\t\t<\/div>\n\t\t\t\t<\/div>\n\t\t<div class=\"elementor-element elementor-element-267fac6 e-con-full e-flex e-con e-child\" data-id=\"267fac6\" data-element_type=\"container\" data-e-type=\"container\">\n\t\t\t\t<div class=\"elementor-element elementor-element-eaef410 elementor-widget elementor-widget-text-editor\" data-id=\"eaef410\" data-element_type=\"widget\" data-e-type=\"widget\" data-widget_type=\"text-editor.default\">\n\t\t\t\t<div class=\"elementor-widget-container\">\n\t\t\t\t\t\t\t\t\t<p>\ud83c\udf57 <strong>Ingredientes de calidad:<\/strong> Con pollo y arroz como ingredientes principales, esta f\u00f3rmula proporciona prote\u00ednas y carbohidratos de f\u00e1cil digesti\u00f3n, asegurando una alimentaci\u00f3n de alta calidad para tu perro.<\/p><p>\u00a0<\/p><p>\ud83d\udc69\u200d\u2695\ufe0f <strong>F\u00e1cil digesti\u00f3n:<\/strong> Con ingredientes altamente digestibles, este pienso ayuda a mantener el sistema digestivo de tu perro en \u00f3ptimas condiciones, evitando posibles malestares estomacales.<\/p><p>\u00a0<\/p><p>\ud83c\udf1f <strong>Cuidado de la piel y el pelaje:<\/strong> Enriquecido con \u00e1cidos grasos omega 3 y omega 6, as\u00ed como zinc, este alimento promueve una piel sana y un pelaje brillante, asegurando que tu perro luzca radiante en todo momento.<\/p><p>\u00a0<\/p><p>\ud83d\udcaa <strong>Mantenci\u00f3n de la masa muscular:<\/strong> Con un alto contenido en prote\u00ednas de calidad, Advance ayuda a mantener la masa muscular ideal de tu perro, asegurando que est\u00e9 fuerte y activo en todas sus aventuras.<\/p><p>\u00a0<\/p><p>\ud83e\uddb7 <strong>Salud bucal:<\/strong> Las part\u00edculas crujientes con efecto cepillado y pirofosfatos ayudan a prevenir la acumulaci\u00f3n de sarro y a mantener un aliento fresco, promoviendo una buena salud bucal en tu mascota.<\/p><p>\u00a0<\/p><p>\u00a1Dale a tu perro el cuidado que se merece con Advance Pienso para Perros Mini Adult con Pollo! Tu compa\u00f1ero te lo agradecer\u00e1 con su vitalidad y felicidad diarias.<\/p>\t\t\t\t\t\t\t\t<\/div>\n\t\t\t\t<\/div>\n\t\t\t\t<div class=\"elementor-element elementor-element-0a4ed24 elementor-align-right elementor-widget elementor-widget-button\" data-id=\"0a4ed24\" data-element_type=\"widget\" data-e-type=\"widget\" data-widget_type=\"button.default\">\n\t\t\t\t<div class=\"elementor-widget-container\">\n\t\t\t\t\t\t\t\t\t<div class=\"elementor-button-wrapper\">\n\t\t\t\t\t<a class=\"elementor-button elementor-button-link elementor-size-sm\" href=\"https:\/\/amzn.to\/3IFt7o2\">\n\t\t\t\t\t\t<span class=\"elementor-button-content-wrapper\">\n\t\t\t\t\t\t\t\t\t<span class=\"elementor-button-text\">Compra ahora en Amazon<\/span>\n\t\t\t\t\t<\/span>\n\t\t\t\t\t<\/a>\n\t\t\t\t<\/div>\n\t\t\t\t\t\t\t\t<\/div>\n\t\t\t\t<\/div>\n\t\t\t\t<\/div>\n\t\t\t\t\t<\/div>\n\t\t\t\t<\/div>\n\t\t<div class=\"elementor-element elementor-element-aa5f55b e-flex e-con-boxed e-con e-parent\" data-id=\"aa5f55b\" data-element_type=\"container\" data-e-type=\"container\">\n\t\t\t\t\t<div class=\"e-con-inner\">\n\t\t\t\t<div class=\"elementor-element elementor-element-82cf017 elementor-arrows-position-inside elementor-pagination-position-outside elementor-widget elementor-widget-image-carousel\" data-id=\"82cf017\" data-element_type=\"widget\" data-e-type=\"widget\" data-settings=\"{&quot;slides_to_show&quot;:&quot;1&quot;,&quot;navigation&quot;:&quot;both&quot;,&quot;autoplay&quot;:&quot;yes&quot;,&quot;pause_on_hover&quot;:&quot;yes&quot;,&quot;pause_on_interaction&quot;:&quot;yes&quot;,&quot;autoplay_speed&quot;:5000,&quot;infinite&quot;:&quot;yes&quot;,&quot;effect&quot;:&quot;slide&quot;,&quot;speed&quot;:500}\" data-widget_type=\"image-carousel.default\">\n\t\t\t\t<div class=\"elementor-widget-container\">\n\t\t\t\t\t\t\t<div class=\"elementor-image-carousel-wrapper swiper\" role=\"region\" aria-roledescription=\"carousel\" aria-label=\"Carrusel de im\u00e1genes\" dir=\"ltr\">\n\t\t\t<div class=\"elementor-image-carousel swiper-wrapper\" aria-live=\"off\">\n\t\t\t\t\t\t\t\t<div class=\"swiper-slide\" role=\"group\" aria-roledescription=\"slide\" aria-label=\"1 de 5\"><figure class=\"swiper-slide-inner\"><img decoding=\"async\" class=\"swiper-slide-image\" src=\"https:\/\/mundoanimalito.com\/wp-content\/uploads\/2024\/03\/71EYIAROezL._AC_SL1500_-768x803.jpg\" alt=\"Advance Pienso para Perros Mini Adult con Pollo, 3 Kg\" \/><\/figure><\/div><div class=\"swiper-slide\" role=\"group\" aria-roledescription=\"slide\" aria-label=\"2 de 5\"><figure class=\"swiper-slide-inner\"><img decoding=\"async\" class=\"swiper-slide-image\" src=\"https:\/\/mundoanimalito.com\/wp-content\/uploads\/2024\/03\/81T8c1opeGL._AC_SL1500_-768x1211.jpg\" alt=\"Advance Pienso para Perros Mini Adult con Pollo, 3 Kg\" \/><\/figure><\/div><div class=\"swiper-slide\" role=\"group\" aria-roledescription=\"slide\" aria-label=\"3 de 5\"><figure class=\"swiper-slide-inner\"><img decoding=\"async\" class=\"swiper-slide-image\" src=\"https:\/\/mundoanimalito.com\/wp-content\/uploads\/2024\/03\/81AKHgLqBuL._AC_SL1500_-768x655.jpg\" alt=\"Advance Pienso para Perros Mini Adult con Pollo, 3 Kg\" \/><\/figure><\/div><div class=\"swiper-slide\" role=\"group\" aria-roledescription=\"slide\" aria-label=\"4 de 5\"><figure class=\"swiper-slide-inner\"><img decoding=\"async\" class=\"swiper-slide-image\" src=\"https:\/\/mundoanimalito.com\/wp-content\/uploads\/2024\/03\/71UTFlfrhxL._AC_SL1500_-768x768.jpg\" alt=\"Advance Pienso para Perros Mini Adult con Pollo, 3 Kg\" \/><\/figure><\/div><div class=\"swiper-slide\" role=\"group\" aria-roledescription=\"slide\" aria-label=\"5 de 5\"><figure class=\"swiper-slide-inner\"><img decoding=\"async\" class=\"swiper-slide-image\" src=\"https:\/\/mundoanimalito.com\/wp-content\/uploads\/2024\/03\/71xaCYaKgML._AC_SL1250_-768x335.jpg\" alt=\"Advance Pienso para Perros Mini Adult con Pollo, 3 Kg\" \/><\/figure><\/div>\t\t\t<\/div>\n\t\t\t\t\t\t\t\t\t\t\t\t<div class=\"elementor-swiper-button elementor-swiper-button-prev\" role=\"button\" tabindex=\"0\">\n\t\t\t\t\t\t<i aria-hidden=\"true\" class=\"eicon-chevron-left\"><\/i>\t\t\t\t\t<\/div>\n\t\t\t\t\t<div class=\"elementor-swiper-button elementor-swiper-button-next\" role=\"button\" tabindex=\"0\">\n\t\t\t\t\t\t<i aria-hidden=\"true\" class=\"eicon-chevron-right\"><\/i>\t\t\t\t\t<\/div>\n\t\t\t\t\n\t\t\t\t\t\t\t\t\t<div class=\"swiper-pagination\"><\/div>\n\t\t\t\t\t\t\t\t\t<\/div>\n\t\t\t\t\t\t<\/div>\n\t\t\t\t<\/div>\n\t\t\t\t\t<\/div>\n\t\t\t\t<\/div>\n\t\t<div class=\"elementor-element elementor-element-4af4a6a e-flex e-con-boxed e-con e-parent\" data-id=\"4af4a6a\" data-element_type=\"container\" data-e-type=\"container\">\n\t\t\t\t\t<div class=\"e-con-inner\">\n\t\t\t\t<div class=\"elementor-element elementor-element-09cae92 elementor-align-right elementor-widget elementor-widget-button\" data-id=\"09cae92\" data-element_type=\"widget\" data-e-type=\"widget\" data-widget_type=\"button.default\">\n\t\t\t\t<div class=\"elementor-widget-container\">\n\t\t\t\t\t\t\t\t\t<div class=\"elementor-button-wrapper\">\n\t\t\t\t\t<a class=\"elementor-button elementor-button-link elementor-size-sm\" href=\"https:\/\/amzn.to\/3IFt7o2\">\n\t\t\t\t\t\t<span class=\"elementor-button-content-wrapper\">\n\t\t\t\t\t\t\t\t\t<span class=\"elementor-button-text\">Compra ahora en Amazon<\/span>\n\t\t\t\t\t<\/span>\n\t\t\t\t\t<\/a>\n\t\t\t\t<\/div>\n\t\t\t\t\t\t\t\t<\/div>\n\t\t\t\t<\/div>\n\t\t\t\t\t<\/div>\n\t\t\t\t<\/div>\n\t\t\t\t<\/div>\n\t\t","protected":false},"excerpt":{"rendered":"<p>\u00a1Tu compa\u00f1ero peludo merece lo mejor! Presentamos Advance, un alimento completo y equilibrado dise\u00f1ado espec\u00edficamente para perros adultos peque\u00f1os de hasta 10 kg. \ud83c\udf57 Ingredientes de calidad: Con pollo y arroz como ingredientes principales, esta f\u00f3rmula proporciona prote\u00ednas y carbohidratos de f\u00e1cil digesti\u00f3n, asegurando una alimentaci\u00f3n de alta calidad para tu perro. \u00a0 \ud83d\udc69\u200d\u2695\ufe0f F\u00e1cil [&hellip;]<\/p>\n","protected":false},"author":1,"featured_media":0,"parent":0,"menu_order":0,"comment_status":"closed","ping_status":"closed","template":"","meta":{"site-sidebar-layout":"no-sidebar","site-content-layout":"page-builder","ast-site-content-layout":"full-width-container","site-content-style":"default","site-sidebar-style":"default","ast-global-header-display":"","ast-banner-title-visibility":"","ast-main-header-display":"","ast-hfb-above-header-display":"","ast-hfb-below-header-display":"","ast-hfb-mobile-header-display":"","site-post-title":"disabled","ast-breadcrumbs-content":"","ast-featured-img":"disabled","footer-sml-layout":"","ast-disable-related-posts":"","theme-transparent-header-meta":"","adv-header-id-meta":"","stick-header-meta":"","header-above-stick-meta":"","header-main-stick-meta":"","header-below-stick-meta":"","astra-migrate-meta-layouts":"set","ast-page-background-enabled":"default","ast-page-background-meta":{"desktop":{"background-color":"var(--ast-global-color-4)","background-image":"","background-repeat":"repeat","background-position":"center center","background-size":"auto","background-attachment":"scroll","background-type":"","background-media":"","overlay-type":"","overlay-color":"","overlay-opacity":"","overlay-gradient":""},"tablet":{"background-color":"","background-image":"","background-repeat":"repeat","background-position":"center center","background-size":"auto","background-attachment":"scroll","background-type":"","background-media":"","overlay-type":"","overlay-color":"","overlay-opacity":"","overlay-gradient":""},"mobile":{"background-color":"","background-image":"","background-repeat":"repeat","background-position":"center center","background-size":"auto","background-attachment":"scroll","background-type":"","background-media":"","overlay-type":"","overlay-color":"","overlay-opacity":"","overlay-gradient":""}},"ast-content-background-meta":{"desktop":{"background-color":"var(--ast-global-color-5)","background-image":"","background-repeat":"repeat","background-position":"center center","background-size":"auto","background-attachment":"scroll","background-type":"","background-media":"","overlay-type":"","overlay-color":"","overlay-opacity":"","overlay-gradient":""},"tablet":{"background-color":"var(--ast-global-color-5)","background-image":"","background-repeat":"repeat","background-position":"center center","background-size":"auto","background-attachment":"scroll","background-type":"","background-media":"","overlay-type":"","overlay-color":"","overlay-opacity":"","overlay-gradient":""},"mobile":{"background-color":"var(--ast-global-color-5)","background-image":"","background-repeat":"repeat","background-position":"center center","background-size":"auto","background-attachment":"scroll","background-type":"","background-media":"","overlay-type":"","overlay-color":"","overlay-opacity":"","overlay-gradient":""}},"footnotes":""},"class_list":["post-16021","page","type-page","status-publish","hentry"],"yoast_head":"<!-- This site is optimized with the Yoast SEO plugin v27.5 - https:\/\/yoast.com\/product\/yoast-seo-wordpress\/ -->\n<title>Pienso para Perros Adultos de Razas Peque\u00f1as | Mundo Animalito<\/title>\n<meta name=\"description\" content=\"Advance Mini Adult Chicken, Pienso para Perros Adultos de Razas Peque\u00f1as con Pollo, 3kg, un alimento completo y equilibrado dise\u00f1ado espec\u00edficamente para perros adultos peque\u00f1os de hasta 10 kg\" \/>\n<meta name=\"robots\" content=\"index, follow, max-snippet:-1, max-image-preview:large, max-video-preview:-1\" \/>\n<link rel=\"canonical\" href=\"https:\/\/mundoanimalito.com\/index.php\/advance-pienso-para-perros-mini-adult-con-pollo\/\" \/>\n<meta property=\"og:locale\" content=\"es_ES\" \/>\n<meta property=\"og:type\" content=\"article\" \/>\n<meta property=\"og:title\" content=\"Pienso para Perros Adultos de Razas Peque\u00f1as | Mundo Animalito\" \/>\n<meta property=\"og:description\" content=\"Advance Mini Adult Chicken, Pienso para Perros Adultos de Razas Peque\u00f1as con Pollo, 3kg, un alimento completo y equilibrado dise\u00f1ado espec\u00edficamente para perros adultos peque\u00f1os de hasta 10 kg\" \/>\n<meta property=\"og:url\" content=\"https:\/\/mundoanimalito.com\/index.php\/advance-pienso-para-perros-mini-adult-con-pollo\/\" \/>\n<meta property=\"og:site_name\" content=\"Mundo Animalito\" \/>\n<meta property=\"article:publisher\" content=\"https:\/\/www.facebook.com\/mundoanimalito77\" \/>\n<meta property=\"article:modified_time\" content=\"2024-09-03T16:47:11+00:00\" \/>\n<meta property=\"og:image\" content=\"https:\/\/mundoanimalito.com\/wp-content\/uploads\/2024\/03\/711dBq1abBL._AC_SL1500_-751x1024.jpg\" \/>\n<meta name=\"twitter:card\" content=\"summary_large_image\" \/>\n<meta name=\"twitter:label1\" content=\"Tiempo de lectura\" \/>\n\t<meta name=\"twitter:data1\" content=\"3 minutos\" \/>\n<script type=\"application\/ld+json\" class=\"yoast-schema-graph\">{\"@context\":\"https:\\\/\\\/schema.org\",\"@graph\":[{\"@type\":\"WebPage\",\"@id\":\"https:\\\/\\\/mundoanimalito.com\\\/index.php\\\/advance-pienso-para-perros-mini-adult-con-pollo\\\/\",\"url\":\"https:\\\/\\\/mundoanimalito.com\\\/index.php\\\/advance-pienso-para-perros-mini-adult-con-pollo\\\/\",\"name\":\"Pienso para Perros Adultos de Razas Peque\u00f1as | Mundo Animalito\",\"isPartOf\":{\"@id\":\"https:\\\/\\\/mundoanimalito.com\\\/#website\"},\"primaryImageOfPage\":{\"@id\":\"https:\\\/\\\/mundoanimalito.com\\\/index.php\\\/advance-pienso-para-perros-mini-adult-con-pollo\\\/#primaryimage\"},\"image\":{\"@id\":\"https:\\\/\\\/mundoanimalito.com\\\/index.php\\\/advance-pienso-para-perros-mini-adult-con-pollo\\\/#primaryimage\"},\"thumbnailUrl\":\"https:\\\/\\\/mundoanimalito.com\\\/wp-content\\\/uploads\\\/2024\\\/03\\\/711dBq1abBL._AC_SL1500_-751x1024.jpg\",\"datePublished\":\"2024-03-18T23:50:14+00:00\",\"dateModified\":\"2024-09-03T16:47:11+00:00\",\"description\":\"Advance Mini Adult Chicken, Pienso para Perros Adultos de Razas Peque\u00f1as con Pollo, 3kg, un alimento completo y equilibrado dise\u00f1ado espec\u00edficamente para perros adultos peque\u00f1os de hasta 10 kg\",\"breadcrumb\":{\"@id\":\"https:\\\/\\\/mundoanimalito.com\\\/index.php\\\/advance-pienso-para-perros-mini-adult-con-pollo\\\/#breadcrumb\"},\"inLanguage\":\"es\",\"potentialAction\":[{\"@type\":\"ReadAction\",\"target\":[\"https:\\\/\\\/mundoanimalito.com\\\/index.php\\\/advance-pienso-para-perros-mini-adult-con-pollo\\\/\"]}]},{\"@type\":\"ImageObject\",\"inLanguage\":\"es\",\"@id\":\"https:\\\/\\\/mundoanimalito.com\\\/index.php\\\/advance-pienso-para-perros-mini-adult-con-pollo\\\/#primaryimage\",\"url\":\"https:\\\/\\\/mundoanimalito.com\\\/wp-content\\\/uploads\\\/2024\\\/03\\\/711dBq1abBL._AC_SL1500_.jpg\",\"contentUrl\":\"https:\\\/\\\/mundoanimalito.com\\\/wp-content\\\/uploads\\\/2024\\\/03\\\/711dBq1abBL._AC_SL1500_.jpg\",\"width\":1100,\"height\":1500,\"caption\":\"Advance Pienso para Perros Mini Adult con Pollo, 3 Kg\"},{\"@type\":\"BreadcrumbList\",\"@id\":\"https:\\\/\\\/mundoanimalito.com\\\/index.php\\\/advance-pienso-para-perros-mini-adult-con-pollo\\\/#breadcrumb\",\"itemListElement\":[{\"@type\":\"ListItem\",\"position\":1,\"name\":\"Portada\",\"item\":\"https:\\\/\\\/mundoanimalito.com\\\/\"},{\"@type\":\"ListItem\",\"position\":2,\"name\":\"Advance Pienso para Perros Mini Adult con Pollo\"}]},{\"@type\":\"WebSite\",\"@id\":\"https:\\\/\\\/mundoanimalito.com\\\/#website\",\"url\":\"https:\\\/\\\/mundoanimalito.com\\\/\",\"name\":\"Mundo Animalito\",\"description\":\"Datos y curiosidades de los animales, encuentra ac\u00e1 todo para tu mascota\",\"publisher\":{\"@id\":\"https:\\\/\\\/mundoanimalito.com\\\/#organization\"},\"potentialAction\":[{\"@type\":\"SearchAction\",\"target\":{\"@type\":\"EntryPoint\",\"urlTemplate\":\"https:\\\/\\\/mundoanimalito.com\\\/?s={search_term_string}\"},\"query-input\":{\"@type\":\"PropertyValueSpecification\",\"valueRequired\":true,\"valueName\":\"search_term_string\"}}],\"inLanguage\":\"es\"},{\"@type\":\"Organization\",\"@id\":\"https:\\\/\\\/mundoanimalito.com\\\/#organization\",\"name\":\"Mundo Animalito\",\"url\":\"https:\\\/\\\/mundoanimalito.com\\\/\",\"logo\":{\"@type\":\"ImageObject\",\"inLanguage\":\"es\",\"@id\":\"https:\\\/\\\/mundoanimalito.com\\\/#\\\/schema\\\/logo\\\/image\\\/\",\"url\":\"https:\\\/\\\/mundoanimalito.com\\\/wp-content\\\/uploads\\\/2023\\\/10\\\/cropped-cropped-LOGO-OFICIAL-ULTIMA-VERSION-1.jpg\",\"contentUrl\":\"https:\\\/\\\/mundoanimalito.com\\\/wp-content\\\/uploads\\\/2023\\\/10\\\/cropped-cropped-LOGO-OFICIAL-ULTIMA-VERSION-1.jpg\",\"width\":374,\"height\":425,\"caption\":\"Mundo Animalito\"},\"image\":{\"@id\":\"https:\\\/\\\/mundoanimalito.com\\\/#\\\/schema\\\/logo\\\/image\\\/\"},\"sameAs\":[\"https:\\\/\\\/www.facebook.com\\\/mundoanimalito77\",\"https:\\\/\\\/www.instagram.com\\\/mundoanimalito77\\\/\",\"https:\\\/\\\/www.tiktok.com\\\/@mundoanimalito77\",\"https:\\\/\\\/www.youtube.com\\\/channel\\\/UCLo2JhNUNtHVraDt5aHadew\"]}]}<\/script>\n<!-- \/ Yoast SEO plugin. -->","yoast_head_json":{"title":"Pienso para Perros Adultos de Razas Peque\u00f1as | Mundo Animalito","description":"Advance Mini Adult Chicken, Pienso para Perros Adultos de Razas Peque\u00f1as con Pollo, 3kg, un alimento completo y equilibrado dise\u00f1ado espec\u00edficamente para perros adultos peque\u00f1os de hasta 10 kg","robots":{"index":"index","follow":"follow","max-snippet":"max-snippet:-1","max-image-preview":"max-image-preview:large","max-video-preview":"max-video-preview:-1"},"canonical":"https:\/\/mundoanimalito.com\/index.php\/advance-pienso-para-perros-mini-adult-con-pollo\/","og_locale":"es_ES","og_type":"article","og_title":"Pienso para Perros Adultos de Razas Peque\u00f1as | Mundo Animalito","og_description":"Advance Mini Adult Chicken, Pienso para Perros Adultos de Razas Peque\u00f1as con Pollo, 3kg, un alimento completo y equilibrado dise\u00f1ado espec\u00edficamente para perros adultos peque\u00f1os de hasta 10 kg","og_url":"https:\/\/mundoanimalito.com\/index.php\/advance-pienso-para-perros-mini-adult-con-pollo\/","og_site_name":"Mundo Animalito","article_publisher":"https:\/\/www.facebook.com\/mundoanimalito77","article_modified_time":"2024-09-03T16:47:11+00:00","og_image":[{"url":"https:\/\/mundoanimalito.com\/wp-content\/uploads\/2024\/03\/711dBq1abBL._AC_SL1500_-751x1024.jpg","type":"","width":"","height":""}],"twitter_card":"summary_large_image","twitter_misc":{"Tiempo de lectura":"3 minutos"},"schema":{"@context":"https:\/\/schema.org","@graph":[{"@type":"WebPage","@id":"https:\/\/mundoanimalito.com\/index.php\/advance-pienso-para-perros-mini-adult-con-pollo\/","url":"https:\/\/mundoanimalito.com\/index.php\/advance-pienso-para-perros-mini-adult-con-pollo\/","name":"Pienso para Perros Adultos de Razas Peque\u00f1as | Mundo Animalito","isPartOf":{"@id":"https:\/\/mundoanimalito.com\/#website"},"primaryImageOfPage":{"@id":"https:\/\/mundoanimalito.com\/index.php\/advance-pienso-para-perros-mini-adult-con-pollo\/#primaryimage"},"image":{"@id":"https:\/\/mundoanimalito.com\/index.php\/advance-pienso-para-perros-mini-adult-con-pollo\/#primaryimage"},"thumbnailUrl":"https:\/\/mundoanimalito.com\/wp-content\/uploads\/2024\/03\/711dBq1abBL._AC_SL1500_-751x1024.jpg","datePublished":"2024-03-18T23:50:14+00:00","dateModified":"2024-09-03T16:47:11+00:00","description":"Advance Mini Adult Chicken, Pienso para Perros Adultos de Razas Peque\u00f1as con Pollo, 3kg, un alimento completo y equilibrado dise\u00f1ado espec\u00edficamente para perros adultos peque\u00f1os de hasta 10 kg","breadcrumb":{"@id":"https:\/\/mundoanimalito.com\/index.php\/advance-pienso-para-perros-mini-adult-con-pollo\/#breadcrumb"},"inLanguage":"es","potentialAction":[{"@type":"ReadAction","target":["https:\/\/mundoanimalito.com\/index.php\/advance-pienso-para-perros-mini-adult-con-pollo\/"]}]},{"@type":"ImageObject","inLanguage":"es","@id":"https:\/\/mundoanimalito.com\/index.php\/advance-pienso-para-perros-mini-adult-con-pollo\/#primaryimage","url":"https:\/\/mundoanimalito.com\/wp-content\/uploads\/2024\/03\/711dBq1abBL._AC_SL1500_.jpg","contentUrl":"https:\/\/mundoanimalito.com\/wp-content\/uploads\/2024\/03\/711dBq1abBL._AC_SL1500_.jpg","width":1100,"height":1500,"caption":"Advance Pienso para Perros Mini Adult con Pollo, 3 Kg"},{"@type":"BreadcrumbList","@id":"https:\/\/mundoanimalito.com\/index.php\/advance-pienso-para-perros-mini-adult-con-pollo\/#breadcrumb","itemListElement":[{"@type":"ListItem","position":1,"name":"Portada","item":"https:\/\/mundoanimalito.com\/"},{"@type":"ListItem","position":2,"name":"Advance Pienso para Perros Mini Adult con Pollo"}]},{"@type":"WebSite","@id":"https:\/\/mundoanimalito.com\/#website","url":"https:\/\/mundoanimalito.com\/","name":"Mundo Animalito","description":"Datos y curiosidades de los animales, encuentra ac\u00e1 todo para tu mascota","publisher":{"@id":"https:\/\/mundoanimalito.com\/#organization"},"potentialAction":[{"@type":"SearchAction","target":{"@type":"EntryPoint","urlTemplate":"https:\/\/mundoanimalito.com\/?s={search_term_string}"},"query-input":{"@type":"PropertyValueSpecification","valueRequired":true,"valueName":"search_term_string"}}],"inLanguage":"es"},{"@type":"Organization","@id":"https:\/\/mundoanimalito.com\/#organization","name":"Mundo Animalito","url":"https:\/\/mundoanimalito.com\/","logo":{"@type":"ImageObject","inLanguage":"es","@id":"https:\/\/mundoanimalito.com\/#\/schema\/logo\/image\/","url":"https:\/\/mundoanimalito.com\/wp-content\/uploads\/2023\/10\/cropped-cropped-LOGO-OFICIAL-ULTIMA-VERSION-1.jpg","contentUrl":"https:\/\/mundoanimalito.com\/wp-content\/uploads\/2023\/10\/cropped-cropped-LOGO-OFICIAL-ULTIMA-VERSION-1.jpg","width":374,"height":425,"caption":"Mundo Animalito"},"image":{"@id":"https:\/\/mundoanimalito.com\/#\/schema\/logo\/image\/"},"sameAs":["https:\/\/www.facebook.com\/mundoanimalito77","https:\/\/www.instagram.com\/mundoanimalito77\/","https:\/\/www.tiktok.com\/@mundoanimalito77","https:\/\/www.youtube.com\/channel\/UCLo2JhNUNtHVraDt5aHadew"]}]}},"_links":{"self":[{"href":"https:\/\/mundoanimalito.com\/index.php\/wp-json\/wp\/v2\/pages\/16021","targetHints":{"allow":["GET"]}}],"collection":[{"href":"https:\/\/mundoanimalito.com\/index.php\/wp-json\/wp\/v2\/pages"}],"about":[{"href":"https:\/\/mundoanimalito.com\/index.php\/wp-json\/wp\/v2\/types\/page"}],"author":[{"embeddable":true,"href":"https:\/\/mundoanimalito.com\/index.php\/wp-json\/wp\/v2\/users\/1"}],"replies":[{"embeddable":true,"href":"https:\/\/mundoanimalito.com\/index.php\/wp-json\/wp\/v2\/comments?post=16021"}],"version-history":[{"count":0,"href":"https:\/\/mundoanimalito.com\/index.php\/wp-json\/wp\/v2\/pages\/16021\/revisions"}],"wp:attachment":[{"href":"https:\/\/mundoanimalito.com\/index.php\/wp-json\/wp\/v2\/media?parent=16021"}],"curies":[{"name":"wp","href":"https:\/\/api.w.org\/{rel}","templated":true}]}}