{"id":15834,"date":"2024-03-18T15:30:26","date_gmt":"2024-03-18T20:30:26","guid":{"rendered":"https:\/\/mundoanimalito.com\/?page_id=15834"},"modified":"2024-09-09T18:03:04","modified_gmt":"2024-09-09T23:03:04","slug":"natures-variety-original","status":"publish","type":"page","link":"https:\/\/mundoanimalito.com\/index.php\/natures-variety-original\/","title":{"rendered":"Nature&#8217;s Variety Original"},"content":{"rendered":"\t\t<div data-elementor-type=\"wp-page\" data-elementor-id=\"15834\" class=\"elementor elementor-15834\" data-elementor-post-type=\"page\">\n\t\t\t\t<div class=\"elementor-element elementor-element-55bea91 e-flex e-con-boxed e-con e-parent\" data-id=\"55bea91\" data-element_type=\"container\" data-e-type=\"container\">\n\t\t\t\t\t<div class=\"e-con-inner\">\n\t\t\t\t<div class=\"elementor-element elementor-element-4575c4c elementor-invisible elementor-widget elementor-widget-heading\" data-id=\"4575c4c\" data-element_type=\"widget\" data-e-type=\"widget\" data-settings=\"{&quot;_animation&quot;:&quot;fadeInDown&quot;}\" data-widget_type=\"heading.default\">\n\t\t\t\t<div class=\"elementor-widget-container\">\n\t\t\t\t\t<h2 class=\"elementor-heading-title elementor-size-default\">\n\u00a1Dale a tu perro peque\u00f1o la nutrici\u00f3n de calidad que se merece con Nature's Variety Original No Grain!<\/h2>\t\t\t\t<\/div>\n\t\t\t\t<\/div>\n\t\t\t\t\t<\/div>\n\t\t\t\t<\/div>\n\t\t<div class=\"elementor-element elementor-element-a504742 e-flex e-con-boxed e-con e-parent\" data-id=\"a504742\" data-element_type=\"container\" data-e-type=\"container\">\n\t\t\t\t\t<div class=\"e-con-inner\">\n\t\t<div class=\"elementor-element elementor-element-363725e e-con-full e-flex e-con e-child\" data-id=\"363725e\" data-element_type=\"container\" data-e-type=\"container\">\n\t\t\t\t<div class=\"elementor-element elementor-element-619e269 elementor-widget elementor-widget-image\" data-id=\"619e269\" data-element_type=\"widget\" data-e-type=\"widget\" data-widget_type=\"image.default\">\n\t\t\t\t<div class=\"elementor-widget-container\">\n\t\t\t\t\t\t\t\t\t\t\t\t\t\t\t\t<a href=\"https:\/\/amzn.to\/490ENfX\">\n\t\t\t\t\t\t\t<img fetchpriority=\"high\" decoding=\"async\" width=\"638\" height=\"1024\" src=\"https:\/\/mundoanimalito.com\/wp-content\/uploads\/2024\/03\/714Ny6cBkNL._AC_SL1500_-638x1024.jpg\" class=\"attachment-large size-large wp-image-15815\" alt=\"Nature&#039;s Variety Original No Grain, Pienso para Perros Adultos Peque\u00f1os, Sin cereales, con Salm\u00f3n sin espinas, 1,5kg\" srcset=\"https:\/\/mundoanimalito.com\/wp-content\/uploads\/2024\/03\/714Ny6cBkNL._AC_SL1500_-638x1024.jpg 638w, https:\/\/mundoanimalito.com\/wp-content\/uploads\/2024\/03\/714Ny6cBkNL._AC_SL1500_-187x300.jpg 187w, https:\/\/mundoanimalito.com\/wp-content\/uploads\/2024\/03\/714Ny6cBkNL._AC_SL1500_-768x1232.jpg 768w, https:\/\/mundoanimalito.com\/wp-content\/uploads\/2024\/03\/714Ny6cBkNL._AC_SL1500_.jpg 935w\" sizes=\"(max-width: 638px) 100vw, 638px\" \/>\t\t\t\t\t\t\t\t<\/a>\n\t\t\t\t\t\t\t\t\t\t\t\t\t\t\t<\/div>\n\t\t\t\t<\/div>\n\t\t\t\t<\/div>\n\t\t<div class=\"elementor-element elementor-element-832f502 e-con-full e-flex e-con e-child\" data-id=\"832f502\" data-element_type=\"container\" data-e-type=\"container\">\n\t\t\t\t<div class=\"elementor-element elementor-element-611a800 elementor-widget elementor-widget-text-editor\" data-id=\"611a800\" data-element_type=\"widget\" data-e-type=\"widget\" data-widget_type=\"text-editor.default\">\n\t\t\t\t<div class=\"elementor-widget-container\">\n\t\t\t\t\t\t\t\t\t<p><strong>\ud83c\udf3eSin cereales: <\/strong>Formulado sin cereales, utiliza carbohidratos alternativos como la patata, los garbanzos y los guisantes, que son m\u00e1s f\u00e1ciles de digerir y menos propensos a causar sensibilidades alimentarias.\u00a0<\/p><p>\u00a0<\/p><p><strong>\ud83e\udd69Carne de alta calidad:<\/strong> El ingrediente principal es la carne deshuesada de alta calidad, que proporciona a tu perro la prote\u00edna esencial para mantenerse fuerte y en forma.<\/p><p>\u00a0<\/p><p><strong><span style=\"font-size: 16px;\">\ud83d\udcaa<\/span>Energ\u00eda adaptada: <\/strong><span style=\"font-size: 16px; font-style: normal; font-weight: 400;\">Con niveles de energ\u00eda adaptados al metabolismo de las razas de tama\u00f1o peque\u00f1o, garantiza que tu perro reciba la cantidad justa de nutrientes para mantenerse activo.<\/span><span style=\"font-size: 16px; font-style: normal; font-weight: 400;\">\u00a0<\/span><\/p><p>\u00a0<\/p><p><strong>\u2728 Piel y pelaje saludables:<\/strong> Enriquecido con omega 3 y 6, as\u00ed como zinc, para promover un pelaje brillante y una piel sana.\u00a0<\/p><p>\u00a0<\/p><p><strong>\ud83c\udf31 Ingredientes de calidad:<\/strong> Sin colorantes, conservantes ni aromas artificiales, y con ingredientes con trazabilidad garantizada desde el origen.\u00a0<\/p><p>\u00a0<\/p><p><strong>\ud83c\udf0dEmbalaje reciclable:<\/strong> Contribuye al cuidado del medio ambiente con un embalaje reciclable.\u00a0<\/p><p>\u00a0<\/p><p>Proporciona a tu perro una alimentaci\u00f3n de calidad con Nature&#8217;s Variety Original No Grain y aseg\u00farate de que reciba todos los nutrientes que necesita para una vida feliz y saludable. \ud83d\udc36<\/p>\t\t\t\t\t\t\t\t<\/div>\n\t\t\t\t<\/div>\n\t\t\t\t<div class=\"elementor-element elementor-element-18c1873 elementor-align-right elementor-widget elementor-widget-button\" data-id=\"18c1873\" data-element_type=\"widget\" data-e-type=\"widget\" data-widget_type=\"button.default\">\n\t\t\t\t<div class=\"elementor-widget-container\">\n\t\t\t\t\t\t\t\t\t<div class=\"elementor-button-wrapper\">\n\t\t\t\t\t<a class=\"elementor-button elementor-button-link elementor-size-sm\" href=\"https:\/\/amzn.to\/490ENfX\">\n\t\t\t\t\t\t<span class=\"elementor-button-content-wrapper\">\n\t\t\t\t\t\t\t\t\t<span class=\"elementor-button-text\">Compra ahora en Amazon<\/span>\n\t\t\t\t\t<\/span>\n\t\t\t\t\t<\/a>\n\t\t\t\t<\/div>\n\t\t\t\t\t\t\t\t<\/div>\n\t\t\t\t<\/div>\n\t\t\t\t<\/div>\n\t\t\t\t\t<\/div>\n\t\t\t\t<\/div>\n\t\t<div class=\"elementor-element elementor-element-6cebd1e e-flex e-con-boxed e-con e-parent\" data-id=\"6cebd1e\" data-element_type=\"container\" data-e-type=\"container\">\n\t\t\t\t\t<div class=\"e-con-inner\">\n\t\t\t\t<div class=\"elementor-element elementor-element-2334b2b elementor-arrows-position-inside elementor-pagination-position-outside elementor-widget elementor-widget-image-carousel\" data-id=\"2334b2b\" data-element_type=\"widget\" data-e-type=\"widget\" data-settings=\"{&quot;slides_to_show&quot;:&quot;1&quot;,&quot;navigation&quot;:&quot;both&quot;,&quot;autoplay&quot;:&quot;yes&quot;,&quot;pause_on_hover&quot;:&quot;yes&quot;,&quot;pause_on_interaction&quot;:&quot;yes&quot;,&quot;autoplay_speed&quot;:5000,&quot;infinite&quot;:&quot;yes&quot;,&quot;effect&quot;:&quot;slide&quot;,&quot;speed&quot;:500}\" data-widget_type=\"image-carousel.default\">\n\t\t\t\t<div class=\"elementor-widget-container\">\n\t\t\t\t\t\t\t<div class=\"elementor-image-carousel-wrapper swiper\" role=\"region\" aria-roledescription=\"carousel\" aria-label=\"Carrusel de im\u00e1genes\" dir=\"ltr\">\n\t\t\t<div class=\"elementor-image-carousel swiper-wrapper\" aria-live=\"off\">\n\t\t\t\t\t\t\t\t<div class=\"swiper-slide\" role=\"group\" aria-roledescription=\"slide\" aria-label=\"1 de 5\"><figure class=\"swiper-slide-inner\"><img decoding=\"async\" class=\"swiper-slide-image\" src=\"https:\/\/mundoanimalito.com\/wp-content\/uploads\/2024\/03\/71-P0rSaxhL._AC_SL1500_-768x814.jpg\" alt=\"Nature&#039;s Variety Original No Grain, Pienso para Perros Adultos Peque\u00f1os, Sin cereales, con Salm\u00f3n sin espinas, 1,5kg\" \/><\/figure><\/div><div class=\"swiper-slide\" role=\"group\" aria-roledescription=\"slide\" aria-label=\"2 de 5\"><figure class=\"swiper-slide-inner\"><img decoding=\"async\" class=\"swiper-slide-image\" src=\"https:\/\/mundoanimalito.com\/wp-content\/uploads\/2024\/03\/81-UPeTb3yL._AC_SL1500_-768x782.jpg\" alt=\"Nature&#039;s Variety Original No Grain, Pienso para Perros Adultos Peque\u00f1os, Sin cereales, con Salm\u00f3n sin espinas, 1,5kg\" \/><\/figure><\/div><div class=\"swiper-slide\" role=\"group\" aria-roledescription=\"slide\" aria-label=\"3 de 5\"><figure class=\"swiper-slide-inner\"><img decoding=\"async\" class=\"swiper-slide-image\" src=\"https:\/\/mundoanimalito.com\/wp-content\/uploads\/2024\/03\/917qMskDJhL._AC_SL1500_-768x768.jpg\" alt=\"Nature&#039;s Variety Original No Grain, Pienso para Perros Adultos Peque\u00f1os, Sin cereales, con Salm\u00f3n sin espinas, 1,5kg\" \/><\/figure><\/div><div class=\"swiper-slide\" role=\"group\" aria-roledescription=\"slide\" aria-label=\"4 de 5\"><figure class=\"swiper-slide-inner\"><img decoding=\"async\" class=\"swiper-slide-image\" src=\"https:\/\/mundoanimalito.com\/wp-content\/uploads\/2024\/03\/911iDVn1TL._AC_SL1500_-768x768.jpg\" alt=\"Nature&#039;s Variety Original No Grain, Pienso para Perros Adultos Peque\u00f1os, Sin cereales, con Salm\u00f3n sin espinas, 1,5kg\" \/><\/figure><\/div><div class=\"swiper-slide\" role=\"group\" aria-roledescription=\"slide\" aria-label=\"5 de 5\"><figure class=\"swiper-slide-inner\"><img decoding=\"async\" class=\"swiper-slide-image\" src=\"https:\/\/mundoanimalito.com\/wp-content\/uploads\/2024\/03\/81FoNNODdFL._AC_SL1500_-768x768.jpg\" alt=\"Nature&#039;s Variety Original No Grain, Pienso para Perros Adultos Peque\u00f1os, Sin cereales, con Salm\u00f3n sin espinas, 1,5kg\" \/><\/figure><\/div>\t\t\t<\/div>\n\t\t\t\t\t\t\t\t\t\t\t\t<div class=\"elementor-swiper-button elementor-swiper-button-prev\" role=\"button\" tabindex=\"0\">\n\t\t\t\t\t\t<i aria-hidden=\"true\" class=\"eicon-chevron-left\"><\/i>\t\t\t\t\t<\/div>\n\t\t\t\t\t<div class=\"elementor-swiper-button elementor-swiper-button-next\" role=\"button\" tabindex=\"0\">\n\t\t\t\t\t\t<i aria-hidden=\"true\" class=\"eicon-chevron-right\"><\/i>\t\t\t\t\t<\/div>\n\t\t\t\t\n\t\t\t\t\t\t\t\t\t<div class=\"swiper-pagination\"><\/div>\n\t\t\t\t\t\t\t\t\t<\/div>\n\t\t\t\t\t\t<\/div>\n\t\t\t\t<\/div>\n\t\t\t\t\t<\/div>\n\t\t\t\t<\/div>\n\t\t<div class=\"elementor-element elementor-element-d6420d0 e-flex e-con-boxed e-con e-parent\" data-id=\"d6420d0\" data-element_type=\"container\" data-e-type=\"container\">\n\t\t\t\t\t<div class=\"e-con-inner\">\n\t\t\t\t<div class=\"elementor-element elementor-element-50c5208 elementor-widget elementor-widget-button\" data-id=\"50c5208\" data-element_type=\"widget\" data-e-type=\"widget\" data-widget_type=\"button.default\">\n\t\t\t\t<div class=\"elementor-widget-container\">\n\t\t\t\t\t\t\t\t\t<div class=\"elementor-button-wrapper\">\n\t\t\t\t\t<a class=\"elementor-button elementor-button-link elementor-size-sm\" href=\"https:\/\/amzn.to\/490ENfX\">\n\t\t\t\t\t\t<span class=\"elementor-button-content-wrapper\">\n\t\t\t\t\t\t\t\t\t<span class=\"elementor-button-text\">Compra ahora en Amazon<\/span>\n\t\t\t\t\t<\/span>\n\t\t\t\t\t<\/a>\n\t\t\t\t<\/div>\n\t\t\t\t\t\t\t\t<\/div>\n\t\t\t\t<\/div>\n\t\t\t\t\t<\/div>\n\t\t\t\t<\/div>\n\t\t\t\t<\/div>\n\t\t","protected":false},"excerpt":{"rendered":"<p>\u00a1Dale a tu perro peque\u00f1o la nutrici\u00f3n de calidad que se merece con Nature&#8217;s Variety Original No Grain! \ud83c\udf3eSin cereales: Formulado sin cereales, utiliza carbohidratos alternativos como la patata, los garbanzos y los guisantes, que son m\u00e1s f\u00e1ciles de digerir y menos propensos a causar sensibilidades alimentarias.\u00a0 \u00a0 \ud83e\udd69Carne de alta calidad: El ingrediente principal [&hellip;]<\/p>\n","protected":false},"author":1,"featured_media":0,"parent":0,"menu_order":0,"comment_status":"closed","ping_status":"closed","template":"","meta":{"site-sidebar-layout":"no-sidebar","site-content-layout":"page-builder","ast-site-content-layout":"full-width-container","site-content-style":"default","site-sidebar-style":"default","ast-global-header-display":"","ast-banner-title-visibility":"","ast-main-header-display":"","ast-hfb-above-header-display":"","ast-hfb-below-header-display":"","ast-hfb-mobile-header-display":"","site-post-title":"disabled","ast-breadcrumbs-content":"","ast-featured-img":"disabled","footer-sml-layout":"","ast-disable-related-posts":"","theme-transparent-header-meta":"","adv-header-id-meta":"","stick-header-meta":"","header-above-stick-meta":"","header-main-stick-meta":"","header-below-stick-meta":"","astra-migrate-meta-layouts":"set","ast-page-background-enabled":"default","ast-page-background-meta":{"desktop":{"background-color":"var(--ast-global-color-4)","background-image":"","background-repeat":"repeat","background-position":"center center","background-size":"auto","background-attachment":"scroll","background-type":"","background-media":"","overlay-type":"","overlay-color":"","overlay-opacity":"","overlay-gradient":""},"tablet":{"background-color":"","background-image":"","background-repeat":"repeat","background-position":"center center","background-size":"auto","background-attachment":"scroll","background-type":"","background-media":"","overlay-type":"","overlay-color":"","overlay-opacity":"","overlay-gradient":""},"mobile":{"background-color":"","background-image":"","background-repeat":"repeat","background-position":"center center","background-size":"auto","background-attachment":"scroll","background-type":"","background-media":"","overlay-type":"","overlay-color":"","overlay-opacity":"","overlay-gradient":""}},"ast-content-background-meta":{"desktop":{"background-color":"var(--ast-global-color-5)","background-image":"","background-repeat":"repeat","background-position":"center center","background-size":"auto","background-attachment":"scroll","background-type":"","background-media":"","overlay-type":"","overlay-color":"","overlay-opacity":"","overlay-gradient":""},"tablet":{"background-color":"var(--ast-global-color-5)","background-image":"","background-repeat":"repeat","background-position":"center center","background-size":"auto","background-attachment":"scroll","background-type":"","background-media":"","overlay-type":"","overlay-color":"","overlay-opacity":"","overlay-gradient":""},"mobile":{"background-color":"var(--ast-global-color-5)","background-image":"","background-repeat":"repeat","background-position":"center center","background-size":"auto","background-attachment":"scroll","background-type":"","background-media":"","overlay-type":"","overlay-color":"","overlay-opacity":"","overlay-gradient":""}},"footnotes":""},"class_list":["post-15834","page","type-page","status-publish","hentry"],"yoast_head":"<!-- This site is optimized with the Yoast SEO plugin v27.4 - https:\/\/yoast.com\/product\/yoast-seo-wordpress\/ -->\n<title>Nature&#039;s Variety Original No Grain, Pienso para Perros Adultos | Mundo Animalito<\/title>\n<meta name=\"description\" content=\"Nature&#039;s Variety Original No Grain, Pienso para Perros Adultos Peque\u00f1os, Sin cereales, con Salm\u00f3n sin espinas, 1,5kg\" \/>\n<meta name=\"robots\" content=\"index, follow, max-snippet:-1, max-image-preview:large, max-video-preview:-1\" \/>\n<link rel=\"canonical\" href=\"https:\/\/mundoanimalito.com\/index.php\/natures-variety-original\/\" \/>\n<meta property=\"og:locale\" content=\"es_ES\" \/>\n<meta property=\"og:type\" content=\"article\" \/>\n<meta property=\"og:title\" content=\"Nature&#039;s Variety Original No Grain, Pienso para Perros Adultos | Mundo Animalito\" \/>\n<meta property=\"og:description\" content=\"Nature&#039;s Variety Original No Grain, Pienso para Perros Adultos Peque\u00f1os, Sin cereales, con Salm\u00f3n sin espinas, 1,5kg\" \/>\n<meta property=\"og:url\" content=\"https:\/\/mundoanimalito.com\/index.php\/natures-variety-original\/\" \/>\n<meta property=\"og:site_name\" content=\"Mundo Animalito\" \/>\n<meta property=\"article:publisher\" content=\"https:\/\/www.facebook.com\/mundoanimalito77\" \/>\n<meta property=\"article:modified_time\" content=\"2024-09-09T23:03:04+00:00\" \/>\n<meta property=\"og:image\" content=\"https:\/\/mundoanimalito.com\/wp-content\/uploads\/2024\/03\/714Ny6cBkNL._AC_SL1500_-638x1024.jpg\" \/>\n<meta name=\"twitter:card\" content=\"summary_large_image\" \/>\n<meta name=\"twitter:label1\" content=\"Tiempo de lectura\" \/>\n\t<meta name=\"twitter:data1\" content=\"3 minutos\" \/>\n<script type=\"application\/ld+json\" class=\"yoast-schema-graph\">{\"@context\":\"https:\\\/\\\/schema.org\",\"@graph\":[{\"@type\":\"WebPage\",\"@id\":\"https:\\\/\\\/mundoanimalito.com\\\/index.php\\\/natures-variety-original\\\/\",\"url\":\"https:\\\/\\\/mundoanimalito.com\\\/index.php\\\/natures-variety-original\\\/\",\"name\":\"Nature's Variety Original No Grain, Pienso para Perros Adultos | Mundo Animalito\",\"isPartOf\":{\"@id\":\"https:\\\/\\\/mundoanimalito.com\\\/#website\"},\"primaryImageOfPage\":{\"@id\":\"https:\\\/\\\/mundoanimalito.com\\\/index.php\\\/natures-variety-original\\\/#primaryimage\"},\"image\":{\"@id\":\"https:\\\/\\\/mundoanimalito.com\\\/index.php\\\/natures-variety-original\\\/#primaryimage\"},\"thumbnailUrl\":\"https:\\\/\\\/mundoanimalito.com\\\/wp-content\\\/uploads\\\/2024\\\/03\\\/714Ny6cBkNL._AC_SL1500_-638x1024.jpg\",\"datePublished\":\"2024-03-18T20:30:26+00:00\",\"dateModified\":\"2024-09-09T23:03:04+00:00\",\"description\":\"Nature's Variety Original No Grain, Pienso para Perros Adultos Peque\u00f1os, Sin cereales, con Salm\u00f3n sin espinas, 1,5kg\",\"breadcrumb\":{\"@id\":\"https:\\\/\\\/mundoanimalito.com\\\/index.php\\\/natures-variety-original\\\/#breadcrumb\"},\"inLanguage\":\"es\",\"potentialAction\":[{\"@type\":\"ReadAction\",\"target\":[\"https:\\\/\\\/mundoanimalito.com\\\/index.php\\\/natures-variety-original\\\/\"]}]},{\"@type\":\"ImageObject\",\"inLanguage\":\"es\",\"@id\":\"https:\\\/\\\/mundoanimalito.com\\\/index.php\\\/natures-variety-original\\\/#primaryimage\",\"url\":\"https:\\\/\\\/mundoanimalito.com\\\/wp-content\\\/uploads\\\/2024\\\/03\\\/714Ny6cBkNL._AC_SL1500_.jpg\",\"contentUrl\":\"https:\\\/\\\/mundoanimalito.com\\\/wp-content\\\/uploads\\\/2024\\\/03\\\/714Ny6cBkNL._AC_SL1500_.jpg\",\"width\":935,\"height\":1500,\"caption\":\"Nature's Variety Original No Grain, Pienso para Perros Adultos Peque\u00f1os, Sin cereales, con Salm\u00f3n sin espinas, 1,5kg\"},{\"@type\":\"BreadcrumbList\",\"@id\":\"https:\\\/\\\/mundoanimalito.com\\\/index.php\\\/natures-variety-original\\\/#breadcrumb\",\"itemListElement\":[{\"@type\":\"ListItem\",\"position\":1,\"name\":\"Portada\",\"item\":\"https:\\\/\\\/mundoanimalito.com\\\/\"},{\"@type\":\"ListItem\",\"position\":2,\"name\":\"Nature&#8217;s Variety Original\"}]},{\"@type\":\"WebSite\",\"@id\":\"https:\\\/\\\/mundoanimalito.com\\\/#website\",\"url\":\"https:\\\/\\\/mundoanimalito.com\\\/\",\"name\":\"Mundo Animalito\",\"description\":\"Datos y curiosidades de los animales, encuentra ac\u00e1 todo para tu mascota\",\"publisher\":{\"@id\":\"https:\\\/\\\/mundoanimalito.com\\\/#organization\"},\"potentialAction\":[{\"@type\":\"SearchAction\",\"target\":{\"@type\":\"EntryPoint\",\"urlTemplate\":\"https:\\\/\\\/mundoanimalito.com\\\/?s={search_term_string}\"},\"query-input\":{\"@type\":\"PropertyValueSpecification\",\"valueRequired\":true,\"valueName\":\"search_term_string\"}}],\"inLanguage\":\"es\"},{\"@type\":\"Organization\",\"@id\":\"https:\\\/\\\/mundoanimalito.com\\\/#organization\",\"name\":\"Mundo Animalito\",\"url\":\"https:\\\/\\\/mundoanimalito.com\\\/\",\"logo\":{\"@type\":\"ImageObject\",\"inLanguage\":\"es\",\"@id\":\"https:\\\/\\\/mundoanimalito.com\\\/#\\\/schema\\\/logo\\\/image\\\/\",\"url\":\"https:\\\/\\\/mundoanimalito.com\\\/wp-content\\\/uploads\\\/2023\\\/10\\\/cropped-cropped-LOGO-OFICIAL-ULTIMA-VERSION-1.jpg\",\"contentUrl\":\"https:\\\/\\\/mundoanimalito.com\\\/wp-content\\\/uploads\\\/2023\\\/10\\\/cropped-cropped-LOGO-OFICIAL-ULTIMA-VERSION-1.jpg\",\"width\":374,\"height\":425,\"caption\":\"Mundo Animalito\"},\"image\":{\"@id\":\"https:\\\/\\\/mundoanimalito.com\\\/#\\\/schema\\\/logo\\\/image\\\/\"},\"sameAs\":[\"https:\\\/\\\/www.facebook.com\\\/mundoanimalito77\",\"https:\\\/\\\/www.instagram.com\\\/mundoanimalito77\\\/\",\"https:\\\/\\\/www.tiktok.com\\\/@mundoanimalito77\",\"https:\\\/\\\/www.youtube.com\\\/channel\\\/UCLo2JhNUNtHVraDt5aHadew\"]}]}<\/script>\n<!-- \/ Yoast SEO plugin. -->","yoast_head_json":{"title":"Nature's Variety Original No Grain, Pienso para Perros Adultos | Mundo Animalito","description":"Nature's Variety Original No Grain, Pienso para Perros Adultos Peque\u00f1os, Sin cereales, con Salm\u00f3n sin espinas, 1,5kg","robots":{"index":"index","follow":"follow","max-snippet":"max-snippet:-1","max-image-preview":"max-image-preview:large","max-video-preview":"max-video-preview:-1"},"canonical":"https:\/\/mundoanimalito.com\/index.php\/natures-variety-original\/","og_locale":"es_ES","og_type":"article","og_title":"Nature's Variety Original No Grain, Pienso para Perros Adultos | Mundo Animalito","og_description":"Nature's Variety Original No Grain, Pienso para Perros Adultos Peque\u00f1os, Sin cereales, con Salm\u00f3n sin espinas, 1,5kg","og_url":"https:\/\/mundoanimalito.com\/index.php\/natures-variety-original\/","og_site_name":"Mundo Animalito","article_publisher":"https:\/\/www.facebook.com\/mundoanimalito77","article_modified_time":"2024-09-09T23:03:04+00:00","og_image":[{"url":"https:\/\/mundoanimalito.com\/wp-content\/uploads\/2024\/03\/714Ny6cBkNL._AC_SL1500_-638x1024.jpg","type":"","width":"","height":""}],"twitter_card":"summary_large_image","twitter_misc":{"Tiempo de lectura":"3 minutos"},"schema":{"@context":"https:\/\/schema.org","@graph":[{"@type":"WebPage","@id":"https:\/\/mundoanimalito.com\/index.php\/natures-variety-original\/","url":"https:\/\/mundoanimalito.com\/index.php\/natures-variety-original\/","name":"Nature's Variety Original No Grain, Pienso para Perros Adultos | Mundo Animalito","isPartOf":{"@id":"https:\/\/mundoanimalito.com\/#website"},"primaryImageOfPage":{"@id":"https:\/\/mundoanimalito.com\/index.php\/natures-variety-original\/#primaryimage"},"image":{"@id":"https:\/\/mundoanimalito.com\/index.php\/natures-variety-original\/#primaryimage"},"thumbnailUrl":"https:\/\/mundoanimalito.com\/wp-content\/uploads\/2024\/03\/714Ny6cBkNL._AC_SL1500_-638x1024.jpg","datePublished":"2024-03-18T20:30:26+00:00","dateModified":"2024-09-09T23:03:04+00:00","description":"Nature's Variety Original No Grain, Pienso para Perros Adultos Peque\u00f1os, Sin cereales, con Salm\u00f3n sin espinas, 1,5kg","breadcrumb":{"@id":"https:\/\/mundoanimalito.com\/index.php\/natures-variety-original\/#breadcrumb"},"inLanguage":"es","potentialAction":[{"@type":"ReadAction","target":["https:\/\/mundoanimalito.com\/index.php\/natures-variety-original\/"]}]},{"@type":"ImageObject","inLanguage":"es","@id":"https:\/\/mundoanimalito.com\/index.php\/natures-variety-original\/#primaryimage","url":"https:\/\/mundoanimalito.com\/wp-content\/uploads\/2024\/03\/714Ny6cBkNL._AC_SL1500_.jpg","contentUrl":"https:\/\/mundoanimalito.com\/wp-content\/uploads\/2024\/03\/714Ny6cBkNL._AC_SL1500_.jpg","width":935,"height":1500,"caption":"Nature's Variety Original No Grain, Pienso para Perros Adultos Peque\u00f1os, Sin cereales, con Salm\u00f3n sin espinas, 1,5kg"},{"@type":"BreadcrumbList","@id":"https:\/\/mundoanimalito.com\/index.php\/natures-variety-original\/#breadcrumb","itemListElement":[{"@type":"ListItem","position":1,"name":"Portada","item":"https:\/\/mundoanimalito.com\/"},{"@type":"ListItem","position":2,"name":"Nature&#8217;s Variety Original"}]},{"@type":"WebSite","@id":"https:\/\/mundoanimalito.com\/#website","url":"https:\/\/mundoanimalito.com\/","name":"Mundo Animalito","description":"Datos y curiosidades de los animales, encuentra ac\u00e1 todo para tu mascota","publisher":{"@id":"https:\/\/mundoanimalito.com\/#organization"},"potentialAction":[{"@type":"SearchAction","target":{"@type":"EntryPoint","urlTemplate":"https:\/\/mundoanimalito.com\/?s={search_term_string}"},"query-input":{"@type":"PropertyValueSpecification","valueRequired":true,"valueName":"search_term_string"}}],"inLanguage":"es"},{"@type":"Organization","@id":"https:\/\/mundoanimalito.com\/#organization","name":"Mundo Animalito","url":"https:\/\/mundoanimalito.com\/","logo":{"@type":"ImageObject","inLanguage":"es","@id":"https:\/\/mundoanimalito.com\/#\/schema\/logo\/image\/","url":"https:\/\/mundoanimalito.com\/wp-content\/uploads\/2023\/10\/cropped-cropped-LOGO-OFICIAL-ULTIMA-VERSION-1.jpg","contentUrl":"https:\/\/mundoanimalito.com\/wp-content\/uploads\/2023\/10\/cropped-cropped-LOGO-OFICIAL-ULTIMA-VERSION-1.jpg","width":374,"height":425,"caption":"Mundo Animalito"},"image":{"@id":"https:\/\/mundoanimalito.com\/#\/schema\/logo\/image\/"},"sameAs":["https:\/\/www.facebook.com\/mundoanimalito77","https:\/\/www.instagram.com\/mundoanimalito77\/","https:\/\/www.tiktok.com\/@mundoanimalito77","https:\/\/www.youtube.com\/channel\/UCLo2JhNUNtHVraDt5aHadew"]}]}},"_links":{"self":[{"href":"https:\/\/mundoanimalito.com\/index.php\/wp-json\/wp\/v2\/pages\/15834","targetHints":{"allow":["GET"]}}],"collection":[{"href":"https:\/\/mundoanimalito.com\/index.php\/wp-json\/wp\/v2\/pages"}],"about":[{"href":"https:\/\/mundoanimalito.com\/index.php\/wp-json\/wp\/v2\/types\/page"}],"author":[{"embeddable":true,"href":"https:\/\/mundoanimalito.com\/index.php\/wp-json\/wp\/v2\/users\/1"}],"replies":[{"embeddable":true,"href":"https:\/\/mundoanimalito.com\/index.php\/wp-json\/wp\/v2\/comments?post=15834"}],"version-history":[{"count":0,"href":"https:\/\/mundoanimalito.com\/index.php\/wp-json\/wp\/v2\/pages\/15834\/revisions"}],"wp:attachment":[{"href":"https:\/\/mundoanimalito.com\/index.php\/wp-json\/wp\/v2\/media?parent=15834"}],"curies":[{"name":"wp","href":"https:\/\/api.w.org\/{rel}","templated":true}]}}