{"id":15641,"date":"2024-03-18T10:31:35","date_gmt":"2024-03-18T15:31:35","guid":{"rendered":"https:\/\/mundoanimalito.com\/?page_id=15641"},"modified":"2024-09-22T18:55:31","modified_gmt":"2024-09-22T23:55:31","slug":"taste-of-the-wild-sierra-mountain-pienso-para-perros-con-cordero-asado","status":"publish","type":"page","link":"https:\/\/mundoanimalito.com\/index.php\/taste-of-the-wild-sierra-mountain-pienso-para-perros-con-cordero-asado\/","title":{"rendered":"Taste Of The Wild Sierra Mountain &#8211; Pienso para Perros con Cordero Asado"},"content":{"rendered":"\t\t<div data-elementor-type=\"wp-page\" data-elementor-id=\"15641\" class=\"elementor elementor-15641\" data-elementor-post-type=\"page\">\n\t\t\t\t<div class=\"elementor-element elementor-element-6416558 e-flex e-con-boxed e-con e-parent\" data-id=\"6416558\" data-element_type=\"container\" data-e-type=\"container\">\n\t\t\t\t\t<div class=\"e-con-inner\">\n\t\t\t\t<div class=\"elementor-element elementor-element-7d2026e elementor-invisible elementor-widget elementor-widget-heading\" data-id=\"7d2026e\" data-element_type=\"widget\" data-e-type=\"widget\" data-settings=\"{&quot;_animation&quot;:&quot;fadeInDown&quot;}\" data-widget_type=\"heading.default\">\n\t\t\t\t<div class=\"elementor-widget-container\">\n\t\t\t\t\t<h2 class=\"elementor-heading-title elementor-size-default\">Descubre el aut\u00e9ntico sabor de la naturaleza con Taste of The Wild Sierra Mountain, el pienso premium que tu perro merece.<\/h2>\t\t\t\t<\/div>\n\t\t\t\t<\/div>\n\t\t\t\t\t<\/div>\n\t\t\t\t<\/div>\n\t\t<div class=\"elementor-element elementor-element-1ad49b4 e-flex e-con-boxed e-con e-parent\" data-id=\"1ad49b4\" data-element_type=\"container\" data-e-type=\"container\">\n\t\t\t\t\t<div class=\"e-con-inner\">\n\t\t<div class=\"elementor-element elementor-element-4b1cca5 e-con-full e-flex e-con e-child\" data-id=\"4b1cca5\" data-element_type=\"container\" data-e-type=\"container\">\n\t\t\t\t<div class=\"elementor-element elementor-element-0981fb1 elementor-widget elementor-widget-image\" data-id=\"0981fb1\" data-element_type=\"widget\" data-e-type=\"widget\" data-widget_type=\"image.default\">\n\t\t\t\t<div class=\"elementor-widget-container\">\n\t\t\t\t\t\t\t\t\t\t\t\t\t\t\t\t<a href=\"https:\/\/amzn.to\/43pp3SE\">\n\t\t\t\t\t\t\t<img fetchpriority=\"high\" decoding=\"async\" width=\"676\" height=\"812\" src=\"https:\/\/mundoanimalito.com\/wp-content\/uploads\/2024\/03\/61P3sUmgmnL._AC_SL1000_.jpg\" class=\"attachment-large size-large wp-image-15622\" alt=\"Taste Of The Wild Sierra Mountain - Pienso para Perros con Cordero Asado 12,2kg\" srcset=\"https:\/\/mundoanimalito.com\/wp-content\/uploads\/2024\/03\/61P3sUmgmnL._AC_SL1000_.jpg 676w, https:\/\/mundoanimalito.com\/wp-content\/uploads\/2024\/03\/61P3sUmgmnL._AC_SL1000_-250x300.jpg 250w\" sizes=\"(max-width: 676px) 100vw, 676px\" \/>\t\t\t\t\t\t\t\t<\/a>\n\t\t\t\t\t\t\t\t\t\t\t\t\t\t\t<\/div>\n\t\t\t\t<\/div>\n\t\t\t\t<\/div>\n\t\t<div class=\"elementor-element elementor-element-581c081 e-con-full e-flex e-con e-child\" data-id=\"581c081\" data-element_type=\"container\" data-e-type=\"container\">\n\t\t\t\t<div class=\"elementor-element elementor-element-df8a0f8 elementor-widget elementor-widget-text-editor\" data-id=\"df8a0f8\" data-element_type=\"widget\" data-e-type=\"widget\" data-widget_type=\"text-editor.default\">\n\t\t\t\t<div class=\"elementor-widget-container\">\n\t\t\t\t\t\t\t\t\t<p>\ud83c\udfde\ufe0f <strong>Una Aventura Gastron\u00f3mica en Cada Bocado: <\/strong>Con nuestra exclusiva f\u00f3rmula Sierra Mountain con Cordero Asado, tu perro experimentar\u00e1 la deliciosa autenticidad de la naturaleza en cada comida. \u00a1Una experiencia culinaria que despertar\u00e1 sus sentidos y lo mantendr\u00e1 emocionado en cada bocado!<\/p><p>\u00a0<\/p><p>\ud83d\udc11 <strong>Cordero Asado de Alta Calidad: <\/strong>El cordero asado, ingrediente principal de nuestra f\u00f3rmula, es una fuente premium de prote\u00ednas de alta calidad, esencial para mantener una musculatura fuerte y sana en tu mascota. \u00a1Una delicia irresistible para los paladares m\u00e1s exigentes!<\/p><p>\u00a0<\/p><p>\ud83c\udf3f <strong>Ingredientes Naturales y Sin Cereales: <\/strong>Formulado con ingredientes naturales seleccionados, nuestro pienso no contiene cereales, lo que lo hace ideal para perros de todas las razas y etapas de vida. Con frutas y verduras agregadas, proporciona antioxidantes naturales para una salud \u00f3ptima.<\/p><p>\u00a0<\/p><p>\ud83d\ude80 <strong>Energ\u00eda Digerible para una Vida Activa: <\/strong>Enriquecido con taurina, nuestro pienso proporciona una energ\u00eda altamente digerible que mantendr\u00e1 a tu perro activo y vigoroso durante todo el d\u00eda. \u00a1Prep\u00e1rate para disfrutar de aventuras juntos sin l\u00edmites!<\/p><p>\u00a0<\/p><p>\ud83d\udc3e <strong>Una Dieta Inspirada en la Naturaleza: <\/strong>En Taste of The Wild, creemos en ofrecer a tu mascota lo mejor de la naturaleza. Nuestras f\u00f3rmulas sin<\/p>\t\t\t\t\t\t\t\t<\/div>\n\t\t\t\t<\/div>\n\t\t\t\t<\/div>\n\t\t\t\t\t<\/div>\n\t\t\t\t<\/div>\n\t\t<div class=\"elementor-element elementor-element-8c8398e e-flex e-con-boxed e-con e-parent\" data-id=\"8c8398e\" data-element_type=\"container\" data-e-type=\"container\">\n\t\t\t\t\t<div class=\"e-con-inner\">\n\t\t\t\t<div class=\"elementor-element elementor-element-5162a7a elementor-widget elementor-widget-text-editor\" data-id=\"5162a7a\" data-element_type=\"widget\" data-e-type=\"widget\" data-widget_type=\"text-editor.default\">\n\t\t\t\t<div class=\"elementor-widget-container\">\n\t\t\t\t\t\t\t\t\t<p>cereales est\u00e1n basadas en la dieta ancestral de los perros, con ingredientes de alta calidad y probi\u00f3ticos que promueven la salud intestinal y el bienestar general.<\/p><p>\u00a0<\/p><p>\u00a1No esperes m\u00e1s para darle a tu perro una alimentaci\u00f3n que lo haga sentir como en casa en la naturaleza! Con Taste of The Wild Sierra Mountain, cada comida ser\u00e1 una aventura que fortalecer\u00e1 su salud y lo har\u00e1 feliz.<\/p><p>\u00a0<\/p><p>Compra ahora y descubre por qu\u00e9 Taste of The Wild es la elecci\u00f3n preferida de los amantes de las mascotas en todo el mundo.<\/p>\t\t\t\t\t\t\t\t<\/div>\n\t\t\t\t<\/div>\n\t\t\t\t<div class=\"elementor-element elementor-element-389f315 elementor-align-right elementor-widget elementor-widget-button\" data-id=\"389f315\" data-element_type=\"widget\" data-e-type=\"widget\" data-widget_type=\"button.default\">\n\t\t\t\t<div class=\"elementor-widget-container\">\n\t\t\t\t\t\t\t\t\t<div class=\"elementor-button-wrapper\">\n\t\t\t\t\t<a class=\"elementor-button elementor-button-link elementor-size-sm\" href=\"https:\/\/amzn.to\/43pp3SE\">\n\t\t\t\t\t\t<span class=\"elementor-button-content-wrapper\">\n\t\t\t\t\t\t\t\t\t<span class=\"elementor-button-text\">Compra ahora en Amazon<\/span>\n\t\t\t\t\t<\/span>\n\t\t\t\t\t<\/a>\n\t\t\t\t<\/div>\n\t\t\t\t\t\t\t\t<\/div>\n\t\t\t\t<\/div>\n\t\t\t\t\t<\/div>\n\t\t\t\t<\/div>\n\t\t<div class=\"elementor-element elementor-element-ab3064c e-flex e-con-boxed e-con e-parent\" data-id=\"ab3064c\" data-element_type=\"container\" data-e-type=\"container\">\n\t\t\t\t\t<div class=\"e-con-inner\">\n\t\t\t\t<div class=\"elementor-element elementor-element-e7ac76a elementor-arrows-position-inside elementor-pagination-position-outside elementor-widget elementor-widget-image-carousel\" data-id=\"e7ac76a\" data-element_type=\"widget\" data-e-type=\"widget\" data-settings=\"{&quot;slides_to_show&quot;:&quot;1&quot;,&quot;navigation&quot;:&quot;both&quot;,&quot;autoplay&quot;:&quot;yes&quot;,&quot;pause_on_hover&quot;:&quot;yes&quot;,&quot;pause_on_interaction&quot;:&quot;yes&quot;,&quot;autoplay_speed&quot;:5000,&quot;infinite&quot;:&quot;yes&quot;,&quot;effect&quot;:&quot;slide&quot;,&quot;speed&quot;:500}\" data-widget_type=\"image-carousel.default\">\n\t\t\t\t<div class=\"elementor-widget-container\">\n\t\t\t\t\t\t\t<div class=\"elementor-image-carousel-wrapper swiper\" role=\"region\" aria-roledescription=\"carousel\" aria-label=\"Carrusel de im\u00e1genes\" dir=\"ltr\">\n\t\t\t<div class=\"elementor-image-carousel swiper-wrapper\" aria-live=\"off\">\n\t\t\t\t\t\t\t\t<div class=\"swiper-slide\" role=\"group\" aria-roledescription=\"slide\" aria-label=\"1 de 6\"><figure class=\"swiper-slide-inner\"><img decoding=\"async\" class=\"swiper-slide-image\" src=\"https:\/\/mundoanimalito.com\/wp-content\/uploads\/2024\/03\/71C6SSXmcEL._AC_SL1500_-768x768.jpg\" alt=\"Taste Of The Wild Sierra Mountain - Pienso para Perros con Cordero Asado 12,2kg\" \/><\/figure><\/div><div class=\"swiper-slide\" role=\"group\" aria-roledescription=\"slide\" aria-label=\"2 de 6\"><figure class=\"swiper-slide-inner\"><img decoding=\"async\" class=\"swiper-slide-image\" src=\"https:\/\/mundoanimalito.com\/wp-content\/uploads\/2024\/03\/91C7VJFoWXL._AC_SL1500_-768x768.jpg\" alt=\"Taste Of The Wild Sierra Mountain - Pienso para Perros con Cordero Asado 12,2kg\" \/><\/figure><\/div><div class=\"swiper-slide\" role=\"group\" aria-roledescription=\"slide\" aria-label=\"3 de 6\"><figure class=\"swiper-slide-inner\"><img decoding=\"async\" class=\"swiper-slide-image\" src=\"https:\/\/mundoanimalito.com\/wp-content\/uploads\/2024\/03\/71iaovzGwhL._AC_SL1000_-768x768.jpg\" alt=\"Taste Of The Wild Sierra Mountain - Pienso para Perros con Cordero Asado 12,2kg\" \/><\/figure><\/div><div class=\"swiper-slide\" role=\"group\" aria-roledescription=\"slide\" aria-label=\"4 de 6\"><figure class=\"swiper-slide-inner\"><img decoding=\"async\" class=\"swiper-slide-image\" src=\"https:\/\/mundoanimalito.com\/wp-content\/uploads\/2024\/03\/81OngpQzYnL._AC_SL1500_-768x751.jpg\" alt=\"Taste Of The Wild Sierra Mountain - Pienso para Perros con Cordero Asado 12,2kg\" \/><\/figure><\/div><div class=\"swiper-slide\" role=\"group\" aria-roledescription=\"slide\" aria-label=\"5 de 6\"><figure class=\"swiper-slide-inner\"><img decoding=\"async\" class=\"swiper-slide-image\" src=\"https:\/\/mundoanimalito.com\/wp-content\/uploads\/2024\/03\/71DsV618QlL._AC_SL1500_-768x212.jpg\" alt=\"71DsV618QlL._AC_SL1500_\" \/><\/figure><\/div><div class=\"swiper-slide\" role=\"group\" aria-roledescription=\"slide\" aria-label=\"6 de 6\"><figure class=\"swiper-slide-inner\"><img decoding=\"async\" class=\"swiper-slide-image\" src=\"https:\/\/mundoanimalito.com\/wp-content\/uploads\/2024\/03\/71c7wUHya7L._AC_SL1500_-768x1162.jpg\" alt=\"Taste Of The Wild Sierra Mountain - Pienso para Perros con Cordero Asado 12,2kg\" \/><\/figure><\/div>\t\t\t<\/div>\n\t\t\t\t\t\t\t\t\t\t\t\t<div class=\"elementor-swiper-button elementor-swiper-button-prev\" role=\"button\" tabindex=\"0\">\n\t\t\t\t\t\t<i aria-hidden=\"true\" class=\"eicon-chevron-left\"><\/i>\t\t\t\t\t<\/div>\n\t\t\t\t\t<div class=\"elementor-swiper-button elementor-swiper-button-next\" role=\"button\" tabindex=\"0\">\n\t\t\t\t\t\t<i aria-hidden=\"true\" class=\"eicon-chevron-right\"><\/i>\t\t\t\t\t<\/div>\n\t\t\t\t\n\t\t\t\t\t\t\t\t\t<div class=\"swiper-pagination\"><\/div>\n\t\t\t\t\t\t\t\t\t<\/div>\n\t\t\t\t\t\t<\/div>\n\t\t\t\t<\/div>\n\t\t\t\t\t<\/div>\n\t\t\t\t<\/div>\n\t\t<div class=\"elementor-element elementor-element-8cb13e3 e-flex e-con-boxed e-con e-parent\" data-id=\"8cb13e3\" data-element_type=\"container\" data-e-type=\"container\">\n\t\t\t\t\t<div class=\"e-con-inner\">\n\t\t\t\t<div class=\"elementor-element elementor-element-f96a427 elementor-align-right elementor-widget elementor-widget-button\" data-id=\"f96a427\" data-element_type=\"widget\" data-e-type=\"widget\" data-widget_type=\"button.default\">\n\t\t\t\t<div class=\"elementor-widget-container\">\n\t\t\t\t\t\t\t\t\t<div class=\"elementor-button-wrapper\">\n\t\t\t\t\t<a class=\"elementor-button elementor-button-link elementor-size-sm\" href=\"https:\/\/amzn.to\/43pp3SE\">\n\t\t\t\t\t\t<span class=\"elementor-button-content-wrapper\">\n\t\t\t\t\t\t\t\t\t<span class=\"elementor-button-text\">Compra ahora en Amazon<\/span>\n\t\t\t\t\t<\/span>\n\t\t\t\t\t<\/a>\n\t\t\t\t<\/div>\n\t\t\t\t\t\t\t\t<\/div>\n\t\t\t\t<\/div>\n\t\t\t\t\t<\/div>\n\t\t\t\t<\/div>\n\t\t\t\t<\/div>\n\t\t","protected":false},"excerpt":{"rendered":"<p>Descubre el aut\u00e9ntico sabor de la naturaleza con Taste of The Wild Sierra Mountain, el pienso premium que tu perro merece. \ud83c\udfde\ufe0f Una Aventura Gastron\u00f3mica en Cada Bocado: Con nuestra exclusiva f\u00f3rmula Sierra Mountain con Cordero Asado, tu perro experimentar\u00e1 la deliciosa autenticidad de la naturaleza en cada comida. \u00a1Una experiencia culinaria que despertar\u00e1 sus [&hellip;]<\/p>\n","protected":false},"author":1,"featured_media":0,"parent":0,"menu_order":0,"comment_status":"closed","ping_status":"closed","template":"","meta":{"site-sidebar-layout":"no-sidebar","site-content-layout":"page-builder","ast-site-content-layout":"full-width-container","site-content-style":"default","site-sidebar-style":"default","ast-global-header-display":"","ast-banner-title-visibility":"","ast-main-header-display":"","ast-hfb-above-header-display":"","ast-hfb-below-header-display":"","ast-hfb-mobile-header-display":"","site-post-title":"disabled","ast-breadcrumbs-content":"","ast-featured-img":"disabled","footer-sml-layout":"","ast-disable-related-posts":"","theme-transparent-header-meta":"","adv-header-id-meta":"","stick-header-meta":"","header-above-stick-meta":"","header-main-stick-meta":"","header-below-stick-meta":"","astra-migrate-meta-layouts":"set","ast-page-background-enabled":"default","ast-page-background-meta":{"desktop":{"background-color":"var(--ast-global-color-4)","background-image":"","background-repeat":"repeat","background-position":"center center","background-size":"auto","background-attachment":"scroll","background-type":"","background-media":"","overlay-type":"","overlay-color":"","overlay-opacity":"","overlay-gradient":""},"tablet":{"background-color":"","background-image":"","background-repeat":"repeat","background-position":"center center","background-size":"auto","background-attachment":"scroll","background-type":"","background-media":"","overlay-type":"","overlay-color":"","overlay-opacity":"","overlay-gradient":""},"mobile":{"background-color":"","background-image":"","background-repeat":"repeat","background-position":"center center","background-size":"auto","background-attachment":"scroll","background-type":"","background-media":"","overlay-type":"","overlay-color":"","overlay-opacity":"","overlay-gradient":""}},"ast-content-background-meta":{"desktop":{"background-color":"var(--ast-global-color-5)","background-image":"","background-repeat":"repeat","background-position":"center center","background-size":"auto","background-attachment":"scroll","background-type":"","background-media":"","overlay-type":"","overlay-color":"","overlay-opacity":"","overlay-gradient":""},"tablet":{"background-color":"var(--ast-global-color-5)","background-image":"","background-repeat":"repeat","background-position":"center center","background-size":"auto","background-attachment":"scroll","background-type":"","background-media":"","overlay-type":"","overlay-color":"","overlay-opacity":"","overlay-gradient":""},"mobile":{"background-color":"var(--ast-global-color-5)","background-image":"","background-repeat":"repeat","background-position":"center center","background-size":"auto","background-attachment":"scroll","background-type":"","background-media":"","overlay-type":"","overlay-color":"","overlay-opacity":"","overlay-gradient":""}},"footnotes":""},"class_list":["post-15641","page","type-page","status-publish","hentry"],"yoast_head":"<!-- This site is optimized with the Yoast SEO plugin v27.5 - https:\/\/yoast.com\/product\/yoast-seo-wordpress\/ -->\n<title>Taste Of The Wild Sierra Mountain | Mundo Animalito<\/title>\n<meta name=\"description\" content=\"Taste Of The Wild Sierra Mountain - Pienso para Perros con Cordero Asado 12,2kg, el pienso premium que tu perro merece\" \/>\n<meta name=\"robots\" content=\"index, follow, max-snippet:-1, max-image-preview:large, max-video-preview:-1\" \/>\n<link rel=\"canonical\" href=\"https:\/\/mundoanimalito.com\/index.php\/taste-of-the-wild-sierra-mountain-pienso-para-perros-con-cordero-asado\/\" \/>\n<meta property=\"og:locale\" content=\"es_ES\" \/>\n<meta property=\"og:type\" content=\"article\" \/>\n<meta property=\"og:title\" content=\"Taste Of The Wild Sierra Mountain | Mundo Animalito\" \/>\n<meta property=\"og:description\" content=\"Taste Of The Wild Sierra Mountain - Pienso para Perros con Cordero Asado 12,2kg, el pienso premium que tu perro merece\" \/>\n<meta property=\"og:url\" content=\"https:\/\/mundoanimalito.com\/index.php\/taste-of-the-wild-sierra-mountain-pienso-para-perros-con-cordero-asado\/\" \/>\n<meta property=\"og:site_name\" content=\"Mundo Animalito\" \/>\n<meta property=\"article:publisher\" content=\"https:\/\/www.facebook.com\/mundoanimalito77\" \/>\n<meta property=\"article:modified_time\" content=\"2024-09-22T23:55:31+00:00\" \/>\n<meta property=\"og:image\" content=\"https:\/\/mundoanimalito.com\/wp-content\/uploads\/2024\/03\/61P3sUmgmnL._AC_SL1000_.jpg\" \/>\n<meta name=\"twitter:card\" content=\"summary_large_image\" \/>\n<meta name=\"twitter:label1\" content=\"Tiempo de lectura\" \/>\n\t<meta name=\"twitter:data1\" content=\"3 minutos\" \/>\n<script type=\"application\/ld+json\" class=\"yoast-schema-graph\">{\"@context\":\"https:\\\/\\\/schema.org\",\"@graph\":[{\"@type\":\"WebPage\",\"@id\":\"https:\\\/\\\/mundoanimalito.com\\\/index.php\\\/taste-of-the-wild-sierra-mountain-pienso-para-perros-con-cordero-asado\\\/\",\"url\":\"https:\\\/\\\/mundoanimalito.com\\\/index.php\\\/taste-of-the-wild-sierra-mountain-pienso-para-perros-con-cordero-asado\\\/\",\"name\":\"Taste Of The Wild Sierra Mountain | Mundo Animalito\",\"isPartOf\":{\"@id\":\"https:\\\/\\\/mundoanimalito.com\\\/#website\"},\"primaryImageOfPage\":{\"@id\":\"https:\\\/\\\/mundoanimalito.com\\\/index.php\\\/taste-of-the-wild-sierra-mountain-pienso-para-perros-con-cordero-asado\\\/#primaryimage\"},\"image\":{\"@id\":\"https:\\\/\\\/mundoanimalito.com\\\/index.php\\\/taste-of-the-wild-sierra-mountain-pienso-para-perros-con-cordero-asado\\\/#primaryimage\"},\"thumbnailUrl\":\"https:\\\/\\\/mundoanimalito.com\\\/wp-content\\\/uploads\\\/2024\\\/03\\\/61P3sUmgmnL._AC_SL1000_.jpg\",\"datePublished\":\"2024-03-18T15:31:35+00:00\",\"dateModified\":\"2024-09-22T23:55:31+00:00\",\"description\":\"Taste Of The Wild Sierra Mountain - Pienso para Perros con Cordero Asado 12,2kg, el pienso premium que tu perro merece\",\"breadcrumb\":{\"@id\":\"https:\\\/\\\/mundoanimalito.com\\\/index.php\\\/taste-of-the-wild-sierra-mountain-pienso-para-perros-con-cordero-asado\\\/#breadcrumb\"},\"inLanguage\":\"es\",\"potentialAction\":[{\"@type\":\"ReadAction\",\"target\":[\"https:\\\/\\\/mundoanimalito.com\\\/index.php\\\/taste-of-the-wild-sierra-mountain-pienso-para-perros-con-cordero-asado\\\/\"]}]},{\"@type\":\"ImageObject\",\"inLanguage\":\"es\",\"@id\":\"https:\\\/\\\/mundoanimalito.com\\\/index.php\\\/taste-of-the-wild-sierra-mountain-pienso-para-perros-con-cordero-asado\\\/#primaryimage\",\"url\":\"https:\\\/\\\/mundoanimalito.com\\\/wp-content\\\/uploads\\\/2024\\\/03\\\/61P3sUmgmnL._AC_SL1000_.jpg\",\"contentUrl\":\"https:\\\/\\\/mundoanimalito.com\\\/wp-content\\\/uploads\\\/2024\\\/03\\\/61P3sUmgmnL._AC_SL1000_.jpg\",\"width\":676,\"height\":812,\"caption\":\"Taste Of The Wild Sierra Mountain - Pienso para Perros con Cordero Asado 12,2kg\"},{\"@type\":\"BreadcrumbList\",\"@id\":\"https:\\\/\\\/mundoanimalito.com\\\/index.php\\\/taste-of-the-wild-sierra-mountain-pienso-para-perros-con-cordero-asado\\\/#breadcrumb\",\"itemListElement\":[{\"@type\":\"ListItem\",\"position\":1,\"name\":\"Portada\",\"item\":\"https:\\\/\\\/mundoanimalito.com\\\/\"},{\"@type\":\"ListItem\",\"position\":2,\"name\":\"Taste Of The Wild Sierra Mountain &#8211; Pienso para Perros con Cordero Asado\"}]},{\"@type\":\"WebSite\",\"@id\":\"https:\\\/\\\/mundoanimalito.com\\\/#website\",\"url\":\"https:\\\/\\\/mundoanimalito.com\\\/\",\"name\":\"Mundo Animalito\",\"description\":\"Datos y curiosidades de los animales, encuentra ac\u00e1 todo para tu mascota\",\"publisher\":{\"@id\":\"https:\\\/\\\/mundoanimalito.com\\\/#organization\"},\"potentialAction\":[{\"@type\":\"SearchAction\",\"target\":{\"@type\":\"EntryPoint\",\"urlTemplate\":\"https:\\\/\\\/mundoanimalito.com\\\/?s={search_term_string}\"},\"query-input\":{\"@type\":\"PropertyValueSpecification\",\"valueRequired\":true,\"valueName\":\"search_term_string\"}}],\"inLanguage\":\"es\"},{\"@type\":\"Organization\",\"@id\":\"https:\\\/\\\/mundoanimalito.com\\\/#organization\",\"name\":\"Mundo Animalito\",\"url\":\"https:\\\/\\\/mundoanimalito.com\\\/\",\"logo\":{\"@type\":\"ImageObject\",\"inLanguage\":\"es\",\"@id\":\"https:\\\/\\\/mundoanimalito.com\\\/#\\\/schema\\\/logo\\\/image\\\/\",\"url\":\"https:\\\/\\\/mundoanimalito.com\\\/wp-content\\\/uploads\\\/2023\\\/10\\\/cropped-cropped-LOGO-OFICIAL-ULTIMA-VERSION-1.jpg\",\"contentUrl\":\"https:\\\/\\\/mundoanimalito.com\\\/wp-content\\\/uploads\\\/2023\\\/10\\\/cropped-cropped-LOGO-OFICIAL-ULTIMA-VERSION-1.jpg\",\"width\":374,\"height\":425,\"caption\":\"Mundo Animalito\"},\"image\":{\"@id\":\"https:\\\/\\\/mundoanimalito.com\\\/#\\\/schema\\\/logo\\\/image\\\/\"},\"sameAs\":[\"https:\\\/\\\/www.facebook.com\\\/mundoanimalito77\",\"https:\\\/\\\/www.instagram.com\\\/mundoanimalito77\\\/\",\"https:\\\/\\\/www.tiktok.com\\\/@mundoanimalito77\",\"https:\\\/\\\/www.youtube.com\\\/channel\\\/UCLo2JhNUNtHVraDt5aHadew\"]}]}<\/script>\n<!-- \/ Yoast SEO plugin. -->","yoast_head_json":{"title":"Taste Of The Wild Sierra Mountain | Mundo Animalito","description":"Taste Of The Wild Sierra Mountain - Pienso para Perros con Cordero Asado 12,2kg, el pienso premium que tu perro merece","robots":{"index":"index","follow":"follow","max-snippet":"max-snippet:-1","max-image-preview":"max-image-preview:large","max-video-preview":"max-video-preview:-1"},"canonical":"https:\/\/mundoanimalito.com\/index.php\/taste-of-the-wild-sierra-mountain-pienso-para-perros-con-cordero-asado\/","og_locale":"es_ES","og_type":"article","og_title":"Taste Of The Wild Sierra Mountain | Mundo Animalito","og_description":"Taste Of The Wild Sierra Mountain - Pienso para Perros con Cordero Asado 12,2kg, el pienso premium que tu perro merece","og_url":"https:\/\/mundoanimalito.com\/index.php\/taste-of-the-wild-sierra-mountain-pienso-para-perros-con-cordero-asado\/","og_site_name":"Mundo Animalito","article_publisher":"https:\/\/www.facebook.com\/mundoanimalito77","article_modified_time":"2024-09-22T23:55:31+00:00","og_image":[{"url":"https:\/\/mundoanimalito.com\/wp-content\/uploads\/2024\/03\/61P3sUmgmnL._AC_SL1000_.jpg","type":"","width":"","height":""}],"twitter_card":"summary_large_image","twitter_misc":{"Tiempo de lectura":"3 minutos"},"schema":{"@context":"https:\/\/schema.org","@graph":[{"@type":"WebPage","@id":"https:\/\/mundoanimalito.com\/index.php\/taste-of-the-wild-sierra-mountain-pienso-para-perros-con-cordero-asado\/","url":"https:\/\/mundoanimalito.com\/index.php\/taste-of-the-wild-sierra-mountain-pienso-para-perros-con-cordero-asado\/","name":"Taste Of The Wild Sierra Mountain | Mundo Animalito","isPartOf":{"@id":"https:\/\/mundoanimalito.com\/#website"},"primaryImageOfPage":{"@id":"https:\/\/mundoanimalito.com\/index.php\/taste-of-the-wild-sierra-mountain-pienso-para-perros-con-cordero-asado\/#primaryimage"},"image":{"@id":"https:\/\/mundoanimalito.com\/index.php\/taste-of-the-wild-sierra-mountain-pienso-para-perros-con-cordero-asado\/#primaryimage"},"thumbnailUrl":"https:\/\/mundoanimalito.com\/wp-content\/uploads\/2024\/03\/61P3sUmgmnL._AC_SL1000_.jpg","datePublished":"2024-03-18T15:31:35+00:00","dateModified":"2024-09-22T23:55:31+00:00","description":"Taste Of The Wild Sierra Mountain - Pienso para Perros con Cordero Asado 12,2kg, el pienso premium que tu perro merece","breadcrumb":{"@id":"https:\/\/mundoanimalito.com\/index.php\/taste-of-the-wild-sierra-mountain-pienso-para-perros-con-cordero-asado\/#breadcrumb"},"inLanguage":"es","potentialAction":[{"@type":"ReadAction","target":["https:\/\/mundoanimalito.com\/index.php\/taste-of-the-wild-sierra-mountain-pienso-para-perros-con-cordero-asado\/"]}]},{"@type":"ImageObject","inLanguage":"es","@id":"https:\/\/mundoanimalito.com\/index.php\/taste-of-the-wild-sierra-mountain-pienso-para-perros-con-cordero-asado\/#primaryimage","url":"https:\/\/mundoanimalito.com\/wp-content\/uploads\/2024\/03\/61P3sUmgmnL._AC_SL1000_.jpg","contentUrl":"https:\/\/mundoanimalito.com\/wp-content\/uploads\/2024\/03\/61P3sUmgmnL._AC_SL1000_.jpg","width":676,"height":812,"caption":"Taste Of The Wild Sierra Mountain - Pienso para Perros con Cordero Asado 12,2kg"},{"@type":"BreadcrumbList","@id":"https:\/\/mundoanimalito.com\/index.php\/taste-of-the-wild-sierra-mountain-pienso-para-perros-con-cordero-asado\/#breadcrumb","itemListElement":[{"@type":"ListItem","position":1,"name":"Portada","item":"https:\/\/mundoanimalito.com\/"},{"@type":"ListItem","position":2,"name":"Taste Of The Wild Sierra Mountain &#8211; Pienso para Perros con Cordero Asado"}]},{"@type":"WebSite","@id":"https:\/\/mundoanimalito.com\/#website","url":"https:\/\/mundoanimalito.com\/","name":"Mundo Animalito","description":"Datos y curiosidades de los animales, encuentra ac\u00e1 todo para tu mascota","publisher":{"@id":"https:\/\/mundoanimalito.com\/#organization"},"potentialAction":[{"@type":"SearchAction","target":{"@type":"EntryPoint","urlTemplate":"https:\/\/mundoanimalito.com\/?s={search_term_string}"},"query-input":{"@type":"PropertyValueSpecification","valueRequired":true,"valueName":"search_term_string"}}],"inLanguage":"es"},{"@type":"Organization","@id":"https:\/\/mundoanimalito.com\/#organization","name":"Mundo Animalito","url":"https:\/\/mundoanimalito.com\/","logo":{"@type":"ImageObject","inLanguage":"es","@id":"https:\/\/mundoanimalito.com\/#\/schema\/logo\/image\/","url":"https:\/\/mundoanimalito.com\/wp-content\/uploads\/2023\/10\/cropped-cropped-LOGO-OFICIAL-ULTIMA-VERSION-1.jpg","contentUrl":"https:\/\/mundoanimalito.com\/wp-content\/uploads\/2023\/10\/cropped-cropped-LOGO-OFICIAL-ULTIMA-VERSION-1.jpg","width":374,"height":425,"caption":"Mundo Animalito"},"image":{"@id":"https:\/\/mundoanimalito.com\/#\/schema\/logo\/image\/"},"sameAs":["https:\/\/www.facebook.com\/mundoanimalito77","https:\/\/www.instagram.com\/mundoanimalito77\/","https:\/\/www.tiktok.com\/@mundoanimalito77","https:\/\/www.youtube.com\/channel\/UCLo2JhNUNtHVraDt5aHadew"]}]}},"_links":{"self":[{"href":"https:\/\/mundoanimalito.com\/index.php\/wp-json\/wp\/v2\/pages\/15641","targetHints":{"allow":["GET"]}}],"collection":[{"href":"https:\/\/mundoanimalito.com\/index.php\/wp-json\/wp\/v2\/pages"}],"about":[{"href":"https:\/\/mundoanimalito.com\/index.php\/wp-json\/wp\/v2\/types\/page"}],"author":[{"embeddable":true,"href":"https:\/\/mundoanimalito.com\/index.php\/wp-json\/wp\/v2\/users\/1"}],"replies":[{"embeddable":true,"href":"https:\/\/mundoanimalito.com\/index.php\/wp-json\/wp\/v2\/comments?post=15641"}],"version-history":[{"count":0,"href":"https:\/\/mundoanimalito.com\/index.php\/wp-json\/wp\/v2\/pages\/15641\/revisions"}],"wp:attachment":[{"href":"https:\/\/mundoanimalito.com\/index.php\/wp-json\/wp\/v2\/media?parent=15641"}],"curies":[{"name":"wp","href":"https:\/\/api.w.org\/{rel}","templated":true}]}}