{"id":15471,"date":"2024-03-15T10:01:45","date_gmt":"2024-03-15T15:01:45","guid":{"rendered":"https:\/\/mundoanimalito.com\/?page_id=15471"},"modified":"2024-09-03T11:53:22","modified_gmt":"2024-09-03T16:53:22","slug":"advance-veterinary-diets-gastroenteric","status":"publish","type":"page","link":"https:\/\/mundoanimalito.com\/index.php\/advance-veterinary-diets-gastroenteric\/","title":{"rendered":"Advance Veterinary Diets Gastroenteric"},"content":{"rendered":"\t\t<div data-elementor-type=\"wp-page\" data-elementor-id=\"15471\" class=\"elementor elementor-15471\" data-elementor-post-type=\"page\">\n\t\t\t\t<div class=\"elementor-element elementor-element-5da4ea2 e-flex e-con-boxed e-con e-parent\" data-id=\"5da4ea2\" data-element_type=\"container\" data-e-type=\"container\">\n\t\t\t\t\t<div class=\"e-con-inner\">\n\t\t\t\t<div class=\"elementor-element elementor-element-0960fc7 elementor-invisible elementor-widget elementor-widget-heading\" data-id=\"0960fc7\" data-element_type=\"widget\" data-e-type=\"widget\" data-settings=\"{&quot;_animation&quot;:&quot;fadeInDown&quot;}\" data-widget_type=\"heading.default\">\n\t\t\t\t<div class=\"elementor-widget-container\">\n\t\t\t\t\t<h2 class=\"elementor-heading-title elementor-size-default\">\n\u00a1Cuida el bienestar intestinal de tu perro con Advance Veterinary Diets Gastroenteric, el pienso especializado dise\u00f1ado para perros con trastornos gastrointestinales!<\/h2>\t\t\t\t<\/div>\n\t\t\t\t<\/div>\n\t\t\t\t\t<\/div>\n\t\t\t\t<\/div>\n\t\t<div class=\"elementor-element elementor-element-977f9f8 e-flex e-con-boxed e-con e-parent\" data-id=\"977f9f8\" data-element_type=\"container\" data-e-type=\"container\">\n\t\t\t\t\t<div class=\"e-con-inner\">\n\t\t<div class=\"elementor-element elementor-element-b3559e5 e-con-full e-flex e-con e-child\" data-id=\"b3559e5\" data-element_type=\"container\" data-e-type=\"container\">\n\t\t\t\t<div class=\"elementor-element elementor-element-7f5f193 elementor-widget elementor-widget-image\" data-id=\"7f5f193\" data-element_type=\"widget\" data-e-type=\"widget\" data-widget_type=\"image.default\">\n\t\t\t\t<div class=\"elementor-widget-container\">\n\t\t\t\t\t\t\t\t\t\t\t\t\t\t\t\t<a href=\"https:\/\/amzn.to\/49WEJz6\">\n\t\t\t\t\t\t\t<img fetchpriority=\"high\" decoding=\"async\" width=\"622\" height=\"900\" src=\"https:\/\/mundoanimalito.com\/wp-content\/uploads\/2024\/03\/51KaaqMlU8L._AC_SL1200_.jpg\" class=\"attachment-large size-large wp-image-15457\" alt=\"Advance Veterinary Diets Gastroenteric, Pienso para Perros con Trastornos gastrointestinales, 3kg\" srcset=\"https:\/\/mundoanimalito.com\/wp-content\/uploads\/2024\/03\/51KaaqMlU8L._AC_SL1200_.jpg 622w, https:\/\/mundoanimalito.com\/wp-content\/uploads\/2024\/03\/51KaaqMlU8L._AC_SL1200_-207x300.jpg 207w\" sizes=\"(max-width: 622px) 100vw, 622px\" \/>\t\t\t\t\t\t\t\t<\/a>\n\t\t\t\t\t\t\t\t\t\t\t\t\t\t\t<\/div>\n\t\t\t\t<\/div>\n\t\t\t\t<\/div>\n\t\t<div class=\"elementor-element elementor-element-2ea1c81 e-con-full e-flex e-con e-child\" data-id=\"2ea1c81\" data-element_type=\"container\" data-e-type=\"container\">\n\t\t\t\t<div class=\"elementor-element elementor-element-c9f5d5a elementor-widget elementor-widget-text-editor\" data-id=\"c9f5d5a\" data-element_type=\"widget\" data-e-type=\"widget\" data-widget_type=\"text-editor.default\">\n\t\t\t\t<div class=\"elementor-widget-container\">\n\t\t\t\t\t\t\t\t\t<p>\ud83d\udc3e <strong>Protecci\u00f3n Integral para una Salud Intestinal \u00d3ptima: <\/strong>Nuestra f\u00f3rmula \u00fanica est\u00e1 enriquecida con prote\u00ednas plasm\u00e1ticas bioactivas, inmunoglobulinas y glutamina para modular el sistema inmunitario intestinal y mantener la integridad de la mucosa. \u00a1Protege y fortalece la salud intestinal de tu perro desde adentro hacia afuera!<\/p><p>\u00a0<\/p><p>\ud83d\udcaa <strong>F\u00e1cil Digesti\u00f3n para una Vida C\u00f3moda: <\/strong>Con un alto contenido de glutamina, nuestro pienso proporciona una fuente de energ\u00eda vital para los enterocitos, promoviendo una f\u00e1cil digesti\u00f3n y aliviando cualquier malestar. \u00a1Asegura que tu perro se sienta c\u00f3modo y feliz en todo momento!<\/p><p>\u00a0<\/p><p>\ud83d\udca9 <strong>Control de Heces para una Rutina Predecible: <\/strong>Nuestra f\u00f3rmula equilibrada con prebi\u00f3ticos favorece el desarrollo de una flora intestinal beneficiosa, garantizando un control \u00f3ptimo de las heces. \u00a1Mant\u00e9n una rutina intestinal saludable y predecible para tu perro!<\/p><p>\u00a0<\/p><p>\ud83d\udd2c <strong>Ingredientes Esenciales para una Salud Intestinal \u00d3ptima: <\/strong>Con inmunoglobulinas, aceite de coco y glutamina, nuestro pienso ofrece una combinaci\u00f3n perfecta de nutrientes esenciales para mantener la salud de la pared intestinal y favorecer la absorci\u00f3n de nutrientes. \u00a1Brinda a tu perro el cuidado que necesita para una vida plena y activa!<\/p><p>\u00a0<\/p><p>\ud83c\udf1f <strong>Calidad Avanzada para Resultados Garantizados: <\/strong>Desarrollado por expertos veterinarios, nuestro pienso ofrece una calidad avanzada y resultados garantizados. \u00a1Conf\u00eda en Advance Veterinary Diets Gastroenteric para el cuidado especializado que tu perro merece!<\/p><p>\u00a0<\/p><p>Ofrece a tu perro el alimento que no solo satisface sus necesidades nutricionales, sino que tambi\u00e9n cuida su salud intestinal. Compra Advance Veterinary Diets Gastroenteric ahora y asegura una vida llena de comodidad y bienestar para tu fiel compa\u00f1ero.<\/p>\t\t\t\t\t\t\t\t<\/div>\n\t\t\t\t<\/div>\n\t\t\t\t<div class=\"elementor-element elementor-element-423512c elementor-align-right elementor-widget elementor-widget-button\" data-id=\"423512c\" data-element_type=\"widget\" data-e-type=\"widget\" data-widget_type=\"button.default\">\n\t\t\t\t<div class=\"elementor-widget-container\">\n\t\t\t\t\t\t\t\t\t<div class=\"elementor-button-wrapper\">\n\t\t\t\t\t<a class=\"elementor-button elementor-button-link elementor-size-sm\" href=\"https:\/\/amzn.to\/3IHTSbx\">\n\t\t\t\t\t\t<span class=\"elementor-button-content-wrapper\">\n\t\t\t\t\t\t\t\t\t<span class=\"elementor-button-text\">Compra ahora en Amazon<\/span>\n\t\t\t\t\t<\/span>\n\t\t\t\t\t<\/a>\n\t\t\t\t<\/div>\n\t\t\t\t\t\t\t\t<\/div>\n\t\t\t\t<\/div>\n\t\t\t\t<\/div>\n\t\t\t\t\t<\/div>\n\t\t\t\t<\/div>\n\t\t<div class=\"elementor-element elementor-element-e0472e8 e-flex e-con-boxed e-con e-parent\" data-id=\"e0472e8\" data-element_type=\"container\" data-e-type=\"container\">\n\t\t\t\t\t<div class=\"e-con-inner\">\n\t\t\t\t<div class=\"elementor-element elementor-element-be96c37 elementor-arrows-position-inside elementor-pagination-position-outside elementor-widget elementor-widget-image-carousel\" data-id=\"be96c37\" data-element_type=\"widget\" data-e-type=\"widget\" data-settings=\"{&quot;slides_to_show&quot;:&quot;1&quot;,&quot;navigation&quot;:&quot;both&quot;,&quot;autoplay&quot;:&quot;yes&quot;,&quot;pause_on_hover&quot;:&quot;yes&quot;,&quot;pause_on_interaction&quot;:&quot;yes&quot;,&quot;autoplay_speed&quot;:5000,&quot;infinite&quot;:&quot;yes&quot;,&quot;effect&quot;:&quot;slide&quot;,&quot;speed&quot;:500}\" data-widget_type=\"image-carousel.default\">\n\t\t\t\t<div class=\"elementor-widget-container\">\n\t\t\t\t\t\t\t<div class=\"elementor-image-carousel-wrapper swiper\" role=\"region\" aria-roledescription=\"carousel\" aria-label=\"Carrusel de im\u00e1genes\" dir=\"ltr\">\n\t\t\t<div class=\"elementor-image-carousel swiper-wrapper\" aria-live=\"off\">\n\t\t\t\t\t\t\t\t<div class=\"swiper-slide\" role=\"group\" aria-roledescription=\"slide\" aria-label=\"1 de 5\"><figure class=\"swiper-slide-inner\"><img decoding=\"async\" class=\"swiper-slide-image\" src=\"https:\/\/mundoanimalito.com\/wp-content\/uploads\/2024\/03\/71VXIxGWvrL._AC_SL1500_-768x613.jpg\" alt=\"Advance Veterinary Diets Gastroenteric, Pienso para Perros con Trastornos gastrointestinales, 3kg\" \/><\/figure><\/div><div class=\"swiper-slide\" role=\"group\" aria-roledescription=\"slide\" aria-label=\"2 de 5\"><figure class=\"swiper-slide-inner\"><img decoding=\"async\" class=\"swiper-slide-image\" src=\"https:\/\/mundoanimalito.com\/wp-content\/uploads\/2024\/03\/81jPG1lzKL._AC_SL1500_-768x442.jpg\" alt=\"Advance Veterinary Diets Gastroenteric, Pienso para Perros con Trastornos gastrointestinales, 3kg\" \/><\/figure><\/div><div class=\"swiper-slide\" role=\"group\" aria-roledescription=\"slide\" aria-label=\"3 de 5\"><figure class=\"swiper-slide-inner\"><img decoding=\"async\" class=\"swiper-slide-image\" src=\"https:\/\/mundoanimalito.com\/wp-content\/uploads\/2024\/03\/417nZd9byzL._AC_.jpg\" alt=\"Advance Veterinary Diets Gastroenteric, Pienso para Perros con Trastornos gastrointestinales, 3kg\" \/><\/figure><\/div><div class=\"swiper-slide\" role=\"group\" aria-roledescription=\"slide\" aria-label=\"4 de 5\"><figure class=\"swiper-slide-inner\"><img decoding=\"async\" class=\"swiper-slide-image\" src=\"https:\/\/mundoanimalito.com\/wp-content\/uploads\/2024\/03\/61rjGYsMNWL._AC_SL1500_-768x366.jpg\" alt=\"Advance Veterinary Diets Gastroenteric, Pienso para Perros con Trastornos gastrointestinales, 3kg\" \/><\/figure><\/div><div class=\"swiper-slide\" role=\"group\" aria-roledescription=\"slide\" aria-label=\"5 de 5\"><figure class=\"swiper-slide-inner\"><img decoding=\"async\" class=\"swiper-slide-image\" src=\"https:\/\/mundoanimalito.com\/wp-content\/uploads\/2024\/03\/71lsVUnNODL._AC_SL1500_-768x779.jpg\" alt=\"Advance Veterinary Diets Gastroenteric, Pienso para Perros con Trastornos gastrointestinales, 3kg\" \/><\/figure><\/div>\t\t\t<\/div>\n\t\t\t\t\t\t\t\t\t\t\t\t<div class=\"elementor-swiper-button elementor-swiper-button-prev\" role=\"button\" tabindex=\"0\">\n\t\t\t\t\t\t<i aria-hidden=\"true\" class=\"eicon-chevron-left\"><\/i>\t\t\t\t\t<\/div>\n\t\t\t\t\t<div class=\"elementor-swiper-button elementor-swiper-button-next\" role=\"button\" tabindex=\"0\">\n\t\t\t\t\t\t<i aria-hidden=\"true\" class=\"eicon-chevron-right\"><\/i>\t\t\t\t\t<\/div>\n\t\t\t\t\n\t\t\t\t\t\t\t\t\t<div class=\"swiper-pagination\"><\/div>\n\t\t\t\t\t\t\t\t\t<\/div>\n\t\t\t\t\t\t<\/div>\n\t\t\t\t<\/div>\n\t\t\t\t\t<\/div>\n\t\t\t\t<\/div>\n\t\t<div class=\"elementor-element elementor-element-9bacf14 e-flex e-con-boxed e-con e-parent\" data-id=\"9bacf14\" data-element_type=\"container\" data-e-type=\"container\">\n\t\t\t\t\t<div class=\"e-con-inner\">\n\t\t\t\t<div class=\"elementor-element elementor-element-a23f7ff elementor-align-right elementor-widget elementor-widget-button\" data-id=\"a23f7ff\" data-element_type=\"widget\" data-e-type=\"widget\" data-widget_type=\"button.default\">\n\t\t\t\t<div class=\"elementor-widget-container\">\n\t\t\t\t\t\t\t\t\t<div class=\"elementor-button-wrapper\">\n\t\t\t\t\t<a class=\"elementor-button elementor-button-link elementor-size-sm\" href=\"https:\/\/amzn.to\/3IHTSbx\">\n\t\t\t\t\t\t<span class=\"elementor-button-content-wrapper\">\n\t\t\t\t\t\t\t\t\t<span class=\"elementor-button-text\">Compra ahora en Amazon<\/span>\n\t\t\t\t\t<\/span>\n\t\t\t\t\t<\/a>\n\t\t\t\t<\/div>\n\t\t\t\t\t\t\t\t<\/div>\n\t\t\t\t<\/div>\n\t\t\t\t\t<\/div>\n\t\t\t\t<\/div>\n\t\t\t\t<\/div>\n\t\t","protected":false},"excerpt":{"rendered":"<p>\u00a1Cuida el bienestar intestinal de tu perro con Advance Veterinary Diets Gastroenteric, el pienso especializado dise\u00f1ado para perros con trastornos gastrointestinales! \ud83d\udc3e Protecci\u00f3n Integral para una Salud Intestinal \u00d3ptima: Nuestra f\u00f3rmula \u00fanica est\u00e1 enriquecida con prote\u00ednas plasm\u00e1ticas bioactivas, inmunoglobulinas y glutamina para modular el sistema inmunitario intestinal y mantener la integridad de la mucosa. \u00a1Protege [&hellip;]<\/p>\n","protected":false},"author":1,"featured_media":0,"parent":0,"menu_order":0,"comment_status":"closed","ping_status":"closed","template":"","meta":{"site-sidebar-layout":"no-sidebar","site-content-layout":"page-builder","ast-site-content-layout":"full-width-container","site-content-style":"default","site-sidebar-style":"default","ast-global-header-display":"","ast-banner-title-visibility":"","ast-main-header-display":"","ast-hfb-above-header-display":"","ast-hfb-below-header-display":"","ast-hfb-mobile-header-display":"","site-post-title":"disabled","ast-breadcrumbs-content":"","ast-featured-img":"disabled","footer-sml-layout":"","ast-disable-related-posts":"","theme-transparent-header-meta":"","adv-header-id-meta":"","stick-header-meta":"","header-above-stick-meta":"","header-main-stick-meta":"","header-below-stick-meta":"","astra-migrate-meta-layouts":"set","ast-page-background-enabled":"default","ast-page-background-meta":{"desktop":{"background-color":"var(--ast-global-color-4)","background-image":"","background-repeat":"repeat","background-position":"center center","background-size":"auto","background-attachment":"scroll","background-type":"","background-media":"","overlay-type":"","overlay-color":"","overlay-opacity":"","overlay-gradient":""},"tablet":{"background-color":"","background-image":"","background-repeat":"repeat","background-position":"center center","background-size":"auto","background-attachment":"scroll","background-type":"","background-media":"","overlay-type":"","overlay-color":"","overlay-opacity":"","overlay-gradient":""},"mobile":{"background-color":"","background-image":"","background-repeat":"repeat","background-position":"center center","background-size":"auto","background-attachment":"scroll","background-type":"","background-media":"","overlay-type":"","overlay-color":"","overlay-opacity":"","overlay-gradient":""}},"ast-content-background-meta":{"desktop":{"background-color":"var(--ast-global-color-5)","background-image":"","background-repeat":"repeat","background-position":"center center","background-size":"auto","background-attachment":"scroll","background-type":"","background-media":"","overlay-type":"","overlay-color":"","overlay-opacity":"","overlay-gradient":""},"tablet":{"background-color":"var(--ast-global-color-5)","background-image":"","background-repeat":"repeat","background-position":"center center","background-size":"auto","background-attachment":"scroll","background-type":"","background-media":"","overlay-type":"","overlay-color":"","overlay-opacity":"","overlay-gradient":""},"mobile":{"background-color":"var(--ast-global-color-5)","background-image":"","background-repeat":"repeat","background-position":"center center","background-size":"auto","background-attachment":"scroll","background-type":"","background-media":"","overlay-type":"","overlay-color":"","overlay-opacity":"","overlay-gradient":""}},"footnotes":""},"class_list":["post-15471","page","type-page","status-publish","hentry"],"yoast_head":"<!-- This site is optimized with the Yoast SEO plugin v27.4 - https:\/\/yoast.com\/product\/yoast-seo-wordpress\/ -->\n<title>Pienso para Perros con Trastornos gastrointestinales | Mundo Animalito<\/title>\n<meta name=\"description\" content=\"Advance Veterinary Diets Gastroenteric, Pienso para Perros con Trastornos gastrointestinales, 3kg. \u00a1Cuida el bienestar intestinal de tu perro!\" \/>\n<meta name=\"robots\" content=\"index, follow, max-snippet:-1, max-image-preview:large, max-video-preview:-1\" \/>\n<link rel=\"canonical\" href=\"https:\/\/mundoanimalito.com\/index.php\/advance-veterinary-diets-gastroenteric\/\" \/>\n<meta property=\"og:locale\" content=\"es_ES\" \/>\n<meta property=\"og:type\" content=\"article\" \/>\n<meta property=\"og:title\" content=\"Pienso para Perros con Trastornos gastrointestinales | Mundo Animalito\" \/>\n<meta property=\"og:description\" content=\"Advance Veterinary Diets Gastroenteric, Pienso para Perros con Trastornos gastrointestinales, 3kg. \u00a1Cuida el bienestar intestinal de tu perro!\" \/>\n<meta property=\"og:url\" content=\"https:\/\/mundoanimalito.com\/index.php\/advance-veterinary-diets-gastroenteric\/\" \/>\n<meta property=\"og:site_name\" content=\"Mundo Animalito\" \/>\n<meta property=\"article:publisher\" content=\"https:\/\/www.facebook.com\/mundoanimalito77\" \/>\n<meta property=\"article:modified_time\" content=\"2024-09-03T16:53:22+00:00\" \/>\n<meta property=\"og:image\" content=\"https:\/\/mundoanimalito.com\/wp-content\/uploads\/2024\/03\/51KaaqMlU8L._AC_SL1200_.jpg\" \/>\n<meta name=\"twitter:card\" content=\"summary_large_image\" \/>\n<meta name=\"twitter:label1\" content=\"Tiempo de lectura\" \/>\n\t<meta name=\"twitter:data1\" content=\"3 minutos\" \/>\n<script type=\"application\/ld+json\" class=\"yoast-schema-graph\">{\"@context\":\"https:\\\/\\\/schema.org\",\"@graph\":[{\"@type\":\"WebPage\",\"@id\":\"https:\\\/\\\/mundoanimalito.com\\\/index.php\\\/advance-veterinary-diets-gastroenteric\\\/\",\"url\":\"https:\\\/\\\/mundoanimalito.com\\\/index.php\\\/advance-veterinary-diets-gastroenteric\\\/\",\"name\":\"Pienso para Perros con Trastornos gastrointestinales | Mundo Animalito\",\"isPartOf\":{\"@id\":\"https:\\\/\\\/mundoanimalito.com\\\/#website\"},\"primaryImageOfPage\":{\"@id\":\"https:\\\/\\\/mundoanimalito.com\\\/index.php\\\/advance-veterinary-diets-gastroenteric\\\/#primaryimage\"},\"image\":{\"@id\":\"https:\\\/\\\/mundoanimalito.com\\\/index.php\\\/advance-veterinary-diets-gastroenteric\\\/#primaryimage\"},\"thumbnailUrl\":\"https:\\\/\\\/mundoanimalito.com\\\/wp-content\\\/uploads\\\/2024\\\/03\\\/51KaaqMlU8L._AC_SL1200_.jpg\",\"datePublished\":\"2024-03-15T15:01:45+00:00\",\"dateModified\":\"2024-09-03T16:53:22+00:00\",\"description\":\"Advance Veterinary Diets Gastroenteric, Pienso para Perros con Trastornos gastrointestinales, 3kg. \u00a1Cuida el bienestar intestinal de tu perro!\",\"breadcrumb\":{\"@id\":\"https:\\\/\\\/mundoanimalito.com\\\/index.php\\\/advance-veterinary-diets-gastroenteric\\\/#breadcrumb\"},\"inLanguage\":\"es\",\"potentialAction\":[{\"@type\":\"ReadAction\",\"target\":[\"https:\\\/\\\/mundoanimalito.com\\\/index.php\\\/advance-veterinary-diets-gastroenteric\\\/\"]}]},{\"@type\":\"ImageObject\",\"inLanguage\":\"es\",\"@id\":\"https:\\\/\\\/mundoanimalito.com\\\/index.php\\\/advance-veterinary-diets-gastroenteric\\\/#primaryimage\",\"url\":\"https:\\\/\\\/mundoanimalito.com\\\/wp-content\\\/uploads\\\/2024\\\/03\\\/51KaaqMlU8L._AC_SL1200_.jpg\",\"contentUrl\":\"https:\\\/\\\/mundoanimalito.com\\\/wp-content\\\/uploads\\\/2024\\\/03\\\/51KaaqMlU8L._AC_SL1200_.jpg\",\"width\":622,\"height\":900,\"caption\":\"Advance Veterinary Diets Gastroenteric, Pienso para Perros con Trastornos gastrointestinales, 3kg\"},{\"@type\":\"BreadcrumbList\",\"@id\":\"https:\\\/\\\/mundoanimalito.com\\\/index.php\\\/advance-veterinary-diets-gastroenteric\\\/#breadcrumb\",\"itemListElement\":[{\"@type\":\"ListItem\",\"position\":1,\"name\":\"Portada\",\"item\":\"https:\\\/\\\/mundoanimalito.com\\\/\"},{\"@type\":\"ListItem\",\"position\":2,\"name\":\"Advance Veterinary Diets Gastroenteric\"}]},{\"@type\":\"WebSite\",\"@id\":\"https:\\\/\\\/mundoanimalito.com\\\/#website\",\"url\":\"https:\\\/\\\/mundoanimalito.com\\\/\",\"name\":\"Mundo Animalito\",\"description\":\"Datos y curiosidades de los animales, encuentra ac\u00e1 todo para tu mascota\",\"publisher\":{\"@id\":\"https:\\\/\\\/mundoanimalito.com\\\/#organization\"},\"potentialAction\":[{\"@type\":\"SearchAction\",\"target\":{\"@type\":\"EntryPoint\",\"urlTemplate\":\"https:\\\/\\\/mundoanimalito.com\\\/?s={search_term_string}\"},\"query-input\":{\"@type\":\"PropertyValueSpecification\",\"valueRequired\":true,\"valueName\":\"search_term_string\"}}],\"inLanguage\":\"es\"},{\"@type\":\"Organization\",\"@id\":\"https:\\\/\\\/mundoanimalito.com\\\/#organization\",\"name\":\"Mundo Animalito\",\"url\":\"https:\\\/\\\/mundoanimalito.com\\\/\",\"logo\":{\"@type\":\"ImageObject\",\"inLanguage\":\"es\",\"@id\":\"https:\\\/\\\/mundoanimalito.com\\\/#\\\/schema\\\/logo\\\/image\\\/\",\"url\":\"https:\\\/\\\/mundoanimalito.com\\\/wp-content\\\/uploads\\\/2023\\\/10\\\/cropped-cropped-LOGO-OFICIAL-ULTIMA-VERSION-1.jpg\",\"contentUrl\":\"https:\\\/\\\/mundoanimalito.com\\\/wp-content\\\/uploads\\\/2023\\\/10\\\/cropped-cropped-LOGO-OFICIAL-ULTIMA-VERSION-1.jpg\",\"width\":374,\"height\":425,\"caption\":\"Mundo Animalito\"},\"image\":{\"@id\":\"https:\\\/\\\/mundoanimalito.com\\\/#\\\/schema\\\/logo\\\/image\\\/\"},\"sameAs\":[\"https:\\\/\\\/www.facebook.com\\\/mundoanimalito77\",\"https:\\\/\\\/www.instagram.com\\\/mundoanimalito77\\\/\",\"https:\\\/\\\/www.tiktok.com\\\/@mundoanimalito77\",\"https:\\\/\\\/www.youtube.com\\\/channel\\\/UCLo2JhNUNtHVraDt5aHadew\"]}]}<\/script>\n<!-- \/ Yoast SEO plugin. -->","yoast_head_json":{"title":"Pienso para Perros con Trastornos gastrointestinales | Mundo Animalito","description":"Advance Veterinary Diets Gastroenteric, Pienso para Perros con Trastornos gastrointestinales, 3kg. \u00a1Cuida el bienestar intestinal de tu perro!","robots":{"index":"index","follow":"follow","max-snippet":"max-snippet:-1","max-image-preview":"max-image-preview:large","max-video-preview":"max-video-preview:-1"},"canonical":"https:\/\/mundoanimalito.com\/index.php\/advance-veterinary-diets-gastroenteric\/","og_locale":"es_ES","og_type":"article","og_title":"Pienso para Perros con Trastornos gastrointestinales | Mundo Animalito","og_description":"Advance Veterinary Diets Gastroenteric, Pienso para Perros con Trastornos gastrointestinales, 3kg. \u00a1Cuida el bienestar intestinal de tu perro!","og_url":"https:\/\/mundoanimalito.com\/index.php\/advance-veterinary-diets-gastroenteric\/","og_site_name":"Mundo Animalito","article_publisher":"https:\/\/www.facebook.com\/mundoanimalito77","article_modified_time":"2024-09-03T16:53:22+00:00","og_image":[{"url":"https:\/\/mundoanimalito.com\/wp-content\/uploads\/2024\/03\/51KaaqMlU8L._AC_SL1200_.jpg","type":"","width":"","height":""}],"twitter_card":"summary_large_image","twitter_misc":{"Tiempo de lectura":"3 minutos"},"schema":{"@context":"https:\/\/schema.org","@graph":[{"@type":"WebPage","@id":"https:\/\/mundoanimalito.com\/index.php\/advance-veterinary-diets-gastroenteric\/","url":"https:\/\/mundoanimalito.com\/index.php\/advance-veterinary-diets-gastroenteric\/","name":"Pienso para Perros con Trastornos gastrointestinales | Mundo Animalito","isPartOf":{"@id":"https:\/\/mundoanimalito.com\/#website"},"primaryImageOfPage":{"@id":"https:\/\/mundoanimalito.com\/index.php\/advance-veterinary-diets-gastroenteric\/#primaryimage"},"image":{"@id":"https:\/\/mundoanimalito.com\/index.php\/advance-veterinary-diets-gastroenteric\/#primaryimage"},"thumbnailUrl":"https:\/\/mundoanimalito.com\/wp-content\/uploads\/2024\/03\/51KaaqMlU8L._AC_SL1200_.jpg","datePublished":"2024-03-15T15:01:45+00:00","dateModified":"2024-09-03T16:53:22+00:00","description":"Advance Veterinary Diets Gastroenteric, Pienso para Perros con Trastornos gastrointestinales, 3kg. \u00a1Cuida el bienestar intestinal de tu perro!","breadcrumb":{"@id":"https:\/\/mundoanimalito.com\/index.php\/advance-veterinary-diets-gastroenteric\/#breadcrumb"},"inLanguage":"es","potentialAction":[{"@type":"ReadAction","target":["https:\/\/mundoanimalito.com\/index.php\/advance-veterinary-diets-gastroenteric\/"]}]},{"@type":"ImageObject","inLanguage":"es","@id":"https:\/\/mundoanimalito.com\/index.php\/advance-veterinary-diets-gastroenteric\/#primaryimage","url":"https:\/\/mundoanimalito.com\/wp-content\/uploads\/2024\/03\/51KaaqMlU8L._AC_SL1200_.jpg","contentUrl":"https:\/\/mundoanimalito.com\/wp-content\/uploads\/2024\/03\/51KaaqMlU8L._AC_SL1200_.jpg","width":622,"height":900,"caption":"Advance Veterinary Diets Gastroenteric, Pienso para Perros con Trastornos gastrointestinales, 3kg"},{"@type":"BreadcrumbList","@id":"https:\/\/mundoanimalito.com\/index.php\/advance-veterinary-diets-gastroenteric\/#breadcrumb","itemListElement":[{"@type":"ListItem","position":1,"name":"Portada","item":"https:\/\/mundoanimalito.com\/"},{"@type":"ListItem","position":2,"name":"Advance Veterinary Diets Gastroenteric"}]},{"@type":"WebSite","@id":"https:\/\/mundoanimalito.com\/#website","url":"https:\/\/mundoanimalito.com\/","name":"Mundo Animalito","description":"Datos y curiosidades de los animales, encuentra ac\u00e1 todo para tu mascota","publisher":{"@id":"https:\/\/mundoanimalito.com\/#organization"},"potentialAction":[{"@type":"SearchAction","target":{"@type":"EntryPoint","urlTemplate":"https:\/\/mundoanimalito.com\/?s={search_term_string}"},"query-input":{"@type":"PropertyValueSpecification","valueRequired":true,"valueName":"search_term_string"}}],"inLanguage":"es"},{"@type":"Organization","@id":"https:\/\/mundoanimalito.com\/#organization","name":"Mundo Animalito","url":"https:\/\/mundoanimalito.com\/","logo":{"@type":"ImageObject","inLanguage":"es","@id":"https:\/\/mundoanimalito.com\/#\/schema\/logo\/image\/","url":"https:\/\/mundoanimalito.com\/wp-content\/uploads\/2023\/10\/cropped-cropped-LOGO-OFICIAL-ULTIMA-VERSION-1.jpg","contentUrl":"https:\/\/mundoanimalito.com\/wp-content\/uploads\/2023\/10\/cropped-cropped-LOGO-OFICIAL-ULTIMA-VERSION-1.jpg","width":374,"height":425,"caption":"Mundo Animalito"},"image":{"@id":"https:\/\/mundoanimalito.com\/#\/schema\/logo\/image\/"},"sameAs":["https:\/\/www.facebook.com\/mundoanimalito77","https:\/\/www.instagram.com\/mundoanimalito77\/","https:\/\/www.tiktok.com\/@mundoanimalito77","https:\/\/www.youtube.com\/channel\/UCLo2JhNUNtHVraDt5aHadew"]}]}},"_links":{"self":[{"href":"https:\/\/mundoanimalito.com\/index.php\/wp-json\/wp\/v2\/pages\/15471","targetHints":{"allow":["GET"]}}],"collection":[{"href":"https:\/\/mundoanimalito.com\/index.php\/wp-json\/wp\/v2\/pages"}],"about":[{"href":"https:\/\/mundoanimalito.com\/index.php\/wp-json\/wp\/v2\/types\/page"}],"author":[{"embeddable":true,"href":"https:\/\/mundoanimalito.com\/index.php\/wp-json\/wp\/v2\/users\/1"}],"replies":[{"embeddable":true,"href":"https:\/\/mundoanimalito.com\/index.php\/wp-json\/wp\/v2\/comments?post=15471"}],"version-history":[{"count":0,"href":"https:\/\/mundoanimalito.com\/index.php\/wp-json\/wp\/v2\/pages\/15471\/revisions"}],"wp:attachment":[{"href":"https:\/\/mundoanimalito.com\/index.php\/wp-json\/wp\/v2\/media?parent=15471"}],"curies":[{"name":"wp","href":"https:\/\/api.w.org\/{rel}","templated":true}]}}