{"id":15364,"date":"2024-03-15T09:28:04","date_gmt":"2024-03-15T14:28:04","guid":{"rendered":"https:\/\/mundoanimalito.com\/?page_id=15364"},"modified":"2024-09-03T11:55:52","modified_gmt":"2024-09-03T16:55:52","slug":"advance-veterinary-diets-urinary","status":"publish","type":"page","link":"https:\/\/mundoanimalito.com\/index.php\/advance-veterinary-diets-urinary\/","title":{"rendered":"Advance Veterinary Diets Urinary"},"content":{"rendered":"\t\t<div data-elementor-type=\"wp-page\" data-elementor-id=\"15364\" class=\"elementor elementor-15364\" data-elementor-post-type=\"page\">\n\t\t\t\t<div class=\"elementor-element elementor-element-c951630 e-flex e-con-boxed e-con e-parent\" data-id=\"c951630\" data-element_type=\"container\" data-e-type=\"container\">\n\t\t\t\t\t<div class=\"e-con-inner\">\n\t\t\t\t<div class=\"elementor-element elementor-element-cbb52e5 elementor-invisible elementor-widget elementor-widget-heading\" data-id=\"cbb52e5\" data-element_type=\"widget\" data-e-type=\"widget\" data-settings=\"{&quot;_animation&quot;:&quot;fadeInDown&quot;}\" data-widget_type=\"heading.default\">\n\t\t\t\t<div class=\"elementor-widget-container\">\n\t\t\t\t\t<h2 class=\"elementor-heading-title elementor-size-default\">\u00a1Cuida la salud urinaria de tu perro con Advance Veterinary Diets Urinary, el pienso especializado dise\u00f1ado para prevenir y tratar problemas en el tracto urinario!<\/h2>\t\t\t\t<\/div>\n\t\t\t\t<\/div>\n\t\t\t\t\t<\/div>\n\t\t\t\t<\/div>\n\t\t<div class=\"elementor-element elementor-element-2fbee4f e-flex e-con-boxed e-con e-parent\" data-id=\"2fbee4f\" data-element_type=\"container\" data-e-type=\"container\">\n\t\t\t\t\t<div class=\"e-con-inner\">\n\t\t<div class=\"elementor-element elementor-element-502a898 e-con-full e-flex e-con e-child\" data-id=\"502a898\" data-element_type=\"container\" data-e-type=\"container\">\n\t\t\t\t<div class=\"elementor-element elementor-element-f97a2e6 elementor-widget elementor-widget-image\" data-id=\"f97a2e6\" data-element_type=\"widget\" data-e-type=\"widget\" data-widget_type=\"image.default\">\n\t\t\t\t<div class=\"elementor-widget-container\">\n\t\t\t\t\t\t\t\t\t\t\t\t\t\t\t\t<a href=\"https:\/\/amzn.to\/3vnai5X\">\n\t\t\t\t\t\t\t<img fetchpriority=\"high\" decoding=\"async\" width=\"580\" height=\"1024\" src=\"https:\/\/mundoanimalito.com\/wp-content\/uploads\/2024\/03\/712Af6hn8hL._AC_SL1500_-580x1024.jpg\" class=\"attachment-large size-large wp-image-15357\" alt=\"Advance Veterinary Diets Urinary\" srcset=\"https:\/\/mundoanimalito.com\/wp-content\/uploads\/2024\/03\/712Af6hn8hL._AC_SL1500_-580x1024.jpg 580w, https:\/\/mundoanimalito.com\/wp-content\/uploads\/2024\/03\/712Af6hn8hL._AC_SL1500_-170x300.jpg 170w, https:\/\/mundoanimalito.com\/wp-content\/uploads\/2024\/03\/712Af6hn8hL._AC_SL1500_-768x1357.jpg 768w, https:\/\/mundoanimalito.com\/wp-content\/uploads\/2024\/03\/712Af6hn8hL._AC_SL1500_.jpg 849w\" sizes=\"(max-width: 580px) 100vw, 580px\" \/>\t\t\t\t\t\t\t\t<\/a>\n\t\t\t\t\t\t\t\t\t\t\t\t\t\t\t<\/div>\n\t\t\t\t<\/div>\n\t\t\t\t<\/div>\n\t\t<div class=\"elementor-element elementor-element-7eca700 e-con-full e-flex e-con e-child\" data-id=\"7eca700\" data-element_type=\"container\" data-e-type=\"container\">\n\t\t\t\t<div class=\"elementor-element elementor-element-0b34c7a elementor-widget elementor-widget-text-editor\" data-id=\"0b34c7a\" data-element_type=\"widget\" data-e-type=\"widget\" data-widget_type=\"text-editor.default\">\n\t\t\t\t<div class=\"elementor-widget-container\">\n\t\t\t\t\t\t\t\t\t<p>\ud83d\udc3e <strong>Apoyo Esencial para la Salud Urinaria: <\/strong>Formulado espec\u00edficamente para perros con tendencia a sufrir problemas urinarios, nuestro pienso proporciona un apoyo integral para la salud de su tracto urinario. \u00a1Mant\u00e9n a tu perro feliz y saludable desde adentro hacia afuera!<\/p><p>\u00a0<\/p><p>\ud83d\udca7 <strong>Bajo en F\u00f3sforo para un Ri\u00f1\u00f3n Saludable: <\/strong>Con bajo contenido de f\u00f3sforo, nuestro alimento contribuye al normal funcionamiento del ri\u00f1\u00f3n. \u00a1Promueve la salud renal de tu perro y alivia cualquier tensi\u00f3n en sus ri\u00f1ones!<\/p><p>\u00a0<\/p><p>\ud83c\udf56 <strong>Moderado en Prote\u00edna y Bajo en Magnesio para Prevenir C\u00e1lculos de Estruvita: <\/strong>Con niveles moderados de prote\u00edna y bajo contenido de magnesio, nuestro pienso dificulta la formaci\u00f3n de c\u00e1lculos de estruvita, protegiendo la salud urinaria de tu perro. \u00a1Evita cualquier malestar y asegura su bienestar a largo plazo!<\/p><p>\u00a0<\/p><p>\ud83d\udeb0 <strong>Acidificaci\u00f3n de la Orina para Reducir el Riesgo de Formaci\u00f3n de Estruvita: <\/strong>Nuestra f\u00f3rmula \u00fanica promueve la acidificaci\u00f3n de la orina, reduciendo significativamente el riesgo de formaci\u00f3n de c\u00e1lculos de estruvita. \u00a1Brinda a tu perro una protecci\u00f3n completa y prev\u00e9n problemas futuros!<\/p><p>\u00a0<\/p><p>\ud83d\ude0b <strong>Gran Sabor para una Alimentaci\u00f3n Diaria Placentera: <\/strong>Aunque es un alimento diet\u00e9tico, nuestro pienso est\u00e1 dise\u00f1ado para ser delicioso, garantizando una alimentaci\u00f3n diaria a largo plazo sin sacrificar el gusto. \u00a1Tu perro disfrutar\u00e1 cada bocado mientras cuida su salud!<\/p><p>\u00a0<\/p><p>\ud83d\udd04 <strong>Para Perros Adultos de Todas las Razas: <\/strong>Ideal para perros adultos de todas las razas, nuestro pienso ofrece un soporte renal crucial sin importar la edad o el tama\u00f1o de tu mascota. \u00a1Protege a tu compa\u00f1ero fiel y asegura su bienestar duradero!<\/p><p>\u00a0<\/p><p>Cuida a tu perro con el mejor cuidado. Compra Advance Veterinary Diets Urinary ahora y asegura una vida llena de salud y felicidad para tu querida mascota.<\/p>\t\t\t\t\t\t\t\t<\/div>\n\t\t\t\t<\/div>\n\t\t\t\t<div class=\"elementor-element elementor-element-aa6f196 elementor-align-right elementor-widget elementor-widget-button\" data-id=\"aa6f196\" data-element_type=\"widget\" data-e-type=\"widget\" data-widget_type=\"button.default\">\n\t\t\t\t<div class=\"elementor-widget-container\">\n\t\t\t\t\t\t\t\t\t<div class=\"elementor-button-wrapper\">\n\t\t\t\t\t<a class=\"elementor-button elementor-button-link elementor-size-sm\" href=\"https:\/\/amzn.to\/3vnai5X\">\n\t\t\t\t\t\t<span class=\"elementor-button-content-wrapper\">\n\t\t\t\t\t\t\t\t\t<span class=\"elementor-button-text\">Compra ahora en Amazon<\/span>\n\t\t\t\t\t<\/span>\n\t\t\t\t\t<\/a>\n\t\t\t\t<\/div>\n\t\t\t\t\t\t\t\t<\/div>\n\t\t\t\t<\/div>\n\t\t\t\t<\/div>\n\t\t\t\t\t<\/div>\n\t\t\t\t<\/div>\n\t\t<div class=\"elementor-element elementor-element-b25ef9f e-flex e-con-boxed e-con e-parent\" data-id=\"b25ef9f\" data-element_type=\"container\" data-e-type=\"container\">\n\t\t\t\t\t<div class=\"e-con-inner\">\n\t\t\t\t<div class=\"elementor-element elementor-element-c8ce74d elementor-arrows-position-inside elementor-pagination-position-outside elementor-widget elementor-widget-image-carousel\" data-id=\"c8ce74d\" data-element_type=\"widget\" data-e-type=\"widget\" data-settings=\"{&quot;slides_to_show&quot;:&quot;1&quot;,&quot;navigation&quot;:&quot;both&quot;,&quot;autoplay&quot;:&quot;yes&quot;,&quot;pause_on_hover&quot;:&quot;yes&quot;,&quot;pause_on_interaction&quot;:&quot;yes&quot;,&quot;autoplay_speed&quot;:5000,&quot;infinite&quot;:&quot;yes&quot;,&quot;effect&quot;:&quot;slide&quot;,&quot;speed&quot;:500}\" data-widget_type=\"image-carousel.default\">\n\t\t\t\t<div class=\"elementor-widget-container\">\n\t\t\t\t\t\t\t<div class=\"elementor-image-carousel-wrapper swiper\" role=\"region\" aria-roledescription=\"carousel\" aria-label=\"Carrusel de im\u00e1genes\" dir=\"ltr\">\n\t\t\t<div class=\"elementor-image-carousel swiper-wrapper\" aria-live=\"off\">\n\t\t\t\t\t\t\t\t<div class=\"swiper-slide\" role=\"group\" aria-roledescription=\"slide\" aria-label=\"1 de 5\"><figure class=\"swiper-slide-inner\"><img decoding=\"async\" class=\"swiper-slide-image\" src=\"https:\/\/mundoanimalito.com\/wp-content\/uploads\/2024\/03\/71e6YnY21ZL._AC_SL1500_-768x779.jpg\" alt=\"Advance Veterinary Diets Urinary, Pienso para Perros con Problemas en el tracto urinario, 12kg\" \/><\/figure><\/div><div class=\"swiper-slide\" role=\"group\" aria-roledescription=\"slide\" aria-label=\"2 de 5\"><figure class=\"swiper-slide-inner\"><img decoding=\"async\" class=\"swiper-slide-image\" src=\"https:\/\/mundoanimalito.com\/wp-content\/uploads\/2024\/03\/71JXbDsF5GL._AC_SL1500_-768x657.jpg\" alt=\"Advance Veterinary Diets Urinary, Pienso para Perros con Problemas en el tracto urinario, 12kg\" \/><\/figure><\/div><div class=\"swiper-slide\" role=\"group\" aria-roledescription=\"slide\" aria-label=\"3 de 5\"><figure class=\"swiper-slide-inner\"><img decoding=\"async\" class=\"swiper-slide-image\" src=\"https:\/\/mundoanimalito.com\/wp-content\/uploads\/2024\/03\/41MWcxE2pSL._AC_.jpg\" alt=\"Advance Veterinary Diets Urinary, Pienso para Perros con Problemas en el tracto urinario, 12kg\" \/><\/figure><\/div><div class=\"swiper-slide\" role=\"group\" aria-roledescription=\"slide\" aria-label=\"4 de 5\"><figure class=\"swiper-slide-inner\"><img decoding=\"async\" class=\"swiper-slide-image\" src=\"https:\/\/mundoanimalito.com\/wp-content\/uploads\/2024\/03\/51STh84cuhL._AC_SL1500_-768x366.jpg\" alt=\"Advance Veterinary Diets Urinary, Pienso para Perros con Problemas en el tracto urinario, 12kg\" \/><\/figure><\/div><div class=\"swiper-slide\" role=\"group\" aria-roledescription=\"slide\" aria-label=\"5 de 5\"><figure class=\"swiper-slide-inner\"><img decoding=\"async\" class=\"swiper-slide-image\" src=\"https:\/\/mundoanimalito.com\/wp-content\/uploads\/2024\/03\/71Zju7ZLMXL._AC_SL1500_-768x300.jpg\" alt=\"Advance Veterinary Diets Urinary, Pienso para Perros con Problemas en el tracto urinario, 12kg\" \/><\/figure><\/div>\t\t\t<\/div>\n\t\t\t\t\t\t\t\t\t\t\t\t<div class=\"elementor-swiper-button elementor-swiper-button-prev\" role=\"button\" tabindex=\"0\">\n\t\t\t\t\t\t<i aria-hidden=\"true\" class=\"eicon-chevron-left\"><\/i>\t\t\t\t\t<\/div>\n\t\t\t\t\t<div class=\"elementor-swiper-button elementor-swiper-button-next\" role=\"button\" tabindex=\"0\">\n\t\t\t\t\t\t<i aria-hidden=\"true\" class=\"eicon-chevron-right\"><\/i>\t\t\t\t\t<\/div>\n\t\t\t\t\n\t\t\t\t\t\t\t\t\t<div class=\"swiper-pagination\"><\/div>\n\t\t\t\t\t\t\t\t\t<\/div>\n\t\t\t\t\t\t<\/div>\n\t\t\t\t<\/div>\n\t\t\t\t\t<\/div>\n\t\t\t\t<\/div>\n\t\t<div class=\"elementor-element elementor-element-c338d6e e-flex e-con-boxed e-con e-parent\" data-id=\"c338d6e\" data-element_type=\"container\" data-e-type=\"container\">\n\t\t\t\t\t<div class=\"e-con-inner\">\n\t\t\t\t<div class=\"elementor-element elementor-element-3daf7f6 elementor-align-right elementor-widget elementor-widget-button\" data-id=\"3daf7f6\" data-element_type=\"widget\" data-e-type=\"widget\" data-widget_type=\"button.default\">\n\t\t\t\t<div class=\"elementor-widget-container\">\n\t\t\t\t\t\t\t\t\t<div class=\"elementor-button-wrapper\">\n\t\t\t\t\t<a class=\"elementor-button elementor-button-link elementor-size-sm\" href=\"https:\/\/amzn.to\/3vnai5X\">\n\t\t\t\t\t\t<span class=\"elementor-button-content-wrapper\">\n\t\t\t\t\t\t\t\t\t<span class=\"elementor-button-text\">Compra ahora en Amazon<\/span>\n\t\t\t\t\t<\/span>\n\t\t\t\t\t<\/a>\n\t\t\t\t<\/div>\n\t\t\t\t\t\t\t\t<\/div>\n\t\t\t\t<\/div>\n\t\t\t\t\t<\/div>\n\t\t\t\t<\/div>\n\t\t\t\t<\/div>\n\t\t","protected":false},"excerpt":{"rendered":"<p>\u00a1Cuida la salud urinaria de tu perro con Advance Veterinary Diets Urinary, el pienso especializado dise\u00f1ado para prevenir y tratar problemas en el tracto urinario! \ud83d\udc3e Apoyo Esencial para la Salud Urinaria: Formulado espec\u00edficamente para perros con tendencia a sufrir problemas urinarios, nuestro pienso proporciona un apoyo integral para la salud de su tracto urinario. [&hellip;]<\/p>\n","protected":false},"author":1,"featured_media":0,"parent":0,"menu_order":0,"comment_status":"closed","ping_status":"closed","template":"","meta":{"site-sidebar-layout":"no-sidebar","site-content-layout":"page-builder","ast-site-content-layout":"full-width-container","site-content-style":"default","site-sidebar-style":"default","ast-global-header-display":"","ast-banner-title-visibility":"","ast-main-header-display":"","ast-hfb-above-header-display":"","ast-hfb-below-header-display":"","ast-hfb-mobile-header-display":"","site-post-title":"disabled","ast-breadcrumbs-content":"","ast-featured-img":"disabled","footer-sml-layout":"","ast-disable-related-posts":"","theme-transparent-header-meta":"","adv-header-id-meta":"","stick-header-meta":"","header-above-stick-meta":"","header-main-stick-meta":"","header-below-stick-meta":"","astra-migrate-meta-layouts":"set","ast-page-background-enabled":"default","ast-page-background-meta":{"desktop":{"background-color":"var(--ast-global-color-4)","background-image":"","background-repeat":"repeat","background-position":"center center","background-size":"auto","background-attachment":"scroll","background-type":"","background-media":"","overlay-type":"","overlay-color":"","overlay-opacity":"","overlay-gradient":""},"tablet":{"background-color":"","background-image":"","background-repeat":"repeat","background-position":"center center","background-size":"auto","background-attachment":"scroll","background-type":"","background-media":"","overlay-type":"","overlay-color":"","overlay-opacity":"","overlay-gradient":""},"mobile":{"background-color":"","background-image":"","background-repeat":"repeat","background-position":"center center","background-size":"auto","background-attachment":"scroll","background-type":"","background-media":"","overlay-type":"","overlay-color":"","overlay-opacity":"","overlay-gradient":""}},"ast-content-background-meta":{"desktop":{"background-color":"var(--ast-global-color-5)","background-image":"","background-repeat":"repeat","background-position":"center center","background-size":"auto","background-attachment":"scroll","background-type":"","background-media":"","overlay-type":"","overlay-color":"","overlay-opacity":"","overlay-gradient":""},"tablet":{"background-color":"var(--ast-global-color-5)","background-image":"","background-repeat":"repeat","background-position":"center center","background-size":"auto","background-attachment":"scroll","background-type":"","background-media":"","overlay-type":"","overlay-color":"","overlay-opacity":"","overlay-gradient":""},"mobile":{"background-color":"var(--ast-global-color-5)","background-image":"","background-repeat":"repeat","background-position":"center center","background-size":"auto","background-attachment":"scroll","background-type":"","background-media":"","overlay-type":"","overlay-color":"","overlay-opacity":"","overlay-gradient":""}},"footnotes":""},"class_list":["post-15364","page","type-page","status-publish","hentry"],"yoast_head":"<!-- This site is optimized with the Yoast SEO plugin v27.4 - https:\/\/yoast.com\/product\/yoast-seo-wordpress\/ -->\n<title>Pienso para Perros con Problemas en el Tracto Urinario | Mundo Animalito<\/title>\n<meta name=\"description\" content=\"Advance Veterinary Diets Urinary, 12kg. \u00a1Cuida la salud urinaria de tu perro con Advance Veterinary Diets Urinary, el pienso especializado!\" \/>\n<meta name=\"robots\" content=\"index, follow, max-snippet:-1, max-image-preview:large, max-video-preview:-1\" \/>\n<link rel=\"canonical\" href=\"https:\/\/mundoanimalito.com\/index.php\/advance-veterinary-diets-urinary\/\" \/>\n<meta property=\"og:locale\" content=\"es_ES\" \/>\n<meta property=\"og:type\" content=\"article\" \/>\n<meta property=\"og:title\" content=\"Pienso para Perros con Problemas en el Tracto Urinario | Mundo Animalito\" \/>\n<meta property=\"og:description\" content=\"Advance Veterinary Diets Urinary, 12kg. \u00a1Cuida la salud urinaria de tu perro con Advance Veterinary Diets Urinary, el pienso especializado!\" \/>\n<meta property=\"og:url\" content=\"https:\/\/mundoanimalito.com\/index.php\/advance-veterinary-diets-urinary\/\" \/>\n<meta property=\"og:site_name\" content=\"Mundo Animalito\" \/>\n<meta property=\"article:publisher\" content=\"https:\/\/www.facebook.com\/mundoanimalito77\" \/>\n<meta property=\"article:modified_time\" content=\"2024-09-03T16:55:52+00:00\" \/>\n<meta property=\"og:image\" content=\"https:\/\/mundoanimalito.com\/wp-content\/uploads\/2024\/03\/712Af6hn8hL._AC_SL1500_-580x1024.jpg\" \/>\n<meta name=\"twitter:card\" content=\"summary_large_image\" \/>\n<meta name=\"twitter:label1\" content=\"Tiempo de lectura\" \/>\n\t<meta name=\"twitter:data1\" content=\"3 minutos\" \/>\n<script type=\"application\/ld+json\" class=\"yoast-schema-graph\">{\"@context\":\"https:\\\/\\\/schema.org\",\"@graph\":[{\"@type\":\"WebPage\",\"@id\":\"https:\\\/\\\/mundoanimalito.com\\\/index.php\\\/advance-veterinary-diets-urinary\\\/\",\"url\":\"https:\\\/\\\/mundoanimalito.com\\\/index.php\\\/advance-veterinary-diets-urinary\\\/\",\"name\":\"Pienso para Perros con Problemas en el Tracto Urinario | Mundo Animalito\",\"isPartOf\":{\"@id\":\"https:\\\/\\\/mundoanimalito.com\\\/#website\"},\"primaryImageOfPage\":{\"@id\":\"https:\\\/\\\/mundoanimalito.com\\\/index.php\\\/advance-veterinary-diets-urinary\\\/#primaryimage\"},\"image\":{\"@id\":\"https:\\\/\\\/mundoanimalito.com\\\/index.php\\\/advance-veterinary-diets-urinary\\\/#primaryimage\"},\"thumbnailUrl\":\"https:\\\/\\\/mundoanimalito.com\\\/wp-content\\\/uploads\\\/2024\\\/03\\\/712Af6hn8hL._AC_SL1500_-580x1024.jpg\",\"datePublished\":\"2024-03-15T14:28:04+00:00\",\"dateModified\":\"2024-09-03T16:55:52+00:00\",\"description\":\"Advance Veterinary Diets Urinary, 12kg. \u00a1Cuida la salud urinaria de tu perro con Advance Veterinary Diets Urinary, el pienso especializado!\",\"breadcrumb\":{\"@id\":\"https:\\\/\\\/mundoanimalito.com\\\/index.php\\\/advance-veterinary-diets-urinary\\\/#breadcrumb\"},\"inLanguage\":\"es\",\"potentialAction\":[{\"@type\":\"ReadAction\",\"target\":[\"https:\\\/\\\/mundoanimalito.com\\\/index.php\\\/advance-veterinary-diets-urinary\\\/\"]}]},{\"@type\":\"ImageObject\",\"inLanguage\":\"es\",\"@id\":\"https:\\\/\\\/mundoanimalito.com\\\/index.php\\\/advance-veterinary-diets-urinary\\\/#primaryimage\",\"url\":\"https:\\\/\\\/mundoanimalito.com\\\/wp-content\\\/uploads\\\/2024\\\/03\\\/712Af6hn8hL._AC_SL1500_.jpg\",\"contentUrl\":\"https:\\\/\\\/mundoanimalito.com\\\/wp-content\\\/uploads\\\/2024\\\/03\\\/712Af6hn8hL._AC_SL1500_.jpg\",\"width\":849,\"height\":1500,\"caption\":\"Advance Veterinary Diets Urinary\"},{\"@type\":\"BreadcrumbList\",\"@id\":\"https:\\\/\\\/mundoanimalito.com\\\/index.php\\\/advance-veterinary-diets-urinary\\\/#breadcrumb\",\"itemListElement\":[{\"@type\":\"ListItem\",\"position\":1,\"name\":\"Portada\",\"item\":\"https:\\\/\\\/mundoanimalito.com\\\/\"},{\"@type\":\"ListItem\",\"position\":2,\"name\":\"Advance Veterinary Diets Urinary\"}]},{\"@type\":\"WebSite\",\"@id\":\"https:\\\/\\\/mundoanimalito.com\\\/#website\",\"url\":\"https:\\\/\\\/mundoanimalito.com\\\/\",\"name\":\"Mundo Animalito\",\"description\":\"Datos y curiosidades de los animales, encuentra ac\u00e1 todo para tu mascota\",\"publisher\":{\"@id\":\"https:\\\/\\\/mundoanimalito.com\\\/#organization\"},\"potentialAction\":[{\"@type\":\"SearchAction\",\"target\":{\"@type\":\"EntryPoint\",\"urlTemplate\":\"https:\\\/\\\/mundoanimalito.com\\\/?s={search_term_string}\"},\"query-input\":{\"@type\":\"PropertyValueSpecification\",\"valueRequired\":true,\"valueName\":\"search_term_string\"}}],\"inLanguage\":\"es\"},{\"@type\":\"Organization\",\"@id\":\"https:\\\/\\\/mundoanimalito.com\\\/#organization\",\"name\":\"Mundo Animalito\",\"url\":\"https:\\\/\\\/mundoanimalito.com\\\/\",\"logo\":{\"@type\":\"ImageObject\",\"inLanguage\":\"es\",\"@id\":\"https:\\\/\\\/mundoanimalito.com\\\/#\\\/schema\\\/logo\\\/image\\\/\",\"url\":\"https:\\\/\\\/mundoanimalito.com\\\/wp-content\\\/uploads\\\/2023\\\/10\\\/cropped-cropped-LOGO-OFICIAL-ULTIMA-VERSION-1.jpg\",\"contentUrl\":\"https:\\\/\\\/mundoanimalito.com\\\/wp-content\\\/uploads\\\/2023\\\/10\\\/cropped-cropped-LOGO-OFICIAL-ULTIMA-VERSION-1.jpg\",\"width\":374,\"height\":425,\"caption\":\"Mundo Animalito\"},\"image\":{\"@id\":\"https:\\\/\\\/mundoanimalito.com\\\/#\\\/schema\\\/logo\\\/image\\\/\"},\"sameAs\":[\"https:\\\/\\\/www.facebook.com\\\/mundoanimalito77\",\"https:\\\/\\\/www.instagram.com\\\/mundoanimalito77\\\/\",\"https:\\\/\\\/www.tiktok.com\\\/@mundoanimalito77\",\"https:\\\/\\\/www.youtube.com\\\/channel\\\/UCLo2JhNUNtHVraDt5aHadew\"]}]}<\/script>\n<!-- \/ Yoast SEO plugin. -->","yoast_head_json":{"title":"Pienso para Perros con Problemas en el Tracto Urinario | Mundo Animalito","description":"Advance Veterinary Diets Urinary, 12kg. \u00a1Cuida la salud urinaria de tu perro con Advance Veterinary Diets Urinary, el pienso especializado!","robots":{"index":"index","follow":"follow","max-snippet":"max-snippet:-1","max-image-preview":"max-image-preview:large","max-video-preview":"max-video-preview:-1"},"canonical":"https:\/\/mundoanimalito.com\/index.php\/advance-veterinary-diets-urinary\/","og_locale":"es_ES","og_type":"article","og_title":"Pienso para Perros con Problemas en el Tracto Urinario | Mundo Animalito","og_description":"Advance Veterinary Diets Urinary, 12kg. \u00a1Cuida la salud urinaria de tu perro con Advance Veterinary Diets Urinary, el pienso especializado!","og_url":"https:\/\/mundoanimalito.com\/index.php\/advance-veterinary-diets-urinary\/","og_site_name":"Mundo Animalito","article_publisher":"https:\/\/www.facebook.com\/mundoanimalito77","article_modified_time":"2024-09-03T16:55:52+00:00","og_image":[{"url":"https:\/\/mundoanimalito.com\/wp-content\/uploads\/2024\/03\/712Af6hn8hL._AC_SL1500_-580x1024.jpg","type":"","width":"","height":""}],"twitter_card":"summary_large_image","twitter_misc":{"Tiempo de lectura":"3 minutos"},"schema":{"@context":"https:\/\/schema.org","@graph":[{"@type":"WebPage","@id":"https:\/\/mundoanimalito.com\/index.php\/advance-veterinary-diets-urinary\/","url":"https:\/\/mundoanimalito.com\/index.php\/advance-veterinary-diets-urinary\/","name":"Pienso para Perros con Problemas en el Tracto Urinario | Mundo Animalito","isPartOf":{"@id":"https:\/\/mundoanimalito.com\/#website"},"primaryImageOfPage":{"@id":"https:\/\/mundoanimalito.com\/index.php\/advance-veterinary-diets-urinary\/#primaryimage"},"image":{"@id":"https:\/\/mundoanimalito.com\/index.php\/advance-veterinary-diets-urinary\/#primaryimage"},"thumbnailUrl":"https:\/\/mundoanimalito.com\/wp-content\/uploads\/2024\/03\/712Af6hn8hL._AC_SL1500_-580x1024.jpg","datePublished":"2024-03-15T14:28:04+00:00","dateModified":"2024-09-03T16:55:52+00:00","description":"Advance Veterinary Diets Urinary, 12kg. \u00a1Cuida la salud urinaria de tu perro con Advance Veterinary Diets Urinary, el pienso especializado!","breadcrumb":{"@id":"https:\/\/mundoanimalito.com\/index.php\/advance-veterinary-diets-urinary\/#breadcrumb"},"inLanguage":"es","potentialAction":[{"@type":"ReadAction","target":["https:\/\/mundoanimalito.com\/index.php\/advance-veterinary-diets-urinary\/"]}]},{"@type":"ImageObject","inLanguage":"es","@id":"https:\/\/mundoanimalito.com\/index.php\/advance-veterinary-diets-urinary\/#primaryimage","url":"https:\/\/mundoanimalito.com\/wp-content\/uploads\/2024\/03\/712Af6hn8hL._AC_SL1500_.jpg","contentUrl":"https:\/\/mundoanimalito.com\/wp-content\/uploads\/2024\/03\/712Af6hn8hL._AC_SL1500_.jpg","width":849,"height":1500,"caption":"Advance Veterinary Diets Urinary"},{"@type":"BreadcrumbList","@id":"https:\/\/mundoanimalito.com\/index.php\/advance-veterinary-diets-urinary\/#breadcrumb","itemListElement":[{"@type":"ListItem","position":1,"name":"Portada","item":"https:\/\/mundoanimalito.com\/"},{"@type":"ListItem","position":2,"name":"Advance Veterinary Diets Urinary"}]},{"@type":"WebSite","@id":"https:\/\/mundoanimalito.com\/#website","url":"https:\/\/mundoanimalito.com\/","name":"Mundo Animalito","description":"Datos y curiosidades de los animales, encuentra ac\u00e1 todo para tu mascota","publisher":{"@id":"https:\/\/mundoanimalito.com\/#organization"},"potentialAction":[{"@type":"SearchAction","target":{"@type":"EntryPoint","urlTemplate":"https:\/\/mundoanimalito.com\/?s={search_term_string}"},"query-input":{"@type":"PropertyValueSpecification","valueRequired":true,"valueName":"search_term_string"}}],"inLanguage":"es"},{"@type":"Organization","@id":"https:\/\/mundoanimalito.com\/#organization","name":"Mundo Animalito","url":"https:\/\/mundoanimalito.com\/","logo":{"@type":"ImageObject","inLanguage":"es","@id":"https:\/\/mundoanimalito.com\/#\/schema\/logo\/image\/","url":"https:\/\/mundoanimalito.com\/wp-content\/uploads\/2023\/10\/cropped-cropped-LOGO-OFICIAL-ULTIMA-VERSION-1.jpg","contentUrl":"https:\/\/mundoanimalito.com\/wp-content\/uploads\/2023\/10\/cropped-cropped-LOGO-OFICIAL-ULTIMA-VERSION-1.jpg","width":374,"height":425,"caption":"Mundo Animalito"},"image":{"@id":"https:\/\/mundoanimalito.com\/#\/schema\/logo\/image\/"},"sameAs":["https:\/\/www.facebook.com\/mundoanimalito77","https:\/\/www.instagram.com\/mundoanimalito77\/","https:\/\/www.tiktok.com\/@mundoanimalito77","https:\/\/www.youtube.com\/channel\/UCLo2JhNUNtHVraDt5aHadew"]}]}},"_links":{"self":[{"href":"https:\/\/mundoanimalito.com\/index.php\/wp-json\/wp\/v2\/pages\/15364","targetHints":{"allow":["GET"]}}],"collection":[{"href":"https:\/\/mundoanimalito.com\/index.php\/wp-json\/wp\/v2\/pages"}],"about":[{"href":"https:\/\/mundoanimalito.com\/index.php\/wp-json\/wp\/v2\/types\/page"}],"author":[{"embeddable":true,"href":"https:\/\/mundoanimalito.com\/index.php\/wp-json\/wp\/v2\/users\/1"}],"replies":[{"embeddable":true,"href":"https:\/\/mundoanimalito.com\/index.php\/wp-json\/wp\/v2\/comments?post=15364"}],"version-history":[{"count":0,"href":"https:\/\/mundoanimalito.com\/index.php\/wp-json\/wp\/v2\/pages\/15364\/revisions"}],"wp:attachment":[{"href":"https:\/\/mundoanimalito.com\/index.php\/wp-json\/wp\/v2\/media?parent=15364"}],"curies":[{"name":"wp","href":"https:\/\/api.w.org\/{rel}","templated":true}]}}