{"id":15282,"date":"2024-03-15T07:53:02","date_gmt":"2024-03-15T12:53:02","guid":{"rendered":"https:\/\/mundoanimalito.com\/?page_id=15282"},"modified":"2024-09-04T17:32:15","modified_gmt":"2024-09-04T22:32:15","slug":"eukanuba-para-perros-con-sobrepeso","status":"publish","type":"page","link":"https:\/\/mundoanimalito.com\/index.php\/eukanuba-para-perros-con-sobrepeso\/","title":{"rendered":"EUKANUBA PARA PERROS CON SOBREPESO"},"content":{"rendered":"\t\t<div data-elementor-type=\"wp-page\" data-elementor-id=\"15282\" class=\"elementor elementor-15282\" data-elementor-post-type=\"page\">\n\t\t\t\t<div class=\"elementor-element elementor-element-c65fa55 e-flex e-con-boxed e-con e-parent\" data-id=\"c65fa55\" data-element_type=\"container\" data-e-type=\"container\">\n\t\t\t\t\t<div class=\"e-con-inner\">\n\t\t\t\t<div class=\"elementor-element elementor-element-ddca012 elementor-invisible elementor-widget elementor-widget-heading\" data-id=\"ddca012\" data-element_type=\"widget\" data-e-type=\"widget\" data-settings=\"{&quot;_animation&quot;:&quot;fadeInDown&quot;}\" data-widget_type=\"heading.default\">\n\t\t\t\t<div class=\"elementor-widget-container\">\n\t\t\t\t\t<h2 class=\"elementor-heading-title elementor-size-default\">\u00a1Ayuda a tu perro a recuperar su vitalidad con EUKANUBA Daily Care, el alimento seco dise\u00f1ado para perros con sobrepeso y esterilizados!<\/h2>\t\t\t\t<\/div>\n\t\t\t\t<\/div>\n\t\t\t\t\t<\/div>\n\t\t\t\t<\/div>\n\t\t<div class=\"elementor-element elementor-element-e458d3f e-flex e-con-boxed e-con e-parent\" data-id=\"e458d3f\" data-element_type=\"container\" data-e-type=\"container\">\n\t\t\t\t\t<div class=\"e-con-inner\">\n\t\t<div class=\"elementor-element elementor-element-03e3ae7 e-con-full e-flex e-con e-child\" data-id=\"03e3ae7\" data-element_type=\"container\" data-e-type=\"container\">\n\t\t\t\t<div class=\"elementor-element elementor-element-d73293b elementor-widget elementor-widget-image\" data-id=\"d73293b\" data-element_type=\"widget\" data-e-type=\"widget\" data-widget_type=\"image.default\">\n\t\t\t\t<div class=\"elementor-widget-container\">\n\t\t\t\t\t\t\t\t\t\t\t\t\t\t\t\t<a href=\"https:\/\/amzn.to\/43kFS0T\">\n\t\t\t\t\t\t\t<img fetchpriority=\"high\" decoding=\"async\" width=\"594\" height=\"1024\" src=\"https:\/\/mundoanimalito.com\/wp-content\/uploads\/2024\/03\/81FIFXRJ4JL._AC_SL1500_-594x1024.jpg\" class=\"attachment-large size-large wp-image-15257\" alt=\"EUKANUBA SOBREPESO\" srcset=\"https:\/\/mundoanimalito.com\/wp-content\/uploads\/2024\/03\/81FIFXRJ4JL._AC_SL1500_-594x1024.jpg 594w, https:\/\/mundoanimalito.com\/wp-content\/uploads\/2024\/03\/81FIFXRJ4JL._AC_SL1500_-174x300.jpg 174w, https:\/\/mundoanimalito.com\/wp-content\/uploads\/2024\/03\/81FIFXRJ4JL._AC_SL1500_-768x1324.jpg 768w, https:\/\/mundoanimalito.com\/wp-content\/uploads\/2024\/03\/81FIFXRJ4JL._AC_SL1500_.jpg 870w\" sizes=\"(max-width: 594px) 100vw, 594px\" \/>\t\t\t\t\t\t\t\t<\/a>\n\t\t\t\t\t\t\t\t\t\t\t\t\t\t\t<\/div>\n\t\t\t\t<\/div>\n\t\t\t\t<\/div>\n\t\t<div class=\"elementor-element elementor-element-f873743 e-con-full e-flex e-con e-child\" data-id=\"f873743\" data-element_type=\"container\" data-e-type=\"container\">\n\t\t\t\t<div class=\"elementor-element elementor-element-bec6852 elementor-widget elementor-widget-text-editor\" data-id=\"bec6852\" data-element_type=\"widget\" data-e-type=\"widget\" data-widget_type=\"text-editor.default\">\n\t\t\t\t<div class=\"elementor-widget-container\">\n\t\t\t\t\t\t\t\t\t<p>\ud83d\udc3e <strong>Gesti\u00f3n del Peso para una Vida Saludable: <\/strong>Nuestra f\u00f3rmula especial es adecuada para reducir la grasa corporal y preservar un tejido muscular \u00f3ptimo. Con L-carnitina para una gesti\u00f3n del peso m\u00e1s saludable, \u00a1tu perro recuperar\u00e1 su figura y su energ\u00eda!<\/p><p>\u00a0<\/p><p>\ud83e\uddb4 <strong>Articulaciones Saludables para una Movilidad Activa: <\/strong>Con calcio y glucosamina, nuestro alimento promueve la salud de huesos y articulaciones, aliviando cualquier molestia. \u00a1Ofrece a tu perro una vida activa y sin limitaciones!<\/p><p>\u00a0<\/p><p>\ud83c\udf3f <strong>Prote\u00edna de Pollo para una Musculatura Compacta: <\/strong>El pollo fresco proporciona prote\u00ednas de f\u00e1cil digesti\u00f3n, promoviendo una musculatura magra y sana. \u00a1Construye una musculatura fuerte y magra para un perro m\u00e1s en\u00e9rgico y feliz!<\/p><p>\u00a0<\/p><p>\u2696\ufe0f <strong>Control de Peso con L-carnitina: <\/strong>La L-carnitina contribuye al metabolismo de las grasas y al mantenimiento de un peso corporal saludable. \u00a1Ayuda a tu perro a alcanzar y mantener su peso ideal de manera segura y efectiva!<\/p><p>\u00a0<\/p><p>\ud83e\uddb7 <strong>Dientes Limpios y Sanos con Tecnolog\u00eda DentaDefense: <\/strong>La forma especial de croqueta, junto con nuestra tecnolog\u00eda DentaDefense, garantiza unos dientes limpios y sanos. \u00a1Promueve una higiene bucal \u00f3ptima con cada bocado!<\/p><p>\u00a0<\/p><p>\ud83c\udf1f <strong>Piel Sana y Pelaje Brillante con Omega 6 y 3: <\/strong>Enriquecido con fuentes naturales de omega 6 y 3, nuestro alimento garantiza una piel sana y un pelaje brillante. \u00a1Haz que tu perro luzca radiante por dentro y por fuera!<\/p><p>\u00a0<\/p><p>\ud83c\udf3e <strong>Digesti\u00f3n Saludable con Mezcla de Fibra Personalizada: <\/strong>Nuestra mezcla de fibra personalizada de prebi\u00f3ticos y pulpa de remolacha favorece una digesti\u00f3n saludable. \u00a1Ayuda a tu perro a absorber todos los nutrientes de manera eficiente para una salud \u00f3ptima!<\/p><p>\u00a0<\/p><p>Ofrece a tu perro el cuidado especializado que se merece. Compra EUKANUBA Daily Care ahora y haz que tu perro vuelva a ser su yo m\u00e1s vibrante.<\/p>\t\t\t\t\t\t\t\t<\/div>\n\t\t\t\t<\/div>\n\t\t\t\t<div class=\"elementor-element elementor-element-522293f elementor-align-right elementor-widget elementor-widget-button\" data-id=\"522293f\" data-element_type=\"widget\" data-e-type=\"widget\" data-widget_type=\"button.default\">\n\t\t\t\t<div class=\"elementor-widget-container\">\n\t\t\t\t\t\t\t\t\t<div class=\"elementor-button-wrapper\">\n\t\t\t\t\t<a class=\"elementor-button elementor-button-link elementor-size-sm\" href=\"https:\/\/amzn.to\/43kFS0T\">\n\t\t\t\t\t\t<span class=\"elementor-button-content-wrapper\">\n\t\t\t\t\t\t\t\t\t<span class=\"elementor-button-text\">Compra ahora en Amazon <\/span>\n\t\t\t\t\t<\/span>\n\t\t\t\t\t<\/a>\n\t\t\t\t<\/div>\n\t\t\t\t\t\t\t\t<\/div>\n\t\t\t\t<\/div>\n\t\t\t\t<\/div>\n\t\t\t\t\t<\/div>\n\t\t\t\t<\/div>\n\t\t<div class=\"elementor-element elementor-element-6901ab1 e-flex e-con-boxed e-con e-parent\" data-id=\"6901ab1\" data-element_type=\"container\" data-e-type=\"container\">\n\t\t\t\t\t<div class=\"e-con-inner\">\n\t\t\t\t<div class=\"elementor-element elementor-element-96fafef elementor-widget__width-initial elementor-arrows-position-inside elementor-pagination-position-outside elementor-widget elementor-widget-image-carousel\" data-id=\"96fafef\" data-element_type=\"widget\" data-e-type=\"widget\" data-settings=\"{&quot;slides_to_show&quot;:&quot;1&quot;,&quot;navigation&quot;:&quot;both&quot;,&quot;autoplay&quot;:&quot;yes&quot;,&quot;pause_on_hover&quot;:&quot;yes&quot;,&quot;pause_on_interaction&quot;:&quot;yes&quot;,&quot;autoplay_speed&quot;:5000,&quot;infinite&quot;:&quot;yes&quot;,&quot;effect&quot;:&quot;slide&quot;,&quot;speed&quot;:500}\" data-widget_type=\"image-carousel.default\">\n\t\t\t\t<div class=\"elementor-widget-container\">\n\t\t\t\t\t\t\t<div class=\"elementor-image-carousel-wrapper swiper\" role=\"region\" aria-roledescription=\"carousel\" aria-label=\"Carrusel de im\u00e1genes\" dir=\"ltr\">\n\t\t\t<div class=\"elementor-image-carousel swiper-wrapper\" aria-live=\"off\">\n\t\t\t\t\t\t\t\t<div class=\"swiper-slide\" role=\"group\" aria-roledescription=\"slide\" aria-label=\"1 de 6\"><figure class=\"swiper-slide-inner\"><img decoding=\"async\" class=\"swiper-slide-image\" src=\"https:\/\/mundoanimalito.com\/wp-content\/uploads\/2024\/03\/71Bn7LKNBL._AC_SL1500_-768x661.jpg\" alt=\"EUKANUBA Daily Care Alimento seco para perros con sobrepeso y esterilizados, bajo en grasa, 12 kg (Paquete de 1)\" \/><\/figure><\/div><div class=\"swiper-slide\" role=\"group\" aria-roledescription=\"slide\" aria-label=\"2 de 6\"><figure class=\"swiper-slide-inner\"><img decoding=\"async\" class=\"swiper-slide-image\" src=\"https:\/\/mundoanimalito.com\/wp-content\/uploads\/2024\/03\/81aCEUhK2hL._AC_SL1500_-768x768.jpg\" alt=\"EUKANUBA Daily Care Alimento seco para perros con sobrepeso y esterilizados, bajo en grasa, 12 kg (Paquete de 1)\" \/><\/figure><\/div><div class=\"swiper-slide\" role=\"group\" aria-roledescription=\"slide\" aria-label=\"3 de 6\"><figure class=\"swiper-slide-inner\"><img decoding=\"async\" class=\"swiper-slide-image\" src=\"https:\/\/mundoanimalito.com\/wp-content\/uploads\/2024\/03\/71BwaBLVvIL._AC_SL1500_-1-768x828.jpg\" alt=\"EUKANUBA Daily Care Alimento seco para perros con sobrepeso y esterilizados, bajo en grasa, 12 kg (Paquete de 1)\" \/><\/figure><\/div><div class=\"swiper-slide\" role=\"group\" aria-roledescription=\"slide\" aria-label=\"4 de 6\"><figure class=\"swiper-slide-inner\"><img decoding=\"async\" class=\"swiper-slide-image\" src=\"https:\/\/mundoanimalito.com\/wp-content\/uploads\/2024\/03\/71CSHnECnL._AC_SL1500_-1-768x709.jpg\" alt=\"EUKANUBA Daily Care Alimento seco para perros con sobrepeso y esterilizados, bajo en grasa, 12 kg (Paquete de 1)\" \/><\/figure><\/div><div class=\"swiper-slide\" role=\"group\" aria-roledescription=\"slide\" aria-label=\"5 de 6\"><figure class=\"swiper-slide-inner\"><img decoding=\"async\" class=\"swiper-slide-image\" src=\"https:\/\/mundoanimalito.com\/wp-content\/uploads\/2024\/03\/81-H64ZF3fL._AC_SL1500_-1.jpg\" alt=\"EUKANUBA Daily Care Alimento seco para perros con sobrepeso y esterilizados, bajo en grasa, 12 kg (Paquete de 1)\" \/><\/figure><\/div><div class=\"swiper-slide\" role=\"group\" aria-roledescription=\"slide\" aria-label=\"6 de 6\"><figure class=\"swiper-slide-inner\"><img decoding=\"async\" class=\"swiper-slide-image\" src=\"https:\/\/mundoanimalito.com\/wp-content\/uploads\/2024\/03\/810C89WlKFL._AC_SL1500_-1-768x768.jpg\" alt=\"EUKANUBA Daily Care Alimento seco para perros con sobrepeso y esterilizados, bajo en grasa, 12 kg (Paquete de 1)\" \/><\/figure><\/div>\t\t\t<\/div>\n\t\t\t\t\t\t\t\t\t\t\t\t<div class=\"elementor-swiper-button elementor-swiper-button-prev\" role=\"button\" tabindex=\"0\">\n\t\t\t\t\t\t<i aria-hidden=\"true\" class=\"eicon-chevron-left\"><\/i>\t\t\t\t\t<\/div>\n\t\t\t\t\t<div class=\"elementor-swiper-button elementor-swiper-button-next\" role=\"button\" tabindex=\"0\">\n\t\t\t\t\t\t<i aria-hidden=\"true\" class=\"eicon-chevron-right\"><\/i>\t\t\t\t\t<\/div>\n\t\t\t\t\n\t\t\t\t\t\t\t\t\t<div class=\"swiper-pagination\"><\/div>\n\t\t\t\t\t\t\t\t\t<\/div>\n\t\t\t\t\t\t<\/div>\n\t\t\t\t<\/div>\n\t\t\t\t\t<\/div>\n\t\t\t\t<\/div>\n\t\t<div class=\"elementor-element elementor-element-baaa777 e-flex e-con-boxed e-con e-parent\" data-id=\"baaa777\" data-element_type=\"container\" data-e-type=\"container\">\n\t\t\t\t\t<div class=\"e-con-inner\">\n\t\t\t\t<div class=\"elementor-element elementor-element-dce1f38 elementor-align-right elementor-widget elementor-widget-button\" data-id=\"dce1f38\" data-element_type=\"widget\" data-e-type=\"widget\" data-widget_type=\"button.default\">\n\t\t\t\t<div class=\"elementor-widget-container\">\n\t\t\t\t\t\t\t\t\t<div class=\"elementor-button-wrapper\">\n\t\t\t\t\t<a class=\"elementor-button elementor-button-link elementor-size-sm\" href=\"https:\/\/amzn.to\/43kFS0T\">\n\t\t\t\t\t\t<span class=\"elementor-button-content-wrapper\">\n\t\t\t\t\t\t\t\t\t<span class=\"elementor-button-text\">Compra ahora en Amazon <\/span>\n\t\t\t\t\t<\/span>\n\t\t\t\t\t<\/a>\n\t\t\t\t<\/div>\n\t\t\t\t\t\t\t\t<\/div>\n\t\t\t\t<\/div>\n\t\t\t\t\t<\/div>\n\t\t\t\t<\/div>\n\t\t\t\t<\/div>\n\t\t","protected":false},"excerpt":{"rendered":"<p>\u00a1Ayuda a tu perro a recuperar su vitalidad con EUKANUBA Daily Care, el alimento seco dise\u00f1ado para perros con sobrepeso y esterilizados! \ud83d\udc3e Gesti\u00f3n del Peso para una Vida Saludable: Nuestra f\u00f3rmula especial es adecuada para reducir la grasa corporal y preservar un tejido muscular \u00f3ptimo. Con L-carnitina para una gesti\u00f3n del peso m\u00e1s saludable, [&hellip;]<\/p>\n","protected":false},"author":1,"featured_media":0,"parent":0,"menu_order":0,"comment_status":"closed","ping_status":"closed","template":"","meta":{"site-sidebar-layout":"no-sidebar","site-content-layout":"page-builder","ast-site-content-layout":"full-width-container","site-content-style":"default","site-sidebar-style":"default","ast-global-header-display":"","ast-banner-title-visibility":"","ast-main-header-display":"","ast-hfb-above-header-display":"","ast-hfb-below-header-display":"","ast-hfb-mobile-header-display":"","site-post-title":"disabled","ast-breadcrumbs-content":"","ast-featured-img":"disabled","footer-sml-layout":"","ast-disable-related-posts":"","theme-transparent-header-meta":"","adv-header-id-meta":"","stick-header-meta":"","header-above-stick-meta":"","header-main-stick-meta":"","header-below-stick-meta":"","astra-migrate-meta-layouts":"set","ast-page-background-enabled":"default","ast-page-background-meta":{"desktop":{"background-color":"var(--ast-global-color-4)","background-image":"","background-repeat":"repeat","background-position":"center center","background-size":"auto","background-attachment":"scroll","background-type":"","background-media":"","overlay-type":"","overlay-color":"","overlay-opacity":"","overlay-gradient":""},"tablet":{"background-color":"","background-image":"","background-repeat":"repeat","background-position":"center center","background-size":"auto","background-attachment":"scroll","background-type":"","background-media":"","overlay-type":"","overlay-color":"","overlay-opacity":"","overlay-gradient":""},"mobile":{"background-color":"","background-image":"","background-repeat":"repeat","background-position":"center center","background-size":"auto","background-attachment":"scroll","background-type":"","background-media":"","overlay-type":"","overlay-color":"","overlay-opacity":"","overlay-gradient":""}},"ast-content-background-meta":{"desktop":{"background-color":"var(--ast-global-color-5)","background-image":"","background-repeat":"repeat","background-position":"center center","background-size":"auto","background-attachment":"scroll","background-type":"","background-media":"","overlay-type":"","overlay-color":"","overlay-opacity":"","overlay-gradient":""},"tablet":{"background-color":"var(--ast-global-color-5)","background-image":"","background-repeat":"repeat","background-position":"center center","background-size":"auto","background-attachment":"scroll","background-type":"","background-media":"","overlay-type":"","overlay-color":"","overlay-opacity":"","overlay-gradient":""},"mobile":{"background-color":"var(--ast-global-color-5)","background-image":"","background-repeat":"repeat","background-position":"center center","background-size":"auto","background-attachment":"scroll","background-type":"","background-media":"","overlay-type":"","overlay-color":"","overlay-opacity":"","overlay-gradient":""}},"footnotes":""},"class_list":["post-15282","page","type-page","status-publish","hentry"],"yoast_head":"<!-- This site is optimized with the Yoast SEO plugin v27.4 - https:\/\/yoast.com\/product\/yoast-seo-wordpress\/ -->\n<title>EUKANUBA Daily Care Alimento Seco para Perros con Sobrepeso | Mundo Animalito<\/title>\n<meta name=\"description\" content=\"\u00a1Ayuda a tu perro a recuperar su vitalidad con EUKANUBA Daily Care, el alimento seco dise\u00f1ado para perros con sobrepeso y esterilizados!\" \/>\n<meta name=\"robots\" content=\"index, follow, max-snippet:-1, max-image-preview:large, max-video-preview:-1\" \/>\n<link rel=\"canonical\" href=\"https:\/\/mundoanimalito.com\/index.php\/eukanuba-para-perros-con-sobrepeso\/\" \/>\n<meta property=\"og:locale\" content=\"es_ES\" \/>\n<meta property=\"og:type\" content=\"article\" \/>\n<meta property=\"og:title\" content=\"EUKANUBA Daily Care Alimento Seco para Perros con Sobrepeso | Mundo Animalito\" \/>\n<meta property=\"og:description\" content=\"\u00a1Ayuda a tu perro a recuperar su vitalidad con EUKANUBA Daily Care, el alimento seco dise\u00f1ado para perros con sobrepeso y esterilizados!\" \/>\n<meta property=\"og:url\" content=\"https:\/\/mundoanimalito.com\/index.php\/eukanuba-para-perros-con-sobrepeso\/\" \/>\n<meta property=\"og:site_name\" content=\"Mundo Animalito\" \/>\n<meta property=\"article:publisher\" content=\"https:\/\/www.facebook.com\/mundoanimalito77\" \/>\n<meta property=\"article:modified_time\" content=\"2024-09-04T22:32:15+00:00\" \/>\n<meta property=\"og:image\" content=\"https:\/\/mundoanimalito.com\/wp-content\/uploads\/2024\/03\/81FIFXRJ4JL._AC_SL1500_-594x1024.jpg\" \/>\n<meta name=\"twitter:card\" content=\"summary_large_image\" \/>\n<meta name=\"twitter:label1\" content=\"Tiempo de lectura\" \/>\n\t<meta name=\"twitter:data1\" content=\"3 minutos\" \/>\n<script type=\"application\/ld+json\" class=\"yoast-schema-graph\">{\"@context\":\"https:\\\/\\\/schema.org\",\"@graph\":[{\"@type\":\"WebPage\",\"@id\":\"https:\\\/\\\/mundoanimalito.com\\\/index.php\\\/eukanuba-para-perros-con-sobrepeso\\\/\",\"url\":\"https:\\\/\\\/mundoanimalito.com\\\/index.php\\\/eukanuba-para-perros-con-sobrepeso\\\/\",\"name\":\"EUKANUBA Daily Care Alimento Seco para Perros con Sobrepeso | Mundo Animalito\",\"isPartOf\":{\"@id\":\"https:\\\/\\\/mundoanimalito.com\\\/#website\"},\"primaryImageOfPage\":{\"@id\":\"https:\\\/\\\/mundoanimalito.com\\\/index.php\\\/eukanuba-para-perros-con-sobrepeso\\\/#primaryimage\"},\"image\":{\"@id\":\"https:\\\/\\\/mundoanimalito.com\\\/index.php\\\/eukanuba-para-perros-con-sobrepeso\\\/#primaryimage\"},\"thumbnailUrl\":\"https:\\\/\\\/mundoanimalito.com\\\/wp-content\\\/uploads\\\/2024\\\/03\\\/81FIFXRJ4JL._AC_SL1500_-594x1024.jpg\",\"datePublished\":\"2024-03-15T12:53:02+00:00\",\"dateModified\":\"2024-09-04T22:32:15+00:00\",\"description\":\"\u00a1Ayuda a tu perro a recuperar su vitalidad con EUKANUBA Daily Care, el alimento seco dise\u00f1ado para perros con sobrepeso y esterilizados!\",\"breadcrumb\":{\"@id\":\"https:\\\/\\\/mundoanimalito.com\\\/index.php\\\/eukanuba-para-perros-con-sobrepeso\\\/#breadcrumb\"},\"inLanguage\":\"es\",\"potentialAction\":[{\"@type\":\"ReadAction\",\"target\":[\"https:\\\/\\\/mundoanimalito.com\\\/index.php\\\/eukanuba-para-perros-con-sobrepeso\\\/\"]}]},{\"@type\":\"ImageObject\",\"inLanguage\":\"es\",\"@id\":\"https:\\\/\\\/mundoanimalito.com\\\/index.php\\\/eukanuba-para-perros-con-sobrepeso\\\/#primaryimage\",\"url\":\"https:\\\/\\\/mundoanimalito.com\\\/wp-content\\\/uploads\\\/2024\\\/03\\\/81FIFXRJ4JL._AC_SL1500_.jpg\",\"contentUrl\":\"https:\\\/\\\/mundoanimalito.com\\\/wp-content\\\/uploads\\\/2024\\\/03\\\/81FIFXRJ4JL._AC_SL1500_.jpg\",\"width\":870,\"height\":1500,\"caption\":\"EUKANUBA SOBREPESO\"},{\"@type\":\"BreadcrumbList\",\"@id\":\"https:\\\/\\\/mundoanimalito.com\\\/index.php\\\/eukanuba-para-perros-con-sobrepeso\\\/#breadcrumb\",\"itemListElement\":[{\"@type\":\"ListItem\",\"position\":1,\"name\":\"Portada\",\"item\":\"https:\\\/\\\/mundoanimalito.com\\\/\"},{\"@type\":\"ListItem\",\"position\":2,\"name\":\"EUKANUBA PARA PERROS CON SOBREPESO\"}]},{\"@type\":\"WebSite\",\"@id\":\"https:\\\/\\\/mundoanimalito.com\\\/#website\",\"url\":\"https:\\\/\\\/mundoanimalito.com\\\/\",\"name\":\"Mundo Animalito\",\"description\":\"Datos y curiosidades de los animales, encuentra ac\u00e1 todo para tu mascota\",\"publisher\":{\"@id\":\"https:\\\/\\\/mundoanimalito.com\\\/#organization\"},\"potentialAction\":[{\"@type\":\"SearchAction\",\"target\":{\"@type\":\"EntryPoint\",\"urlTemplate\":\"https:\\\/\\\/mundoanimalito.com\\\/?s={search_term_string}\"},\"query-input\":{\"@type\":\"PropertyValueSpecification\",\"valueRequired\":true,\"valueName\":\"search_term_string\"}}],\"inLanguage\":\"es\"},{\"@type\":\"Organization\",\"@id\":\"https:\\\/\\\/mundoanimalito.com\\\/#organization\",\"name\":\"Mundo Animalito\",\"url\":\"https:\\\/\\\/mundoanimalito.com\\\/\",\"logo\":{\"@type\":\"ImageObject\",\"inLanguage\":\"es\",\"@id\":\"https:\\\/\\\/mundoanimalito.com\\\/#\\\/schema\\\/logo\\\/image\\\/\",\"url\":\"https:\\\/\\\/mundoanimalito.com\\\/wp-content\\\/uploads\\\/2023\\\/10\\\/cropped-cropped-LOGO-OFICIAL-ULTIMA-VERSION-1.jpg\",\"contentUrl\":\"https:\\\/\\\/mundoanimalito.com\\\/wp-content\\\/uploads\\\/2023\\\/10\\\/cropped-cropped-LOGO-OFICIAL-ULTIMA-VERSION-1.jpg\",\"width\":374,\"height\":425,\"caption\":\"Mundo Animalito\"},\"image\":{\"@id\":\"https:\\\/\\\/mundoanimalito.com\\\/#\\\/schema\\\/logo\\\/image\\\/\"},\"sameAs\":[\"https:\\\/\\\/www.facebook.com\\\/mundoanimalito77\",\"https:\\\/\\\/www.instagram.com\\\/mundoanimalito77\\\/\",\"https:\\\/\\\/www.tiktok.com\\\/@mundoanimalito77\",\"https:\\\/\\\/www.youtube.com\\\/channel\\\/UCLo2JhNUNtHVraDt5aHadew\"]}]}<\/script>\n<!-- \/ Yoast SEO plugin. -->","yoast_head_json":{"title":"EUKANUBA Daily Care Alimento Seco para Perros con Sobrepeso | Mundo Animalito","description":"\u00a1Ayuda a tu perro a recuperar su vitalidad con EUKANUBA Daily Care, el alimento seco dise\u00f1ado para perros con sobrepeso y esterilizados!","robots":{"index":"index","follow":"follow","max-snippet":"max-snippet:-1","max-image-preview":"max-image-preview:large","max-video-preview":"max-video-preview:-1"},"canonical":"https:\/\/mundoanimalito.com\/index.php\/eukanuba-para-perros-con-sobrepeso\/","og_locale":"es_ES","og_type":"article","og_title":"EUKANUBA Daily Care Alimento Seco para Perros con Sobrepeso | Mundo Animalito","og_description":"\u00a1Ayuda a tu perro a recuperar su vitalidad con EUKANUBA Daily Care, el alimento seco dise\u00f1ado para perros con sobrepeso y esterilizados!","og_url":"https:\/\/mundoanimalito.com\/index.php\/eukanuba-para-perros-con-sobrepeso\/","og_site_name":"Mundo Animalito","article_publisher":"https:\/\/www.facebook.com\/mundoanimalito77","article_modified_time":"2024-09-04T22:32:15+00:00","og_image":[{"url":"https:\/\/mundoanimalito.com\/wp-content\/uploads\/2024\/03\/81FIFXRJ4JL._AC_SL1500_-594x1024.jpg","type":"","width":"","height":""}],"twitter_card":"summary_large_image","twitter_misc":{"Tiempo de lectura":"3 minutos"},"schema":{"@context":"https:\/\/schema.org","@graph":[{"@type":"WebPage","@id":"https:\/\/mundoanimalito.com\/index.php\/eukanuba-para-perros-con-sobrepeso\/","url":"https:\/\/mundoanimalito.com\/index.php\/eukanuba-para-perros-con-sobrepeso\/","name":"EUKANUBA Daily Care Alimento Seco para Perros con Sobrepeso | Mundo Animalito","isPartOf":{"@id":"https:\/\/mundoanimalito.com\/#website"},"primaryImageOfPage":{"@id":"https:\/\/mundoanimalito.com\/index.php\/eukanuba-para-perros-con-sobrepeso\/#primaryimage"},"image":{"@id":"https:\/\/mundoanimalito.com\/index.php\/eukanuba-para-perros-con-sobrepeso\/#primaryimage"},"thumbnailUrl":"https:\/\/mundoanimalito.com\/wp-content\/uploads\/2024\/03\/81FIFXRJ4JL._AC_SL1500_-594x1024.jpg","datePublished":"2024-03-15T12:53:02+00:00","dateModified":"2024-09-04T22:32:15+00:00","description":"\u00a1Ayuda a tu perro a recuperar su vitalidad con EUKANUBA Daily Care, el alimento seco dise\u00f1ado para perros con sobrepeso y esterilizados!","breadcrumb":{"@id":"https:\/\/mundoanimalito.com\/index.php\/eukanuba-para-perros-con-sobrepeso\/#breadcrumb"},"inLanguage":"es","potentialAction":[{"@type":"ReadAction","target":["https:\/\/mundoanimalito.com\/index.php\/eukanuba-para-perros-con-sobrepeso\/"]}]},{"@type":"ImageObject","inLanguage":"es","@id":"https:\/\/mundoanimalito.com\/index.php\/eukanuba-para-perros-con-sobrepeso\/#primaryimage","url":"https:\/\/mundoanimalito.com\/wp-content\/uploads\/2024\/03\/81FIFXRJ4JL._AC_SL1500_.jpg","contentUrl":"https:\/\/mundoanimalito.com\/wp-content\/uploads\/2024\/03\/81FIFXRJ4JL._AC_SL1500_.jpg","width":870,"height":1500,"caption":"EUKANUBA SOBREPESO"},{"@type":"BreadcrumbList","@id":"https:\/\/mundoanimalito.com\/index.php\/eukanuba-para-perros-con-sobrepeso\/#breadcrumb","itemListElement":[{"@type":"ListItem","position":1,"name":"Portada","item":"https:\/\/mundoanimalito.com\/"},{"@type":"ListItem","position":2,"name":"EUKANUBA PARA PERROS CON SOBREPESO"}]},{"@type":"WebSite","@id":"https:\/\/mundoanimalito.com\/#website","url":"https:\/\/mundoanimalito.com\/","name":"Mundo Animalito","description":"Datos y curiosidades de los animales, encuentra ac\u00e1 todo para tu mascota","publisher":{"@id":"https:\/\/mundoanimalito.com\/#organization"},"potentialAction":[{"@type":"SearchAction","target":{"@type":"EntryPoint","urlTemplate":"https:\/\/mundoanimalito.com\/?s={search_term_string}"},"query-input":{"@type":"PropertyValueSpecification","valueRequired":true,"valueName":"search_term_string"}}],"inLanguage":"es"},{"@type":"Organization","@id":"https:\/\/mundoanimalito.com\/#organization","name":"Mundo Animalito","url":"https:\/\/mundoanimalito.com\/","logo":{"@type":"ImageObject","inLanguage":"es","@id":"https:\/\/mundoanimalito.com\/#\/schema\/logo\/image\/","url":"https:\/\/mundoanimalito.com\/wp-content\/uploads\/2023\/10\/cropped-cropped-LOGO-OFICIAL-ULTIMA-VERSION-1.jpg","contentUrl":"https:\/\/mundoanimalito.com\/wp-content\/uploads\/2023\/10\/cropped-cropped-LOGO-OFICIAL-ULTIMA-VERSION-1.jpg","width":374,"height":425,"caption":"Mundo Animalito"},"image":{"@id":"https:\/\/mundoanimalito.com\/#\/schema\/logo\/image\/"},"sameAs":["https:\/\/www.facebook.com\/mundoanimalito77","https:\/\/www.instagram.com\/mundoanimalito77\/","https:\/\/www.tiktok.com\/@mundoanimalito77","https:\/\/www.youtube.com\/channel\/UCLo2JhNUNtHVraDt5aHadew"]}]}},"_links":{"self":[{"href":"https:\/\/mundoanimalito.com\/index.php\/wp-json\/wp\/v2\/pages\/15282","targetHints":{"allow":["GET"]}}],"collection":[{"href":"https:\/\/mundoanimalito.com\/index.php\/wp-json\/wp\/v2\/pages"}],"about":[{"href":"https:\/\/mundoanimalito.com\/index.php\/wp-json\/wp\/v2\/types\/page"}],"author":[{"embeddable":true,"href":"https:\/\/mundoanimalito.com\/index.php\/wp-json\/wp\/v2\/users\/1"}],"replies":[{"embeddable":true,"href":"https:\/\/mundoanimalito.com\/index.php\/wp-json\/wp\/v2\/comments?post=15282"}],"version-history":[{"count":0,"href":"https:\/\/mundoanimalito.com\/index.php\/wp-json\/wp\/v2\/pages\/15282\/revisions"}],"wp:attachment":[{"href":"https:\/\/mundoanimalito.com\/index.php\/wp-json\/wp\/v2\/media?parent=15282"}],"curies":[{"name":"wp","href":"https:\/\/api.w.org\/{rel}","templated":true}]}}