{"id":15158,"date":"2024-03-14T09:09:58","date_gmt":"2024-03-14T14:09:58","guid":{"rendered":"https:\/\/mundoanimalito.com\/?page_id=15158"},"modified":"2024-09-04T17:33:20","modified_gmt":"2024-09-04T22:33:20","slug":"eukanuba-piel-sensible","status":"publish","type":"page","link":"https:\/\/mundoanimalito.com\/index.php\/eukanuba-piel-sensible\/","title":{"rendered":"EUKANUBA PIEL SENSIBLE"},"content":{"rendered":"\t\t<div data-elementor-type=\"wp-page\" data-elementor-id=\"15158\" class=\"elementor elementor-15158\" data-elementor-post-type=\"page\">\n\t\t\t\t<div class=\"elementor-element elementor-element-83531be e-flex e-con-boxed e-con e-parent\" data-id=\"83531be\" data-element_type=\"container\" data-e-type=\"container\">\n\t\t\t\t\t<div class=\"e-con-inner\">\n\t\t\t\t<div class=\"elementor-element elementor-element-8af5a75 elementor-invisible elementor-widget elementor-widget-heading\" data-id=\"8af5a75\" data-element_type=\"widget\" data-e-type=\"widget\" data-settings=\"{&quot;_animation&quot;:&quot;fadeInDown&quot;}\" data-widget_type=\"heading.default\">\n\t\t\t\t<div class=\"elementor-widget-container\">\n\t\t\t\t\t<h2 class=\"elementor-heading-title elementor-size-default\">\u00a1Brinda a tu perro el cuidado especializado que merece con EUKANUBA Daily Care, el alimento seco dise\u00f1ado para perros adultos con piel sensible!<\/h2>\t\t\t\t<\/div>\n\t\t\t\t<\/div>\n\t\t\t\t\t<\/div>\n\t\t\t\t<\/div>\n\t\t<div class=\"elementor-element elementor-element-7aec642 e-flex e-con-boxed e-con e-parent\" data-id=\"7aec642\" data-element_type=\"container\" data-e-type=\"container\">\n\t\t\t\t\t<div class=\"e-con-inner\">\n\t\t<div class=\"elementor-element elementor-element-96953f9 e-con-full e-flex e-con e-child\" data-id=\"96953f9\" data-element_type=\"container\" data-e-type=\"container\">\n\t\t\t\t<div class=\"elementor-element elementor-element-ed9b387 elementor-widget elementor-widget-image\" data-id=\"ed9b387\" data-element_type=\"widget\" data-e-type=\"widget\" data-widget_type=\"image.default\">\n\t\t\t\t<div class=\"elementor-widget-container\">\n\t\t\t\t\t\t\t\t\t\t\t\t\t\t\t\t<a href=\"https:\/\/amzn.to\/3Tgna5Y\">\n\t\t\t\t\t\t\t<img fetchpriority=\"high\" decoding=\"async\" width=\"612\" height=\"1024\" src=\"https:\/\/mundoanimalito.com\/wp-content\/uploads\/2024\/03\/81VRvbVefqL._AC_SL1500_-612x1024.jpg\" class=\"attachment-large size-large wp-image-15135\" alt=\"EUKANUBA PIEL SENSIBLE\" srcset=\"https:\/\/mundoanimalito.com\/wp-content\/uploads\/2024\/03\/81VRvbVefqL._AC_SL1500_-612x1024.jpg 612w, https:\/\/mundoanimalito.com\/wp-content\/uploads\/2024\/03\/81VRvbVefqL._AC_SL1500_-179x300.jpg 179w, https:\/\/mundoanimalito.com\/wp-content\/uploads\/2024\/03\/81VRvbVefqL._AC_SL1500_-768x1284.jpg 768w, https:\/\/mundoanimalito.com\/wp-content\/uploads\/2024\/03\/81VRvbVefqL._AC_SL1500_.jpg 897w\" sizes=\"(max-width: 612px) 100vw, 612px\" \/>\t\t\t\t\t\t\t\t<\/a>\n\t\t\t\t\t\t\t\t\t\t\t\t\t\t\t<\/div>\n\t\t\t\t<\/div>\n\t\t\t\t<\/div>\n\t\t<div class=\"elementor-element elementor-element-886c2cc e-con-full e-flex e-con e-child\" data-id=\"886c2cc\" data-element_type=\"container\" data-e-type=\"container\">\n\t\t\t\t<div class=\"elementor-element elementor-element-cc6ee6d elementor-widget elementor-widget-text-editor\" data-id=\"cc6ee6d\" data-element_type=\"widget\" data-e-type=\"widget\" data-widget_type=\"text-editor.default\">\n\t\t\t\t<div class=\"elementor-widget-container\">\n\t\t\t\t\t\t\t\t\t<p>\ud83d\udc1f <strong>Hipoalerg\u00e9nico con Prote\u00edna de Pescado para una Piel Sana: <\/strong>Formulado para limitar los ingredientes que causan picor y rascado, nuestro alimento seco utiliza pescado como una fuente \u00fanica de prote\u00ednas, perfecto para perros con piel sensible. \u00a1Proporciona a tu perro una piel sana y libre de irritaciones!<\/p><p>\u00a0<\/p><p>\ud83d\udcab <strong>Piel Brillante y Pelaje Sano con Omega 6 y 3: <\/strong>Nuestra f\u00f3rmula est\u00e1 enriquecida con fuentes naturales de omega 6 y 3, promoviendo un pelaje brillante y una piel saludable. Dale a tu perro el brillo que se merece.<\/p><p>\u00a0<\/p><p>\ud83e\uddb7 <strong>Dientes Limpios y Sanos con Tecnolog\u00eda DentaDefense: <\/strong>La forma especial de croqueta, junto con la tecnolog\u00eda DentaDefense, ayuda a mantener los dientes de tu perro limpios y sanos. \u00a1Promueve una higiene bucal \u00f3ptima con cada bocado!<\/p><p>\u00a0<\/p><p>\ud83d\udcaa <strong>M\u00fasculos Magros y Digesti\u00f3n Sana: <\/strong>Rico en pescado, nuestra f\u00f3rmula proporciona prote\u00ednas de alta calidad para desarrollar y mantener una musculatura compacta. Los prebi\u00f3ticos FOS y la pulpa de remolacha favorecen una digesti\u00f3n saludable, asegurando que tu perro absorba todos los nutrientes de manera \u00f3ptima.<\/p><p>\u00a0<\/p><p>\ud83c\udf3f <strong>Completo y Equilibrado para Todas las Razas: <\/strong>Con nutrientes importantes en cada croqueta, nuestro alimento es 100% completo y equilibrado, sin necesidad de suplementos adicionales. Apto para perros adultos de todas las razas, desde peque\u00f1os hasta grandes.<\/p><p>\u00a0<\/p><p>Ofrece a tu perro el cuidado experto que se merece. Compra EUKANUBA Daily Care ahora y asegura una vida feliz y saludable para tu fiel compa\u00f1ero.<\/p>\t\t\t\t\t\t\t\t<\/div>\n\t\t\t\t<\/div>\n\t\t\t\t<div class=\"elementor-element elementor-element-7f5d84d elementor-align-right elementor-widget elementor-widget-button\" data-id=\"7f5d84d\" data-element_type=\"widget\" data-e-type=\"widget\" data-widget_type=\"button.default\">\n\t\t\t\t<div class=\"elementor-widget-container\">\n\t\t\t\t\t\t\t\t\t<div class=\"elementor-button-wrapper\">\n\t\t\t\t\t<a class=\"elementor-button elementor-button-link elementor-size-sm\" href=\"https:\/\/amzn.to\/3Tgna5Y\">\n\t\t\t\t\t\t<span class=\"elementor-button-content-wrapper\">\n\t\t\t\t\t\t\t\t\t<span class=\"elementor-button-text\">Compra ahora en Amazon<\/span>\n\t\t\t\t\t<\/span>\n\t\t\t\t\t<\/a>\n\t\t\t\t<\/div>\n\t\t\t\t\t\t\t\t<\/div>\n\t\t\t\t<\/div>\n\t\t\t\t<\/div>\n\t\t\t\t\t<\/div>\n\t\t\t\t<\/div>\n\t\t<div class=\"elementor-element elementor-element-c9df872 e-flex e-con-boxed e-con e-parent\" data-id=\"c9df872\" data-element_type=\"container\" data-e-type=\"container\">\n\t\t\t\t\t<div class=\"e-con-inner\">\n\t\t\t\t<div class=\"elementor-element elementor-element-012022a elementor-arrows-position-inside elementor-pagination-position-outside elementor-widget elementor-widget-image-carousel\" data-id=\"012022a\" data-element_type=\"widget\" data-e-type=\"widget\" data-settings=\"{&quot;slides_to_show&quot;:&quot;1&quot;,&quot;navigation&quot;:&quot;both&quot;,&quot;autoplay&quot;:&quot;yes&quot;,&quot;pause_on_hover&quot;:&quot;yes&quot;,&quot;pause_on_interaction&quot;:&quot;yes&quot;,&quot;autoplay_speed&quot;:5000,&quot;infinite&quot;:&quot;yes&quot;,&quot;effect&quot;:&quot;slide&quot;,&quot;speed&quot;:500}\" data-widget_type=\"image-carousel.default\">\n\t\t\t\t<div class=\"elementor-widget-container\">\n\t\t\t\t\t\t\t<div class=\"elementor-image-carousel-wrapper swiper\" role=\"region\" aria-roledescription=\"carousel\" aria-label=\"Carrusel de im\u00e1genes\" dir=\"ltr\">\n\t\t\t<div class=\"elementor-image-carousel swiper-wrapper\" aria-live=\"off\">\n\t\t\t\t\t\t\t\t<div class=\"swiper-slide\" role=\"group\" aria-roledescription=\"slide\" aria-label=\"1 de 5\"><figure class=\"swiper-slide-inner\"><img decoding=\"async\" class=\"swiper-slide-image\" src=\"https:\/\/mundoanimalito.com\/wp-content\/uploads\/2024\/03\/810C89WlKFL._AC_SL1500_-768x768.jpg\" alt=\"EUKANUBA Daily Care Alimento seco para perros adultos con piel sensible\" \/><\/figure><\/div><div class=\"swiper-slide\" role=\"group\" aria-roledescription=\"slide\" aria-label=\"2 de 5\"><figure class=\"swiper-slide-inner\"><img decoding=\"async\" class=\"swiper-slide-image\" src=\"https:\/\/mundoanimalito.com\/wp-content\/uploads\/2024\/03\/71BwaBLVvIL._AC_SL1500_-768x828.jpg\" alt=\"EUKANUBA Daily Care Alimento seco para perros adultos con piel sensible\" \/><\/figure><\/div><div class=\"swiper-slide\" role=\"group\" aria-roledescription=\"slide\" aria-label=\"3 de 5\"><figure class=\"swiper-slide-inner\"><img decoding=\"async\" class=\"swiper-slide-image\" src=\"https:\/\/mundoanimalito.com\/wp-content\/uploads\/2024\/03\/71CSHnECnL._AC_SL1500_-768x709.jpg\" alt=\"EUKANUBA Daily Care Alimento seco para perros adultos con piel sensible\" \/><\/figure><\/div><div class=\"swiper-slide\" role=\"group\" aria-roledescription=\"slide\" aria-label=\"4 de 5\"><figure class=\"swiper-slide-inner\"><img decoding=\"async\" class=\"swiper-slide-image\" src=\"https:\/\/mundoanimalito.com\/wp-content\/uploads\/2024\/03\/81-H64ZF3fL._AC_SL1500_.jpg\" alt=\"EUKANUBA Daily Care Alimento seco para perros adultos con piel sensible\" \/><\/figure><\/div><div class=\"swiper-slide\" role=\"group\" aria-roledescription=\"slide\" aria-label=\"5 de 5\"><figure class=\"swiper-slide-inner\"><img decoding=\"async\" class=\"swiper-slide-image\" src=\"https:\/\/mundoanimalito.com\/wp-content\/uploads\/2024\/03\/81XsQA9jQqL._AC_SL1500_-768x768.jpg\" alt=\"\" \/><\/figure><\/div>\t\t\t<\/div>\n\t\t\t\t\t\t\t\t\t\t\t\t<div class=\"elementor-swiper-button elementor-swiper-button-prev\" role=\"button\" tabindex=\"0\">\n\t\t\t\t\t\t<i aria-hidden=\"true\" class=\"eicon-chevron-left\"><\/i>\t\t\t\t\t<\/div>\n\t\t\t\t\t<div class=\"elementor-swiper-button elementor-swiper-button-next\" role=\"button\" tabindex=\"0\">\n\t\t\t\t\t\t<i aria-hidden=\"true\" class=\"eicon-chevron-right\"><\/i>\t\t\t\t\t<\/div>\n\t\t\t\t\n\t\t\t\t\t\t\t\t\t<div class=\"swiper-pagination\"><\/div>\n\t\t\t\t\t\t\t\t\t<\/div>\n\t\t\t\t\t\t<\/div>\n\t\t\t\t<\/div>\n\t\t\t\t\t<\/div>\n\t\t\t\t<\/div>\n\t\t<div class=\"elementor-element elementor-element-86ace8f e-flex e-con-boxed e-con e-parent\" data-id=\"86ace8f\" data-element_type=\"container\" data-e-type=\"container\">\n\t\t\t\t\t<div class=\"e-con-inner\">\n\t\t\t\t<div class=\"elementor-element elementor-element-7aaab78 elementor-align-right elementor-widget elementor-widget-button\" data-id=\"7aaab78\" data-element_type=\"widget\" data-e-type=\"widget\" data-widget_type=\"button.default\">\n\t\t\t\t<div class=\"elementor-widget-container\">\n\t\t\t\t\t\t\t\t\t<div class=\"elementor-button-wrapper\">\n\t\t\t\t\t<a class=\"elementor-button elementor-button-link elementor-size-sm\" href=\"https:\/\/amzn.to\/3Tgna5Y\">\n\t\t\t\t\t\t<span class=\"elementor-button-content-wrapper\">\n\t\t\t\t\t\t\t\t\t<span class=\"elementor-button-text\">Compra ahora en Amazon<\/span>\n\t\t\t\t\t<\/span>\n\t\t\t\t\t<\/a>\n\t\t\t\t<\/div>\n\t\t\t\t\t\t\t\t<\/div>\n\t\t\t\t<\/div>\n\t\t\t\t\t<\/div>\n\t\t\t\t<\/div>\n\t\t\t\t<\/div>\n\t\t","protected":false},"excerpt":{"rendered":"<p>\u00a1Brinda a tu perro el cuidado especializado que merece con EUKANUBA Daily Care, el alimento seco dise\u00f1ado para perros adultos con piel sensible! \ud83d\udc1f Hipoalerg\u00e9nico con Prote\u00edna de Pescado para una Piel Sana: Formulado para limitar los ingredientes que causan picor y rascado, nuestro alimento seco utiliza pescado como una fuente \u00fanica de prote\u00ednas, perfecto [&hellip;]<\/p>\n","protected":false},"author":1,"featured_media":0,"parent":0,"menu_order":0,"comment_status":"closed","ping_status":"closed","template":"","meta":{"site-sidebar-layout":"no-sidebar","site-content-layout":"page-builder","ast-site-content-layout":"full-width-container","site-content-style":"default","site-sidebar-style":"default","ast-global-header-display":"","ast-banner-title-visibility":"","ast-main-header-display":"","ast-hfb-above-header-display":"","ast-hfb-below-header-display":"","ast-hfb-mobile-header-display":"","site-post-title":"disabled","ast-breadcrumbs-content":"","ast-featured-img":"disabled","footer-sml-layout":"","ast-disable-related-posts":"","theme-transparent-header-meta":"","adv-header-id-meta":"","stick-header-meta":"","header-above-stick-meta":"","header-main-stick-meta":"","header-below-stick-meta":"","astra-migrate-meta-layouts":"set","ast-page-background-enabled":"default","ast-page-background-meta":{"desktop":{"background-color":"var(--ast-global-color-4)","background-image":"","background-repeat":"repeat","background-position":"center center","background-size":"auto","background-attachment":"scroll","background-type":"","background-media":"","overlay-type":"","overlay-color":"","overlay-opacity":"","overlay-gradient":""},"tablet":{"background-color":"","background-image":"","background-repeat":"repeat","background-position":"center center","background-size":"auto","background-attachment":"scroll","background-type":"","background-media":"","overlay-type":"","overlay-color":"","overlay-opacity":"","overlay-gradient":""},"mobile":{"background-color":"","background-image":"","background-repeat":"repeat","background-position":"center center","background-size":"auto","background-attachment":"scroll","background-type":"","background-media":"","overlay-type":"","overlay-color":"","overlay-opacity":"","overlay-gradient":""}},"ast-content-background-meta":{"desktop":{"background-color":"var(--ast-global-color-5)","background-image":"","background-repeat":"repeat","background-position":"center center","background-size":"auto","background-attachment":"scroll","background-type":"","background-media":"","overlay-type":"","overlay-color":"","overlay-opacity":"","overlay-gradient":""},"tablet":{"background-color":"var(--ast-global-color-5)","background-image":"","background-repeat":"repeat","background-position":"center center","background-size":"auto","background-attachment":"scroll","background-type":"","background-media":"","overlay-type":"","overlay-color":"","overlay-opacity":"","overlay-gradient":""},"mobile":{"background-color":"var(--ast-global-color-5)","background-image":"","background-repeat":"repeat","background-position":"center center","background-size":"auto","background-attachment":"scroll","background-type":"","background-media":"","overlay-type":"","overlay-color":"","overlay-opacity":"","overlay-gradient":""}},"footnotes":""},"class_list":["post-15158","page","type-page","status-publish","hentry"],"yoast_head":"<!-- This site is optimized with the Yoast SEO plugin v27.5 - https:\/\/yoast.com\/product\/yoast-seo-wordpress\/ -->\n<title>EUKANUBA Daily Care Alimento seco para Perros Adultos con Piel Sensible | Mundo Animalito<\/title>\n<meta name=\"description\" content=\"\u00a1Brinda a tu perro el cuidado especializado que merece con EUKANUBA Daily Care, el alimento seco dise\u00f1ado para perros adultos con piel sensible!\" \/>\n<meta name=\"robots\" content=\"index, follow, max-snippet:-1, max-image-preview:large, max-video-preview:-1\" \/>\n<link rel=\"canonical\" href=\"https:\/\/mundoanimalito.com\/index.php\/eukanuba-piel-sensible\/\" \/>\n<meta property=\"og:locale\" content=\"es_ES\" \/>\n<meta property=\"og:type\" content=\"article\" \/>\n<meta property=\"og:title\" content=\"EUKANUBA Daily Care Alimento seco para Perros Adultos con Piel Sensible | Mundo Animalito\" \/>\n<meta property=\"og:description\" content=\"\u00a1Brinda a tu perro el cuidado especializado que merece con EUKANUBA Daily Care, el alimento seco dise\u00f1ado para perros adultos con piel sensible!\" \/>\n<meta property=\"og:url\" content=\"https:\/\/mundoanimalito.com\/index.php\/eukanuba-piel-sensible\/\" \/>\n<meta property=\"og:site_name\" content=\"Mundo Animalito\" \/>\n<meta property=\"article:publisher\" content=\"https:\/\/www.facebook.com\/mundoanimalito77\" \/>\n<meta property=\"article:modified_time\" content=\"2024-09-04T22:33:20+00:00\" \/>\n<meta property=\"og:image\" content=\"https:\/\/mundoanimalito.com\/wp-content\/uploads\/2024\/03\/81VRvbVefqL._AC_SL1500_-612x1024.jpg\" \/>\n<meta name=\"twitter:card\" content=\"summary_large_image\" \/>\n<meta name=\"twitter:label1\" content=\"Tiempo de lectura\" \/>\n\t<meta name=\"twitter:data1\" content=\"3 minutos\" \/>\n<script type=\"application\/ld+json\" class=\"yoast-schema-graph\">{\"@context\":\"https:\\\/\\\/schema.org\",\"@graph\":[{\"@type\":\"WebPage\",\"@id\":\"https:\\\/\\\/mundoanimalito.com\\\/index.php\\\/eukanuba-piel-sensible\\\/\",\"url\":\"https:\\\/\\\/mundoanimalito.com\\\/index.php\\\/eukanuba-piel-sensible\\\/\",\"name\":\"EUKANUBA Daily Care Alimento seco para Perros Adultos con Piel Sensible | Mundo Animalito\",\"isPartOf\":{\"@id\":\"https:\\\/\\\/mundoanimalito.com\\\/#website\"},\"primaryImageOfPage\":{\"@id\":\"https:\\\/\\\/mundoanimalito.com\\\/index.php\\\/eukanuba-piel-sensible\\\/#primaryimage\"},\"image\":{\"@id\":\"https:\\\/\\\/mundoanimalito.com\\\/index.php\\\/eukanuba-piel-sensible\\\/#primaryimage\"},\"thumbnailUrl\":\"https:\\\/\\\/mundoanimalito.com\\\/wp-content\\\/uploads\\\/2024\\\/03\\\/81VRvbVefqL._AC_SL1500_-612x1024.jpg\",\"datePublished\":\"2024-03-14T14:09:58+00:00\",\"dateModified\":\"2024-09-04T22:33:20+00:00\",\"description\":\"\u00a1Brinda a tu perro el cuidado especializado que merece con EUKANUBA Daily Care, el alimento seco dise\u00f1ado para perros adultos con piel sensible!\",\"breadcrumb\":{\"@id\":\"https:\\\/\\\/mundoanimalito.com\\\/index.php\\\/eukanuba-piel-sensible\\\/#breadcrumb\"},\"inLanguage\":\"es\",\"potentialAction\":[{\"@type\":\"ReadAction\",\"target\":[\"https:\\\/\\\/mundoanimalito.com\\\/index.php\\\/eukanuba-piel-sensible\\\/\"]}]},{\"@type\":\"ImageObject\",\"inLanguage\":\"es\",\"@id\":\"https:\\\/\\\/mundoanimalito.com\\\/index.php\\\/eukanuba-piel-sensible\\\/#primaryimage\",\"url\":\"https:\\\/\\\/mundoanimalito.com\\\/wp-content\\\/uploads\\\/2024\\\/03\\\/81VRvbVefqL._AC_SL1500_.jpg\",\"contentUrl\":\"https:\\\/\\\/mundoanimalito.com\\\/wp-content\\\/uploads\\\/2024\\\/03\\\/81VRvbVefqL._AC_SL1500_.jpg\",\"width\":897,\"height\":1500,\"caption\":\"EUKANUBA PIEL SENSIBLE\"},{\"@type\":\"BreadcrumbList\",\"@id\":\"https:\\\/\\\/mundoanimalito.com\\\/index.php\\\/eukanuba-piel-sensible\\\/#breadcrumb\",\"itemListElement\":[{\"@type\":\"ListItem\",\"position\":1,\"name\":\"Portada\",\"item\":\"https:\\\/\\\/mundoanimalito.com\\\/\"},{\"@type\":\"ListItem\",\"position\":2,\"name\":\"EUKANUBA PIEL SENSIBLE\"}]},{\"@type\":\"WebSite\",\"@id\":\"https:\\\/\\\/mundoanimalito.com\\\/#website\",\"url\":\"https:\\\/\\\/mundoanimalito.com\\\/\",\"name\":\"Mundo Animalito\",\"description\":\"Datos y curiosidades de los animales, encuentra ac\u00e1 todo para tu mascota\",\"publisher\":{\"@id\":\"https:\\\/\\\/mundoanimalito.com\\\/#organization\"},\"potentialAction\":[{\"@type\":\"SearchAction\",\"target\":{\"@type\":\"EntryPoint\",\"urlTemplate\":\"https:\\\/\\\/mundoanimalito.com\\\/?s={search_term_string}\"},\"query-input\":{\"@type\":\"PropertyValueSpecification\",\"valueRequired\":true,\"valueName\":\"search_term_string\"}}],\"inLanguage\":\"es\"},{\"@type\":\"Organization\",\"@id\":\"https:\\\/\\\/mundoanimalito.com\\\/#organization\",\"name\":\"Mundo Animalito\",\"url\":\"https:\\\/\\\/mundoanimalito.com\\\/\",\"logo\":{\"@type\":\"ImageObject\",\"inLanguage\":\"es\",\"@id\":\"https:\\\/\\\/mundoanimalito.com\\\/#\\\/schema\\\/logo\\\/image\\\/\",\"url\":\"https:\\\/\\\/mundoanimalito.com\\\/wp-content\\\/uploads\\\/2023\\\/10\\\/cropped-cropped-LOGO-OFICIAL-ULTIMA-VERSION-1.jpg\",\"contentUrl\":\"https:\\\/\\\/mundoanimalito.com\\\/wp-content\\\/uploads\\\/2023\\\/10\\\/cropped-cropped-LOGO-OFICIAL-ULTIMA-VERSION-1.jpg\",\"width\":374,\"height\":425,\"caption\":\"Mundo Animalito\"},\"image\":{\"@id\":\"https:\\\/\\\/mundoanimalito.com\\\/#\\\/schema\\\/logo\\\/image\\\/\"},\"sameAs\":[\"https:\\\/\\\/www.facebook.com\\\/mundoanimalito77\",\"https:\\\/\\\/www.instagram.com\\\/mundoanimalito77\\\/\",\"https:\\\/\\\/www.tiktok.com\\\/@mundoanimalito77\",\"https:\\\/\\\/www.youtube.com\\\/channel\\\/UCLo2JhNUNtHVraDt5aHadew\"]}]}<\/script>\n<!-- \/ Yoast SEO plugin. -->","yoast_head_json":{"title":"EUKANUBA Daily Care Alimento seco para Perros Adultos con Piel Sensible | Mundo Animalito","description":"\u00a1Brinda a tu perro el cuidado especializado que merece con EUKANUBA Daily Care, el alimento seco dise\u00f1ado para perros adultos con piel sensible!","robots":{"index":"index","follow":"follow","max-snippet":"max-snippet:-1","max-image-preview":"max-image-preview:large","max-video-preview":"max-video-preview:-1"},"canonical":"https:\/\/mundoanimalito.com\/index.php\/eukanuba-piel-sensible\/","og_locale":"es_ES","og_type":"article","og_title":"EUKANUBA Daily Care Alimento seco para Perros Adultos con Piel Sensible | Mundo Animalito","og_description":"\u00a1Brinda a tu perro el cuidado especializado que merece con EUKANUBA Daily Care, el alimento seco dise\u00f1ado para perros adultos con piel sensible!","og_url":"https:\/\/mundoanimalito.com\/index.php\/eukanuba-piel-sensible\/","og_site_name":"Mundo Animalito","article_publisher":"https:\/\/www.facebook.com\/mundoanimalito77","article_modified_time":"2024-09-04T22:33:20+00:00","og_image":[{"url":"https:\/\/mundoanimalito.com\/wp-content\/uploads\/2024\/03\/81VRvbVefqL._AC_SL1500_-612x1024.jpg","type":"","width":"","height":""}],"twitter_card":"summary_large_image","twitter_misc":{"Tiempo de lectura":"3 minutos"},"schema":{"@context":"https:\/\/schema.org","@graph":[{"@type":"WebPage","@id":"https:\/\/mundoanimalito.com\/index.php\/eukanuba-piel-sensible\/","url":"https:\/\/mundoanimalito.com\/index.php\/eukanuba-piel-sensible\/","name":"EUKANUBA Daily Care Alimento seco para Perros Adultos con Piel Sensible | Mundo Animalito","isPartOf":{"@id":"https:\/\/mundoanimalito.com\/#website"},"primaryImageOfPage":{"@id":"https:\/\/mundoanimalito.com\/index.php\/eukanuba-piel-sensible\/#primaryimage"},"image":{"@id":"https:\/\/mundoanimalito.com\/index.php\/eukanuba-piel-sensible\/#primaryimage"},"thumbnailUrl":"https:\/\/mundoanimalito.com\/wp-content\/uploads\/2024\/03\/81VRvbVefqL._AC_SL1500_-612x1024.jpg","datePublished":"2024-03-14T14:09:58+00:00","dateModified":"2024-09-04T22:33:20+00:00","description":"\u00a1Brinda a tu perro el cuidado especializado que merece con EUKANUBA Daily Care, el alimento seco dise\u00f1ado para perros adultos con piel sensible!","breadcrumb":{"@id":"https:\/\/mundoanimalito.com\/index.php\/eukanuba-piel-sensible\/#breadcrumb"},"inLanguage":"es","potentialAction":[{"@type":"ReadAction","target":["https:\/\/mundoanimalito.com\/index.php\/eukanuba-piel-sensible\/"]}]},{"@type":"ImageObject","inLanguage":"es","@id":"https:\/\/mundoanimalito.com\/index.php\/eukanuba-piel-sensible\/#primaryimage","url":"https:\/\/mundoanimalito.com\/wp-content\/uploads\/2024\/03\/81VRvbVefqL._AC_SL1500_.jpg","contentUrl":"https:\/\/mundoanimalito.com\/wp-content\/uploads\/2024\/03\/81VRvbVefqL._AC_SL1500_.jpg","width":897,"height":1500,"caption":"EUKANUBA PIEL SENSIBLE"},{"@type":"BreadcrumbList","@id":"https:\/\/mundoanimalito.com\/index.php\/eukanuba-piel-sensible\/#breadcrumb","itemListElement":[{"@type":"ListItem","position":1,"name":"Portada","item":"https:\/\/mundoanimalito.com\/"},{"@type":"ListItem","position":2,"name":"EUKANUBA PIEL SENSIBLE"}]},{"@type":"WebSite","@id":"https:\/\/mundoanimalito.com\/#website","url":"https:\/\/mundoanimalito.com\/","name":"Mundo Animalito","description":"Datos y curiosidades de los animales, encuentra ac\u00e1 todo para tu mascota","publisher":{"@id":"https:\/\/mundoanimalito.com\/#organization"},"potentialAction":[{"@type":"SearchAction","target":{"@type":"EntryPoint","urlTemplate":"https:\/\/mundoanimalito.com\/?s={search_term_string}"},"query-input":{"@type":"PropertyValueSpecification","valueRequired":true,"valueName":"search_term_string"}}],"inLanguage":"es"},{"@type":"Organization","@id":"https:\/\/mundoanimalito.com\/#organization","name":"Mundo Animalito","url":"https:\/\/mundoanimalito.com\/","logo":{"@type":"ImageObject","inLanguage":"es","@id":"https:\/\/mundoanimalito.com\/#\/schema\/logo\/image\/","url":"https:\/\/mundoanimalito.com\/wp-content\/uploads\/2023\/10\/cropped-cropped-LOGO-OFICIAL-ULTIMA-VERSION-1.jpg","contentUrl":"https:\/\/mundoanimalito.com\/wp-content\/uploads\/2023\/10\/cropped-cropped-LOGO-OFICIAL-ULTIMA-VERSION-1.jpg","width":374,"height":425,"caption":"Mundo Animalito"},"image":{"@id":"https:\/\/mundoanimalito.com\/#\/schema\/logo\/image\/"},"sameAs":["https:\/\/www.facebook.com\/mundoanimalito77","https:\/\/www.instagram.com\/mundoanimalito77\/","https:\/\/www.tiktok.com\/@mundoanimalito77","https:\/\/www.youtube.com\/channel\/UCLo2JhNUNtHVraDt5aHadew"]}]}},"_links":{"self":[{"href":"https:\/\/mundoanimalito.com\/index.php\/wp-json\/wp\/v2\/pages\/15158","targetHints":{"allow":["GET"]}}],"collection":[{"href":"https:\/\/mundoanimalito.com\/index.php\/wp-json\/wp\/v2\/pages"}],"about":[{"href":"https:\/\/mundoanimalito.com\/index.php\/wp-json\/wp\/v2\/types\/page"}],"author":[{"embeddable":true,"href":"https:\/\/mundoanimalito.com\/index.php\/wp-json\/wp\/v2\/users\/1"}],"replies":[{"embeddable":true,"href":"https:\/\/mundoanimalito.com\/index.php\/wp-json\/wp\/v2\/comments?post=15158"}],"version-history":[{"count":0,"href":"https:\/\/mundoanimalito.com\/index.php\/wp-json\/wp\/v2\/pages\/15158\/revisions"}],"wp:attachment":[{"href":"https:\/\/mundoanimalito.com\/index.php\/wp-json\/wp\/v2\/media?parent=15158"}],"curies":[{"name":"wp","href":"https:\/\/api.w.org\/{rel}","templated":true}]}}