{"id":15063,"date":"2024-03-11T14:26:29","date_gmt":"2024-03-11T19:26:29","guid":{"rendered":"https:\/\/mundoanimalito.com\/?page_id=15063"},"modified":"2024-09-23T14:24:19","modified_gmt":"2024-09-23T19:24:19","slug":"yerbero-nature-salmon-rice","status":"publish","type":"page","link":"https:\/\/mundoanimalito.com\/index.php\/yerbero-nature-salmon-rice\/","title":{"rendered":"Yerbero Nature Salmon &amp; Rice"},"content":{"rendered":"\t\t<div data-elementor-type=\"wp-page\" data-elementor-id=\"15063\" class=\"elementor elementor-15063\" data-elementor-post-type=\"page\">\n\t\t\t\t<div class=\"elementor-element elementor-element-7507182 e-flex e-con-boxed e-con e-parent\" data-id=\"7507182\" data-element_type=\"container\" data-e-type=\"container\">\n\t\t\t\t\t<div class=\"e-con-inner\">\n\t\t\t\t<div class=\"elementor-element elementor-element-889e0ba elementor-invisible elementor-widget elementor-widget-heading\" data-id=\"889e0ba\" data-element_type=\"widget\" data-e-type=\"widget\" data-settings=\"{&quot;_animation&quot;:&quot;fadeInDown&quot;}\" data-widget_type=\"heading.default\">\n\t\t\t\t<div class=\"elementor-widget-container\">\n\t\t\t\t\t<h2 class=\"elementor-heading-title elementor-size-default\">Ofrece a tu perro la excelencia en nutrici\u00f3n con Yerbero Nature Salmon &amp; Rice, una experiencia alimentaria hipoalerg\u00e9nica y llena de beneficios<\/h2>\t\t\t\t<\/div>\n\t\t\t\t<\/div>\n\t\t\t\t\t<\/div>\n\t\t\t\t<\/div>\n\t\t<div class=\"elementor-element elementor-element-e1bcf91 e-flex e-con-boxed e-con e-parent\" data-id=\"e1bcf91\" data-element_type=\"container\" data-e-type=\"container\">\n\t\t\t\t\t<div class=\"e-con-inner\">\n\t\t<div class=\"elementor-element elementor-element-4e93a2a e-con-full e-flex e-con e-child\" data-id=\"4e93a2a\" data-element_type=\"container\" data-e-type=\"container\">\n\t\t\t\t<div class=\"elementor-element elementor-element-8e875b9 elementor-widget elementor-widget-image\" data-id=\"8e875b9\" data-element_type=\"widget\" data-e-type=\"widget\" data-widget_type=\"image.default\">\n\t\t\t\t<div class=\"elementor-widget-container\">\n\t\t\t\t\t\t\t\t\t\t\t\t\t\t\t\t<a href=\"https:\/\/amzn.to\/4c8TTTk\">\n\t\t\t\t\t\t\t<img fetchpriority=\"high\" decoding=\"async\" width=\"491\" height=\"1024\" src=\"https:\/\/mundoanimalito.com\/wp-content\/uploads\/2024\/03\/618EIiceLOL._AC_SL1372_-491x1024.jpg\" class=\"attachment-large size-large wp-image-15049\" alt=\"Yerbero Nature Salmon &amp; Rice sin Gluten Hipoalergenico para Perros 12kg\" srcset=\"https:\/\/mundoanimalito.com\/wp-content\/uploads\/2024\/03\/618EIiceLOL._AC_SL1372_-491x1024.jpg 491w, https:\/\/mundoanimalito.com\/wp-content\/uploads\/2024\/03\/618EIiceLOL._AC_SL1372_-144x300.jpg 144w, https:\/\/mundoanimalito.com\/wp-content\/uploads\/2024\/03\/618EIiceLOL._AC_SL1372_.jpg 535w\" sizes=\"(max-width: 491px) 100vw, 491px\" \/>\t\t\t\t\t\t\t\t<\/a>\n\t\t\t\t\t\t\t\t\t\t\t\t\t\t\t<\/div>\n\t\t\t\t<\/div>\n\t\t\t\t<\/div>\n\t\t<div class=\"elementor-element elementor-element-5737a1f e-con-full e-flex e-con e-child\" data-id=\"5737a1f\" data-element_type=\"container\" data-e-type=\"container\">\n\t\t\t\t<div class=\"elementor-element elementor-element-cce1ae5 elementor-widget elementor-widget-text-editor\" data-id=\"cce1ae5\" data-element_type=\"widget\" data-e-type=\"widget\" data-widget_type=\"text-editor.default\">\n\t\t\t\t<div class=\"elementor-widget-container\">\n\t\t\t\t\t\t\t\t\t<p>\ud83d\udc1f <strong>Prote\u00edna de Salm\u00f3n para una Vitalidad \u00d3ptima: <\/strong>Nuestra f\u00f3rmula de muy alta calidad cuenta con prote\u00edna de salm\u00f3n, proporcionando \u00e1cidos grasos saludables esenciales. \u00a1Eleva la vitalidad de tu perro con la mejor nutrici\u00f3n!<\/p><p>\u00a0<\/p><p>\ud83d\udcab <strong>Piel Brillante y Pelaje Saludable: <\/strong>Logra resultados \u00f3ptimos en el aspecto del pelo de tu mascota. Con ingredientes de calidad y sin gluten, Yerbero Nature Salmon &amp; Rice mejora la salud de la piel y promueve un pelaje brillante y sedoso.<\/p><p>\u00a0<\/p><p>\ud83d\udeab <strong>Sin Gluten, Sin Problemas de Digesti\u00f3n: <\/strong>Elaborado sin gluten, este alimento hipoalerg\u00e9nico es f\u00e1cil de digerir, reduciendo posibles problemas gastrointestinales. Garantiza una alimentaci\u00f3n saludable y sin preocupaciones.<\/p><p>\u00a0<\/p><p>\ud83e\uddb4 <strong>Mant\u00e9n un Buen Tono Muscular y Evita Ganar Peso: <\/strong>Con una alta relaci\u00f3n prote\u00edna\/grasa, Yerbero Nature Salmon &amp; Rice ayuda a mantener un buen tono muscular y evita el exceso de peso. Una soluci\u00f3n completa para la salud integral de tu perro.<\/p><p>\u00a0<\/p><p>\ud83c\udf3f <strong>Ingredientes Naturales para una Alimentaci\u00f3n Completa: <\/strong>Con ingredientes como arroz, prote\u00edna de carne deshidratada, grasa de ave y pulpa de remolacha, garantizamos una alimentaci\u00f3n completa y equilibrada con vitaminas y minerales a\u00f1adidos.<\/p><p>\u00a0<\/p><p>\ud83c\udf0d <strong>Compromiso con la Hipoalergenicidad y la Sostenibilidad: <\/strong>Yerbero Nature Super Premium Hipoalerg\u00e9nico est\u00e1 dise\u00f1ado para evitar intolerancias comunes al no contener trigo ni gluten de trigo. Adem\u00e1s, somos una marca comprometida con la sostenibilidad, demostrado por nuestro pa\u00eds de origen, Espa\u00f1a.<\/p><p>\u00a0<\/p><p>Haz clic ahora para ofrecer a tu perro una alimentaci\u00f3n de calidad superior. Compra Yerbero Nature Salmon &amp; Rice y br\u00edndale a tu mascota el cuidado que se merece.<\/p>\t\t\t\t\t\t\t\t<\/div>\n\t\t\t\t<\/div>\n\t\t\t\t<div class=\"elementor-element elementor-element-50a28b6 elementor-align-right elementor-widget elementor-widget-button\" data-id=\"50a28b6\" data-element_type=\"widget\" data-e-type=\"widget\" data-widget_type=\"button.default\">\n\t\t\t\t<div class=\"elementor-widget-container\">\n\t\t\t\t\t\t\t\t\t<div class=\"elementor-button-wrapper\">\n\t\t\t\t\t<a class=\"elementor-button elementor-button-link elementor-size-sm\" href=\"https:\/\/amzn.to\/4c8TTTk\">\n\t\t\t\t\t\t<span class=\"elementor-button-content-wrapper\">\n\t\t\t\t\t\t\t\t\t<span class=\"elementor-button-text\">Compra ahora en Amazon<\/span>\n\t\t\t\t\t<\/span>\n\t\t\t\t\t<\/a>\n\t\t\t\t<\/div>\n\t\t\t\t\t\t\t\t<\/div>\n\t\t\t\t<\/div>\n\t\t\t\t<\/div>\n\t\t\t\t\t<\/div>\n\t\t\t\t<\/div>\n\t\t<div class=\"elementor-element elementor-element-e020148 e-flex e-con-boxed e-con e-parent\" data-id=\"e020148\" data-element_type=\"container\" data-e-type=\"container\">\n\t\t\t\t\t<div class=\"e-con-inner\">\n\t\t\t\t<div class=\"elementor-element elementor-element-0448bbb elementor-arrows-position-inside elementor-pagination-position-outside elementor-widget elementor-widget-image-carousel\" data-id=\"0448bbb\" data-element_type=\"widget\" data-e-type=\"widget\" data-settings=\"{&quot;slides_to_show&quot;:&quot;1&quot;,&quot;navigation&quot;:&quot;both&quot;,&quot;autoplay&quot;:&quot;yes&quot;,&quot;pause_on_hover&quot;:&quot;yes&quot;,&quot;pause_on_interaction&quot;:&quot;yes&quot;,&quot;autoplay_speed&quot;:5000,&quot;infinite&quot;:&quot;yes&quot;,&quot;effect&quot;:&quot;slide&quot;,&quot;speed&quot;:500}\" data-widget_type=\"image-carousel.default\">\n\t\t\t\t<div class=\"elementor-widget-container\">\n\t\t\t\t\t\t\t<div class=\"elementor-image-carousel-wrapper swiper\" role=\"region\" aria-roledescription=\"carousel\" aria-label=\"Carrusel de im\u00e1genes\" dir=\"ltr\">\n\t\t\t<div class=\"elementor-image-carousel swiper-wrapper\" aria-live=\"off\">\n\t\t\t\t\t\t\t\t<div class=\"swiper-slide\" role=\"group\" aria-roledescription=\"slide\" aria-label=\"1 de 3\"><figure class=\"swiper-slide-inner\"><img decoding=\"async\" class=\"swiper-slide-image\" src=\"https:\/\/mundoanimalito.com\/wp-content\/uploads\/2024\/03\/51eTOoywqCL._AC_SL1372_.jpg\" alt=\"Yerbero Nature Salmon &amp; Rice sin Gluten Hipoalergenico para Perros 12kg\" \/><\/figure><\/div><div class=\"swiper-slide\" role=\"group\" aria-roledescription=\"slide\" aria-label=\"2 de 3\"><figure class=\"swiper-slide-inner\"><img decoding=\"async\" class=\"swiper-slide-image\" src=\"https:\/\/mundoanimalito.com\/wp-content\/uploads\/2024\/03\/61DgBENs6QL._AC_SL1372_.jpg\" alt=\"Yerbero Nature Salmon &amp; Rice sin Gluten Hipoalergenico para Perros 12kg\" \/><\/figure><\/div><div class=\"swiper-slide\" role=\"group\" aria-roledescription=\"slide\" aria-label=\"3 de 3\"><figure class=\"swiper-slide-inner\"><img decoding=\"async\" class=\"swiper-slide-image\" src=\"https:\/\/mundoanimalito.com\/wp-content\/uploads\/2024\/03\/61dU6nyuyeL._AC_SL1372_-768x541.jpg\" alt=\"Yerbero Nature Salmon &amp; Rice sin Gluten Hipoalergenico para Perros 12kg\" \/><\/figure><\/div>\t\t\t<\/div>\n\t\t\t\t\t\t\t\t\t\t\t\t<div class=\"elementor-swiper-button elementor-swiper-button-prev\" role=\"button\" tabindex=\"0\">\n\t\t\t\t\t\t<i aria-hidden=\"true\" class=\"eicon-chevron-left\"><\/i>\t\t\t\t\t<\/div>\n\t\t\t\t\t<div class=\"elementor-swiper-button elementor-swiper-button-next\" role=\"button\" tabindex=\"0\">\n\t\t\t\t\t\t<i aria-hidden=\"true\" class=\"eicon-chevron-right\"><\/i>\t\t\t\t\t<\/div>\n\t\t\t\t\n\t\t\t\t\t\t\t\t\t<div class=\"swiper-pagination\"><\/div>\n\t\t\t\t\t\t\t\t\t<\/div>\n\t\t\t\t\t\t<\/div>\n\t\t\t\t<\/div>\n\t\t\t\t\t<\/div>\n\t\t\t\t<\/div>\n\t\t<div class=\"elementor-element elementor-element-49c1268 e-flex e-con-boxed e-con e-parent\" data-id=\"49c1268\" data-element_type=\"container\" data-e-type=\"container\">\n\t\t\t\t\t<div class=\"e-con-inner\">\n\t\t\t\t<div class=\"elementor-element elementor-element-21cf506 elementor-align-right elementor-widget elementor-widget-button\" data-id=\"21cf506\" data-element_type=\"widget\" data-e-type=\"widget\" data-widget_type=\"button.default\">\n\t\t\t\t<div class=\"elementor-widget-container\">\n\t\t\t\t\t\t\t\t\t<div class=\"elementor-button-wrapper\">\n\t\t\t\t\t<a class=\"elementor-button elementor-button-link elementor-size-sm\" href=\"https:\/\/amzn.to\/4c8TTTk\">\n\t\t\t\t\t\t<span class=\"elementor-button-content-wrapper\">\n\t\t\t\t\t\t\t\t\t<span class=\"elementor-button-text\">Compra ahora en Amazon<\/span>\n\t\t\t\t\t<\/span>\n\t\t\t\t\t<\/a>\n\t\t\t\t<\/div>\n\t\t\t\t\t\t\t\t<\/div>\n\t\t\t\t<\/div>\n\t\t\t\t\t<\/div>\n\t\t\t\t<\/div>\n\t\t\t\t<\/div>\n\t\t","protected":false},"excerpt":{"rendered":"<p>Ofrece a tu perro la excelencia en nutrici\u00f3n con Yerbero Nature Salmon &#038; Rice, una experiencia alimentaria hipoalerg\u00e9nica y llena de beneficios \ud83d\udc1f Prote\u00edna de Salm\u00f3n para una Vitalidad \u00d3ptima: Nuestra f\u00f3rmula de muy alta calidad cuenta con prote\u00edna de salm\u00f3n, proporcionando \u00e1cidos grasos saludables esenciales. \u00a1Eleva la vitalidad de tu perro con la mejor [&hellip;]<\/p>\n","protected":false},"author":1,"featured_media":0,"parent":0,"menu_order":0,"comment_status":"closed","ping_status":"closed","template":"","meta":{"site-sidebar-layout":"no-sidebar","site-content-layout":"page-builder","ast-site-content-layout":"full-width-container","site-content-style":"default","site-sidebar-style":"default","ast-global-header-display":"","ast-banner-title-visibility":"","ast-main-header-display":"","ast-hfb-above-header-display":"","ast-hfb-below-header-display":"","ast-hfb-mobile-header-display":"","site-post-title":"disabled","ast-breadcrumbs-content":"","ast-featured-img":"disabled","footer-sml-layout":"","ast-disable-related-posts":"","theme-transparent-header-meta":"","adv-header-id-meta":"","stick-header-meta":"","header-above-stick-meta":"","header-main-stick-meta":"","header-below-stick-meta":"","astra-migrate-meta-layouts":"set","ast-page-background-enabled":"default","ast-page-background-meta":{"desktop":{"background-color":"var(--ast-global-color-4)","background-image":"","background-repeat":"repeat","background-position":"center center","background-size":"auto","background-attachment":"scroll","background-type":"","background-media":"","overlay-type":"","overlay-color":"","overlay-opacity":"","overlay-gradient":""},"tablet":{"background-color":"","background-image":"","background-repeat":"repeat","background-position":"center center","background-size":"auto","background-attachment":"scroll","background-type":"","background-media":"","overlay-type":"","overlay-color":"","overlay-opacity":"","overlay-gradient":""},"mobile":{"background-color":"","background-image":"","background-repeat":"repeat","background-position":"center center","background-size":"auto","background-attachment":"scroll","background-type":"","background-media":"","overlay-type":"","overlay-color":"","overlay-opacity":"","overlay-gradient":""}},"ast-content-background-meta":{"desktop":{"background-color":"var(--ast-global-color-5)","background-image":"","background-repeat":"repeat","background-position":"center center","background-size":"auto","background-attachment":"scroll","background-type":"","background-media":"","overlay-type":"","overlay-color":"","overlay-opacity":"","overlay-gradient":""},"tablet":{"background-color":"var(--ast-global-color-5)","background-image":"","background-repeat":"repeat","background-position":"center center","background-size":"auto","background-attachment":"scroll","background-type":"","background-media":"","overlay-type":"","overlay-color":"","overlay-opacity":"","overlay-gradient":""},"mobile":{"background-color":"var(--ast-global-color-5)","background-image":"","background-repeat":"repeat","background-position":"center center","background-size":"auto","background-attachment":"scroll","background-type":"","background-media":"","overlay-type":"","overlay-color":"","overlay-opacity":"","overlay-gradient":""}},"footnotes":""},"class_list":["post-15063","page","type-page","status-publish","hentry"],"yoast_head":"<!-- This site is optimized with the Yoast SEO plugin v27.4 - https:\/\/yoast.com\/product\/yoast-seo-wordpress\/ -->\n<title>Yerbero Nature Salmon &amp; Rice sin Gluten | Mundo Animalito<\/title>\n<meta name=\"description\" content=\"Ofrece a tu perro la excelencia en nutrici\u00f3n con Yerbero Nature Salmon &amp; Rice, una experiencia alimentaria hipoalerg\u00e9nica y llena de beneficios\" \/>\n<meta name=\"robots\" content=\"index, follow, max-snippet:-1, max-image-preview:large, max-video-preview:-1\" \/>\n<link rel=\"canonical\" href=\"https:\/\/mundoanimalito.com\/index.php\/yerbero-nature-salmon-rice\/\" \/>\n<meta property=\"og:locale\" content=\"es_ES\" \/>\n<meta property=\"og:type\" content=\"article\" \/>\n<meta property=\"og:title\" content=\"Yerbero Nature Salmon &amp; Rice sin Gluten | Mundo Animalito\" \/>\n<meta property=\"og:description\" content=\"Ofrece a tu perro la excelencia en nutrici\u00f3n con Yerbero Nature Salmon &amp; Rice, una experiencia alimentaria hipoalerg\u00e9nica y llena de beneficios\" \/>\n<meta property=\"og:url\" content=\"https:\/\/mundoanimalito.com\/index.php\/yerbero-nature-salmon-rice\/\" \/>\n<meta property=\"og:site_name\" content=\"Mundo Animalito\" \/>\n<meta property=\"article:publisher\" content=\"https:\/\/www.facebook.com\/mundoanimalito77\" \/>\n<meta property=\"article:modified_time\" content=\"2024-09-23T19:24:19+00:00\" \/>\n<meta property=\"og:image\" content=\"https:\/\/mundoanimalito.com\/wp-content\/uploads\/2024\/03\/618EIiceLOL._AC_SL1372_-491x1024.jpg\" \/>\n<meta name=\"twitter:card\" content=\"summary_large_image\" \/>\n<meta name=\"twitter:label1\" content=\"Tiempo de lectura\" \/>\n\t<meta name=\"twitter:data1\" content=\"3 minutos\" \/>\n<script type=\"application\/ld+json\" class=\"yoast-schema-graph\">{\"@context\":\"https:\\\/\\\/schema.org\",\"@graph\":[{\"@type\":\"WebPage\",\"@id\":\"https:\\\/\\\/mundoanimalito.com\\\/index.php\\\/yerbero-nature-salmon-rice\\\/\",\"url\":\"https:\\\/\\\/mundoanimalito.com\\\/index.php\\\/yerbero-nature-salmon-rice\\\/\",\"name\":\"Yerbero Nature Salmon & Rice sin Gluten | Mundo Animalito\",\"isPartOf\":{\"@id\":\"https:\\\/\\\/mundoanimalito.com\\\/#website\"},\"primaryImageOfPage\":{\"@id\":\"https:\\\/\\\/mundoanimalito.com\\\/index.php\\\/yerbero-nature-salmon-rice\\\/#primaryimage\"},\"image\":{\"@id\":\"https:\\\/\\\/mundoanimalito.com\\\/index.php\\\/yerbero-nature-salmon-rice\\\/#primaryimage\"},\"thumbnailUrl\":\"https:\\\/\\\/mundoanimalito.com\\\/wp-content\\\/uploads\\\/2024\\\/03\\\/618EIiceLOL._AC_SL1372_-491x1024.jpg\",\"datePublished\":\"2024-03-11T19:26:29+00:00\",\"dateModified\":\"2024-09-23T19:24:19+00:00\",\"description\":\"Ofrece a tu perro la excelencia en nutrici\u00f3n con Yerbero Nature Salmon & Rice, una experiencia alimentaria hipoalerg\u00e9nica y llena de beneficios\",\"breadcrumb\":{\"@id\":\"https:\\\/\\\/mundoanimalito.com\\\/index.php\\\/yerbero-nature-salmon-rice\\\/#breadcrumb\"},\"inLanguage\":\"es\",\"potentialAction\":[{\"@type\":\"ReadAction\",\"target\":[\"https:\\\/\\\/mundoanimalito.com\\\/index.php\\\/yerbero-nature-salmon-rice\\\/\"]}]},{\"@type\":\"ImageObject\",\"inLanguage\":\"es\",\"@id\":\"https:\\\/\\\/mundoanimalito.com\\\/index.php\\\/yerbero-nature-salmon-rice\\\/#primaryimage\",\"url\":\"https:\\\/\\\/mundoanimalito.com\\\/wp-content\\\/uploads\\\/2024\\\/03\\\/618EIiceLOL._AC_SL1372_.jpg\",\"contentUrl\":\"https:\\\/\\\/mundoanimalito.com\\\/wp-content\\\/uploads\\\/2024\\\/03\\\/618EIiceLOL._AC_SL1372_.jpg\",\"width\":535,\"height\":1116,\"caption\":\"Yerbero Nature Salmon & Rice sin Gluten Hipoalergenico para Perros 12kg\"},{\"@type\":\"BreadcrumbList\",\"@id\":\"https:\\\/\\\/mundoanimalito.com\\\/index.php\\\/yerbero-nature-salmon-rice\\\/#breadcrumb\",\"itemListElement\":[{\"@type\":\"ListItem\",\"position\":1,\"name\":\"Portada\",\"item\":\"https:\\\/\\\/mundoanimalito.com\\\/\"},{\"@type\":\"ListItem\",\"position\":2,\"name\":\"Yerbero Nature Salmon &amp; Rice\"}]},{\"@type\":\"WebSite\",\"@id\":\"https:\\\/\\\/mundoanimalito.com\\\/#website\",\"url\":\"https:\\\/\\\/mundoanimalito.com\\\/\",\"name\":\"Mundo Animalito\",\"description\":\"Datos y curiosidades de los animales, encuentra ac\u00e1 todo para tu mascota\",\"publisher\":{\"@id\":\"https:\\\/\\\/mundoanimalito.com\\\/#organization\"},\"potentialAction\":[{\"@type\":\"SearchAction\",\"target\":{\"@type\":\"EntryPoint\",\"urlTemplate\":\"https:\\\/\\\/mundoanimalito.com\\\/?s={search_term_string}\"},\"query-input\":{\"@type\":\"PropertyValueSpecification\",\"valueRequired\":true,\"valueName\":\"search_term_string\"}}],\"inLanguage\":\"es\"},{\"@type\":\"Organization\",\"@id\":\"https:\\\/\\\/mundoanimalito.com\\\/#organization\",\"name\":\"Mundo Animalito\",\"url\":\"https:\\\/\\\/mundoanimalito.com\\\/\",\"logo\":{\"@type\":\"ImageObject\",\"inLanguage\":\"es\",\"@id\":\"https:\\\/\\\/mundoanimalito.com\\\/#\\\/schema\\\/logo\\\/image\\\/\",\"url\":\"https:\\\/\\\/mundoanimalito.com\\\/wp-content\\\/uploads\\\/2023\\\/10\\\/cropped-cropped-LOGO-OFICIAL-ULTIMA-VERSION-1.jpg\",\"contentUrl\":\"https:\\\/\\\/mundoanimalito.com\\\/wp-content\\\/uploads\\\/2023\\\/10\\\/cropped-cropped-LOGO-OFICIAL-ULTIMA-VERSION-1.jpg\",\"width\":374,\"height\":425,\"caption\":\"Mundo Animalito\"},\"image\":{\"@id\":\"https:\\\/\\\/mundoanimalito.com\\\/#\\\/schema\\\/logo\\\/image\\\/\"},\"sameAs\":[\"https:\\\/\\\/www.facebook.com\\\/mundoanimalito77\",\"https:\\\/\\\/www.instagram.com\\\/mundoanimalito77\\\/\",\"https:\\\/\\\/www.tiktok.com\\\/@mundoanimalito77\",\"https:\\\/\\\/www.youtube.com\\\/channel\\\/UCLo2JhNUNtHVraDt5aHadew\"]}]}<\/script>\n<!-- \/ Yoast SEO plugin. -->","yoast_head_json":{"title":"Yerbero Nature Salmon & Rice sin Gluten | Mundo Animalito","description":"Ofrece a tu perro la excelencia en nutrici\u00f3n con Yerbero Nature Salmon & Rice, una experiencia alimentaria hipoalerg\u00e9nica y llena de beneficios","robots":{"index":"index","follow":"follow","max-snippet":"max-snippet:-1","max-image-preview":"max-image-preview:large","max-video-preview":"max-video-preview:-1"},"canonical":"https:\/\/mundoanimalito.com\/index.php\/yerbero-nature-salmon-rice\/","og_locale":"es_ES","og_type":"article","og_title":"Yerbero Nature Salmon & Rice sin Gluten | Mundo Animalito","og_description":"Ofrece a tu perro la excelencia en nutrici\u00f3n con Yerbero Nature Salmon & Rice, una experiencia alimentaria hipoalerg\u00e9nica y llena de beneficios","og_url":"https:\/\/mundoanimalito.com\/index.php\/yerbero-nature-salmon-rice\/","og_site_name":"Mundo Animalito","article_publisher":"https:\/\/www.facebook.com\/mundoanimalito77","article_modified_time":"2024-09-23T19:24:19+00:00","og_image":[{"url":"https:\/\/mundoanimalito.com\/wp-content\/uploads\/2024\/03\/618EIiceLOL._AC_SL1372_-491x1024.jpg","type":"","width":"","height":""}],"twitter_card":"summary_large_image","twitter_misc":{"Tiempo de lectura":"3 minutos"},"schema":{"@context":"https:\/\/schema.org","@graph":[{"@type":"WebPage","@id":"https:\/\/mundoanimalito.com\/index.php\/yerbero-nature-salmon-rice\/","url":"https:\/\/mundoanimalito.com\/index.php\/yerbero-nature-salmon-rice\/","name":"Yerbero Nature Salmon & Rice sin Gluten | Mundo Animalito","isPartOf":{"@id":"https:\/\/mundoanimalito.com\/#website"},"primaryImageOfPage":{"@id":"https:\/\/mundoanimalito.com\/index.php\/yerbero-nature-salmon-rice\/#primaryimage"},"image":{"@id":"https:\/\/mundoanimalito.com\/index.php\/yerbero-nature-salmon-rice\/#primaryimage"},"thumbnailUrl":"https:\/\/mundoanimalito.com\/wp-content\/uploads\/2024\/03\/618EIiceLOL._AC_SL1372_-491x1024.jpg","datePublished":"2024-03-11T19:26:29+00:00","dateModified":"2024-09-23T19:24:19+00:00","description":"Ofrece a tu perro la excelencia en nutrici\u00f3n con Yerbero Nature Salmon & Rice, una experiencia alimentaria hipoalerg\u00e9nica y llena de beneficios","breadcrumb":{"@id":"https:\/\/mundoanimalito.com\/index.php\/yerbero-nature-salmon-rice\/#breadcrumb"},"inLanguage":"es","potentialAction":[{"@type":"ReadAction","target":["https:\/\/mundoanimalito.com\/index.php\/yerbero-nature-salmon-rice\/"]}]},{"@type":"ImageObject","inLanguage":"es","@id":"https:\/\/mundoanimalito.com\/index.php\/yerbero-nature-salmon-rice\/#primaryimage","url":"https:\/\/mundoanimalito.com\/wp-content\/uploads\/2024\/03\/618EIiceLOL._AC_SL1372_.jpg","contentUrl":"https:\/\/mundoanimalito.com\/wp-content\/uploads\/2024\/03\/618EIiceLOL._AC_SL1372_.jpg","width":535,"height":1116,"caption":"Yerbero Nature Salmon & Rice sin Gluten Hipoalergenico para Perros 12kg"},{"@type":"BreadcrumbList","@id":"https:\/\/mundoanimalito.com\/index.php\/yerbero-nature-salmon-rice\/#breadcrumb","itemListElement":[{"@type":"ListItem","position":1,"name":"Portada","item":"https:\/\/mundoanimalito.com\/"},{"@type":"ListItem","position":2,"name":"Yerbero Nature Salmon &amp; Rice"}]},{"@type":"WebSite","@id":"https:\/\/mundoanimalito.com\/#website","url":"https:\/\/mundoanimalito.com\/","name":"Mundo Animalito","description":"Datos y curiosidades de los animales, encuentra ac\u00e1 todo para tu mascota","publisher":{"@id":"https:\/\/mundoanimalito.com\/#organization"},"potentialAction":[{"@type":"SearchAction","target":{"@type":"EntryPoint","urlTemplate":"https:\/\/mundoanimalito.com\/?s={search_term_string}"},"query-input":{"@type":"PropertyValueSpecification","valueRequired":true,"valueName":"search_term_string"}}],"inLanguage":"es"},{"@type":"Organization","@id":"https:\/\/mundoanimalito.com\/#organization","name":"Mundo Animalito","url":"https:\/\/mundoanimalito.com\/","logo":{"@type":"ImageObject","inLanguage":"es","@id":"https:\/\/mundoanimalito.com\/#\/schema\/logo\/image\/","url":"https:\/\/mundoanimalito.com\/wp-content\/uploads\/2023\/10\/cropped-cropped-LOGO-OFICIAL-ULTIMA-VERSION-1.jpg","contentUrl":"https:\/\/mundoanimalito.com\/wp-content\/uploads\/2023\/10\/cropped-cropped-LOGO-OFICIAL-ULTIMA-VERSION-1.jpg","width":374,"height":425,"caption":"Mundo Animalito"},"image":{"@id":"https:\/\/mundoanimalito.com\/#\/schema\/logo\/image\/"},"sameAs":["https:\/\/www.facebook.com\/mundoanimalito77","https:\/\/www.instagram.com\/mundoanimalito77\/","https:\/\/www.tiktok.com\/@mundoanimalito77","https:\/\/www.youtube.com\/channel\/UCLo2JhNUNtHVraDt5aHadew"]}]}},"_links":{"self":[{"href":"https:\/\/mundoanimalito.com\/index.php\/wp-json\/wp\/v2\/pages\/15063","targetHints":{"allow":["GET"]}}],"collection":[{"href":"https:\/\/mundoanimalito.com\/index.php\/wp-json\/wp\/v2\/pages"}],"about":[{"href":"https:\/\/mundoanimalito.com\/index.php\/wp-json\/wp\/v2\/types\/page"}],"author":[{"embeddable":true,"href":"https:\/\/mundoanimalito.com\/index.php\/wp-json\/wp\/v2\/users\/1"}],"replies":[{"embeddable":true,"href":"https:\/\/mundoanimalito.com\/index.php\/wp-json\/wp\/v2\/comments?post=15063"}],"version-history":[{"count":0,"href":"https:\/\/mundoanimalito.com\/index.php\/wp-json\/wp\/v2\/pages\/15063\/revisions"}],"wp:attachment":[{"href":"https:\/\/mundoanimalito.com\/index.php\/wp-json\/wp\/v2\/media?parent=15063"}],"curies":[{"name":"wp","href":"https:\/\/api.w.org\/{rel}","templated":true}]}}