{"id":14714,"date":"2024-03-11T07:47:47","date_gmt":"2024-03-11T12:47:47","guid":{"rendered":"https:\/\/mundoanimalito.com\/?page_id=14714"},"modified":"2024-09-03T15:52:02","modified_gmt":"2024-09-03T20:52:02","slug":"arquivet-original-adult","status":"publish","type":"page","link":"https:\/\/mundoanimalito.com\/index.php\/arquivet-original-adult\/","title":{"rendered":"Arquivet Original Adult"},"content":{"rendered":"\t\t<div data-elementor-type=\"wp-page\" data-elementor-id=\"14714\" class=\"elementor elementor-14714\" data-elementor-post-type=\"page\">\n\t\t\t\t<div class=\"elementor-element elementor-element-7b3cb48 e-flex e-con-boxed e-con e-parent\" data-id=\"7b3cb48\" data-element_type=\"container\" data-e-type=\"container\">\n\t\t\t\t\t<div class=\"e-con-inner\">\n\t\t\t\t<div class=\"elementor-element elementor-element-91d4d34 elementor-invisible elementor-widget elementor-widget-heading\" data-id=\"91d4d34\" data-element_type=\"widget\" data-e-type=\"widget\" data-settings=\"{&quot;_animation&quot;:&quot;fadeInDown&quot;}\" data-widget_type=\"heading.default\">\n\t\t\t\t<div class=\"elementor-widget-container\">\n\t\t\t\t\t<h2 class=\"elementor-heading-title elementor-size-default\">\u00a1Dale a tu perro el cuidado que se merece con Arquivet Original Adult - Pienso para Perros Adultos de Pollo y Arroz! 12 kg<\/h2>\t\t\t\t<\/div>\n\t\t\t\t<\/div>\n\t\t\t\t\t<\/div>\n\t\t\t\t<\/div>\n\t\t<div class=\"elementor-element elementor-element-79d8cad e-flex e-con-boxed e-con e-parent\" data-id=\"79d8cad\" data-element_type=\"container\" data-e-type=\"container\">\n\t\t\t\t\t<div class=\"e-con-inner\">\n\t\t<div class=\"elementor-element elementor-element-82087b3 e-con-full e-flex e-con e-child\" data-id=\"82087b3\" data-element_type=\"container\" data-e-type=\"container\">\n\t\t\t\t<div class=\"elementor-element elementor-element-d833256 elementor-widget elementor-widget-image\" data-id=\"d833256\" data-element_type=\"widget\" data-e-type=\"widget\" data-widget_type=\"image.default\">\n\t\t\t\t<div class=\"elementor-widget-container\">\n\t\t\t\t\t\t\t\t\t\t\t\t\t\t\t\t<a href=\"https:\/\/amzn.to\/4abrYQZ\">\n\t\t\t\t\t\t\t<img fetchpriority=\"high\" decoding=\"async\" width=\"666\" height=\"1393\" src=\"https:\/\/mundoanimalito.com\/wp-content\/uploads\/2024\/03\/71IlRxWLg6L._AC_SL1500_.jpg\" class=\"attachment-full size-full wp-image-14716\" alt=\"Arquivet Original Adult - Pienso para Perros Adultos - Pollo Y Arroz - Marr\u00f3n, 12 kg\" srcset=\"https:\/\/mundoanimalito.com\/wp-content\/uploads\/2024\/03\/71IlRxWLg6L._AC_SL1500_.jpg 666w, https:\/\/mundoanimalito.com\/wp-content\/uploads\/2024\/03\/71IlRxWLg6L._AC_SL1500_-143x300.jpg 143w, https:\/\/mundoanimalito.com\/wp-content\/uploads\/2024\/03\/71IlRxWLg6L._AC_SL1500_-490x1024.jpg 490w\" sizes=\"(max-width: 666px) 100vw, 666px\" \/>\t\t\t\t\t\t\t\t<\/a>\n\t\t\t\t\t\t\t\t\t\t\t\t\t\t\t<\/div>\n\t\t\t\t<\/div>\n\t\t\t\t<\/div>\n\t\t<div class=\"elementor-element elementor-element-3cf9d58 e-con-full e-flex e-con e-child\" data-id=\"3cf9d58\" data-element_type=\"container\" data-e-type=\"container\">\n\t\t\t\t<div class=\"elementor-element elementor-element-470c6ae elementor-widget elementor-widget-text-editor\" data-id=\"470c6ae\" data-element_type=\"widget\" data-e-type=\"widget\" data-widget_type=\"text-editor.default\">\n\t\t\t\t<div class=\"elementor-widget-container\">\n\t\t\t\t\t\t\t\t\t<p>\ud83d\udc3e <strong>Ingredientes Naturales para una Nutrici\u00f3n de Calidad: <\/strong>Nuestro pienso premium est\u00e1 elaborado con ingredientes naturales de alta calidad, como el pollo y el arroz, para proporcionar a tu perro una alimentaci\u00f3n equilibrada y nutritiva. Sin aromatizantes ni colorantes artificiales, solo lo mejor para tu mejor amigo.<\/p><p>\u00a0<\/p><p>\ud83c\udf57 <strong>Alta Apetencia y Digestibilidad: <\/strong>Con un alto contenido en carne como fuente de prote\u00ednas de alto valor biol\u00f3gico, nuestro pienso ofrece una gran apetencia y digestibilidad, asegurando que tu perro disfrute cada comida y pueda absorber f\u00e1cilmente todos los nutrientes esenciales.<\/p><p>\u00a0<\/p><p>\ud83d\udca1 <strong>Salud Integral para tu Perro: <\/strong>Fortalece la salud del pelaje y la piel de tu perro con Omega 3 y 6, Zinc, Cobre, Biotina y Vitaminas A y E. Adem\u00e1s, ayuda a mantener una buena salud dental al reducir el sarro y proteger contra la caries.<\/p><p>\u00a0<\/p><p>\ud83e\uddb4 <strong>Fortalece Huesos y Articulaciones: <\/strong>Con un balance \u00f3ptimo de Calcio, F\u00f3sforo, Magnesio y Vitamina D3, nuestro pienso promueve huesos y articulaciones fuertes, permitiendo que tu perro se mantenga activo y en movimiento por m\u00e1s tiempo.<\/p><p>\u00a0<\/p><p>\ud83d\udee1\ufe0f <strong>Protecci\u00f3n Inmunitaria Reforzada: <\/strong>Con ingredientes como FOS (Fructooligosac\u00e1ridos), Vitamina E y Selenio, nuestro pienso ayuda a fortalecer el sistema inmunol\u00f3gico de tu perro, protegi\u00e9ndolo contra enfermedades y manteni\u00e9ndolo saludable y feliz.<\/p><p>\u00a0<\/p><p>Conf\u00eda en Arquivet Original Adult para proporcionar a tu perro una alimentaci\u00f3n completa y equilibrada que lo mantendr\u00e1 en su mejor estado. \u00a1Haz clic para comprar ahora y asegura la salud y felicidad de tu fiel amigo!<\/p>\t\t\t\t\t\t\t\t<\/div>\n\t\t\t\t<\/div>\n\t\t\t\t<div class=\"elementor-element elementor-element-9450f69 elementor-align-right elementor-mobile-align-right elementor-widget elementor-widget-button\" data-id=\"9450f69\" data-element_type=\"widget\" data-e-type=\"widget\" data-widget_type=\"button.default\">\n\t\t\t\t<div class=\"elementor-widget-container\">\n\t\t\t\t\t\t\t\t\t<div class=\"elementor-button-wrapper\">\n\t\t\t\t\t<a class=\"elementor-button elementor-button-link elementor-size-sm\" href=\"https:\/\/amzn.to\/4abrYQZ\">\n\t\t\t\t\t\t<span class=\"elementor-button-content-wrapper\">\n\t\t\t\t\t\t\t\t\t<span class=\"elementor-button-text\">Compra ahora en Amazon <\/span>\n\t\t\t\t\t<\/span>\n\t\t\t\t\t<\/a>\n\t\t\t\t<\/div>\n\t\t\t\t\t\t\t\t<\/div>\n\t\t\t\t<\/div>\n\t\t\t\t<\/div>\n\t\t\t\t\t<\/div>\n\t\t\t\t<\/div>\n\t\t<div class=\"elementor-element elementor-element-2fb8a14 e-flex e-con-boxed e-con e-parent\" data-id=\"2fb8a14\" data-element_type=\"container\" data-e-type=\"container\">\n\t\t\t\t\t<div class=\"e-con-inner\">\n\t\t\t\t<div class=\"elementor-element elementor-element-791e492 elementor-arrows-position-inside elementor-pagination-position-outside elementor-widget elementor-widget-image-carousel\" data-id=\"791e492\" data-element_type=\"widget\" data-e-type=\"widget\" data-settings=\"{&quot;slides_to_show&quot;:&quot;1&quot;,&quot;navigation&quot;:&quot;both&quot;,&quot;autoplay&quot;:&quot;yes&quot;,&quot;pause_on_hover&quot;:&quot;yes&quot;,&quot;pause_on_interaction&quot;:&quot;yes&quot;,&quot;autoplay_speed&quot;:5000,&quot;infinite&quot;:&quot;yes&quot;,&quot;effect&quot;:&quot;slide&quot;,&quot;speed&quot;:500}\" data-widget_type=\"image-carousel.default\">\n\t\t\t\t<div class=\"elementor-widget-container\">\n\t\t\t\t\t\t\t<div class=\"elementor-image-carousel-wrapper swiper\" role=\"region\" aria-roledescription=\"carousel\" aria-label=\"Carrusel de im\u00e1genes\" dir=\"ltr\">\n\t\t\t<div class=\"elementor-image-carousel swiper-wrapper\" aria-live=\"off\">\n\t\t\t\t\t\t\t\t<div class=\"swiper-slide\" role=\"group\" aria-roledescription=\"slide\" aria-label=\"1 de 6\"><figure class=\"swiper-slide-inner\"><img decoding=\"async\" class=\"swiper-slide-image\" src=\"https:\/\/mundoanimalito.com\/wp-content\/uploads\/2024\/03\/813y7QdMzIL._AC_SL1500_-768x730.jpg\" alt=\"Arquivet Original Adult - Pienso para Perros Adultos - Pollo Y Arroz - Marr\u00f3n, 12 kg (Paquete de 1)\" \/><\/figure><\/div><div class=\"swiper-slide\" role=\"group\" aria-roledescription=\"slide\" aria-label=\"2 de 6\"><figure class=\"swiper-slide-inner\"><img decoding=\"async\" class=\"swiper-slide-image\" src=\"https:\/\/mundoanimalito.com\/wp-content\/uploads\/2024\/03\/71qfeT985mL._AC_SL1500_-768x768.jpg\" alt=\"Arquivet Original Adult - Pienso para Perros Adultos - Pollo Y Arroz - Marr\u00f3n, 12 kg (Paquete de 1)\" \/><\/figure><\/div><div class=\"swiper-slide\" role=\"group\" aria-roledescription=\"slide\" aria-label=\"3 de 6\"><figure class=\"swiper-slide-inner\"><img decoding=\"async\" class=\"swiper-slide-image\" src=\"https:\/\/mundoanimalito.com\/wp-content\/uploads\/2024\/03\/61ZfbIbZHSL._AC_SL1500_-768x580.jpg\" alt=\"61ZfbIbZHSL._AC_SL1500_\" \/><\/figure><\/div><div class=\"swiper-slide\" role=\"group\" aria-roledescription=\"slide\" aria-label=\"4 de 6\"><figure class=\"swiper-slide-inner\"><img decoding=\"async\" class=\"swiper-slide-image\" src=\"https:\/\/mundoanimalito.com\/wp-content\/uploads\/2024\/03\/71CmpkYtmEL._AC_SL1500_.jpg\" alt=\"Arquivet Original Adult - Pienso para Perros Adultos - Pollo Y Arroz - Marr\u00f3n, 12 kg (Paquete de 1)\" \/><\/figure><\/div><div class=\"swiper-slide\" role=\"group\" aria-roledescription=\"slide\" aria-label=\"5 de 6\"><figure class=\"swiper-slide-inner\"><img decoding=\"async\" class=\"swiper-slide-image\" src=\"https:\/\/mundoanimalito.com\/wp-content\/uploads\/2024\/03\/71EPAyj57yL._AC_SL1500_.jpg\" alt=\"Arquivet Original Adult - Pienso para Perros Adultos - Pollo Y Arroz - Marr\u00f3n, 12 kg (Paquete de 1)\" \/><\/figure><\/div><div class=\"swiper-slide\" role=\"group\" aria-roledescription=\"slide\" aria-label=\"6 de 6\"><figure class=\"swiper-slide-inner\"><img decoding=\"async\" class=\"swiper-slide-image\" src=\"https:\/\/mundoanimalito.com\/wp-content\/uploads\/2024\/03\/81WVDUiKTzL._AC_SL1500_-768x768.jpg\" alt=\"Arquivet Original Adult - Pienso para Perros Adultos - Pollo Y Arroz - Marr\u00f3n, 12 kg (Paquete de 1)\" \/><\/figure><\/div>\t\t\t<\/div>\n\t\t\t\t\t\t\t\t\t\t\t\t<div class=\"elementor-swiper-button elementor-swiper-button-prev\" role=\"button\" tabindex=\"0\">\n\t\t\t\t\t\t<i aria-hidden=\"true\" class=\"eicon-chevron-left\"><\/i>\t\t\t\t\t<\/div>\n\t\t\t\t\t<div class=\"elementor-swiper-button elementor-swiper-button-next\" role=\"button\" tabindex=\"0\">\n\t\t\t\t\t\t<i aria-hidden=\"true\" class=\"eicon-chevron-right\"><\/i>\t\t\t\t\t<\/div>\n\t\t\t\t\n\t\t\t\t\t\t\t\t\t<div class=\"swiper-pagination\"><\/div>\n\t\t\t\t\t\t\t\t\t<\/div>\n\t\t\t\t\t\t<\/div>\n\t\t\t\t<\/div>\n\t\t\t\t\t<\/div>\n\t\t\t\t<\/div>\n\t\t<div class=\"elementor-element elementor-element-853820d e-flex e-con-boxed e-con e-parent\" data-id=\"853820d\" data-element_type=\"container\" data-e-type=\"container\">\n\t\t\t\t\t<div class=\"e-con-inner\">\n\t\t\t\t<div class=\"elementor-element elementor-element-ed064a8 elementor-align-right elementor-widget elementor-widget-button\" data-id=\"ed064a8\" data-element_type=\"widget\" data-e-type=\"widget\" data-widget_type=\"button.default\">\n\t\t\t\t<div class=\"elementor-widget-container\">\n\t\t\t\t\t\t\t\t\t<div class=\"elementor-button-wrapper\">\n\t\t\t\t\t<a class=\"elementor-button elementor-button-link elementor-size-sm\" href=\"https:\/\/amzn.to\/4abrYQZ\">\n\t\t\t\t\t\t<span class=\"elementor-button-content-wrapper\">\n\t\t\t\t\t\t\t\t\t<span class=\"elementor-button-text\">Compra ahora en Amazon <\/span>\n\t\t\t\t\t<\/span>\n\t\t\t\t\t<\/a>\n\t\t\t\t<\/div>\n\t\t\t\t\t\t\t\t<\/div>\n\t\t\t\t<\/div>\n\t\t\t\t\t<\/div>\n\t\t\t\t<\/div>\n\t\t\t\t<\/div>\n\t\t","protected":false},"excerpt":{"rendered":"<p>\u00a1Dale a tu perro el cuidado que se merece con Arquivet Original Adult &#8211; Pienso para Perros Adultos de Pollo y Arroz! 12 kg \ud83d\udc3e Ingredientes Naturales para una Nutrici\u00f3n de Calidad: Nuestro pienso premium est\u00e1 elaborado con ingredientes naturales de alta calidad, como el pollo y el arroz, para proporcionar a tu perro una [&hellip;]<\/p>\n","protected":false},"author":1,"featured_media":0,"parent":0,"menu_order":0,"comment_status":"closed","ping_status":"closed","template":"","meta":{"site-sidebar-layout":"no-sidebar","site-content-layout":"page-builder","ast-site-content-layout":"full-width-container","site-content-style":"default","site-sidebar-style":"default","ast-global-header-display":"","ast-banner-title-visibility":"","ast-main-header-display":"","ast-hfb-above-header-display":"","ast-hfb-below-header-display":"","ast-hfb-mobile-header-display":"","site-post-title":"disabled","ast-breadcrumbs-content":"","ast-featured-img":"disabled","footer-sml-layout":"","ast-disable-related-posts":"","theme-transparent-header-meta":"","adv-header-id-meta":"","stick-header-meta":"","header-above-stick-meta":"","header-main-stick-meta":"","header-below-stick-meta":"","astra-migrate-meta-layouts":"set","ast-page-background-enabled":"default","ast-page-background-meta":{"desktop":{"background-color":"var(--ast-global-color-4)","background-image":"","background-repeat":"repeat","background-position":"center center","background-size":"auto","background-attachment":"scroll","background-type":"","background-media":"","overlay-type":"","overlay-color":"","overlay-opacity":"","overlay-gradient":""},"tablet":{"background-color":"","background-image":"","background-repeat":"repeat","background-position":"center center","background-size":"auto","background-attachment":"scroll","background-type":"","background-media":"","overlay-type":"","overlay-color":"","overlay-opacity":"","overlay-gradient":""},"mobile":{"background-color":"","background-image":"","background-repeat":"repeat","background-position":"center center","background-size":"auto","background-attachment":"scroll","background-type":"","background-media":"","overlay-type":"","overlay-color":"","overlay-opacity":"","overlay-gradient":""}},"ast-content-background-meta":{"desktop":{"background-color":"var(--ast-global-color-5)","background-image":"","background-repeat":"repeat","background-position":"center center","background-size":"auto","background-attachment":"scroll","background-type":"","background-media":"","overlay-type":"","overlay-color":"","overlay-opacity":"","overlay-gradient":""},"tablet":{"background-color":"var(--ast-global-color-5)","background-image":"","background-repeat":"repeat","background-position":"center center","background-size":"auto","background-attachment":"scroll","background-type":"","background-media":"","overlay-type":"","overlay-color":"","overlay-opacity":"","overlay-gradient":""},"mobile":{"background-color":"var(--ast-global-color-5)","background-image":"","background-repeat":"repeat","background-position":"center center","background-size":"auto","background-attachment":"scroll","background-type":"","background-media":"","overlay-type":"","overlay-color":"","overlay-opacity":"","overlay-gradient":""}},"footnotes":""},"class_list":["post-14714","page","type-page","status-publish","hentry"],"yoast_head":"<!-- This site is optimized with the Yoast SEO plugin v27.4 - https:\/\/yoast.com\/product\/yoast-seo-wordpress\/ -->\n<title>Arquivet Original Adult - Pienso para Perros Adultos - Pollo Y Arroz | Mundo Animalito<\/title>\n<meta name=\"description\" content=\"\u00a1Dale a tu perro el cuidado que se merece con Arquivet Original Adult - Pienso para Perros Adultos de Pollo y Arroz! 12 kg\" \/>\n<meta name=\"robots\" content=\"index, follow, max-snippet:-1, max-image-preview:large, max-video-preview:-1\" \/>\n<link rel=\"canonical\" href=\"https:\/\/mundoanimalito.com\/index.php\/arquivet-original-adult\/\" \/>\n<meta property=\"og:locale\" content=\"es_ES\" \/>\n<meta property=\"og:type\" content=\"article\" \/>\n<meta property=\"og:title\" content=\"Arquivet Original Adult - Pienso para Perros Adultos - Pollo Y Arroz | Mundo Animalito\" \/>\n<meta property=\"og:description\" content=\"\u00a1Dale a tu perro el cuidado que se merece con Arquivet Original Adult - Pienso para Perros Adultos de Pollo y Arroz! 12 kg\" \/>\n<meta property=\"og:url\" content=\"https:\/\/mundoanimalito.com\/index.php\/arquivet-original-adult\/\" \/>\n<meta property=\"og:site_name\" content=\"Mundo Animalito\" \/>\n<meta property=\"article:publisher\" content=\"https:\/\/www.facebook.com\/mundoanimalito77\" \/>\n<meta property=\"article:modified_time\" content=\"2024-09-03T20:52:02+00:00\" \/>\n<meta property=\"og:image\" content=\"https:\/\/mundoanimalito.com\/wp-content\/uploads\/2024\/03\/71IlRxWLg6L._AC_SL1500_.jpg\" \/>\n<meta name=\"twitter:card\" content=\"summary_large_image\" \/>\n<meta name=\"twitter:label1\" content=\"Tiempo de lectura\" \/>\n\t<meta name=\"twitter:data1\" content=\"3 minutos\" \/>\n<script type=\"application\/ld+json\" class=\"yoast-schema-graph\">{\"@context\":\"https:\\\/\\\/schema.org\",\"@graph\":[{\"@type\":\"WebPage\",\"@id\":\"https:\\\/\\\/mundoanimalito.com\\\/index.php\\\/arquivet-original-adult\\\/\",\"url\":\"https:\\\/\\\/mundoanimalito.com\\\/index.php\\\/arquivet-original-adult\\\/\",\"name\":\"Arquivet Original Adult - Pienso para Perros Adultos - Pollo Y Arroz | Mundo Animalito\",\"isPartOf\":{\"@id\":\"https:\\\/\\\/mundoanimalito.com\\\/#website\"},\"primaryImageOfPage\":{\"@id\":\"https:\\\/\\\/mundoanimalito.com\\\/index.php\\\/arquivet-original-adult\\\/#primaryimage\"},\"image\":{\"@id\":\"https:\\\/\\\/mundoanimalito.com\\\/index.php\\\/arquivet-original-adult\\\/#primaryimage\"},\"thumbnailUrl\":\"https:\\\/\\\/mundoanimalito.com\\\/wp-content\\\/uploads\\\/2024\\\/03\\\/71IlRxWLg6L._AC_SL1500_.jpg\",\"datePublished\":\"2024-03-11T12:47:47+00:00\",\"dateModified\":\"2024-09-03T20:52:02+00:00\",\"description\":\"\u00a1Dale a tu perro el cuidado que se merece con Arquivet Original Adult - Pienso para Perros Adultos de Pollo y Arroz! 12 kg\",\"breadcrumb\":{\"@id\":\"https:\\\/\\\/mundoanimalito.com\\\/index.php\\\/arquivet-original-adult\\\/#breadcrumb\"},\"inLanguage\":\"es\",\"potentialAction\":[{\"@type\":\"ReadAction\",\"target\":[\"https:\\\/\\\/mundoanimalito.com\\\/index.php\\\/arquivet-original-adult\\\/\"]}]},{\"@type\":\"ImageObject\",\"inLanguage\":\"es\",\"@id\":\"https:\\\/\\\/mundoanimalito.com\\\/index.php\\\/arquivet-original-adult\\\/#primaryimage\",\"url\":\"https:\\\/\\\/mundoanimalito.com\\\/wp-content\\\/uploads\\\/2024\\\/03\\\/71IlRxWLg6L._AC_SL1500_.jpg\",\"contentUrl\":\"https:\\\/\\\/mundoanimalito.com\\\/wp-content\\\/uploads\\\/2024\\\/03\\\/71IlRxWLg6L._AC_SL1500_.jpg\",\"width\":666,\"height\":1393,\"caption\":\"Arquivet Original Adult - Pienso para Perros Adultos - Pollo Y Arroz - Marr\u00f3n, 12 kg\"},{\"@type\":\"BreadcrumbList\",\"@id\":\"https:\\\/\\\/mundoanimalito.com\\\/index.php\\\/arquivet-original-adult\\\/#breadcrumb\",\"itemListElement\":[{\"@type\":\"ListItem\",\"position\":1,\"name\":\"Portada\",\"item\":\"https:\\\/\\\/mundoanimalito.com\\\/\"},{\"@type\":\"ListItem\",\"position\":2,\"name\":\"Arquivet Original Adult\"}]},{\"@type\":\"WebSite\",\"@id\":\"https:\\\/\\\/mundoanimalito.com\\\/#website\",\"url\":\"https:\\\/\\\/mundoanimalito.com\\\/\",\"name\":\"Mundo Animalito\",\"description\":\"Datos y curiosidades de los animales, encuentra ac\u00e1 todo para tu mascota\",\"publisher\":{\"@id\":\"https:\\\/\\\/mundoanimalito.com\\\/#organization\"},\"potentialAction\":[{\"@type\":\"SearchAction\",\"target\":{\"@type\":\"EntryPoint\",\"urlTemplate\":\"https:\\\/\\\/mundoanimalito.com\\\/?s={search_term_string}\"},\"query-input\":{\"@type\":\"PropertyValueSpecification\",\"valueRequired\":true,\"valueName\":\"search_term_string\"}}],\"inLanguage\":\"es\"},{\"@type\":\"Organization\",\"@id\":\"https:\\\/\\\/mundoanimalito.com\\\/#organization\",\"name\":\"Mundo Animalito\",\"url\":\"https:\\\/\\\/mundoanimalito.com\\\/\",\"logo\":{\"@type\":\"ImageObject\",\"inLanguage\":\"es\",\"@id\":\"https:\\\/\\\/mundoanimalito.com\\\/#\\\/schema\\\/logo\\\/image\\\/\",\"url\":\"https:\\\/\\\/mundoanimalito.com\\\/wp-content\\\/uploads\\\/2023\\\/10\\\/cropped-cropped-LOGO-OFICIAL-ULTIMA-VERSION-1.jpg\",\"contentUrl\":\"https:\\\/\\\/mundoanimalito.com\\\/wp-content\\\/uploads\\\/2023\\\/10\\\/cropped-cropped-LOGO-OFICIAL-ULTIMA-VERSION-1.jpg\",\"width\":374,\"height\":425,\"caption\":\"Mundo Animalito\"},\"image\":{\"@id\":\"https:\\\/\\\/mundoanimalito.com\\\/#\\\/schema\\\/logo\\\/image\\\/\"},\"sameAs\":[\"https:\\\/\\\/www.facebook.com\\\/mundoanimalito77\",\"https:\\\/\\\/www.instagram.com\\\/mundoanimalito77\\\/\",\"https:\\\/\\\/www.tiktok.com\\\/@mundoanimalito77\",\"https:\\\/\\\/www.youtube.com\\\/channel\\\/UCLo2JhNUNtHVraDt5aHadew\"]}]}<\/script>\n<!-- \/ Yoast SEO plugin. -->","yoast_head_json":{"title":"Arquivet Original Adult - Pienso para Perros Adultos - Pollo Y Arroz | Mundo Animalito","description":"\u00a1Dale a tu perro el cuidado que se merece con Arquivet Original Adult - Pienso para Perros Adultos de Pollo y Arroz! 12 kg","robots":{"index":"index","follow":"follow","max-snippet":"max-snippet:-1","max-image-preview":"max-image-preview:large","max-video-preview":"max-video-preview:-1"},"canonical":"https:\/\/mundoanimalito.com\/index.php\/arquivet-original-adult\/","og_locale":"es_ES","og_type":"article","og_title":"Arquivet Original Adult - Pienso para Perros Adultos - Pollo Y Arroz | Mundo Animalito","og_description":"\u00a1Dale a tu perro el cuidado que se merece con Arquivet Original Adult - Pienso para Perros Adultos de Pollo y Arroz! 12 kg","og_url":"https:\/\/mundoanimalito.com\/index.php\/arquivet-original-adult\/","og_site_name":"Mundo Animalito","article_publisher":"https:\/\/www.facebook.com\/mundoanimalito77","article_modified_time":"2024-09-03T20:52:02+00:00","og_image":[{"url":"https:\/\/mundoanimalito.com\/wp-content\/uploads\/2024\/03\/71IlRxWLg6L._AC_SL1500_.jpg","type":"","width":"","height":""}],"twitter_card":"summary_large_image","twitter_misc":{"Tiempo de lectura":"3 minutos"},"schema":{"@context":"https:\/\/schema.org","@graph":[{"@type":"WebPage","@id":"https:\/\/mundoanimalito.com\/index.php\/arquivet-original-adult\/","url":"https:\/\/mundoanimalito.com\/index.php\/arquivet-original-adult\/","name":"Arquivet Original Adult - Pienso para Perros Adultos - Pollo Y Arroz | Mundo Animalito","isPartOf":{"@id":"https:\/\/mundoanimalito.com\/#website"},"primaryImageOfPage":{"@id":"https:\/\/mundoanimalito.com\/index.php\/arquivet-original-adult\/#primaryimage"},"image":{"@id":"https:\/\/mundoanimalito.com\/index.php\/arquivet-original-adult\/#primaryimage"},"thumbnailUrl":"https:\/\/mundoanimalito.com\/wp-content\/uploads\/2024\/03\/71IlRxWLg6L._AC_SL1500_.jpg","datePublished":"2024-03-11T12:47:47+00:00","dateModified":"2024-09-03T20:52:02+00:00","description":"\u00a1Dale a tu perro el cuidado que se merece con Arquivet Original Adult - Pienso para Perros Adultos de Pollo y Arroz! 12 kg","breadcrumb":{"@id":"https:\/\/mundoanimalito.com\/index.php\/arquivet-original-adult\/#breadcrumb"},"inLanguage":"es","potentialAction":[{"@type":"ReadAction","target":["https:\/\/mundoanimalito.com\/index.php\/arquivet-original-adult\/"]}]},{"@type":"ImageObject","inLanguage":"es","@id":"https:\/\/mundoanimalito.com\/index.php\/arquivet-original-adult\/#primaryimage","url":"https:\/\/mundoanimalito.com\/wp-content\/uploads\/2024\/03\/71IlRxWLg6L._AC_SL1500_.jpg","contentUrl":"https:\/\/mundoanimalito.com\/wp-content\/uploads\/2024\/03\/71IlRxWLg6L._AC_SL1500_.jpg","width":666,"height":1393,"caption":"Arquivet Original Adult - Pienso para Perros Adultos - Pollo Y Arroz - Marr\u00f3n, 12 kg"},{"@type":"BreadcrumbList","@id":"https:\/\/mundoanimalito.com\/index.php\/arquivet-original-adult\/#breadcrumb","itemListElement":[{"@type":"ListItem","position":1,"name":"Portada","item":"https:\/\/mundoanimalito.com\/"},{"@type":"ListItem","position":2,"name":"Arquivet Original Adult"}]},{"@type":"WebSite","@id":"https:\/\/mundoanimalito.com\/#website","url":"https:\/\/mundoanimalito.com\/","name":"Mundo Animalito","description":"Datos y curiosidades de los animales, encuentra ac\u00e1 todo para tu mascota","publisher":{"@id":"https:\/\/mundoanimalito.com\/#organization"},"potentialAction":[{"@type":"SearchAction","target":{"@type":"EntryPoint","urlTemplate":"https:\/\/mundoanimalito.com\/?s={search_term_string}"},"query-input":{"@type":"PropertyValueSpecification","valueRequired":true,"valueName":"search_term_string"}}],"inLanguage":"es"},{"@type":"Organization","@id":"https:\/\/mundoanimalito.com\/#organization","name":"Mundo Animalito","url":"https:\/\/mundoanimalito.com\/","logo":{"@type":"ImageObject","inLanguage":"es","@id":"https:\/\/mundoanimalito.com\/#\/schema\/logo\/image\/","url":"https:\/\/mundoanimalito.com\/wp-content\/uploads\/2023\/10\/cropped-cropped-LOGO-OFICIAL-ULTIMA-VERSION-1.jpg","contentUrl":"https:\/\/mundoanimalito.com\/wp-content\/uploads\/2023\/10\/cropped-cropped-LOGO-OFICIAL-ULTIMA-VERSION-1.jpg","width":374,"height":425,"caption":"Mundo Animalito"},"image":{"@id":"https:\/\/mundoanimalito.com\/#\/schema\/logo\/image\/"},"sameAs":["https:\/\/www.facebook.com\/mundoanimalito77","https:\/\/www.instagram.com\/mundoanimalito77\/","https:\/\/www.tiktok.com\/@mundoanimalito77","https:\/\/www.youtube.com\/channel\/UCLo2JhNUNtHVraDt5aHadew"]}]}},"_links":{"self":[{"href":"https:\/\/mundoanimalito.com\/index.php\/wp-json\/wp\/v2\/pages\/14714","targetHints":{"allow":["GET"]}}],"collection":[{"href":"https:\/\/mundoanimalito.com\/index.php\/wp-json\/wp\/v2\/pages"}],"about":[{"href":"https:\/\/mundoanimalito.com\/index.php\/wp-json\/wp\/v2\/types\/page"}],"author":[{"embeddable":true,"href":"https:\/\/mundoanimalito.com\/index.php\/wp-json\/wp\/v2\/users\/1"}],"replies":[{"embeddable":true,"href":"https:\/\/mundoanimalito.com\/index.php\/wp-json\/wp\/v2\/comments?post=14714"}],"version-history":[{"count":0,"href":"https:\/\/mundoanimalito.com\/index.php\/wp-json\/wp\/v2\/pages\/14714\/revisions"}],"wp:attachment":[{"href":"https:\/\/mundoanimalito.com\/index.php\/wp-json\/wp\/v2\/media?parent=14714"}],"curies":[{"name":"wp","href":"https:\/\/api.w.org\/{rel}","templated":true}]}}